{"id":41474,"date":"2020-10-24T20:36:32","date_gmt":"2020-10-24T20:36:32","guid":{"rendered":"https:\/\/cryomed.pro\/equipment\/uncategorized\/non-pressurized-dewar-tanks\/"},"modified":"2024-08-14T17:29:43","modified_gmt":"2024-08-14T17:29:43","slug":"beztlakove-dewarove-nadrze","status":"publish","type":"product","link":"https:\/\/cryomed.pro\/sk\/equipment\/cryogenic-tanks\/beztlakove-dewarove-nadrze\/","title":{"rendered":"Beztlakov\u00e9 Dewarove n\u00e1dr\u017ee"},"content":{"rendered":"\n<div class=\"hero hero-product-promo\">\n\t<div class=\"container\">\n\t\t<div class=\"hero-head\">\n\t\t\t\t\t\t\t<h1 class=\"hero-title\">Beztlakov\u00e9 Dewarove<br> n\u00e1dr\u017ee<\/h1>\t\t\t\n\t\t\t\n\t\t\t\t\t<\/div>\n\t<\/div>\n\n\t<figure class=\"hero-media\" >\n\t\t<div class=\"px-4 flex justify-center\">\n<!--\t\t\t<img decoding=\"async\" src=\"--><!--\" title=\"--><!--\" alt=\"--><!--\">-->\n\t\t\t<img decoding=\"async\" src=\"https:\/\/cryomed.pro\/wp-content\/themes\/cryomed\/inc\/shortcodes\/products\/dewar-vessels\/assets\/img-hero.png\" title=\"\" alt=\" - photo\">\n\t\t<\/div>\n\t<\/figure>\n\n\t\t\t<div class=\"container\">\n\t\t\t<div class=\"hero-body\">\n\t\t\t\t\n\t\t<h2>\u010co je Dewarova n\u00e1dr\u017e?<\/h2>\n\t\t<p>Dewarove n\u00e1dr\u017ee s\u00fa \u0161pecializovan\u00e9 typy v\u00e1kuov\u00fdch flia\u0161 ur\u010den\u00fdch na prepravu a skladovanie kvapaln\u00e9ho dus\u00edka, arg\u00f3nu a kysl\u00edka. Dewarove n\u00e1dr\u017ee s\u00fa zn\u00e1me aj ako &quot;kryog\u00e9nne Dewarove sudy&quot; alebo &quot;sudy na kvapaln\u00fd dus\u00edk&quot;. Ich kon\u0161trukcia a tepeln\u00e1 izol\u00e1cia zabezpe\u010duj\u00fa dostato\u010dne n\u00edzku teplotu vo vn\u00fatri, aby sa zabr\u00e1nilo nadmern\u00fdm strat\u00e1m kryog\u00e9nnych kvapal\u00edn vr\u00e1tane kvapaln\u00e9ho dus\u00edka.<\/p>\n\t\t<p>Dewarov\u00e9 n\u00e1dr\u017ee na kvapaln\u00fd dus\u00edk pon\u00fakaj\u00fa vysoko \u00fa\u010dinn\u00e9 skladovanie kryog\u00e9nnych kvapal\u00edn v kombin\u00e1cii s n\u00edzkou hmotnos\u0165ou a n\u00edzkymi n\u00e1rokmi na priestor. S\u00fa vhodn\u00e9 na pou\u017eitie v k\u00fape\u013en\u00fdch a kozmetick\u00fdch centr\u00e1ch, zdravotn\u00edckych zariadeniach a v\u00fdskumn\u00fdch laborat\u00f3ri\u00e1ch.<\/p>\n\t\t<p>Spolo\u010dnos\u0165 Cryomed pon\u00faka Dewarove banky na kvapaln\u00fd dus\u00edk s objemom 10, 35 a 50 litrov.<\/p>\n\n\t\t\t\t\t<\/div>\n\t\t<\/div>\n\t<\/div>\n\n\n<section x-data=\"{ ...dataSectionScrollBenefits() }\" x-init=\"init\" class=\"section section-scroll-benefits alignfull\">\n    <div class=\"container\">\n\t\t\t\t\t<header class=\"section__header\">\n\t\t\t\t<h2 class=\"section__title\" x-ref=\"title\">Vlastnosti Dewarov\u00fdch n\u00e1dr\u017e\u00ed<\/h2>\n\t\t\t<\/header>\n\t\t\n\t\t<div class=\"section-scroll-benefits__row\">\n\t\t\t\t\t\t\t<div class=\"section-scroll-benefits__col section-scroll-benefits__col-1\">\n\t\t\t\t\t<div class=\"section-scroll-benefits__stick\" x-ref=\"stick\">\n\t\t\t\t\t\t<img decoding=\"async\" class=\"section-scroll-benefits__image\" data-no-lazy=\"1\" src=\"https:\/\/cryomed.pro\/wp-content\/themes\/cryomed\/inc\/shortcodes\/products\/dewar-vessels\/assets\/benefits.png\" alt=\"Vlastnosti Dewarov\u00fdch n\u00e1dr\u017e\u00ed\">\n\t\t\t\t\t<\/div>\n\t\t\t\t<\/div>\n\t\t\t\n\t\t\t\t\t\t\t<div class=\"section-scroll-benefits__col section-scroll-benefits__col-2\">\n\t\t\t\t\t<ul class=\"section-scroll-benefits__list\" x-ref=\"items\">\n\t\t\t\t\t\t\t\t\t\t\t\t\t<li class=\"section-scroll-benefits__list-item\" data-node=\"item\">\n\t\t\t\t\t\t\t\t\n\t<div class=\"card\">\n\t\t\t\t\t<figure class=\"card__media\">\n\t\t\t\t<img decoding=\"async\" class=\"card__media-image\" src=\"https:\/\/cryomed.pro\/wp-content\/themes\/cryomed\/inc\/shortcodes\/products\/dewar-vessels\/assets\/benefits-settings.svg\" alt=\"N\u00edzka miera odparovania\">\n\t\t\t<\/figure>\n\t\t\n\t\t<div class=\"card__body\">\n\n\t\t\t<div class=\"card__title text-navy\">N\u00edzka miera odparovania<\/div>\n\t\t<\/div>\n\t<\/div>\n\n\t\t\t\t\t\t\t\t<\/li>\n\t\t\t\t\t\t\t\t\t\t\t\t\t<li class=\"section-scroll-benefits__list-item\" data-node=\"item\">\n\t\t\t\t\t\t\t\t\n\t<div class=\"card\">\n\t\t\t\t\t<figure class=\"card__media\">\n\t\t\t\t<img decoding=\"async\" class=\"card__media-image\" src=\"https:\/\/cryomed.pro\/wp-content\/themes\/cryomed\/inc\/shortcodes\/products\/dewar-vessels\/assets\/benefits-expand_2.svg\" alt=\"N\u00edzka hmotnos\u0165 pr\u00e1zdnej n\u00e1dr\u017ee\">\n\t\t\t<\/figure>\n\t\t\n\t\t<div class=\"card__body\">\n\n\t\t\t<div class=\"card__title text-navy\">N\u00edzka hmotnos\u0165 pr\u00e1zdnej n\u00e1dr\u017ee<\/div>\n\t\t<\/div>\n\t<\/div>\n\n\t\t\t\t\t\t\t\t<\/li>\n\t\t\t\t\t\t\t\t\t\t\t\t\t<li class=\"section-scroll-benefits__list-item\" data-node=\"item\">\n\t\t\t\t\t\t\t\t\n\t<div class=\"card\">\n\t\t\t\t\t<figure class=\"card__media\">\n\t\t\t\t<img decoding=\"async\" class=\"card__media-image\" src=\"https:\/\/cryomed.pro\/wp-content\/themes\/cryomed\/inc\/shortcodes\/products\/dewar-vessels\/assets\/benefits-thermometer_cold.svg\" alt=\"Pokro\u010dil\u00e9 v\u00e1kuov\u00e9 a izola\u010dn\u00e9 technol\u00f3gie\">\n\t\t\t<\/figure>\n\t\t\n\t\t<div class=\"card__body\">\n\n\t\t\t<div class=\"card__title text-navy\">Pokro\u010dil\u00e9 v\u00e1kuov\u00e9 a izola\u010dn\u00e9 technol\u00f3gie<\/div>\n\t\t<\/div>\n\t<\/div>\n\n\t\t\t\t\t\t\t\t<\/li>\n\t\t\t\t\t\t\t\t\t\t\t\t\t<li class=\"section-scroll-benefits__list-item\" data-node=\"item\">\n\t\t\t\t\t\t\t\t\n\t<div class=\"card\">\n\t\t\t\t\t<figure class=\"card__media\">\n\t\t\t\t<img decoding=\"async\" class=\"card__media-image\" src=\"https:\/\/cryomed.pro\/wp-content\/themes\/cryomed\/inc\/shortcodes\/products\/dewar-vessels\/assets\/benefits-nitrogen.svg\" alt=\"Skladovac\u00ed objem od 10&nbsp;litrov do 50&nbsp;litrov\">\n\t\t\t<\/figure>\n\t\t\n\t\t<div class=\"card__body\">\n\n\t\t\t<div class=\"card__title text-navy\">Skladovac\u00ed objem od 10&nbsp;litrov do 50&nbsp;litrov<\/div>\n\t\t<\/div>\n\t<\/div>\n\n\t\t\t\t\t\t\t\t<\/li>\n\t\t\t\t\t\t\t\t\t\t\t\t\t<li class=\"section-scroll-benefits__list-item\" data-node=\"item\">\n\t\t\t\t\t\t\t\t\n\t<div class=\"card\">\n\t\t\t\t\t<figure class=\"card__media\">\n\t\t\t\t<img decoding=\"async\" class=\"card__media-image\" src=\"https:\/\/cryomed.pro\/wp-content\/themes\/cryomed\/inc\/shortcodes\/products\/dewar-vessels\/assets\/benefits-rocket_launch.svg\" alt=\"Predpokladan\u00e1 \u017eivotnos\u0165 - 8 rokov pri spr\u00e1vnom manipulovan\u00ed\">\n\t\t\t<\/figure>\n\t\t\n\t\t<div class=\"card__body\">\n\n\t\t\t<div class=\"card__title text-navy\">Predpokladan\u00e1 \u017eivotnos\u0165 - 8 rokov pri spr\u00e1vnom manipulovan\u00ed<\/div>\n\t\t<\/div>\n\t<\/div>\n\n\t\t\t\t\t\t\t\t<\/li>\n\t\t\t\t\t\t\t\t\t\t\t<\/ul>\n\t\t\t\t<\/div>\n\t\t\t\t\t<\/div>\n    <\/div>\n<\/section>\n\n\n<section class=\"section section-tech-specs\">\n\t<div class=\"container\">\n\t\t<div class=\"section__header text-center\">\n\t\t\t<h2 class=\"section__title\">Technick\u00e9 charakteristiky <br>Dewarov\u00fdch n\u00e1dr\u017e\u00ed<\/h2>\n\t\t<\/div>\n\n\t\t<div class=\"section__body\">\n\t\t\t<div class=\"scrolling\">\n\t\t\t\t<div class=\"scrolling-item flex-1\">\n\t\t\t\t\t<table class=\"section-table\">\n\t\t\t\t\t\t<tbody>\n\t\t\t\t\t\t\t<tr>\n\t\t\t\t\t\t\t\t<th>Kapacita <br>(L)<\/th>\n\t\t\t\t\t\t\t\t<td>10<\/td>\n\t\t\t\t\t\t\t\t<td>35<\/td>\n\t\t\t\t\t\t\t\t<td>50<\/td>\n\t\t\t\t\t\t\t<\/tr>\n\t\t\t\t\t\t\t<tr>\n\t\t\t\t\t\t\t\t<th>Priemer hrdla <br>(mm)<\/th>\n\t\t\t\t\t\t\t\t<td>50<\/td>\n\t\t\t\t\t\t\t\t<td>50<\/td>\n\t\t\t\t\t\t\t\t<td>50<\/td>\n\t\t\t\t\t\t\t<\/tr>\n\t\t\t\t\t\t\t<tr>\n\t\t\t\t\t\t\t\t<th>Priemer n\u00e1dr\u017ee <br>(mm)<\/th>\n\t\t\t\t\t\t\t\t<td>305<\/td>\n\t\t\t\t\t\t\t\t<td>455<\/td>\n\t\t\t\t\t\t\t\t<td>495<\/td>\n\t\t\t\t\t\t\t<\/tr>\n\t\t\t\t\t\t\t<tr>\n\t\t\t\t\t\t\t\t<th>Celkov\u00e1 v\u00fd\u0161ka <br>(mm)<\/th>\n\t\t\t\t\t\t\t\t<td>530<\/td>\n\t\t\t\t\t\t\t\t<td>720<\/td>\n\t\t\t\t\t\t\t\t<td>855<\/td>\n\t\t\t\t\t\t\t<\/tr>\n\t\t\t\t\t\t\t<tr>\n\t\t\t\t\t\t\t\t<th>Hmotnos\u0165 pr\u00e1zdnej n\u00e1doby <br>(kg)<\/th>\n\t\t\t\t\t\t\t\t<td>5.4<\/td>\n\t\t\t\t\t\t\t\t<td>17<\/td>\n\t\t\t\t\t\t\t\t<td>19.5<\/td>\n\t\t\t\t\t\t\t<\/tr>\n\t\t\t\t\t\t\t<tr>\n\t\t\t\t\t\t\t\t<th>Hmotnos\u0165 pri naplnen\u00ed <br>(kg dus\u00edk)<\/th>\n\t\t\t\t\t\t\t\t<td>13.4<\/td>\n\t\t\t\t\t\t\t\t<td>45<\/td>\n\t\t\t\t\t\t\t\t<td>59.5<\/td>\n\t\t\t\t\t\t\t<\/tr>\n\t\t\t\t\t\t\t<tr>\n                                <th>Denn\u00e1 strata v %, Dus\u00edk<\/th>\n                                <td>0.088<\/td>\n\t\t\t\t\t\t\t\t<td>0.09<\/td>\n\t\t\t\t\t\t\t\t<td>0.2<\/td>\n\t\t\t\t\t\t\t<\/tr>\n\t\t\t\t\t\t<\/tbody>\n\t\t\t\t\t<\/table>\n\t\t\t\t<\/div>\n\t\t\t<\/div>\n\t\t<\/div>\n\t\t<div class=\"text-center mt-10 lg:mt-16 text-promo\">\n\t\t\t<p>Dodr\u017eiavajte pokyny na zaobch\u00e1dzanie s kryog\u00e9nnym zariaden\u00edm uveden\u00e9 v n\u00e1vode na pou\u017eitie, aby nedo\u0161lo k po\u0161kodeniu kryog\u00e9nnych n\u00e1dr\u017e\u00ed.  <br> <\/p>\n\t\t<\/div>\n\t<\/div>\n<\/section>\n\n\n<section class=\"section section-media-text section-media-text-2\">\n\t<div class=\"container grid gap-10 lg:grid-cols-2 xl:gap-20\">\n\t\t<div class=\"col-span-2 lg:col-span-1\">\n\t\t\t<div class=\"section-media-text-media\">\n\t\t\t\t<img decoding=\"async\" src=\"https:\/\/cryomed.pro\/wp-content\/themes\/cryomed\/inc\/shortcodes\/products\/dewar-vessels\/assets\/img-1.jpg\" alt=\"Beztlakov\u00e9 Dewarove n\u00e1dr\u017ee\">\n\t\t\t<\/div>\n\t\t<\/div>\n\n\t\t<div class=\"col-span-2 lg:col-span-1\">\n\t\t\t<h2 class=\"section-media-text-title\">Kryog\u00e9nne skladovanie v kryoterapii<\/h2>\n\t\t\t<div class=\"section-media-text-text\">\n\t\t\t\t<p>Dewarove n\u00e1dr\u017ee v kryoterapii sa pou\u017e\u00edvaj\u00fa predov\u0161etk\u00fdm na dod\u00e1vanie dus\u00edka do kryog\u00e9nnych zariaden\u00ed po\u010das ich prev\u00e1dzky. Ich \u010fal\u0161ou funkciou je preprava a skladovanie kvapaln\u00e9ho dus\u00edka s maxim\u00e1lnou bezpe\u010dnos\u0165ou a \u00fa\u010dinnos\u0165ou.<\/p>\n\t\t\t\t<p>Dewarov\u00e9 n\u00e1dr\u017ee, ktor\u00e9 pon\u00fakame, s\u00fa kompatibiln\u00e9 s celotelov\u00fdmi a lok\u00e1lnymi kryogenick\u00fdmi zariadeniami spolo\u010dnosti Cryomed:<\/p>\n\t\t\t\t<ul class=\"section-media-text-list\">\n\t\t\t\t\t<li>Dewarove n\u00e1dr\u017ee s objemom 35 litrov sa dod\u00e1vaj\u00fa v s\u00faprave s Dewarov\u00fdmi kryosaunami a lok\u00e1lnymi kryogenick\u00fdmi zariadeniami;<\/li>\n\t\t\t\t\t<li>50-litrov\u00e9 n\u00e1dr\u017ee s\u00fa volite\u013ene k dispoz\u00edcii s kryosaunami a zariaden\u00edm CRYOFAN CF-04;<\/li>\n\t\t\t\t\t<li>10-litrov\u00e9 Dewarov\u00e9 n\u00e1dr\u017ee s\u00fa volite\u013en\u00e9 pre CRYOFAN CF-04.<\/li>\n\t\t\t\t<\/ul>\n\t\t\t\t<p>Nev\u00e1hajte kontaktova\u0165 na\u0161e obchodn\u00e9 oddelenie, ktor\u00e9 v\u00e1m poskytne inform\u00e1cie o cen\u00e1ch Dewarov\u00fdch n\u00e1dr\u017e\u00ed.<\/p>\n\t\t\t<\/div>\n\t\t<\/div>\n\t<\/div>\n<\/section>\n\n\n<aside class=\"section section-cta\">\n\t<div class=\"xl:container\">\n\t\t<div class=\"card\">\n\n\t\t\t\n<div class=\"cp-glass cp-glass--primary\">\n\n\t<img loading=\"lazy\" decoding=\"async\" width=\"1920\" height=\"1280\" class=\"js-parallax\" src=\"https:\/\/cryomed.pro\/wp-content\/themes\/cryomed\/resources\/img\/1920x1280\/1.jpg\" alt=\"Beztlakov\u00e9 Dewarove n\u00e1dr\u017ee - photo\" title=\"Beztlakov\u00e9 Dewarove n\u00e1dr\u017ee\" \/>\n\t\t\t<div class=\"cp-glass-backdrop\"><\/div>\n\t<\/div>\n\n\t\t\t<div class=\"card__body\">\n\t\t\t\t<p class=\"card__title\">Nakupujte u l\u00eddra v odvetv\u00ed s najv\u00e4\u010d\u0161\u00edm po\u010dtom predan\u00fdch kryoterapeutick\u00fdch zariaden\u00ed na celom svete<\/p>\n\t\t\t\t<div class=\"flex flex-col flex-wrap items-center justify-center space-y-6 md:flex-row md:space-y-0 md:space-x-6 mt-10\">\n\n\t\t\t\t\t\n\t<button class=\"btn btn--large btn--white w-full md:w-auto\"\n\t\tdata-toggle=\"modal\"\n\t\tdata-type=\"contact-us\"\n\t\tdata-find=\"#modal-pills-price-tab\"\n\t\t>\n\n\t\tPo\u017eiada\u0165 o cenov\u00fa ponuku\t<\/button>\n\n\t\n\t<button class=\"btn btn--large btn--white w-full md:w-auto\"\n\t\tdata-toggle=\"modal\"\n\t\tdata-type=\"contact-us\"\n\t\tdata-find=\"#modal-pills-distributor-tab\"\n\t\t>\n\n\t\t Sta\u0148te sa distrib\u00fatorom \t<\/button>\n\n\t\n\t\t\t\t<\/div>\n\t\t\t<\/div>\n\t\t<\/div>\n\t<\/div>\n<\/aside>\n\n\n\n<section class=\"section section-equipment\">\n    <div class=\"container\">\n        <header class=\"section__header\">\n            <h2 class=\"section__title\">\u010eal\u0161ie zariadenia na kryoterapiu<\/h2>\n        <\/header>\n    <\/div>\n\n    <div x-data=\"dataTablist(1)\" x-init=\"init\" class=\"tabs tablist tablist--white\" role=\"tablist\">\n        <div class=\"container\">\n            <div x-cloak class=\"tablist__navs\" x-ref=\"navs\">\n                <button role=\"tab\" class=\"tablist__navs-item\" :class=\"isActiveClass(1)\" @click=\"setActive(1)\">Nov\u00e9<\/button>\n                <button role=\"tab\" class=\"tablist__navs-item\" :class=\"isActiveClass(2)\" @click=\"setActive(2)\">Skladov\u00e9<\/button>\n                <button role=\"tab\" class=\"tablist__navs-item\" :class=\"isActiveClass(3)\" @click=\"setActive(3)\">Pou\u017eit\u00e9<\/button>\n            <\/div>\n        <\/div>\n\n        <div class=\"tablist__tabs\" x-ref=\"tabs\">\n\t\t\t<div role=\"tabpanel\" class=\"tablist__tabs-item\"\n\t\t        x-show=\"isActive(1)\"\n\t\t        x-transition:enter=\"transition duration-500 ease-in-out\"\n\t\t        x-transition:enter-start=\"opacity-50\"\n\t\t        x-transition:enter-end=\"opacity-100\"\n\t\t        >\n\n\t\t\t    <div class=\"container\">\n\n\t\t\t        \n\n\t\t\t        \t\t\t            <div class=\"scrolling-v2\">\n\t\t\t\t\t\t\t\n\t\t\t\t\t\t\t\t<div class=\"scrolling-v2__item flex flex-col\">\n\t\t\t\t\t\t\t\t\t<article class=\"card relative text-center flex-1 flex flex-col\">\n\t\t\t\t\t\t\t\t\t\t<div class=\"card__media\">\n\t\t\t\t\t\t\t\t\t\t\t<img loading=\"lazy\" decoding=\"async\" width=\"440\" height=\"650\" src=\"https:\/\/cryomed.pro\/wp-content\/uploads\/2021\/04\/cryosauna.png\" class=\"attachment-full size-full\" alt=\"\" srcset=\"https:\/\/cryomed.pro\/wp-content\/uploads\/2021\/04\/cryosauna.png 440w, https:\/\/cryomed.pro\/wp-content\/uploads\/2021\/04\/cryosauna-203x300.png 203w\" sizes=\"auto, (max-width: 440px) 100vw, 440px\" \/>\t\t\t\t\t\t\t\t\t\t<\/div>\n\n\t\t\t\t\t\t\t\t\t\t<div class=\"card__body\">\n\t\t\t\t\t\t\t\t\t\t\t<div class=\"card__title text-navy font-light\">Celotelov\u00e1 kryoterapia<\/div>\n\t\t\t\t\t\t\t\t\t\t\t<a href=\"https:\/\/cryomed.pro\/equipment\/cryosaunas\/\" class=\"btn btn--blue mt-auto link-stretched\">\u010eal\u0161ie inform\u00e1cie<\/a>\n\t\t\t\t\t\t\t\t\t\t<\/div>\n\t\t\t\t\t\t\t\t\t<\/article>\n\t\t\t\t\t\t\t\t<\/div>\n\n\t\t\t\t\t\t\t\n\t\t\t\t\t\t\t\t<div class=\"scrolling-v2__item flex flex-col\">\n\t\t\t\t\t\t\t\t\t<article class=\"card relative text-center flex-1 flex flex-col\">\n\t\t\t\t\t\t\t\t\t\t<div class=\"card__media\">\n\t\t\t\t\t\t\t\t\t\t\t<img loading=\"lazy\" decoding=\"async\" width=\"440\" height=\"650\" src=\"https:\/\/cryomed.pro\/wp-content\/uploads\/2021\/04\/cryofan.png\" class=\"attachment-full size-full\" alt=\"\" srcset=\"https:\/\/cryomed.pro\/wp-content\/uploads\/2021\/04\/cryofan.png 440w, https:\/\/cryomed.pro\/wp-content\/uploads\/2021\/04\/cryofan-203x300.png 203w\" sizes=\"auto, (max-width: 440px) 100vw, 440px\" \/>\t\t\t\t\t\t\t\t\t\t<\/div>\n\n\t\t\t\t\t\t\t\t\t\t<div class=\"card__body\">\n\t\t\t\t\t\t\t\t\t\t\t<div class=\"card__title text-navy font-light\">Loc\u00e1lna kryoterapia<\/div>\n\t\t\t\t\t\t\t\t\t\t\t<a href=\"https:\/\/cryomed.pro\/equipment\/cryofans\/\" class=\"btn btn--blue mt-auto link-stretched\">\u010eal\u0161ie inform\u00e1cie<\/a>\n\t\t\t\t\t\t\t\t\t\t<\/div>\n\t\t\t\t\t\t\t\t\t<\/article>\n\t\t\t\t\t\t\t\t<\/div>\n\n\t\t\t\t\t\t\t\n\t\t\t\t\t\t\t\t<div class=\"scrolling-v2__item flex flex-col\">\n\t\t\t\t\t\t\t\t\t<article class=\"card relative text-center flex-1 flex flex-col\">\n\t\t\t\t\t\t\t\t\t\t<div class=\"card__media\">\n\t\t\t\t\t\t\t\t\t\t\t<img loading=\"lazy\" decoding=\"async\" width=\"620\" height=\"650\" src=\"https:\/\/cryomed.pro\/wp-content\/uploads\/2021\/09\/mobile.png\" class=\"attachment-full size-full\" alt=\"\" srcset=\"https:\/\/cryomed.pro\/wp-content\/uploads\/2021\/09\/mobile.png 620w, https:\/\/cryomed.pro\/wp-content\/uploads\/2021\/09\/mobile-286x300.png 286w\" sizes=\"auto, (max-width: 620px) 100vw, 620px\" \/>\t\t\t\t\t\t\t\t\t\t<\/div>\n\n\t\t\t\t\t\t\t\t\t\t<div class=\"card__body\">\n\t\t\t\t\t\t\t\t\t\t\t<div class=\"card__title text-navy font-light\">Mobiln\u00e1 kryosauna<\/div>\n\t\t\t\t\t\t\t\t\t\t\t<a href=\"https:\/\/cryomed.pro\/equipment\/mobile\/\" class=\"btn btn--blue mt-auto link-stretched\">\u010eal\u0161ie inform\u00e1cie<\/a>\n\t\t\t\t\t\t\t\t\t\t<\/div>\n\t\t\t\t\t\t\t\t\t<\/article>\n\t\t\t\t\t\t\t\t<\/div>\n\n\t\t\t\t\t\t\t\t\t\t            <\/div>\n\t\t\t        \n\t\t        <\/div>\n\t\t    <\/div>\n            <div role=\"tabpanel\" class=\"tablist__tabs-item\"\n            x-show=\"isActive(2)\"\n            x-transition:enter=\"transition duration-500 ease-in-out\"\n            x-transition:enter-start=\"opacity-50\"\n            x-transition:enter-end=\"opacity-100\"\n            >\n\n            <div class=\"container\">\n\n                <div class=\"scrolling-v2\">\n                    <div class=\"scrolling-v2__item flex flex-col\">\n                        <article class=\"card relative text-center flex-1 flex flex-col\">\n                            <div class=\"card__media\">\n                                <img loading=\"lazy\" decoding=\"async\" width=\"340\" height=\"340\" src=\"https:\/\/cryomed.pro\/wp-content\/uploads\/2021\/12\/MINI_GB-340x340.jpg\" class=\"attachment-340x340 size-340x340 wp-post-image\" alt=\"\" srcset=\"https:\/\/cryomed.pro\/wp-content\/uploads\/2021\/12\/MINI_GB-340x340.jpg 340w, https:\/\/cryomed.pro\/wp-content\/uploads\/2021\/12\/MINI_GB-300x300.jpg 300w, https:\/\/cryomed.pro\/wp-content\/uploads\/2021\/12\/MINI_GB-150x150.jpg 150w, https:\/\/cryomed.pro\/wp-content\/uploads\/2021\/12\/MINI_GB-768x768.jpg 768w, https:\/\/cryomed.pro\/wp-content\/uploads\/2021\/12\/MINI_GB-100x100.jpg 100w, https:\/\/cryomed.pro\/wp-content\/uploads\/2021\/12\/MINI_GB-160x160.jpg 160w, https:\/\/cryomed.pro\/wp-content\/uploads\/2021\/12\/MINI_GB-900x900.jpg 900w, https:\/\/cryomed.pro\/wp-content\/uploads\/2021\/12\/MINI_GB.jpg 1000w\" sizes=\"auto, (max-width: 340px) 100vw, 340px\" \/>                            <\/div>\n\n                            <div class=\"card__body\">\n                                <div class=\"card__title text-navy font-light\">Cryomed Mini (skladom)<\/div>\n                                <a href=\"https:\/\/cryomed.pro\/sk\/equipment\/kryosauny\/cryomed-mini-skladom\/\" class=\"btn btn--blue mt-auto link-stretched\">\u010eal\u0161ie inform\u00e1cie<\/a>\n                            <\/div>\n                        <\/article>\n                    <\/div>\n\n\n                    <\/div>\n                <\/div>\n            <\/div>\n            <div role=\"tabpanel\" class=\"tablist__tabs-item\"\n            x-show=\"isActive(3)\"\n            x-transition:enter=\"transition duration-500 ease-in-out\"\n            x-transition:enter-start=\"opacity-50\"\n            x-transition:enter-end=\"opacity-100\"\n            >\n\n            <div class=\"container\">\n\n                <div class=\"scrolling-v2\">\n                    <div class=\"scrolling-v2__item flex flex-col\">\n                        <article class=\"card relative text-center flex-1 flex flex-col\">\n                            <div class=\"card__media\">\n                                <img loading=\"lazy\" decoding=\"async\" width=\"340\" height=\"340\" src=\"https:\/\/cryomed.pro\/wp-content\/uploads\/2023\/11\/y56yr-340x340.jpg\" class=\"attachment-340x340 size-340x340 wp-post-image\" alt=\"\" srcset=\"https:\/\/cryomed.pro\/wp-content\/uploads\/2023\/11\/y56yr-340x340.jpg 340w, https:\/\/cryomed.pro\/wp-content\/uploads\/2023\/11\/y56yr-150x150.jpg 150w, https:\/\/cryomed.pro\/wp-content\/uploads\/2023\/11\/y56yr-100x100.jpg 100w, https:\/\/cryomed.pro\/wp-content\/uploads\/2023\/11\/y56yr-160x160.jpg 160w\" sizes=\"auto, (max-width: 340px) 100vw, 340px\" \/>                            <\/div>\n\n                            <div class=\"card__body\">\n                                <div class=\"card__title text-navy font-light\">Pre-owned 2020 Cryobuilt C-4 Two-Stage Chamber Cryotherapy Unit (USA)<\/div>\n                                <a href=\"https:\/\/cryomed.pro\/sk\/equipment\/kryosauny\/pre-owned-2020-cryobuilt-c-4-two-stage-chamber-cryotherapy-unit-usa\/\" class=\"btn btn--blue mt-auto link-stretched\">\u010eal\u0161ie inform\u00e1cie<\/a>\n                            <\/div>\n                        <\/article>\n                    <\/div>\n\n\n                    \n                    <div class=\"scrolling-v2__item flex flex-col\">\n                        <article class=\"card relative text-center flex-1 flex flex-col\">\n                            <div class=\"card__media\">\n                                <img loading=\"lazy\" decoding=\"async\" width=\"340\" height=\"340\" src=\"https:\/\/cryomed.pro\/wp-content\/uploads\/2023\/11\/ergyy-340x340.jpg\" class=\"attachment-340x340 size-340x340 wp-post-image\" alt=\"\" srcset=\"https:\/\/cryomed.pro\/wp-content\/uploads\/2023\/11\/ergyy-340x340.jpg 340w, https:\/\/cryomed.pro\/wp-content\/uploads\/2023\/11\/ergyy-150x150.jpg 150w, https:\/\/cryomed.pro\/wp-content\/uploads\/2023\/11\/ergyy-100x100.jpg 100w, https:\/\/cryomed.pro\/wp-content\/uploads\/2023\/11\/ergyy-160x160.jpg 160w\" sizes=\"auto, (max-width: 340px) 100vw, 340px\" \/>                            <\/div>\n\n                            <div class=\"card__body\">\n                                <div class=\"card__title text-navy font-light\">2020 Cryomed Basic, used cryotherapy machine<\/div>\n                                <a href=\"https:\/\/cryomed.pro\/sk\/equipment\/kryosauny\/2020-cryomed-basic-used-cryotherapy-machine\/\" class=\"btn btn--blue mt-auto link-stretched\">\u010eal\u0161ie inform\u00e1cie<\/a>\n                            <\/div>\n                        <\/article>\n                    <\/div>\n\n\n                    <\/div>\n                <\/div>\n            <\/div>\n        <\/div>\n    <\/div>\n<\/section>\n\n","protected":false},"excerpt":{"rendered":"<p>Dewarove n\u00e1dr\u017ee s\u00fa \u0161pecializovan\u00e9 typy v\u00e1kuov\u00fdch flia\u0161 ur\u010den\u00fdch na prepravu a skladovanie kvapaln\u00e9ho dus\u00edka, arg\u00f3nu a kysl\u00edka.<\/p>\n","protected":false},"featured_media":41476,"parent":0,"menu_order":0,"template":"templates\/full-width.php","product_cat":[392,396],"class_list":["hentry","has-post-thumbnail"],"meta_box":[],"_links":{"self":[{"href":"https:\/\/cryomed.pro\/sk\/wp-json\/wp\/v2\/product\/41474","targetHints":{"allow":["GET"]}}],"collection":[{"href":"https:\/\/cryomed.pro\/sk\/wp-json\/wp\/v2\/product"}],"about":[{"href":"https:\/\/cryomed.pro\/sk\/wp-json\/wp\/v2\/types\/product"}],"wp:featuredmedia":[{"embeddable":true,"href":"https:\/\/cryomed.pro\/sk\/wp-json\/wp\/v2\/media\/41476"}],"wp:attachment":[{"href":"https:\/\/cryomed.pro\/sk\/wp-json\/wp\/v2\/media?parent=41474"}],"wp:term":[{"taxonomy":"product_cat","embeddable":true,"href":"https:\/\/cryomed.pro\/sk\/wp-json\/wp\/v2\/product_cat?post=41474"}],"curies":[{"name":"wp","href":"https:\/\/api.w.org\/{rel}","templated":true}]}}