{"id":41472,"date":"2022-01-06T23:30:20","date_gmt":"2022-01-06T23:30:20","guid":{"rendered":"https:\/\/cryomed.pro\/equipment\/uncategorized\/pressurized-tanks\/"},"modified":"2024-08-14T18:08:09","modified_gmt":"2024-08-14T18:08:09","slug":"tlakove-nadrze","status":"publish","type":"product","link":"https:\/\/cryomed.pro\/sk\/equipment\/cryogenic-tanks\/tlakove-nadrze\/","title":{"rendered":"Tlakov\u00e9 n\u00e1dr\u017ee"},"content":{"rendered":"\n<div class=\"hero hero-product-promo\">\n\t<div class=\"container\">\n\t\t<div class=\"hero-head\">\n\t\t\t\t\t\t\t<h1 class=\"hero-title\">Tlakov\u00e9 n\u00e1dr\u017ee<\/h1>\t\t\t\n\t\t\t\n\t\t\t\t\t<\/div>\n\t<\/div>\n\n\t<figure class=\"hero-media\" >\n\t\t<div class=\"px-4 flex justify-center\">\n<!--\t\t\t<img decoding=\"async\" src=\"--><!--\" title=\"--><!--\" alt=\"--><!--\">-->\n\t\t\t<img decoding=\"async\" src=\"https:\/\/cryomed.pro\/wp-content\/themes\/cryomed\/inc\/shortcodes\/products\/pressurized-tanks\/assets\/img-hero.png\" title=\"\" alt=\" - photo\">\n\t\t<\/div>\n\t<\/figure>\n\n\t\t\t<div class=\"container\">\n\t\t\t<div class=\"hero-body\">\n\t\t\t\t\n\t\t<h2>\u010co je to tlakov\u00e1 kryog\u00e9nna n\u00e1dr\u017e?<\/h2>\n\t\t<p>Tlakov\u00e1 kryog\u00e9nna n\u00e1dr\u017e je uzavret\u00e1 n\u00e1doba ur\u010den\u00e1 na skladovanie a prepravu kvapal\u00edn alebo plynu pri ve\u013emi n\u00edzkych teplot\u00e1ch pod -150\u00b0C. N\u00e1dr\u017e sa sklad\u00e1 z vn\u00fatornej tlakovej n\u00e1doby, vonkaj\u0161ej n\u00e1doby, izol\u00e1cie a jedn\u00e9ho alebo dvoch hrdiel s ventilmi, pr\u00edrubami alebo spojkami. <\/p>\n\t\t<p>Na\u0161i z\u00e1kazn\u00edci si pre kryosauny zvy\u010dajne vyberaj\u00fa tlakov\u00e9 n\u00e1dr\u017ee s objemom od 60 litrov do 300 litrov. Najpopul\u00e1rnej\u0161ie objemy s\u00fa 120 litrov a 230 litrov.<\/p>\n\n\t\t\t\t\t<\/div>\n\t\t<\/div>\n\t<\/div>\n\n\n<div class=\"section section-gallery\">\n\n    \n<div class=\"cp-slider\" x-data=\"{ ...dataSlider() }\" x-init=\"init\">\n\t<div class=\"swiper-container\" data-slides>\n\t\t<div class=\"swiper-wrapper\">\n\t\t\t\n\t\t<div class=\"swiper-slide\">\n\t\t\t<div class=\"swiper-slide-inner\" data-slide-inner>\n\t\t\t\t<picture class=\"swiper-slide-picture\">\n\t\t\t\t\t<img class=\"swiper-slide-image swiper-lazy\" loading=\"lazy\"\n\t\t\t\t\t\tdata-src=\"https:\/\/cryomed.pro\/wp-content\/themes\/cryomed\/inc\/shortcodes\/products\/pressurized-tanks\/assets\/slide-1.jpg\"\n\t\t\t\t\t\talt=\"image alt\" title=\"image title\"\n\t\t\t\t\t>\n\t\t\t\t<\/picture>\n\t\t\t<\/div>\n\n\t\t\t<div class=\"swiper-lazy-preloader swiper-lazy-preloader-white\"><\/div>\n\t\t<\/div>\n\n\t\t\n\t\t<div class=\"swiper-slide\">\n\t\t\t<div class=\"swiper-slide-inner\" data-slide-inner>\n\t\t\t\t<picture class=\"swiper-slide-picture\">\n\t\t\t\t\t<img class=\"swiper-slide-image swiper-lazy\" loading=\"lazy\"\n\t\t\t\t\t\tdata-src=\"https:\/\/cryomed.pro\/wp-content\/themes\/cryomed\/inc\/shortcodes\/products\/pressurized-tanks\/assets\/slide-2.jpg\"\n\t\t\t\t\t\talt=\"image alt\" title=\"image title\"\n\t\t\t\t\t>\n\t\t\t\t<\/picture>\n\t\t\t<\/div>\n\n\t\t\t<div class=\"swiper-lazy-preloader swiper-lazy-preloader-white\"><\/div>\n\t\t<\/div>\n\n\t\t\t\t<\/div>\n\n\t\t<div class=\"swiper-pagination\"><\/div>\n\t\t<div class=\"swiper-scrollbar\"><\/div>\n\t\t<div class=\"swiper-navigation\">\n\t\t\t<div data-cursor=\"prev\"><\/div>\n\t\t\t<div data-cursor=\"next\"><\/div>\n\t\t<\/div>\n\t<\/div>\n\n\t\n\t<div class=\"cp-slider-panel cp-backdrop cp-backdrop--white\" :class=\"open ? 'is-active' : ''\" data-panel>\n\t\t<div class=\"cp-slider-toggle cp-backdrop cp-backdrop--white\" @click=\"open = !open\">\n\t\t\t<div x-text=\"open ? 'Zatvori\u0165 n\u00e1h\u013ead': 'Otvori\u0165 n\u00e1h\u013ead'\"><\/div>\n\t\t<\/div>\n\t\t<div class=\"swiper-container\" data-thumbs>\n\t\t\t<div class=\"swiper-wrapper\">\n\t\t\t\t\n\t\t<div class=\"swiper-slide\">\n\t\t\t<div class=\"swiper-slide-inner\" data-slide-inner>\n\t\t\t\t<picture class=\"swiper-slide-picture\">\n\t\t\t\t\t<img class=\"swiper-slide-image swiper-lazy\" loading=\"lazy\"\n\t\t\t\t\t\tdata-src=\"https:\/\/cryomed.pro\/wp-content\/themes\/cryomed\/inc\/shortcodes\/products\/pressurized-tanks\/assets\/slide-1.jpg\"\n\t\t\t\t\t\talt=\"image alt\" title=\"image title\"\n\t\t\t\t\t>\n\t\t\t\t<\/picture>\n\t\t\t<\/div>\n\n\t\t\t<div class=\"swiper-lazy-preloader swiper-lazy-preloader-white\"><\/div>\n\t\t<\/div>\n\n\t\t\n\t\t<div class=\"swiper-slide\">\n\t\t\t<div class=\"swiper-slide-inner\" data-slide-inner>\n\t\t\t\t<picture class=\"swiper-slide-picture\">\n\t\t\t\t\t<img class=\"swiper-slide-image swiper-lazy\" loading=\"lazy\"\n\t\t\t\t\t\tdata-src=\"https:\/\/cryomed.pro\/wp-content\/themes\/cryomed\/inc\/shortcodes\/products\/pressurized-tanks\/assets\/slide-2.jpg\"\n\t\t\t\t\t\talt=\"image alt\" title=\"image title\"\n\t\t\t\t\t>\n\t\t\t\t<\/picture>\n\t\t\t<\/div>\n\n\t\t\t<div class=\"swiper-lazy-preloader swiper-lazy-preloader-white\"><\/div>\n\t\t<\/div>\n\n\t\t\t\t\t<\/div>\n\t\t<\/div>\n\t<\/div>\n\n\t<\/div>\n\n<\/div>\n\n\n<section class=\"section section-benefits-2\">\n    <div class=\"container\">\n        <header class=\"section__header text-center\">\n            <div class=\"section__title h1\">Technick\u00e9 \u0161pecifik\u00e1cie tlakov\u00fdch kryog\u00e9nnych n\u00e1dr\u017e\u00ed<\/div>\n        <\/header>\n\n        <div class=\"section-row\">\n            <div class=\"section-col col-span-1 flex flex-col\">\n                <div class=\"card flex-1\">\n                    <div class=\"card-media\">\n                        <img decoding=\"async\" src=\"https:\/\/cryomed.pro\/wp-content\/themes\/cryomed\/inc\/shortcodes\/products\/pressurized-tanks\/assets\/check.svg\" alt=\"Tlakov\u00e9 n\u00e1dr\u017ee\">\n                    <\/div>\n                    <div class=\"card-body\">\n                        <h3 class=\"card-title\">Nerezov\u00e1 oce\u013e<\/h3>\n                        <p>Kryog\u00e9nne n\u00e1dr\u017ee s\u00fa vyroben\u00e9 z nehrdzavej\u00facej ocele, aby boli odoln\u00e9 v s\u00falade so smernicami ADR a T-PED a dod\u00e1vaj\u00fa sa s pr\u00edslu\u0161n\u00fdm vyhl\u00e1sen\u00edm o zhode.<\/p>\n                    <\/div>\n                <\/div>\n            <\/div>\n            <div class=\"section-col col-span-1 flex flex-col\">\n                <div class=\"card flex-1\">\n                    <div class=\"card-media\">\n                        <img decoding=\"async\" src=\"https:\/\/cryomed.pro\/wp-content\/themes\/cryomed\/inc\/shortcodes\/products\/pressurized-tanks\/assets\/transform.svg\" alt=\"Tlakov\u00e9 n\u00e1dr\u017ee\">\n                    <\/div>\n                    <div class=\"card-body\">\n                        <h3 class=\"card-title\">Jednoduch\u00fd pohyb<\/h3>\n                        <p>Na zabezpe\u010denie jednoduch\u00e9ho pohybu maj\u00fa n\u00e1dr\u017ee 5\u00a0oto\u010dn\u00fdch koliesok. Dve z koliesok s\u00fa vybaven\u00e9 brzdami.<\/p>\n                    <\/div>\n                <\/div>\n            <\/div>\n            <div class=\"section-col col-span-1 flex flex-col\">\n                <div class=\"card flex-1\">\n                    <div class=\"card-media\">\n                        <img decoding=\"async\" src=\"https:\/\/cryomed.pro\/wp-content\/themes\/cryomed\/inc\/shortcodes\/products\/pressurized-tanks\/assets\/wind.svg\" alt=\"Tlakov\u00e9 n\u00e1dr\u017ee\">\n                    <\/div>\n                    <div class=\"card-body\">\n                        <h3 class=\"card-title\">N\u00edzka miera odparovania<\/h3>\n                        <p>V\u010faka v\u00e1kuu a tepelnej izol\u00e1cii maj\u00fa n\u00e1dr\u017ee n\u00edzku mieru odparovania.<\/p>\n                    <\/div>\n                <\/div>\n            <\/div>\n            <div class=\"section-col col-span-1 flex flex-col\">\n                <div class=\"card flex-1\">\n                    <div class=\"card-media\">\n                        <img decoding=\"async\" src=\"https:\/\/cryomed.pro\/wp-content\/themes\/cryomed\/inc\/shortcodes\/products\/pressurized-tanks\/assets\/timer.svg\" alt=\"Tlakov\u00e9 n\u00e1dr\u017ee\">\n                    <\/div>\n                    <div class=\"card-body\">\n                        <h3 class=\"card-title\">Syst\u00e9m vytv\u00e1rania tlaku<\/h3>\n                        <p>V\u0161etky n\u00e1dr\u017ee s\u00fa vybaven\u00e9 syst\u00e9mom budovania tlaku, ktor\u00fd zabezpe\u010duje maxim\u00e1lny prev\u00e1dzkov\u00fd tlak 4-baar.<\/p>\n                    <\/div>\n                <\/div>\n            <\/div>\n        <\/div>\n    <\/div>\n<\/section>\n\n\n<section class=\"section section-tech-specs\">\n\t<div class=\"container\">\n\t\t<div class=\"section__header text-center\">\n\t\t\t<h2 class=\"section__title\">Modely a rozmery<\/h2>\n\t\t<\/div>\n\n        <div class=\"section__body\">\n\t\t\t<div x-data=\"dataTablist(1)\" x-init=\"init\" class=\"tabs tablist\" role=\"tablist\">\n\t\t\t\t<div class=\"scrolling\">\n\t\t\t\t\t<div class=\"scrolling-item mx-auto\">\n\t\t\t\t\t\t<div x-cloak class=\"tablist__navs\" x-ref=\"navs\">\n\t\t\t\t\t\t\t<button role=\"tab\" class=\"tablist__navs-item\" :class=\"isActiveClass(1)\" @click=\"setActive(1)\">\n\t\t\t\t\t\t\t\t<span class=\"block px-4 lg:px-6\">S\u00e9ria Cryolab 4 <\/span>\n\t\t\t\t\t\t\t<\/button>\n\t\t\t\t\t\t\t<button role=\"tab\" class=\"tablist__navs-item\" :class=\"isActiveClass(2)\" @click=\"setActive(2)\">\n\t\t\t\t\t\t\t\t<span class=\"block px-4 lg:px-6\">S\u00e9ria Cryology 4 <\/span>\n\t\t\t\t\t\t\t<\/button>\n\t\t\t\t\t\t<\/div>\n\t\t\t\t\t<\/div>\n\t\t\t\t<\/div>\n\n\n\t\t\t\t<div class=\"tablist__tabs mt-10 lg:mt-12\" x-ref=\"tabs\">\n\t\t\t\t\t<div role=\"tabpanel\" class=\"tablist__tabs-item\"\n\t\t\t\t\t\tx-show=\"isActive(1)\"\n\t\t\t\t\t\tx-transition:enter=\"transition duration-500 ease-in-out\"\n\t\t\t\t\t\tx-transition:enter-start=\"opacity-50\"\n\t\t\t\t\t\tx-transition:enter-end=\"opacity-100\"\n\t\t\t\t\t\t>\n\n\t\t\t\t\t\t<div class=\"scrolling\">\n\t\t\t\t\t\t\t<div class=\"scrolling-item flex-1\">\n\t\t\t\t\t\t\t\t<table class=\"section-table\">\n\t\t\t\t\t\t\t\t\t<tbody>\n\t\t\t\t\t\t\t\t\t\t<tr>\n\t\t\t\t\t\t\t\t\t\t\t<th>Kapacita <br>(L)<\/th>\n\t\t\t\t\t\t\t\t\t\t\t<td>60<\/td>\n\t\t\t\t\t\t\t\t\t\t\t<td>65<\/td>\n\t\t\t\t\t\t\t\t\t\t\t<td>100<\/td>\n\t\t\t\t\t\t\t\t\t\t\t<td>120<\/td>\n\t\t\t\t\t\t\t\t\t\t\t<td>160 <\/td>\n\t\t\t\t\t\t\t\t\t\t\t<td>180 <\/td>\n\t\t\t\t\t\t\t\t\t\t\t<td>200 <\/td>\n\t\t\t\t\t\t\t\t\t\t<\/tr>\n\t\t\t\t\t\t\t\t\t\t<tr>\n\t\t\t\t\t\t\t\t\t\t\t<th>Celkov\u00e1 v\u00fd\u0161ka <br>(mm)<\/th>\n\t\t\t\t\t\t\t\t\t\t\t<td>926<\/td>\n\t\t\t\t\t\t\t\t\t\t\t<td>956<\/td>\n\t\t\t\t\t\t\t\t\t\t\t<td>1162<\/td>\n\t\t\t\t\t\t\t\t\t\t\t<td>1231<\/td>\n\t\t\t\t\t\t\t\t\t\t\t<td>1436<\/td>\n\t\t\t\t\t\t\t\t\t\t\t<td>1541<\/td>\n\t\t\t\t\t\t\t\t\t\t\t<td>1641<\/td>\n\t\t\t\t\t\t\t\t\t\t<\/tr>\n\t\t\t\t\t\t\t\t\t\t<tr>\n\t\t\t\t\t\t\t\t\t\t\t<th>Hmotnos\u0165 pr\u00e1zdnej n\u00e1doby <br>(kg)<\/th>\n\t\t\t\t\t\t\t\t\t\t\t<td>65<\/td>\n\t\t\t\t\t\t\t\t\t\t\t<td>66<\/td>\n\t\t\t\t\t\t\t\t\t\t\t<td>76<\/td>\n\t\t\t\t\t\t\t\t\t\t\t<td>82<\/td>\n\t\t\t\t\t\t\t\t\t\t\t<td>92<\/td>\n\t\t\t\t\t\t\t\t\t\t\t<td>99<\/td>\n\t\t\t\t\t\t\t\t\t\t\t<td>103<\/td>\n\t\t\t\t\t\t\t\t\t\t<\/tr>\n\t\t\t\t\t\t\t\t\t\t<tr>\n\t\t\t\t\t\t\t\t\t\t\t<th>Hmotnos\u0165 pri naplnen\u00ed <br>(kg dus\u00edk)<\/th>\n\t\t\t\t\t\t\t\t\t\t\t<td>113<\/td>\n\t\t\t\t\t\t\t\t\t\t\t<td>119<\/td>\n\t\t\t\t\t\t\t\t\t\t\t<td>160<\/td>\n\t\t\t\t\t\t\t\t\t\t\t<td>176<\/td>\n\t\t\t\t\t\t\t\t\t\t\t<td>216<\/td>\n\t\t\t\t\t\t\t\t\t\t\t<td>239<\/td>\n\t\t\t\t\t\t\t\t\t\t\t<td>258<\/td>\n\t\t\t\t\t\t\t\t\t\t<\/tr>\n\t\t\t\t\t\t\t\t\t\t<tr>\n\t\t\t\t\t\t\t\t\t\t\t<th>\u010cist\u00fd objem <br>(L)<\/th>\n\t\t\t\t\t\t\t\t\t\t\t<td>59.9<\/td>\n\t\t\t\t\t\t\t\t\t\t\t<td>65.4<\/td>\n\t\t\t\t\t\t\t\t\t\t\t<td>103.4<\/td>\n\t\t\t\t\t\t\t\t\t\t\t<td>116.1<\/td>\n\t\t\t\t\t\t\t\t\t\t\t<td>153.8<\/td>\n\t\t\t\t\t\t\t\t\t\t\t<td>173.2<\/td>\n\t\t\t\t\t\t\t\t\t\t\t<td>191.6<\/td>\n\t\t\t\t\t\t\t\t\t\t<\/tr>\n\t\t\t\t\t\t\t\t\t\t<tr>\n\t\t\t\t\t\t\t\t\t\t\t<th>Denn\u00e1 strata v %, Dus\u00edk<\/th>\n\t\t\t\t\t\t\t\t\t\t\t<td>3.6<\/td>\n\t\t\t\t\t\t\t\t\t\t\t<td>3.4<\/td>\n\t\t\t\t\t\t\t\t\t\t\t<td>2.1<\/td>\n\t\t\t\t\t\t\t\t\t\t\t<td>2.0<\/td>\n\t\t\t\t\t\t\t\t\t\t\t<td>1.6<\/td>\n\t\t\t\t\t\t\t\t\t\t\t<td>1.5<\/td>\n\t\t\t\t\t\t\t\t\t\t\t<td>1.5<\/td>\n\t\t\t\t\t\t\t\t\t\t<\/tr>\n\t\t\t\t\t\t\t\t\t<\/tbody>\n\t\t\t\t\t\t\t\t<\/table>\n\t\t\t\t\t\t\t<\/div>\n\t\t\t\t\t\t<\/div>\n\t\t\t\t\t<\/div>\n\t\t\t\t\t<div role=\"tabpanel\" class=\"tablist__tabs-item\"\n\t\t\t\t\t\tx-show=\"isActive(2)\"\n\t\t\t\t\t\tx-transition:enter=\"transition duration-500 ease-in-out\"\n\t\t\t\t\t\tx-transition:enter-start=\"opacity-50\"\n\t\t\t\t\t\tx-transition:enter-end=\"opacity-100\"\n\t\t\t\t\t\t>\n\n\t\t\t\t\t\t<div class=\"scrolling\">\n\t\t\t\t\t\t\t<div class=\"scrolling-item flex-1\">\n\t\t\t\t\t\t\t\t<table class=\"section-table\">\n\t\t\t\t\t\t\t\t\t<tbody>\n\t\t\t\t\t\t\t\t\t\t<tr>\n\t\t\t\t\t\t\t\t\t\t\t<th>Kapacita <br>(L)<\/th>\n\t\t\t\t\t\t\t\t\t\t\t<td>220<\/td>\n\t\t\t\t\t\t\t\t\t\t\t<td>240<\/td>\n\t\t\t\t\t\t\t\t\t\t\t<td>260<\/td>\n\t\t\t\t\t\t\t\t\t\t\t<td>280<\/td>\n\t\t\t\t\t\t\t\t\t\t\t<td>300<\/td>\n\t\t\t\t\t\t\t\t\t\t<\/tr>\n\t\t\t\t\t\t\t\t\t\t<tr>\n\t\t\t\t\t\t\t\t\t\t\t<th>Celkov\u00e1 v\u00fd\u0161ka <br>(mm)<\/th>\n\t\t\t\t\t\t\t\t\t\t\t<td>1366<\/td>\n\t\t\t\t\t\t\t\t\t\t\t<td>1430<\/td>\n\t\t\t\t\t\t\t\t\t\t\t<td>1489<\/td>\n\t\t\t\t\t\t\t\t\t\t\t<td>1548<\/td>\n\t\t\t\t\t\t\t\t\t\t\t<td>1616<\/td>\n\t\t\t\t\t\t\t\t\t\t<\/tr>\n\t\t\t\t\t\t\t\t\t\t<tr>\n\t\t\t\t\t\t\t\t\t\t\t<th>Hmotnos\u0165 pr\u00e1zdnej n\u00e1doby <br>(kg)<\/th>\n\t\t\t\t\t\t\t\t\t\t\t<td>139<\/td>\n\t\t\t\t\t\t\t\t\t\t\t<td>143<\/td>\n\t\t\t\t\t\t\t\t\t\t\t<td>148<\/td>\n\t\t\t\t\t\t\t\t\t\t\t<td>154<\/td>\n\t\t\t\t\t\t\t\t\t\t\t<td>160<\/td>\n\t\t\t\t\t\t\t\t\t\t<\/tr>\n\t\t\t\t\t\t\t\t\t\t<tr>\n\t\t\t\t\t\t\t\t\t\t\t<th>Hmotnos\u0165 pri naplnen\u00ed <br>(kg dus\u00edk)<\/th>\n\t\t\t\t\t\t\t\t\t\t\t<td>312<\/td>\n\t\t\t\t\t\t\t\t\t\t\t<td>331<\/td>\n\t\t\t\t\t\t\t\t\t\t\t<td>352<\/td>\n\t\t\t\t\t\t\t\t\t\t\t<td>373<\/td>\n\t\t\t\t\t\t\t\t\t\t\t<td>396<\/td>\n\t\t\t\t\t\t\t\t\t\t<\/tr>\n\t\t\t\t\t\t\t\t\t\t<tr>\n\t\t\t\t\t\t\t\t\t\t\t<th>\u010cist\u00fd objem <br>(L)<\/th>\n\t\t\t\t\t\t\t\t\t\t\t<td>214.0<\/td>\n\t\t\t\t\t\t\t\t\t\t\t<td>233.1<\/td>\n\t\t\t\t\t\t\t\t\t\t\t<td>252.1<\/td>\n\t\t\t\t\t\t\t\t\t\t\t<td>270.5<\/td>\n\t\t\t\t\t\t\t\t\t\t\t<td>291.9<\/td>\n\t\t\t\t\t\t\t\t\t\t<\/tr>\n\t\t\t\t\t\t\t\t\t\t<tr>\n                                            <th>Denn\u00e1 strata v %, Dus\u00edk<\/th>\n                                            <td>1.8<\/td>\n\t\t\t\t\t\t\t\t\t\t\t<td>1.7<\/td>\n\t\t\t\t\t\t\t\t\t\t\t<td>1.6<\/td>\n\t\t\t\t\t\t\t\t\t\t\t<td>1.5<\/td>\n\t\t\t\t\t\t\t\t\t\t\t<td>1.5 <\/td>\n\t\t\t\t\t\t\t\t\t\t<\/tr>\n\t\t\t\t\t\t\t\t\t<\/tbody>\n\t\t\t\t\t\t\t\t<\/table>\n\t\t\t\t\t\t\t<\/div>\n\t\t\t\t\t\t<\/div>\n\t\t\t\t\t<\/div>\n\t\t\t\t<\/div>\n\t\t\t<\/div>\n        <\/div>\n\t<\/div>\n<\/section>\n\n\n\n<aside class=\"section section-cta\">\n\t<div class=\"xl:container\">\n\t\t<div class=\"card\">\n\n\t\t\t\n<div class=\"cp-glass cp-glass--primary\">\n\n\t<img loading=\"lazy\" decoding=\"async\" width=\"1920\" height=\"1280\" class=\"js-parallax\" src=\"https:\/\/cryomed.pro\/wp-content\/themes\/cryomed\/resources\/img\/1920x1280\/1.jpg\" alt=\"Tlakov\u00e9 n\u00e1dr\u017ee - photo\" title=\"Tlakov\u00e9 n\u00e1dr\u017ee\" \/>\n\t\t\t<div class=\"cp-glass-backdrop\"><\/div>\n\t<\/div>\n\n\t\t\t<div class=\"card__body\">\n\t\t\t\t<p class=\"card__title\">Nakupujte u l\u00eddra v odvetv\u00ed s najv\u00e4\u010d\u0161\u00edm po\u010dtom predan\u00fdch kryoterapeutick\u00fdch zariaden\u00ed na celom svete<\/p>\n\t\t\t\t<div class=\"flex flex-col flex-wrap items-center justify-center space-y-6 md:flex-row md:space-y-0 md:space-x-6 mt-10\">\n\n\t\t\t\t\t\n\t<button class=\"btn btn--large btn--white w-full md:w-auto\"\n\t\tdata-toggle=\"modal\"\n\t\tdata-type=\"contact-us\"\n\t\tdata-find=\"#modal-pills-price-tab\"\n\t\t>\n\n\t\tPo\u017eiada\u0165 o cenov\u00fa ponuku\t<\/button>\n\n\t\n\t<button class=\"btn btn--large btn--white w-full md:w-auto\"\n\t\tdata-toggle=\"modal\"\n\t\tdata-type=\"contact-us\"\n\t\tdata-find=\"#modal-pills-distributor-tab\"\n\t\t>\n\n\t\t Sta\u0148te sa distrib\u00fatorom \t<\/button>\n\n\t\n\t\t\t\t<\/div>\n\t\t\t<\/div>\n\t\t<\/div>\n\t<\/div>\n<\/aside>\n\n","protected":false},"excerpt":{"rendered":"<p>Tlakov\u00e1 kryog\u00e9nna n\u00e1dr\u017e je uzavret\u00e1 n\u00e1doba ur\u010den\u00e1 na skladovanie a prepravu kvapal\u00edn alebo plynu pri ve\u013emi n\u00edzkych teplot\u00e1ch pod -150\u00b0C.<\/p>\n","protected":false},"featured_media":105301,"parent":0,"menu_order":0,"template":"templates\/full-width.php","product_cat":[396,1488],"class_list":["hentry","has-post-thumbnail"],"meta_box":[],"_links":{"self":[{"href":"https:\/\/cryomed.pro\/sk\/wp-json\/wp\/v2\/product\/41472","targetHints":{"allow":["GET"]}}],"collection":[{"href":"https:\/\/cryomed.pro\/sk\/wp-json\/wp\/v2\/product"}],"about":[{"href":"https:\/\/cryomed.pro\/sk\/wp-json\/wp\/v2\/types\/product"}],"wp:featuredmedia":[{"embeddable":true,"href":"https:\/\/cryomed.pro\/sk\/wp-json\/wp\/v2\/media\/105301"}],"wp:attachment":[{"href":"https:\/\/cryomed.pro\/sk\/wp-json\/wp\/v2\/media?parent=41472"}],"wp:term":[{"taxonomy":"product_cat","embeddable":true,"href":"https:\/\/cryomed.pro\/sk\/wp-json\/wp\/v2\/product_cat?post=41472"}],"curies":[{"name":"wp","href":"https:\/\/api.w.org\/{rel}","templated":true}]}}