{"id":41376,"date":"2023-12-17T13:24:13","date_gmt":"2023-12-17T13:24:13","guid":{"rendered":"https:\/\/cryomed.pro\/equipment\/uncategorized\/cryomed-cf-04-equine\/"},"modified":"2025-07-02T00:57:53","modified_gmt":"2025-07-02T00:57:53","slug":"cryomed-cf-04-equine-zariadenie-na-kryoterapiu-koni","status":"publish","type":"product","link":"https:\/\/cryomed.pro\/sk\/equipment\/cryosaunas\/cryomed-cf-04-equine-zariadenie-na-kryoterapiu-koni\/","title":{"rendered":"Cryomed CF-04 Equine: zariadenie na kryoterapiu kon\u00ed"},"content":{"rendered":"\n<div class=\"hero hero-product-promo\">\n\t<div class=\"container\">\n\t\t<div class=\"hero-head\">\n\t\t\t\t\t\t\t<h1 class=\"hero-title\">Cryomed CF-04 Equine: zariadenie na kryoterapiu kon\u00ed<\/h1>\t\t\t\n\t\t\t\t\t\t\t<p class=\"hero-lead\">Zariadenie pre lok\u00e1lnu kryoterapiu kon\u00ed<\/p>\n\t\t\t\n\t\t\t\t\t<\/div>\n\t<\/div>\n\n\t<figure class=\"hero-media\" >\n\t\t<div class=\"px-4 flex justify-center\">\n<!--\t\t\t<img decoding=\"async\" src=\"--><!--\" title=\"--><!--\" alt=\"--><!--\">-->\n\t\t\t<img decoding=\"async\" src=\"https:\/\/cryomed.pro\/wp-content\/themes\/cryomed\/inc\/shortcodes\/products\/cryomed-cf-04-equine\/assets\/img-hero_2.jpg\" title=\"\" alt=\" - photo\">\n\t\t<\/div>\n\t<\/figure>\n\n\t\t\t<div class=\"container\">\n\t\t\t<div class=\"hero-body\">\n\t\t\t\t\n \t\t<p>Tr\u00e9ningy dostihov\u00fdch kon\u00ed a s\u00fa\u0165a\u017ee s\u00fa \u010dasto sp\u00e4t\u00e9 s ve\u013ek\u00fdm nam\u00e1han\u00edm, jemn\u00fdmi zraneniami, natiahnutiami, modrinami, \u010di l\u00e9ziami. Bodov\u00e1 kryoterapia vykazuje okam\u017eit\u00e9 v\u00fdsledky stlmen\u00edm opuchov, zn\u00ed\u017een\u00edm z\u00e1palu a zmiernen\u00edm bolesti v poranenej oblasti. Chronick\u00e9 stavy ako laminit\u00edda, z\u00e1paly v\u00e4zov a \u0161liach, artrit\u00edda a in\u00e9 sa m\u00f4\u017eu v\u00fdrazne zlep\u0161i\u0165 pravideln\u00fdmi lok\u00e1lnymi kryoterapeutick\u00fdmi sedeniami.<\/p>\n\t\t<h2>\u010co je to equine kryof\u00e9n Cryomed CF-04 a ako funguje?<\/h2>\n\t\t<p>Kryof\u00e9n je zariadenie pozost\u00e1vaj\u00face zo samostatne stojaceho Dewaru s tekut\u00fdm dus\u00edkom, v ktorom je pr\u00edstroj s hadicou so \u0161pi\u010dkou na konci, cez ktor\u00fa prech\u00e1dza pr\u00fad studen\u00e9ho vzduchu zmie\u0161an\u00e9ho s parami dus\u00edka, a t\u00e1 sa aplikuje na poranen\u00e9 miesto. Prev\u00e1dzkov\u00e1 teplota zariadenia je  -100\u2070C to -120\u2070C.  \nO\u0161etrenie netrv\u00e1 dlh\u0161ie ako 5 min\u00fat.\n<\/p>\n\t\t<p>Ovl\u00e1danie Cryomed CF-04 je extr\u00e9mne jednoduch\u00e9. Jedin\u00e9 \u010do potrebujete je tekut\u00fd dus\u00edk, oto\u010d\u00edte kolieskom a m\u00f4\u017eete nasmerova\u0165 studen\u00fd pr\u00fad na postihnut\u00e9 miesto.<\/p>\n\n\t\t\t\t\t<\/div>\n\t\t<\/div>\n\t<\/div>\n\n<section class=\"section section-safe\">\n\t<div class=\"container\">\n\t\t<div class=\"grid lg:grid-cols-2 lg:gap-20\">\n            <div class=\"col-span-1\">\n                <header class=\"section__header mb-10\">\n    \t\t\t\t<h2>V\u00fdhody pr\u00edstroja na lok\u00e1lnu kryoterapiu pre kone<\/h2>\n    \t\t\t<\/header>\n            <\/div>\n\n            <div class=\"col-span-1\">\n                <div class=\"section__body\">\n\t\t\t\t\t<ul class=\"px-6\">\n                        <li>Jednoduch\u00e9 a pohodln\u00e9 ovl\u00e1danie<\/li>\n                        <li>Pevn\u00fd a mobiln\u00fd dizajn<\/li>\n                        <li>Minim\u00e1lny hluk pre maxim\u00e1lny komfort zviera\u0165a<\/li>\n                        <li>Cenovo v\u00fdhodn\u00fd, spotreba tekut\u00e9ho dus\u00edka iba 0.75l\/min<\/li>\n                        <li>Pripraven\u00e9 na pou\u017e\u00edvanie za menej ako 4 min\u00faty<\/li>\n                        <li>Kompatibiln\u00e9 s 10, 35, a  50-litrov\u00fdm Dewarom<\/li>\n                        <li>EU p\u00f4vod<\/li>\n                    <\/ul>\n    \t\t\t<\/div>\n            <\/div>\n\t\t<\/div>\n\t<\/div>\n<\/section>\n\n<div class=\"section section-text-1\">\n    <div class=\"container\">\n        <div class=\"-mx-4\">\n            <div class=\"bg-light px-6 py-20 lg:py-40 sm:mx-4\">\n                <div class=\"section-text__body mx-auto\" style=\"max-width: 920px\">\n                    <p>Lok\u00e1lna kryoterapia kryof\u00e9nom a celkov\u00e1 kryoterapia v equine kryosaune sa skvelo dop\u013a\u0148aj\u00fa a obohacuj\u00fa. Celotelov\u00e1 kryoterapia sp\u00fa\u0161\u0165a syst\u00e9mov\u00fa reakciu tela, zlep\u0161uje celkov\u00fa pohodu, imunitu a hladinu energie, zatia\u013e \u010do lok\u00e1lne kryo o\u0161etrenie umo\u017e\u0148uje zamera\u0165 sa na konkr\u00e9tne oblasti.<\/p>\n                <\/div>\n            <\/div>\n        <\/div>\n\n    <\/div>\n<\/div>\n\n<section class=\"section section-gallery\">\n    <div class=\"container\">\n        <div class=\"grid grid-cols-2 gap-4 lg:gap-x-20 lg:gap-y-14\" style=\"text-align: justify\">\n            <div class=\"col-span-2 lg:col-span-1\">\n                <p>Kryof\u00e9n CF-04 je spo\u013eahliv\u00e1 a r\u00fdchlo n\u00e1vratn\u00e1 invest\u00edcia. \u010ci u\u017e ste nad\u0161encom kon\u00ed, m\u00e1te konsk\u00fa farmu, stajne, veterin\u00e1rnu kliniku alebo podnik\u00e1te v oblasti kryoterapie, budete ma\u0165 \u00fa\u017eitok z toho, \u017ee m\u00e1te toto zariadenie po ruke. Jeho prijate\u013en\u00e1 cena a mimoriadne n\u00edzka n\u00e1kladovos\u0165 zais\u0165uj\u00fa p\u00e1r mesa\u010dn\u00fa n\u00e1vratnos\u0165.             <\/div>\n            <div class=\"col-span-2 lg:col-span-1\">\n                <p>Zavedenie lie\u010dby extr\u00e9mnym chladom do rutinnej starostlivosti o kone zabezpe\u010duje r\u00fdchlej\u0161ie hojenie a zotavenie a dlhotrvaj\u00face zv\u00fd\u0161enie v\u00fdkonu. Pre majite\u013eov kon\u00ed, s\u00fa o\u0161etrenia kryof\u00e9nom prevencia pred v\u00e1\u017enej\u0161\u00edmi ochoreniami a teda vysok\u00fdmi poplatkami za n\u00e1v\u0161tevu veterin\u00e1ra.             <\/div>\n        <\/div>\n    <\/div>\n<\/section>\n\n<section class=\"section secton-faq\" style=\"text-align: justify\">\n\t<div class=\"container relative pb-24 xl:pb-0\">\n    <div class=\"grid grid-cols-1 xl:grid-cols-2 gap-10 xl:gap-20\">\n      <div class=\"col-span-1\">\n        <header class=\"section__header\">\n          <h2 class=\"section__title text-navy\">FAQ<\/h2><\/header>\n      <\/div>\n      <div class=\"col-span-1\">\n        <div x-data=\"dataAccordion()\" x-init=\"init\" class=\"cp-accordion\">\n          <div class=\"cp-accordion__item\" data-node=\"item\">\n            <h5 class=\"cp-accordion__title\"><button class=\"cp-accordion__button is-active\" data-node=\"button\">Potrebujem osved\u010denie na obsluhu kryof\u00e9nu? <span class=\"cp-accordion__button-toggle\" data-node=\"toggle\"><\/span><\/button><\/h5>\n            <div class=\"cp-accordion__collapse is-active\" data-node=\"collapse\">\n              <div class=\"cp-accordion__body\">\n                <div class=\"cp-accordion__text\">\n                  <p>Equine kryof\u00e9n je mimoriadne jednoduch\u00e9 zariadenie, ktor\u00e9 nevy\u017eaduje \u0161peci\u00e1lne povolenie alebo licenciu na prev\u00e1dzku. \u0160kolenie trv\u00e1 do jednej hodiny a obsahuje pokyny o z\u00e1kladn\u00fdch bezpe\u010dnostn\u00fdch opatreniach pri pr\u00e1ci s tekut\u00fdm dus\u00edkom.<\/p>\n                <\/div>\n\t\t\t   <\/div>\n            <\/div>\n          <\/div>\n          <div class=\"cp-accordion__item\" data-node=\"item\">\n            <h5 class=\"cp-accordion__title\"><button class=\"cp-accordion__button\" data-node=\"button\">Kedy by som mal aplikova\u0165 lok\u00e1lnu kryoterapiu? <span class=\"cp-accordion__button-toggle\" data-node=\"toggle\"><\/span><\/button><\/h5>\n            <div class=\"cp-accordion__collapse\" data-node=\"collapse\">\n              <div class=\"cp-accordion__body\">\n                <div class=\"cp-accordion__text\">\n                  <p>Ak je v\u00e1\u0161 k\u00f4\u0148 zranen\u00fd, vo v\u0161eobecnosti je \u00fa\u010dinnej\u0161ie, ak aplikujete kryoterapiu do 48 hod\u00edn po zranen\u00ed. Pozit\u00edvne \u00fa\u010dinky v\u0161ak boli zaznamenan\u00e9 aj vtedy, ke\u010f bola bodov\u00e1 kryoterapia pou\u017eit\u00e1 po dlh\u0161om obdob\u00ed. Uistite sa, \u017ee ste si pre\u010d\u00edtali manu\u00e1l dod\u00e1van\u00fd s lok\u00e1lnym kryoterapeutick\u00fdm pr\u00edstrojom, aby ste postupovali spr\u00e1vne.<\/p>\n                <\/div>\n\t\t\t  <\/div>\n            <\/div>\n          <\/div>\n          <div class=\"cp-accordion__item\" data-node=\"item\">\n            <h5 class=\"cp-accordion__title\"><button class=\"cp-accordion__button\" data-node=\"button\">Na \u010do treba d\u00e1va\u0165 pozor pri equine kryoterapii? <span class=\"cp-accordion__button-toggle\" data-node=\"toggle\"><\/span><\/button><\/h5>\n            <div class=\"cp-accordion__collapse\" data-node=\"collapse\">\n              <div class=\"cp-accordion__body\">\n                <div class=\"cp-accordion__text\">\n                  <p>M\u00f4\u017ee d\u00f4js\u0165 k po\u0161kodeniu tkaniva, ak sa prekro\u010d\u00ed \u010das proced\u00fary kryoterapie alebo ak s\u00fa intervaly medzi o\u0161etreniami chladom pr\u00edli\u0161 kr\u00e1tke. Extr\u00e9mny chlad m\u00f4\u017ee br\u00e1ni\u0165 rastu tkaniva v otvoren\u00fdch ran\u00e1ch, preto sa pred aplik\u00e1ciou pora\u010fte so svoj\u00edm veterin\u00e1rom. <\/p>\n                <\/div>\n \t\t\t  <\/div>\n            <\/div>\n          <\/div>\n        <\/div>\n      <\/div>\n    <\/div>\n  <\/div>\n<\/section>\n\n<section class=\"section section-equipment\">\n    <div class=\"container\">\n        <header class=\"section__header\">\n            <h2 class=\"section__title\">\u010eal\u0161ie zariadenia na kryoterapiu<\/h2>\n        <\/header>\n    <\/div>\n\n    <div x-data=\"dataTablist(1)\" x-init=\"init\" class=\"tabs tablist tablist--white\" role=\"tablist\">\n        <div class=\"container\">\n            <div x-cloak class=\"tablist__navs\" x-ref=\"navs\">\n                <button role=\"tab\" class=\"tablist__navs-item\" :class=\"isActiveClass(1)\" @click=\"setActive(1)\">Nov\u00e9<\/button>\n                <button role=\"tab\" class=\"tablist__navs-item\" :class=\"isActiveClass(2)\" @click=\"setActive(2)\">Skladov\u00e9<\/button>\n                <button role=\"tab\" class=\"tablist__navs-item\" :class=\"isActiveClass(3)\" @click=\"setActive(3)\">Pou\u017eit\u00e9<\/button>\n            <\/div>\n        <\/div>\n\n        <div class=\"tablist__tabs\" x-ref=\"tabs\">\n\t\t\t<div role=\"tabpanel\" class=\"tablist__tabs-item\"\n\t\t        x-show=\"isActive(1)\"\n\t\t        x-transition:enter=\"transition duration-500 ease-in-out\"\n\t\t        x-transition:enter-start=\"opacity-50\"\n\t\t        x-transition:enter-end=\"opacity-100\"\n\t\t        >\n\n\t\t\t    <div class=\"container\">\n\n\t\t\t        \n\n\t\t\t        \t\t\t            <div class=\"scrolling-v2\">\n\t\t\t\t\t\t\t\n\t\t\t\t\t\t\t\t<div class=\"scrolling-v2__item flex flex-col\">\n\t\t\t\t\t\t\t\t\t<article class=\"card relative text-center flex-1 flex flex-col\">\n\t\t\t\t\t\t\t\t\t\t<div class=\"card__media\">\n\t\t\t\t\t\t\t\t\t\t\t<img loading=\"lazy\" decoding=\"async\" width=\"440\" height=\"650\" src=\"https:\/\/cryomed.pro\/wp-content\/uploads\/2021\/04\/cryosauna.png\" class=\"attachment-full size-full\" alt=\"\" srcset=\"https:\/\/cryomed.pro\/wp-content\/uploads\/2021\/04\/cryosauna.png 440w, https:\/\/cryomed.pro\/wp-content\/uploads\/2021\/04\/cryosauna-203x300.png 203w\" sizes=\"auto, (max-width: 440px) 100vw, 440px\" \/>\t\t\t\t\t\t\t\t\t\t<\/div>\n\n\t\t\t\t\t\t\t\t\t\t<div class=\"card__body\">\n\t\t\t\t\t\t\t\t\t\t\t<div class=\"card__title text-navy font-light\">Celotelov\u00e1 kryoterapia<\/div>\n\t\t\t\t\t\t\t\t\t\t\t<a href=\"https:\/\/cryomed.pro\/equipment\/cryosaunas\/\" class=\"btn btn--blue mt-auto link-stretched\">\u010eal\u0161ie inform\u00e1cie<\/a>\n\t\t\t\t\t\t\t\t\t\t<\/div>\n\t\t\t\t\t\t\t\t\t<\/article>\n\t\t\t\t\t\t\t\t<\/div>\n\n\t\t\t\t\t\t\t\n\t\t\t\t\t\t\t\t<div class=\"scrolling-v2__item flex flex-col\">\n\t\t\t\t\t\t\t\t\t<article class=\"card relative text-center flex-1 flex flex-col\">\n\t\t\t\t\t\t\t\t\t\t<div class=\"card__media\">\n\t\t\t\t\t\t\t\t\t\t\t<img loading=\"lazy\" decoding=\"async\" width=\"440\" height=\"650\" src=\"https:\/\/cryomed.pro\/wp-content\/uploads\/2021\/04\/cryofan.png\" class=\"attachment-full size-full\" alt=\"\" srcset=\"https:\/\/cryomed.pro\/wp-content\/uploads\/2021\/04\/cryofan.png 440w, https:\/\/cryomed.pro\/wp-content\/uploads\/2021\/04\/cryofan-203x300.png 203w\" sizes=\"auto, (max-width: 440px) 100vw, 440px\" \/>\t\t\t\t\t\t\t\t\t\t<\/div>\n\n\t\t\t\t\t\t\t\t\t\t<div class=\"card__body\">\n\t\t\t\t\t\t\t\t\t\t\t<div class=\"card__title text-navy font-light\">Loc\u00e1lna kryoterapia<\/div>\n\t\t\t\t\t\t\t\t\t\t\t<a href=\"https:\/\/cryomed.pro\/equipment\/cryofans\/\" class=\"btn btn--blue mt-auto link-stretched\">\u010eal\u0161ie inform\u00e1cie<\/a>\n\t\t\t\t\t\t\t\t\t\t<\/div>\n\t\t\t\t\t\t\t\t\t<\/article>\n\t\t\t\t\t\t\t\t<\/div>\n\n\t\t\t\t\t\t\t\n\t\t\t\t\t\t\t\t<div class=\"scrolling-v2__item flex flex-col\">\n\t\t\t\t\t\t\t\t\t<article class=\"card relative text-center flex-1 flex flex-col\">\n\t\t\t\t\t\t\t\t\t\t<div class=\"card__media\">\n\t\t\t\t\t\t\t\t\t\t\t<img loading=\"lazy\" decoding=\"async\" width=\"620\" height=\"650\" src=\"https:\/\/cryomed.pro\/wp-content\/uploads\/2021\/09\/mobile.png\" class=\"attachment-full size-full\" alt=\"\" srcset=\"https:\/\/cryomed.pro\/wp-content\/uploads\/2021\/09\/mobile.png 620w, https:\/\/cryomed.pro\/wp-content\/uploads\/2021\/09\/mobile-286x300.png 286w\" sizes=\"auto, (max-width: 620px) 100vw, 620px\" \/>\t\t\t\t\t\t\t\t\t\t<\/div>\n\n\t\t\t\t\t\t\t\t\t\t<div class=\"card__body\">\n\t\t\t\t\t\t\t\t\t\t\t<div class=\"card__title text-navy font-light\">Mobiln\u00e1 kryosauna<\/div>\n\t\t\t\t\t\t\t\t\t\t\t<a href=\"https:\/\/cryomed.pro\/equipment\/mobile\/\" class=\"btn btn--blue mt-auto link-stretched\">\u010eal\u0161ie inform\u00e1cie<\/a>\n\t\t\t\t\t\t\t\t\t\t<\/div>\n\t\t\t\t\t\t\t\t\t<\/article>\n\t\t\t\t\t\t\t\t<\/div>\n\n\t\t\t\t\t\t\t\t\t\t            <\/div>\n\t\t\t        \n\t\t        <\/div>\n\t\t    <\/div>\n            <div role=\"tabpanel\" class=\"tablist__tabs-item\"\n            x-show=\"isActive(2)\"\n            x-transition:enter=\"transition duration-500 ease-in-out\"\n            x-transition:enter-start=\"opacity-50\"\n            x-transition:enter-end=\"opacity-100\"\n            >\n\n            <div class=\"container\">\n\n                <div class=\"scrolling-v2\">\n                    <div class=\"scrolling-v2__item flex flex-col\">\n                        <article class=\"card relative text-center flex-1 flex flex-col\">\n                            <div class=\"card__media\">\n                                <img loading=\"lazy\" decoding=\"async\" width=\"340\" height=\"340\" src=\"https:\/\/cryomed.pro\/wp-content\/uploads\/2021\/12\/MINI_GB-340x340.jpg\" class=\"attachment-340x340 size-340x340 wp-post-image\" alt=\"\" srcset=\"https:\/\/cryomed.pro\/wp-content\/uploads\/2021\/12\/MINI_GB-340x340.jpg 340w, https:\/\/cryomed.pro\/wp-content\/uploads\/2021\/12\/MINI_GB-300x300.jpg 300w, https:\/\/cryomed.pro\/wp-content\/uploads\/2021\/12\/MINI_GB-150x150.jpg 150w, https:\/\/cryomed.pro\/wp-content\/uploads\/2021\/12\/MINI_GB-768x768.jpg 768w, https:\/\/cryomed.pro\/wp-content\/uploads\/2021\/12\/MINI_GB-100x100.jpg 100w, https:\/\/cryomed.pro\/wp-content\/uploads\/2021\/12\/MINI_GB-160x160.jpg 160w, https:\/\/cryomed.pro\/wp-content\/uploads\/2021\/12\/MINI_GB-900x900.jpg 900w, https:\/\/cryomed.pro\/wp-content\/uploads\/2021\/12\/MINI_GB.jpg 1000w\" sizes=\"auto, (max-width: 340px) 100vw, 340px\" \/>                            <\/div>\n\n                            <div class=\"card__body\">\n                                <div class=\"card__title text-navy font-light\">Cryomed Mini (skladom)<\/div>\n                                <a href=\"https:\/\/cryomed.pro\/sk\/equipment\/kryosauny\/cryomed-mini-skladom\/\" class=\"btn btn--blue mt-auto link-stretched\">\u010eal\u0161ie inform\u00e1cie<\/a>\n                            <\/div>\n                        <\/article>\n                    <\/div>\n\n\n                    <\/div>\n                <\/div>\n            <\/div>\n            <div role=\"tabpanel\" class=\"tablist__tabs-item\"\n            x-show=\"isActive(3)\"\n            x-transition:enter=\"transition duration-500 ease-in-out\"\n            x-transition:enter-start=\"opacity-50\"\n            x-transition:enter-end=\"opacity-100\"\n            >\n\n            <div class=\"container\">\n\n                <div class=\"scrolling-v2\">\n                    <div class=\"scrolling-v2__item flex flex-col\">\n                        <article class=\"card relative text-center flex-1 flex flex-col\">\n                            <div class=\"card__media\">\n                                <img loading=\"lazy\" decoding=\"async\" width=\"340\" height=\"340\" src=\"https:\/\/cryomed.pro\/wp-content\/uploads\/2023\/11\/y56yr-340x340.jpg\" class=\"attachment-340x340 size-340x340 wp-post-image\" alt=\"\" srcset=\"https:\/\/cryomed.pro\/wp-content\/uploads\/2023\/11\/y56yr-340x340.jpg 340w, https:\/\/cryomed.pro\/wp-content\/uploads\/2023\/11\/y56yr-150x150.jpg 150w, https:\/\/cryomed.pro\/wp-content\/uploads\/2023\/11\/y56yr-100x100.jpg 100w, https:\/\/cryomed.pro\/wp-content\/uploads\/2023\/11\/y56yr-160x160.jpg 160w\" sizes=\"auto, (max-width: 340px) 100vw, 340px\" \/>                            <\/div>\n\n                            <div class=\"card__body\">\n                                <div class=\"card__title text-navy font-light\">Pre-owned 2020 Cryobuilt C-4 Two-Stage Chamber Cryotherapy Unit (USA)<\/div>\n                                <a href=\"https:\/\/cryomed.pro\/sk\/equipment\/kryosauny\/pre-owned-2020-cryobuilt-c-4-two-stage-chamber-cryotherapy-unit-usa\/\" class=\"btn btn--blue mt-auto link-stretched\">\u010eal\u0161ie inform\u00e1cie<\/a>\n                            <\/div>\n                        <\/article>\n                    <\/div>\n\n\n                    \n                    <div class=\"scrolling-v2__item flex flex-col\">\n                        <article class=\"card relative text-center flex-1 flex flex-col\">\n                            <div class=\"card__media\">\n                                <img loading=\"lazy\" decoding=\"async\" width=\"340\" height=\"340\" src=\"https:\/\/cryomed.pro\/wp-content\/uploads\/2023\/11\/ergyy-340x340.jpg\" class=\"attachment-340x340 size-340x340 wp-post-image\" alt=\"\" srcset=\"https:\/\/cryomed.pro\/wp-content\/uploads\/2023\/11\/ergyy-340x340.jpg 340w, https:\/\/cryomed.pro\/wp-content\/uploads\/2023\/11\/ergyy-150x150.jpg 150w, https:\/\/cryomed.pro\/wp-content\/uploads\/2023\/11\/ergyy-100x100.jpg 100w, https:\/\/cryomed.pro\/wp-content\/uploads\/2023\/11\/ergyy-160x160.jpg 160w\" sizes=\"auto, (max-width: 340px) 100vw, 340px\" \/>                            <\/div>\n\n                            <div class=\"card__body\">\n                                <div class=\"card__title text-navy font-light\">2020 Cryomed Basic, used cryotherapy machine<\/div>\n                                <a href=\"https:\/\/cryomed.pro\/sk\/equipment\/kryosauny\/2020-cryomed-basic-used-cryotherapy-machine\/\" class=\"btn btn--blue mt-auto link-stretched\">\u010eal\u0161ie inform\u00e1cie<\/a>\n                            <\/div>\n                        <\/article>\n                    <\/div>\n\n\n                    <\/div>\n                <\/div>\n            <\/div>\n        <\/div>\n    <\/div>\n<\/section>\n\n","protected":false},"excerpt":{"rendered":"<p>Zariadenie pre lok\u00e1lnu kryoterapiu kon\u00ed<\/p>\n","protected":false},"featured_media":41377,"parent":0,"menu_order":0,"template":"templates\/full-width.php","product_cat":[392],"class_list":["hentry","has-post-thumbnail"],"meta_box":[],"_links":{"self":[{"href":"https:\/\/cryomed.pro\/sk\/wp-json\/wp\/v2\/product\/41376","targetHints":{"allow":["GET"]}}],"collection":[{"href":"https:\/\/cryomed.pro\/sk\/wp-json\/wp\/v2\/product"}],"about":[{"href":"https:\/\/cryomed.pro\/sk\/wp-json\/wp\/v2\/types\/product"}],"wp:featuredmedia":[{"embeddable":true,"href":"https:\/\/cryomed.pro\/sk\/wp-json\/wp\/v2\/media\/41377"}],"wp:attachment":[{"href":"https:\/\/cryomed.pro\/sk\/wp-json\/wp\/v2\/media?parent=41376"}],"wp:term":[{"taxonomy":"product_cat","embeddable":true,"href":"https:\/\/cryomed.pro\/sk\/wp-json\/wp\/v2\/product_cat?post=41376"}],"curies":[{"name":"wp","href":"https:\/\/api.w.org\/{rel}","templated":true}]}}