{"id":46031,"date":"2025-01-13T19:35:11","date_gmt":"2025-01-13T19:35:11","guid":{"rendered":"https:\/\/cryomed.pro\/thank-you-page\/"},"modified":"2025-03-04T17:42:54","modified_gmt":"2025-03-04T17:42:54","slug":"thank-you-page","status":"publish","type":"page","link":"https:\/\/cryomed.pro\/sk\/thank-you-page\/","title":{"rendered":"\u010eakujeme za V\u00e1\u0161 kontakt"},"content":{"rendered":"\n<h3 class=\"wp-block-heading has-text-align-center\"><br>N\u00e1\u0161 t\u00edm sa V\u00e1m u\u017e \u010doskoro ozve.<\/h3>\n\n\n\n<p style=\"text-align:center\">V pr\u00edpade ak\u00fdchko\u013evek ot\u00e1zok nev\u00e1hajte n\u00e1s kontaktova\u0165 telefonicky na \u010d\u00edsle <a href=\"tel:421918250160\">+ 421 918 250 160<\/a>.<br><strong>Pracovn\u00e9 hodiny:<\/strong> pondelok \u2013 piatok (8:00 \u2013 16:30)<\/p>\n\n\n\n<p style=\"text-align:center\"><a href=\"https:\/\/cryomed.pro\/business\/services\/cryotherapy-business-course\/\"><u>Prihl\u00e1ste sa<\/u><\/a> na n\u00e1\u0161 BEZPLATN\u00dd emailov\u00fd kurz, v ktorom z\u00edskate komplexn\u00fd pl\u00e1n a praktick\u00e9 rady ako \u00faspe\u0161ne prev\u00e1dzkova\u0165 kryoterapeutick\u00e9 zariadenie.<\/p>\n\n\n\n<h3 class=\"wp-block-heading has-text-align-center\">\u00a0Kurz podnikania v kryoterapii:<br>Ak\u010dn\u00fd pl\u00e1n krok za krokom<\/h3>\n\n\n\n<p><a href=\"https:\/\/cryomed.pro\/business\/services\/cryotherapy-business-course\/\" style=\"margin-top: 20px;--tw-bg-opacity: .2\" class=\"btn btn--blue btn--large w-full\">\u00c1no, chcem sa prihl\u00e1si\u0165!<\/a><\/p>\n\n\n\n<p><\/p>\n","protected":false},"excerpt":{"rendered":"<p>N\u00e1\u0161 t\u00edm sa V\u00e1m u\u017e \u010doskoro ozve. V pr\u00edpade ak\u00fdchko\u013evek ot\u00e1zok nev\u00e1hajte n\u00e1s kontaktova\u0165 telefonicky na \u010d\u00edsle + 421 918 250 160.Pracovn\u00e9 hodiny:&hellip;<\/p>\n","protected":false},"author":10,"featured_media":0,"parent":0,"menu_order":0,"comment_status":"closed","ping_status":"closed","template":"","meta":{"inline_featured_image":false,"footnotes":""},"class_list":["hentry"],"meta_box":[],"_links":{"self":[{"href":"https:\/\/cryomed.pro\/sk\/wp-json\/wp\/v2\/pages\/46031","targetHints":{"allow":["GET"]}}],"collection":[{"href":"https:\/\/cryomed.pro\/sk\/wp-json\/wp\/v2\/pages"}],"about":[{"href":"https:\/\/cryomed.pro\/sk\/wp-json\/wp\/v2\/types\/page"}],"author":[{"embeddable":true,"href":"https:\/\/cryomed.pro\/sk\/wp-json\/wp\/v2\/users\/10"}],"replies":[{"embeddable":true,"href":"https:\/\/cryomed.pro\/sk\/wp-json\/wp\/v2\/comments?post=46031"}],"version-history":[{"count":3,"href":"https:\/\/cryomed.pro\/sk\/wp-json\/wp\/v2\/pages\/46031\/revisions"}],"predecessor-version":[{"id":46035,"href":"https:\/\/cryomed.pro\/sk\/wp-json\/wp\/v2\/pages\/46031\/revisions\/46035"}],"wp:attachment":[{"href":"https:\/\/cryomed.pro\/sk\/wp-json\/wp\/v2\/media?parent=46031"}],"curies":[{"name":"wp","href":"https:\/\/api.w.org\/{rel}","templated":true}]}}