{"id":41378,"date":"2020-08-07T14:39:42","date_gmt":"2020-08-07T14:39:42","guid":{"rendered":"https:\/\/cryomed.pro\/business\/financovanie\/rent\/"},"modified":"2024-08-14T17:48:39","modified_gmt":"2024-08-14T17:48:39","slug":"prenajom","status":"publish","type":"page","link":"https:\/\/cryomed.pro\/sk\/business\/financovanie\/prenajom\/","title":{"rendered":"Pren\u00e1jom"},"content":{"rendered":"<h2>Pre\u010do si prenaja\u0165 kryosaunu?<\/h2>\n<p>\n    Mo\u017enos\u0165 zapo\u017ei\u010dania pr\u00edstroja na kryoterapiu je ur\u010den\u00e1 \u0161irok\u00e9mu spektru od zdravotn\u00edckych zariaden\u00ed r\u00f4znych typov a k\u00fape\u013en\u00fdch domov a\u017e po \u0161portov\u00e9 kluby, t\u00edmy a rehabilita\u010dn\u00e9 centr\u00e1. Podobne ako    <a href=\"https:\/\/cryomed.pro\/business\/financing\/leasing\/\" title=\"Leasing\">pri l\u00edzingu<\/a>, pren\u00e1jom kryosauny umo\u017e\u0148uje potenci\u00e1lnym klientom pou\u017e\u00edva\u0165    <a href=\"https:\/\/cryomed.pro\/equipment\/cryosaunas\/cryomed-pro\/\" title=\"Cryomed Pro\">Cryomed zariadenia<\/a> okam\u017eite bez povinnosti platenia plnej sumy za pr\u00edstroj. T\u00e1to mo\u017enos\u0165 financovania roz\u0161iruje potenci\u00e1lnu cie\u013eov\u00fa skupinu z\u00e1kazn\u00edkov spolo\u010dnosti Cryomed a d\u00e1va im mimoriadnu flexibilitu pri navrhovan\u00ed optim\u00e1lneho obchodn\u00e9ho modelu pre ich podnikanie v oblasti kryoterapie.<\/p>\n\n<h2>Podmienky pren\u00e1jmu<\/h2>\n<p>\n    Pren\u00e1jom kryosauny umo\u017e\u0148uje z\u00e1kazn\u00edkom zlo\u017ei\u0165 2-mesa\u010dn\u00fa z\u00e1lohu a zariadenie m\u00f4\u017eu ihne\u010f pou\u017e\u00edva\u0165. Ak sa podnikanie rozbehne pod\u013ea o\u010dak\u00e1van\u00ed, je mo\u017en\u00e9 kryosaunu odk\u00fapi\u0165 za cenu zn\u00ed\u017een\u00fa o dovtedy prijat\u00e9 platby. V\u010faka fixn\u00e9mu mesa\u010dn\u00e9mu poplatku za pren\u00e1jom <a href=\"https:\/\/cryomed.pro\/equipment\/\" title=\"Equipment\">kryosauny<\/a> m\u00e1 klient neobmedzen\u00fd po\u010det proced\u00far denne bez toho, aby sa musel stara\u0165 o podporu, \u00fadr\u017ebu alebo opotrebovanie. Ak sa v kryosaune nie\u010do pokaz\u00ed, spolo\u010dnos\u0165 Cryomed bezplatne poskytne n\u00e1hradu.<\/p>\n<p>\n    Celkovo je pren\u00e1jom kryosauny pohodlnou a n\u00edzkon\u00e1kladovou met\u00f3dou za\u010datia podnikania v oblasti kryoterapie bu\u010f ako va\u0161a hlavn\u00e1 slu\u017eba, alebo ako s\u00fa\u010das\u0165 \u0161ir\u0161ieho portf\u00f3lia slu\u017eieb s\u00favisiacich so zdravotnou starostlivos\u0165ou. Kryosauny Cryomed    <a href=\"https:\/\/cryomed.pro\/about-us\/quality-and-certificates\/\" title=\"Quality And Certificates\">s\u00fa plne certifikovan\u00e9 pod\u013ea EU noriem<\/a>, sp\u013a\u0148aj\u00fa najvy\u0161\u0161ie \u0161tandardy kvality a bezpe\u010dnosti a s\u00fa zostaven\u00e9 z najlep\u0161\u00edch komponentov dostupn\u00fdch na medzin\u00e1rodnom trhu kryog\u00e9nnych zariaden\u00ed.<\/p>\n<p>\n    Ak by ste chceli vedie\u0165 viac o mo\u017enostiach s\u00favisiacich s pren\u00e1jmom kryosauny od firmy Cryomed, nev\u00e1hajte kontaktova\u0165 na\u0161e obchodn\u00e9 oddelenie. Radi odpovieme na ak\u00e9ko\u013evek ot\u00e1zky, zist\u00edme viac o va\u0161om podnikan\u00ed a pl\u00e1noch a porad\u00edme v\u00e1m ako postupova\u0165 pri zaraden\u00ed kryoterapie do zoznamu va\u0161ich slu\u017eieb.<\/p>\n\n<div class=\"my-10\">\n    <h2>Pren\u00e1jom kryosauny FAQ<\/h2>\n\n    <div x-data=\"dataAccordion()\" x-init=\"init\" class=\"cp-accordion\">\n        <div class=\"cp-accordion__item\" data-node=\"item\">\n            <h5 class=\"cp-accordion__title\">\n                <button class=\"cp-accordion__button\" data-node=\"button\">Plat\u00ed va\u0161a ponuka na pren\u00e1jom aj pre z\u00e1kazn\u00edkov z Ve\u013ekej Brit\u00e1nie?<span class=\"cp-accordion__button-toggle\" data-node=\"toggle\"><\/span><\/button>\n            <\/h5>\n            <div class=\"cp-accordion__collapse\" data-node=\"collapse\">\n                <div class=\"cp-accordion__body\">\n                    <div class=\"cp-accordion__text\">\n                        <p>\u00c1no, pren\u00e1jom pr\u00edstroja na kryoterapiu je k dispoz\u00edcii okam\u017eite v\u0161etk\u00fdm z\u00e1kazn\u00edkom v Spojenom kr\u00e1\u013eovstve, ako aj v\u0161etk\u00fdm z\u00e1kazn\u00edkom z E\u00da a USA bez obmedzen\u00ed.<\/p>\n                    <\/div>\n                <\/div>\n            <\/div>\n        <\/div>\n        <div class=\"cp-accordion__item\" data-node=\"item\">\n            <h5 class=\"cp-accordion__title\">\n                <button class=\"cp-accordion__button\" data-node=\"button\">\u010co ak je na\u0161a firma v \u00cdrsku?<span class=\"cp-accordion__button-toggle\" data-node=\"toggle\"><\/span><\/button>\n            <\/h5>\n            <div class=\"cp-accordion__collapse\" data-node=\"collapse\">\n                <div class=\"cp-accordion__body\">\n                    <div class=\"cp-accordion__text\">\n                        <p>\u017diadny probl\u00e9m, pren\u00e1jom kryosauny v \u00cdrsku je tie\u017e dostupn\u00fd bez obmedzen\u00ed.<\/p>\n                    <\/div>\n                <\/div>\n            <\/div>\n        <\/div>\n        <div class=\"cp-accordion__item\" data-node=\"item\">\n            <h5 class=\"cp-accordion__title\">\n                <button class=\"cp-accordion__button\" data-node=\"button\">S ak\u00fdmi \u010fal\u0161\u00edmi krajinami spolupracujete?<span class=\"cp-accordion__button-toggle\" data-node=\"toggle\"><\/span><\/button>\n            <\/h5>\n            <div class=\"cp-accordion__collapse\" data-node=\"collapse\">\n                <div class=\"cp-accordion__body\">\n                    <div class=\"cp-accordion__text\">\n                        <p>Cryomed m\u00e1 asi 1500 z\u00e1kazn\u00edkov, partnerov a distrib\u00fatorov po celom svete. Predstavte si, \u017ee na\u0161a webstr\u00e1nka je dostupn\u00e1 vo viac ako 15 jazykoch.<\/p>\n                    <\/div>\n                <\/div>\n            <\/div>\n        <\/div>\n        <div class=\"cp-accordion__item\" data-node=\"item\">\n            <h5 class=\"cp-accordion__title\">\n                <button class=\"cp-accordion__button\" data-node=\"button\"> Ak\u00e9 s\u00fa finan\u010dn\u00e9 podmienky pren\u00e1jmu kryosauny?<span class=\"cp-accordion__button-toggle\" data-node=\"toggle\"><\/span><\/button>\n            <\/h5>\n            <div class=\"cp-accordion__collapse\" data-node=\"collapse\">\n                <div class=\"cp-accordion__body\">\n                    <div class=\"cp-accordion__text\">\n                        <p>Z\u00e1kladn\u00e9 podmienky pren\u00e1jmu kryosauny zah\u0155\u0148aj\u00fa nasledovn\u00e9:<\/p>\n                        <ol>\n                            <li>2-mesa\u010dn\u00fd depozit<\/li>\n                            <li>z\u00e1v\u00e4zok na 100+ seden\u00ed za mesiac<\/li>\n                            <li>ak si z\u00e1kazn\u00edk chce odk\u00fapi\u0165 prenajat\u00e9 zariadenie, k z\u00e1kladnej cene sa pripo\u010d\u00edta 10% prir\u00e1\u017eka (po odpo\u010d\u00edtan\u00ed odpisov po\u010das doby pren\u00e1jmu)<\/li>\n                        <\/ol>                    <\/div>\n                <\/div>\n            <\/div>\n        <\/div>\n        <div class=\"cp-accordion__item\" data-node=\"item\">\n            <h5 class=\"cp-accordion__title\">\n                <button class=\"cp-accordion__button\" data-node=\"button\">Ak\u00e9 spolo\u010dnosti si v\u00e4\u010d\u0161inou prenaj\u00edmaj\u00fa va\u0161e zariadenia?<span class=\"cp-accordion__button-toggle\" data-node=\"toggle\"><\/span><\/button>\n            <\/h5>\n            <div class=\"cp-accordion__collapse\" data-node=\"collapse\">\n                <div class=\"cp-accordion__body\">\n                    <div class=\"cp-accordion__text\">\n                        <p>Pren\u00e1jom kryoterapeutick\u00fdch zariaden\u00ed je v ob\u013eube u mal\u00fdch podnikate\u013eov:<\/p>\n                        <ul>\n                            <li>\u0161portov\u00e9 and fitness kluby;<\/li>\n                            <li>rehabilita\u010dn\u00e9 center\u00e1;<\/li>\n                            <li>s\u00fakromn\u00e9 kliniky;<\/li>\n                            <li>podobn\u00e9 podniky, ktor\u00e9 len za\u010d\u00ednaj\u00fa s pon\u00fakan\u00edm kryoterapie.<\/li>\n                        <\/ul>                    <\/div>\n                <\/div>\n            <\/div>\n        <\/div>\n        <div class=\"cp-accordion__item\" data-node=\"item\">\n            <h5 class=\"cp-accordion__title\">\n                <button class=\"cp-accordion__button\" data-node=\"button\">Ak\u00e9 modely s\u00fa k dispoz\u00edcii na pren\u00e1jom?<span class=\"cp-accordion__button-toggle\" data-node=\"toggle\"><\/span><\/button>\n            <\/h5>\n            <div class=\"cp-accordion__collapse\" data-node=\"collapse\">\n                <div class=\"cp-accordion__body\">\n                    <div class=\"cp-accordion__text\">\n\t\t\t\t\t    <p>Spolo\u010dnos\u0165 vyr\u00e1ba r\u00f4zne pr\u00edstroje na kryoterapiu \u2013 bli\u017e\u0161ie inform\u00e1cie n\u00e1jdete v katal\u00f3gu. Dva hlavn\u00e9 modely s\u00fa:<\/p>\n                        <p>\n                            <a href=\"https:\/\/cryomed.pro\/equipment\/cryosaunas\/cryomed-pro\/\" title=\"Cryomed Pro\" data-type=\"product\">Cryomed Pro<\/a> (dewarov\u00e1 alebo tlakov\u00e1);<br \/>\n                            <a href=\"https:\/\/cryomed.pro\/equipment\/cryosaunas\/cryomed-mini\/\" title=\"Cryomed Mini\">Cryomed Mini<\/a> (tlakov\u00e1).\n                        <\/p>\n                    <\/div>\n                <\/div>\n            <\/div>\n        <\/div>\n        <div class=\"cp-accordion__item\" data-node=\"item\">\n            <h5 class=\"cp-accordion__title\">\n                <button class=\"cp-accordion__button\" data-node=\"button\">Ako si teda prenajmem kryosaunu?<span class=\"cp-accordion__button-toggle\" data-node=\"toggle\"><\/span><\/button>\n            <\/h5>\n            <div class=\"cp-accordion__collapse\" data-node=\"collapse\">\n                <div class=\"cp-accordion__body\">\n                    <div class=\"cp-accordion__text\">\n                        <p>\n                            Ak m\u00e1te z\u00e1ujem o na\u0161u slu\u017ebu pren\u00e1jmu kryosauny, kontaktujte na\u0161e obchodn\u00e9 oddelenie na adrese <a href=\"mailto:info@cryomed.pro\">info@cryomed.pro<\/a> alebo zavolajte na <a href=\"tel:+421918 250160\">+421 918 250 160<\/a> a my sa v\u00e1m \u010doskoro ozveme s cenovou ponukou na mieru vr\u00e1tane dopravy a in\u0161tal\u00e1cie.                         <\/p>\n                    <\/div>\n                <\/div>\n            <\/div>\n        <\/div>\n    <\/div>\n<\/div>\n\n\n\n<figure class=\"wp-block-gallery has-nested-images columns-default is-cropped wp-block-gallery-1 is-layout-flex wp-block-gallery-is-layout-flex\">\n<figure class=\"wp-block-image size-large\"><img loading=\"lazy\" decoding=\"async\" width=\"1000\" height=\"667\" data-id=\"39024\" src=\"https:\/\/cryomed.pro\/wp-content\/uploads\/2024\/03\/cryotherapy-machine-rental.jpeg\" alt=\"cryotherapy machine rental\" class=\"wp-image-39024\" title=\"cryotherapy machine rental\" srcset=\"https:\/\/cryomed.pro\/wp-content\/uploads\/2024\/03\/cryotherapy-machine-rental.jpeg 1000w, https:\/\/cryomed.pro\/wp-content\/uploads\/2024\/03\/cryotherapy-machine-rental-300x200.jpeg 300w, https:\/\/cryomed.pro\/wp-content\/uploads\/2024\/03\/cryotherapy-machine-rental-768x512.jpeg 768w\" sizes=\"auto, (max-width: 1000px) 100vw, 1000px\" \/><\/figure>\n\n\n\n<figure class=\"wp-block-image size-large\"><img loading=\"lazy\" decoding=\"async\" width=\"682\" height=\"1024\" data-id=\"39044\" src=\"https:\/\/cryomed.pro\/wp-content\/uploads\/2024\/03\/rent-cryotherapy-machine-682x1024.jpg\" alt=\"rent cryotherapy machine\" class=\"wp-image-39044\" title=\"rent cryotherapy machine\" srcset=\"https:\/\/cryomed.pro\/wp-content\/uploads\/2024\/03\/rent-cryotherapy-machine-682x1024.jpg 682w, https:\/\/cryomed.pro\/wp-content\/uploads\/2024\/03\/rent-cryotherapy-machine-200x300.jpg 200w, https:\/\/cryomed.pro\/wp-content\/uploads\/2024\/03\/rent-cryotherapy-machine-768x1152.jpg 768w, https:\/\/cryomed.pro\/wp-content\/uploads\/2024\/03\/rent-cryotherapy-machine.jpg 853w\" sizes=\"auto, (max-width: 682px) 100vw, 682px\" \/><\/figure>\n<\/figure>\n","protected":false},"excerpt":{"rendered":"<p>Prenajmite si kryosaunu a roz\u0161\u00edrte svoje podnikanie. Objavte jednoduch\u00fd sp\u00f4sob, ako zv\u00fd\u0161i\u0165 svoj zisk. <\/p>\n","protected":false},"author":1,"featured_media":0,"parent":38364,"menu_order":2,"comment_status":"closed","ping_status":"closed","template":"templates\/sidebar-right.php","meta":{"inline_featured_image":false,"footnotes":""},"class_list":["hentry"],"meta_box":[],"_links":{"self":[{"href":"https:\/\/cryomed.pro\/sk\/wp-json\/wp\/v2\/pages\/41378","targetHints":{"allow":["GET"]}}],"collection":[{"href":"https:\/\/cryomed.pro\/sk\/wp-json\/wp\/v2\/pages"}],"about":[{"href":"https:\/\/cryomed.pro\/sk\/wp-json\/wp\/v2\/types\/page"}],"author":[{"embeddable":true,"href":"https:\/\/cryomed.pro\/sk\/wp-json\/wp\/v2\/users\/1"}],"replies":[{"embeddable":true,"href":"https:\/\/cryomed.pro\/sk\/wp-json\/wp\/v2\/comments?post=41378"}],"version-history":[{"count":0,"href":"https:\/\/cryomed.pro\/sk\/wp-json\/wp\/v2\/pages\/41378\/revisions"}],"up":[{"embeddable":true,"href":"https:\/\/cryomed.pro\/sk\/wp-json\/wp\/v2\/pages\/38364"}],"wp:attachment":[{"href":"https:\/\/cryomed.pro\/sk\/wp-json\/wp\/v2\/media?parent=41378"}],"curies":[{"name":"wp","href":"https:\/\/api.w.org\/{rel}","templated":true}]}}