{"id":39398,"date":"2020-08-07T14:22:32","date_gmt":"2020-08-07T14:22:32","guid":{"rendered":"https:\/\/cryomed.pro\/about-us\/our-team\/"},"modified":"2024-08-14T18:06:15","modified_gmt":"2024-08-14T18:06:15","slug":"nas-tim","status":"publish","type":"page","link":"https:\/\/cryomed.pro\/sk\/o-nas\/nas-tim\/","title":{"rendered":"N\u00e1\u0161 t\u00edm"},"content":{"rendered":"\n\n\n\n<div class=\"section section-our-team-gallery\">\n\t<div class=\"container\">\n\t\t<!-- <div class=\"grid sm:grid-cols-2 lg:grid-cols-3 xl:grid-cols-4 gap-10\"> -->\n\t\t<div class=\"grid sm:grid-cols-2 lg:grid-cols-3 gap-10 xl:gap-20\">\n\t\t\t<div class=\"card\">\n\t\t\t\t<figure class=\"card-media\">\n\t\t\t\t\t<img decoding=\"async\" src=\"https:\/\/cryomed.pro\/wp-content\/themes\/cryomed\/inc\/shortcodes\/pages\/about-us\/our-team\/assets\/Olena Sydorenko, Marketing Director.jpg\" alt=\"Olena Sydorenko\">\n\t\t\t\t<\/figure>\n\n\t\t\t\t<div class=\"card-body flex flex-col justify-center text-center mt-4\">\n\t\t\t\t\t<span class=\"card-name text-navy\">Olena Sydorenko<\/span>\n\t\t\t\t\t<span class=\"card-position text-navy text-opacity-50 text-sm font-light mt-1\">Marketingov\u00e1 riadite\u013eka<\/span>\n\t\t\t\t<\/div>\n\t\t\t<\/div>\n\t\t\t<div class=\"card\">\n\t\t\t\t<figure class=\"card-media\">\n\t\t\t\t\t<img decoding=\"async\" src=\"https:\/\/cryomed.pro\/wp-content\/themes\/cryomed\/inc\/shortcodes\/pages\/about-us\/our-team\/assets\/Mykhailo Liubchenko, Co-Owner of Cryomed Manufacture s.r.o.jpg\" alt=\"Mykhailo Liubchenko\">\n\t\t\t\t<\/figure>\n\n\t\t\t\t<div class=\"card-body flex flex-col justify-center text-center mt-4\">\n\t\t\t\t\t<span class=\"card-name text-navy\">Mykhailo Liubchenko<\/span>\n\t\t\t\t\t<span class=\"card-position text-navy text-opacity-50 text-sm font-light mt-1\">Gener\u00e1lny riadite\u013e spolo\u010dnosti <br>\nCryomed Manufacture s.r.o.<\/span>\n\t\t\t\t<\/div>\n\t\t\t<\/div>\n\t\t\t<div class=\"card\">\n\t\t\t\t<figure class=\"card-media\">\n\t\t\t\t\t<img decoding=\"async\" src=\"https:\/\/cryomed.pro\/wp-content\/themes\/cryomed\/inc\/shortcodes\/pages\/about-us\/our-team\/assets\/Mariia Shepilova, Marketing Director Assistant.jpg\" alt=\"Mariia Shepilova\">\n\t\t\t\t<\/figure>\n\n\t\t\t\t<div class=\"card-body flex flex-col justify-center text-center mt-4\">\n\t\t\t\t\t<span class=\"card-name text-navy\">Mariia Shepilova<\/span>\n\t\t\t\t\t<span class=\"card-position text-navy text-opacity-50 text-sm font-light mt-1\">Asistentka marketingov\u00e9ho riadite\u013ea<\/span>\n\t\t\t\t<\/div>\n\t\t\t<\/div>\n\t\t\t<div class=\"card\">\n\t\t\t\t<figure class=\"card-media\">\n\t\t\t\t\t<img decoding=\"async\" src=\"https:\/\/cryomed.pro\/wp-content\/themes\/cryomed\/inc\/shortcodes\/pages\/about-us\/our-team\/assets\/Sergii Kryvonos, Sales Representative.jpg\" alt=\"Sergii Kryvonos\">\n\t\t\t\t<\/figure>\n\n\t\t\t\t<div class=\"card-body flex flex-col justify-center text-center mt-4\">\n\t\t\t\t\t<span class=\"card-name text-navy\">Sergii Kryvonos<\/span>\n\t\t\t\t\t<span class=\"card-position text-navy text-opacity-50 text-sm font-light mt-1\">Obchodn\u00fd z\u00e1stupca<\/span>\n\t\t\t\t<\/div>\n\t\t\t<\/div>\n\t\t\t<div class=\"card\">\n\t\t\t\t<figure class=\"card-media\">\n\t\t\t\t\t<img decoding=\"async\" src=\"https:\/\/cryomed.pro\/wp-content\/themes\/cryomed\/inc\/shortcodes\/pages\/about-us\/our-team\/assets\/Viktoriia Boyarska, Back-Office Manager.jpg\" alt=\"Viktoriia Boyarska\">\n\t\t\t\t<\/figure>\n\n\t\t\t\t<div class=\"card-body flex flex-col justify-center text-center mt-4\">\n\t\t\t\t\t<span class=\"card-name text-navy\">Viktoriia Boyarska<\/span>\n\t\t\t\t\t<span class=\"card-position text-navy text-opacity-50 text-sm font-light mt-1\">Mana\u017e\u00e9rka back-office<\/span>\n\t\t\t\t<\/div>\n\t\t\t<\/div>\n\t\t\t<div class=\"card\">\n\t\t\t\t<figure class=\"card-media\">\n\t\t\t\t\t<img decoding=\"async\" src=\"https:\/\/cryomed.pro\/wp-content\/themes\/cryomed\/inc\/shortcodes\/pages\/about-us\/our-team\/assets\/Larysa Zhbanova, Project Manager.jpg\" alt=\"Larysa Zhbanova\">\n\t\t\t\t<\/figure>\n\n\t\t\t\t<div class=\"card-body flex flex-col justify-center text-center mt-4\">\n\t\t\t\t\t<span class=\"card-name text-navy\">Larysa Zhbanova<\/span>\n\t\t\t\t\t<span class=\"card-position text-navy text-opacity-50 text-sm font-light mt-1\">Projektov\u00e1 mana\u017e\u00e9rka<\/span>\n\t\t\t\t<\/div>\n\t\t\t<\/div>\n\t\t\t<div class=\"card\">\n\t\t\t\t<figure class=\"card-media\">\n\t\t\t\t\t<img decoding=\"async\" src=\"https:\/\/cryomed.pro\/wp-content\/themes\/cryomed\/inc\/shortcodes\/pages\/about-us\/our-team\/assets\/Yulia Lievshyna, SMM manager.jpg\" alt=\"Yulia Lievshyna\">\n\t\t\t\t<\/figure>\n\n\t\t\t\t<div class=\"card-body flex flex-col justify-center text-center mt-4\">\n\t\t\t\t\t<span class=\"card-name text-navy\">Yulia Lievshyna<\/span>\n\t\t\t\t\t<span class=\"card-position text-navy text-opacity-50 text-sm font-light mt-1\">SMM mana\u017e\u00e9rka<\/span>\n\t\t\t\t<\/div>\n\t\t\t<\/div>\n\t\t<\/div>\n\t<\/div>\n<\/div>\n\n\n\n<div class=\"section section-why-us\">\n\t<div class=\"container\">\n\t\t<header class=\"section__header text-center\">\n            <h2 class=\"section__title\">Pre\u010do pr\u00e1ve my? <\/h2>\n        <\/header>\n\n\t\t<div class=\"section-row\" style=\"text-align: justify\">\n\t\t\t<div class=\"section-col col-span-1 flex flex-col\">\n\t\t\t\t<div class=\"card flex-1\">\n                    <div class=\"card-media\">\n                        <img decoding=\"async\" src=\"https:\/\/cryomed.pro\/wp-content\/themes\/cryomed\/inc\/shortcodes\/pages\/about-us\/our-team\/assets\/circles_three_plus.svg\" alt=\"N\u00e1\u0161 t\u00edm\">\n                    <\/div>\n                    <div class=\"card-body\">\n                        <h3 class=\"card-title\">Men\u00edme veci k lep\u0161iemu<\/h3>\n                        <p>Pon\u00fakame naj\u0161ir\u0161\u00ed modelov\u00fd rad kryoterapeutick\u00fdch produktov na trhu. U n\u00e1s si m\u00f4\u017eete vybra\u0165 ve\u013ekos\u0165 zariadenia pod\u013ea va\u0161ich priestorov, v\u00e4\u010d\u0161iu alebo men\u0161iu kab\u00ednu pod\u013ea toho, ak\u00fdch z\u00e1kazn\u00edkov o\u010dak\u00e1vate, kompatibilitu s Dewarov\u00fdmi alebo tlakov\u00fdmi n\u00e1dr\u017eami pod\u013ea po\u010dtu proced\u00far, ktor\u00e9 pl\u00e1nujete poskytova\u0165.<\/p>\n                    <\/div>\n                <\/div>\n\t\t\t<\/div>\n\t\t\t<div class=\"section-col col-span-1 flex flex-col\">\n\t\t\t\t<div class=\"card flex-1\">\n                    <div class=\"card-media\">\n                        <img decoding=\"async\" src=\"https:\/\/cryomed.pro\/wp-content\/themes\/cryomed\/inc\/shortcodes\/pages\/about-us\/our-team\/assets\/chart_up.svg\" alt=\"N\u00e1\u0161 t\u00edm\">\n                    <\/div>\n                    <div class=\"card-body\">\n                        <h3 class=\"card-title\">Rastieme<\/h3>\n                        <p>Na\u0161e oddelenie v\u00fdskumu a v\u00fdvoja ka\u017ed\u00fd rok vyd\u00e1va nov\u00e9 modely a ka\u017ed\u00fdch p\u00e1r mesiacov prich\u00e1dza s vylep\u0161eniami a aktualiz\u00e1ciami softv\u00e9ru, aby sme vytvorili \u010do najbezpe\u010dnej\u0161ie a najpr\u00edjemnej\u0161ie prostredie pre kryoterapiu.<\/p>\n                    <\/div>\n                <\/div>\n\t\t\t<\/div>\n\t\t\t<div class=\"section-col col-span-1 flex flex-col\">\n\t\t\t\t<div class=\"card flex-1\">\n                    <div class=\"card-media\">\n                        <img decoding=\"async\" src=\"https:\/\/cryomed.pro\/wp-content\/themes\/cryomed\/inc\/shortcodes\/pages\/about-us\/our-team\/assets\/timer.svg\" alt=\"N\u00e1\u0161 t\u00edm\">\n                    <\/div>\n                    <div class=\"card-body\">\n                        <h3 class=\"card-title\">M\u00e1me sk\u00fasenosti<\/h3>\n                        <p>So svojou 19-ro\u010dnou hist\u00f3riou vo v\u00fdrobe.<\/p>\n                    <\/div>\n                <\/div>\n\t\t\t<\/div>\n\t\t\t<div class=\"section-col col-span-1 flex flex-col\">\n\t\t\t\t<div class=\"card flex-1\">\n                    <div class=\"card-media\">\n                        <img decoding=\"async\" src=\"https:\/\/cryomed.pro\/wp-content\/themes\/cryomed\/inc\/shortcodes\/pages\/about-us\/our-team\/assets\/cryobus.svg\" alt=\"N\u00e1\u0161 t\u00edm\">\n                    <\/div>\n                    <div class=\"card-body\">\n                        <h3 class=\"card-title\">Poskytujeme podporu<\/h3>\n                        <p>Sme presved\u010den\u00ed o kvalite na\u0161ich v\u00fdrobkov.<\/p>\n                    <\/div>\n                <\/div>\n\t\t\t<\/div>\n\t\t<\/div>\n\t<\/div>\n<\/div>\n\n\n\n<section class=\"section section-benefits-2\">\n    <div class=\"container\">\n        <header class=\"section__header text-center\">\n            <h2 class=\"section__title\">Obchodn\u00e9 slu\u017eby<\/h2>\n        <\/header>\n\n        <div class=\"section-row\">\n            <div class=\"section-col col-span-1 flex flex-col\">\n                <div class=\"card flex-1\">\n                    <div class=\"card-media\">\n                        <img decoding=\"async\" src=\"https:\/\/cryomed.pro\/wp-content\/themes\/cryomed\/inc\/shortcodes\/pages\/about-us\/our-team\/assets\/handshake.svg\" alt=\"N\u00e1\u0161 t\u00edm\">\n                    <\/div>\n                    <div class=\"card-body\">\n                        <h3 class=\"card-title\">S nami to rozbehnete<\/h3>\n                        <p>Rozhodnite sa pre l\u00edzing, pren\u00e1jom alebo obchod na rozbehnutie v\u00e1\u0161ho podnikania<\/p>\n                    <\/div>\n                <\/div>\n            <\/div>\n            <div class=\"section-col col-span-1 flex flex-col\">\n                <div class=\"card flex-1\">\n                    <div class=\"card-media\">\n                        <img decoding=\"async\" src=\"https:\/\/cryomed.pro\/wp-content\/themes\/cryomed\/inc\/shortcodes\/pages\/about-us\/our-team\/assets\/book_open.svg\" alt=\"N\u00e1\u0161 t\u00edm\">\n                    <\/div>\n                    <div class=\"card-body\">\n                        <h3 class=\"card-title\">Podpor\u00edme v\u00e1s<\/h3>\n                        <p>Z\u00edskajte kompletn\u00fd marketingov\u00fd a propaga\u010dn\u00fd bal\u00edk na rozbehnutie v\u00e1\u0161ho podnikania<\/p>\n                    <\/div>\n                <\/div>\n            <\/div>\n            <div class=\"section-col col-span-1 flex flex-col\">\n                <div class=\"card flex-1\">\n                    <div class=\"card-media\">\n                        <img decoding=\"async\" src=\"https:\/\/cryomed.pro\/wp-content\/themes\/cryomed\/inc\/shortcodes\/pages\/about-us\/our-team\/assets\/briefcase.svg\" alt=\"N\u00e1\u0161 t\u00edm\">\n                    <\/div>\n                    <div class=\"card-body\">\n                        <h3 class=\"card-title\">Porad\u00edme<\/h3>\n                        <p>Po\u017eiadajte n\u00e1s o pomoc pri vypracovan\u00ed marketingov\u00fdch pl\u00e1nov a reklamn\u00fdch strat\u00e9gi\u00ed<\/p>\n                    <\/div>\n                <\/div>\n            <\/div>\n            <div class=\"section-col col-span-1 flex flex-col\">\n                <div class=\"card flex-1\">\n                    <div class=\"card-media\">\n                        <img decoding=\"async\" src=\"https:\/\/cryomed.pro\/wp-content\/themes\/cryomed\/inc\/shortcodes\/pages\/about-us\/our-team\/assets\/graduation_cap.svg\" alt=\"N\u00e1\u0161 t\u00edm\">\n                    <\/div>\n                    <div class=\"card-body\">\n                        <h3 class=\"card-title\">Za\u0161kol\u00edme<\/h3>\n                        <p>Po\u0161lite \u017eiados\u0165 a nechajte si vy\u0161koli\u0165 oper\u00e1torov priamo na mieste<\/p>\n                    <\/div>\n                <\/div>\n            <\/div>\n            <div class=\"section-col col-span-1 flex flex-col\">\n                <div class=\"card flex-1\">\n                    <div class=\"card-media\">\n                        <img decoding=\"async\" src=\"https:\/\/cryomed.pro\/wp-content\/themes\/cryomed\/inc\/shortcodes\/pages\/about-us\/our-team\/assets\/diamond.svg\" alt=\"N\u00e1\u0161 t\u00edm\">\n                    <\/div>\n                    <div class=\"card-body\">\n                        <h3 class=\"card-title\">Ideme do h\u013abky<\/h3>\n                        <p>Zaregistrujte sa na n\u00e1\u0161 bezplatn\u00fd online \u0161koliaci kurz, aby ste mohli svojim z\u00e1kazn\u00edkom poskytova\u0165 tie najlep\u0161ie slu\u017eby<\/p>\n                    <\/div>\n                <\/div>\n            <\/div>\n            <div class=\"section-col col-span-1 flex flex-col\">\n                <div class=\"card flex-1\">\n                    <div class=\"card-media\">\n                        <img decoding=\"async\" src=\"https:\/\/cryomed.pro\/wp-content\/themes\/cryomed\/inc\/shortcodes\/pages\/about-us\/our-team\/assets\/shield_check.svg\" alt=\"N\u00e1\u0161 t\u00edm\">\n                    <\/div>\n                    <div class=\"card-body\">\n                        <h3 class=\"card-title\">Star\u00e1me sa o v\u00e1s<\/h3>\n                        <p>Spo\u013eahnite sa na na\u0161u podporu v pr\u00edpade ak\u00fdchko\u013evek probl\u00e9mov s in\u0161tal\u00e1ciou, prev\u00e1dzkou alebo \u00fadr\u017ebou<\/p>\n                    <\/div>\n                <\/div>\n            <\/div>\n            <div class=\"section-col col-span-1 flex flex-col\" style=\"grid-column: 2 \/ span 1;  justify-self: center;\">\n                <div class=\"card flex-1\">\n                    <div class=\"card-media\">\n                        <img decoding=\"async\" src=\"https:\/\/cryomed.pro\/wp-content\/themes\/cryomed\/inc\/shortcodes\/pages\/about-us\/our-team\/assets\/airplane.svg\" alt=\"N\u00e1\u0161 t\u00edm\">\n                    <\/div>\n                    <div class=\"card-body\">\n                        <h3 class=\"card-title\">Dod\u00e1vame po celom svete<\/h3>\n                        <p>Vyu\u017eite na\u0161u pomoc pri celosvetovom doru\u010dovan\u00ed letecky alebo kami\u00f3nom<\/p>\n                    <\/div>\n                <\/div>\n            <\/div>\n        <\/div>\n    <\/div>\n<\/section>\n\n","protected":false},"excerpt":{"rendered":"","protected":false},"author":1,"featured_media":0,"parent":38368,"menu_order":1,"comment_status":"closed","ping_status":"closed","template":"","meta":{"inline_featured_image":false,"footnotes":""},"class_list":["hentry"],"meta_box":[],"_links":{"self":[{"href":"https:\/\/cryomed.pro\/sk\/wp-json\/wp\/v2\/pages\/39398","targetHints":{"allow":["GET"]}}],"collection":[{"href":"https:\/\/cryomed.pro\/sk\/wp-json\/wp\/v2\/pages"}],"about":[{"href":"https:\/\/cryomed.pro\/sk\/wp-json\/wp\/v2\/types\/page"}],"author":[{"embeddable":true,"href":"https:\/\/cryomed.pro\/sk\/wp-json\/wp\/v2\/users\/1"}],"replies":[{"embeddable":true,"href":"https:\/\/cryomed.pro\/sk\/wp-json\/wp\/v2\/comments?post=39398"}],"version-history":[{"count":0,"href":"https:\/\/cryomed.pro\/sk\/wp-json\/wp\/v2\/pages\/39398\/revisions"}],"up":[{"embeddable":true,"href":"https:\/\/cryomed.pro\/sk\/wp-json\/wp\/v2\/pages\/38368"}],"wp:attachment":[{"href":"https:\/\/cryomed.pro\/sk\/wp-json\/wp\/v2\/media?parent=39398"}],"curies":[{"name":"wp","href":"https:\/\/api.w.org\/{rel}","templated":true}]}}