{"id":38431,"date":"2020-05-27T15:04:51","date_gmt":"2020-05-27T15:04:51","guid":{"rendered":"https:\/\/cryomed.pro\/sitemap\/"},"modified":"2024-08-14T18:06:52","modified_gmt":"2024-08-14T18:06:52","slug":"mapa-stranok","status":"publish","type":"page","link":"https:\/\/cryomed.pro\/sk\/mapa-stranok\/","title":{"rendered":"Mapa str\u00e1nok"},"content":{"rendered":"\n<p>All articles on cryotherapy and cryosauna production are collected on this page. If you want to read about the classic cryosauna or cryotherapy certification in different countries, or want to know more about the benefits of cryosauna and cryotherapy advantages \u2013 welcome to our website! You will also find the articles translated to other languages \u2013 look for links to pages with the text \u201ccryotherapy in spanish\u201d, \u201ccryotherapy in german\u201d, etc. <\/p>\n\n\n<div class=\"wsp-container\"><h2 class=\"wsp-pages-title\">Pages<\/h2>\n<ul class=\"wsp-pages-list\">\n<li class=\"page_item page-item-38298 page_item_has_children\"><a href=\"https:\/\/cryomed.pro\/sk\/business\/\">Business<\/a>\n<ul class='children'>\n\t<li class=\"page_item page-item-38351\"><a href=\"https:\/\/cryomed.pro\/sk\/business\/kalkulacka\/\">Kalkula\u010dka<\/a><\/li>\n\t<li class=\"page_item page-item-38364 page_item_has_children\"><a href=\"https:\/\/cryomed.pro\/sk\/business\/financovanie\/\">Financovanie<\/a>\n\t<ul class='children'>\n\t\t<li class=\"page_item page-item-41497\"><a href=\"https:\/\/cryomed.pro\/sk\/business\/financovanie\/vymen-stare-za-nove\/\">Vyme\u0148 star\u00e9 za nov\u00e9<\/a><\/li>\n\t\t<li class=\"page_item page-item-41492\"><a href=\"https:\/\/cryomed.pro\/sk\/business\/financovanie\/lizing\/\">L\u00edzing<\/a><\/li>\n\t\t<li class=\"page_item page-item-41378\"><a href=\"https:\/\/cryomed.pro\/sk\/business\/financovanie\/prenajom\/\">Pren\u00e1jom<\/a><\/li>\n\t<\/ul>\n<\/li>\n\t<li class=\"page_item page-item-38301 page_item_has_children\"><a href=\"https:\/\/cryomed.pro\/sk\/business\/sluzby\/\">Slu\u017eby<\/a>\n\t<ul class='children'>\n\t\t<li class=\"page_item page-item-38295\"><a href=\"https:\/\/cryomed.pro\/sk\/business\/sluzby\/marketing\/\">Marketing<\/a><\/li>\n\t\t<li class=\"page_item page-item-38308\"><a href=\"https:\/\/cryomed.pro\/sk\/business\/sluzby\/trening\/\">Tr\u00e9ning<\/a><\/li>\n\t\t<li class=\"page_item page-item-38311\"><a href=\"https:\/\/cryomed.pro\/sk\/business\/sluzby\/support\/\">Podpora<\/a><\/li>\n\t\t<li class=\"page_item page-item-38314\"><a href=\"https:\/\/cryomed.pro\/sk\/business\/sluzby\/instalacia\/\">In\u0161tal\u00e1cia<\/a><\/li>\n\t\t<li class=\"page_item page-item-38319\"><a href=\"https:\/\/cryomed.pro\/sk\/business\/sluzby\/doprava\/\">Doprava<\/a><\/li>\n\t<\/ul>\n<\/li>\n<\/ul>\n<\/li>\n<li class=\"page_item page-item-46033\"><a href=\"https:\/\/cryomed.pro\/sk\/thank-you-for-signing-up\/\">\u010eakujeme za registr\u00e1ciu!<\/a><\/li>\n<li class=\"page_item page-item-46031\"><a href=\"https:\/\/cryomed.pro\/sk\/thank-you-page\/\">\u010eakujeme za V\u00e1\u0161 kontakt<\/a><\/li>\n<li class=\"page_item page-item-38217\"><a href=\"https:\/\/cryomed.pro\/sk\/\">Domov<\/a><\/li>\n<li class=\"page_item page-item-38242 page_item_has_children\"><a href=\"https:\/\/cryomed.pro\/sk\/kryoterapia\/\">Kryoterapia<\/a>\n<ul class='children'>\n\t<li class=\"page_item page-item-38338\"><a href=\"https:\/\/cryomed.pro\/sk\/kryoterapia\/celotelova\/\">Celotelov\u00e1<\/a><\/li>\n\t<li class=\"page_item page-item-38334\"><a href=\"https:\/\/cryomed.pro\/sk\/kryoterapia\/lokalna\/\">Lok\u00e1lna<\/a><\/li>\n\t<li class=\"page_item page-item-38250\"><a href=\"https:\/\/cryomed.pro\/sk\/kryoterapia\/kryoterapia-v-sporte\/\">Kryoterapia v \u0161porte<\/a><\/li>\n\t<li class=\"page_item page-item-38263\"><a href=\"https:\/\/cryomed.pro\/sk\/kryoterapia\/in-medicine\/\">Kryoterapia v zdravotn\u00edctve<\/a><\/li>\n\t<li class=\"page_item page-item-38271\"><a href=\"https:\/\/cryomed.pro\/sk\/kryoterapia\/kryoterapia-v-kozmetike\/\">Kryoterapia v kozmetike<\/a><\/li>\n\t<li class=\"page_item page-item-38289\"><a href=\"https:\/\/cryomed.pro\/sk\/kryoterapia\/cryo-center\/\">Kryocentrum<\/a><\/li>\n<\/ul>\n<\/li>\n<li class=\"page_item page-item-38431\"><a href=\"https:\/\/cryomed.pro\/sk\/mapa-stranok\/\">Mapa str\u00e1nok<\/a><\/li>\n<li class=\"page_item page-item-38368 page_item_has_children\"><a href=\"https:\/\/cryomed.pro\/sk\/o-nas\/\">O n\u00e1s<\/a>\n<ul class='children'>\n\t<li class=\"page_item page-item-39403\"><a href=\"https:\/\/cryomed.pro\/sk\/o-nas\/kontakty\/\">Kontakty<\/a><\/li>\n\t<li class=\"page_item page-item-39398\"><a href=\"https:\/\/cryomed.pro\/sk\/o-nas\/nas-tim\/\">N\u00e1\u0161 t\u00edm<\/a><\/li>\n\t<li class=\"page_item page-item-38356\"><a href=\"https:\/\/cryomed.pro\/sk\/o-nas\/certifikaty\/\">Certifik\u00e1ty<\/a><\/li>\n\t<li class=\"page_item page-item-38388\"><a href=\"https:\/\/cryomed.pro\/sk\/o-nas\/distributori\/\">Distrib\u00fatori<\/a><\/li>\n\t<li class=\"page_item page-item-39421\"><a href=\"https:\/\/cryomed.pro\/sk\/o-nas\/recenzie\/\">Recenzie<\/a><\/li>\n<\/ul>\n<\/li>\n<li class=\"page_item page-item-38430\"><a href=\"https:\/\/cryomed.pro\/sk\/podmienky\/\">Podmienky<\/a><\/li>\n<li class=\"page_item page-item-38235\"><a href=\"https:\/\/cryomed.pro\/sk\/zariadenia\/\">Zariadenia<\/a><\/li>\n<li class=\"page_item page-item-38428\"><a href=\"https:\/\/cryomed.pro\/sk\/zasady-ochrany-osobnych-udajov\/\">Z\u00e1sady ochrany osobn\u00fdch \u00fadajov<\/a><\/li>\n<\/ul>\n<h2 class=\"wsp-products-title\">Products<\/h2>\n<ul class=\"wsp-products-list\">\n<li><a href=\"https:\/\/cryomed.pro\/sk\/equipment\/cryochambers\/elektricke\/\">Elektrick\u00e9<\/a><\/li>\n<li><a href=\"https:\/\/cryomed.pro\/sk\/equipment\/cryosaunas\/cryomed-cf-04-equine-zariadenie-na-kryoterapiu-koni\/\">Cryomed CF-04 Equine: zariadenie na kryoterapiu kon\u00ed<\/a><\/li>\n<li><a href=\"https:\/\/cryomed.pro\/sk\/equipment\/equine-cryotherapy\/kryomed-equine-cryo\/\">Kryomed Equine Cryo<\/a><\/li>\n<li><a href=\"https:\/\/cryomed.pro\/sk\/equipment\/kryosauny\/pre-owned-2020-cryobuilt-c-4-two-stage-chamber-cryotherapy-unit-usa\/\">Pre-owned 2020 Cryobuilt C-4 Two-Stage Chamber Cryotherapy Unit (USA)<\/a><\/li>\n<li><a href=\"https:\/\/cryomed.pro\/sk\/equipment\/kryosauny\/2020-cryomed-basic-used-cryotherapy-machine\/\">2020 Cryomed Basic, used cryotherapy machine<\/a><\/li>\n<li><a href=\"https:\/\/cryomed.pro\/sk\/equipment\/cryochambers\/cryomed-icechill-osetrenie-chladom\/\">Cryomed IceChill: o\u0161etrenie chladom<\/a><\/li>\n<li><a href=\"https:\/\/cryomed.pro\/sk\/equipment\/kryosauny\/cryomed-pro-ultra-dokonale-riesenie-pre-terapiu-chladom\/\">Cryomed Pro Ultra: dokonal\u00e9 rie\u0161enie pre terapiu chladom<\/a><\/li>\n<li><a href=\"https:\/\/cryomed.pro\/sk\/equipment\/kryosauny\/cryomed-one-ultra-najlepsia-volba\/\">Cryomed One Ultra - najlep\u0161ia vo\u013eba<\/a><\/li>\n<li><a href=\"https:\/\/cryomed.pro\/sk\/equipment\/cryogenic-tanks\/tlakove-nadrze\/\">Tlakov\u00e9 n\u00e1dr\u017ee<\/a><\/li>\n<li><a href=\"https:\/\/cryomed.pro\/sk\/equipment\/kryosauny\/cryomed-mini-skladom\/\">Cryomed Mini (skladom)<\/a><\/li>\n<li><a href=\"https:\/\/cryomed.pro\/sk\/equipment\/cryogenic-tanks\/beztlakove-dewarove-nadrze\/\">Beztlakov\u00e9 Dewarove n\u00e1dr\u017ee<\/a><\/li>\n<li><a href=\"https:\/\/cryomed.pro\/sk\/equipment\/cryofans\/cryomed-cf-05-vylepseny-profesionalny-pristroj-na-kryoterapiu\/\">Cryomed CF-05: Vylep\u0161en\u00fd profesion\u00e1lny pr\u00edstroj na kryoterapiu<\/a><\/li>\n<li><a href=\"https:\/\/cryomed.pro\/sk\/equipment\/cryosaunas\/cryomed-cf-04-ucinny-pristroj-na-kryoterapiu\/\">Cryomed CF-04: \u00fa\u010dinn\u00fd pr\u00edstroj na kryoterapiu<\/a><\/li>\n<li><a href=\"https:\/\/cryomed.pro\/sk\/equipment\/kryosauny\/cryomed-basic-kryosauna-pro-efektivnu-terapiu\/\">Cryomed Basic: Kryosauna pro efekt\u00edvnu terapiu<\/a><\/li>\n<li><a href=\"https:\/\/cryomed.pro\/sk\/equipment\/kryosauny\/cryomed-one-rozumne-rozhodnutie\/\">Cryomed One - Rozumn\u00e9 rozhodnutie<\/a><\/li>\n<li><a href=\"https:\/\/cryomed.pro\/sk\/equipment\/kryosauny\/cryomed-mini-kompaktna-kryoterapia\/\">Cryomed Mini: Kompaktn\u00e1 kryoterapia<\/a><\/li>\n<li><a href=\"https:\/\/cryomed.pro\/sk\/equipment\/kryosauny\/cryomed-pro-vykonne-riesenie\/\">Cryomed Pro: v\u00fdkonn\u00e9 rie\u0161enie<\/a><\/li>\n<\/ul>\n<h2 class=\"wsp-product_cats-title\">Product categories<\/h2>\n<ul class=\"wsp-product_cats-list\">\n<li><a href=\"https:\/\/cryomed.pro\/sk\/equipment\/kryosauny\/\">Kryosauny<\/a><\/li>\n<li><a href=\"https:\/\/cryomed.pro\/sk\/equipment\/kryokomory\/\">Kryokomory<\/a><\/li>\n<li><a href=\"https:\/\/cryomed.pro\/sk\/equipment\/kryofeny\/\">Kryof\u00e9ny<\/a><\/li>\n<li><a href=\"https:\/\/cryomed.pro\/sk\/equipment\/mobilna-kryosauna\/\">Mobiln\u00e1 kryosauna<\/a><\/li>\n<li><a href=\"https:\/\/cryomed.pro\/sk\/equipment\/equine-kryoterapia\/\">Equine kryoterapia<\/a><\/li>\n<li><a href=\"https:\/\/cryomed.pro\/sk\/equipment\/kryogenne-nadrze\/\">Kryog\u00e9nne n\u00e1dr\u017ee<\/a><\/li>\n<li><a href=\"https:\/\/cryomed.pro\/sk\/equipment\/skladove-jednotky\/\">Skladov\u00e9 jednotky<\/a><\/li>\n<li><a href=\"https:\/\/cryomed.pro\/sk\/equipment\/pouzite-zariadenia\/\">Pou\u017eit\u00e9 zariadenia<\/a><\/li>\n<\/ul>\n<\/div>\n","protected":false},"excerpt":{"rendered":"<p>All articles on cryotherapy and cryosauna production are collected on this page. If you want to read about the classic cryosauna or cryotherapy&hellip;<\/p>\n","protected":false},"author":1,"featured_media":0,"parent":0,"menu_order":0,"comment_status":"closed","ping_status":"closed","template":"","meta":{"inline_featured_image":false,"footnotes":""},"class_list":["hentry"],"meta_box":[],"_links":{"self":[{"href":"https:\/\/cryomed.pro\/sk\/wp-json\/wp\/v2\/pages\/38431","targetHints":{"allow":["GET"]}}],"collection":[{"href":"https:\/\/cryomed.pro\/sk\/wp-json\/wp\/v2\/pages"}],"about":[{"href":"https:\/\/cryomed.pro\/sk\/wp-json\/wp\/v2\/types\/page"}],"author":[{"embeddable":true,"href":"https:\/\/cryomed.pro\/sk\/wp-json\/wp\/v2\/users\/1"}],"replies":[{"embeddable":true,"href":"https:\/\/cryomed.pro\/sk\/wp-json\/wp\/v2\/comments?post=38431"}],"version-history":[{"count":0,"href":"https:\/\/cryomed.pro\/sk\/wp-json\/wp\/v2\/pages\/38431\/revisions"}],"wp:attachment":[{"href":"https:\/\/cryomed.pro\/sk\/wp-json\/wp\/v2\/media?parent=38431"}],"curies":[{"name":"wp","href":"https:\/\/api.w.org\/{rel}","templated":true}]}}