{"id":38368,"date":"2020-07-30T09:30:25","date_gmt":"2020-07-30T09:30:25","guid":{"rendered":"https:\/\/cryomed.pro\/about-us\/"},"modified":"2025-05-16T21:36:00","modified_gmt":"2025-05-16T21:36:00","slug":"o-nas","status":"publish","type":"page","link":"https:\/\/cryomed.pro\/sk\/o-nas\/","title":{"rendered":"O n\u00e1s"},"content":{"rendered":"\n<div class=\"wp-block-group alignfull wp-block-group-media-text\"><div class=\"wp-block-group__inner-container is-layout-flow wp-block-group-is-layout-flow\">\n<div class=\"wp-block-columns alignwide is-layout-flex wp-container-core-columns-is-layout-9d6595d7 wp-block-columns-is-layout-flex\">\n<div class=\"wp-block-column is-layout-flow wp-block-column-is-layout-flow\">\n<p><img loading=\"lazy\" decoding=\"async\" width=\"1280\" height=\"622\" class=\"wp-image-7885\" style=\"aspect-ratio: 2.006666666666667;object-fit: contain;width: 602px;height: auto\" title=\"Best cryotherapy machines\" src=\"\/wp-content\/uploads\/2021\/08\/photo_2019-11-18_09-28-13.jpg\" alt=\"Best cryotherapy machines\" srcset=\"https:\/\/cryomed.pro\/wp-content\/uploads\/2021\/08\/photo_2019-11-18_09-28-13.jpg 1280w, https:\/\/cryomed.pro\/wp-content\/uploads\/2021\/08\/photo_2019-11-18_09-28-13-300x146.jpg 300w, https:\/\/cryomed.pro\/wp-content\/uploads\/2021\/08\/photo_2019-11-18_09-28-13-1024x498.jpg 1024w, https:\/\/cryomed.pro\/wp-content\/uploads\/2021\/08\/photo_2019-11-18_09-28-13-768x373.jpg 768w\" sizes=\"auto, (max-width: 1280px) 100vw, 1280px\" \/><\/p>\n<p class=\"wp-element-caption\"><span style=\"font-weight: 400\">Fotka<\/span>: <span style=\"font-weight: 400\">najlep\u0161ie kryoterapeutick\u00e9 zariadenia od najzn\u00e1mej\u0161ieho v\u00fdrobcu na svete<\/span><\/p>\n<\/div>\n\n\n\n<div class=\"wp-block-column is-layout-flow wp-block-column-is-layout-flow\">\n<p>Spolo\u010dnos\u0165 Cryomed je popredn\u00fdm v\u00fdrobcom kryog\u00e9nnych zariaden\u00ed s naj\u0161ir\u0161\u00edm sortimentom pr\u00edstrojov na celotelov\u00fa a lok\u00e1lnu kryoterapiu na trhu. Pon\u00fakame \u0161es\u0165 modelov kryos\u00e1un, prenosn\u00fa kryosaunu, kryobox, kryosaunu pre kone a dva modely zariaden\u00ed na lok\u00e1lnu kryoterapiu, ktor\u00e9 sa l\u00ed\u0161ia ve\u013ekos\u0165ou, funkciami a cenou.<\/p>\n\n\n\n<p>Spolo\u010dnos\u0165 Cryomed vyr\u00e1ba pr\u00edstroje na celotelov\u00fa kryoterapiu, zn\u00e1me aj ako kryosauny, kryokapsuly alebo kryopody, od roku 2002. Do dne\u0161n\u00e9ho d\u0148a sme nain\u0161talovali viac ako 1800 kryosaun vo viac ako 70&nbsp;krajin\u00e1ch. V roku 2015 spolo\u010dnos\u0165 Cryomed spustila v\u00fdrobu lok\u00e1lnych kryoterapeutick\u00fdch zariaden\u00ed.<\/p>\n\n\n\n<p>Cel\u00fd tento \u010das na\u0161e intern\u00e9 oddelenie v\u00fdskumu a v\u00fdvoja neust\u00e1le zlep\u0161uje na\u0161e v\u00fdrobky prostredn\u00edctvom inov\u00e1ci\u00ed a \u0161pi\u010dkov\u00fdch technol\u00f3gi\u00ed. Ka\u017ed\u00fd rok vyd\u00e1vame nov\u00e9 modely a ka\u017ed\u00fdch p\u00e1r mesiacov modernizujeme existuj\u00face zariadenia na z\u00e1klade sp\u00e4tnej v\u00e4zby, ktor\u00fa dost\u00e1vame od na\u0161ich z\u00e1kazn\u00edkov.<\/p>\n\n\n\n<p>V\u0161etky zariadenia spolo\u010dnosti Cryomed s\u00fa plne certifikovan\u00e9 a sp\u013a\u0148aj\u00fa tie najpr\u00edsnej\u0161ie normy E\u00da, \u010do sa t\u00fdka prev\u00e1dzkovej \u00fa\u010dinnosti, kvality komponentov, osobnej bezpe\u010dnosti a bezpe\u010dnosti \u017eivotn\u00e9ho prostredia.<\/p>\n\n\n\n<p>V roku 2020 sme v spolo\u010dnosti Cryomed vytvorili jedine\u010dn\u00fd online \u0161koliaci kurz o celotelovej kryoterapii, ktor\u00fd zah\u0155\u0148a jej mechanizmy, bezpe\u010dnostn\u00e9 protokoly a aplik\u00e1cie v oblasti kr\u00e1sy, wellness, \u0161portu a zdravotn\u00edctva. Kurz pom\u00e1ha majite\u013eom firiem vybudova\u0165 efekt\u00edvnu komunik\u00e1ciu a dlhodob\u00e9 vz\u0165ahy s klientmi. \u0160koliaci kurz je na\u0161im klientom k dispoz\u00edcii bezplatne. Sna\u017e\u00edme sa poskytova\u0165 vysok\u00fa kvalitu za konkurencieschopn\u00e9 ceny a pon\u00fakame komplexn\u00e9 poradenstvo, ktor\u00e9 v\u00e1m pom\u00f4\u017ee vybra\u0165 ten spr\u00e1vny produkt pre va\u0161e potreby.<\/p>\n<\/div>\n<\/div>\n<\/div><\/div>\n","protected":false},"excerpt":{"rendered":"<p>Fotka: najlep\u0161ie kryoterapeutick\u00e9 zariadenia od najzn\u00e1mej\u0161ieho v\u00fdrobcu na svete Spolo\u010dnos\u0165 Cryomed je popredn\u00fdm v\u00fdrobcom kryog\u00e9nnych zariaden\u00ed s naj\u0161ir\u0161\u00edm sortimentom pr\u00edstrojov na celotelov\u00fa a&hellip;<\/p>\n","protected":false},"author":1,"featured_media":0,"parent":0,"menu_order":0,"comment_status":"closed","ping_status":"closed","template":"","meta":{"inline_featured_image":false,"footnotes":""},"class_list":["hentry"],"meta_box":[],"_links":{"self":[{"href":"https:\/\/cryomed.pro\/sk\/wp-json\/wp\/v2\/pages\/38368","targetHints":{"allow":["GET"]}}],"collection":[{"href":"https:\/\/cryomed.pro\/sk\/wp-json\/wp\/v2\/pages"}],"about":[{"href":"https:\/\/cryomed.pro\/sk\/wp-json\/wp\/v2\/types\/page"}],"author":[{"embeddable":true,"href":"https:\/\/cryomed.pro\/sk\/wp-json\/wp\/v2\/users\/1"}],"replies":[{"embeddable":true,"href":"https:\/\/cryomed.pro\/sk\/wp-json\/wp\/v2\/comments?post=38368"}],"version-history":[{"count":2,"href":"https:\/\/cryomed.pro\/sk\/wp-json\/wp\/v2\/pages\/38368\/revisions"}],"predecessor-version":[{"id":105475,"href":"https:\/\/cryomed.pro\/sk\/wp-json\/wp\/v2\/pages\/38368\/revisions\/105475"}],"wp:attachment":[{"href":"https:\/\/cryomed.pro\/sk\/wp-json\/wp\/v2\/media?parent=38368"}],"curies":[{"name":"wp","href":"https:\/\/api.w.org\/{rel}","templated":true}]}}