{"id":38364,"date":"2020-07-30T08:18:03","date_gmt":"2020-07-30T08:18:03","guid":{"rendered":"https:\/\/cryomed.pro\/business\/financing\/"},"modified":"2024-08-14T18:32:36","modified_gmt":"2024-08-14T18:32:36","slug":"financovanie","status":"publish","type":"page","link":"https:\/\/cryomed.pro\/sk\/business\/financovanie\/","title":{"rendered":"Financovanie"},"content":{"rendered":"\n            <section class=\"section section-list-pages-2\">\n                <div class=\"container\">\n                    \n                    <div class=\"grid grid-cols-1 lg:grid-cols-2 gap-6 xl:gap-10\">\n\n                        \n                        <article class=\"col-span-1 lg:col-span-2 flex flex-col sm:transition-3d-hover\">\n                            <div class=\"card card--large\">\n                                <div class=\"card__wrap\">\n\n                                    <img decoding=\"async\" src=\"https:\/\/cryomed.pro\/wp-content\/themes\/cryomed\/resources\/img\/1920x1280\/1.jpg\" class=\"card__image\" alt=\"Cryotherapy L\u00edzing\" title=\"Cryotherapy L\u00edzing\" loading=\"lazy\">\n                                    <div class=\"card__body flex flex-col h-full\">\n\n                                        <h2 class=\"card__title\">L\u00edzing\n<\/h2>\n                                        <div class=\"card__text\"><p>Prenajmite si kryosaunu a za\u010dnite okam\u017eite zar\u00e1ba\u0165. Spl\u00e1cajte do 12 mesiacov.<\/p>\n<\/div>\n\n                                        <div class=\"flex items-center relative sm:static mt-auto\">\n                                            <a  class=\"btn sm:btn--large bg-white lg:bg-transparent lg:btn--blue lg:hover:bg-white lg:hover:border-white text-primary lg:link-stretched\"\n\t                                            href=\"https:\/\/cryomed.pro\/sk\/business\/financovanie\/lizing\/\"\n\t                                            title=\"L\u00edzing\">Pre\u010d\u00edtajte si viac<\/a>\n\n                                            <label class=\"card__label is-active\" for=\"f170f79724\" onclick=\"this.classList.toggle('is-active')\">\n                                                <svg width=\"24\" height=\"24\" viewBox=\"0 0 24 24\" fill=\"none\" xmlns=\"http:\/\/www.w3.org\/2000\/svg\">\n                                                    <path d=\"M19.5 9L12 16.5L4.5 9\" stroke=\"currentColor\" stroke-width=\"2\" stroke-linecap=\"round\" stroke-linejoin=\"round\"\/>\n                                                <\/svg>\n                                            <\/label>\n                                        <\/div>\n                                    <\/div>\n                                <\/div>\n\n                                <div class=\"card__footer\">\n                                    <input class=\"hidden\" type=\"checkbox\" id=\"f170f79724\" checked>\n\n                                    <div class=\"wrap\">\n                                        <p>Prenajmite si kryosaunu a za\u010dnite okam\u017eite zar\u00e1ba\u0165. Spl\u00e1cajte do 12 mesiacov.<\/p>\n                                    <\/div>\n                                <\/div>\n                            <\/div>\n                        <\/article>\n\n                    \n                        <article class=\"col-span-1  flex flex-col sm:transition-3d-hover\">\n                            <div class=\"card\">\n                                <div class=\"card__wrap\">\n\n                                    <img decoding=\"async\" src=\"https:\/\/cryomed.pro\/wp-content\/themes\/cryomed\/resources\/img\/1920x1280\/1.jpg\" class=\"card__image\" alt=\"Cryotherapy Pren\u00e1jom\" title=\"Cryotherapy Pren\u00e1jom\" loading=\"lazy\">\n                                    <div class=\"card__body flex flex-col h-full\">\n\n                                        <h2 class=\"card__title\">Pren\u00e1jom\n<\/h2>\n                                        <div class=\"card__text\"><p>Prenajmite si kryosaunu a roz\u0161\u00edrte svoje podnikanie. Objavte jednoduch\u00fd sp\u00f4sob, ako zv\u00fd\u0161i\u0165 svoj zisk. <\/p>\n<\/div>\n\n                                        <div class=\"flex items-center relative sm:static mt-auto\">\n                                            <a  class=\"btn sm:btn--large bg-white lg:bg-transparent lg:btn--blue lg:hover:bg-white lg:hover:border-white text-primary lg:link-stretched\"\n\t                                            href=\"https:\/\/cryomed.pro\/sk\/business\/financovanie\/prenajom\/\"\n\t                                            title=\"Pren\u00e1jom\">Pre\u010d\u00edtajte si viac<\/a>\n\n                                            <label class=\"card__label\" for=\"ec0f87b925\" onclick=\"this.classList.toggle('is-active')\">\n                                                <svg width=\"24\" height=\"24\" viewBox=\"0 0 24 24\" fill=\"none\" xmlns=\"http:\/\/www.w3.org\/2000\/svg\">\n                                                    <path d=\"M19.5 9L12 16.5L4.5 9\" stroke=\"currentColor\" stroke-width=\"2\" stroke-linecap=\"round\" stroke-linejoin=\"round\"\/>\n                                                <\/svg>\n                                            <\/label>\n                                        <\/div>\n                                    <\/div>\n                                <\/div>\n\n                                <div class=\"card__footer\">\n                                    <input class=\"hidden\" type=\"checkbox\" id=\"ec0f87b925\">\n\n                                    <div class=\"wrap\">\n                                        <p>Prenajmite si kryosaunu a roz\u0161\u00edrte svoje podnikanie. Objavte jednoduch\u00fd sp\u00f4sob, ako zv\u00fd\u0161i\u0165 svoj zisk. <\/p>\n                                    <\/div>\n                                <\/div>\n                            <\/div>\n                        <\/article>\n\n                    \n                        <article class=\"col-span-1  flex flex-col sm:transition-3d-hover\">\n                            <div class=\"card\">\n                                <div class=\"card__wrap\">\n\n                                    <img decoding=\"async\" src=\"https:\/\/cryomed.pro\/wp-content\/themes\/cryomed\/resources\/img\/1920x1280\/1.jpg\" class=\"card__image\" alt=\"Cryotherapy Vyme\u0148 star\u00e9 za nov\u00e9\" title=\"Cryotherapy Vyme\u0148 star\u00e9 za nov\u00e9\" loading=\"lazy\">\n                                    <div class=\"card__body flex flex-col h-full\">\n\n                                        <h2 class=\"card__title\">Vyme\u0148 star\u00e9 za nov\u00e9\n<\/h2>\n                                        <div class=\"card__text\"><p>Aktualizujte svoje zariadenie v nieko\u013ek\u00fdch jednoduch\u00fdch krokoch. Pre viac inform\u00e1ci\u00ed kontaktujte n\u00e1\u0161 predajn\u00fd t\u00edm.<\/p>\n<\/div>\n\n                                        <div class=\"flex items-center relative sm:static mt-auto\">\n                                            <a  class=\"btn sm:btn--large bg-white lg:bg-transparent lg:btn--blue lg:hover:bg-white lg:hover:border-white text-primary lg:link-stretched\"\n\t                                            href=\"https:\/\/cryomed.pro\/sk\/business\/financovanie\/vymen-stare-za-nove\/\"\n\t                                            title=\"Vyme\u0148 star\u00e9 za nov\u00e9\">Pre\u010d\u00edtajte si viac<\/a>\n\n                                            <label class=\"card__label\" for=\"86abd7edfb\" onclick=\"this.classList.toggle('is-active')\">\n                                                <svg width=\"24\" height=\"24\" viewBox=\"0 0 24 24\" fill=\"none\" xmlns=\"http:\/\/www.w3.org\/2000\/svg\">\n                                                    <path d=\"M19.5 9L12 16.5L4.5 9\" stroke=\"currentColor\" stroke-width=\"2\" stroke-linecap=\"round\" stroke-linejoin=\"round\"\/>\n                                                <\/svg>\n                                            <\/label>\n                                        <\/div>\n                                    <\/div>\n                                <\/div>\n\n                                <div class=\"card__footer\">\n                                    <input class=\"hidden\" type=\"checkbox\" id=\"86abd7edfb\">\n\n                                    <div class=\"wrap\">\n                                        <p>Aktualizujte svoje zariadenie v nieko\u013ek\u00fdch jednoduch\u00fdch krokoch. Pre viac inform\u00e1ci\u00ed kontaktujte n\u00e1\u0161 predajn\u00fd t\u00edm.<\/p>\n                                    <\/div>\n                                <\/div>\n                            <\/div>\n                        <\/article>\n\n                                    <\/div>\n            <\/div>\n        <\/section>\n\n\t\t\t\n","protected":false},"excerpt":{"rendered":"<p>Lorem ipsum dolor sit amet, consectetur adipisicing elit. Iure voluptate distinctio similique doloribus dolorem! Voluptatem ipsam iure accusantium laborum distinctio modi est dolore dicta excepturi a, architecto quo esse tempore.<\/p>\n","protected":false},"author":1,"featured_media":0,"parent":38298,"menu_order":3,"comment_status":"closed","ping_status":"closed","template":"","meta":{"inline_featured_image":false,"footnotes":""},"class_list":["hentry"],"meta_box":[],"_links":{"self":[{"href":"https:\/\/cryomed.pro\/sk\/wp-json\/wp\/v2\/pages\/38364","targetHints":{"allow":["GET"]}}],"collection":[{"href":"https:\/\/cryomed.pro\/sk\/wp-json\/wp\/v2\/pages"}],"about":[{"href":"https:\/\/cryomed.pro\/sk\/wp-json\/wp\/v2\/types\/page"}],"author":[{"embeddable":true,"href":"https:\/\/cryomed.pro\/sk\/wp-json\/wp\/v2\/users\/1"}],"replies":[{"embeddable":true,"href":"https:\/\/cryomed.pro\/sk\/wp-json\/wp\/v2\/comments?post=38364"}],"version-history":[{"count":0,"href":"https:\/\/cryomed.pro\/sk\/wp-json\/wp\/v2\/pages\/38364\/revisions"}],"up":[{"embeddable":true,"href":"https:\/\/cryomed.pro\/sk\/wp-json\/wp\/v2\/pages\/38298"}],"wp:attachment":[{"href":"https:\/\/cryomed.pro\/sk\/wp-json\/wp\/v2\/media?parent=38364"}],"curies":[{"name":"wp","href":"https:\/\/api.w.org\/{rel}","templated":true}]}}