{"id":38356,"date":"2020-07-08T09:27:24","date_gmt":"2020-07-08T09:27:24","guid":{"rendered":"https:\/\/cryomed.pro\/quality-and-certificates\/"},"modified":"2024-08-14T17:36:27","modified_gmt":"2024-08-14T17:36:27","slug":"certifikaty","status":"publish","type":"page","link":"https:\/\/cryomed.pro\/sk\/o-nas\/certifikaty\/","title":{"rendered":"Certifik\u00e1ty"},"content":{"rendered":"\n\t<div class=\"section section-certificates-loop\">\n\t\t<div class=\"container flex flex-wrap justify-between mb-10 \/flex-col items-center \/space-y-10 \/lg:space-y-20\">\n\n\t\t\t\n\t\t\t\t<article class=\"card card-certificate\">\n\t\t\t\t\t<div class=\"card-media\" data-cursor=\"resize\" data-fancybox data-src=\"https:\/\/cryomed.pro\/wp-content\/uploads\/2023\/12\/CE-Certificate-IceChill-HorseCryo-PetCryo-Oct2026-pdf.jpg\">\n\n\t\t\t\t\t\t<img loading=\"lazy\" decoding=\"async\" width=\"1058\" height=\"1496\" src=\"https:\/\/cryomed.pro\/wp-content\/uploads\/2023\/12\/CE-Certificate-IceChill-HorseCryo-PetCryo-Oct2026-pdf.jpg\" class=\"attachment-full size-full wp-post-image\" alt=\"\" \/>\n\t\t\t\t\t<\/div>\n\n\t\t\t\t\t<div class=\"card-body\" style=\"display: none\">\n\t\t\t\t\t\t<div class=\"card-collapse\">\n\t\t\t\t\t\t\t<input class=\"card-collapse-input\" type=\"checkbox\" id=\"description-34600\" value=\"\">\n\t\t\t\t\t\t\t<label class=\"card-collapse-label\" for=\"description-34600\">Description<\/label>\n\n\t\t\t\t\t\t\t<div class=\"card-collapse-wrapper\" style=\"display: none\">\n\t\t\t\t\t\t\t\t<h2 class=\"card-title\">CE Certificate IceChill HorseCryo PetCryo Oct2026<\/h2>\n\t\t\t\t\t\t\t\t<div class=\"card-text\">\n\t\t\t\t\t\t\t\t\t\t\t\t\t\t\t\t\t<\/div>\n\t\t\t\t\t\t\t<\/div>\n\t\t\t\t\t\t<\/div>\n\n\t\t\t\t\t\t\t\t\t\t\t<\/div>\n\t\t\t\t<\/article>\n\n\t\t\t\t\n\t\t\t\t<article class=\"card card-certificate\">\n\t\t\t\t\t<div class=\"card-media\" data-cursor=\"resize\" data-fancybox data-src=\"https:\/\/cryomed.pro\/wp-content\/uploads\/2023\/12\/CE-Certificate-Cryomed-Pro-One-Dec2026-pdf.jpg\">\n\n\t\t\t\t\t\t<img loading=\"lazy\" decoding=\"async\" width=\"1058\" height=\"1496\" src=\"https:\/\/cryomed.pro\/wp-content\/uploads\/2023\/12\/CE-Certificate-Cryomed-Pro-One-Dec2026-pdf.jpg\" class=\"attachment-full size-full wp-post-image\" alt=\"\" \/>\n\t\t\t\t\t<\/div>\n\n\t\t\t\t\t<div class=\"card-body\" style=\"display: none\">\n\t\t\t\t\t\t<div class=\"card-collapse\">\n\t\t\t\t\t\t\t<input class=\"card-collapse-input\" type=\"checkbox\" id=\"description-34597\" value=\"\">\n\t\t\t\t\t\t\t<label class=\"card-collapse-label\" for=\"description-34597\">Description<\/label>\n\n\t\t\t\t\t\t\t<div class=\"card-collapse-wrapper\" style=\"display: none\">\n\t\t\t\t\t\t\t\t<h2 class=\"card-title\">CE-Certificate-Cryomed-Pro-One-Dec2026<\/h2>\n\t\t\t\t\t\t\t\t<div class=\"card-text\">\n\t\t\t\t\t\t\t\t\t\t\t\t\t\t\t\t\t<\/div>\n\t\t\t\t\t\t\t<\/div>\n\t\t\t\t\t\t<\/div>\n\n\t\t\t\t\t\t\t\t\t\t\t<\/div>\n\t\t\t\t<\/article>\n\n\t\t\t\t\n\t\t\t\t<article class=\"card card-certificate\">\n\t\t\t\t\t<div class=\"card-media\" data-cursor=\"resize\" data-fancybox data-src=\"https:\/\/cryomed.pro\/wp-content\/uploads\/2023\/12\/CE-Certificate-CF-04-Nov2025-pdf.jpg\">\n\n\t\t\t\t\t\t<img loading=\"lazy\" decoding=\"async\" width=\"1058\" height=\"1496\" src=\"https:\/\/cryomed.pro\/wp-content\/uploads\/2023\/12\/CE-Certificate-CF-04-Nov2025-pdf.jpg\" class=\"attachment-full size-full wp-post-image\" alt=\"\" \/>\n\t\t\t\t\t<\/div>\n\n\t\t\t\t\t<div class=\"card-body\" style=\"display: none\">\n\t\t\t\t\t\t<div class=\"card-collapse\">\n\t\t\t\t\t\t\t<input class=\"card-collapse-input\" type=\"checkbox\" id=\"description-34574\" value=\"\">\n\t\t\t\t\t\t\t<label class=\"card-collapse-label\" for=\"description-34574\">Description<\/label>\n\n\t\t\t\t\t\t\t<div class=\"card-collapse-wrapper\" style=\"display: none\">\n\t\t\t\t\t\t\t\t<h2 class=\"card-title\">CE Certificate CF-04 Nov2025<\/h2>\n\t\t\t\t\t\t\t\t<div class=\"card-text\">\n\t\t\t\t\t\t\t\t\t\t\t\t\t\t\t\t\t<\/div>\n\t\t\t\t\t\t\t<\/div>\n\t\t\t\t\t\t<\/div>\n\n\t\t\t\t\t\t\t\t\t\t\t<\/div>\n\t\t\t\t<\/article>\n\n\t\t\t\t\n\t\t\t\t<article class=\"card card-certificate\">\n\t\t\t\t\t<div class=\"card-media\" data-cursor=\"resize\" data-fancybox data-src=\"https:\/\/cryomed.pro\/wp-content\/uploads\/2023\/12\/CE-Certificate-Basic-Mini-Jun2025-pdf.jpg\">\n\n\t\t\t\t\t\t<img loading=\"lazy\" decoding=\"async\" width=\"1058\" height=\"1496\" src=\"https:\/\/cryomed.pro\/wp-content\/uploads\/2023\/12\/CE-Certificate-Basic-Mini-Jun2025-pdf.jpg\" class=\"attachment-full size-full wp-post-image\" alt=\"\" \/>\n\t\t\t\t\t<\/div>\n\n\t\t\t\t\t<div class=\"card-body\" style=\"display: none\">\n\t\t\t\t\t\t<div class=\"card-collapse\">\n\t\t\t\t\t\t\t<input class=\"card-collapse-input\" type=\"checkbox\" id=\"description-34531\" value=\"\">\n\t\t\t\t\t\t\t<label class=\"card-collapse-label\" for=\"description-34531\">Description<\/label>\n\n\t\t\t\t\t\t\t<div class=\"card-collapse-wrapper\" style=\"display: none\">\n\t\t\t\t\t\t\t\t<h2 class=\"card-title\">CE Certificate Basic Mini Jun2025<\/h2>\n\t\t\t\t\t\t\t\t<div class=\"card-text\">\n\t\t\t\t\t\t\t\t\t\t\t\t\t\t\t\t\t<\/div>\n\t\t\t\t\t\t\t<\/div>\n\t\t\t\t\t\t<\/div>\n\n\t\t\t\t\t\t\t\t\t\t\t<\/div>\n\t\t\t\t<\/article>\n\n\t\t\t\t\n\t\t<\/div>\n\n        <div class=\"container\" style=\"text-align: justify\">\n            <p>Tento certifik\u00e1t potvrdzuje, \u017ee zariadenia spolo\u010dnosti Cryomed s\u00fa v s\u00falade s normami na ochranu zdravia, bezpe\u010dnosti a \u017eivotn\u00e9ho prostredia, schv\u00e1len\u00e9 Eur\u00f3pskou \u00faniou. V na\u0161om pr\u00edpade nejde o vlastn\u00fa certifik\u00e1ciu, ale o certifik\u00e1t vydan\u00fd notifikovan\u00fdm org\u00e1nom na z\u00e1klade v\u00fdsledkov testovania. V certifik\u00e1te s\u00fa uveden\u00e9 aj platn\u00e9 smernice ES.\nK certifik\u00e1tu zhody je pripojen\u00e9 povinn\u00e9 ozna\u010denie CE.<\/p>\n            <p>K certifik\u00e1tu zhody je pripojen\u00e9 povinn\u00e9 ozna\u010denie CE.<\/p>\n        <\/div>\n\t<\/div>\n\n\t\n","protected":false},"excerpt":{"rendered":"<p>Our factory works according to quality system management ISO 13485. All our products are CE certified.<\/p>\n","protected":false},"author":1,"featured_media":38358,"parent":38368,"menu_order":2,"comment_status":"closed","ping_status":"closed","template":"","meta":{"inline_featured_image":false,"footnotes":""},"class_list":["hentry","has-post-thumbnail"],"meta_box":[],"_links":{"self":[{"href":"https:\/\/cryomed.pro\/sk\/wp-json\/wp\/v2\/pages\/38356","targetHints":{"allow":["GET"]}}],"collection":[{"href":"https:\/\/cryomed.pro\/sk\/wp-json\/wp\/v2\/pages"}],"about":[{"href":"https:\/\/cryomed.pro\/sk\/wp-json\/wp\/v2\/types\/page"}],"author":[{"embeddable":true,"href":"https:\/\/cryomed.pro\/sk\/wp-json\/wp\/v2\/users\/1"}],"replies":[{"embeddable":true,"href":"https:\/\/cryomed.pro\/sk\/wp-json\/wp\/v2\/comments?post=38356"}],"version-history":[{"count":0,"href":"https:\/\/cryomed.pro\/sk\/wp-json\/wp\/v2\/pages\/38356\/revisions"}],"up":[{"embeddable":true,"href":"https:\/\/cryomed.pro\/sk\/wp-json\/wp\/v2\/pages\/38368"}],"wp:featuredmedia":[{"embeddable":true,"href":"https:\/\/cryomed.pro\/sk\/wp-json\/wp\/v2\/media\/38358"}],"wp:attachment":[{"href":"https:\/\/cryomed.pro\/sk\/wp-json\/wp\/v2\/media?parent=38356"}],"curies":[{"name":"wp","href":"https:\/\/api.w.org\/{rel}","templated":true}]}}