{"id":38319,"date":"2020-07-30T08:18:22","date_gmt":"2020-07-30T08:18:22","guid":{"rendered":"https:\/\/cryomed.pro\/business\/services\/delivery\/"},"modified":"2025-05-16T21:33:29","modified_gmt":"2025-05-16T21:33:29","slug":"doprava","status":"publish","type":"page","link":"https:\/\/cryomed.pro\/sk\/business\/sluzby\/doprava\/","title":{"rendered":"Doprava"},"content":{"rendered":"\n<h2 class=\"wp-block-heading\">Kam m\u00f4\u017eeme doru\u010di\u0165 kryosaunu?<\/h2>\n\n\n\n<p>Poskytujeme doru\u010denie do v\u0161etk\u00fdch kraj\u00edn sveta.<\/p>\n\n\n\n<div class=\"wp-block-columns are-vertically-aligned-top is-not-stacked-on-mobile is-layout-flex wp-container-core-columns-is-layout-9d6595d7 wp-block-columns-is-layout-flex\">\n<div class=\"wp-block-column is-vertically-aligned-top is-layout-flow wp-block-column-is-layout-flow\">\n<div class=\"wp-block-group\"><div class=\"wp-block-group__inner-container is-layout-constrained wp-block-group-is-layout-constrained\">\n<div class=\"wp-block-group is-nowrap is-layout-flex wp-container-core-group-is-layout-ad2f72ca wp-block-group-is-layout-flex\">\n<figure class=\"wp-block-image size-medium is-resized is-style-default\"><img loading=\"lazy\" decoding=\"async\" width=\"300\" height=\"300\" src=\"\/wp-content\/uploads\/2020\/09\/services-01-300x300.png\" alt=\"\" class=\"wp-image-1255\" style=\"width:222px;height:222px\" srcset=\"https:\/\/cryomed.pro\/wp-content\/uploads\/2020\/09\/services-01-300x300.png 300w, https:\/\/cryomed.pro\/wp-content\/uploads\/2020\/09\/services-01-150x150.png 150w, https:\/\/cryomed.pro\/wp-content\/uploads\/2020\/09\/services-01-100x100.png 100w, https:\/\/cryomed.pro\/wp-content\/uploads\/2020\/09\/services-01-160x160.png 160w, https:\/\/cryomed.pro\/wp-content\/uploads\/2020\/09\/services-01-340x340.png 340w, https:\/\/cryomed.pro\/wp-content\/uploads\/2020\/09\/services-01.png 512w\" sizes=\"auto, (max-width: 300px) 100vw, 300px\" \/><\/figure>\n<\/div>\n<\/div><\/div>\n<\/div>\n\n\n\n<div class=\"wp-block-column is-vertically-aligned-top is-layout-flow wp-block-column-is-layout-flow\">\n<div class=\"wp-block-group\"><div class=\"wp-block-group__inner-container is-layout-constrained wp-block-group-is-layout-constrained\">\n<div class=\"wp-block-group is-nowrap is-layout-flex wp-container-core-group-is-layout-ad2f72ca wp-block-group-is-layout-flex\">\n<figure class=\"wp-block-image size-medium\"><img loading=\"lazy\" decoding=\"async\" width=\"300\" height=\"300\" src=\"\/wp-content\/uploads\/2020\/09\/services-02-300x300.png\" alt=\"\" class=\"wp-image-1257\" srcset=\"https:\/\/cryomed.pro\/wp-content\/uploads\/2020\/09\/services-02-300x300.png 300w, https:\/\/cryomed.pro\/wp-content\/uploads\/2020\/09\/services-02-150x150.png 150w, https:\/\/cryomed.pro\/wp-content\/uploads\/2020\/09\/services-02-100x100.png 100w, https:\/\/cryomed.pro\/wp-content\/uploads\/2020\/09\/services-02-160x160.png 160w, https:\/\/cryomed.pro\/wp-content\/uploads\/2020\/09\/services-02-340x340.png 340w, https:\/\/cryomed.pro\/wp-content\/uploads\/2020\/09\/services-02.png 512w\" sizes=\"auto, (max-width: 300px) 100vw, 300px\" \/><\/figure>\n<\/div>\n<\/div><\/div>\n<\/div>\n\n\n\n<div class=\"wp-block-column is-vertically-aligned-top is-layout-flow wp-block-column-is-layout-flow\">\n<div class=\"wp-block-group\"><div class=\"wp-block-group__inner-container is-layout-constrained wp-block-group-is-layout-constrained\">\n<div class=\"wp-block-group is-nowrap is-layout-flex wp-container-core-group-is-layout-ad2f72ca wp-block-group-is-layout-flex\">\n<figure class=\"wp-block-image size-medium\"><img loading=\"lazy\" decoding=\"async\" width=\"300\" height=\"300\" src=\"\/wp-content\/uploads\/2020\/09\/services-03-300x300.png\" alt=\"\" class=\"wp-image-1259\" srcset=\"https:\/\/cryomed.pro\/wp-content\/uploads\/2020\/09\/services-03-300x300.png 300w, https:\/\/cryomed.pro\/wp-content\/uploads\/2020\/09\/services-03-150x150.png 150w, https:\/\/cryomed.pro\/wp-content\/uploads\/2020\/09\/services-03-100x100.png 100w, https:\/\/cryomed.pro\/wp-content\/uploads\/2020\/09\/services-03-160x160.png 160w, https:\/\/cryomed.pro\/wp-content\/uploads\/2020\/09\/services-03-340x340.png 340w, https:\/\/cryomed.pro\/wp-content\/uploads\/2020\/09\/services-03.png 512w\" sizes=\"auto, (max-width: 300px) 100vw, 300px\" \/><\/figure>\n<\/div>\n<\/div><\/div>\n<\/div>\n<\/div>\n\n\n\n<p><\/p>\n\n\n\n<h2 class=\"wp-block-heading\">Ak\u00e9 sp\u00f4soby prepravy pon\u00fakame a ako dlho trv\u00e1 doru\u010denie?<\/h2>\n\n\n\n<p>Na v\u00fdber m\u00e1me \u0161tyri sp\u00f4soby doru\u010denia:<\/p>\n\n\n\n<ul class=\"wp-block-list\">\n<li class=\"text-justify\">pozemn\u00e1 preprava: (doru\u010denie na\u0161ou dod\u00e1vkou, alebo externou spolo\u010dnos\u0165ou), odhadovan\u00fd \u010das doru\u010denia ( eur\u00f3pske krajiny) 1 \u2013 4 pracovn\u00e9 dni;<\/li>\n\n\n\n<li class=\"text-justify\">leteck\u00e1 preprava: odhadovan\u00fd \u010das doru\u010denia je do 10 pracovn\u00fdch dn\u00ed;<\/li>\n\n\n\n<li class=\"text-justify\">n\u00e1morn\u00e1 preprava: odhadovan\u00fd \u010das doru\u010denia je do 30 pracovn\u00fdch dn\u00ed;<\/li>\n\n\n\n<li class=\"text-justify\">vlastn\u00e9 vyzdvihnutie: z\u00e1kazn\u00edk si organizuje prepravu vo vlastnej r\u00e9\u017eii.<\/li>\n<\/ul>\n\n\n\n<p class=\"text-justify\">Moment\u00e1lne si na\u0161i z\u00e1kazn\u00edci m\u00f4\u017eu vybra\u0165 z r\u00f4znych druhov prepr\u00e1v. Doru\u010denia a\u017e k dver\u00e1m, alebo po letisko \/ pr\u00edstav, v\u0161etko zariadime ku va\u0161ej spokojnosti.<\/p>\n\n\n\n<p>Taktie\u017e pon\u00fakame mont\u00e1\u017e a \u0161kolenie na\u0161im technikom, celosvetovo.<\/p>\n\n\n\n<figure class=\"wp-block-image alignfull size-1920x800\"><img loading=\"lazy\" decoding=\"async\" width=\"1920\" height=\"800\" src=\"\/wp-content\/uploads\/2020\/09\/maksym-kaharlytskyi-M7ievVk4FzA-unsplash-1920x800.jpg\" alt=\"Cryotherapy Cabin Delivery\" class=\"wp-image-1253\" title=\"Cryotherapy Cabin Delivery\" \/><\/figure>\n\n\n\n<p class=\"mt-4\">\u010eal\u0161ia <a href=\"https:\/\/cryomed.pro\/sk\/business\/sluzby\/\">podpora pre kryo podnikanie<\/a>:<\/p>\n\n\n\n<ul class=\"wp-block-list\">\n<li><a href=\"https:\/\/cryomed.pro\/sk\/business\/sluzby\/marketing\/\">Marketingov\u00e9 materi\u00e1ly<\/a><\/li>\n\n\n\n<li><a href=\"https:\/\/cryomed.pro\/sk\/business\/sluzby\/support\/\">Technick\u00e1 podpora kryosauny<\/a><\/li>\n<\/ul>\n","protected":false},"excerpt":{"rendered":"<p>Vieme zabezpe\u010di\u0165 doru\u010denie do v\u0161etk\u00fdch kraj\u00edn sveta. 4 r\u00f4zne sp\u00f4soby prepravy: kami\u00f3nov\u00e1, leteck\u00e1, n\u00e1morn\u00e1, vlastn\u00e1 preprava.<\/p>\n","protected":false},"author":1,"featured_media":0,"parent":38301,"menu_order":4,"comment_status":"closed","ping_status":"closed","template":"","meta":{"inline_featured_image":false,"footnotes":""},"class_list":["hentry"],"meta_box":[],"_links":{"self":[{"href":"https:\/\/cryomed.pro\/sk\/wp-json\/wp\/v2\/pages\/38319","targetHints":{"allow":["GET"]}}],"collection":[{"href":"https:\/\/cryomed.pro\/sk\/wp-json\/wp\/v2\/pages"}],"about":[{"href":"https:\/\/cryomed.pro\/sk\/wp-json\/wp\/v2\/types\/page"}],"author":[{"embeddable":true,"href":"https:\/\/cryomed.pro\/sk\/wp-json\/wp\/v2\/users\/1"}],"replies":[{"embeddable":true,"href":"https:\/\/cryomed.pro\/sk\/wp-json\/wp\/v2\/comments?post=38319"}],"version-history":[{"count":3,"href":"https:\/\/cryomed.pro\/sk\/wp-json\/wp\/v2\/pages\/38319\/revisions"}],"predecessor-version":[{"id":105472,"href":"https:\/\/cryomed.pro\/sk\/wp-json\/wp\/v2\/pages\/38319\/revisions\/105472"}],"up":[{"embeddable":true,"href":"https:\/\/cryomed.pro\/sk\/wp-json\/wp\/v2\/pages\/38301"}],"wp:attachment":[{"href":"https:\/\/cryomed.pro\/sk\/wp-json\/wp\/v2\/media?parent=38319"}],"curies":[{"name":"wp","href":"https:\/\/api.w.org\/{rel}","templated":true}]}}