{"id":38314,"date":"2020-09-25T13:01:09","date_gmt":"2020-09-25T13:01:09","guid":{"rendered":"https:\/\/cryomed.pro\/business\/services\/installation\/"},"modified":"2025-05-16T21:35:40","modified_gmt":"2025-05-16T21:35:40","slug":"instalacia","status":"publish","type":"page","link":"https:\/\/cryomed.pro\/sk\/business\/sluzby\/instalacia\/","title":{"rendered":"In\u0161tal\u00e1cia"},"content":{"rendered":"\n<ul class=\"wp-block-list\">\n<li class=\"text-justify\">Poskytneme v\u00e1m \u0161pecifik\u00e1cie kryo pr\u00edstrojov, rozmery, po\u017eiadavky na ventil\u00e1ciu, po\u017eiadavky na napojenie dus\u00edka a \u010fal\u0161ie d\u00f4le\u017eit\u00e9 inform\u00e1cie, ktor\u00e9 m\u00f4\u017eu by\u0165 n\u00e1pomocn\u00e9 pri in\u0161tal\u00e1cie.<\/li>\n\n\n\n<li class=\"text-justify\">Niektor\u00e9 modely, ako napr\u00edklad Cryomed Mini a Cryomed One, nevy\u017eaduj\u00fa mont\u00e1\u017e, nako\u013eko je to jeden celistv\u00fd kus.<\/li>\n\n\n\n<li class=\"text-justify\">Pri na\u0161ej rade Pro (Cryomed Basic, Cryomed Pro, Cryomed Eco), pon\u00fakame viacero mo\u017enost\u00ed. M\u00f4\u017eeme v\u00e1m posla\u0165 video mont\u00e1\u017e a manu\u00e1l, n\u00e1\u0161 technik v\u00e1m m\u00f4\u017ee pom\u00e1ha\u0165 cez videohovor, alebo na vy\u017eiadanie pr\u00edde priamo k v\u00e1m. V ka\u017edom pr\u00edpade s\u00fa na\u0161i technici k dispoz\u00edcii 24\/7.<\/li>\n<\/ul>\n\n\n\n<figure class=\"wp-block-image alignfull size-large\"><img loading=\"lazy\" decoding=\"async\" width=\"1024\" height=\"576\" src=\"\/wp-content\/uploads\/2021\/11\/mini_white_install-cryosauna-1024x576.jpg\" alt=\"installed whole body cryotherapy chambers\" class=\"wp-image-9572\" title=\"installed whole body cryotherapy chambers\" srcset=\"https:\/\/cryomed.pro\/wp-content\/uploads\/2021\/11\/mini_white_install-cryosauna-1024x576.jpg 1024w, https:\/\/cryomed.pro\/wp-content\/uploads\/2021\/11\/mini_white_install-cryosauna-300x169.jpg 300w, https:\/\/cryomed.pro\/wp-content\/uploads\/2021\/11\/mini_white_install-cryosauna-768x432.jpg 768w, https:\/\/cryomed.pro\/wp-content\/uploads\/2021\/11\/mini_white_install-cryosauna.jpg 1280w\" sizes=\"auto, (max-width: 1024px) 100vw, 1024px\" \/><figcaption class=\"wp-element-caption\"><mark style=\"background-color:#fff\" class=\"has-inline-color has-primary-color\">Poskladan\u00e9 celotelov\u00e9 kryosauny<\/mark><\/figcaption><\/figure>\n\n\n\n<h2 class=\"wp-block-heading\">Po\u017eiadavky na priestory pre kryosauny rady Pro<\/h2>\n\n\n\n<p class=\"text-justify\">\u010ci u\u017e ste sa rozhodli pre in\u0161tal\u00e1ciu kryosauny Cryomed na vlastn\u00fa p\u00e4s\u0165, alebo n\u00e1m po\u0161lete po\u017eiadavku v r\u00e1mci servisu a podpory priamo k v\u00e1m, miestnos\u0165 by mala sp\u013a\u0148a\u0165 nieko\u013eko d\u00f4le\u017eit\u00fdch po\u017eiadaviek.<\/p>\n\n\n\n<p class=\"text-justify\"><strong>In\u0161tala\u010dn\u00e1 plocha<\/strong>: 6 m<sup>2<\/sup> posta\u010duje na zabezpe\u010denie dostato\u010dn\u00e9ho priestoru na prev\u00e1dzku.<\/p>\n\n\n\n<p class=\"text-justify\"><strong>Po\u017eiadavky na podlahu<\/strong>:&nbsp; kv\u00f4li hmotnosti kryosauny (pribli\u017ene 350 kg) mus\u00ed by\u0165 in\u0161talovan\u00e1 na pevn\u00fa podlahu (bet\u00f3nov\u00e1 alebo spr\u00e1vne dl\u00e1\u017eden\u00e1), nie na podlahu z dreven\u00fdch parkiet a podobne.<\/p>\n\n\n\n<p class=\"text-justify\"><strong>Po\u017eiadavky miestnosti<\/strong>: nezabudnite zmera\u0165 ve\u013ekos\u0165 v\u0161etk\u00fdch z\u00e1rubn\u00ed, cez ktor\u00e9 budete prech\u00e1dza\u0165 s \u010das\u0165ami kryosauny do po\u017eadovanej miestnosti. \u0160\u00edrka z\u00e1rubne ak\u00fdchko\u013evek dver\u00ed mus\u00ed by\u0165 minim\u00e1lne 770 mm, aby bola mo\u017en\u00e1 dod\u00e1vka. Vzdialenos\u0165 od stien k ka\u017edej strane pr\u00edstroja by mala by\u0165 aspo\u0148 300&nbsp;mm (30 cm).<\/p>\n\n\n\n<p class=\"text-justify\"><strong>Ventil\u00e1cia<\/strong>: mus\u00edte vytvori\u0165 otvor v stene miestnosti (100mm v priemere) pre ventila\u010dn\u00fd syst\u00e9m, aby bolo mo\u017en\u00e9 spr\u00e1vne ods\u00e1va\u0165 dus\u00edkov\u00e9 pary po\u010das prev\u00e1dzky kryosauny. Otvor pre hadicu m\u00f4\u017ee by\u0165 vytvoren\u00fd bu\u010f v stene, alebo m\u00f4\u017ee by\u0165 integrovan\u00e9 do okna, pokia\u013e je zabezpe\u010den\u00e9 spr\u00e1vne utesnenie hadice. Ur\u010dite sa odpor\u00fa\u010da klimatiz\u00e1cia a vetranie s akt\u00edvne cirkuluj\u00facim vzduchom (dnu aj von). Odpor\u00fa\u010daj\u00fa sa aj kysl\u00edkov\u00e9 senzory.<\/p>\n\n\n\n<p class=\"text-justify\"><strong>Teplota a vlhkos\u0165<\/strong>: teplota v miestnosti by mala by\u0165 medzi 15 \u00b0C a 24 \u00b0C a vlhkos\u0165 by nemala presiahnu\u0165 60%.&nbsp;<\/p>\n\n\n\n<p class=\"text-justify\">In\u0161tal\u00e1cia kryosauny zaberie pribli\u017ene 2 hodiny. Nezab\u00fadajte, \u017ee zariadenie mus\u00ed by\u0165 obsluhovan\u00e9 riadne za\u0161kolen\u00fdm person\u00e1lom, ktor\u00fd m\u00e1 opr\u00e1vnenie certifik\u00e1tom.<\/p>\n\n\n\n<p>\u010eal\u0161ia <a href=\"https:\/\/cryomed.pro\/sk\/business\/sluzby\/\">podpora pre kryo podnikanie<\/a>:<\/p>\n\n\n\n<ul class=\"wp-block-list\">\n<li><a href=\"https:\/\/cryomed.pro\/sk\/business\/sluzby\/marketing\/\">Marketingov\u00e9 materi\u00e1ly<\/a><\/li>\n\n\n\n<li><a href=\"https:\/\/cryomed.pro\/sk\/business\/sluzby\/instalacia\/\">Doru\u010denie kryosauny<\/a><\/li>\n\n\n\n<li><a href=\"https:\/\/cryomed.pro\/sk\/business\/sluzby\/support\/\">Technick\u00e1 podpora kryosauny<\/a><\/li>\n<\/ul>\n","protected":false},"excerpt":{"rendered":"<p>Poskytneme v\u00e1m podrobn\u00e9 poradenstvo, ktor\u00e9 v\u00e1m pom\u00f4\u017ee vybra\u0165 najlep\u0161\u00ed typ zariadenia v s\u00falade s va\u0161imi predstavami pod\u013ea dostupn\u00fdch priestorov.<\/p>\n","protected":false},"author":1,"featured_media":0,"parent":38301,"menu_order":3,"comment_status":"closed","ping_status":"closed","template":"","meta":{"inline_featured_image":false,"footnotes":""},"class_list":["hentry"],"meta_box":[],"_links":{"self":[{"href":"https:\/\/cryomed.pro\/sk\/wp-json\/wp\/v2\/pages\/38314","targetHints":{"allow":["GET"]}}],"collection":[{"href":"https:\/\/cryomed.pro\/sk\/wp-json\/wp\/v2\/pages"}],"about":[{"href":"https:\/\/cryomed.pro\/sk\/wp-json\/wp\/v2\/types\/page"}],"author":[{"embeddable":true,"href":"https:\/\/cryomed.pro\/sk\/wp-json\/wp\/v2\/users\/1"}],"replies":[{"embeddable":true,"href":"https:\/\/cryomed.pro\/sk\/wp-json\/wp\/v2\/comments?post=38314"}],"version-history":[{"count":2,"href":"https:\/\/cryomed.pro\/sk\/wp-json\/wp\/v2\/pages\/38314\/revisions"}],"predecessor-version":[{"id":105474,"href":"https:\/\/cryomed.pro\/sk\/wp-json\/wp\/v2\/pages\/38314\/revisions\/105474"}],"up":[{"embeddable":true,"href":"https:\/\/cryomed.pro\/sk\/wp-json\/wp\/v2\/pages\/38301"}],"wp:attachment":[{"href":"https:\/\/cryomed.pro\/sk\/wp-json\/wp\/v2\/media?parent=38314"}],"curies":[{"name":"wp","href":"https:\/\/api.w.org\/{rel}","templated":true}]}}