{"id":38311,"date":"2020-07-30T08:16:05","date_gmt":"2020-07-30T08:16:05","guid":{"rendered":"https:\/\/cryomed.pro\/business\/services\/support\/"},"modified":"2025-07-02T01:39:06","modified_gmt":"2025-07-02T01:39:06","slug":"support","status":"publish","type":"page","link":"https:\/\/cryomed.pro\/sk\/business\/sluzby\/support\/","title":{"rendered":"Podpora"},"content":{"rendered":"\n<h2 class=\"wp-block-heading\">Servis a technick\u00e1 podpora pre va\u0161e kryog\u00e9nne zariadenia<\/h2>\n\n\n\n<p>Na\u0161i \u0161pecialisti s\u00fa v\u017edy pripraven\u00ed na konzult\u00e1cie ak\u00fdchko\u013evek nejasnost\u00ed \u010di probl\u00e9mov pri obsluhe v\u00e1\u0161ho kryoterapeutick\u00e9ho pr\u00edstroja.&nbsp;<\/p>\n\n\n\n<ul class=\"wp-block-list\">\n<li>Cryomed pon\u00faka 3-ro\u010dn\u00fa z\u00e1ruku pre v\u0161etky typy kryos\u00e1un. Pre zariadenia na lok\u00e1lnu kryoterapiu a kryobox sa vz\u0165ahuje 2-ro\u010dn\u00e1 z\u00e1ruka.<\/li>\n\n\n\n<li>Z\u00e1ruka zah\u0155\u0148a n\u00e1hradn\u00e9 diely pre v\u0161etky kryo pr\u00edstroje.&nbsp;<\/li>\n\n\n\n<li>Taktie\u017e pon\u00fakame poz\u00e1ru\u010dn\u00fd servis kryos\u00e1un za dodato\u010dn\u00fd poplatok.&nbsp;<\/li>\n\n\n\n<li>Poz\u00e1ru\u010dn\u00fd servis:\n<ul class=\"wp-block-list\">\n<li>a) ro\u010dn\u00e9 predplatn\u00e9 technickej podpory;<\/li>\n\n\n\n<li>b) hodinov\u00fd servis;<\/li>\n\n\n\n<li>c) n\u00e1v\u0161teva technikom pre opravu a \u00fadr\u017ebu.<\/li>\n<\/ul>\n<\/li>\n\n\n\n<li>Poz\u00e1ru\u010dn\u00fd servis je taktie\u017e k dispoz\u00edcii pre firmv\u00e9rov\u00e9 aktualiz\u00e1cie v kryosaune.<\/li>\n<\/ul>\n\n\n\n<figure class=\"wp-block-image alignfull size-1920x800 is-style-default\"><img loading=\"lazy\" decoding=\"async\" width=\"1920\" height=\"800\" src=\"\/wp-content\/uploads\/2020\/09\/s-o-c-i-a-l-c-u-t-kAyZO7V9MUs-unsplash-1920x800.jpg\" alt=\"Cryotherapy technician and support for installation, maintenance and post-warranty service of cryotherapy devices\" class=\"wp-image-1233\" title=\"Cryotherapy technician and support for installation, maintenance and post-warranty service of cryotherapy devices\" \/><figcaption class=\"wp-element-caption\"><strong><mark style=\"background-color:#202d55\" class=\"has-inline-color has-light-color\">Fotka: Ko\u013eko stoj\u00ed \u00fadr\u017eba kryosauny? Vyu\u017eite na\u0161u kryo podporu a \u00fapln\u00fd z\u00e1ru\u010dn\u00fd a poz\u00e1ru\u010dn\u00fd servis naplno.<\/mark><\/strong><\/figcaption><\/figure>\n\n\n\n<p class=\"mt-4\">\u010eal\u0161ia&nbsp;<a href=\"https:\/\/cryomed.pro\/sk\/business\/sluzby\/\">podpora pre kryo podnikanie<\/a>:<\/p>\n\n\n\n<ul class=\"wp-block-list\">\n<li><a href=\"https:\/\/cryomed.pro\/sk\/business\/sluzby\/marketing\/\">Marketingov\u00e9 materi\u00e1ly<\/a><\/li>\n<\/ul>\n","protected":false},"excerpt":{"rendered":"<p>Na\u0161i \u0161pecialisti s\u00fa v\u017edy pripraven\u00ed konzultova\u0165 s vami ak\u00e9ko\u013evek ot\u00e1zky t\u00fdkaj\u00face sa prev\u00e1dzky.<\/p>\n","protected":false},"author":1,"featured_media":0,"parent":38301,"menu_order":2,"comment_status":"closed","ping_status":"closed","template":"","meta":{"inline_featured_image":false,"footnotes":""},"class_list":["hentry"],"meta_box":[],"_links":{"self":[{"href":"https:\/\/cryomed.pro\/sk\/wp-json\/wp\/v2\/pages\/38311","targetHints":{"allow":["GET"]}}],"collection":[{"href":"https:\/\/cryomed.pro\/sk\/wp-json\/wp\/v2\/pages"}],"about":[{"href":"https:\/\/cryomed.pro\/sk\/wp-json\/wp\/v2\/types\/page"}],"author":[{"embeddable":true,"href":"https:\/\/cryomed.pro\/sk\/wp-json\/wp\/v2\/users\/1"}],"replies":[{"embeddable":true,"href":"https:\/\/cryomed.pro\/sk\/wp-json\/wp\/v2\/comments?post=38311"}],"version-history":[{"count":5,"href":"https:\/\/cryomed.pro\/sk\/wp-json\/wp\/v2\/pages\/38311\/revisions"}],"predecessor-version":[{"id":107379,"href":"https:\/\/cryomed.pro\/sk\/wp-json\/wp\/v2\/pages\/38311\/revisions\/107379"}],"up":[{"embeddable":true,"href":"https:\/\/cryomed.pro\/sk\/wp-json\/wp\/v2\/pages\/38301"}],"wp:attachment":[{"href":"https:\/\/cryomed.pro\/sk\/wp-json\/wp\/v2\/media?parent=38311"}],"curies":[{"name":"wp","href":"https:\/\/api.w.org\/{rel}","templated":true}]}}