{"id":38308,"date":"2020-07-30T08:16:26","date_gmt":"2020-07-30T08:16:26","guid":{"rendered":"https:\/\/cryomed.pro\/business\/services\/training\/"},"modified":"2024-08-14T18:07:38","modified_gmt":"2024-08-14T18:07:38","slug":"trening","status":"publish","type":"page","link":"https:\/\/cryomed.pro\/sk\/business\/sluzby\/trening\/","title":{"rendered":"Tr\u00e9ning"},"content":{"rendered":"\n<h2 class=\"wp-block-heading\"><\/h2>\n\n\n\n<p class=\"text-justify\">Kvalifikovan\u00fd oper\u00e1tor kryosauny je nesmierne d\u00f4le\u017eit\u00fd pre zdrav\u00fd chod v\u00e1\u0161ho podnikania a siln\u00fd vz\u0165ah so z\u00e1kazn\u00edkmi. Person\u00e1l s perfektn\u00fdmi komunika\u010dn\u00fdmi schopnos\u0165ami vie pom\u00f4c\u0165 vytvori\u0165 pozit\u00edvne a pr\u00edjemn\u00e9 prostredie, oslov\u00ed klienta, zanech\u00e1 v \u0148om dobr\u00fd dojem a t\u00fdm zabezpe\u010d\u00ed, \u017ee sa k v\u00e1m \u013eudia bud\u00fa s rados\u0165ou vraca\u0165 na \u010fal\u0161ie proced\u00fary.&nbsp;<\/p>\n\n\n\n<p class=\"text-justify\">\u0160koliace programy firmy Cryomed sa zameriavaj\u00fa na siln\u00fa znalos\u0165 kryoterapie, rozv\u00edjaj\u00fa zru\u010dnosti a vedomosti v tejto oblasti a podporuj\u00fa novovzniknut\u00e9 kryo centr\u00e1, aby boli dostato\u010dne konkurencieschopn\u00e9.&nbsp;<\/p>\n\n\n\n<p>\u0160kolenie oper\u00e1tora rob\u00ed z v\u00e1\u0161ho centra s celotelovou kryoterapiou bezpe\u010dn\u00e9 miesto pre klienta.<\/p>\n\n\n\n<p>Cryomed pon\u00faka praktick\u00e9 a teoretick\u00e9 \u0161koliace kurzy.<\/p>\n\n\n\n<h3 class=\"wp-block-heading\"><strong><strong>Rozsah praktick\u00e9ho kurzu Cryomed<\/strong><\/strong><\/h3>\n\n\n\n<p class=\"text-justify\">Klienti, ktor\u00ed si zak\u00fapia zariadenia firmy Cryomed m\u00f4\u017eu po\u017eiada\u0165 o pomoc pri in\u0161tal\u00e1cii a \u0161kolenie. \u0160kolenie oper\u00e1tora je dostupn\u00e9 osobne na mieste, alebo online.<\/p>\n\n\n\n<p>Kurz pokr\u00fdva tieto \u0161pecifik\u00e1 pri prev\u00e1dzke <a href=\"https:\/\/cryomed.pro\/sk\/zariadenia\/\">kryog\u00e9nnych zariaden\u00ed<\/a>:<\/p>\n\n\n\n<ul class=\"wp-block-list\">\n<li class=\"text-justify\">po\u017eiadavky na in\u0161tal\u00e1ciu: ventil\u00e1cia, meranie hladiny kysl\u00edka v miestnosti, nap\u00e1janie a odp\u00e1janie n\u00e1dob s tekut\u00fdm dus\u00edkom<\/li>\n\n\n\n<li class=\"text-justify\">Bezpe\u010dnos\u0165 a dus\u00edk: manipul\u00e1cia s tekut\u00fdm dus\u00edkom, preprava a skladovanie n\u00e1dr\u017e\u00ed na tekut\u00fd dus\u00edk, bezpe\u010dnostn\u00e9 opatrenia<\/li>\n\n\n\n<li class=\"text-justify\">Priebeh kryoterapeutickej proced\u00fary: in\u0161trukt\u00e1\u017e pred vstupom do kryosauny, postup,&nbsp; spr\u00e1vne umiestnenie z\u00e1kazn\u00edka, monitorovanie o\u0161etrenia, teplota a \u010das, efekt\u00edvne riadenie spotreby dus\u00edka, postupy v pr\u00edpade n\u00fadzovej situ\u00e1cie<\/li>\n\n\n\n<li class=\"text-justify\">\u00dadr\u017eba kryoterapeutick\u00e9ho zariadenia a rie\u0161enie probl\u00e9mov: po\u017eiadavky na \u010distenie a su\u0161enie, \u00fa\u010dinn\u00e9 n\u00e1pravn\u00e9 opatrenia a ak\u010dn\u00e9 pl\u00e1ny v pr\u00edpade poruchy zariadenia<\/li>\n<\/ul>\n\n\n\n<p>Po absolvovan\u00ed \u0161kolenia z\u00edska oper\u00e1tor certifik\u00e1t, ktor\u00fd mu d\u00e1va opr\u00e1vnenie obsluhova\u0165 zariadenie.<\/p>\n\n\n\n<p><em><em>V pr\u00edpade z\u00e1ujmu pon\u00fakame jednod\u0148ov\u00e9 \u0161kolenie vo va\u0161ich priestoroch, aby sme zabezpe\u010dili, \u017ee v\u00e1\u0161 person\u00e1l bude poskytova\u0165 \u0161pi\u010dkov\u00e9 slu\u017eby.<\/em><\/em><\/p>\n\n\n\n<p class=\"text-justify\">Okrem toho, v\u0161etci na\u0161i z\u00e1kazn\u00edci maj\u00fa pr\u00edstup ku bezplatn\u00e9mu kurzu o kryoterapii, kde z\u00edskaj\u00fa vedecky podlo\u017een\u00e9 poznatky o kryoterapeutick\u00fdch o\u0161etreniach, v\u010faka ktor\u00fdm bud\u00fa kompetentn\u00fdmi poskytovate\u013emi t\u00fdchto slu\u017eieb.<\/p>\n\n\n\n<h3 class=\"wp-block-heading\"><strong><strong>Rozsah pokro\u010dil\u00e9ho online kurzu o kryoterapii Cryomed<\/strong><\/strong><\/h3>\n\n\n\n<p class=\"text-justify\">Teoretick\u00fd kurz je pr\u00ednosom pre technikov, ako aj majite\u013eov kryocentier. Oper\u00e1tori z\u00edskaj\u00fa poznatky, ktor\u00e9 vyu\u017eij\u00fa pri komunik\u00e1cii so z\u00e1kazn\u00edkom, bud\u00fa vedie\u0165 odpoveda\u0165 na r\u00f4zne ot\u00e1zky. Podnikatelia si v\u010faka kurzu bud\u00fa vedie\u0165 definova\u0165 z\u00e1kazn\u00edkov a ak\u00e9 marketingov\u00e9 strat\u00e9gie pou\u017ei\u0165.<\/p>\n\n\n\n<p>Vedecky podlo\u017een\u00fd kurz obsahuje p\u00e4\u0165 \u010dast\u00ed, ktor\u00e9 zah\u0155\u0148aj\u00fa najd\u00f4le\u017eitej\u0161ie aspekty celotelovej kryoterapie:<\/p>\n\n\n\n<ul class=\"wp-block-list\">\n<li>Z\u00e1kladn\u00e9 mechanizmy, aplik\u00e1cie a obmedzenia celotelovej kryoterapie.<\/li>\n\n\n\n<li>Bezpe\u010dnostn\u00e9 ot\u00e1zky: manipul\u00e1cia s tekut\u00fdm dus\u00edkom, manipul\u00e1cia s dus\u00edkov\u00fdm zariaden\u00edm, pr\u00e1vna ochrana podnikania v oblasti kryoterapie.<\/li>\n\n\n\n<li>\u0161peci\u00e1lne nastavenia proced\u00fary pre konkr\u00e9tnych klientov<\/li>\n\n\n\n<li>Vedecky podlo\u017een\u00e9 naj\u010dastej\u0161ie medic\u00ednske indik\u00e1cie s kryoterapiou ako s\u00fa\u010das\u0165 lie\u010debn\u00fdch protokolov.<\/li>\n\n\n\n<li>Pou\u017eitie celotelovej kryoterapie pri \u0161portov\u00fdch aktivit\u00e1ch, po tr\u00e9ningoch, \u010di z\u00e1pasoch, pri zotaven\u00ed z \u00farazu.<\/li>\n\n\n\n<li>V\u00fdhody celotelovej kryoterapie pre be\u017en\u00fd \u017eivot, pohodu, vitalitu a kr\u00e1su.<\/li>\n<\/ul>\n\n\n\n<p>Po \u00faspe\u0161nom absolvovan\u00ed testu, prev\u00e1dzkovate\u013e z\u00edska certifik\u00e1t.&nbsp;<\/p>\n\n\n\n<h3 class=\"wp-block-heading\"><strong><strong>Pre\u010do je za\u0161kolenie tak d\u00f4le\u017eit\u00e9?<\/strong><\/strong><\/h3>\n\n\n\n<p class=\"text-justify\">Ako s\u00fa\u010das\u0165 komunity poskytovate\u013eov kryoterapie je pre Cryomed d\u00f4le\u017eit\u00e9 nastavova\u0165 vysok\u00e9 \u0161tandardy pri v\u00fdrobe, \u010d\u00edm si roky budujeme d\u00f4veru a priaze\u0148 na\u0161ich z\u00e1kazn\u00edkov. Preto n\u00e1m z\u00e1le\u017e\u00ed na tom, aby boli zariadenia obsluhovan\u00e9 spr\u00e1vne a s n\u00e1le\u017eitou opatrnos\u0165ou, aby si klienti proced\u00faru u\u017eili a dosiahli najlep\u0161ie v\u00fdsledky, bez ohrozenia na zdrav\u00ed.&nbsp;<\/p>\n\n\n\n<p>Z poh\u013eadu majite\u013ea kryo biznisu sa tento kurz oplat\u00ed pre tieto d\u00f4vody:<\/p>\n\n\n\n<ul class=\"wp-block-list\">\n<li>budujete si profesion\u00e1lny imid\u017e,<\/li>\n\n\n\n<li>m\u00e1te navrch pred konkurenciou,<\/li>\n\n\n\n<li>z\u00edskate klientov, ktor\u00ed vyh\u013ead\u00e1vaj\u00fa a preferuj\u00fa kompetentn\u00fdch, a kvalifikovan\u00fdch poskytovate\u013eov slu\u017eieb,<\/li>\n\n\n\n<li>minimalizujete vznik pr\u00e1vnych \u017eal\u00f4b.<\/li>\n<\/ul>\n\n\n\n<p>Cryomed pon\u00faka komplexn\u00e9 \u0161kolenia pre va\u0161ich zamestnancov, aby z\u00edskali potrebn\u00e9 zru\u010dnosti na efekt\u00edvnu komunik\u00e1ciu s klientmi, ako aj kompetentn\u00fa manipul\u00e1ciu s kryo zariaden\u00edm.<\/p>\n\n\n\n<p>Pros\u00edm, kontaktujte n\u00e1\u0161 <a href=\"https:\/\/cryomed.pro\/about-us\/contacts\/\">obchodn\u00fd t\u00edm<\/a> pre viac inform\u00e1ci\u00ed.<\/p>\n\n\n\n<figure class=\"wp-block-image alignwide\"><img decoding=\"async\" src=\"\/wp-content\/uploads\/2020\/05\/NIK_5138-1024x684-1-1024x400.jpg\" alt=\"Cryotherapy specialist training\" class=\"wp-image-498\" title=\"Cryotherapy specialist training\" \/><figcaption class=\"wp-element-caption\"><mark style=\"background-color:#fff\" class=\"has-inline-color has-secondary-color\">\u0160kolenie \u0161pecialistov pre kryoterapiu<\/mark><\/figcaption><\/figure>\n\n\n\n<div class=\"wp-block-group\"><div class=\"wp-block-group__inner-container is-layout-flow wp-block-group-is-layout-flow\">\n<div class=\"wp-block-columns is-layout-flex wp-container-core-columns-is-layout-9d6595d7 wp-block-columns-is-layout-flex\">\n<div class=\"wp-block-column is-layout-flow wp-block-column-is-layout-flow\">\n<p class=\"mt-4\">\u010eal\u0161ia podpora pre kryo podnikanie:<\/p>\n\n\n\n<ul class=\"wp-block-list\">\n<li><a href=\"https:\/\/cryomed.pro\/sk\/business\/sluzby\/marketing\/\">Marketingov\u00e9 materi\u00e1ly<\/a><\/li>\n\n\n\n<li><a href=\"https:\/\/cryomed.pro\/business\/services\/installation\/\">Doru\u010denie kryosauny<\/a><\/li>\n\n\n\n<li><a href=\"https:\/\/cryomed.pro\/business\/services\/installation\/\">Mont\u00e1\u017e kryosauny<\/a><\/li>\n\n\n\n<li><a href=\"https:\/\/cryomed.pro\/business\/services\/support\/\">Technick\u00e1 podpora kryosauny<\/a><\/li>\n<\/ul>\n<\/div>\n<\/div>\n<\/div><\/div>\n","protected":false},"excerpt":{"rendered":"<p>Na\u0161i \u0161pecialisti pr\u00eddu k v\u00e1m na jednod\u0148ov\u00e9 \u0161kolenie. \u0160kolenie je k dispoz\u00edcii na z\u00e1klade \u017eiadosti.<\/p>\n","protected":false},"author":1,"featured_media":0,"parent":38301,"menu_order":1,"comment_status":"closed","ping_status":"closed","template":"","meta":{"inline_featured_image":false,"footnotes":""},"class_list":["hentry"],"meta_box":[],"_links":{"self":[{"href":"https:\/\/cryomed.pro\/sk\/wp-json\/wp\/v2\/pages\/38308","targetHints":{"allow":["GET"]}}],"collection":[{"href":"https:\/\/cryomed.pro\/sk\/wp-json\/wp\/v2\/pages"}],"about":[{"href":"https:\/\/cryomed.pro\/sk\/wp-json\/wp\/v2\/types\/page"}],"author":[{"embeddable":true,"href":"https:\/\/cryomed.pro\/sk\/wp-json\/wp\/v2\/users\/1"}],"replies":[{"embeddable":true,"href":"https:\/\/cryomed.pro\/sk\/wp-json\/wp\/v2\/comments?post=38308"}],"version-history":[{"count":0,"href":"https:\/\/cryomed.pro\/sk\/wp-json\/wp\/v2\/pages\/38308\/revisions"}],"up":[{"embeddable":true,"href":"https:\/\/cryomed.pro\/sk\/wp-json\/wp\/v2\/pages\/38301"}],"wp:attachment":[{"href":"https:\/\/cryomed.pro\/sk\/wp-json\/wp\/v2\/media?parent=38308"}],"curies":[{"name":"wp","href":"https:\/\/api.w.org\/{rel}","templated":true}]}}