{"id":38301,"date":"2020-05-27T08:10:58","date_gmt":"2020-05-27T08:10:58","guid":{"rendered":"https:\/\/cryomed.pro\/business\/services\/"},"modified":"2025-05-16T21:32:44","modified_gmt":"2025-05-16T21:32:44","slug":"sluzby","status":"publish","type":"page","link":"https:\/\/cryomed.pro\/sk\/business\/sluzby\/","title":{"rendered":"Slu\u017eby"},"content":{"rendered":"\n<div class=\"wp-block-group alignfull wp-block-group-media-text\"><div class=\"wp-block-group__inner-container is-layout-flow wp-block-group-is-layout-flow\">\n<div class=\"wp-block-columns alignwide is-layout-flex wp-container-core-columns-is-layout-9d6595d7 wp-block-columns-is-layout-flex\">\n<div class=\"wp-block-column is-layout-flow wp-block-column-is-layout-flow\">\n<figure class=\"wp-block-image size-large\"><img loading=\"lazy\" decoding=\"async\" width=\"819\" height=\"1024\" src=\"\/wp-content\/uploads\/2020\/09\/rosebox-BFdSCxmqvYc-unsplash-819x1024.jpg\" alt=\"Cryotherapy Services Delivery\" class=\"wp-image-1366\" title=\"Cryotherapy Services Delivery\" srcset=\"https:\/\/cryomed.pro\/wp-content\/uploads\/2020\/09\/rosebox-BFdSCxmqvYc-unsplash-819x1024.jpg 819w, https:\/\/cryomed.pro\/wp-content\/uploads\/2020\/09\/rosebox-BFdSCxmqvYc-unsplash-240x300.jpg 240w, https:\/\/cryomed.pro\/wp-content\/uploads\/2020\/09\/rosebox-BFdSCxmqvYc-unsplash-768x960.jpg 768w, https:\/\/cryomed.pro\/wp-content\/uploads\/2020\/09\/rosebox-BFdSCxmqvYc-unsplash-1229x1536.jpg 1229w, https:\/\/cryomed.pro\/wp-content\/uploads\/2020\/09\/rosebox-BFdSCxmqvYc-unsplash-1638x2048.jpg 1638w, https:\/\/cryomed.pro\/wp-content\/uploads\/2020\/09\/rosebox-BFdSCxmqvYc-unsplash.jpg 1920w\" sizes=\"auto, (max-width: 819px) 100vw, 819px\" \/><figcaption class=\"wp-element-caption\">Slu\u017eby a kryoterapia Doru\u010denie<\/figcaption><\/figure>\n<\/div>\n\n\n\n<div class=\"wp-block-column is-layout-flow wp-block-column-is-layout-flow\">\n<h2 class=\"wp-block-heading\"><a href=\"https:\/\/cryomed.pro\/sk\/business\/sluzby\/doprava\/\" data-type=\"URL\" data-id=\"\/business\/services\/delivery\/\">Doru\u010denie kryos\u00e1un a \u010fal\u0161\u00edch kryoterapeutick\u00fdch pr\u00edstrojov<\/a><\/h2>\n\n\n\n<p>Pon\u00fakame celosvetov\u00e9 doru\u010denie na\u0161ich zariaden\u00ed pre kryoterapiu. Dostupn\u00e9 mo\u017enosti prepravy:<\/p>\n\n\n\n<ul class=\"wp-block-list\">\n<li>dod\u00e1vkou, kami\u00f3nom na adresu;<\/li>\n\n\n\n<li>letecky po letisko;<\/li>\n\n\n\n<li>n\u00e1morne po pr\u00edstav;<\/li>\n\n\n\n<li>kompletn\u00e9 doru\u010denie (letecky\/ n\u00e1morne + dod\u00e1vkou na adresu).<\/li>\n<\/ul>\n\n\n\n<p>Doru\u010denie si m\u00f4\u017eete zabezpe\u010di\u0165 aj sami &#8211; zvo\u013ete si najv\u00fdhodnej\u0161\u00ed sp\u00f4sob prepravy.<\/p>\n<\/div>\n<\/div>\n<\/div><\/div>\n\n\n\n<div class=\"wp-block-group alignfull wp-block-group-media-text wp-block-group-media-text--reverse\"><div class=\"wp-block-group__inner-container is-layout-flow wp-block-group-is-layout-flow\">\n<div class=\"wp-block-columns alignwide is-layout-flex wp-container-core-columns-is-layout-9d6595d7 wp-block-columns-is-layout-flex\">\n<div class=\"wp-block-column is-layout-flow wp-block-column-is-layout-flow\">\n<h2 class=\"wp-block-heading\"><a href=\"https:\/\/cryomed.pro\/sk\/business\/sluzby\/instalacia\/\" data-type=\"URL\" data-id=\"\/business\/services\/installation\/\">In\u0161tal\u00e1cia kryosauny<\/a><\/h2>\n\n\n\n<p>Pon\u00fakame podrobn\u00fa konzult\u00e1ciu pred zak\u00fapen\u00edm kryosauny, aby ste si vybrali t\u00fa najlep\u0161iu mo\u017enos\u0165 pre v\u00e1s a v\u00e1\u0161 priestor.<\/p>\n\n\n\n<p>Niektor\u00e9 na\u0161e kryosauny nepotrebuj\u00fa mont\u00e1\u017e, nako\u013eko sa vyr\u00e1baj\u00fa ako jeden kompletn\u00fd kus. Pre in\u00e9, napr\u00edklad z rady Pro, pon\u00fakame r\u00f4zne mo\u017enosti in\u0161tal\u00e1cie: in\u0161trukt\u00e1\u017ene video, podpora na dia\u013eku, alebo mont\u00e1\u017e na\u0161imi technikmi na mieste. Tieto mo\u017enosti bud\u00fa prediskutovan\u00e9 pred zak\u00fapen\u00edm zariadenia.<\/p>\n\n\n\n<p><a href=\"\/sk\/business\/services\/instalacia\/\">Viac<\/a><\/p>\n<\/div>\n\n\n\n<div class=\"wp-block-column is-layout-flow wp-block-column-is-layout-flow\">\n<figure class=\"wp-block-image size-full\"><img loading=\"lazy\" decoding=\"async\" width=\"563\" height=\"750\" src=\"\/wp-content\/uploads\/2020\/09\/image-20200924-104531.png\" alt=\"Cryotherapy Services Cryosauna Installation\" class=\"wp-image-1240\" title=\"Cryotherapy Services Cryosauna Installation\" srcset=\"https:\/\/cryomed.pro\/wp-content\/uploads\/2020\/09\/image-20200924-104531.png 563w, https:\/\/cryomed.pro\/wp-content\/uploads\/2020\/09\/image-20200924-104531-225x300.png 225w\" sizes=\"auto, (max-width: 563px) 100vw, 563px\" \/><figcaption class=\"wp-element-caption\">Slu\u017eby a kryoterapia In\u0161tal\u00e1cia kryosauny<\/figcaption><\/figure>\n<\/div>\n<\/div>\n<\/div><\/div>\n\n\n\n<div class=\"wp-block-group alignfull wp-block-group-media-text\"><div class=\"wp-block-group__inner-container is-layout-flow wp-block-group-is-layout-flow\">\n<div class=\"wp-block-columns alignwide is-layout-flex wp-container-core-columns-is-layout-9d6595d7 wp-block-columns-is-layout-flex\">\n<div class=\"wp-block-column is-layout-flow wp-block-column-is-layout-flow\">\n<figure class=\"wp-block-image size-large\"><img loading=\"lazy\" decoding=\"async\" width=\"1024\" height=\"683\" src=\"\/wp-content\/uploads\/2020\/09\/blaz-erzetic-g5f0BJq-FRs-unsplash-1024x683.jpg\" alt=\"Cryotherapy Services Maintenance Technical Support\" class=\"wp-image-1242\" title=\"Cryotherapy Services Maintenance Technical Support\" srcset=\"https:\/\/cryomed.pro\/wp-content\/uploads\/2020\/09\/blaz-erzetic-g5f0BJq-FRs-unsplash-1024x683.jpg 1024w, https:\/\/cryomed.pro\/wp-content\/uploads\/2020\/09\/blaz-erzetic-g5f0BJq-FRs-unsplash-300x200.jpg 300w, https:\/\/cryomed.pro\/wp-content\/uploads\/2020\/09\/blaz-erzetic-g5f0BJq-FRs-unsplash-768x512.jpg 768w, https:\/\/cryomed.pro\/wp-content\/uploads\/2020\/09\/blaz-erzetic-g5f0BJq-FRs-unsplash-1536x1024.jpg 1536w, https:\/\/cryomed.pro\/wp-content\/uploads\/2020\/09\/blaz-erzetic-g5f0BJq-FRs-unsplash.jpg 1920w\" sizes=\"auto, (max-width: 1024px) 100vw, 1024px\" \/><figcaption class=\"wp-element-caption\">Slu\u017eby a kryoterapia \u00dadr\u017eba a technick\u00e1 podpora<\/figcaption><\/figure>\n<\/div>\n\n\n\n<div class=\"wp-block-column is-layout-flow wp-block-column-is-layout-flow\">\n<h2 class=\"wp-block-heading\" id=\"Maintenance-And-Technical-Support-For-Your-Cryogenic-Equipment\"><a href=\"https:\/\/cryomed.pro\/sk\/business\/sluzby\/support\/\">\u00dadr\u017eba a technick\u00e1 podpora<\/a><\/h2>\n\n\n\n<p>Na\u0161i \u0161pecialisti s\u00fa v\u017edy pripraven\u00ed konzultova\u0165 ak\u00e9ko\u013evek probl\u00e9my ( online alebo offline). S\u00fa k dispoz\u00edcii takmer 24\/7.<\/p>\n\n\n\n<p><a href=\"https:\/\/cryomed.pro\/sk\/business\/sluzby\/support\/\">Viac<\/a><\/p>\n<\/div>\n<\/div>\n<\/div><\/div>\n\n\n\n<div class=\"wp-block-group alignfull wp-block-group-media-text\"><div class=\"wp-block-group__inner-container is-layout-flow wp-block-group-is-layout-flow\">\n<h2 class=\"wp-block-heading has-text-align-center\">Marketing pre kryosauny a kryoterapiu<\/h2>\n\n\n\n<figure class=\"wp-block-image size-full\"><img loading=\"lazy\" decoding=\"async\" width=\"1200\" height=\"791\" src=\"\/wp-content\/uploads\/2020\/09\/image-20200924-105210-1.png\" alt=\"Marketing Of Cryosaunas\" class=\"wp-image-1370\" title=\"Marketing Of Cryosaunas\" srcset=\"https:\/\/cryomed.pro\/wp-content\/uploads\/2020\/09\/image-20200924-105210-1.png 1200w, https:\/\/cryomed.pro\/wp-content\/uploads\/2020\/09\/image-20200924-105210-1-300x198.png 300w, https:\/\/cryomed.pro\/wp-content\/uploads\/2020\/09\/image-20200924-105210-1-1024x675.png 1024w, https:\/\/cryomed.pro\/wp-content\/uploads\/2020\/09\/image-20200924-105210-1-768x506.png 768w\" sizes=\"auto, (max-width: 1200px) 100vw, 1200px\" \/><figcaption class=\"wp-element-caption\">Propag\u00e1cia kryos\u00e1un<\/figcaption><\/figure>\n\n\n\n<p>N\u00e1\u0161 marketingov\u00fd t\u00edm v\u00e1m odo\u0161le najnov\u0161ie reklamn\u00e9 materi\u00e1ly a pon\u00fakne pomoc s marketingov\u00fdm pl\u00e1nom, strat\u00e9giou a zna\u010dkou.&nbsp;<\/p>\n\n\n\n<p>Marketing kryoterapeutick\u00fdch slu\u017eieb hr\u00e1 k\u013e\u00fa\u010dov\u00fa \u00falohu vo va\u0161om kryo biznise. Nejde len o propag\u00e1ciu, ale hlavne o prieskum trhu, vypracovanie vlastnej marketingovej strat\u00e9gie a pl\u00e1nu. Bez t\u00fdchto d\u00f4le\u017eit\u00fdch krokov bude \u0165a\u017ek\u00e9 propagova\u0165 ponuku kryoterapie a n\u00e1js\u0165 svoju klientelu. Nebudete si vedie\u0165 spo\u010d\u00edta\u0165 svoj pr\u00edjem a investi\u010dn\u00fa n\u00e1vratnos\u0165. Preto nielen pred\u00e1vame kryo vybavenie, ale pom\u00e1hame na\u0161im klientom aj s marketingom kryoterapeutick\u00fdch slu\u017eieb a biznisom v\u0161eobecne.&nbsp;<\/p>\n\n\n\n<p>N\u00e1\u0161 marketingov\u00fd t\u00edm v\u00e1m odo\u0161le najnov\u0161ie reklamn\u00e9 materi\u00e1ly a pon\u00fakne pomoc s marketingov\u00fdm pl\u00e1nom, strat\u00e9giou a zna\u010dkou.<\/p>\n\n\n\n<p class=\"has-text-align-left\"><a href=\"https:\/\/cryomed.pro\/sk\/business\/sluzby\/marketing\/\">Viac<\/a><\/p>\n<\/div><\/div>\n\n\n\n<div class=\"wp-block-group alignfull wp-block-group-media-text wp-block-group-media-text--reverse\"><div class=\"wp-block-group__inner-container is-layout-flow wp-block-group-is-layout-flow\">\n<div class=\"wp-block-columns alignwide is-layout-flex wp-container-core-columns-is-layout-9d6595d7 wp-block-columns-is-layout-flex\">\n<div class=\"wp-block-column is-layout-flow wp-block-column-is-layout-flow\">\n<h2 class=\"wp-block-heading\"><a href=\"https:\/\/cryomed.pro\/sk\/business\/sluzby\/trening\/\" data-type=\"URL\" data-id=\"\/business\/services\/training\/\">\u0160kolenie oper\u00e1torov<\/a><\/h2>\n\n\n\n<p>Pon\u00fakame osobn\u00e9 \u0161kolenie, ktor\u00e9 zah\u0155\u0148a z\u00e1klady kryoterapie a obsluhu kryoterapeutick\u00fdch zariaden\u00ed. Na\u0161i \u0161pecialisti pr\u00eddu do va\u0161ich priestorov na jednod\u0148ov\u00e9 \u0161kolenie. \u0160kolenie je mo\u017en\u00e9 po vy\u017eiadan\u00ed.<\/p>\n\n\n\n<blockquote class=\"wp-block-quote is-layout-flow wp-block-quote-is-layout-flow\">\n<p>Ak v\u00e1s zauj\u00edmaj\u00fa na\u0161e slu\u017eby, pros\u00edm, kontaktujte na\u0161e obchodn\u00e9 oddelenie pre viac inform\u00e1ci\u00ed.<\/p>\n\n\n\n<p><\/p>\n<cite>Cryomed Pro<\/cite><\/blockquote>\n<\/div>\n\n\n\n<div class=\"wp-block-column is-layout-flow wp-block-column-is-layout-flow\">\n<figure class=\"wp-block-image size-full\"><img loading=\"lazy\" decoding=\"async\" width=\"1024\" height=\"684\" src=\"\/wp-content\/uploads\/2020\/05\/NIK_5138-1024x684-1.jpg\" alt=\"Cryotherapy Services Staff Training\" class=\"wp-image-498\" title=\"Cryotherapy Services Staff Training\" srcset=\"https:\/\/cryomed.pro\/wp-content\/uploads\/2020\/05\/NIK_5138-1024x684-1.jpg 1024w, https:\/\/cryomed.pro\/wp-content\/uploads\/2020\/05\/NIK_5138-1024x684-1-300x200.jpg 300w, https:\/\/cryomed.pro\/wp-content\/uploads\/2020\/05\/NIK_5138-1024x684-1-768x513.jpg 768w\" sizes=\"auto, (max-width: 1024px) 100vw, 1024px\" \/><figcaption class=\"wp-element-caption\">Cryomed poskytuje b2b marketing kryoterapie a \u0161kolenie person\u00e1lu o z\u00e1kladoch kryoterapie a pou\u017e\u00edvan\u00ed kryoterapeutick\u00fdch zariaden\u00ed.<\/figcaption><\/figure>\n<\/div>\n<\/div>\n\n\n\n<div class=\"wp-block-columns is-layout-flex wp-container-core-columns-is-layout-9d6595d7 wp-block-columns-is-layout-flex\">\n<div class=\"wp-block-column is-layout-flow wp-block-column-is-layout-flow\"><\/div>\n<\/div>\n\n\n\n<div class=\"wp-block-pb-accordion-item c-accordion__item js-accordion-item no-js\" data-initially-open=\"false\" data-click-to-close=\"true\" data-auto-close=\"true\" data-scroll=\"false\" data-scroll-offset=\"0\"><h3 id=\"at-383012\" class=\"c-accordion__title js-accordion-controller\" role=\"button\">\u010co klientovi pon\u00faka kryoterapia?<\/h3><div id=\"ac-383012\" class=\"c-accordion__content\">\n<p>Kryoterapia sa del\u00ed na celotelov\u00fa a lok\u00e1lnu kryoterapiu.<\/p>\n\n\n\n<p>Celotelov\u00e1 kryoterapia prebieha v kryosaune alebo kryokomore. Lok\u00e1lna kryoterapia, ktor\u00e1 sa zameriava na o\u0161etrenie konkr\u00e9tneho miesta na tele, sa aplikuje pomocou kryof\u00e9nu.&nbsp;<\/p>\n\n\n\n<p>Ke\u010f\u017ee celotelov\u00e1 kryoterapia p\u00f4sob\u00ed na cel\u00e9 telo, m\u00e1 r\u00fdchlej\u0161ie \u00fa\u010dinky a viac vidite\u013en\u00fdch v\u00fdsledkov. Lok\u00e1lna kryoterapia m\u00e1 dosah iba na konkr\u00e9tne o\u0161etrovan\u00e9 miesto, st\u00e1le je v\u0161ak prospe\u0161n\u00e1 pre \u013eud\u00ed s obmedzenou pohyblivos\u0165ou alebo pre t\u00fdch, \u010do maj\u00fa strach z uzavret\u00fdch priestorov.&nbsp;<\/p>\n\n\n\n<p>Mana\u017e\u00e9r kryo centra v\u00e1m pom\u00f4\u017ee zisti\u0165, ktor\u00fd typ kryoterapie je pre v\u00e1s vhodn\u00fd.<\/p>\n<\/div><\/div>\n\n\n\n<div class=\"wp-block-pb-accordion-item c-accordion__item js-accordion-item no-js\" data-initially-open=\"false\" data-click-to-close=\"true\" data-auto-close=\"true\" data-scroll=\"false\" data-scroll-offset=\"0\"><h3 id=\"at-383013\" class=\"c-accordion__title js-accordion-controller\" role=\"button\">\u010co zah\u0155\u0148a na\u0161a ponuka pre kryo biznis?<\/h3><div id=\"ac-383013\" class=\"c-accordion__content\">\n<p>Poskytujeme nielen zariadenia na kryoterapiu, ale aj pln\u00fa podporu podnikania pre na\u0161ich klientov.<\/p>\n\n\n\n<ul class=\"wp-block-list\">\n<li>Doru\u010denie \u2013 posielame celosvetovo a pou\u017e\u00edvame r\u00f4zne druhy prepravy<\/li>\n\n\n\n<li>In\u0161tal\u00e1cia \u2013 pom\u00e1hame s in\u0161tal\u00e1ciou na dia\u013eku ( video, videohovor), alebo n\u00e1\u0161 technik pr\u00edde osobne k v\u00e1m<\/li>\n\n\n\n<li>\u00dadr\u017eba a technick\u00e1 podpora \u2013 na\u0161i technici s\u00fa pripraven\u00ed pom\u00f4c\u0165 online \/ offline<\/li>\n\n\n\n<li>Marketing \u2013 pom\u00e1hame na\u0161im klientom robi\u0165 prieskum trhu, rozv\u00edja\u0165 marketingov\u00fa strat\u00e9giu a pl\u00e1nova\u0165 propaga\u010dn\u00e9 kampane. Poskytujeme aj marketingov\u00e9 materi\u00e1ly a in\u00fa pomoc<\/li>\n\n\n\n<li>\u0160kolenie oper\u00e1torov \u2013 pon\u00fakame jednod\u0148ov\u00e9 \u0161kolenie vo va\u0161ich priestoroch<\/li>\n<\/ul>\n\n\n\n<p>V\u0161etky tieto slu\u017eby s\u00fa k dispoz\u00edcii na vy\u017eiadanie.<\/p>\n<\/div><\/div>\n<\/div><\/div>\n","protected":false},"excerpt":{"rendered":"<p>Doru\u010denie kryos\u00e1un a \u010fal\u0161\u00edch kryoterapeutick\u00fdch pr\u00edstrojov Pon\u00fakame celosvetov\u00e9 doru\u010denie na\u0161ich zariaden\u00ed pre kryoterapiu. Dostupn\u00e9 mo\u017enosti prepravy: Doru\u010denie si m\u00f4\u017eete zabezpe\u010di\u0165 aj sami &#8211;&hellip;<\/p>\n","protected":false},"author":1,"featured_media":0,"parent":38298,"menu_order":4,"comment_status":"closed","ping_status":"closed","template":"","meta":{"inline_featured_image":false,"footnotes":""},"class_list":["hentry"],"meta_box":[],"_links":{"self":[{"href":"https:\/\/cryomed.pro\/sk\/wp-json\/wp\/v2\/pages\/38301","targetHints":{"allow":["GET"]}}],"collection":[{"href":"https:\/\/cryomed.pro\/sk\/wp-json\/wp\/v2\/pages"}],"about":[{"href":"https:\/\/cryomed.pro\/sk\/wp-json\/wp\/v2\/types\/page"}],"author":[{"embeddable":true,"href":"https:\/\/cryomed.pro\/sk\/wp-json\/wp\/v2\/users\/1"}],"replies":[{"embeddable":true,"href":"https:\/\/cryomed.pro\/sk\/wp-json\/wp\/v2\/comments?post=38301"}],"version-history":[{"count":5,"href":"https:\/\/cryomed.pro\/sk\/wp-json\/wp\/v2\/pages\/38301\/revisions"}],"predecessor-version":[{"id":105471,"href":"https:\/\/cryomed.pro\/sk\/wp-json\/wp\/v2\/pages\/38301\/revisions\/105471"}],"up":[{"embeddable":true,"href":"https:\/\/cryomed.pro\/sk\/wp-json\/wp\/v2\/pages\/38298"}],"wp:attachment":[{"href":"https:\/\/cryomed.pro\/sk\/wp-json\/wp\/v2\/media?parent=38301"}],"curies":[{"name":"wp","href":"https:\/\/api.w.org\/{rel}","templated":true}]}}