{"id":38298,"date":"2020-05-27T18:17:52","date_gmt":"2020-05-27T18:17:52","guid":{"rendered":"https:\/\/cryomed.pro\/business\/"},"modified":"2025-07-03T03:47:22","modified_gmt":"2025-07-03T03:47:22","slug":"business","status":"publish","type":"page","link":"https:\/\/cryomed.pro\/sk\/business\/","title":{"rendered":"Business"},"content":{"rendered":"\n<div class=\"wp-block-group alignfull wp-block-group-media-text\"><div class=\"wp-block-group__inner-container is-layout-flow wp-block-group-is-layout-flow\">\n<div class=\"wp-block-columns alignwide is-layout-flex wp-container-core-columns-is-layout-9d6595d7 wp-block-columns-is-layout-flex\">\n<div class=\"wp-block-column is-layout-flow wp-block-column-is-layout-flow\">\n<figure class=\"wp-block-image size-large is-resized\"><img loading=\"lazy\" decoding=\"async\" width=\"540\" height=\"540\" src=\"\/wp-content\/uploads\/2021\/06\/Frame-11-11.png\" alt=\"\u0421ryotherapy Business\" class=\"wp-image-6118\" style=\"width:456px;height:456px\" title=\"\u0421ryotherapy Business\" srcset=\"https:\/\/cryomed.pro\/wp-content\/uploads\/2021\/06\/Frame-11-11.png 540w, https:\/\/cryomed.pro\/wp-content\/uploads\/2021\/06\/Frame-11-11-300x300.png 300w, https:\/\/cryomed.pro\/wp-content\/uploads\/2021\/06\/Frame-11-11-150x150.png 150w, https:\/\/cryomed.pro\/wp-content\/uploads\/2021\/06\/Frame-11-11-100x100.png 100w, https:\/\/cryomed.pro\/wp-content\/uploads\/2021\/06\/Frame-11-11-160x160.png 160w, https:\/\/cryomed.pro\/wp-content\/uploads\/2021\/06\/Frame-11-11-340x340.png 340w\" sizes=\"auto, (max-width: 540px) 100vw, 540px\" \/><figcaption class=\"wp-element-caption\">Cryomed has extensive experience in opening <a href=\"https:\/\/cryomed.pro\/sk\/kryoterapia\/cryo-center\/\" data-type=\"URL\" data-id=\"\/cryotherapy\/cryo-center\/\">cryotherapy centers<\/a> all over the world.<\/figcaption><\/figure>\n<\/div>\n\n\n\n<div class=\"wp-block-column is-layout-flow wp-block-column-is-layout-flow\">\n<h2 class=\"wp-block-heading\">Costs For Cryosauna Business<\/h2>\n\n\n\n<p>One-time costs in cryosauna business include costs for cryotherapy equipment (cryosauna or local cryotherapy machine), organization of proper ventilation, furniture for your office and procedure cabinet, operator\u2019s training.<\/p>\n\n\n\n<p>Recurring payments in the cryotherapy business are monthly rental costs for the premises, liquid nitrogen purchase, insurance, staff salary, utility costs, promotional campaigns.<\/p>\n\n\n\n<p>In some countries, licenses or permits might be needed to operate cryotherapy centers. Consider looking into this issue well in advance to run your new cryogenic business smoothly. Anyway, Cryomed has extensive experience in opening cryotherapy centers all over the world and we would be happy to give you advice.<\/p>\n\n\n\n<p>Read more: <a href=\"https:\/\/cryomed.pro\/faq\/business\/how-to-start-cryotherapy-business\/\">How much does it cost to start a cryotherapy business<\/a><\/p>\n<\/div>\n<\/div>\n<\/div><\/div>\n\n\n\n<div class=\"wp-block-group alignfull wp-block-group-media-text wp-block-group-media-text--reverse\"><div class=\"wp-block-group__inner-container is-layout-flow wp-block-group-is-layout-flow\">\n<div class=\"wp-block-columns alignwide is-layout-flex wp-container-core-columns-is-layout-9d6595d7 wp-block-columns-is-layout-flex\">\n<div class=\"wp-block-column is-layout-flow wp-block-column-is-layout-flow\">\n<h2 class=\"wp-block-heading\">Promotion of Your Cryotherapy Business<\/h2>\n\n\n\n<p>Hopefully, over time word of mouth will become a key driver for your cryotherapy machine business. Still, in the beginning, you will need to make an effort to attract customers. First, you can start an online promotional campaign. Digital marketing is a flexible and adjustable tool that can help you without big investments.<\/p>\n\n\n\n<p>Special offers can be another very effective promotional tool.<\/p>\n\n\n\n<p>You can offer different subscription packages (monthly, yearly, unlimited) and discounts for regular customers. Gift cards or certificates for cryogenic procedures are also an efficient method to grow your business.<\/p>\n<\/div>\n\n\n\n<div class=\"wp-block-column is-layout-flow wp-block-column-is-layout-flow\">\n<figure class=\"wp-block-image size-large\"><img loading=\"lazy\" decoding=\"async\" width=\"540\" height=\"540\" src=\"\/wp-content\/uploads\/2021\/06\/Frame-11-12.png\" alt=\"Start A Cryo Business\" class=\"wp-image-6137\" title=\"Start A Cryo Business\" srcset=\"https:\/\/cryomed.pro\/wp-content\/uploads\/2021\/06\/Frame-11-12.png 540w, https:\/\/cryomed.pro\/wp-content\/uploads\/2021\/06\/Frame-11-12-300x300.png 300w, https:\/\/cryomed.pro\/wp-content\/uploads\/2021\/06\/Frame-11-12-150x150.png 150w, https:\/\/cryomed.pro\/wp-content\/uploads\/2021\/06\/Frame-11-12-100x100.png 100w, https:\/\/cryomed.pro\/wp-content\/uploads\/2021\/06\/Frame-11-12-160x160.png 160w, https:\/\/cryomed.pro\/wp-content\/uploads\/2021\/06\/Frame-11-12-340x340.png 340w\" sizes=\"auto, (max-width: 540px) 100vw, 540px\" \/><figcaption class=\"wp-element-caption\">A marketing strategy is absolutely essential when you start a cryo business from scratch.<\/figcaption><\/figure>\n<\/div>\n<\/div>\n<\/div><\/div>\n\n\n\n<div class=\"wp-block-group alignfull wp-block-group-media-text\"><div class=\"wp-block-group__inner-container is-layout-flow wp-block-group-is-layout-flow\">\n<div class=\"wp-block-columns alignwide is-layout-flex wp-container-core-columns-is-layout-9d6595d7 wp-block-columns-is-layout-flex\">\n<div class=\"wp-block-column is-layout-flow wp-block-column-is-layout-flow\">\n<figure class=\"wp-block-image size-large is-resized\"><img loading=\"lazy\" decoding=\"async\" width=\"540\" height=\"540\" src=\"\/wp-content\/uploads\/2021\/06\/Frame-11-13.png\" alt=\"How to open a cryotherapy business\" class=\"wp-image-6156\" style=\"width:456px;height:456px\" title=\"How to open a cryotherapy business\" srcset=\"https:\/\/cryomed.pro\/wp-content\/uploads\/2021\/06\/Frame-11-13.png 540w, https:\/\/cryomed.pro\/wp-content\/uploads\/2021\/06\/Frame-11-13-300x300.png 300w, https:\/\/cryomed.pro\/wp-content\/uploads\/2021\/06\/Frame-11-13-150x150.png 150w, https:\/\/cryomed.pro\/wp-content\/uploads\/2021\/06\/Frame-11-13-100x100.png 100w, https:\/\/cryomed.pro\/wp-content\/uploads\/2021\/06\/Frame-11-13-160x160.png 160w, https:\/\/cryomed.pro\/wp-content\/uploads\/2021\/06\/Frame-11-13-340x340.png 340w\" sizes=\"auto, (max-width: 540px) 100vw, 540px\" \/><figcaption class=\"wp-element-caption\">You can become a cryotherapy pioneer in your area!<\/figcaption><\/figure>\n<\/div>\n\n\n\n<div class=\"wp-block-column is-layout-flow wp-block-column-is-layout-flow\">\n<h2 class=\"wp-block-heading\">Benefits of Cryotherapy Machine Business<\/h2>\n\n\n\n<p>Starting a cryosauna business is a complicated but very interesting project. Interest in this type of treatment is picking up day after day. If five years ago cryotherapy was a well-kept secret mostly for professional athletes, now it helps reduce pain, treat skin problems, recover after injuries, speed up metabolism, etc. to numerous celebrities, fitness followers and ordinary people all over the world.<\/p>\n\n\n\n<p>You can become a cryotherapy pioneer in your area. Take your chance and start your business now! We can assist you in many ways, feel free to contact us.<\/p>\n<\/div>\n<\/div>\n<\/div><\/div>\n\n\n<section class=\"section section-list-pages-3\">\n  <div class=\"container\">\n\t<header class=\"section__header text-center\">\n\t  <h2 class=\"section__title\">Business Directions<\/h2><\/header>\n  <\/div>\n  <div class=\"mt-16 entry-content\">\n\t<article class=\"hentry alignfull wp-block-group-media-text\">\n\t  <div class=\"wp-block-group__inner-container card relative block py-8 md:py-10\" title=\"Whole body cryotherapy business\">\n\n\t\t  <div class=\"card__body flex flex-col md:flex-row\">\n\t\t\t<div class=\"flex-none\">\n\t\t\t  <h2 class=\"card__title text-navy font-light mb-5 md:mb-0 md:mt-3 xl:mt-5\">Whole body cryotherapy business<\/h2><\/div>\n\t\t\t<div class=\"flex-grow flex items-center md:ml-10 md:mr-auto\">\n\t\t\t  <div class=\"card__text text-current mb-0\">\n\t\t\t\t<p>A full body cryotherapy business is the most perspective direction in sports and health industries today.<\/p>\n\t\t\t  <\/div>\n\t\t\t<\/div>\n\t\t  <\/div>\n\n\t  <\/div>\n\t  <\/a>\n\t<\/article>\n\t<article class=\"hentry alignfull wp-block-group-media-text\">\n\t  <a class=\"wp-block-group__inner-container card relative block py-8 md:py-10\" href=\"https:\/\/cryomed.pro\/cryotherapy\/full-body-cryotherapy\/\" title=\"Local cryotherapy business\" aria-label=\"Local cryotherapy business\">\n\n\t\t  <div class=\"card__body flex flex-col md:flex-row\">\n\t\t\t<div class=\"flex-none\">\n\t\t\t  <h2 class=\"card__title text-navy font-light mb-5 md:mb-0 md:mt-3 xl:mt-5\">Local cryotherapy business<\/h2><\/div>\n\t\t\t<div class=\"flex-grow flex items-center md:ml-10 md:mr-auto\">\n\t\t\t  <div class=\"card__text text-current mb-0\">\n\t\t\t\t<p>Cryo business with local cryotherapy devices is mostly in demand now in the beauty and sports industries.<\/p>\n\t\t\t  <\/div>\n\t\t\t<\/div>\n\t\t\t<div class=\"absolute -top-2 right-0 md:static flex-none flex items-center md:ml-10\">\n\t\t\t  <div class=\"card__icon\">\n\t\t\t\t<svg width=\"32\" height=\"32\" viewBox=\"0 0 32 32\" fill=\"none\" xmlns=\"http:\/\/www.w3.org\/2000\/svg\">\n\t\t\t\t  <path d=\"M5 16H27\" stroke=\"currentColor\" stroke-width=\"2\" stroke-linecap=\"round\" stroke-linejoin=\"round\"><\/path>\n\t\t\t\t  <path d=\"M18 7L27 16L18 25\" stroke=\"currentColor\" stroke-width=\"2\" stroke-linecap=\"round\" stroke-linejoin=\"round\"><\/path>\n\t\t\t\t<\/svg>\n\t\t\t  <\/div>\n\t\t\t<\/div>\n\t\t  <\/div>\n\n\t  <\/a>\n\t<\/article>\n\t<article class=\"hentry alignfull wp-block-group-media-text\">\n\t  <div class=\"wp-block-group__inner-container card relative block py-8 md:py-10\" title=\"\u0421ryo-facial business\">\n\n\t\t  <div class=\"card__body flex flex-col md:flex-row\">\n\t\t\t<div class=\"flex-none\">\n\t\t\t  <h2 class=\"card__title text-navy font-light mb-5 md:mb-0 md:mt-3 xl:mt-5\">\u0421ryo-facial business<\/h2><\/div>\n\t\t\t<div class=\"flex-grow flex items-center md:ml-10 md:mr-auto\">\n\t\t\t  <div class=\"card__text text-current mb-0\">\n\t\t\t\t<p>A \u0421ryotherapy facial business is a great opportunity for those who don\u2019t want to miss out on all the benefits of local cryotherapy.<\/p>\n\t\t\t  <\/div>\n\t\t\t<\/div>\n\t\t  <\/div>\n\n\t\t<\/div>\n\t  <\/a>\n\t<\/article>\n\t<article class=\"hentry alignfull wp-block-group-media-text\">\n\t  <div class=\"wp-block-group__inner-container card relative block py-8 md:py-10\" title=\"\u0421ryo-facial business\">\n\n\t\t  <div class=\"card__body flex flex-col md:flex-row\">\n\t\t\t<div class=\"flex-none\">\n\t\t\t  <h2 class=\"card__title text-navy font-light mb-5 md:mb-0 md:mt-3 xl:mt-5\">Mobile cryotherapy business<\/h2><\/div>\n\t\t\t<div class=\"flex-grow flex items-center md:ml-10 md:mr-auto\">\n\t\t\t  <div class=\"card__text text-current mb-0\">\n\t\t\t\t<p>A New opportunity for those who want to provide mobile cryotherapy with quality equipment like in a cryo center.<\/p>\n\t\t\t  <\/div>\n\t\t\t<\/div>\n\t\t  <\/div>\n\n\t  <\/a>\n\t<\/div>\n\t<\/article>\n  <\/div>\n<\/section>\n\n\n\t<section class=\"section section-list-pages-3\">\n\t\t<div class=\"container\">\n\t\t\t\t\t\t\t<header class=\"section__header text-center\">\n\t\t\t\t\t<h2 class=\"section__title\">Business services<\/h2>\n\t\t\t\t<\/header>\n\t\t\t\t\t<\/div>\n\t\t<div class=\"mt-16 entry-content\">\n\n\t\t\t\n\t\t\t\t\t<article id=\"post-38295\" class=\"hentry alignfull wp-block-group-media-text\">\n\t\t\t\t\t\t<a class=\"wp-block-group__inner-container card relative block py-8 md:py-10\" href=\"https:\/\/cryomed.pro\/sk\/business\/sluzby\/marketing\/\" title=\"Marketing\" aria-label=\"Marketing\">\n\n\n\t\t\t\t\t\t\t\t<div class=\"card__body flex flex-col md:flex-row\">\n\t\t\t\t\t\t\t\t\t<div class=\"flex-none\">\n\n\t\t\t\t\t\t\t\t\t\t<h2 class=\"card__title text-navy font-light mb-5 md:mb-0 md:mt-3 xl:mt-5\">Marketing<\/h2>\n\t\t\t\t\t\t\t\t\t<\/div>\n\n\t\t\t\t\t\t\t\t\t<div class=\"flex-grow flex items-center md:ml-10 md:mr-auto\">\n\t\t\t\t\t\t\t\t\t\t<div class=\"card__text text-current mb-0\">\n\n\t\t\t\t\t\t\t\t\t\t\t<p>Poskytneme v\u00e1m propaga\u010dn\u00e9 materi\u00e1ly a pom\u00f4\u017eeme pri tvorbe marketingov\u00fdch pl\u00e1nov a reklamn\u00fdch strat\u00e9gi\u00ed.<\/p>\n\n\t\t\t\t\t\t\t\t\t\t<\/div>\n\t\t\t\t\t\t\t\t\t<\/div>\n\n\t\t\t\t\t\t\t\t\t<div class=\"absolute -top-2 right-0 md:static flex-none flex items-center md:ml-10\">\n\t\t\t\t\t\t\t\t\t\t<div class=\"card__icon\">\n\t\t\t\t\t\t\t\t\t\t\t<svg width=\"32\" height=\"32\" viewBox=\"0 0 32 32\" fill=\"none\" xmlns=\"http:\/\/www.w3.org\/2000\/svg\">\n\t\t\t\t\t\t\t\t\t\t\t\t<path d=\"M5 16H27\" stroke=\"currentColor\" stroke-width=\"2\" stroke-linecap=\"round\" stroke-linejoin=\"round\"\/>\n\t\t\t\t\t\t\t\t\t\t\t\t<path d=\"M18 7L27 16L18 25\" stroke=\"currentColor\" stroke-width=\"2\" stroke-linecap=\"round\" stroke-linejoin=\"round\"\/>\n\t\t\t\t\t\t\t\t\t\t\t<\/svg>\n\t\t\t\t\t\t\t\t\t\t<\/div>\n\t\t\t\t\t\t\t\t\t<\/div>\n\t\t\t\t\t\t\t\t<\/div>\n\n\n\t\t\t\t\t\t<\/a>\n\t\t\t\t\t<\/article>\n\n\t\t\t\t\t\n\t\t\t\t\t<article id=\"post-38308\" class=\"hentry alignfull wp-block-group-media-text\">\n\t\t\t\t\t\t<a class=\"wp-block-group__inner-container card relative block py-8 md:py-10\" href=\"https:\/\/cryomed.pro\/sk\/business\/sluzby\/trening\/\" title=\"Tr\u00e9ning\" aria-label=\"Tr\u00e9ning\">\n\n\n\t\t\t\t\t\t\t\t<div class=\"card__body flex flex-col md:flex-row\">\n\t\t\t\t\t\t\t\t\t<div class=\"flex-none\">\n\n\t\t\t\t\t\t\t\t\t\t<h2 class=\"card__title text-navy font-light mb-5 md:mb-0 md:mt-3 xl:mt-5\">Tr\u00e9ning<\/h2>\n\t\t\t\t\t\t\t\t\t<\/div>\n\n\t\t\t\t\t\t\t\t\t<div class=\"flex-grow flex items-center md:ml-10 md:mr-auto\">\n\t\t\t\t\t\t\t\t\t\t<div class=\"card__text text-current mb-0\">\n\n\t\t\t\t\t\t\t\t\t\t\t<p>Na\u0161i \u0161pecialisti pr\u00eddu k v\u00e1m na jednod\u0148ov\u00e9 \u0161kolenie. \u0160kolenie je k dispoz\u00edcii na z\u00e1klade \u017eiadosti.<\/p>\n\n\t\t\t\t\t\t\t\t\t\t<\/div>\n\t\t\t\t\t\t\t\t\t<\/div>\n\n\t\t\t\t\t\t\t\t\t<div class=\"absolute -top-2 right-0 md:static flex-none flex items-center md:ml-10\">\n\t\t\t\t\t\t\t\t\t\t<div class=\"card__icon\">\n\t\t\t\t\t\t\t\t\t\t\t<svg width=\"32\" height=\"32\" viewBox=\"0 0 32 32\" fill=\"none\" xmlns=\"http:\/\/www.w3.org\/2000\/svg\">\n\t\t\t\t\t\t\t\t\t\t\t\t<path d=\"M5 16H27\" stroke=\"currentColor\" stroke-width=\"2\" stroke-linecap=\"round\" stroke-linejoin=\"round\"\/>\n\t\t\t\t\t\t\t\t\t\t\t\t<path d=\"M18 7L27 16L18 25\" stroke=\"currentColor\" stroke-width=\"2\" stroke-linecap=\"round\" stroke-linejoin=\"round\"\/>\n\t\t\t\t\t\t\t\t\t\t\t<\/svg>\n\t\t\t\t\t\t\t\t\t\t<\/div>\n\t\t\t\t\t\t\t\t\t<\/div>\n\t\t\t\t\t\t\t\t<\/div>\n\n\n\t\t\t\t\t\t<\/a>\n\t\t\t\t\t<\/article>\n\n\t\t\t\t\t\n\t\t\t\t\t<article id=\"post-38311\" class=\"hentry alignfull wp-block-group-media-text\">\n\t\t\t\t\t\t<a class=\"wp-block-group__inner-container card relative block py-8 md:py-10\" href=\"https:\/\/cryomed.pro\/sk\/business\/sluzby\/support\/\" title=\"Podpora\" aria-label=\"Podpora\">\n\n\n\t\t\t\t\t\t\t\t<div class=\"card__body flex flex-col md:flex-row\">\n\t\t\t\t\t\t\t\t\t<div class=\"flex-none\">\n\n\t\t\t\t\t\t\t\t\t\t<h2 class=\"card__title text-navy font-light mb-5 md:mb-0 md:mt-3 xl:mt-5\">Podpora<\/h2>\n\t\t\t\t\t\t\t\t\t<\/div>\n\n\t\t\t\t\t\t\t\t\t<div class=\"flex-grow flex items-center md:ml-10 md:mr-auto\">\n\t\t\t\t\t\t\t\t\t\t<div class=\"card__text text-current mb-0\">\n\n\t\t\t\t\t\t\t\t\t\t\t<p>Na\u0161i \u0161pecialisti s\u00fa v\u017edy pripraven\u00ed konzultova\u0165 s vami ak\u00e9ko\u013evek ot\u00e1zky t\u00fdkaj\u00face sa prev\u00e1dzky.<\/p>\n\n\t\t\t\t\t\t\t\t\t\t<\/div>\n\t\t\t\t\t\t\t\t\t<\/div>\n\n\t\t\t\t\t\t\t\t\t<div class=\"absolute -top-2 right-0 md:static flex-none flex items-center md:ml-10\">\n\t\t\t\t\t\t\t\t\t\t<div class=\"card__icon\">\n\t\t\t\t\t\t\t\t\t\t\t<svg width=\"32\" height=\"32\" viewBox=\"0 0 32 32\" fill=\"none\" xmlns=\"http:\/\/www.w3.org\/2000\/svg\">\n\t\t\t\t\t\t\t\t\t\t\t\t<path d=\"M5 16H27\" stroke=\"currentColor\" stroke-width=\"2\" stroke-linecap=\"round\" stroke-linejoin=\"round\"\/>\n\t\t\t\t\t\t\t\t\t\t\t\t<path d=\"M18 7L27 16L18 25\" stroke=\"currentColor\" stroke-width=\"2\" stroke-linecap=\"round\" stroke-linejoin=\"round\"\/>\n\t\t\t\t\t\t\t\t\t\t\t<\/svg>\n\t\t\t\t\t\t\t\t\t\t<\/div>\n\t\t\t\t\t\t\t\t\t<\/div>\n\t\t\t\t\t\t\t\t<\/div>\n\n\n\t\t\t\t\t\t<\/a>\n\t\t\t\t\t<\/article>\n\n\t\t\t\t\t\n\t\t\t\t\t<article id=\"post-38314\" class=\"hentry alignfull wp-block-group-media-text\">\n\t\t\t\t\t\t<a class=\"wp-block-group__inner-container card relative block py-8 md:py-10\" href=\"https:\/\/cryomed.pro\/sk\/business\/sluzby\/instalacia\/\" title=\"In\u0161tal\u00e1cia\" aria-label=\"In\u0161tal\u00e1cia\">\n\n\n\t\t\t\t\t\t\t\t<div class=\"card__body flex flex-col md:flex-row\">\n\t\t\t\t\t\t\t\t\t<div class=\"flex-none\">\n\n\t\t\t\t\t\t\t\t\t\t<h2 class=\"card__title text-navy font-light mb-5 md:mb-0 md:mt-3 xl:mt-5\">In\u0161tal\u00e1cia<\/h2>\n\t\t\t\t\t\t\t\t\t<\/div>\n\n\t\t\t\t\t\t\t\t\t<div class=\"flex-grow flex items-center md:ml-10 md:mr-auto\">\n\t\t\t\t\t\t\t\t\t\t<div class=\"card__text text-current mb-0\">\n\n\t\t\t\t\t\t\t\t\t\t\t<p>Poskytneme v\u00e1m podrobn\u00e9 poradenstvo, ktor\u00e9 v\u00e1m pom\u00f4\u017ee vybra\u0165 najlep\u0161\u00ed typ zariadenia v s\u00falade s va\u0161imi predstavami pod\u013ea dostupn\u00fdch priestorov.<\/p>\n\n\t\t\t\t\t\t\t\t\t\t<\/div>\n\t\t\t\t\t\t\t\t\t<\/div>\n\n\t\t\t\t\t\t\t\t\t<div class=\"absolute -top-2 right-0 md:static flex-none flex items-center md:ml-10\">\n\t\t\t\t\t\t\t\t\t\t<div class=\"card__icon\">\n\t\t\t\t\t\t\t\t\t\t\t<svg width=\"32\" height=\"32\" viewBox=\"0 0 32 32\" fill=\"none\" xmlns=\"http:\/\/www.w3.org\/2000\/svg\">\n\t\t\t\t\t\t\t\t\t\t\t\t<path d=\"M5 16H27\" stroke=\"currentColor\" stroke-width=\"2\" stroke-linecap=\"round\" stroke-linejoin=\"round\"\/>\n\t\t\t\t\t\t\t\t\t\t\t\t<path d=\"M18 7L27 16L18 25\" stroke=\"currentColor\" stroke-width=\"2\" stroke-linecap=\"round\" stroke-linejoin=\"round\"\/>\n\t\t\t\t\t\t\t\t\t\t\t<\/svg>\n\t\t\t\t\t\t\t\t\t\t<\/div>\n\t\t\t\t\t\t\t\t\t<\/div>\n\t\t\t\t\t\t\t\t<\/div>\n\n\n\t\t\t\t\t\t<\/a>\n\t\t\t\t\t<\/article>\n\n\t\t\t\t\t\n\t\t\t\t\t<article id=\"post-38319\" class=\"hentry alignfull wp-block-group-media-text\">\n\t\t\t\t\t\t<a class=\"wp-block-group__inner-container card relative block py-8 md:py-10\" href=\"https:\/\/cryomed.pro\/sk\/business\/sluzby\/doprava\/\" title=\"Doprava\" aria-label=\"Doprava\">\n\n\n\t\t\t\t\t\t\t\t<div class=\"card__body flex flex-col md:flex-row\">\n\t\t\t\t\t\t\t\t\t<div class=\"flex-none\">\n\n\t\t\t\t\t\t\t\t\t\t<h2 class=\"card__title text-navy font-light mb-5 md:mb-0 md:mt-3 xl:mt-5\">Doprava<\/h2>\n\t\t\t\t\t\t\t\t\t<\/div>\n\n\t\t\t\t\t\t\t\t\t<div class=\"flex-grow flex items-center md:ml-10 md:mr-auto\">\n\t\t\t\t\t\t\t\t\t\t<div class=\"card__text text-current mb-0\">\n\n\t\t\t\t\t\t\t\t\t\t\t<p>Vieme zabezpe\u010di\u0165 doru\u010denie do v\u0161etk\u00fdch kraj\u00edn sveta. 4 r\u00f4zne sp\u00f4soby prepravy: kami\u00f3nov\u00e1, leteck\u00e1, n\u00e1morn\u00e1, vlastn\u00e1 preprava.<\/p>\n\n\t\t\t\t\t\t\t\t\t\t<\/div>\n\t\t\t\t\t\t\t\t\t<\/div>\n\n\t\t\t\t\t\t\t\t\t<div class=\"absolute -top-2 right-0 md:static flex-none flex items-center md:ml-10\">\n\t\t\t\t\t\t\t\t\t\t<div class=\"card__icon\">\n\t\t\t\t\t\t\t\t\t\t\t<svg width=\"32\" height=\"32\" viewBox=\"0 0 32 32\" fill=\"none\" xmlns=\"http:\/\/www.w3.org\/2000\/svg\">\n\t\t\t\t\t\t\t\t\t\t\t\t<path d=\"M5 16H27\" stroke=\"currentColor\" stroke-width=\"2\" stroke-linecap=\"round\" stroke-linejoin=\"round\"\/>\n\t\t\t\t\t\t\t\t\t\t\t\t<path d=\"M18 7L27 16L18 25\" stroke=\"currentColor\" stroke-width=\"2\" stroke-linecap=\"round\" stroke-linejoin=\"round\"\/>\n\t\t\t\t\t\t\t\t\t\t\t<\/svg>\n\t\t\t\t\t\t\t\t\t\t<\/div>\n\t\t\t\t\t\t\t\t\t<\/div>\n\t\t\t\t\t\t\t\t<\/div>\n\n\n\t\t\t\t\t\t<\/a>\n\t\t\t\t\t<\/article>\n\n\t\t\t\t\t\n\t\t<\/div>\n\t<\/section>\n\n\t\n\n<section class=\"section entry-content\">\n  <div class=\"hentry alignfull wp-block-group-media-text\">\n\t<header class=\"wp-block-group__inner-container section__header text-center\">\n\t  <h2 class=\"section__title\">Business Locations<\/h2>\n\t<\/header>\n\t<div class=\"wp-block-group__inner-container section-row\">\n\t\t<p>Cryomed partners around the world do cryo businesses in various locations, but the most successful new ones are those with a fitness business nearby.<\/p>\n\t\t<p>Cryomed has distributors in 24 countries around the world and we expect the number of companies starting cryotherapy or wellness businesses to increase significantly in the coming years.<\/p>\n\t\t<p>To date, we have installed 1800 cryosaunas in 70 countries, and these numbers are increasing every year.<\/p>\n\t  <\/div>\n\t<\/div>\n<\/section>\n\n<section class=\"section\">\n  <div class=\"container\">\n\t<header class=\"wp-block-group__inner-container section__header text-center\">\n\t  <h3 class=\"section__title\">Where You Can Find <br> Cryo Businesses With Our Equipment?<\/h3>\n\t<\/header>\n\t<div class=\"section-row wp-block-columns ml-3\">\n\t\t  <div class=\"wp-block-column\">\n\t\t\t<ul>\n\t\t\t  <li>Australia, New Zealand<\/li>\n\t\t\t  <li>Brazil<\/li>\n\t\t\t  <li>Belgium<\/li>\n\t\t\t  <li>Canada<\/li>\n\t\t\t  <li>Chez Republic<\/li>\n\t\t\t  <li>Croatia<\/li>\n\t\t\t  <li>Egypt<\/li>\n\t\t\t  <li>Estonia<\/li>\n\t\t\t  <li>France<\/li>\n\t\t\t  <li>Germany<\/li>\n\t\t\t<\/ul>\n\t\t  <\/div>\n\t\t  <div class=\"wp-block-column\">\n\t\t\t<ul>\n\t\t\t  <li>Greece<\/li>\n\t\t\t  <li>Hungary<\/li>\n\t\t\t  <li>Israel<\/li>\n\t\t\t  <li>Italy<\/li>\n\t\t\t  <li>Japan<\/li>\n\t\t\t  <li>Mexico<\/li>\n\t\t\t  <li>Netherlands<\/li>\n\t\t\t  <li>Poland<\/li>\n\t\t\t  <li>Portugal<\/li>\n\t\t\t  <li>Romania<\/li>\n\t\t\t<\/ul>\n\t\t  <\/div>\n\t\t  <div class=\"wp-block-column\">\n\t\t\t<ul>\n\t\t\t  <li>Russia<\/li>\n\t\t\t  <li>Slovenia<\/li>\n\t\t\t  <li>South Africa<\/li>\n\t\t\t  <li>Sweden<\/li>\n\t\t\t  <li>Switzerland<\/li>\n\t\t\t  <li>Taiwan<\/li>\n\t\t\t  <li>UK (London, Liverpool, Manchester, etc.)<\/li>\n\t\t\t  <li>USA (New York, Los Angeles, Scottsdale, Nevada, etc.)<\/li>\n\t\t\t<\/ul>\n\t\t  <\/div>\n\t  <\/div>\n  <\/div>\n<\/section>\n\n<div class=\"wp-block-group alignfull wp-block-group-map\">\n\t<div class=\"container\">\n\t\t<div id=\"my-map\"><\/div>\n\t<\/div>\n<\/div>\n\n<section class=\"section entry-content\">\n  <div class=\"hentry alignfull wp-block-group-media-text\">\n\t<header class=\"wp-block-group__inner-container section__header text-center\">\n\t  <h2 class=\"section__title\">What Location To Choose For Your Cryo Business?<\/h2>\n\t<\/header>\n\t<div class=\"wp-block-group__inner-container section-row\">\n\t\t<p>If you are the owner of an established business, adding a cryosauna may be a good idea. All you need is free space for a cryo cabinet. By doing so, you'll broaden the list of services you can offer your clients and save money on renting premises for your cryo center.<\/p>\n\t\t<p>You won't avoid this cost if you want to open a cryo business from scratch. You'll need to find the best location for your business, taking into consideration both your competitors and complementary businesses. Fitness centers or beauty salons are good options to have nearby your cryo business.<\/p>\n\t  <\/div>\n\t<\/div>\n<\/section>\n\n\n<aside class=\"section section-cta\">\n\t<div class=\"xl:container\">\n\t\t<div class=\"card\">\n\n\t\t\t\n<div class=\"cp-glass cp-glass--primary\">\n\n\t<img loading=\"lazy\" decoding=\"async\" width=\"1920\" height=\"1280\" class=\"js-parallax\" src=\"https:\/\/cryomed.pro\/wp-content\/themes\/cryomed\/resources\/img\/1920x1280\/1.jpg\" alt=\"Doprava - photo\" title=\"Doprava\" \/>\n\t\t\t<div class=\"cp-glass-backdrop\"><\/div>\n\t<\/div>\n\n\t\t\t<div class=\"card__body\">\n\t\t\t\t<p class=\"card__title\">Start your cryotherapy business jointly the industry leader with the largest number of cryotherapy devices sold across the globe<\/p>\n\t\t\t\t<div class=\"flex flex-col flex-wrap items-center justify-center space-y-6 md:flex-row md:space-y-0 md:space-x-6 mt-10\">\n\n\t\t\t\t\t\n\t<button class=\"btn btn--large btn--white w-full md:w-auto\"\n\t\tdata-toggle=\"modal\"\n\t\tdata-type=\"contact-us\"\n\t\tdata-find=\"#modal-pills-price-tab\"\n\t\t>\n\n\t\tPo\u017eiada\u0165 o cenov\u00fa ponuku\t<\/button>\n\n\t\n\t<button class=\"btn btn--large btn--white w-full md:w-auto\"\n\t\tdata-toggle=\"modal\"\n\t\tdata-type=\"contact-us\"\n\t\tdata-find=\"#modal-pills-distributor-tab\"\n\t\t>\n\n\t\t Sta\u0148te sa distrib\u00fatorom \t<\/button>\n\n\t\n\t\t\t\t<\/div>\n\t\t\t<\/div>\n\t\t<\/div>\n\t<\/div>\n<\/aside>\n\n\n","protected":false},"excerpt":{"rendered":"<p>Costs For Cryosauna Business One-time costs in cryosauna business include costs for cryotherapy equipment (cryosauna or local cryotherapy machine), organization of proper ventilation,&hellip;<\/p>\n","protected":false},"author":1,"featured_media":0,"parent":0,"menu_order":0,"comment_status":"closed","ping_status":"closed","template":"","meta":{"inline_featured_image":false,"footnotes":""},"class_list":["hentry"],"meta_box":[],"_links":{"self":[{"href":"https:\/\/cryomed.pro\/sk\/wp-json\/wp\/v2\/pages\/38298","targetHints":{"allow":["GET"]}}],"collection":[{"href":"https:\/\/cryomed.pro\/sk\/wp-json\/wp\/v2\/pages"}],"about":[{"href":"https:\/\/cryomed.pro\/sk\/wp-json\/wp\/v2\/types\/page"}],"author":[{"embeddable":true,"href":"https:\/\/cryomed.pro\/sk\/wp-json\/wp\/v2\/users\/1"}],"replies":[{"embeddable":true,"href":"https:\/\/cryomed.pro\/sk\/wp-json\/wp\/v2\/comments?post=38298"}],"version-history":[{"count":1,"href":"https:\/\/cryomed.pro\/sk\/wp-json\/wp\/v2\/pages\/38298\/revisions"}],"predecessor-version":[{"id":107523,"href":"https:\/\/cryomed.pro\/sk\/wp-json\/wp\/v2\/pages\/38298\/revisions\/107523"}],"wp:attachment":[{"href":"https:\/\/cryomed.pro\/sk\/wp-json\/wp\/v2\/media?parent=38298"}],"curies":[{"name":"wp","href":"https:\/\/api.w.org\/{rel}","templated":true}]}}