{"id":38295,"date":"2020-07-30T08:15:46","date_gmt":"2020-07-30T08:15:46","guid":{"rendered":"https:\/\/cryomed.pro\/marketing\/"},"modified":"2024-08-14T17:34:20","modified_gmt":"2024-08-14T17:34:20","slug":"marketing","status":"publish","type":"page","link":"https:\/\/cryomed.pro\/sk\/business\/sluzby\/marketing\/","title":{"rendered":"Marketing"},"content":{"rendered":"\n<h2 class=\"wp-block-heading\"><\/h2>\n\n\n\n<p class=\"text-justify\">N\u00e1\u0161 marketingov\u00fd t\u00edm v\u00e1m dod\u00e1 najnov\u0161ie promo materi\u00e1ly a poskytne pomoc s marketingov\u00fdmi pl\u00e1nmi, propaga\u010dn\u00fdmi strat\u00e9giami a brandingom. Na\u0161a ponuka je k dispoz\u00edcii aj na objedn\u00e1vku.<\/p>\n\n\n\n<figure class=\"wp-block-image size-full\"><img loading=\"lazy\" decoding=\"async\" width=\"1200\" height=\"791\" src=\"\/wp-content\/uploads\/2020\/09\/image-20200924-105210-1.png\" alt=\"Cryomed Cryotherapy Business Opportunities\" class=\"wp-image-1370\" title=\"Cryomed Cryotherapy Business Opportunities\" srcset=\"https:\/\/cryomed.pro\/wp-content\/uploads\/2020\/09\/image-20200924-105210-1.png 1200w, https:\/\/cryomed.pro\/wp-content\/uploads\/2020\/09\/image-20200924-105210-1-300x198.png 300w, https:\/\/cryomed.pro\/wp-content\/uploads\/2020\/09\/image-20200924-105210-1-1024x675.png 1024w, https:\/\/cryomed.pro\/wp-content\/uploads\/2020\/09\/image-20200924-105210-1-768x506.png 768w\" sizes=\"auto, (max-width: 1200px) 100vw, 1200px\" \/><figcaption class=\"wp-element-caption\">Cryomed partneri m\u00f4\u017eu po\u017eiada\u0165 o marketingov\u00fd pl\u00e1n spolu s reklamn\u00fdmi materi\u00e1lmi pre kryoterapiu, strat\u00e9giami a biznis modelom.&nbsp; Pom\u00e1hame s reklamou na kryoterapiu, let\u00e1kmi, n\u00e1vrhmi webov\u00fdch str\u00e1nok, n\u00e1vrhmi priestorov a \u010fal\u0161\u00edmi s cie\u013eom propagova\u0165 kryoterapeutick\u00e9 zariadenia.<\/figcaption><\/figure>\n\n\n\n<p class=\"text-justify\">Okrem toho pon\u00fakame nieko\u013eko mo\u017enost\u00ed na prisp\u00f4sobenie va\u0161ej kryosauny va\u0161ej zna\u010dke tak, aby zodpovedala obrazu va\u0161ej spolo\u010dnosti:<\/p>\n\n\n\n<ul class=\"wp-block-list\">\n<li class=\"text-justify\">m\u00f4\u017eeme prida\u0165 va\u0161e vy\u0161\u00edvan\u00e9 logo na vn\u00fatorn\u00e9 \u010dal\u00fanenie, n\u00e1lepku s va\u0161\u00edm logom na vonkaj\u0161\u00ed pl\u00e1\u0161\u0165, ako aj prida\u0165 va\u0161e logo na uv\u00edtaciu obrazovku;<\/li>\n\n\n\n<li class=\"text-justify\">farbu vonkaj\u0161ieho pl\u00e1\u0161\u0165a si m\u00f4\u017eete prisp\u00f4sobi\u0165 18 \u010fal\u0161\u00edmi farbami;<\/li>\n\n\n\n<li class=\"text-justify\">m\u00f4\u017eete si zvoli\u0165 prisp\u00f4soben\u00fa farbu vn\u00fatorn\u00e9ho \u010dal\u00fanenia v\u00fdberom z 10&nbsp;\u010fal\u0161\u00edch farieb.<\/li>\n<\/ul>\n\n\n\n<figure class=\"wp-block-image alignwide size-1920x800\"><img loading=\"lazy\" decoding=\"async\" width=\"1920\" height=\"800\" src=\"\/wp-content\/uploads\/2020\/09\/campaign-creators-gMsnXqILjp4-unsplash-1920x800.jpg\" alt=\"cryotherapy marketing\" class=\"wp-image-1244\" title=\"cryotherapy marketing\" \/><figcaption class=\"wp-element-caption\">Odhadovan\u00fd trh s kryosaunami a kryokomorami, pod\u013ea anal\u00fdzy, dosiahne do roku 2025 121,5 mili\u00f3na USD \u2013 Marketstudyreport.Com. Trh s kryokomorami bude vykazova\u0165 medziro\u010dn\u00fd rast o 10,8 % medzi rokmi 2020-2025<\/figcaption><\/figure>\n\n\n\n<p>\u010eal\u0161ia&nbsp;<a href=\"https:\/\/cryomed.pro\/business\/services\/\">podpora pre kryo podnikanie<\/a>:<\/p>\n\n\n\n<ul class=\"wp-block-list\">\n<li><a href=\"https:\/\/cryomed.pro\/business\/services\/installation\/\">Doru\u010denie kryosauny<\/a><\/li>\n\n\n\n<li><a href=\"https:\/\/cryomed.pro\/business\/services\/installation\/\">Mont\u00e1\u017e kryosauny<\/a><\/li>\n\n\n\n<li><a href=\"https:\/\/cryomed.pro\/business\/services\/support\/\">Technick\u00e1 podpora kryosauny<\/a><\/li>\n\n\n\n<li><a href=\"https:\/\/cryomed.pro\/business\/services\/training\/\">\u0160kolenie pre obsluhu kryosauny<\/a><\/li>\n<\/ul>\n","protected":false},"excerpt":{"rendered":"<p>Poskytneme v\u00e1m propaga\u010dn\u00e9 materi\u00e1ly a pom\u00f4\u017eeme pri tvorbe marketingov\u00fdch pl\u00e1nov a reklamn\u00fdch strat\u00e9gi\u00ed.<\/p>\n","protected":false},"author":1,"featured_media":0,"parent":38301,"menu_order":0,"comment_status":"closed","ping_status":"closed","template":"","meta":{"inline_featured_image":false,"footnotes":""},"class_list":["hentry"],"meta_box":[],"_links":{"self":[{"href":"https:\/\/cryomed.pro\/sk\/wp-json\/wp\/v2\/pages\/38295","targetHints":{"allow":["GET"]}}],"collection":[{"href":"https:\/\/cryomed.pro\/sk\/wp-json\/wp\/v2\/pages"}],"about":[{"href":"https:\/\/cryomed.pro\/sk\/wp-json\/wp\/v2\/types\/page"}],"author":[{"embeddable":true,"href":"https:\/\/cryomed.pro\/sk\/wp-json\/wp\/v2\/users\/1"}],"replies":[{"embeddable":true,"href":"https:\/\/cryomed.pro\/sk\/wp-json\/wp\/v2\/comments?post=38295"}],"version-history":[{"count":0,"href":"https:\/\/cryomed.pro\/sk\/wp-json\/wp\/v2\/pages\/38295\/revisions"}],"up":[{"embeddable":true,"href":"https:\/\/cryomed.pro\/sk\/wp-json\/wp\/v2\/pages\/38301"}],"wp:attachment":[{"href":"https:\/\/cryomed.pro\/sk\/wp-json\/wp\/v2\/media?parent=38295"}],"curies":[{"name":"wp","href":"https:\/\/api.w.org\/{rel}","templated":true}]}}