{"id":38263,"date":"2020-07-08T09:37:09","date_gmt":"2020-07-08T09:37:09","guid":{"rendered":"https:\/\/cryomed.pro\/kryoterapia\/in-medicine\/"},"modified":"2025-07-03T03:36:50","modified_gmt":"2025-07-03T03:36:50","slug":"in-medicine","status":"publish","type":"page","link":"https:\/\/cryomed.pro\/sk\/kryoterapia\/in-medicine\/","title":{"rendered":"Kryoterapia v zdravotn\u00edctve"},"content":{"rendered":"\n<div class=\"wp-block-group alignfull wp-block-group-medical-areas\"><div class=\"wp-block-group__inner-container is-layout-flow wp-block-group-is-layout-flow\">\n<h2 class=\"wp-block-heading\">Cryotherapy in medical areas<\/h2>\n\n\n\n<div class=\"wp-block-group\"><div class=\"wp-block-group__inner-container is-layout-flow wp-block-group-is-layout-flow\">\n<div class=\"wp-block-group\"><div class=\"wp-block-group__inner-container is-layout-flow wp-block-group-is-layout-flow\">\n<h3 class=\"wp-block-heading\">Cryotherapy <br>in rheumatology:<\/h3>\n\n\n\n<ul class=\"wp-block-list\">\n<li>Rheumatoid arthritis<\/li>\n\n\n\n<li>Osteoarthritis<\/li>\n\n\n\n<li>Capsulitis<\/li>\n\n\n\n<li>Spondyloarthritis<\/li>\n<\/ul>\n<\/div><\/div>\n\n\n\n<div class=\"wp-block-group\"><div class=\"wp-block-group__inner-container is-layout-flow wp-block-group-is-layout-flow\">\n<h3 class=\"wp-block-heading\">Cryotherapy <br>in dermatology:<\/h3>\n\n\n\n<ul class=\"wp-block-list\">\n<li>Psoriasis<\/li>\n\n\n\n<li>Neurodermatitis<\/li>\n\n\n\n<li>Eczema<\/li>\n\n\n\n<li>Scleroderma, etc.<\/li>\n<\/ul>\n<\/div><\/div>\n\n\n\n<div class=\"wp-block-group\"><div class=\"wp-block-group__inner-container is-layout-flow wp-block-group-is-layout-flow\">\n<h3 class=\"wp-block-heading\">Cryotherapy <br>in neuralogy:<\/h3>\n\n\n\n<ul class=\"wp-block-list\">\n<li>Any nervous system<\/li>\n\n\n\n<li>Multiple sclerosis<\/li>\n\n\n\n<li>Parkinsonism<\/li>\n\n\n\n<li>Paresis<\/li>\n\n\n\n<li>Reflex or neurodegenerative syndromes.<\/li>\n<\/ul>\n<\/div><\/div>\n\n\n\n<div class=\"wp-block-group\"><div class=\"wp-block-group__inner-container is-layout-flow wp-block-group-is-layout-flow\">\n<h3 class=\"wp-block-heading\">Cryotherapy <br>in pulmonology:<\/h3>\n\n\n\n<ul class=\"wp-block-list\">\n<li>support for treatment of chronic pulmonary inflammation<\/li>\n\n\n\n<li>asthma<\/li>\n\n\n\n<li>chronic bronchitis.<\/li>\n<\/ul>\n<\/div><\/div>\n\n\n\n<div class=\"wp-block-group\"><div class=\"wp-block-group__inner-container is-layout-flow wp-block-group-is-layout-flow\">\n<h3 class=\"wp-block-heading\"><a href=\"https:\/\/cryomed.pro\/sk\/kryoterapia\/kryoterapia-v-sporte\/\">Cryotherapy <br>in sports medicine<\/a>:<\/h3>\n\n\n\n<ul class=\"wp-block-list\">\n<li>treatment and rehabilitation of injuries<\/li>\n\n\n\n<li>development and maintenance of top shape<\/li>\n\n\n\n<li>preparation and stimulation of physical and psycho-emotional conditions.<\/li>\n<\/ul>\n<\/div><\/div>\n\n\n\n<div class=\"wp-block-group\"><div class=\"wp-block-group__inner-container is-layout-flow wp-block-group-is-layout-flow\">\n<h3 class=\"wp-block-heading\">Cryotherapy in orthopedics <br>and physiotherapy:<\/h3>\n\n\n\n<ul class=\"wp-block-list\">\n<li>treatment of pain<\/li>\n\n\n\n<li>acceleration of regeneration of all muscular, connective and joint injuries.<\/li>\n<\/ul>\n<\/div><\/div>\n\n\n\n<div class=\"wp-block-group\"><div class=\"wp-block-group__inner-container is-layout-flow wp-block-group-is-layout-flow\">\n<h3 class=\"wp-block-heading\">Cryotherapy in surgery <br>and traumatology:<\/h3>\n\n\n\n<ul class=\"wp-block-list\">\n<li>any injuries of the locomotive apparatus<\/li>\n\n\n\n<li>rehabilitation of chronic fatigue, etc.<\/li>\n<\/ul>\n<\/div><\/div>\n\n\n\n<div class=\"wp-block-group\"><div class=\"wp-block-group__inner-container is-layout-flow wp-block-group-is-layout-flow\">\n<h3 class=\"wp-block-heading\">Cryotherapy <br>in gynecology:<\/h3>\n\n\n\n<ul class=\"wp-block-list\">\n<li>treatment of sterility, abortion<\/li>\n\n\n\n<li>climacteric syndrome.<\/li>\n<\/ul>\n<\/div><\/div>\n\n\n\n<div class=\"wp-block-group\"><div class=\"wp-block-group__inner-container is-layout-flow wp-block-group-is-layout-flow\">\n<h3 class=\"wp-block-heading\">Cryotherapy <br>in hepatology:<\/h3>\n\n\n\n<ul class=\"wp-block-list\">\n<li>treatment of chronic autoimmune<\/li>\n\n\n\n<li>treatment of viral hepatitis.<\/li>\n<\/ul>\n\n\n\n<p><\/p>\n<\/div><\/div>\n<\/div><\/div>\n<\/div><\/div>\n\n\n\n<div class=\"wp-block-group alignfull wp-block-group-media-text\"><div class=\"wp-block-group__inner-container is-layout-flow wp-block-group-is-layout-flow\">\n<div class=\"wp-block-columns alignwide is-layout-flex wp-container-core-columns-is-layout-9d6595d7 wp-block-columns-is-layout-flex\">\n<div class=\"wp-block-column is-layout-flow wp-block-column-is-layout-flow\">\n<figure class=\"wp-block-image size-large\"><img loading=\"lazy\" decoding=\"async\" width=\"540\" height=\"540\" src=\"\/wp-content\/uploads\/2021\/06\/Frame-11-7.png\" alt=\"How local cryotherapy is used for medical purposes?\" class=\"wp-image-5985\" title=\"How local cryotherapy is used for medical purposes?\" srcset=\"https:\/\/cryomed.pro\/wp-content\/uploads\/2021\/06\/Frame-11-7.png 540w, https:\/\/cryomed.pro\/wp-content\/uploads\/2021\/06\/Frame-11-7-300x300.png 300w, https:\/\/cryomed.pro\/wp-content\/uploads\/2021\/06\/Frame-11-7-150x150.png 150w, https:\/\/cryomed.pro\/wp-content\/uploads\/2021\/06\/Frame-11-7-100x100.png 100w, https:\/\/cryomed.pro\/wp-content\/uploads\/2021\/06\/Frame-11-7-160x160.png 160w, https:\/\/cryomed.pro\/wp-content\/uploads\/2021\/06\/Frame-11-7-340x340.png 340w\" sizes=\"auto, (max-width: 540px) 100vw, 540px\" \/><figcaption class=\"wp-element-caption\">How local cryotherapy is used for medical purposes?<\/figcaption><\/figure>\n<\/div>\n\n\n\n<div class=\"wp-block-column is-layout-flow wp-block-column-is-layout-flow\">\n<h2 class=\"wp-block-heading\">Local cryotherapy <br>for medical purposes<\/h2>\n\n\n\n<p>The analgetic effect of extremely low temperature to accelerate the regeneration of muscles and joints is ideal for use in physiotherapy, orthopedics and traumatology. Local stimulation of the affected body part immediately extends the range of movement and reduces pain, enabling full kinesiotherapy of the joints.<\/p>\n\n\n\n<p>Pain attenuation activates the patients and motivates them to exercise, which wouldn\u2019t be possible in a painful state. Studies on patients treated by this method show a reduced need for intra-articular steroid injections.<br>In some cases cryostimulation helps to avoid surgical intervention for patients, whose indications for synovectomy are related to the pathological expansion of the synovial membrane.<\/p>\n\n\n\n<p>Excellent results are achieved by local treatment of chronic dermatological diagnoses \u2013 acne, psoriasis, atopic eczema, hypersensitivity and reactivity of the skin.<\/p>\n<\/div>\n<\/div>\n<\/div><\/div>\n\n\n\n<div class=\"wp-block-group alignfull wp-block-group-pullquote\"><div class=\"wp-block-group__inner-container is-layout-flow wp-block-group-is-layout-flow\">\n<figure class=\"wp-block-pullquote\"><blockquote><p>\u201cCryotherapy positively affects the psychological state and mood of the customer. A 10 course treatment will result in a long term feeling of motivation and positive mood.<br>Patients prone to depression will see a decrease in the level of anxiety and irritation. Decision processes, motion and visual coordination, emotional control and stability, orientation in space and precision of thinking will improve.\u201d<\/p><\/blockquote><\/figure>\n<\/div><\/div>\n\n\n\n<div class=\"wp-block-group alignfull wp-block-group-media-text wp-block-group-media-text--reverse\"><div class=\"wp-block-group__inner-container is-layout-flow wp-block-group-is-layout-flow\">\n<div class=\"wp-block-columns alignwide is-layout-flex wp-container-core-columns-is-layout-9d6595d7 wp-block-columns-is-layout-flex\">\n<div class=\"wp-block-column is-layout-flow wp-block-column-is-layout-flow\">\n<h2 class=\"wp-block-heading\"><a href=\"https:\/\/cryomed.pro\/?post_type=faq&amp;p=66\">Whole-body cryotherapy<\/a> <br>in medicine<\/h2>\n\n\n\n<p>Whole body cryotherapy is currently the most efficient and most comprehensive method of treatment and stimulation by extreme cold. Thanks to its wide spectrum of effects, it is used by medical and rehabilitation facilities around the world.<\/p>\n\n\n\n<p>Cryosauna represents an ideal ergonomic and effective solution for hospitals, orthopedic, rheumatologic or rehabilitation centers, as well as specialized cryo-centers, fitness and wellness facilities<\/p>\n\n\n\n<h3 class=\"wp-block-heading\">Cryotherapy treatment<\/h3>\n\n\n\n<p>Within a 2-3 minutes long treatment in a cryosauna, the human body is rapidly exposed to extremely low temperature of about -130 \u00b0C.<\/p>\n\n\n\n<p>The most distinct adaptive reaction on cryostimulation is concentrating the blood from peripheral parts to the body core and inner organs, as well as increased production of beta-endorphins, inducing a feeling of joy and activity. These feelings, as well as the analgetic effect will persist for 3 to 5 hours after the treatment.<\/p>\n\n\n\n<p>After finishing the treatment and leaving the cryosauna, thermoreceptors will recall the \u201cstate of emergency\u201d, which results in intensified repletion of the acral parts \u2013 skin, muscles and joints. This activates metabolism, detoxification and starts healing and regeneration processes.<\/p>\n<\/div>\n\n\n\n<div class=\"wp-block-column is-layout-flow wp-block-column-is-layout-flow\">\n<figure class=\"wp-block-image size-large\"><img loading=\"lazy\" decoding=\"async\" width=\"540\" height=\"540\" src=\"\/wp-content\/uploads\/2021\/06\/professor-1-2.png\" alt=\"What is whole body cryotherapy?\" class=\"wp-image-6004\" title=\"What is whole body cryotherapy?\" srcset=\"https:\/\/cryomed.pro\/wp-content\/uploads\/2021\/06\/professor-1-2.png 540w, https:\/\/cryomed.pro\/wp-content\/uploads\/2021\/06\/professor-1-2-300x300.png 300w, https:\/\/cryomed.pro\/wp-content\/uploads\/2021\/06\/professor-1-2-150x150.png 150w, https:\/\/cryomed.pro\/wp-content\/uploads\/2021\/06\/professor-1-2-100x100.png 100w, https:\/\/cryomed.pro\/wp-content\/uploads\/2021\/06\/professor-1-2-160x160.png 160w, https:\/\/cryomed.pro\/wp-content\/uploads\/2021\/06\/professor-1-2-340x340.png 340w\" sizes=\"auto, (max-width: 540px) 100vw, 540px\" \/><figcaption class=\"wp-element-caption\">What is whole body cryotherapy?<\/figcaption><\/figure>\n\n\n\n<p><\/p>\n<\/div>\n<\/div>\n<\/div><\/div>\n\n\n\n<div class=\"wp-block-group alignfull wp-block-group-media-text\"><div class=\"wp-block-group__inner-container is-layout-flow wp-block-group-is-layout-flow\">\n<div class=\"wp-block-columns alignwide is-layout-flex wp-container-core-columns-is-layout-9d6595d7 wp-block-columns-is-layout-flex\">\n<div class=\"wp-block-column is-layout-flow wp-block-column-is-layout-flow\">\n<figure class=\"wp-block-image size-large\"><img loading=\"lazy\" decoding=\"async\" width=\"540\" height=\"540\" src=\"\/wp-content\/uploads\/2021\/06\/Frame-11-8.png\" alt=\"MUDr. Ernest Caban Founder of cryotherapy in Slovakia, author of the book \u201cCRYOTHERAPY\" class=\"wp-image-6023\" title=\"MUDr. Ernest Caban Founder of cryotherapy in Slovakia, author of the book \u201cCRYOTHERAPY\" srcset=\"https:\/\/cryomed.pro\/wp-content\/uploads\/2021\/06\/Frame-11-8.png 540w, https:\/\/cryomed.pro\/wp-content\/uploads\/2021\/06\/Frame-11-8-300x300.png 300w, https:\/\/cryomed.pro\/wp-content\/uploads\/2021\/06\/Frame-11-8-150x150.png 150w, https:\/\/cryomed.pro\/wp-content\/uploads\/2021\/06\/Frame-11-8-100x100.png 100w, https:\/\/cryomed.pro\/wp-content\/uploads\/2021\/06\/Frame-11-8-160x160.png 160w, https:\/\/cryomed.pro\/wp-content\/uploads\/2021\/06\/Frame-11-8-340x340.png 340w\" sizes=\"auto, (max-width: 540px) 100vw, 540px\" \/><figcaption class=\"wp-element-caption\">MUDr. Ernest Caban Founder of cryotherapy in Slovakia, author of the book \u201cCRYOTHERAPY<\/figcaption><\/figure>\n<\/div>\n\n\n\n<div class=\"wp-block-column is-layout-flow wp-block-column-is-layout-flow\">\n<h2 class=\"wp-block-heading\">Founder of cryotherapy:<br>\u201cTreatment is beneficial to almost everybody\u201d<\/h2>\n\n\n\n<p>MUDr. Ernest Caban. Founder of cryotherapy in Slovakia, author of the book \u201cCRYOTHERAPY\u201d<\/p>\n\n\n\n<p>ordinary people, two ten-day treatments are recommended each year. Athletes, depending on the load, already know that when their body becomes accustomed to cryotherapy, it reacts differently. After the first treatments the reaction is faster. Biochemical evidence based on studies shows how rapidly all undesirable metabolites are degraded by cryotherapy stimulation in the body. Athletes and ordinary people who use cryotherapy know how to fit it into their lives. A very good approach is a cryo-cure before winter, when there is no transition period between autumn and winter. The effect of immunity and resistance lasts for 2 to 3 months throughout the winter and the flu period. I personally didn\u2019t have flu over the last twenty years\u201d.<\/p>\n\n\n\n<p>\u201cOur body perceives extreme cold as stress and produces defensive substances, endorphin hormones that protect it from stress\u201d, says Dr. Caban. \u201cIt will reduce pain, block transmission of pain signals, release muscle fibers\u201d, explains the doctor. \u201cAfter production of endorphins, corticoids that treat inflammation are also produced in the body\u201d, he adds. Cooling also eliminates pollutants, free radicals, lactic acid and urea from the body. In sports, it is ideal to undergo cryotherapy within 1.5 hours after exercise, along with maintaining hydration and supply of minerals.<\/p>\n<\/div>\n<\/div>\n<\/div><\/div>\n\n\n\n<div class=\"wp-block-group alignfull wp-block-group-pullquote\"><div class=\"wp-block-group__inner-container is-layout-flow wp-block-group-is-layout-flow\">\n<figure class=\"wp-block-pullquote\"><blockquote><p>\u201cCryotherapy helps to regenerate the athlete\u2018s muscles, improves mental health, helps with weight loss and revitalization of the skin, slows down aging, smoothens the skin by rejuvenating the body. Treatment is beneficial to almost everybody from 3 years old up to high age. Contraindications are serious heart conditions, vascular and oncology diseases.\u201d<\/p><cite>MUDr. Ernest Caban<\/cite><\/blockquote><\/figure>\n<\/div><\/div>\n\n\n\n<aside class=\"section section-cta\">\n\t<div class=\"xl:container\">\n\t\t<div class=\"card\">\n\n\t\t\t\n<div class=\"cp-glass cp-glass--primary\">\n\n\t<img loading=\"lazy\" decoding=\"async\" width=\"1920\" height=\"1280\" class=\"js-parallax\" src=\"https:\/\/cryomed.pro\/wp-content\/themes\/cryomed\/resources\/img\/1920x1280\/1.jpg\" alt=\"Kryoterapia v zdravotn\u00edctve - photo\" title=\"Kryoterapia v zdravotn\u00edctve\" \/>\n\t\t\t<div class=\"cp-glass-backdrop\"><\/div>\n\t<\/div>\n\n\t\t\t<div class=\"card__body\">\n\t\t\t\t<p class=\"card__title\">Nakupujte u l\u00eddra v odvetv\u00ed s najv\u00e4\u010d\u0161\u00edm po\u010dtom predan\u00fdch kryoterapeutick\u00fdch zariaden\u00ed na celom svete<\/p>\n\t\t\t\t<div class=\"flex flex-col flex-wrap items-center justify-center space-y-6 md:flex-row md:space-y-0 md:space-x-6 mt-10\">\n\n\t\t\t\t\t\n\t<button class=\"btn btn--large btn--white w-full md:w-auto\"\n\t\tdata-toggle=\"modal\"\n\t\tdata-type=\"contact-us\"\n\t\tdata-find=\"#modal-pills-price-tab\"\n\t\t>\n\n\t\tPo\u017eiada\u0165 o cenov\u00fa ponuku\t<\/button>\n\n\t\n\t<button class=\"btn btn--large btn--white w-full md:w-auto\"\n\t\tdata-toggle=\"modal\"\n\t\tdata-type=\"contact-us\"\n\t\tdata-find=\"#modal-pills-distributor-tab\"\n\t\t>\n\n\t\t Sta\u0148te sa distrib\u00fatorom \t<\/button>\n\n\t\n\t\t\t\t<\/div>\n\t\t\t<\/div>\n\t\t<\/div>\n\t<\/div>\n<\/aside>\n\n\n","protected":false},"excerpt":{"rendered":"<p>V\u010faka svojej schopnosti tlmi\u0165 boles\u0165 a bojova\u0165 proti z\u00e1palom sa kryoterapia stala d\u00f4le\u017eit\u00fdm pomocn\u00edkom fyzioterapeutov, chiropraktikov a in\u00fdch lek\u00e1rov pri lie\u010dbe zranen\u00ed, chronick\u00fdch reumatick\u00fdch stavov a r\u00f4znych ko\u017en\u00fdch ochoren\u00ed.<\/p>\n","protected":false},"author":1,"featured_media":38265,"parent":38242,"menu_order":3,"comment_status":"closed","ping_status":"closed","template":"","meta":{"inline_featured_image":false,"footnotes":""},"class_list":["hentry","has-post-thumbnail"],"meta_box":[],"_links":{"self":[{"href":"https:\/\/cryomed.pro\/sk\/wp-json\/wp\/v2\/pages\/38263","targetHints":{"allow":["GET"]}}],"collection":[{"href":"https:\/\/cryomed.pro\/sk\/wp-json\/wp\/v2\/pages"}],"about":[{"href":"https:\/\/cryomed.pro\/sk\/wp-json\/wp\/v2\/types\/page"}],"author":[{"embeddable":true,"href":"https:\/\/cryomed.pro\/sk\/wp-json\/wp\/v2\/users\/1"}],"replies":[{"embeddable":true,"href":"https:\/\/cryomed.pro\/sk\/wp-json\/wp\/v2\/comments?post=38263"}],"version-history":[{"count":3,"href":"https:\/\/cryomed.pro\/sk\/wp-json\/wp\/v2\/pages\/38263\/revisions"}],"predecessor-version":[{"id":107513,"href":"https:\/\/cryomed.pro\/sk\/wp-json\/wp\/v2\/pages\/38263\/revisions\/107513"}],"up":[{"embeddable":true,"href":"https:\/\/cryomed.pro\/sk\/wp-json\/wp\/v2\/pages\/38242"}],"wp:featuredmedia":[{"embeddable":true,"href":"https:\/\/cryomed.pro\/sk\/wp-json\/wp\/v2\/media\/38265"}],"wp:attachment":[{"href":"https:\/\/cryomed.pro\/sk\/wp-json\/wp\/v2\/media?parent=38263"}],"curies":[{"name":"wp","href":"https:\/\/api.w.org\/{rel}","templated":true}]}}