{"id":38250,"date":"2020-07-08T09:35:32","date_gmt":"2020-07-08T09:35:32","guid":{"rendered":"https:\/\/cryomed.pro\/kryoterapia\/in-sport\/"},"modified":"2025-07-03T04:09:58","modified_gmt":"2025-07-03T04:09:58","slug":"kryoterapia-v-sporte","status":"publish","type":"page","link":"https:\/\/cryomed.pro\/sk\/kryoterapia\/kryoterapia-v-sporte\/","title":{"rendered":"Kryoterapia v \u0161porte"},"content":{"rendered":"\n<div class=\"wp-block-group alignfull wp-block-group-media-text\"><div class=\"wp-block-group__inner-container is-layout-flow wp-block-group-is-layout-flow\">\n<div class=\"wp-block-columns alignwide is-layout-flex wp-container-core-columns-is-layout-9d6595d7 wp-block-columns-is-layout-flex\">\n<div class=\"wp-block-column is-layout-flow wp-block-column-is-layout-flow\">\n<h2 class=\"wp-block-heading\">How cryotherapy <br>in sport works?<\/h2>\n<\/div>\n\n\n\n<div class=\"wp-block-column is-layout-flow wp-block-column-is-layout-flow\">\n<h3 class=\"wp-block-heading\">Step 1: Sportsman enters the cryosauna<\/h3>\n\n\n\n<p>After entering the cryosauna, a cold flow of nitrogen and air mixture activates thermoreceptors in the skin. These start to send electrical impulses to the brain. The CNS identifies a state of threat. This activates a complex adaptive reaction focused on defending the body to survive in an extremely cold environment.<\/p>\n\n\n\n<h3 class=\"wp-block-heading\">Step 2: Vasoconstriction<\/h3>\n\n\n\n<p>The central nervous system sends signals to the muscles and vascular system, invoking contraction of muscles and narrowing of the blood vessels. This accelerates the flow of blood, nutrition and other resources from peripheral body parts to the body core.<\/p>\n\n\n\n<h3 class=\"wp-block-heading\">Step 3: Detoxification and blood enrichment<\/h3>\n\n\n\n<p>In order to swiftly supply enough nutritional substances to core organs, the body starts hyperproduction to enrich blood with erythrocytes, oxygen, collagen and other essential substances. Metabolites and toxins are quickly degraded and eliminated.<\/p>\n\n\n\n<h3 class=\"wp-block-heading\">Step 4: Vasodilatation<\/h3>\n\n\n\n<p>After leaving the cryosauna, thermoreceptors recognize the return to normal environment, which triggers vasodilatation and the return of enriched blood to peripheral body parts. Nutritional substances transferred by blood are absorbed by peripheral systems \u2013 muscles, tissues, joints and skin.<\/p>\n<\/div>\n<\/div>\n<\/div><\/div>\n\n\n\n<div class=\"wp-block-group alignfull wp-block-group-media-text\"><div class=\"wp-block-group__inner-container is-layout-flow wp-block-group-is-layout-flow\">\n<div class=\"wp-block-columns alignwide is-layout-flex wp-container-core-columns-is-layout-9d6595d7 wp-block-columns-is-layout-flex\">\n<div class=\"wp-block-column is-layout-flow wp-block-column-is-layout-flow\">\n<figure class=\"wp-block-image size-large\"><img loading=\"lazy\" decoding=\"async\" width=\"540\" height=\"540\" src=\"\/wp-content\/uploads\/2021\/06\/Frame-11-5.png\" alt=\"Local cryotherapy in sport\" class=\"wp-image-5928\" srcset=\"https:\/\/cryomed.pro\/wp-content\/uploads\/2021\/06\/Frame-11-5.png 540w, https:\/\/cryomed.pro\/wp-content\/uploads\/2021\/06\/Frame-11-5-300x300.png 300w, https:\/\/cryomed.pro\/wp-content\/uploads\/2021\/06\/Frame-11-5-150x150.png 150w, https:\/\/cryomed.pro\/wp-content\/uploads\/2021\/06\/Frame-11-5-100x100.png 100w, https:\/\/cryomed.pro\/wp-content\/uploads\/2021\/06\/Frame-11-5-160x160.png 160w, https:\/\/cryomed.pro\/wp-content\/uploads\/2021\/06\/Frame-11-5-340x340.png 340w\" sizes=\"auto, (max-width: 540px) 100vw, 540px\" \/><figcaption class=\"wp-element-caption\">Local cryotherapy in sport<\/figcaption><\/figure>\n<\/div>\n\n\n\n<div class=\"wp-block-column is-layout-flow wp-block-column-is-layout-flow\">\n<h2 class=\"wp-block-heading\">Local cryotherapy <br>for sportsmen<\/h2>\n\n\n\n<p>Quick and lasting help for sports injuries.<\/p>\n\n\n\n<p>Health and full efficiency is the key to every athlete\u2019s success. Today\u2019s professional and also recreational sport can represent uncommon to extreme load to the human body. Small or more serious injuries can rarely be avoided. In case of more serious injuries of the musculoskeletal system, as well as microtrauma at higher load, local application of nitrogen stream as cold as -130 \u00b0C will eliminate pain and help with faster healing of tissues. In addition, nitrogen will help extending the range of motion and allow further recovery of the athlete. Reducing the pain also helps the patient to stay motivated in the recovery process and continue to exercise, which otherwise wouldn\u2019t be possible due to pain.<\/p>\n<\/div>\n<\/div>\n<\/div><\/div>\n\n\n\n<div class=\"wp-block-group alignfull wp-block-group-media-text wp-block-group-media-text--reverse\"><div class=\"wp-block-group__inner-container is-layout-flow wp-block-group-is-layout-flow\">\n<div class=\"wp-block-columns alignwide is-layout-flex wp-container-core-columns-is-layout-9d6595d7 wp-block-columns-is-layout-flex\">\n<div class=\"wp-block-column is-layout-flow wp-block-column-is-layout-flow\">\n<h2 class=\"wp-block-heading\">Whole-body cryotherapy <br>for sportsmen<\/h2>\n\n\n\n<p>Whole body cryotherapy is currently the most efficient and most comprehensive method of recovery and stimulation of the locomotive apparatus. Thanks to its distinctive recovery effect it is used by athletes, gyms and sports clubs around the globe. Juventus Turin, Udinese Calcio, Inter Milan, San Francisco 49ers and other top notch sport establishments have included cryosauna and cryotherapy in their training processes. Cryosauna represent an ideal ergonomic and effective solution for sport clubs, gyms, physiotherapy and recovery clinics, as well as individual athletes.<\/p>\n<\/div>\n\n\n\n<div class=\"wp-block-column is-layout-flow wp-block-column-is-layout-flow\">\n<figure class=\"wp-block-image size-large\"><img loading=\"lazy\" decoding=\"async\" width=\"540\" height=\"540\" src=\"\/wp-content\/uploads\/2021\/06\/Frame-11-6.png\" alt=\"Whole body cryotherapy in sport\" class=\"wp-image-5947\" srcset=\"https:\/\/cryomed.pro\/wp-content\/uploads\/2021\/06\/Frame-11-6.png 540w, https:\/\/cryomed.pro\/wp-content\/uploads\/2021\/06\/Frame-11-6-300x300.png 300w, https:\/\/cryomed.pro\/wp-content\/uploads\/2021\/06\/Frame-11-6-150x150.png 150w, https:\/\/cryomed.pro\/wp-content\/uploads\/2021\/06\/Frame-11-6-100x100.png 100w, https:\/\/cryomed.pro\/wp-content\/uploads\/2021\/06\/Frame-11-6-160x160.png 160w, https:\/\/cryomed.pro\/wp-content\/uploads\/2021\/06\/Frame-11-6-340x340.png 340w\" sizes=\"auto, (max-width: 540px) 100vw, 540px\" \/><figcaption class=\"wp-element-caption\">Whole body cryotherapy in sport<\/figcaption><\/figure>\n<\/div>\n<\/div>\n<\/div><\/div>\n\n\n\n<div class=\"wp-block-group alignfull wp-block-group-media-text\"><div class=\"wp-block-group__inner-container is-layout-flow wp-block-group-is-layout-flow\">\n<div class=\"wp-block-columns alignwide is-layout-flex wp-container-core-columns-is-layout-9d6595d7 wp-block-columns-is-layout-flex\">\n<div class=\"wp-block-column is-layout-flow wp-block-column-is-layout-flow\">\n<figure class=\"wp-block-image size-large\"><img loading=\"lazy\" decoding=\"async\" width=\"540\" height=\"540\" src=\"\/wp-content\/uploads\/2021\/06\/professor-1.png\" alt=\"Cryotherapy procedure for sportsmen\" class=\"wp-image-5966\" srcset=\"https:\/\/cryomed.pro\/wp-content\/uploads\/2021\/06\/professor-1.png 540w, https:\/\/cryomed.pro\/wp-content\/uploads\/2021\/06\/professor-1-300x300.png 300w, https:\/\/cryomed.pro\/wp-content\/uploads\/2021\/06\/professor-1-150x150.png 150w, https:\/\/cryomed.pro\/wp-content\/uploads\/2021\/06\/professor-1-100x100.png 100w, https:\/\/cryomed.pro\/wp-content\/uploads\/2021\/06\/professor-1-160x160.png 160w, https:\/\/cryomed.pro\/wp-content\/uploads\/2021\/06\/professor-1-340x340.png 340w\" sizes=\"auto, (max-width: 540px) 100vw, 540px\" \/><figcaption class=\"wp-element-caption\">Cryotherapy procedure for sportsmen<\/figcaption><\/figure>\n<\/div>\n\n\n\n<div class=\"wp-block-column is-layout-flow wp-block-column-is-layout-flow\">\n<h2 class=\"wp-block-heading\">Cryotherapy procedure <br>for sportsmen<\/h2>\n\n\n\n<p>Within a 2-3 minutes long procedure in a cryosauna, the human body is rapidly exposed to extremely low temperature of about -130\u00b0C. To support the effect of cryotherapy, we recommend additional 15-20 minutes of kinesiotherapy on a stationary bicycle, or similar aerobic exercise after the procedure.<\/p>\n\n\n\n<p>In addition to the already described stimulation and recovery effect on muscles and the whole locomotive apparatus, increased production of beta-endorphins inducing a feeling of happiness and boost of activity. This feeling of motivation and positive encouragement, and also higher resistance to load thanks to the analgesic effect, will persist 3 \u2013 5 hours after the procedure.<\/p>\n<\/div>\n<\/div>\n<\/div><\/div>\n\n\n\n<aside class=\"section section-cta\">\n\t<div class=\"xl:container\">\n\t\t<div class=\"card\">\n\n\t\t\t\n<div class=\"cp-glass cp-glass--primary\">\n\n\t<img loading=\"lazy\" decoding=\"async\" width=\"1920\" height=\"1280\" class=\"js-parallax\" src=\"https:\/\/cryomed.pro\/wp-content\/themes\/cryomed\/resources\/img\/1920x1280\/1.jpg\" alt=\"Kryoterapia v \u0161porte - photo\" title=\"Kryoterapia v \u0161porte\" \/>\n\t\t\t<div class=\"cp-glass-backdrop\"><\/div>\n\t<\/div>\n\n\t\t\t<div class=\"card__body\">\n\t\t\t\t<p class=\"card__title\">Nakupujte u l\u00eddra v odvetv\u00ed s najv\u00e4\u010d\u0161\u00edm po\u010dtom predan\u00fdch kryoterapeutick\u00fdch zariaden\u00ed na celom svete<\/p>\n\t\t\t\t<div class=\"flex flex-col flex-wrap items-center justify-center space-y-6 md:flex-row md:space-y-0 md:space-x-6 mt-10\">\n\n\t\t\t\t\t\n\t<button class=\"btn btn--large btn--white w-full md:w-auto\"\n\t\tdata-toggle=\"modal\"\n\t\tdata-type=\"contact-us\"\n\t\tdata-find=\"#modal-pills-price-tab\"\n\t\t>\n\n\t\tPo\u017eiada\u0165 o cenov\u00fa ponuku\t<\/button>\n\n\t\n\t<button class=\"btn btn--large btn--white w-full md:w-auto\"\n\t\tdata-toggle=\"modal\"\n\t\tdata-type=\"contact-us\"\n\t\tdata-find=\"#modal-pills-distributor-tab\"\n\t\t>\n\n\t\t Sta\u0148te sa distrib\u00fatorom \t<\/button>\n\n\t\n\t\t\t\t<\/div>\n\t\t\t<\/div>\n\t\t<\/div>\n\t<\/div>\n<\/aside>\n\n\n\n\t<section class=\"section section-list-testimonials bg-light\">\n\t\t<div class=\"container\">\n\t\t\t<header class=\"section__header text-center\">\n\t\t\t\t<h2 class=\"section__title text-navy\">Sportsman reviews<\/h2>\n<!--\t\t\t\t\t-->                    \t\t\t<\/header>\n\n\t\t\t\n\t\t\t\t<div class=\"swiper-container swiper-container__thumbs\">\n\t\t\t\t\t<div class=\"swiper-wrapper flex justify-between\">\n\t\t\t\t\t\t\n\t\t\t\t\t\t\t<div class=\"swiper-slide mx-4 lg:mx-8\">\n\t\t\t\t\t\t\t\t<img loading=\"lazy\" decoding=\"async\" width=\"100\" height=\"100\" src=\"https:\/\/cryomed.pro\/wp-content\/uploads\/2021\/08\/cryo-sport-07-100x100.png\" class=\"attachment-100x100 size-100x100 wp-post-image\" alt=\"\" srcset=\"https:\/\/cryomed.pro\/wp-content\/uploads\/2021\/08\/cryo-sport-07-100x100.png 100w, https:\/\/cryomed.pro\/wp-content\/uploads\/2021\/08\/cryo-sport-07-150x150.png 150w, https:\/\/cryomed.pro\/wp-content\/uploads\/2021\/08\/cryo-sport-07-160x160.png 160w\" sizes=\"auto, (max-width: 100px) 100vw, 100px\" \/>\t\t\t\t\t\t\t<\/div>\n\n\t\t\t\t\t\t\n\t\t\t\t\t\t\t<div class=\"swiper-slide mx-4 lg:mx-8\">\n\t\t\t\t\t\t\t\t<img loading=\"lazy\" decoding=\"async\" width=\"100\" height=\"100\" src=\"https:\/\/cryomed.pro\/wp-content\/uploads\/2021\/08\/cryo-sport-06-100x100.png\" class=\"attachment-100x100 size-100x100 wp-post-image\" alt=\"\" srcset=\"https:\/\/cryomed.pro\/wp-content\/uploads\/2021\/08\/cryo-sport-06-100x100.png 100w, https:\/\/cryomed.pro\/wp-content\/uploads\/2021\/08\/cryo-sport-06-150x150.png 150w, https:\/\/cryomed.pro\/wp-content\/uploads\/2021\/08\/cryo-sport-06-160x160.png 160w, https:\/\/cryomed.pro\/wp-content\/uploads\/2021\/08\/cryo-sport-06-340x340.png 340w\" sizes=\"auto, (max-width: 100px) 100vw, 100px\" \/>\t\t\t\t\t\t\t<\/div>\n\n\t\t\t\t\t\t\n\t\t\t\t\t\t\t<div class=\"swiper-slide mx-4 lg:mx-8\">\n\t\t\t\t\t\t\t\t<img loading=\"lazy\" decoding=\"async\" width=\"100\" height=\"100\" src=\"https:\/\/cryomed.pro\/wp-content\/uploads\/2021\/08\/cryo-sport-05-e1586274764581-100x100.png\" class=\"attachment-100x100 size-100x100 wp-post-image\" alt=\"\" srcset=\"https:\/\/cryomed.pro\/wp-content\/uploads\/2021\/08\/cryo-sport-05-e1586274764581-100x100.png 100w, https:\/\/cryomed.pro\/wp-content\/uploads\/2021\/08\/cryo-sport-05-e1586274764581-150x150.png 150w, https:\/\/cryomed.pro\/wp-content\/uploads\/2021\/08\/cryo-sport-05-e1586274764581-160x160.png 160w\" sizes=\"auto, (max-width: 100px) 100vw, 100px\" \/>\t\t\t\t\t\t\t<\/div>\n\n\t\t\t\t\t\t\n\t\t\t\t\t\t\t<div class=\"swiper-slide mx-4 lg:mx-8\">\n\t\t\t\t\t\t\t\t<img loading=\"lazy\" decoding=\"async\" width=\"100\" height=\"100\" src=\"https:\/\/cryomed.pro\/wp-content\/uploads\/2021\/08\/cryo-sport-04-100x100.png\" class=\"attachment-100x100 size-100x100 wp-post-image\" alt=\"\" srcset=\"https:\/\/cryomed.pro\/wp-content\/uploads\/2021\/08\/cryo-sport-04-100x100.png 100w, https:\/\/cryomed.pro\/wp-content\/uploads\/2021\/08\/cryo-sport-04-150x150.png 150w, https:\/\/cryomed.pro\/wp-content\/uploads\/2021\/08\/cryo-sport-04-160x160.png 160w, https:\/\/cryomed.pro\/wp-content\/uploads\/2021\/08\/cryo-sport-04-340x340.png 340w\" sizes=\"auto, (max-width: 100px) 100vw, 100px\" \/>\t\t\t\t\t\t\t<\/div>\n\n\t\t\t\t\t\t\t\t\t\t\t<\/div>\n\t\t\t\t<\/div>\n\n\t\t\t\t<div class=\"swiper-container swiper-container__slides\">\n\t\t\t\t\t<div class=\"swiper-wrapper\">\n\t\t\t\t\t\t\n\t\t\t\t\t\t\t<div class=\"swiper-slide\">\n\t\t\t\t\t\t\t\t<figure class=\"card\">\n\t\t\t\t\t\t\t\t\t<blockquote class=\"card__body\"><p>&#8220;S kryoterapiou m\u00e1m ako \u0161portovec dlhoro\u010dn\u00e9 pozit\u00edvne sk\u00fasenosti. Prv\u00fdkr\u00e1t som ju vysk\u00fa\u0161al v roku 2005 po viacer\u00fdch svalov\u00fdch zraneniach, kedy mi pomohla v mojej rehabilit\u00e1cii. Od roku 2012 absolvujem po\u010das letnej pr\u00edpravy 10 kryoterapeutick\u00fdch proced\u00far, ktor\u00e9 mi ur\u00fdchlen\u00edm regener\u00e1cie a uvo\u013enen\u00edm svalstva pom\u00e1haj\u00fa pri n\u00e1ro\u010dn\u00fdch tr\u00e9ningoch. \u010eal\u0161iu 10-krokov\u00fa k\u00faru absolvujem pred za\u010diatkom hlavnej sez\u00f3ny, pred zimou, aby som si podporil imunitn\u00fd syst\u00e9m a pomohol celkovej regener\u00e1cii svalov a \u0161liach po tr\u00e9ningovom obdob\u00ed.&#8221;<\/p>\n<\/blockquote>\n\n\t\t\t\t\t\t\t\t\t<footer class=\"card__footer mb-6 lg:mb-10\">\n\n\t\t\t\t\t\t\t\t\t\t<cite class=\"author\">Kryoterapia v biatlone: Martin Ot\u010den\u00e1\u0161<\/cite>\n\t\t\t\t\t\t\t\t\t\t<cite class=\"company\">Biatlonista<\/cite>\n\t\t\t\t\t\t\t\t\t<\/footer>\n\t\t\t\t\t\t\t\t<\/figure>\n\t\t\t\t\t\t\t<\/div>\n\t\t\t\t\t\t\n\t\t\t\t\t\t\t<div class=\"swiper-slide\">\n\t\t\t\t\t\t\t\t<figure class=\"card\">\n\t\t\t\t\t\t\t\t\t<blockquote class=\"card__body\"><p>\u201cIn the club we\u2019re trying to create the most professional environment and the recovery of our players is our priority. We only have positive experience with Cryotherapy, since we have been using services of another cryotherapy provider in the past years in Piestany. When it came to have a cryosauna right in the Diplomat arena, we didn\u2019t hesitate and we are sure that this will have great benefits\u201d said Bronislava Borovi\u010dkov\u00e1, the club\u2019s CEO.<\/p>\n<p>\u201cFrom the physiotherapist\u2018s perspective, it\u2018s a great experience to work with a cryosauna directly in our premises where it is always available. The advantage is that we can better respond to situations when for example, increased fatigue occurs after a match or after a training cycle. I also feel great benefit in the cooperation between me and the main coach. We have clear rules on when whole body cryotherapy is applied, which further increases the overall effect of this therapy\u201d, Michal Nagaj, Physiotherapist for Pie\u0161\u0165ansk\u00e9 \u010cajky.<\/p>\n<p>\u201cMany reactions in the body are triggered, which start recovery processes in the body immediately after the therapy. In the next few hours these processes will reduce total fatigue or help to heal, for example, muscle structures, thereby increasing prevention of injury. The players are therefore ready again for the full performance that is required in professional sports\u201d, Michal Nagaj describes the effect of whole-body cryotherapy.<\/p>\n<\/blockquote>\n\n\t\t\t\t\t\t\t\t\t<footer class=\"card__footer mb-6 lg:mb-10\">\n\n\t\t\t\t\t\t\t\t\t\t<cite class=\"author\">Kryoterapia v basketbale: Basketbalov\u00fd klub Pie\u0161\u0165ansk\u00e9 \u010cajky<\/cite>\n\t\t\t\t\t\t\t\t\t\t<cite class=\"company\"> <\/cite>\n\t\t\t\t\t\t\t\t\t<\/footer>\n\t\t\t\t\t\t\t\t<\/figure>\n\t\t\t\t\t\t\t<\/div>\n\t\t\t\t\t\t\n\t\t\t\t\t\t\t<div class=\"swiper-slide\">\n\t\t\t\t\t\t\t\t<figure class=\"card\">\n\t\t\t\t\t\t\t\t\t<blockquote class=\"card__body\"><p>&#8220;Kryoterapiu vyu\u017e\u00edvam posledn\u00fdch 5 rokov ako neoddelite\u013en\u00fa s\u00fa\u010das\u0165 regener\u00e1cie medzi z\u00e1pasmi 3-4 kr\u00e1t t\u00fd\u017edenne. V\u010faka nej sa c\u00edtim menej unaven\u00fd a viac motivovan\u00fd na tr\u00e9ning, c\u00edtim sa ve\u013emi zdravo. Pom\u00e1ha mi tie\u017e vyhn\u00fa\u0165 sa probl\u00e9mom s \u00fanavou a ak sa mi stane drobn\u00e9 zranenie, okam\u017eite vyu\u017e\u00edvam lok\u00e1lnu kryoterapeutick\u00fa lie\u010dbu kryof\u00e9nom&#8221;.<\/p>\n<\/blockquote>\n\n\t\t\t\t\t\t\t\t\t<footer class=\"card__footer mb-6 lg:mb-10\">\n\n\t\t\t\t\t\t\t\t\t\t<cite class=\"author\">Kryoterapia v hokeji: Tom\u00e1\u0161 Surov\u00fd<\/cite>\n\t\t\t\t\t\t\t\t\t\t<cite class=\"company\">\u013eadov\u00fd hokej<\/cite>\n\t\t\t\t\t\t\t\t\t<\/footer>\n\t\t\t\t\t\t\t\t<\/figure>\n\t\t\t\t\t\t\t<\/div>\n\t\t\t\t\t\t\n\t\t\t\t\t\t\t<div class=\"swiper-slide\">\n\t\t\t\t\t\t\t\t<figure class=\"card\">\n\t\t\t\t\t\t\t\t\t<blockquote class=\"card__body\"><p>&#8220;Moje sk\u00fasenosti s kryoterapiou s\u00fa bohat\u00e9. Stala sa pravidelnou s\u00fa\u010das\u0165ou mojej celoro\u010dnej pr\u00edpravy. Po\u010das roka absolvujem minim\u00e1lne tri desa\u0165 f\u00e1zov\u00e9 proced\u00fary, naj\u010dastej\u0161ie v okt\u00f3bri a\u017e marci a v j\u00fani. Sl\u00fa\u017ei ako met\u00f3da regener\u00e1cie po n\u00e1ro\u010dnom tr\u00e9ningovom bloku. Nezaberie ve\u013ea \u010dasu a nevy\u010derp\u00e1va tak ako terapia studenou vodou alebo \u013eadov\u00fd k\u00fape\u013e. Okrem toho ma pr\u00edjemn\u00fd pocit vyvolan\u00fd endorf\u00ednmi motivuje k \u010fal\u0161iemu tr\u00e9ningu a, samozrejme, ur\u00fdch\u013euje regener\u00e1ciu a odstra\u0148uje \u00fanavu. V pr\u00edpade svalov\u00e9ho zranenia pou\u017e\u00edvam lok\u00e1lnu kryoterapiu. V\u010faka nej som sa po z\u00e1pale holennej \u0161\u013eachy mohol z\u00fa\u010dastni\u0165 olympijsk\u00fdch hier v Lond\u00fdne!&#8221;<\/p>\n<\/blockquote>\n\n\t\t\t\t\t\t\t\t\t<footer class=\"card__footer mb-6 lg:mb-10\">\n\n\t\t\t\t\t\t\t\t\t\t<cite class=\"author\">Kryoterapia v atletike: Matej T\u00f3th<\/cite>\n\t\t\t\t\t\t\t\t\t\t<cite class=\"company\">slovensk\u00fd pretek\u00e1r v ch\u00f4dzi, olympijsk\u00fd v\u00ed\u0165az<\/cite>\n\t\t\t\t\t\t\t\t\t<\/footer>\n\t\t\t\t\t\t\t\t<\/figure>\n\t\t\t\t\t\t\t<\/div>\n\t\t\t\t\t\t\t\t\t\t\t<\/div>\n\t\t\t\t<\/div>\n\t\t\t\t\t<\/div>\n\t<\/section>\n\n\t\n","protected":false},"excerpt":{"rendered":"<p>Kryoterapia sa uk\u00e1zala ako \u00fa\u010dinn\u00fd regenera\u010dn\u00fd prostriedok, ktor\u00fd vyu\u017e\u00edvaj\u00fa ako \u0161pi\u010dkov\u00ed profesion\u00e1li, tak aj v\u00edkendov\u00ed \u0161portovci.  Je dok\u00e1zan\u00e9, \u017ee zvy\u0161uje v\u00fdkonnos\u0165 a\u017e o 40 %.<\/p>\n","protected":false},"author":1,"featured_media":38252,"parent":38242,"menu_order":2,"comment_status":"closed","ping_status":"closed","template":"","meta":{"inline_featured_image":false,"footnotes":""},"class_list":["hentry","has-post-thumbnail"],"meta_box":[],"_links":{"self":[{"href":"https:\/\/cryomed.pro\/sk\/wp-json\/wp\/v2\/pages\/38250","targetHints":{"allow":["GET"]}}],"collection":[{"href":"https:\/\/cryomed.pro\/sk\/wp-json\/wp\/v2\/pages"}],"about":[{"href":"https:\/\/cryomed.pro\/sk\/wp-json\/wp\/v2\/types\/page"}],"author":[{"embeddable":true,"href":"https:\/\/cryomed.pro\/sk\/wp-json\/wp\/v2\/users\/1"}],"replies":[{"embeddable":true,"href":"https:\/\/cryomed.pro\/sk\/wp-json\/wp\/v2\/comments?post=38250"}],"version-history":[{"count":2,"href":"https:\/\/cryomed.pro\/sk\/wp-json\/wp\/v2\/pages\/38250\/revisions"}],"predecessor-version":[{"id":107539,"href":"https:\/\/cryomed.pro\/sk\/wp-json\/wp\/v2\/pages\/38250\/revisions\/107539"}],"up":[{"embeddable":true,"href":"https:\/\/cryomed.pro\/sk\/wp-json\/wp\/v2\/pages\/38242"}],"wp:featuredmedia":[{"embeddable":true,"href":"https:\/\/cryomed.pro\/sk\/wp-json\/wp\/v2\/media\/38252"}],"wp:attachment":[{"href":"https:\/\/cryomed.pro\/sk\/wp-json\/wp\/v2\/media?parent=38250"}],"curies":[{"name":"wp","href":"https:\/\/api.w.org\/{rel}","templated":true}]}}