{"id":38242,"date":"2020-08-07T14:28:24","date_gmt":"2020-08-07T14:28:24","guid":{"rendered":"https:\/\/cryomed.pro\/cryotherapy\/"},"modified":"2024-10-29T20:48:26","modified_gmt":"2024-10-29T20:48:26","slug":"kryoterapia","status":"publish","type":"page","link":"https:\/\/cryomed.pro\/sk\/kryoterapia\/","title":{"rendered":"Kryoterapia"},"content":{"rendered":"\n<div class=\"wp-block-group alignfull wp-block-group-benefits-of-cryotherapy\"><div class=\"wp-block-group__inner-container is-layout-flow wp-block-group-is-layout-flow\">\n<h2 class=\"wp-block-heading\"><strong>V\u00fdhody kryoterapie<\/strong><\/h2>\n\n\n\n<p>Pozit\u00edvne \u00fa\u010dinky kryoterapie sa nedaj\u00fa prehliadnu\u0165. Dnes u\u017e m\u00f4\u017eu mili\u00f3ny \u013eud\u00ed na celom svete za\u017ei\u0165 \u00fa\u017easn\u00e9 revitaliza\u010dn\u00e9 schopnosti kryoterapie v kryocentr\u00e1ch, na klinik\u00e1ch, vo wellness a spa sal\u00f3noch a v in\u00fdch lie\u010debn\u00fdch a rehabilita\u010dn\u00fdch zariadeniach.<\/p>\n\n\n\n<figure class=\"wp-block-table is-style-regular\"><table class=\"has-fixed-layout\"><tbody><tr><td>Zmiernenie bolesti a hojenie svalov<\/td><td>Zmiernenie z\u00e1palu<\/td><\/tr><tr><td>Zlep\u0161enie pr\u00edznakov ekz\u00e9mov a in\u00fdch ko\u017en\u00fdch ochoren\u00ed (akn\u00e9, psori\u00e1za at\u010f.)<\/td><td>Stimul\u00e1cia imunitn\u00e9ho syst\u00e9mu<\/td><\/tr><tr><td>Zmiernenie \u00fazkosti a depresie<\/td><td>Zlep\u0161enie por\u00fach sp\u00e1nku<\/td><\/tr><tr><td>\u00dabytok hmotnosti a \u00fa\u010dinok proti starnutiu<\/td><td>A mnoho \u010fal\u0161\u00edch<\/td><\/tr><\/tbody><\/table><figcaption class=\"wp-element-caption\">Top 8 nepopierate\u013en\u00fdch v\u00fdhod kryoterapie pre ka\u017ed\u00e9ho<\/figcaption><\/figure>\n\n\n\n<p><\/p>\n<\/div><\/div>\n\n\n\n<div class=\"wp-block-group alignfull wp-block-group-media-text\"><div class=\"wp-block-group__inner-container is-layout-flow wp-block-group-is-layout-flow\">\n<div class=\"wp-block-columns alignwide is-layout-flex wp-container-core-columns-is-layout-9d6595d7 wp-block-columns-is-layout-flex\">\n<div class=\"wp-block-column is-layout-flow wp-block-column-is-layout-flow\">\n<figure class=\"wp-block-image size-large\"><img loading=\"lazy\" decoding=\"async\" width=\"540\" height=\"540\" src=\"\/wp-content\/uploads\/2021\/06\/Frame-11.png\" alt=\"Cryotherapy\" class=\"wp-image-5833\" title=\"Cryotherapy\" srcset=\"https:\/\/cryomed.pro\/wp-content\/uploads\/2021\/06\/Frame-11.png 540w, https:\/\/cryomed.pro\/wp-content\/uploads\/2021\/06\/Frame-11-300x300.png 300w, https:\/\/cryomed.pro\/wp-content\/uploads\/2021\/06\/Frame-11-150x150.png 150w, https:\/\/cryomed.pro\/wp-content\/uploads\/2021\/06\/Frame-11-100x100.png 100w, https:\/\/cryomed.pro\/wp-content\/uploads\/2021\/06\/Frame-11-160x160.png 160w, https:\/\/cryomed.pro\/wp-content\/uploads\/2021\/06\/Frame-11-340x340.png 340w\" sizes=\"auto, (max-width: 540px) 100vw, 540px\" \/><figcaption class=\"wp-element-caption\">Ak\u00e9 s\u00fa v\u00fdhody celotelovej a lok\u00e1lnej kryoterapie?<\/figcaption><\/figure>\n<\/div>\n\n\n\n<div class=\"wp-block-column is-layout-flow wp-block-column-is-layout-flow\">\n<h2 class=\"wp-block-heading\">Celotelov\u00e1 a lok\u00e1lna kryoterapia<\/h2>\n\n\n\n<p>V z\u00e1vislosti od va\u0161ich potrieb m\u00f4\u017eete podst\u00fapi\u0165 <a href=\"https:\/\/cryomed.pro\/cryotherapy\/full-body-cryotherapy\/\" data-type=\"URL\" data-id=\"\/cryotherapy\/full-body-cryotherapy\/\">celotelov\u00fa<\/a> alebo <a href=\"https:\/\/cryomed.pro\/cryotherapy\/local\/\" data-type=\"URL\" data-id=\"\/cryotherapy\/local\/\">lok\u00e1lnu kryoterapiu<\/a>.<\/p>\n\n\n\n<p>Hlavn\u00fd rozdiel medzi nimi spo\u010d\u00edva v tom, \u017ee po\u010das <a href=\"https:\/\/cryomed.pro\/cryotherapy\/full-body-cryotherapy\/\" data-type=\"URL\" data-id=\"\/cryotherapy\/full-body-cryotherapy\/\">celotelov\u00fdch kryoterapeutick\u00fdch<\/a> seden\u00ed je cel\u00e9 telo pacienta (okrem hlavy, hovor\u00edme o kryosaune) vystaven\u00e9 extr\u00e9mne n\u00edzkym teplot\u00e1m. Koncept lok\u00e1lnej kryoterapie je zalo\u017een\u00fd na kr\u00e1tkodobej aplik\u00e1cii extr\u00e9mne n\u00edzkych tepl\u00f4t na konkr\u00e9tnu oblas\u0165 tela pacienta (napr\u00edklad tv\u00e1r, koleno alebo lake\u0165).<\/p>\n\n\n\n<p>Celotelov\u00e1 aj lok\u00e1lna kryoterapia \u00fa\u010dinkuje na zn\u00ed\u017eenie citlivosti ko\u017en\u00fdch receptorov a vodivosti nervov\u00fdch vl\u00e1kien a vedie k v\u00fdrazn\u00e9mu anestetick\u00e9mu \u00fa\u010dinku; z\u00e1rove\u0148 zlep\u0161uje krvn\u00fd obeh a okysli\u010duje.<\/p>\n<\/div>\n<\/div>\n<\/div><\/div>\n\n\n\n<div class=\"wp-block-group alignfull wp-block-group-media-text wp-block-group-media-text--reverse\"><div class=\"wp-block-group__inner-container is-layout-flow wp-block-group-is-layout-flow\">\n<div class=\"wp-block-columns alignwide is-layout-flex wp-container-core-columns-is-layout-9d6595d7 wp-block-columns-is-layout-flex\">\n<div class=\"wp-block-column is-layout-flow wp-block-column-is-layout-flow\">\n<h2 class=\"wp-block-heading\"><strong>Kryo oblasti<\/strong><\/h2>\n\n\n\n<p>Existuj\u00fa 3 hlavn\u00e9 cie\u013eov\u00e9 skupiny \u013eud\u00ed, ktor\u00fdm kryoterapia prospieva:<\/p>\n\n\n\n<p>V prvom rade s\u00fa to \u0161portovci, rovnako ako profesion\u00e1li v oblasti fitness. <a href=\"https:\/\/cryomed.pro\/cryotherapy\/in-sport\/\" data-type=\"URL\" data-id=\"\/cryotherapy\/in-sport\/\">\u0160portov\u00e1 kryoterapia<\/a> si upevnila svoje postavenie ako jeden z nevyhnutn\u00fdch prvkov \u0161portovej medic\u00edny. T\u00e1to proced\u00fara sa vyu\u017e\u00edva na lie\u010dbu \u00farazov po z\u00e1pasoch, ako aj na dlhodobej\u0161iu regener\u00e1ciu a rehabilit\u00e1ciu medzi z\u00e1pasmi alebo sez\u00f3nami.<\/p>\n\n\n\n<p>Druhou skupinou s\u00fa <a href=\"https:\/\/cryomed.pro\/cryotherapy\/in-medicine\/\">zdravotn\u00edcke centr\u00e1<\/a>. Kryosauna predstavuje ide\u00e1lne ergonomick\u00e9 a \u00fa\u010dinn\u00e9 rie\u0161enie pre nemocnice, ortopedick\u00e9, reumatologick\u00e9 alebo rehabilita\u010dn\u00e9 centr\u00e1.<\/p>\n\n\n\n<p>A posledn\u00e1 \u2013 kryoterapia a <a href=\"https:\/\/cryomed.pro\/cryotherapy\/in-beauty\/\">kozmetick\u00e9 centr\u00e1<\/a>. \u013dudia, ktor\u00ed maj\u00fa z\u00e1ujem o spomalenie starnutia, chudnutie, lie\u010dbu akn\u00e9, zn\u00ed\u017eenie \u00fanavy a \u010fal\u0161ie priazniv\u00e9 \u201cved\u013eaj\u0161ie \u00fa\u010dinky\u201d kryoterapie.<\/p>\n<\/div>\n\n\n\n<div class=\"wp-block-column is-layout-flow wp-block-column-is-layout-flow\">\n<figure class=\"wp-block-image size-large\"><img loading=\"lazy\" decoding=\"async\" width=\"540\" height=\"540\" src=\"\/wp-content\/uploads\/2021\/06\/Frame-11-2.png\" alt=\"Cryotherapy benefits\" class=\"wp-image-5852\" title=\"Cryotherapy benefits\" srcset=\"https:\/\/cryomed.pro\/wp-content\/uploads\/2021\/06\/Frame-11-2.png 540w, https:\/\/cryomed.pro\/wp-content\/uploads\/2021\/06\/Frame-11-2-300x300.png 300w, https:\/\/cryomed.pro\/wp-content\/uploads\/2021\/06\/Frame-11-2-150x150.png 150w, https:\/\/cryomed.pro\/wp-content\/uploads\/2021\/06\/Frame-11-2-100x100.png 100w, https:\/\/cryomed.pro\/wp-content\/uploads\/2021\/06\/Frame-11-2-160x160.png 160w, https:\/\/cryomed.pro\/wp-content\/uploads\/2021\/06\/Frame-11-2-340x340.png 340w\" sizes=\"auto, (max-width: 540px) 100vw, 540px\" \/><figcaption class=\"wp-element-caption\">Ktor\u00e9 odvetvia uprednost\u0148uj\u00fa kryoterapiu ako slu\u017ebu pre jej nepochybn\u00e9 v\u00fdhody?<\/figcaption><\/figure>\n<\/div>\n<\/div>\n<\/div><\/div>\n\n\n\n<aside class=\"section section-cta\">\n\t<div class=\"xl:container\">\n\t\t<div class=\"card\">\n\n\t\t\t\n<div class=\"cp-glass cp-glass--primary\">\n\n\t<img loading=\"lazy\" decoding=\"async\" width=\"1920\" height=\"1280\" class=\"js-parallax\" src=\"https:\/\/cryomed.pro\/wp-content\/themes\/cryomed\/resources\/img\/1920x1280\/1.jpg\" alt=\"Kryoterapia - photo\" title=\"Kryoterapia\" \/>\n\t\t\t<div class=\"cp-glass-backdrop\"><\/div>\n\t<\/div>\n\n\t\t\t<div class=\"card__body\">\n\t\t\t\t<p class=\"card__title\">Nakupujte u l\u00eddra v odvetv\u00ed s najv\u00e4\u010d\u0161\u00edm po\u010dtom predan\u00fdch kryoterapeutick\u00fdch zariaden\u00ed na celom svete<\/p>\n\t\t\t\t<div class=\"flex flex-col flex-wrap items-center justify-center space-y-6 md:flex-row md:space-y-0 md:space-x-6 mt-10\">\n\n\t\t\t\t\t\n\t<button class=\"btn btn--large btn--white w-full md:w-auto\"\n\t\tdata-toggle=\"modal\"\n\t\tdata-type=\"contact-us\"\n\t\tdata-find=\"#modal-pills-price-tab\"\n\t\t>\n\n\t\tPo\u017eiada\u0165 o cenov\u00fa ponuku\t<\/button>\n\n\t\n\t<button class=\"btn btn--large btn--white w-full md:w-auto\"\n\t\tdata-toggle=\"modal\"\n\t\tdata-type=\"contact-us\"\n\t\tdata-find=\"#modal-pills-distributor-tab\"\n\t\t>\n\n\t\t Sta\u0148te sa distrib\u00fatorom \t<\/button>\n\n\t\n\t\t\t\t<\/div>\n\t\t\t<\/div>\n\t\t<\/div>\n\t<\/div>\n<\/aside>\n\n\n","protected":false},"excerpt":{"rendered":"<p>Celotelov\u00e1 kryoterapia je proced\u00fara, ktor\u00e1 zah\u0155\u0148a vystavenie tela extr\u00e9mne n\u00edzkym teplot\u00e1m v rozmedz\u00ed od -110 \u00b0C do -190 \u00b0C v trvan\u00ed 1 a\u017e 3 min\u00fat.<\/p>\n","protected":false},"author":1,"featured_media":38244,"parent":0,"menu_order":0,"comment_status":"closed","ping_status":"closed","template":"","meta":{"inline_featured_image":false,"footnotes":""},"class_list":["hentry","has-post-thumbnail"],"meta_box":[],"_links":{"self":[{"href":"https:\/\/cryomed.pro\/sk\/wp-json\/wp\/v2\/pages\/38242","targetHints":{"allow":["GET"]}}],"collection":[{"href":"https:\/\/cryomed.pro\/sk\/wp-json\/wp\/v2\/pages"}],"about":[{"href":"https:\/\/cryomed.pro\/sk\/wp-json\/wp\/v2\/types\/page"}],"author":[{"embeddable":true,"href":"https:\/\/cryomed.pro\/sk\/wp-json\/wp\/v2\/users\/1"}],"replies":[{"embeddable":true,"href":"https:\/\/cryomed.pro\/sk\/wp-json\/wp\/v2\/comments?post=38242"}],"version-history":[{"count":0,"href":"https:\/\/cryomed.pro\/sk\/wp-json\/wp\/v2\/pages\/38242\/revisions"}],"wp:featuredmedia":[{"embeddable":true,"href":"https:\/\/cryomed.pro\/sk\/wp-json\/wp\/v2\/media\/38244"}],"wp:attachment":[{"href":"https:\/\/cryomed.pro\/sk\/wp-json\/wp\/v2\/media?parent=38242"}],"curies":[{"name":"wp","href":"https:\/\/api.w.org\/{rel}","templated":true}]}}