{"id":37547,"date":"2023-12-17T13:24:13","date_gmt":"2023-12-17T13:24:13","guid":{"rendered":"https:\/\/cryomed.pro\/equipment\/uncategorized\/cryomed-cf-04-equine\/"},"modified":"2025-07-02T00:58:52","modified_gmt":"2025-07-02T00:58:52","slug":"cryomed-cf-04-equine-um-dispositivo-para-crioterapia-de-cavalos","status":"publish","type":"product","link":"https:\/\/cryomed.pro\/pt-pt\/equipment\/cryosaunas\/cryomed-cf-04-equine-um-dispositivo-para-crioterapia-de-cavalos\/","title":{"rendered":"Cryomed CF-04 Equine: um dispositivo para crioterapia de cavalos"},"content":{"rendered":"\n<div class=\"hero hero-product-promo\">\n\t<div class=\"container\">\n\t\t<div class=\"hero-head\">\n\t\t\t\t\t\t\t<h1 class=\"hero-title\">Cryomed CF-04 Equine: um dispositivo para crioterapia de cavalos<\/h1>\t\t\t\n\t\t\t\t\t\t\t<p class=\"hero-lead\">Dispositivo de crioterapia localizada para cavalos<\/p>\n\t\t\t\n\t\t\t\t\t<\/div>\n\t<\/div>\n\n\t<figure class=\"hero-media\" >\n\t\t<div class=\"px-4 flex justify-center\">\n<!--\t\t\t<img decoding=\"async\" src=\"--><!--\" title=\"--><!--\" alt=\"--><!--\">-->\n\t\t\t<img decoding=\"async\" src=\"https:\/\/cryomed.pro\/wp-content\/themes\/cryomed\/inc\/shortcodes\/products\/cryomed-cf-04-equine\/assets\/img-hero_2.jpg\" title=\"\" alt=\" - photo\">\n\t\t<\/div>\n\t<\/figure>\n\n\t\t\t<div class=\"container\">\n\t\t\t<div class=\"hero-body\">\n\t\t\t\t\n \t\t<p>O treino e os torneios de equinos est\u00e3o frequentemente associados a esfor\u00e7os significativos, ferimentos leves, cortes, hematomas ou les\u00f5es. A crioterapia localizada apresenta resultados imediatos ao limitar o incha\u00e7o, reduzir a inflama\u00e7\u00e3o e aliviar a dor na \u00e1rea lesionada. Condi\u00e7\u00f5es cr\u00f3nicas como laminite, inflama\u00e7\u00e3o de ligamentos e tend\u00f5es, artrite e outras tamb\u00e9m podem melhorar significativamente com sess\u00f5es regulares de crioterapia local.<\/p>\n\t\t<h2>O que \u00e9 a cryofan equino Cryomed CF-04<br \/> e como funciona?<\/h2>\n\t\t<p>Uma cryofan, tamb\u00e9m chamado de compressor criog\u00e9nico, \u00e9 um dispositivo que consiste num Dewar isolado para azoto l\u00edquido e uma mangueira com ponta de bico, que fornece um fluxo de ar arrefecido misturado com vapor de azoto para a \u00e1rea lesionada para arrefece-la de forma r\u00e1pida e eficiente. A temperatura operacional do dispositivo \u00e9 de -100\u2070C a -120\u2070C. O tempo da sess\u00e3o n\u00e3o pode exceder 5 minutos.<\/p>\n\t\t<p>Cryomed CF-04 \u00e9 extremamente f\u00e1cil de operar. Tudo o que precisa \u00e9 iniciar o fornecimento de azoto e direcionar o fluxo frio para a \u00e1rea afetada.<\/p>\n\n\t\t\t\t\t<\/div>\n\t\t<\/div>\n\t<\/div>\n\n<section class=\"section section-safe\">\n\t<div class=\"container\">\n\t\t<div class=\"grid lg:grid-cols-2 lg:gap-20\">\n            <div class=\"col-span-1\">\n                <header class=\"section__header mb-10\">\n    \t\t\t\t<h2>Benef\u00edcios de um dispositivo de crioterapia local para cavalos<\/h2>\n    \t\t\t<\/header>\n            <\/div>\n\n            <div class=\"col-span-1\">\n                <div class=\"section__body\">\n\t\t\t\t\t<ul class=\"px-6\">\n                        <li>F\u00e1cil e conveniente de operar<\/li>\n                        <li>Design robusto e m\u00f3vel<\/li>\n                        <li>Baixo ru\u00eddo para o m\u00e1ximo conforto do animal<\/li>\n                        <li>Econ\u00f3mico, com consumo de azoto l\u00edquido inferior a 0,75&nbsp;l\/min<\/li>\n                        <li>Pronto para trabalhar em menos de 4 minutos<\/li>\n                        <li>Compat\u00edvel com Dewars de 10, 35 e 50 litros<\/li>\n                        <li>Origem da UE<\/li>\n                    <\/ul>\n    \t\t\t<\/div>\n            <\/div>\n\t\t<\/div>\n\t<\/div>\n<\/section>\n\n<div class=\"section section-text-1\">\n    <div class=\"container\">\n        <div class=\"-mx-4\">\n            <div class=\"bg-light px-6 py-20 lg:py-40 sm:mx-4\">\n                <div class=\"section-text__body mx-auto\" style=\"max-width: 920px\">\n                    <p>A crioterapia local com Cryofan  e sess\u00f5es de criosauna equina complementam-se e potencializam-se. A crioterapia de corpo inteiro desencadeia uma resposta sist\u00e9mica do corpo, melhorando o bem-estar geral, a imunidade e os n\u00edveis de energia, enquanto as sess\u00f5es de arrefecimento localizadas permitem focar mais de perto em \u00e1reas espec\u00edficas.<\/p>\n                <\/div>\n            <\/div>\n        <\/div>\n\n    <\/div>\n<\/div>\n\n<section class=\"section section-gallery\">\n    <div class=\"container\">\n        <div class=\"grid grid-cols-2 gap-4 lg:gap-x-20 lg:gap-y-14\" style=\"text-align: justify\">\n            <div class=\"col-span-2 lg:col-span-1\">\n                <p>Cryofan CF-04 \u00e9 um investimento confi\u00e1vel e de retorno r\u00e1pido. Seja um entusiasta de equinos, uma quinta de cavalos, uma cl\u00ednica veterin\u00e1ria ou propriet\u00e1rio de uma empresa de crioterapia, beneficiar\u00e1 ao ter este dispositivo. O seu pre\u00e7o acess\u00edvel e alta rela\u00e7\u00e3o custo-benef\u00edcio garantem um per\u00edodo de retorno de alguns meses.            <\/div>\n            <div class=\"col-span-2 lg:col-span-1\">\n                <p>A introdu\u00e7\u00e3o de tratamentos de frio extremo nas rotinas de sa\u00fade equina garante cura e recupera\u00e7\u00e3o mais r\u00e1pidas e ganhos de desempenho duradouros. Para os propriet\u00e1rios de cavalos, as sess\u00f5es de crioteraapia s\u00e3o uma \u00f3tima ferramenta para prevenir dist\u00farbios de sa\u00fade e, assim, evitar consultas veterin\u00e1rias dispendiosas.            <\/div>\n        <\/div>\n    <\/div>\n<\/section>\n\n<section class=\"section secton-faq\" style=\"text-align: justify\">\n\t<div class=\"container relative pb-24 xl:pb-0\">\n    <div class=\"grid grid-cols-1 xl:grid-cols-2 gap-10 xl:gap-20\">\n      <div class=\"col-span-1\">\n        <header class=\"section__header\">\n          <h2 class=\"section__title text-navy\">Perguntas frequentes<\/h2><\/header>\n      <\/div>\n      <div class=\"col-span-1\">\n        <div x-data=\"dataAccordion()\" x-init=\"init\" class=\"cp-accordion\">\n          <div class=\"cp-accordion__item\" data-node=\"item\">\n            <h5 class=\"cp-accordion__title\"><button class=\"cp-accordion__button is-active\" data-node=\"button\">Preciso de uma licen\u00e7a para operar um cryofan? <span class=\"cp-accordion__button-toggle\" data-node=\"toggle\"><\/span><\/button><\/h5>\n            <div class=\"cp-accordion__collapse is-active\" data-node=\"collapse\">\n              <div class=\"cp-accordion__body\">\n                <div class=\"cp-accordion__text\">\n                  <p>Um cryofan equino \u00e9 um dispositivo extremamente simples que n\u00e3o requer autoriza\u00e7\u00e3o ou licen\u00e7a especial para operar. A forma\u00e7\u00e3o dura cerca de uma hora e inclui orienta\u00e7\u00f5es sobre medidas b\u00e1sicas de seguran\u00e7a para trabalhar com azoto l\u00edquido.<\/p>\n                <\/div>\n\t\t\t   <\/div>\n            <\/div>\n          <\/div>\n          <div class=\"cp-accordion__item\" data-node=\"item\">\n            <h5 class=\"cp-accordion__title\"><button class=\"cp-accordion__button\" data-node=\"button\">Quando devo aplicar a crioterapia local? <span class=\"cp-accordion__button-toggle\" data-node=\"toggle\"><\/span><\/button><\/h5>\n            <div class=\"cp-accordion__collapse\" data-node=\"collapse\">\n              <div class=\"cp-accordion__body\">\n                <div class=\"cp-accordion__text\">\n                  <p>Quando seu cavalo sofre uma les\u00e3o, geralmente \u00e9 mais eficaz aplicar a crioterapia dentro de 48 horas ap\u00f3s a ocorr\u00eancia da les\u00e3o. No entanto, resultados positivos foram relatados mesmo quando a crioterapia local foi utilizada ap\u00f3s um per\u00edodo mais longo. Certifique-se de consultar o manual fornecido com cada dispositivo de crioterapia localizada para aprender os melhores protocolos.<\/p>\n                <\/div>\n\t\t\t  <\/div>\n            <\/div>\n          <\/div>\n          <div class=\"cp-accordion__item\" data-node=\"item\">\n            <h5 class=\"cp-accordion__title\"><button class=\"cp-accordion__button\" data-node=\"button\">H\u00e1 alguma considera\u00e7\u00e3o sobre crioterapia em cavalos?<span class=\"cp-accordion__button-toggle\" data-node=\"toggle\"><\/span><\/button><\/h5>\n            <div class=\"cp-accordion__collapse\" data-node=\"collapse\">\n              <div class=\"cp-accordion__body\">\n                <div class=\"cp-accordion__text\">\n                  <p>Podem ocorrer danos nos tecidos se o tempo da sess\u00e3o de crioterapia for excedido ou os intervalos entre os tratamentos a frio forem muito curtos. O frio extremo pode impedir o crescimento de tecidos em feridas abertas, por isso consulte o seu veterin\u00e1rio antes de aplicar a crioterapia. <\/p>\n                <\/div>\n \t\t\t  <\/div>\n            <\/div>\n          <\/div>\n        <\/div>\n      <\/div>\n    <\/div>\n  <\/div>\n<\/section>\n\n<section class=\"section section-equipment\">\n    <div class=\"container\">\n        <header class=\"section__header\">\n            <h2 class=\"section__title\">Outros equipamentos de crioterapia<\/h2>\n        <\/header>\n    <\/div>\n\n    <div x-data=\"dataTablist(1)\" x-init=\"init\" class=\"tabs tablist tablist--white\" role=\"tablist\">\n        <div class=\"container\">\n            <div x-cloak class=\"tablist__navs\" x-ref=\"navs\">\n                <button role=\"tab\" class=\"tablist__navs-item\" :class=\"isActiveClass(1)\" @click=\"setActive(1)\">Novo<\/button>\n                <button role=\"tab\" class=\"tablist__navs-item\" :class=\"isActiveClass(2)\" @click=\"setActive(2)\">Em stock<\/button>\n                <button role=\"tab\" class=\"tablist__navs-item\" :class=\"isActiveClass(3)\" @click=\"setActive(3)\">Usado<\/button>\n            <\/div>\n        <\/div>\n\n        <div class=\"tablist__tabs\" x-ref=\"tabs\">\n\t\t\t<div role=\"tabpanel\" class=\"tablist__tabs-item\"\n\t\t        x-show=\"isActive(1)\"\n\t\t        x-transition:enter=\"transition duration-500 ease-in-out\"\n\t\t        x-transition:enter-start=\"opacity-50\"\n\t\t        x-transition:enter-end=\"opacity-100\"\n\t\t        >\n\n\t\t\t    <div class=\"container\">\n\n\t\t\t        \n\n\t\t\t        \t\t\t            <div class=\"scrolling-v2\">\n\t\t\t\t\t\t\t\n\t\t\t\t\t\t\t\t<div class=\"scrolling-v2__item flex flex-col\">\n\t\t\t\t\t\t\t\t\t<article class=\"card relative text-center flex-1 flex flex-col\">\n\t\t\t\t\t\t\t\t\t\t<div class=\"card__media\">\n\t\t\t\t\t\t\t\t\t\t\t<img loading=\"lazy\" decoding=\"async\" width=\"440\" height=\"650\" src=\"https:\/\/cryomed.pro\/wp-content\/uploads\/2021\/04\/cryosauna.png\" class=\"attachment-full size-full\" alt=\"\" srcset=\"https:\/\/cryomed.pro\/wp-content\/uploads\/2021\/04\/cryosauna.png 440w, https:\/\/cryomed.pro\/wp-content\/uploads\/2021\/04\/cryosauna-203x300.png 203w\" sizes=\"auto, (max-width: 440px) 100vw, 440px\" \/>\t\t\t\t\t\t\t\t\t\t<\/div>\n\n\t\t\t\t\t\t\t\t\t\t<div class=\"card__body\">\n\t\t\t\t\t\t\t\t\t\t\t<div class=\"card__title text-navy font-light\">Crioterapia de corpo inteiro<\/div>\n\t\t\t\t\t\t\t\t\t\t\t<a href=\"https:\/\/cryomed.pro\/equipment\/cryosaunas\/\" class=\"btn btn--blue mt-auto link-stretched\">Saiba mais<\/a>\n\t\t\t\t\t\t\t\t\t\t<\/div>\n\t\t\t\t\t\t\t\t\t<\/article>\n\t\t\t\t\t\t\t\t<\/div>\n\n\t\t\t\t\t\t\t\n\t\t\t\t\t\t\t\t<div class=\"scrolling-v2__item flex flex-col\">\n\t\t\t\t\t\t\t\t\t<article class=\"card relative text-center flex-1 flex flex-col\">\n\t\t\t\t\t\t\t\t\t\t<div class=\"card__media\">\n\t\t\t\t\t\t\t\t\t\t\t<img loading=\"lazy\" decoding=\"async\" width=\"440\" height=\"650\" src=\"https:\/\/cryomed.pro\/wp-content\/uploads\/2021\/04\/cryofan.png\" class=\"attachment-full size-full\" alt=\"\" srcset=\"https:\/\/cryomed.pro\/wp-content\/uploads\/2021\/04\/cryofan.png 440w, https:\/\/cryomed.pro\/wp-content\/uploads\/2021\/04\/cryofan-203x300.png 203w\" sizes=\"auto, (max-width: 440px) 100vw, 440px\" \/>\t\t\t\t\t\t\t\t\t\t<\/div>\n\n\t\t\t\t\t\t\t\t\t\t<div class=\"card__body\">\n\t\t\t\t\t\t\t\t\t\t\t<div class=\"card__title text-navy font-light\">Crioterapia localizada<\/div>\n\t\t\t\t\t\t\t\t\t\t\t<a href=\"https:\/\/cryomed.pro\/equipment\/cryofans\/\" class=\"btn btn--blue mt-auto link-stretched\">Saiba mais<\/a>\n\t\t\t\t\t\t\t\t\t\t<\/div>\n\t\t\t\t\t\t\t\t\t<\/article>\n\t\t\t\t\t\t\t\t<\/div>\n\n\t\t\t\t\t\t\t\n\t\t\t\t\t\t\t\t<div class=\"scrolling-v2__item flex flex-col\">\n\t\t\t\t\t\t\t\t\t<article class=\"card relative text-center flex-1 flex flex-col\">\n\t\t\t\t\t\t\t\t\t\t<div class=\"card__media\">\n\t\t\t\t\t\t\t\t\t\t\t<img loading=\"lazy\" decoding=\"async\" width=\"620\" height=\"650\" src=\"https:\/\/cryomed.pro\/wp-content\/uploads\/2021\/09\/mobile.png\" class=\"attachment-full size-full\" alt=\"\" srcset=\"https:\/\/cryomed.pro\/wp-content\/uploads\/2021\/09\/mobile.png 620w, https:\/\/cryomed.pro\/wp-content\/uploads\/2021\/09\/mobile-286x300.png 286w\" sizes=\"auto, (max-width: 620px) 100vw, 620px\" \/>\t\t\t\t\t\t\t\t\t\t<\/div>\n\n\t\t\t\t\t\t\t\t\t\t<div class=\"card__body\">\n\t\t\t\t\t\t\t\t\t\t\t<div class=\"card__title text-navy font-light\">Crioterapia m\u00f3vel<\/div>\n\t\t\t\t\t\t\t\t\t\t\t<a href=\"https:\/\/cryomed.pro\/equipment\/mobile\/\" class=\"btn btn--blue mt-auto link-stretched\">Saiba mais<\/a>\n\t\t\t\t\t\t\t\t\t\t<\/div>\n\t\t\t\t\t\t\t\t\t<\/article>\n\t\t\t\t\t\t\t\t<\/div>\n\n\t\t\t\t\t\t\t\t\t\t            <\/div>\n\t\t\t        \n\t\t        <\/div>\n\t\t    <\/div>\n            <div role=\"tabpanel\" class=\"tablist__tabs-item\"\n            x-show=\"isActive(2)\"\n            x-transition:enter=\"transition duration-500 ease-in-out\"\n            x-transition:enter-start=\"opacity-50\"\n            x-transition:enter-end=\"opacity-100\"\n            >\n\n            <div class=\"container\">\n\n                <div class=\"scrolling-v2\">\n                    <div class=\"scrolling-v2__item flex flex-col\">\n                        <article class=\"card relative text-center flex-1 flex flex-col\">\n                            <div class=\"card__media\">\n                                <img loading=\"lazy\" decoding=\"async\" width=\"340\" height=\"340\" src=\"https:\/\/cryomed.pro\/wp-content\/uploads\/2021\/12\/MINI_GB-340x340.jpg\" class=\"attachment-340x340 size-340x340 wp-post-image\" alt=\"\" srcset=\"https:\/\/cryomed.pro\/wp-content\/uploads\/2021\/12\/MINI_GB-340x340.jpg 340w, https:\/\/cryomed.pro\/wp-content\/uploads\/2021\/12\/MINI_GB-300x300.jpg 300w, https:\/\/cryomed.pro\/wp-content\/uploads\/2021\/12\/MINI_GB-150x150.jpg 150w, https:\/\/cryomed.pro\/wp-content\/uploads\/2021\/12\/MINI_GB-768x768.jpg 768w, https:\/\/cryomed.pro\/wp-content\/uploads\/2021\/12\/MINI_GB-100x100.jpg 100w, https:\/\/cryomed.pro\/wp-content\/uploads\/2021\/12\/MINI_GB-160x160.jpg 160w, https:\/\/cryomed.pro\/wp-content\/uploads\/2021\/12\/MINI_GB-900x900.jpg 900w, https:\/\/cryomed.pro\/wp-content\/uploads\/2021\/12\/MINI_GB.jpg 1000w\" sizes=\"auto, (max-width: 340px) 100vw, 340px\" \/>                            <\/div>\n\n                            <div class=\"card__body\">\n                                <div class=\"card__title text-navy font-light\">Cryomed Mini (En stock)<\/div>\n                                <a href=\"https:\/\/cryomed.pro\/pt-pt\/equipment\/criosaunas\/cryomed-mini-en-stock\/\" class=\"btn btn--blue mt-auto link-stretched\">Saiba mais<\/a>\n                            <\/div>\n                        <\/article>\n                    <\/div>\n\n\n                    <\/div>\n                <\/div>\n            <\/div>\n            <div role=\"tabpanel\" class=\"tablist__tabs-item\"\n            x-show=\"isActive(3)\"\n            x-transition:enter=\"transition duration-500 ease-in-out\"\n            x-transition:enter-start=\"opacity-50\"\n            x-transition:enter-end=\"opacity-100\"\n            >\n\n            <div class=\"container\">\n\n                <div class=\"scrolling-v2\">\n                    <div class=\"scrolling-v2__item flex flex-col\">\n                        <article class=\"card relative text-center flex-1 flex flex-col\">\n                            <div class=\"card__media\">\n                                <img loading=\"lazy\" decoding=\"async\" width=\"340\" height=\"340\" src=\"https:\/\/cryomed.pro\/wp-content\/uploads\/2023\/11\/y56yr-340x340.jpg\" class=\"attachment-340x340 size-340x340 wp-post-image\" alt=\"\" srcset=\"https:\/\/cryomed.pro\/wp-content\/uploads\/2023\/11\/y56yr-340x340.jpg 340w, https:\/\/cryomed.pro\/wp-content\/uploads\/2023\/11\/y56yr-150x150.jpg 150w, https:\/\/cryomed.pro\/wp-content\/uploads\/2023\/11\/y56yr-100x100.jpg 100w, https:\/\/cryomed.pro\/wp-content\/uploads\/2023\/11\/y56yr-160x160.jpg 160w\" sizes=\"auto, (max-width: 340px) 100vw, 340px\" \/>                            <\/div>\n\n                            <div class=\"card__body\">\n                                <div class=\"card__title text-navy font-light\">2020 C-4 c\u00e2mara de dois est\u00e1gios Cryobuilt, EUA m\u00e1quina de crioterapia usada<\/div>\n                                <a href=\"https:\/\/cryomed.pro\/pt-pt\/equipment\/criosaunas\/2020-c-4-camara-de-dois-estagios-cryobuilt-eua-maquina-de-crioterapia-usada\/\" class=\"btn btn--blue mt-auto link-stretched\">Saiba mais<\/a>\n                            <\/div>\n                        <\/article>\n                    <\/div>\n\n\n                    \n                    <div class=\"scrolling-v2__item flex flex-col\">\n                        <article class=\"card relative text-center flex-1 flex flex-col\">\n                            <div class=\"card__media\">\n                                <img loading=\"lazy\" decoding=\"async\" width=\"340\" height=\"340\" src=\"https:\/\/cryomed.pro\/wp-content\/uploads\/2023\/11\/ergyy-340x340.jpg\" class=\"attachment-340x340 size-340x340 wp-post-image\" alt=\"\" srcset=\"https:\/\/cryomed.pro\/wp-content\/uploads\/2023\/11\/ergyy-340x340.jpg 340w, https:\/\/cryomed.pro\/wp-content\/uploads\/2023\/11\/ergyy-150x150.jpg 150w, https:\/\/cryomed.pro\/wp-content\/uploads\/2023\/11\/ergyy-100x100.jpg 100w, https:\/\/cryomed.pro\/wp-content\/uploads\/2023\/11\/ergyy-160x160.jpg 160w\" sizes=\"auto, (max-width: 340px) 100vw, 340px\" \/>                            <\/div>\n\n                            <div class=\"card__body\">\n                                <div class=\"card__title text-navy font-light\">2020 Cryomed Basic, m\u00e1quina de crioterapia usada<\/div>\n                                <a href=\"https:\/\/cryomed.pro\/pt-pt\/equipment\/criosaunas\/2020-cryomed-basic-maquina-de-crioterapia-usada\/\" class=\"btn btn--blue mt-auto link-stretched\">Saiba mais<\/a>\n                            <\/div>\n                        <\/article>\n                    <\/div>\n\n\n                    \n                    <div class=\"scrolling-v2__item flex flex-col\">\n                        <article class=\"card relative text-center flex-1 flex flex-col\">\n                            <div class=\"card__media\">\n                                <img loading=\"lazy\" decoding=\"async\" width=\"240\" height=\"320\" src=\"https:\/\/cryomed.pro\/wp-content\/uploads\/2023\/11\/image0-rotated.jpeg\" class=\"attachment-340x340 size-340x340 wp-post-image\" alt=\"\" srcset=\"https:\/\/cryomed.pro\/wp-content\/uploads\/2023\/11\/image0-rotated.jpeg 240w, https:\/\/cryomed.pro\/wp-content\/uploads\/2023\/11\/image0-225x300.jpeg 225w\" sizes=\"auto, (max-width: 240px) 100vw, 240px\" \/>                            <\/div>\n\n                            <div class=\"card__body\">\n                                <div class=\"card__title text-navy font-light\">2021 Impact Cryo, EUA, m\u00e1quina de crioterapia usada<\/div>\n                                <a href=\"https:\/\/cryomed.pro\/pt-pt\/equipment\/criosaunas\/2021-impact-cryo-eua-maquina-de-crioterapia-usada\/\" class=\"btn btn--blue mt-auto link-stretched\">Saiba mais<\/a>\n                            <\/div>\n                        <\/article>\n                    <\/div>\n\n\n                    <\/div>\n                <\/div>\n            <\/div>\n        <\/div>\n    <\/div>\n<\/section>\n\n","protected":false},"excerpt":{"rendered":"<p>Dispositivo de crioterapia localizada para cavalos<\/p>\n","protected":false},"featured_media":34499,"parent":0,"menu_order":0,"template":"templates\/full-width.php","product_cat":[392],"class_list":["hentry","has-post-thumbnail"],"meta_box":[],"_links":{"self":[{"href":"https:\/\/cryomed.pro\/pt-pt\/wp-json\/wp\/v2\/product\/37547","targetHints":{"allow":["GET"]}}],"collection":[{"href":"https:\/\/cryomed.pro\/pt-pt\/wp-json\/wp\/v2\/product"}],"about":[{"href":"https:\/\/cryomed.pro\/pt-pt\/wp-json\/wp\/v2\/types\/product"}],"wp:featuredmedia":[{"embeddable":true,"href":"https:\/\/cryomed.pro\/pt-pt\/wp-json\/wp\/v2\/media\/34499"}],"wp:attachment":[{"href":"https:\/\/cryomed.pro\/pt-pt\/wp-json\/wp\/v2\/media?parent=37547"}],"wp:term":[{"taxonomy":"product_cat","embeddable":true,"href":"https:\/\/cryomed.pro\/pt-pt\/wp-json\/wp\/v2\/product_cat?post=37547"}],"curies":[{"name":"wp","href":"https:\/\/api.w.org\/{rel}","templated":true}]}}