{"id":35487,"date":"2023-11-27T16:18:02","date_gmt":"2023-11-27T16:18:02","guid":{"rendered":"https:\/\/cryomed.pro\/equipment\/uncategorized\/2020-c-4-two-stage-chamber-cryobuilt-usa-used-cryotherapy-machine\/"},"modified":"2024-03-25T23:14:35","modified_gmt":"2024-03-25T23:14:35","slug":"2020-c-4-camara-de-dois-estagios-cryobuilt-eua-maquina-de-crioterapia-usada","status":"publish","type":"product","link":"https:\/\/cryomed.pro\/pt-pt\/equipment\/criosaunas\/2020-c-4-camara-de-dois-estagios-cryobuilt-eua-maquina-de-crioterapia-usada\/","title":{"rendered":"2020 C-4 c\u00e2mara de dois est\u00e1gios Cryobuilt, EUA m\u00e1quina de crioterapia usada"},"content":{"rendered":"","protected":false},"excerpt":{"rendered":"<p>C-4 two stage chamber Cryobuilt in good condition<\/p>\n<p>Year of manufacture: 2020<br \/>\nNumber of sessions on the counter: 713<br \/>\nLocation: USA<br \/>\nPrice: 22,000 USD<\/p>\n","protected":false},"featured_media":35489,"parent":0,"menu_order":0,"template":"","product_cat":[1455,1459],"class_list":["hentry","has-post-thumbnail"],"meta_box":[],"_links":{"self":[{"href":"https:\/\/cryomed.pro\/pt-pt\/wp-json\/wp\/v2\/product\/35487","targetHints":{"allow":["GET"]}}],"collection":[{"href":"https:\/\/cryomed.pro\/pt-pt\/wp-json\/wp\/v2\/product"}],"about":[{"href":"https:\/\/cryomed.pro\/pt-pt\/wp-json\/wp\/v2\/types\/product"}],"wp:featuredmedia":[{"embeddable":true,"href":"https:\/\/cryomed.pro\/pt-pt\/wp-json\/wp\/v2\/media\/35489"}],"wp:attachment":[{"href":"https:\/\/cryomed.pro\/pt-pt\/wp-json\/wp\/v2\/media?parent=35487"}],"wp:term":[{"taxonomy":"product_cat","embeddable":true,"href":"https:\/\/cryomed.pro\/pt-pt\/wp-json\/wp\/v2\/product_cat?post=35487"}],"curies":[{"name":"wp","href":"https:\/\/api.w.org\/{rel}","templated":true}]}}