{"id":47710,"date":"2025-01-13T19:35:11","date_gmt":"2025-01-13T19:35:11","guid":{"rendered":"https:\/\/cryomed.pro\/thank-you-page\/"},"modified":"2025-03-04T17:42:39","modified_gmt":"2025-03-04T17:42:39","slug":"thank-you-page","status":"publish","type":"page","link":"https:\/\/cryomed.pro\/pt-pt\/thank-you-page\/","title":{"rendered":"Obrigado por entrar em contato!"},"content":{"rendered":"\n<h3 class=\"wp-block-heading has-text-align-center\"><br>A nossa equipa entrar\u00e1 <br>em contato consigo por <br>e-mail no menor tempo poss\u00edvel.<\/h3>\n\n\n\n<p style=\"text-align:center\">Se a sua quest\u00e3o for urgente, n\u00e3o hesite em contactar-nos<br> via telefone\/Whatsapp <a href=\"tel:421918250160\">+ 421 918 250 160<\/a>.<br><strong>Hor\u00e1rio de atendimento:<\/strong> Segunda a sexta-feira (8:00 \u2013 16:30, CET\/CEST)<\/p>\n\n\n\n<p style=\"text-align:center\"><a href=\"https:\/\/cryomed.pro\/business\/services\/cryotherapy-business-course\/\"><u>Inscreva-se<\/u><\/a> no nosso curso por e-mail GRATUITO para receber um roteiro abrangente e conselhos pr\u00e1ticos sobre como gerir um neg\u00f3cio<br> de crioterapia de sucesso.<\/p>\n\n\n\n<h3 class=\"wp-block-heading has-text-align-center\">Curso de Neg\u00f3cios de Crioterapia:\u00a0<br>Plano de a\u00e7\u00e3o passo-a-passo<\/h3>\n\n\n\n<p><a href=\"https:\/\/cryomed.pro\/business\/services\/cryotherapy-business-course\/\" style=\"margin-top: 20px;--tw-bg-opacity: .2\" class=\"btn btn--blue btn--large w-full\">Sim, inscreva-me!<\/a><\/p>\n\n\n\n<p><\/p>\n","protected":false},"excerpt":{"rendered":"<p>A nossa equipa entrar\u00e1 em contato consigo por e-mail no menor tempo poss\u00edvel. Se a sua quest\u00e3o for urgente, n\u00e3o hesite em contactar-nos&hellip;<\/p>\n","protected":false},"author":10,"featured_media":0,"parent":0,"menu_order":0,"comment_status":"closed","ping_status":"closed","template":"","meta":{"inline_featured_image":false,"footnotes":""},"class_list":["hentry"],"meta_box":[],"_links":{"self":[{"href":"https:\/\/cryomed.pro\/pt-pt\/wp-json\/wp\/v2\/pages\/47710","targetHints":{"allow":["GET"]}}],"collection":[{"href":"https:\/\/cryomed.pro\/pt-pt\/wp-json\/wp\/v2\/pages"}],"about":[{"href":"https:\/\/cryomed.pro\/pt-pt\/wp-json\/wp\/v2\/types\/page"}],"author":[{"embeddable":true,"href":"https:\/\/cryomed.pro\/pt-pt\/wp-json\/wp\/v2\/users\/10"}],"replies":[{"embeddable":true,"href":"https:\/\/cryomed.pro\/pt-pt\/wp-json\/wp\/v2\/comments?post=47710"}],"version-history":[{"count":4,"href":"https:\/\/cryomed.pro\/pt-pt\/wp-json\/wp\/v2\/pages\/47710\/revisions"}],"predecessor-version":[{"id":47714,"href":"https:\/\/cryomed.pro\/pt-pt\/wp-json\/wp\/v2\/pages\/47710\/revisions\/47714"}],"wp:attachment":[{"href":"https:\/\/cryomed.pro\/pt-pt\/wp-json\/wp\/v2\/media?parent=47710"}],"curies":[{"name":"wp","href":"https:\/\/api.w.org\/{rel}","templated":true}]}}