{"id":35459,"date":"2020-08-07T14:22:32","date_gmt":"2020-08-07T14:22:32","guid":{"rendered":"https:\/\/cryomed.pro\/about-us\/our-team\/"},"modified":"2024-10-29T20:42:28","modified_gmt":"2024-10-29T20:42:28","slug":"nossa-equipa","status":"publish","type":"page","link":"https:\/\/cryomed.pro\/pt-pt\/about-us\/nossa-equipa\/","title":{"rendered":"Nossa Equipa"},"content":{"rendered":"\n\n\n\n<div class=\"section section-our-team-gallery\">\n\t<div class=\"container\">\n\t\t<!-- <div class=\"grid sm:grid-cols-2 lg:grid-cols-3 xl:grid-cols-4 gap-10\"> -->\n\t\t<div class=\"grid sm:grid-cols-2 lg:grid-cols-3 gap-10 xl:gap-20\">\n\t\t\t<div class=\"card\">\n\t\t\t\t<figure class=\"card-media\">\n\t\t\t\t\t<img decoding=\"async\" src=\"https:\/\/cryomed.pro\/wp-content\/themes\/cryomed\/inc\/shortcodes\/pages\/about-us\/our-team\/assets\/Olena Sydorenko, Marketing Director.jpg\" alt=\"Olena Sydorenko\">\n\t\t\t\t<\/figure>\n\n\t\t\t\t<div class=\"card-body flex flex-col justify-center text-center mt-4\">\n\t\t\t\t\t<span class=\"card-name text-navy\">Olena Sydorenko<\/span>\n\t\t\t\t\t<span class=\"card-position text-navy text-opacity-50 text-sm font-light mt-1\">Diretor de marketing<\/span>\n\t\t\t\t<\/div>\n\t\t\t<\/div>\n\t\t\t<div class=\"card\">\n\t\t\t\t<figure class=\"card-media\">\n\t\t\t\t\t<img decoding=\"async\" src=\"https:\/\/cryomed.pro\/wp-content\/themes\/cryomed\/inc\/shortcodes\/pages\/about-us\/our-team\/assets\/Mykhailo Liubchenko, Co-Owner of Cryomed Manufacture s.r.o.jpg\" alt=\"Mykhailo Liubchenko\">\n\t\t\t\t<\/figure>\n\n\t\t\t\t<div class=\"card-body flex flex-col justify-center text-center mt-4\">\n\t\t\t\t\t<span class=\"card-name text-navy\">Mykhailo Liubchenko<\/span>\n\t\t\t\t\t<span class=\"card-position text-navy text-opacity-50 text-sm font-light mt-1\">CEO da Cryomed Manufacture sro<\/span>\n\t\t\t\t<\/div>\n\t\t\t<\/div>\n\t\t\t<div class=\"card\">\n\t\t\t\t<figure class=\"card-media\">\n\t\t\t\t\t<img decoding=\"async\" src=\"https:\/\/cryomed.pro\/wp-content\/themes\/cryomed\/inc\/shortcodes\/pages\/about-us\/our-team\/assets\/Mariia Shepilova, Marketing Director Assistant.jpg\" alt=\"Mariia Shepilova\">\n\t\t\t\t<\/figure>\n\n\t\t\t\t<div class=\"card-body flex flex-col justify-center text-center mt-4\">\n\t\t\t\t\t<span class=\"card-name text-navy\">Mariia Shepilova<\/span>\n\t\t\t\t\t<span class=\"card-position text-navy text-opacity-50 text-sm font-light mt-1\">Assistente de Diretor de Marketing<\/span>\n\t\t\t\t<\/div>\n\t\t\t<\/div>\n\t\t\t<div class=\"card\">\n\t\t\t\t<figure class=\"card-media\">\n\t\t\t\t\t<img decoding=\"async\" src=\"https:\/\/cryomed.pro\/wp-content\/themes\/cryomed\/inc\/shortcodes\/pages\/about-us\/our-team\/assets\/Sergii Kryvonos, Sales Representative.jpg\" alt=\"S\u00e9rgio Kryvonos\">\n\t\t\t\t<\/figure>\n\n\t\t\t\t<div class=\"card-body flex flex-col justify-center text-center mt-4\">\n\t\t\t\t\t<span class=\"card-name text-navy\">S\u00e9rgio Kryvonos<\/span>\n\t\t\t\t\t<span class=\"card-position text-navy text-opacity-50 text-sm font-light mt-1\">Representante de vendas<\/span>\n\t\t\t\t<\/div>\n\t\t\t<\/div>\n\t\t\t<div class=\"card\">\n\t\t\t\t<figure class=\"card-media\">\n\t\t\t\t\t<img decoding=\"async\" src=\"https:\/\/cryomed.pro\/wp-content\/themes\/cryomed\/inc\/shortcodes\/pages\/about-us\/our-team\/assets\/Viktoriia Boyarska, Back-Office Manager.jpg\" alt=\"Viktoria Boyarska\">\n\t\t\t\t<\/figure>\n\n\t\t\t\t<div class=\"card-body flex flex-col justify-center text-center mt-4\">\n\t\t\t\t\t<span class=\"card-name text-navy\">Viktoria Boyarska<\/span>\n\t\t\t\t\t<span class=\"card-position text-navy text-opacity-50 text-sm font-light mt-1\">Gerente de Back Office<\/span>\n\t\t\t\t<\/div>\n\t\t\t<\/div>\n\t\t\t<div class=\"card\">\n\t\t\t\t<figure class=\"card-media\">\n\t\t\t\t\t<img decoding=\"async\" src=\"https:\/\/cryomed.pro\/wp-content\/themes\/cryomed\/inc\/shortcodes\/pages\/about-us\/our-team\/assets\/Larysa Zhbanova, Project Manager.jpg\" alt=\"Larissa Zhbanova\">\n\t\t\t\t<\/figure>\n\n\t\t\t\t<div class=\"card-body flex flex-col justify-center text-center mt-4\">\n\t\t\t\t\t<span class=\"card-name text-navy\">Larissa Zhbanova<\/span>\n\t\t\t\t\t<span class=\"card-position text-navy text-opacity-50 text-sm font-light mt-1\">Gestor de projeto<\/span>\n\t\t\t\t<\/div>\n\t\t\t<\/div>\n\t\t\t<div class=\"card\">\n\t\t\t\t<figure class=\"card-media\">\n\t\t\t\t\t<img decoding=\"async\" src=\"https:\/\/cryomed.pro\/wp-content\/themes\/cryomed\/inc\/shortcodes\/pages\/about-us\/our-team\/assets\/Yulia Lievshyna, SMM manager.jpg\" alt=\"Julia Lievshyna\">\n\t\t\t\t<\/figure>\n\n\t\t\t\t<div class=\"card-body flex flex-col justify-center text-center mt-4\">\n\t\t\t\t\t<span class=\"card-name text-navy\">Julia Lievshyna<\/span>\n\t\t\t\t\t<span class=\"card-position text-navy text-opacity-50 text-sm font-light mt-1\">Gerente de SMM<\/span>\n\t\t\t\t<\/div>\n\t\t\t<\/div>\n\t\t<\/div>\n\t<\/div>\n<\/div>\n\n\n\n<div class=\"section section-why-us\">\n\t<div class=\"container\">\n\t\t<header class=\"section__header text-center\">\n            <h2 class=\"section__title\">Por que n\u00f3s?<\/h2>\n        <\/header>\n\n\t\t<div class=\"section-row\" style=\"text-align: justify\">\n\t\t\t<div class=\"section-col col-span-1 flex flex-col\">\n\t\t\t\t<div class=\"card flex-1\">\n                    <div class=\"card-media\">\n                        <img decoding=\"async\" src=\"https:\/\/cryomed.pro\/wp-content\/themes\/cryomed\/inc\/shortcodes\/pages\/about-us\/our-team\/assets\/circles_three_plus.svg\" alt=\"Nossa Equipa\">\n                    <\/div>\n                    <div class=\"card-body\">\n                        <h3 class=\"card-title\">N\u00f3s fazemos diferen\u00e7a<\/h3>\n                        <p>Oferecemos a mais ampla linha de modelos de produtos de crioterapia do mercado de corpo inteiro. Nas nossas criosaunas, voc\u00ea pode escolher o tamanho da sua m\u00e1quina dependendo da sua localiza\u00e7\u00e3o, cabine maior ou menor dependendo dos clientes que voc\u00ea atende, compatibilidade com Dewars ou tanques pressurizados dependendo do n\u00famero de sess\u00f5es que voc\u00ea planeia oferecer<\/p>\n                    <\/div>\n                <\/div>\n\t\t\t<\/div>\n\t\t\t<div class=\"section-col col-span-1 flex flex-col\">\n\t\t\t\t<div class=\"card flex-1\">\n                    <div class=\"card-media\">\n                        <img decoding=\"async\" src=\"https:\/\/cryomed.pro\/wp-content\/themes\/cryomed\/inc\/shortcodes\/pages\/about-us\/our-team\/assets\/chart_up.svg\" alt=\"Nossa Equipa\">\n                    <\/div>\n                    <div class=\"card-body\">\n                        <h3 class=\"card-title\">N\u00f3s crescemos<\/h3>\n                        <p>Nosso departamento de P&D lan\u00e7a novos modelos todos os anos e apresenta melhorias e atualiza\u00e7\u00f5es de software a cada poucos meses para criar o ambiente de crioterapia mais seguro e agrad\u00e1vel<\/p>\n                    <\/div>\n                <\/div>\n\t\t\t<\/div>\n\t\t\t<div class=\"section-col col-span-1 flex flex-col\">\n\t\t\t\t<div class=\"card flex-1\">\n                    <div class=\"card-media\">\n                        <img decoding=\"async\" src=\"https:\/\/cryomed.pro\/wp-content\/themes\/cryomed\/inc\/shortcodes\/pages\/about-us\/our-team\/assets\/timer.svg\" alt=\"Nossa Equipa\">\n                    <\/div>\n                    <div class=\"card-body\">\n                        <h3 class=\"card-title\">N\u00f3s temos experi\u00eancia<\/h3>\n                        <p>Mais de 20 anos de hist\u00f3ria em produ\u00e7\u00e3o<\/p>\n                    <\/div>\n                <\/div>\n\t\t\t<\/div>\n\t\t\t<div class=\"section-col col-span-1 flex flex-col\">\n\t\t\t\t<div class=\"card flex-1\">\n                    <div class=\"card-media\">\n                        <img decoding=\"async\" src=\"https:\/\/cryomed.pro\/wp-content\/themes\/cryomed\/inc\/shortcodes\/pages\/about-us\/our-team\/assets\/cryobus.svg\" alt=\"Nossa Equipa\">\n                    <\/div>\n                    <div class=\"card-body\">\n                        <h3 class=\"card-title\">N\u00f3s entregamos<\/h3>\n                        <p>Estamos confiantes na qualidade dos nossos produtos<\/p>\n                    <\/div>\n                <\/div>\n\t\t\t<\/div>\n\t\t<\/div>\n\t<\/div>\n<\/div>\n\n\n\n<section class=\"section section-benefits-2\">\n    <div class=\"container\">\n        <header class=\"section__header text-center\">\n            <h2 class=\"section__title\">Servi\u00e7os prestados \u00e0s empresas<\/h2>\n        <\/header>\n\n        <div class=\"section-row\">\n            <div class=\"section-col col-span-1 flex flex-col\">\n                <div class=\"card flex-1\">\n                    <div class=\"card-media\">\n                        <img decoding=\"async\" src=\"https:\/\/cryomed.pro\/wp-content\/themes\/cryomed\/inc\/shortcodes\/pages\/about-us\/our-team\/assets\/handshake.svg\" alt=\"Nossa Equipa\">\n                    <\/div>\n                    <div class=\"card-body\">\n                        <h3 class=\"card-title\">N\u00f3s damos o pontap\u00e9 inicial<\/h3>\n                        <p>Opte por leasing, aluguel ou troca para lan\u00e7ar seu neg\u00f3cio<\/p>\n                    <\/div>\n                <\/div>\n            <\/div>\n            <div class=\"section-col col-span-1 flex flex-col\">\n                <div class=\"card flex-1\">\n                    <div class=\"card-media\">\n                        <img decoding=\"async\" src=\"https:\/\/cryomed.pro\/wp-content\/themes\/cryomed\/inc\/shortcodes\/pages\/about-us\/our-team\/assets\/book_open.svg\" alt=\"Nossa Equipa\">\n                    <\/div>\n                    <div class=\"card-body\">\n                        <h3 class=\"card-title\">N\u00f3s apoiamos<\/h3>\n                        <p>Receba um pacote completo de marketing e promo\u00e7\u00f5es para fazer seu neg\u00f3cio arrancar<\/p>\n                    <\/div>\n                <\/div>\n            <\/div>\n            <div class=\"section-col col-span-1 flex flex-col\">\n                <div class=\"card flex-1\">\n                    <div class=\"card-media\">\n                        <img decoding=\"async\" src=\"https:\/\/cryomed.pro\/wp-content\/themes\/cryomed\/inc\/shortcodes\/pages\/about-us\/our-team\/assets\/briefcase.svg\" alt=\"Nossa Equipa\">\n                    <\/div>\n                    <div class=\"card-body\">\n                        <h3 class=\"card-title\">N\u00f3s aconselhamos<\/h3>\n                        <p>Pe\u00e7a a nossa ajuda na elabora\u00e7\u00e3o de planos de marketing e estrat\u00e9gias publicit\u00e1rias<\/p>\n                    <\/div>\n                <\/div>\n            <\/div>\n            <div class=\"section-col col-span-1 flex flex-col\">\n                <div class=\"card flex-1\">\n                    <div class=\"card-media\">\n                        <img decoding=\"async\" src=\"https:\/\/cryomed.pro\/wp-content\/themes\/cryomed\/inc\/shortcodes\/pages\/about-us\/our-team\/assets\/graduation_cap.svg\" alt=\"Nossa Equipa\">\n                    <\/div>\n                    <div class=\"card-body\">\n                        <h3 class=\"card-title\">N\u00f3s treinamos<\/h3>\n                        <p>Envie uma solicita\u00e7\u00e3o e treine seus operadores no local<\/p>\n                    <\/div>\n                <\/div>\n            <\/div>\n            <div class=\"section-col col-span-1 flex flex-col\">\n                <div class=\"card flex-1\">\n                    <div class=\"card-media\">\n                        <img decoding=\"async\" src=\"https:\/\/cryomed.pro\/wp-content\/themes\/cryomed\/inc\/shortcodes\/pages\/about-us\/our-team\/assets\/diamond.svg\" alt=\"Nossa Equipa\">\n                    <\/div>\n                    <div class=\"card-body\">\n                        <h3 class=\"card-title\">N\u00f3s aprofundamos conhecimentos<\/h3>\n                        <p>Inscreva-se em nosso curso de treinamento on-line gratuito para oferecer o melhor servi\u00e7o aos seus clientes<\/p>\n                    <\/div>\n                <\/div>\n            <\/div>\n            <div class=\"section-col col-span-1 flex flex-col\">\n                <div class=\"card flex-1\">\n                    <div class=\"card-media\">\n                        <img decoding=\"async\" src=\"https:\/\/cryomed.pro\/wp-content\/themes\/cryomed\/inc\/shortcodes\/pages\/about-us\/our-team\/assets\/shield_check.svg\" alt=\"Nossa Equipa\">\n                    <\/div>\n                    <div class=\"card-body\">\n                        <h3 class=\"card-title\">N\u00f3s preocupamo nos <\/h3>\n                        <p>Conte com nosso suporte em qualquer preocupa\u00e7\u00e3o de instala\u00e7\u00e3o, opera\u00e7\u00e3o ou manuten\u00e7\u00e3o<\/p>\n                    <\/div>\n                <\/div>\n            <\/div>\n            <div class=\"section-col col-span-1 flex flex-col\" style=\"grid-column: 2 \/ span 1;  justify-self: center;\">\n                <div class=\"card flex-1\">\n                    <div class=\"card-media\">\n                        <img decoding=\"async\" src=\"https:\/\/cryomed.pro\/wp-content\/themes\/cryomed\/inc\/shortcodes\/pages\/about-us\/our-team\/assets\/airplane.svg\" alt=\"Nossa Equipa\">\n                    <\/div>\n                    <div class=\"card-body\">\n                        <h3 class=\"card-title\">Entregamos em todo o mundo<\/h3>\n                        <p>Obtenha nossa assist\u00eancia com entrega mundial por via a\u00e9rea ou por caminh\u00e3o<\/p>\n                    <\/div>\n                <\/div>\n            <\/div>\n        <\/div>\n    <\/div>\n<\/section>\n\n","protected":false},"excerpt":{"rendered":"","protected":false},"author":1,"featured_media":0,"parent":35412,"menu_order":1,"comment_status":"closed","ping_status":"closed","template":"","meta":{"inline_featured_image":false,"footnotes":""},"class_list":["hentry"],"meta_box":[],"_links":{"self":[{"href":"https:\/\/cryomed.pro\/pt-pt\/wp-json\/wp\/v2\/pages\/35459","targetHints":{"allow":["GET"]}}],"collection":[{"href":"https:\/\/cryomed.pro\/pt-pt\/wp-json\/wp\/v2\/pages"}],"about":[{"href":"https:\/\/cryomed.pro\/pt-pt\/wp-json\/wp\/v2\/types\/page"}],"author":[{"embeddable":true,"href":"https:\/\/cryomed.pro\/pt-pt\/wp-json\/wp\/v2\/users\/1"}],"replies":[{"embeddable":true,"href":"https:\/\/cryomed.pro\/pt-pt\/wp-json\/wp\/v2\/comments?post=35459"}],"version-history":[{"count":0,"href":"https:\/\/cryomed.pro\/pt-pt\/wp-json\/wp\/v2\/pages\/35459\/revisions"}],"up":[{"embeddable":true,"href":"https:\/\/cryomed.pro\/pt-pt\/wp-json\/wp\/v2\/pages\/35412"}],"wp:attachment":[{"href":"https:\/\/cryomed.pro\/pt-pt\/wp-json\/wp\/v2\/media?parent=35459"}],"curies":[{"name":"wp","href":"https:\/\/api.w.org\/{rel}","templated":true}]}}