{"id":35412,"date":"2020-07-30T09:30:25","date_gmt":"2020-07-30T09:30:25","guid":{"rendered":"https:\/\/cryomed.pro\/about-us\/"},"modified":"2025-06-25T20:04:35","modified_gmt":"2025-06-25T20:04:35","slug":"about-us","status":"publish","type":"page","link":"https:\/\/cryomed.pro\/pt-pt\/about-us\/","title":{"rendered":"Sobre n\u00f3s"},"content":{"rendered":"\n<div class=\"wp-block-group alignfull wp-block-group-media-text\"><div class=\"wp-block-group__inner-container is-layout-flow wp-block-group-is-layout-flow\">\n<div class=\"wp-block-columns alignwide is-layout-flex wp-container-core-columns-is-layout-9d6595d7 wp-block-columns-is-layout-flex\">\n<div class=\"wp-block-column is-layout-flow wp-block-column-is-layout-flow\">\n<p><img loading=\"lazy\" decoding=\"async\" width=\"1280\" height=\"622\" class=\"wp-image-7885\" style=\"aspect-ratio: 2.006666666666667;object-fit: contain;width: 602px;height: auto\" title=\"Best cryotherapy machines\" src=\"\/wp-content\/uploads\/2021\/08\/photo_2019-11-18_09-28-13.jpg\" alt=\"Best cryotherapy machines\" srcset=\"https:\/\/cryomed.pro\/wp-content\/uploads\/2021\/08\/photo_2019-11-18_09-28-13.jpg 1280w, https:\/\/cryomed.pro\/wp-content\/uploads\/2021\/08\/photo_2019-11-18_09-28-13-300x146.jpg 300w, https:\/\/cryomed.pro\/wp-content\/uploads\/2021\/08\/photo_2019-11-18_09-28-13-1024x498.jpg 1024w, https:\/\/cryomed.pro\/wp-content\/uploads\/2021\/08\/photo_2019-11-18_09-28-13-768x373.jpg 768w\" sizes=\"auto, (max-width: 1280px) 100vw, 1280px\" \/><\/p>\n<p class=\"wp-element-caption\"><span style=\"font-weight: 400\">As <\/span><span style=\"font-weight: 400\">melhores m\u00e1quinas de crioterapia <\/span><span style=\"font-weight: 400\">do mundialmente famoso fabricante de crioterapia<\/span><\/p>\n<\/div>\n\n\n\n<div class=\"wp-block-column is-layout-flow wp-block-column-is-layout-flow\">\n<p>A Cryomed \u00e9 um fabricante l\u00edder de equipamentos criog\u00e9nicos com a mais ampla linha de m\u00e1quinas de crioterapia de corpo inteiro e pontuais do mercado. Oferecemos seis modelos de criosauna, dois modelos de c\u00e2maras criog\u00eanicas h\u00edbridas, uma criosauna m\u00f3vel, uma criosauna de cavalo e dois modelos de dispositivos de crioterapia locais que diferem em tamanho, caracter\u00edsticas e pre\u00e7o.<\/p>\n\n\n\n<p>A Cryomed produz m\u00e1quinas de crioterapia de corpo inteiro, tamb\u00e9m conhecidas como criosaunas, crioc\u00e1psulas ou cri\u00f3podes, desde 2002. At\u00e9 agora, j\u00e1 instalamos <a href=\"https:\/\/cryomed.pro\/pt-pt\/business\/servicos\/installation\/\" data-type=\"page\" data-id=\"1239\">mais de 1.800 criosaunas<\/a> em mais de 70 pa\u00edses. Em 2015, a Cryomed lan\u00e7ou a produ\u00e7\u00e3o de dispositivos de crioterapia localizada.<\/p>\n\n\n\n<p>Durante todo esse tempo, nosso departamento interno de I&amp;D tem aprimorado continuamente nossos produtos por meio de inova\u00e7\u00e3o e tecnologia de ponta. Lan\u00e7amos novos modelos todos os anos e atualizamos os equipamentos existentes a cada poucos meses com base no feedback que recebemos de nossos clientes.<\/p>\n\n\n\n<p>Todos os equipamentos da Cryomed s\u00e3o totalmente certificados e atendem aos mais rigorosos padr\u00f5es da UE em rela\u00e7\u00e3o \u00e0 efici\u00eancia operacional, qualidade dos componentes, seguran\u00e7a pessoal e ambiental.<\/p>\n\n\n\n<p>Em 2020, n\u00f3s da Cryomed desenvolvemos um <a href=\"https:\/\/cryomed.pro\/pt-pt\/business\/servicos\/training\/\">curso de treinamento online exclusivo sobre crioterapia de corpo inteiro<\/a> cobrindo seus mecanismos, protocolos de seguran\u00e7a e aplica\u00e7\u00f5es em beleza, bem-estar, esportes e sa\u00fade. O curso ajuda os empres\u00e1rios a construir uma comunica\u00e7\u00e3o eficiente e relacionamentos de longo prazo com seus clientes. O curso de treinamento est\u00e1 dispon\u00edvel gratuitamente para nossos clientes.<\/p>\n\n\n\n<p>Temos o compromisso de fornecer alta qualidade a pre\u00e7os competitivos e oferecer consultoria ponta a ponta para ajud\u00e1-lo a escolher o produto certo para suas necessidades.<\/p>\n<\/div>\n<\/div>\n<\/div><\/div>\n","protected":false},"excerpt":{"rendered":"<p>As melhores m\u00e1quinas de crioterapia do mundialmente famoso fabricante de crioterapia A Cryomed \u00e9 um fabricante l\u00edder de equipamentos criog\u00e9nicos com a mais&hellip;<\/p>\n","protected":false},"author":1,"featured_media":0,"parent":0,"menu_order":0,"comment_status":"closed","ping_status":"closed","template":"","meta":{"inline_featured_image":false,"footnotes":""},"class_list":["hentry"],"meta_box":[],"_links":{"self":[{"href":"https:\/\/cryomed.pro\/pt-pt\/wp-json\/wp\/v2\/pages\/35412","targetHints":{"allow":["GET"]}}],"collection":[{"href":"https:\/\/cryomed.pro\/pt-pt\/wp-json\/wp\/v2\/pages"}],"about":[{"href":"https:\/\/cryomed.pro\/pt-pt\/wp-json\/wp\/v2\/types\/page"}],"author":[{"embeddable":true,"href":"https:\/\/cryomed.pro\/pt-pt\/wp-json\/wp\/v2\/users\/1"}],"replies":[{"embeddable":true,"href":"https:\/\/cryomed.pro\/pt-pt\/wp-json\/wp\/v2\/comments?post=35412"}],"version-history":[{"count":2,"href":"https:\/\/cryomed.pro\/pt-pt\/wp-json\/wp\/v2\/pages\/35412\/revisions"}],"predecessor-version":[{"id":107315,"href":"https:\/\/cryomed.pro\/pt-pt\/wp-json\/wp\/v2\/pages\/35412\/revisions\/107315"}],"wp:attachment":[{"href":"https:\/\/cryomed.pro\/pt-pt\/wp-json\/wp\/v2\/media?parent=35412"}],"curies":[{"name":"wp","href":"https:\/\/api.w.org\/{rel}","templated":true}]}}