{"id":35409,"date":"2020-05-27T15:04:51","date_gmt":"2020-05-27T15:04:51","guid":{"rendered":"https:\/\/cryomed.pro\/sitemap\/"},"modified":"2024-02-28T02:06:42","modified_gmt":"2024-02-28T02:06:42","slug":"sitemap","status":"publish","type":"page","link":"https:\/\/cryomed.pro\/pt-pt\/sitemap\/","title":{"rendered":"Mapa do site"},"content":{"rendered":"\n<p>All articles on cryotherapy and cryosauna production are collected on this page. If you want to read about the classic cryosauna or cryotherapy certification in different countries, or want to know more about the benefits of cryosauna and cryotherapy advantages \u2013 welcome to our website! You will also find the articles translated to other languages \u2013 look for links to pages with the text \u201ccryotherapy in spanish\u201d, \u201ccryotherapy in german\u201d, etc.<\/p>\n\n\n<div class=\"wsp-container\"><h2 class=\"wsp-pages-title\">Pages<\/h2>\n<ul class=\"wsp-pages-list\">\n<li class=\"page_item page-item-37943 current_page_parent\"><a href=\"https:\/\/cryomed.pro\/pt-pt\/blogue-da-crioterapia\/\">Blogue da Crioterapia<\/a><\/li>\n<li class=\"page_item page-item-35352 page_item_has_children\"><a href=\"https:\/\/cryomed.pro\/pt-pt\/crioterapia\/\">Crioterapia<\/a>\n<ul class='children'>\n\t<li class=\"page_item page-item-35398\"><a href=\"https:\/\/cryomed.pro\/pt-pt\/crioterapia\/corpo-inteiro\/\">Corpo inteiro<\/a><\/li>\n\t<li class=\"page_item page-item-35396\"><a href=\"https:\/\/cryomed.pro\/pt-pt\/crioterapia\/localizada\/\">Localizada<\/a><\/li>\n\t<li class=\"page_item page-item-35355\"><a href=\"https:\/\/cryomed.pro\/pt-pt\/crioterapia\/in-sport\/\">Crioterapia no desporto<\/a><\/li>\n\t<li class=\"page_item page-item-35358\"><a href=\"https:\/\/cryomed.pro\/pt-pt\/crioterapia\/in-medicine\/\">Crioterapia nos cuidados de sa\u00fade<\/a><\/li>\n\t<li class=\"page_item page-item-35360\"><a href=\"https:\/\/cryomed.pro\/pt-pt\/crioterapia\/in-beauty\/\">A crioterapia na beleza<\/a><\/li>\n\t<li class=\"page_item page-item-35362\"><a href=\"https:\/\/cryomed.pro\/pt-pt\/crioterapia\/cryo-center\/\">Centro de crioterapia<\/a><\/li>\n<\/ul>\n<\/li>\n<li class=\"page_item page-item-35350\"><a href=\"https:\/\/cryomed.pro\/pt-pt\/equipamento\/\">Equipamento<\/a><\/li>\n<li class=\"page_item page-item-35347\"><a href=\"https:\/\/cryomed.pro\/pt-pt\/\">Home<\/a><\/li>\n<li class=\"page_item page-item-35409\"><a href=\"https:\/\/cryomed.pro\/pt-pt\/sitemap\/\">Mapa do site<\/a><\/li>\n<li class=\"page_item page-item-35365 page_item_has_children\"><a href=\"https:\/\/cryomed.pro\/pt-pt\/business\/\">Neg\u00f3cio<\/a>\n<ul class='children'>\n\t<li class=\"page_item page-item-35382\"><a href=\"https:\/\/cryomed.pro\/pt-pt\/business\/calculator\/\">Calculadora<\/a><\/li>\n\t<li class=\"page_item page-item-35386 page_item_has_children\"><a href=\"https:\/\/cryomed.pro\/pt-pt\/business\/financing\/\">Financiamento<\/a>\n\t<ul class='children'>\n\t\t<li class=\"page_item page-item-35475\"><a href=\"https:\/\/cryomed.pro\/pt-pt\/business\/financing\/trade-in\/\">Trade-in<\/a><\/li>\n\t\t<li class=\"page_item page-item-35471\"><a href=\"https:\/\/cryomed.pro\/pt-pt\/business\/financing\/leasing\/\">Leasing<\/a><\/li>\n\t\t<li class=\"page_item page-item-35473\"><a href=\"https:\/\/cryomed.pro\/pt-pt\/business\/financing\/rent\/\">Renting<\/a><\/li>\n\t<\/ul>\n<\/li>\n\t<li class=\"page_item page-item-35367 page_item_has_children\"><a href=\"https:\/\/cryomed.pro\/pt-pt\/business\/servicos\/\">Servi\u00e7os<\/a>\n\t<ul class='children'>\n\t\t<li class=\"page_item page-item-35364\"><a href=\"https:\/\/cryomed.pro\/pt-pt\/business\/servicos\/marketing\/\">Marketing<\/a><\/li>\n\t\t<li class=\"page_item page-item-35370\"><a href=\"https:\/\/cryomed.pro\/pt-pt\/business\/servicos\/training\/\">Forma\u00e7\u00e3o<\/a><\/li>\n\t\t<li class=\"page_item page-item-35372\"><a href=\"https:\/\/cryomed.pro\/pt-pt\/business\/servicos\/support\/\">Apoio<\/a><\/li>\n\t\t<li class=\"page_item page-item-35374\"><a href=\"https:\/\/cryomed.pro\/pt-pt\/business\/servicos\/installation\/\">Instala\u00e7\u00e3o<\/a><\/li>\n\t\t<li class=\"page_item page-item-35376\"><a href=\"https:\/\/cryomed.pro\/pt-pt\/business\/servicos\/delivery\/\">Entrega<\/a><\/li>\n\t<\/ul>\n<\/li>\n<\/ul>\n<\/li>\n<li class=\"page_item page-item-47710\"><a href=\"https:\/\/cryomed.pro\/pt-pt\/thank-you-page\/\">Obrigado por entrar em contato!<\/a><\/li>\n<li class=\"page_item page-item-35405\"><a href=\"https:\/\/cryomed.pro\/pt-pt\/privacy-policy\/\">Pol\u00edtica de privacidade<\/a><\/li>\n<li class=\"page_item page-item-35412 page_item_has_children\"><a href=\"https:\/\/cryomed.pro\/pt-pt\/about-us\/\">Sobre n\u00f3s<\/a>\n<ul class='children'>\n\t<li class=\"page_item page-item-35419\"><a href=\"https:\/\/cryomed.pro\/pt-pt\/about-us\/contatos\/\">Contactos con Cryomed<\/a><\/li>\n\t<li class=\"page_item page-item-35459\"><a href=\"https:\/\/cryomed.pro\/pt-pt\/about-us\/nossa-equipa\/\">Nossa Equipa<\/a><\/li>\n\t<li class=\"page_item page-item-35384\"><a href=\"https:\/\/cryomed.pro\/pt-pt\/about-us\/quality-and-certificates\/\">Certifica\u00e7\u00f5es<\/a><\/li>\n\t<li class=\"page_item page-item-35388\"><a href=\"https:\/\/cryomed.pro\/pt-pt\/about-us\/distributors\/\">Distribuidores<\/a><\/li>\n\t<li class=\"page_item page-item-35447\"><a href=\"https:\/\/cryomed.pro\/pt-pt\/about-us\/comentarios-de-clientes\/\">Coment\u00e1rios de clientes<\/a><\/li>\n<\/ul>\n<\/li>\n<li class=\"page_item page-item-35407\"><a href=\"https:\/\/cryomed.pro\/pt-pt\/termos-e-condicoes\/\">Termos e Condi\u00e7\u00f5es<\/a><\/li>\n<\/ul>\n<h2 class=\"wsp-products-title\">Products<\/h2>\n<ul class=\"wsp-products-list\">\n<li><a href=\"https:\/\/cryomed.pro\/pt-pt\/equipment\/cryosaunas\/cryomed-e-icechill\/\">Cryomed e-IceChill<\/a><\/li>\n<li><a href=\"https:\/\/cryomed.pro\/pt-pt\/equipment\/cryosaunas\/cryomed-cf-04-equine-um-dispositivo-para-crioterapia-de-cavalos\/\">Cryomed CF-04 Equine: um dispositivo para crioterapia de cavalos<\/a><\/li>\n<li><a href=\"https:\/\/cryomed.pro\/pt-pt\/equipment\/equine-cryotherapy\/cryomed-crio-equino\/\">Cryomed Crio Equino<\/a><\/li>\n<li><a href=\"https:\/\/cryomed.pro\/pt-pt\/equipment\/criosaunas\/2020-c-4-camara-de-dois-estagios-cryobuilt-eua-maquina-de-crioterapia-usada\/\">2020 C-4 c\u00e2mara de dois est\u00e1gios Cryobuilt, EUA m\u00e1quina de crioterapia usada<\/a><\/li>\n<li><a href=\"https:\/\/cryomed.pro\/pt-pt\/equipment\/criosaunas\/2020-cryomed-basic-maquina-de-crioterapia-usada\/\">2020 Cryomed Basic, m\u00e1quina de crioterapia usada<\/a><\/li>\n<li><a href=\"https:\/\/cryomed.pro\/pt-pt\/equipment\/criosaunas\/2021-impact-cryo-eua-maquina-de-crioterapia-usada\/\">2021 Impact Cryo, EUA, m\u00e1quina de crioterapia usada<\/a><\/li>\n<li><a href=\"https:\/\/cryomed.pro\/pt-pt\/equipment\/cryochambers\/cryomed-icechill-tratamento-pelo-frio\/\">Cryomed IceChill: tratamento pelo frio<\/a><\/li>\n<li><a href=\"https:\/\/cryomed.pro\/pt-pt\/equipment\/criosaunas\/cryomed-pro-ultra-a-derradeira-solucao-de-terapia-de-frio\/\">Cryomed Pro Ultra: A derradeira solu\u00e7\u00e3o de terapia de frio<\/a><\/li>\n<li><a href=\"https:\/\/cryomed.pro\/pt-pt\/equipment\/criosaunas\/cryomed-one-ultra-a-melhor-escolha\/\">Cryomed One Ultra - a melhor escolha<\/a><\/li>\n<li><a href=\"https:\/\/cryomed.pro\/pt-pt\/equipment\/cryogenic-tanks\/tanques-pressurizados\/\">Tanques pressurizados<\/a><\/li>\n<li><a href=\"https:\/\/cryomed.pro\/pt-pt\/equipment\/criosaunas\/cryomed-mini-en-stock\/\">Cryomed Mini (En stock)<\/a><\/li>\n<li><a href=\"https:\/\/cryomed.pro\/pt-pt\/equipment\/cryogenic-tanks\/tanques-dewar-nao-pressurizados\/\">Tanques Dewar n\u00e3o pressurizados<\/a><\/li>\n<li><a href=\"https:\/\/cryomed.pro\/pt-pt\/equipment\/cryofans\/cryomed-cf-05-o-aparelho-de-crioterapia-profissional-melhorado\/\">Cryomed CF-05: O aparelho de crioterapia profissional melhorado<\/a><\/li>\n<li><a href=\"https:\/\/cryomed.pro\/pt-pt\/equipment\/cryosaunas\/cryomed-cf-04-um-aparelho-de-crioterapia-eficaz\/\">Cryomed CF-04: um aparelho de crioterapia eficaz<\/a><\/li>\n<li><a href=\"https:\/\/cryomed.pro\/pt-pt\/equipment\/criosaunas\/cryomed-basic-criosaunas-profissionais\/\">Cryomed Basic: criosaunas profissionais<\/a><\/li>\n<li><a href=\"https:\/\/cryomed.pro\/pt-pt\/equipment\/criosaunas\/cryomed-one-escolha-inteligente\/\">Cryomed One - Escolha inteligente<\/a><\/li>\n<li><a href=\"https:\/\/cryomed.pro\/pt-pt\/equipment\/criosaunas\/cryomed-mini-crioterapia-compacta\/\">Cryomed Mini: Crioterapia compacta<\/a><\/li>\n<li><a href=\"https:\/\/cryomed.pro\/pt-pt\/equipment\/criosaunas\/cryomed-pro-solucao-poderosa\/\">Cryomed Pro: solu\u00e7\u00e3o poderosa<\/a><\/li>\n<\/ul>\n<h2 class=\"wsp-product_cats-title\">Product categories<\/h2>\n<ul class=\"wsp-product_cats-list\">\n<li><a href=\"https:\/\/cryomed.pro\/pt-pt\/equipment\/criosaunas\/\">Criosaunas<\/a><\/li>\n<li><a href=\"https:\/\/cryomed.pro\/pt-pt\/equipment\/cabines-de-crioterapia\/\">Cabines de crioterapia<\/a><\/li>\n<li><a href=\"https:\/\/cryomed.pro\/pt-pt\/equipment\/cryofans\/\">Cryofans<\/a><\/li>\n<li><a href=\"https:\/\/cryomed.pro\/pt-pt\/equipment\/criosauna-movel\/\">Criosauna m\u00f3vel<\/a><\/li>\n<li><a href=\"https:\/\/cryomed.pro\/pt-pt\/equipment\/crioterapia-equina\/\">Crioterapia equina<\/a><\/li>\n<li><a href=\"https:\/\/cryomed.pro\/pt-pt\/equipment\/equipos-en-stock\/\">Equipos en stock<\/a><\/li>\n<li><a href=\"https:\/\/cryomed.pro\/pt-pt\/equipment\/maquinas-usadas\/\">M\u00e1quinas usadas<\/a><\/li>\n<li><a href=\"https:\/\/cryomed.pro\/pt-pt\/equipment\/tanques-criogenicos\/\">Tanques criog\u00e9nicos<\/a><\/li>\n<\/ul>\n<\/div>\n","protected":false},"excerpt":{"rendered":"<p>All articles on cryotherapy and cryosauna production are collected on this page. If you want to read about the classic cryosauna or cryotherapy&hellip;<\/p>\n","protected":false},"author":1,"featured_media":0,"parent":0,"menu_order":0,"comment_status":"closed","ping_status":"closed","template":"","meta":{"inline_featured_image":false,"footnotes":""},"class_list":["hentry"],"meta_box":[],"_links":{"self":[{"href":"https:\/\/cryomed.pro\/pt-pt\/wp-json\/wp\/v2\/pages\/35409","targetHints":{"allow":["GET"]}}],"collection":[{"href":"https:\/\/cryomed.pro\/pt-pt\/wp-json\/wp\/v2\/pages"}],"about":[{"href":"https:\/\/cryomed.pro\/pt-pt\/wp-json\/wp\/v2\/types\/page"}],"author":[{"embeddable":true,"href":"https:\/\/cryomed.pro\/pt-pt\/wp-json\/wp\/v2\/users\/1"}],"replies":[{"embeddable":true,"href":"https:\/\/cryomed.pro\/pt-pt\/wp-json\/wp\/v2\/comments?post=35409"}],"version-history":[{"count":0,"href":"https:\/\/cryomed.pro\/pt-pt\/wp-json\/wp\/v2\/pages\/35409\/revisions"}],"wp:attachment":[{"href":"https:\/\/cryomed.pro\/pt-pt\/wp-json\/wp\/v2\/media?parent=35409"}],"curies":[{"name":"wp","href":"https:\/\/api.w.org\/{rel}","templated":true}]}}