{"id":35384,"date":"2020-07-08T09:27:24","date_gmt":"2020-07-08T09:27:24","guid":{"rendered":"https:\/\/cryomed.pro\/quality-and-certificates\/"},"modified":"2024-10-29T20:51:05","modified_gmt":"2024-10-29T20:51:05","slug":"quality-and-certificates","status":"publish","type":"page","link":"https:\/\/cryomed.pro\/pt-pt\/about-us\/quality-and-certificates\/","title":{"rendered":"Certifica\u00e7\u00f5es"},"content":{"rendered":"\n\t<div class=\"section section-certificates-loop\">\n\t\t<div class=\"container flex flex-wrap justify-between mb-10 \/flex-col items-center \/space-y-10 \/lg:space-y-20\">\n\n\t\t\t\n\t\t\t\t<article class=\"card card-certificate\">\n\t\t\t\t\t<div class=\"card-media\" data-cursor=\"resize\" data-fancybox data-src=\"https:\/\/cryomed.pro\/wp-content\/uploads\/2023\/12\/CE-Certificate-IceChill-HorseCryo-PetCryo-Oct2026-pdf.jpg\">\n\n\t\t\t\t\t\t<img loading=\"lazy\" decoding=\"async\" width=\"1058\" height=\"1496\" src=\"https:\/\/cryomed.pro\/wp-content\/uploads\/2023\/12\/CE-Certificate-IceChill-HorseCryo-PetCryo-Oct2026-pdf.jpg\" class=\"attachment-full size-full wp-post-image\" alt=\"\" \/>\n\t\t\t\t\t<\/div>\n\n\t\t\t\t\t<div class=\"card-body\" style=\"display: none\">\n\t\t\t\t\t\t<div class=\"card-collapse\">\n\t\t\t\t\t\t\t<input class=\"card-collapse-input\" type=\"checkbox\" id=\"description-34600\" value=\"\">\n\t\t\t\t\t\t\t<label class=\"card-collapse-label\" for=\"description-34600\">Description<\/label>\n\n\t\t\t\t\t\t\t<div class=\"card-collapse-wrapper\" style=\"display: none\">\n\t\t\t\t\t\t\t\t<h2 class=\"card-title\">CE Certificate IceChill HorseCryo PetCryo Oct2026<\/h2>\n\t\t\t\t\t\t\t\t<div class=\"card-text\">\n\t\t\t\t\t\t\t\t\t\t\t\t\t\t\t\t\t<\/div>\n\t\t\t\t\t\t\t<\/div>\n\t\t\t\t\t\t<\/div>\n\n\t\t\t\t\t\t\t\t\t\t\t<\/div>\n\t\t\t\t<\/article>\n\n\t\t\t\t\n\t\t\t\t<article class=\"card card-certificate\">\n\t\t\t\t\t<div class=\"card-media\" data-cursor=\"resize\" data-fancybox data-src=\"https:\/\/cryomed.pro\/wp-content\/uploads\/2023\/12\/CE-Certificate-Cryomed-Pro-One-Dec2026-pdf.jpg\">\n\n\t\t\t\t\t\t<img loading=\"lazy\" decoding=\"async\" width=\"1058\" height=\"1496\" src=\"https:\/\/cryomed.pro\/wp-content\/uploads\/2023\/12\/CE-Certificate-Cryomed-Pro-One-Dec2026-pdf.jpg\" class=\"attachment-full size-full wp-post-image\" alt=\"\" \/>\n\t\t\t\t\t<\/div>\n\n\t\t\t\t\t<div class=\"card-body\" style=\"display: none\">\n\t\t\t\t\t\t<div class=\"card-collapse\">\n\t\t\t\t\t\t\t<input class=\"card-collapse-input\" type=\"checkbox\" id=\"description-34597\" value=\"\">\n\t\t\t\t\t\t\t<label class=\"card-collapse-label\" for=\"description-34597\">Description<\/label>\n\n\t\t\t\t\t\t\t<div class=\"card-collapse-wrapper\" style=\"display: none\">\n\t\t\t\t\t\t\t\t<h2 class=\"card-title\">CE-Certificate-Cryomed-Pro-One-Dec2026<\/h2>\n\t\t\t\t\t\t\t\t<div class=\"card-text\">\n\t\t\t\t\t\t\t\t\t\t\t\t\t\t\t\t\t<\/div>\n\t\t\t\t\t\t\t<\/div>\n\t\t\t\t\t\t<\/div>\n\n\t\t\t\t\t\t\t\t\t\t\t<\/div>\n\t\t\t\t<\/article>\n\n\t\t\t\t\n\t\t\t\t<article class=\"card card-certificate\">\n\t\t\t\t\t<div class=\"card-media\" data-cursor=\"resize\" data-fancybox data-src=\"https:\/\/cryomed.pro\/wp-content\/uploads\/2023\/12\/CE-Certificate-CF-04-Nov2025-pdf.jpg\">\n\n\t\t\t\t\t\t<img loading=\"lazy\" decoding=\"async\" width=\"1058\" height=\"1496\" src=\"https:\/\/cryomed.pro\/wp-content\/uploads\/2023\/12\/CE-Certificate-CF-04-Nov2025-pdf.jpg\" class=\"attachment-full size-full wp-post-image\" alt=\"\" \/>\n\t\t\t\t\t<\/div>\n\n\t\t\t\t\t<div class=\"card-body\" style=\"display: none\">\n\t\t\t\t\t\t<div class=\"card-collapse\">\n\t\t\t\t\t\t\t<input class=\"card-collapse-input\" type=\"checkbox\" id=\"description-34574\" value=\"\">\n\t\t\t\t\t\t\t<label class=\"card-collapse-label\" for=\"description-34574\">Description<\/label>\n\n\t\t\t\t\t\t\t<div class=\"card-collapse-wrapper\" style=\"display: none\">\n\t\t\t\t\t\t\t\t<h2 class=\"card-title\">CE Certificate CF-04 Nov2025<\/h2>\n\t\t\t\t\t\t\t\t<div class=\"card-text\">\n\t\t\t\t\t\t\t\t\t\t\t\t\t\t\t\t\t<\/div>\n\t\t\t\t\t\t\t<\/div>\n\t\t\t\t\t\t<\/div>\n\n\t\t\t\t\t\t\t\t\t\t\t<\/div>\n\t\t\t\t<\/article>\n\n\t\t\t\t\n\t\t\t\t<article class=\"card card-certificate\">\n\t\t\t\t\t<div class=\"card-media\" data-cursor=\"resize\" data-fancybox data-src=\"https:\/\/cryomed.pro\/wp-content\/uploads\/2023\/12\/CE-Certificate-Basic-Mini-Jun2025-pdf.jpg\">\n\n\t\t\t\t\t\t<img loading=\"lazy\" decoding=\"async\" width=\"1058\" height=\"1496\" src=\"https:\/\/cryomed.pro\/wp-content\/uploads\/2023\/12\/CE-Certificate-Basic-Mini-Jun2025-pdf.jpg\" class=\"attachment-full size-full wp-post-image\" alt=\"\" \/>\n\t\t\t\t\t<\/div>\n\n\t\t\t\t\t<div class=\"card-body\" style=\"display: none\">\n\t\t\t\t\t\t<div class=\"card-collapse\">\n\t\t\t\t\t\t\t<input class=\"card-collapse-input\" type=\"checkbox\" id=\"description-34531\" value=\"\">\n\t\t\t\t\t\t\t<label class=\"card-collapse-label\" for=\"description-34531\">Description<\/label>\n\n\t\t\t\t\t\t\t<div class=\"card-collapse-wrapper\" style=\"display: none\">\n\t\t\t\t\t\t\t\t<h2 class=\"card-title\">CE Certificate Basic Mini Jun2025<\/h2>\n\t\t\t\t\t\t\t\t<div class=\"card-text\">\n\t\t\t\t\t\t\t\t\t\t\t\t\t\t\t\t\t<\/div>\n\t\t\t\t\t\t\t<\/div>\n\t\t\t\t\t\t<\/div>\n\n\t\t\t\t\t\t\t\t\t\t\t<\/div>\n\t\t\t\t<\/article>\n\n\t\t\t\t\n\t\t<\/div>\n\n        <div class=\"container\" style=\"text-align: justify\">\n            <p>Este certificado atesta que os equipamentos da Cryomed est\u00e3o em conformidade com os padr\u00f5es de sa\u00fade, seguran\u00e7a e prote\u00e7\u00e3o ambiental aprovados pela Uni\u00e3o Europeia. No nosso caso, n\u00e3o se trata de uma autocertifica\u00e7\u00e3o, mas sim de um certificado emitido por um organismo notificado com base nos resultados dos testes. Nosso certificado tamb\u00e9m lista as diretivas CE aplic\u00e1veis.<\/p>\n            <p>O Certificado de Conformidade \u00e9 acompanhado de marca\u00e7\u00e3o CE obrigat\u00f3ria.<\/p>\n        <\/div>\n\t<\/div>\n\n\t\n","protected":false},"excerpt":{"rendered":"<p>Our factory works according to quality system management ISO 13485. All our products are CE certified.<\/p>\n","protected":false},"author":1,"featured_media":12252,"parent":35412,"menu_order":2,"comment_status":"closed","ping_status":"closed","template":"","meta":{"inline_featured_image":false,"footnotes":""},"class_list":["hentry","has-post-thumbnail"],"meta_box":[],"_links":{"self":[{"href":"https:\/\/cryomed.pro\/pt-pt\/wp-json\/wp\/v2\/pages\/35384","targetHints":{"allow":["GET"]}}],"collection":[{"href":"https:\/\/cryomed.pro\/pt-pt\/wp-json\/wp\/v2\/pages"}],"about":[{"href":"https:\/\/cryomed.pro\/pt-pt\/wp-json\/wp\/v2\/types\/page"}],"author":[{"embeddable":true,"href":"https:\/\/cryomed.pro\/pt-pt\/wp-json\/wp\/v2\/users\/1"}],"replies":[{"embeddable":true,"href":"https:\/\/cryomed.pro\/pt-pt\/wp-json\/wp\/v2\/comments?post=35384"}],"version-history":[{"count":0,"href":"https:\/\/cryomed.pro\/pt-pt\/wp-json\/wp\/v2\/pages\/35384\/revisions"}],"up":[{"embeddable":true,"href":"https:\/\/cryomed.pro\/pt-pt\/wp-json\/wp\/v2\/pages\/35412"}],"wp:featuredmedia":[{"embeddable":true,"href":"https:\/\/cryomed.pro\/pt-pt\/wp-json\/wp\/v2\/media\/12252"}],"wp:attachment":[{"href":"https:\/\/cryomed.pro\/pt-pt\/wp-json\/wp\/v2\/media?parent=35384"}],"curies":[{"name":"wp","href":"https:\/\/api.w.org\/{rel}","templated":true}]}}