{"id":35372,"date":"2020-07-30T08:16:05","date_gmt":"2020-07-30T08:16:05","guid":{"rendered":"https:\/\/cryomed.pro\/business\/services\/support\/"},"modified":"2024-02-28T02:17:43","modified_gmt":"2024-02-28T02:17:43","slug":"support","status":"publish","type":"page","link":"https:\/\/cryomed.pro\/pt-pt\/business\/servicos\/support\/","title":{"rendered":"Apoio"},"content":{"rendered":"\n<h2 class=\"wp-block-heading\">Maintenance And Technical Support <br>For Your Cryogenic Equipment<\/h2>\n\n\n\n<p>Our specialists are always ready to consult you on any operational issues related to your cryotherapy devices.<\/p>\n\n\n\n<ul class=\"wp-block-list\"><li>Cryomed provides a 3-year warranty for the Cryomed One, Cryomed Pro, Cryomed Pro+ and Cryomed One+ cryotherapy chambers and a 2-year warranty for the Cryomed Mini and Cryomed Basic models.<\/li><li>The warranty for each cryo device covers replacement parts.<\/li><li>We also provide a post-warranty cryosauna service for an additional fee.<\/li><li>Using the post-warranty cryotherapy service, you can <ul><li>a) opt for a yearly technical support subscription.<\/li><li>b) or pay per hour, as well as.<\/li><li>c) choose a technician\u2019s visit for repair and maintenance.<\/li><\/ul><\/li><li>Post-warranty service is also available for cryosauna firmware updates.<\/li><\/ul>\n\n\n\n<figure class=\"wp-block-image alignfull size-1920x800 is-style-default\"><img loading=\"lazy\" decoding=\"async\" width=\"1920\" height=\"800\" src=\"\/wp-content\/uploads\/2020\/09\/s-o-c-i-a-l-c-u-t-kAyZO7V9MUs-unsplash-1920x800.jpg\" alt=\"Cryotherapy technician and support for installation, maintenance and post-warranty service of cryotherapy devices\" class=\"wp-image-1233\" title=\"Cryotherapy technician and support for installation, maintenance and post-warranty service of cryotherapy devices\" \/><figcaption><strong><mark style=\"background-color:#202d55\" class=\"has-inline-color has-light-color\">How much does cryotherapy maintenance cost? Take advantage of our cryo support and full warranty and post-warranty service.<\/mark><\/strong><\/figcaption><\/figure>\n\n\n\n<p class=\"mt-4\">Other&nbsp;<a title=\"cryotherapy business services\" href=\"https:\/\/cryomed.pro\/pt-pt\/business\/servicos\/\">cryotherapy business services<\/a>:<\/p>\n\n\n\n<ul class=\"wp-block-list\"><li><a title=\"Cryosaunas Marketing\" href=\"https:\/\/cryomed.pro\/pt-pt\/business\/servicos\/marketing\/\">Cryosaunas Marketing<\/a><\/li><li><a title=\"Cryosaunas Delivery\" href=\"https:\/\/cryomed.pro\/business\/services\/installation\/\">Cryosaunas Delivery<\/a><\/li><li><a title=\"Cryosaunas Installation\" href=\"https:\/\/cryomed.pro\/business\/services\/installation\/\">Cryosaunas Installation<\/a><\/li><li><a href=\"https:\/\/cryomed.pro\/business\/services\/installation\/\"><\/a><a title=\"Cryosaunas Technician Training\" href=\"https:\/\/cryomed.pro\/pt-pt\/business\/servicos\/training\/\">Cryosaunas Technician Training<\/a><\/li><\/ul>\n","protected":false},"excerpt":{"rendered":"<p>Os nossos especialistas est\u00e3o sempre prontos a ajud\u00e1-lo sobre qualquer quest\u00e3o operacional.<\/p>\n","protected":false},"author":1,"featured_media":0,"parent":35367,"menu_order":2,"comment_status":"closed","ping_status":"closed","template":"","meta":{"inline_featured_image":false,"footnotes":""},"class_list":["hentry"],"meta_box":[],"_links":{"self":[{"href":"https:\/\/cryomed.pro\/pt-pt\/wp-json\/wp\/v2\/pages\/35372","targetHints":{"allow":["GET"]}}],"collection":[{"href":"https:\/\/cryomed.pro\/pt-pt\/wp-json\/wp\/v2\/pages"}],"about":[{"href":"https:\/\/cryomed.pro\/pt-pt\/wp-json\/wp\/v2\/types\/page"}],"author":[{"embeddable":true,"href":"https:\/\/cryomed.pro\/pt-pt\/wp-json\/wp\/v2\/users\/1"}],"replies":[{"embeddable":true,"href":"https:\/\/cryomed.pro\/pt-pt\/wp-json\/wp\/v2\/comments?post=35372"}],"version-history":[{"count":0,"href":"https:\/\/cryomed.pro\/pt-pt\/wp-json\/wp\/v2\/pages\/35372\/revisions"}],"up":[{"embeddable":true,"href":"https:\/\/cryomed.pro\/pt-pt\/wp-json\/wp\/v2\/pages\/35367"}],"wp:attachment":[{"href":"https:\/\/cryomed.pro\/pt-pt\/wp-json\/wp\/v2\/media?parent=35372"}],"curies":[{"name":"wp","href":"https:\/\/api.w.org\/{rel}","templated":true}]}}