{"id":35352,"date":"2020-08-07T14:28:24","date_gmt":"2020-08-07T14:28:24","guid":{"rendered":"https:\/\/cryomed.pro\/cryotherapy\/"},"modified":"2025-07-02T00:41:00","modified_gmt":"2025-07-02T00:41:00","slug":"crioterapia","status":"publish","type":"page","link":"https:\/\/cryomed.pro\/pt-pt\/crioterapia\/","title":{"rendered":"Crioterapia"},"content":{"rendered":"\n<div class=\"wp-block-group alignfull wp-block-group-benefits-of-cryotherapy\"><div class=\"wp-block-group__inner-container is-layout-flow wp-block-group-is-layout-flow\">\n<h2 class=\"wp-block-heading\"><strong>Benef\u00edcios da crioterapia<\/strong><\/h2>\n\n\n\n<p>Os efeitos positivos da crioterapia n\u00e3o poderiam ser ignorados. Hoje, milh\u00f5es de pessoas em todo o mundo podem experimentar as incr\u00edveis capacidades revitalizantes da crioterapia em criocentros, cl\u00ednicas, sal\u00f5es de bem-estar e spa, e outras institui\u00e7\u00f5es de tratamento e reabilita\u00e7\u00e3o.<\/p>\n\n\n\n<figure class=\"wp-block-table is-style-regular\"><table class=\"has-fixed-layout\"><tbody><tr><td>Al\u00edvio da dor e cura muscular<\/td><td>Inflama\u00e7\u00e3o reduzida<\/td><\/tr><tr><td>Melhorar os sintomas de eczema <br>e outras doen\u00e7as de pele <br>(acne, psor\u00edase, etc.)<\/td><td>Estimula\u00e7\u00e3o do sistema imunol\u00f3gico<\/td><\/tr><tr><td>Reduzir ansiedade e depress\u00e3o<\/td><td>Melhorar os dist\u00farbios do sono<\/td><\/tr><tr><td>Efeito anti envelhecimento e perda de peso<\/td><td>E muitos outros<\/td><\/tr><\/tbody><\/table><figcaption class=\"wp-element-caption\">Os 8 principais benef\u00edcios ineg\u00e1veis da crioterapia para todos<\/figcaption><\/figure>\n\n\n\n<p><\/p>\n<\/div><\/div>\n\n\n\n<div class=\"wp-block-group alignfull wp-block-group-media-text\"><div class=\"wp-block-group__inner-container is-layout-flow wp-block-group-is-layout-flow\">\n<div class=\"wp-block-columns alignwide is-layout-flex wp-container-core-columns-is-layout-9d6595d7 wp-block-columns-is-layout-flex\">\n<div class=\"wp-block-column is-layout-flow wp-block-column-is-layout-flow\">\n<figure class=\"wp-block-image size-large\"><img loading=\"lazy\" decoding=\"async\" width=\"540\" height=\"540\" src=\"\/wp-content\/uploads\/2021\/06\/Frame-11.png\" alt=\"Cryotherapy\" class=\"wp-image-5833\" title=\"Cryotherapy\" srcset=\"https:\/\/cryomed.pro\/wp-content\/uploads\/2021\/06\/Frame-11.png 540w, https:\/\/cryomed.pro\/wp-content\/uploads\/2021\/06\/Frame-11-300x300.png 300w, https:\/\/cryomed.pro\/wp-content\/uploads\/2021\/06\/Frame-11-150x150.png 150w, https:\/\/cryomed.pro\/wp-content\/uploads\/2021\/06\/Frame-11-100x100.png 100w, https:\/\/cryomed.pro\/wp-content\/uploads\/2021\/06\/Frame-11-160x160.png 160w, https:\/\/cryomed.pro\/wp-content\/uploads\/2021\/06\/Frame-11-340x340.png 340w\" sizes=\"auto, (max-width: 540px) 100vw, 540px\" \/><figcaption class=\"wp-element-caption\">Quais s\u00e3o as vantagens da crioterapia <br>de corpo inteiro e local?<\/figcaption><\/figure>\n<\/div>\n\n\n\n<div class=\"wp-block-column is-layout-flow wp-block-column-is-layout-flow\">\n<h2 class=\"wp-block-heading\"><a href=\"https:\/\/cryomed.pro\/pt-pt\/crioterapia\/corpo-inteiro\/\">Crioterapia de corpo<\/a> <strong>inteiro e local<\/strong><\/h2>\n\n\n\n<p>Dependendo de suas necessidades, pode usar <a href=\"https:\/\/cryomed.pro\/pt-pt\/crioterapia\/corpo-inteiro\/\" data-type=\"URL\" data-id=\"\/cryotherapy\/full-body-cryotherapy\/\">crioterapia de corpo inteiro<\/a> ou <a href=\"https:\/\/cryomed.pro\/pt-pt\/crioterapia\/localizada\/\" data-type=\"URL\" data-id=\"\/cryotherapy\/local\/\">local<\/a>.<\/p>\n\n\n\n<p>A principal diferen\u00e7a entre eles \u00e9 que durante as sess\u00f5es <a href=\"https:\/\/cryomed.pro\/pt-pt\/crioterapia\/corpo-inteiro\/\" data-type=\"URL\" data-id=\"\/cryotherapy\/full-body-cryotherapy\/\">de crioterapia de corpo inteiro<\/a> todo o corpo do paciente (exceto a cabe\u00e7a, falando em criosauna) \u00e9 afetado por temperaturas extremamente frias. O conceito de crioterapia local baseia-se na aplica\u00e7\u00e3o de temperaturas extremamente baixas, num curto espa\u00e7o de tempo, numa \u00e1rea espec\u00edfica do corpo do paciente (por exemplo, rosto, joelho ou cotovelo).<\/p>\n\n\n\n<p>Tanto no corpo inteiro quanto na crioterapia local funciona como redutor da sensibilidade dos receptores da pele e da condutividade das fibras nervosas, resultando em um efeito anest\u00e9sico percept\u00edvel; ao mesmo tempo melhora a circula\u00e7\u00e3o sangu\u00ednea e a oxigena\u00e7\u00e3o.<\/p>\n<\/div>\n<\/div>\n<\/div><\/div>\n\n\n\n<div class=\"wp-block-group alignfull wp-block-group-media-text wp-block-group-media-text--reverse\"><div class=\"wp-block-group__inner-container is-layout-flow wp-block-group-is-layout-flow\">\n<div class=\"wp-block-columns alignwide is-layout-flex wp-container-core-columns-is-layout-9d6595d7 wp-block-columns-is-layout-flex\">\n<div class=\"wp-block-column is-layout-flow wp-block-column-is-layout-flow\">\n<h2 class=\"wp-block-heading\"><strong>Ind\u00fastrias criog\u00eanicas<\/strong><\/h2>\n\n\n\n<p>Existem 3 alvos principais de pessoas que se beneficiam da crioterapia:<\/p>\n\n\n\n<p>Em primeiro lugar, s\u00e3o atletas, mas tamb\u00e9m profissionais de fitness. <a href=\"https:\/\/cryomed.pro\/pt-pt\/crioterapia\/in-sport\/\" data-type=\"URL\" data-id=\"\/cryotherapy\/in-sport\/\">A crioterapia desportiva<\/a> estabeleceu firmemente a sua posi\u00e7\u00e3o entre os elementos indispens\u00e1veis da medicina desportiva. Este equipamento \u00e9 utilizado tanto para tratar traumas imediatamente ap\u00f3s as partidas quanto para longos per\u00edodos de recupera\u00e7\u00e3o e reabilita\u00e7\u00e3o entre partidas e at\u00e9 temporadas.<\/p>\n\n\n\n<p>O segundo grupo de interesse s\u00e3o os <a href=\"https:\/\/cryomed.pro\/pt-pt\/crioterapia\/in-medicine\/\" data-type=\"URL\" data-id=\"\/cryotherapy\/in-medicine\/\">centros m\u00e9dicos<\/a>. Cryosauna representa uma solu\u00e7\u00e3o ergon\u00f4mica e eficaz ideal para hospitais, centros ortop\u00e9dicos, reumatol\u00f3gicos ou de reabilita\u00e7\u00e3o.<\/p>\n\n\n\n<p>E o \u00faltimo \u2013 crioterapia e <a href=\"https:\/\/cryomed.pro\/pt-pt\/crioterapia\/in-beauty\/\" data-type=\"URL\" data-id=\"\/cryotherapy\/in-beauty\/\">centros de beleza<\/a>. Pessoas interessadas em anti envelhecimento, perda de peso, tratamentos para acne, redu\u00e7\u00e3o da fadiga e outros \u201cefeitos colaterais\u201d agrad\u00e1veis da crioterapia.<\/p>\n<\/div>\n\n\n\n<div class=\"wp-block-column is-layout-flow wp-block-column-is-layout-flow\">\n<figure class=\"wp-block-image size-large\"><img loading=\"lazy\" decoding=\"async\" width=\"540\" height=\"540\" src=\"\/wp-content\/uploads\/2021\/06\/Frame-11-2.png\" alt=\"Cryotherapy benefits\" class=\"wp-image-5852\" title=\"Cryotherapy benefits\" srcset=\"https:\/\/cryomed.pro\/wp-content\/uploads\/2021\/06\/Frame-11-2.png 540w, https:\/\/cryomed.pro\/wp-content\/uploads\/2021\/06\/Frame-11-2-300x300.png 300w, https:\/\/cryomed.pro\/wp-content\/uploads\/2021\/06\/Frame-11-2-150x150.png 150w, https:\/\/cryomed.pro\/wp-content\/uploads\/2021\/06\/Frame-11-2-100x100.png 100w, https:\/\/cryomed.pro\/wp-content\/uploads\/2021\/06\/Frame-11-2-160x160.png 160w, https:\/\/cryomed.pro\/wp-content\/uploads\/2021\/06\/Frame-11-2-340x340.png 340w\" sizes=\"auto, (max-width: 540px) 100vw, 540px\" \/><figcaption class=\"wp-element-caption\">Quais ind\u00fastrias preferem a crioterapia como servi\u00e7o devido aos seus benef\u00edcios ineg\u00e1veis?<\/figcaption><\/figure>\n<\/div>\n<\/div>\n<\/div><\/div>\n\n\n\n<aside class=\"section section-cta\">\n\t<div class=\"xl:container\">\n\t\t<div class=\"card\">\n\n\t\t\t\n<div class=\"cp-glass cp-glass--primary\">\n\n\t<img loading=\"lazy\" decoding=\"async\" width=\"1920\" height=\"1280\" class=\"js-parallax\" src=\"https:\/\/cryomed.pro\/wp-content\/themes\/cryomed\/resources\/img\/1920x1280\/1.jpg\" alt=\"Crioterapia - photo\" title=\"Crioterapia\" \/>\n\t\t\t<div class=\"cp-glass-backdrop\"><\/div>\n\t<\/div>\n\n\t\t\t<div class=\"card__body\">\n\t\t\t\t<p class=\"card__title\">Compre ao l\u00edder de mercado com o maior n\u00famero de dispositivos de crioterapia vendidos em todo o mundo<\/p>\n\t\t\t\t<div class=\"flex flex-col flex-wrap items-center justify-center space-y-6 md:flex-row md:space-y-0 md:space-x-6 mt-10\">\n\n\t\t\t\t\t\n\t<button class=\"btn btn--large btn--white w-full md:w-auto\"\n\t\tdata-toggle=\"modal\"\n\t\tdata-type=\"contact-us\"\n\t\tdata-find=\"#modal-pills-price-tab\"\n\t\t>\n\n\t\tPedir cota\u00e7\u00e3o\t<\/button>\n\n\t\n\t<button class=\"btn btn--large btn--white w-full md:w-auto\"\n\t\tdata-toggle=\"modal\"\n\t\tdata-type=\"contact-us\"\n\t\tdata-find=\"#modal-pills-distributor-tab\"\n\t\t>\n\n\t\tTorne-se um distribuidor\t<\/button>\n\n\t\n\t\t\t\t<\/div>\n\t\t\t<\/div>\n\t\t<\/div>\n\t<\/div>\n<\/aside>\n\n\n","protected":false},"excerpt":{"rendered":"<p>A \u0441rioterapia de corpo inteiro \u00e9 uma t\u00e9cnica que consiste em expor o corpo a temperaturas extremamente baixas, de -110 \u00b0C a -190 \u00b0C, durante 1 a 3 minutos.<\/p>\n","protected":false},"author":1,"featured_media":12182,"parent":0,"menu_order":0,"comment_status":"closed","ping_status":"closed","template":"","meta":{"inline_featured_image":false,"footnotes":""},"class_list":["hentry","has-post-thumbnail"],"meta_box":[],"_links":{"self":[{"href":"https:\/\/cryomed.pro\/pt-pt\/wp-json\/wp\/v2\/pages\/35352","targetHints":{"allow":["GET"]}}],"collection":[{"href":"https:\/\/cryomed.pro\/pt-pt\/wp-json\/wp\/v2\/pages"}],"about":[{"href":"https:\/\/cryomed.pro\/pt-pt\/wp-json\/wp\/v2\/types\/page"}],"author":[{"embeddable":true,"href":"https:\/\/cryomed.pro\/pt-pt\/wp-json\/wp\/v2\/users\/1"}],"replies":[{"embeddable":true,"href":"https:\/\/cryomed.pro\/pt-pt\/wp-json\/wp\/v2\/comments?post=35352"}],"version-history":[{"count":2,"href":"https:\/\/cryomed.pro\/pt-pt\/wp-json\/wp\/v2\/pages\/35352\/revisions"}],"predecessor-version":[{"id":107372,"href":"https:\/\/cryomed.pro\/pt-pt\/wp-json\/wp\/v2\/pages\/35352\/revisions\/107372"}],"wp:featuredmedia":[{"embeddable":true,"href":"https:\/\/cryomed.pro\/pt-pt\/wp-json\/wp\/v2\/media\/12182"}],"wp:attachment":[{"href":"https:\/\/cryomed.pro\/pt-pt\/wp-json\/wp\/v2\/media?parent=35352"}],"curies":[{"name":"wp","href":"https:\/\/api.w.org\/{rel}","templated":true}]}}