{"id":43840,"date":"2023-12-17T13:24:13","date_gmt":"2023-12-17T13:24:13","guid":{"rendered":"https:\/\/cryomed.pro\/equipment\/uncategorized\/cryomed-cf-04-equine\/"},"modified":"2024-10-15T02:16:09","modified_gmt":"2024-10-15T02:16:09","slug":"cryomed-cf-04-equine","status":"publish","type":"product","link":"https:\/\/cryomed.pro\/pl\/equipment\/cryosaunas\/cryomed-cf-04-equine\/","title":{"rendered":"Cryomed CF-04 Equine"},"content":{"rendered":"\n<div class=\"hero hero-product-promo\">\n\t<div class=\"container\">\n\t\t<div class=\"hero-head\">\n\t\t\t\t\t\t\t<h1 class=\"hero-title\">Cryomed CF-04 Equine<\/h1>\t\t\t\n\t\t\t\t\t\t\t<p class=\"hero-lead\">Aparat do krioterapii miejscowej dla koni<\/p>\n\t\t\t\n\t\t\t\t\t<\/div>\n\t<\/div>\n\n\t<figure class=\"hero-media\" >\n\t\t<div class=\"px-4 flex justify-center\">\n<!--\t\t\t<img decoding=\"async\" src=\"--><!--\" title=\"--><!--\" alt=\"--><!--\">-->\n\t\t\t<img decoding=\"async\" src=\"https:\/\/cryomed.pro\/wp-content\/themes\/cryomed\/inc\/shortcodes\/products\/cryomed-cf-04-equine\/assets\/img-hero_2.jpg\" title=\"\" alt=\" - photo\">\n\t\t<\/div>\n\t<\/figure>\n\n\t\t\t<div class=\"container\">\n\t\t\t<div class=\"hero-body\">\n\t\t\t\t\n \t\t<p>Treningi i zawody je\u017adzieckie cz\u0119sto wi\u0105\u017c\u0105 si\u0119 ze znacznym wysi\u0142kiem, drobnymi urazami, naderwaniami, st\u0142uczeniami lub uszkodzeniami. Krioterapia punktowa pokazuje natychmiastowe rezultaty poprzez ograniczenie obrz\u0119ku, zmniejszenie stanu zapalnego i \u0142agodzenie b\u00f3lu w miejscu urazu. Stany przewlek\u0142e, takie jak ochwat, zapalenie wi\u0119zade\u0142 i \u015bci\u0119gien, zapalenie staw\u00f3w i inne, mog\u0105 r\u00f3wnie\u017c znacznie si\u0119 poprawi\u0107 dzi\u0119ki regularnym sesjom krioterapii miejscowej.<\/p>\n\t\t<h2>Co to jest Cryomed CF-04<br \/> Equine i jak dzia\u0142a? <\/h2>\n\t\t<p>Cryomed CF-04 Equine to urz\u0105dzenie sk\u0142adaj\u0105ce si\u0119 z izolowanego naczynia Dewara na ciek\u0142y azot i w\u0119\u017ca z ko\u0144c\u00f3wk\u0105 dyszy, kt\u00f3ra dostarcza sch\u0142odzony strumie\u0144 powietrza zmieszany z parami azotu do miejsca urazu, aby szybko i skutecznie je sch\u0142odzi\u0107. Temperatura pracy urz\u0105dzenia wynosi od -100\u2070C do -120\u2070C. Czas sesji nie przekracza 5 minut. <\/p>\n\t\t<p>Cryomed CF-04 Equine jest niezwykle \u0142atwy w obs\u0142udze. Wszystko, czego potrzebujesz, to uruchomi\u0107 dop\u0142yw azotu i skierowa\u0107 zimny strumie\u0144 na dotkni\u0119ty obszar.<\/p>\n\n\t\t\t\t\t<\/div>\n\t\t<\/div>\n\t<\/div>\n\n<section class=\"section section-safe\">\n\t<div class=\"container\">\n\t\t<div class=\"grid lg:grid-cols-2 lg:gap-20\">\n            <div class=\"col-span-1\">\n                <header class=\"section__header mb-10\">\n    \t\t\t\t<h2>Zalety aparatu do krioterapii miejscowej dla koni<\/h2>\n    \t\t\t<\/header>\n            <\/div>\n\n            <div class=\"col-span-1\">\n                <div class=\"section__body\">\n\t\t\t\t\t<ul class=\"px-6\">\n                        <li>\u0141atwe i wygodne w obs\u0142udze<\/li>\n                        <li>Solidna i mobilna konstrukcja<\/li>\n                        <li>Niski poziom ha\u0142asu dla maksymalnego komfortu zwierz\u0119cia<\/li>\n                        <li>Ekonomiczne, ze zu\u017cyciem ciek\u0142ego azotu poni\u017cej&nbsp;0,75&nbsp;l\/min<\/li>\n                        <li>Gotowe do pracy w mniej ni\u017c 4 minuty<\/li>\n                        <li>Kompatybilne z naczyniami Dewara o pojemno\u015bci 10, 35 i 50 litr\u00f3w<\/li>\n                        <li>Wyprodukowano w UE<\/li>\n                    <\/ul>\n    \t\t\t<\/div>\n            <\/div>\n\t\t<\/div>\n\t<\/div>\n<\/section>\n\n<div class=\"section section-text-1\">\n    <div class=\"container\">\n        <div class=\"-mx-4\">\n            <div class=\"bg-light px-6 py-20 lg:py-40 sm:mx-4\">\n                <div class=\"section-text__body mx-auto\" style=\"max-width: 920px\">\n                    <p>Krioterapia miejscowa z Cryomed CF-04 Equine  i sesje w kriosaunie dla koni uzupe\u0142niaj\u0105 si\u0119 i wzmacniaj\u0105 wzajemnie. Krioterapia ca\u0142ego cia\u0142a wywo\u0142uje og\u00f3lnoustrojow\u0105 reakcj\u0119 organizmu, poprawiaj\u0105c og\u00f3lne samopoczucie, odporno\u015b\u0107 i poziom energii, podczas gdy sesje krioterapii miejscowej pozwalaj\u0105 skupi\u0107 si\u0119 na konkretnych obszarach.<\/p>\n                <\/div>\n            <\/div>\n        <\/div>\n\n    <\/div>\n<\/div>\n\n<section class=\"section section-gallery\">\n    <div class=\"container\">\n        <div class=\"grid grid-cols-2 gap-4 lg:gap-x-20 lg:gap-y-14\" style=\"text-align: justify\">\n            <div class=\"col-span-2 lg:col-span-1\">\n                <p>Cryomed CF-04 Equine to niezawodna i szybko zwracaj\u0105ca si\u0119 inwestycja. Niezale\u017cnie od tego, czy jeste\u015b entuzjast\u0105 je\u017adziectwa, w\u0142a\u015bcicielem stadniny, stajni, kliniki weterynaryjnej czy biznesu krioterapeutycznego, skorzystasz z posiadania tego urz\u0105dzenia pod r\u0119k\u0105. Jego przyst\u0119pna cena i wysoka efektywno\u015b\u0107 kosztowa zapewniaj\u0105 kilkumiesi\u0119czny okres zwrotu.            <\/div>\n            <div class=\"col-span-2 lg:col-span-1\">\n                <p>Wprowadzenie zabieg\u00f3w z u\u017cyciem ekstremalnego zimna do rutyny opieki zdrowotnej koni zapewnia szybsze gojenie i regeneracj\u0119 oraz d\u0142ugotrwa\u0142\u0105 popraw\u0119 wydajno\u015bci. Dla w\u0142a\u015bcicieli koni, sesje miejscowej krioterapii s\u0105 doskona\u0142ym narz\u0119dziem zapobiegania chorobom, a tym samym unikni\u0119cia kosztownych wizyt u lekarza weterynarii.            <\/div>\n        <\/div>\n    <\/div>\n<\/section>\n\n<section class=\"section secton-faq\" style=\"text-align: justify\">\n\t<div class=\"container relative pb-24 xl:pb-0\">\n    <div class=\"grid grid-cols-1 xl:grid-cols-2 gap-10 xl:gap-20\">\n      <div class=\"col-span-1\">\n        <header class=\"section__header\">\n          <h2 class=\"section__title text-navy\">FAQ<\/h2><\/header>\n      <\/div>\n      <div class=\"col-span-1\">\n        <div x-data=\"dataAccordion()\" x-init=\"init\" class=\"cp-accordion\">\n          <div class=\"cp-accordion__item\" data-node=\"item\">\n            <h5 class=\"cp-accordion__title\"><button class=\"cp-accordion__button is-active\" data-node=\"button\">Czy potrzebuj\u0119 licencji do obs\u0142ugi aparatu do krioterapii miejscowej dla koni Cryomed CF-04 Equine?  <span class=\"cp-accordion__button-toggle\" data-node=\"toggle\"><\/span><\/button><\/h5>\n            <div class=\"cp-accordion__collapse is-active\" data-node=\"collapse\">\n              <div class=\"cp-accordion__body\">\n                <div class=\"cp-accordion__text\">\n                  <p>Cryomed CF-04 Equine dla koni to niezwykle proste urz\u0105dzenie, kt\u00f3re nie wymaga specjalnego pozwolenia ani licencji do obs\u0142ugi. Szkolenie trwa do jednej godziny i obejmuje wytyczne dotycz\u0105ce podstawowych \u015brodk\u00f3w bezpiecze\u0144stwa przy pracy z ciek\u0142ym azotem.<\/p>\n                <\/div>\n\t\t\t   <\/div>\n            <\/div>\n          <\/div>\n          <div class=\"cp-accordion__item\" data-node=\"item\">\n            <h5 class=\"cp-accordion__title\"><button class=\"cp-accordion__button\" data-node=\"button\">Kiedy powinienem zastosowa\u0107 krioterapi\u0119 miejscow\u0105?  <span class=\"cp-accordion__button-toggle\" data-node=\"toggle\"><\/span><\/button><\/h5>\n            <div class=\"cp-accordion__collapse\" data-node=\"collapse\">\n              <div class=\"cp-accordion__body\">\n                <div class=\"cp-accordion__text\">\n                  <p>Gdy tw\u00f3j ko\u0144 dozna\u0142 urazu, generalnie jest bardziej skuteczne, je\u015bli zastosujesz krioterapi\u0119 w ci\u0105gu 48 godzin po wyst\u0105pieniu urazu. Jednak pozytywne wyniki odnotowano nawet wtedy, gdy krioterapia punktowa by\u0142a stosowana po d\u0142u\u017cszym czasie. Upewnij si\u0119, \u017ce zapozna\u0142e\u015b si\u0119 z instrukcj\u0105 do\u0142\u0105czon\u0105 do ka\u017cdego urz\u0105dzenia do krioterapii miejscowej, aby pozna\u0107 najlepsze protoko\u0142y.<\/p>\n                <\/div>\n\t\t\t  <\/div>\n            <\/div>\n          <\/div>\n          <div class=\"cp-accordion__item\" data-node=\"item\">\n            <h5 class=\"cp-accordion__title\"><button class=\"cp-accordion__button\" data-node=\"button\">Czy s\u0105 jakie\u015b szczeg\u00f3lne wzgl\u0119dy dotycz\u0105ce krioterapii koni?<span class=\"cp-accordion__button-toggle\" data-node=\"toggle\"><\/span><\/button><\/h5>\n            <div class=\"cp-accordion__collapse\" data-node=\"collapse\">\n              <div class=\"cp-accordion__body\">\n                <div class=\"cp-accordion__text\">\n                  <p>Uszkodzenie tkanki mo\u017ce wyst\u0105pi\u0107, je\u015bli czas sesji krioterapii zostanie przekroczony lub przerwy mi\u0119dzy zabiegami zimnem s\u0105 zbyt kr\u00f3tkie. Ekstremalne zimno mo\u017ce hamowa\u0107 wzrost tkanki w otwartych ranach, dlatego przed zastosowaniem terapii zimnem skonsultuj si\u0119 z weterynarzem. <\/p>\n                <\/div>\n \t\t\t  <\/div>\n            <\/div>\n          <\/div>\n        <\/div>\n      <\/div>\n    <\/div>\n  <\/div>\n<\/section>\n\n<section class=\"section section-equipment\">\n    <div class=\"container\">\n        <header class=\"section__header\">\n            <h2 class=\"section__title\">Inne produkty<\/h2>\n        <\/header>\n    <\/div>\n\n    <div x-data=\"dataTablist(1)\" x-init=\"init\" class=\"tabs tablist tablist--white\" role=\"tablist\">\n        <div class=\"container\">\n            <div x-cloak class=\"tablist__navs\" x-ref=\"navs\">\n                <button role=\"tab\" class=\"tablist__navs-item\" :class=\"isActiveClass(1)\" @click=\"setActive(1)\">Nowy<\/button>\n                <button role=\"tab\" class=\"tablist__navs-item\" :class=\"isActiveClass(2)\" @click=\"setActive(2)\">Dost\u0119pno\u015b\u0107 w magazynie<\/button>\n                <button role=\"tab\" class=\"tablist__navs-item\" :class=\"isActiveClass(3)\" @click=\"setActive(3)\">U\u017cywane<\/button>\n            <\/div>\n        <\/div>\n\n        <div class=\"tablist__tabs\" x-ref=\"tabs\">\n\t\t\t<div role=\"tabpanel\" class=\"tablist__tabs-item\"\n\t\t        x-show=\"isActive(1)\"\n\t\t        x-transition:enter=\"transition duration-500 ease-in-out\"\n\t\t        x-transition:enter-start=\"opacity-50\"\n\t\t        x-transition:enter-end=\"opacity-100\"\n\t\t        >\n\n\t\t\t    <div class=\"container\">\n\n\t\t\t        \n\n\t\t\t        \t\t\t            <div class=\"scrolling-v2\">\n\t\t\t\t\t\t\t\n\t\t\t\t\t\t\t\t<div class=\"scrolling-v2__item flex flex-col\">\n\t\t\t\t\t\t\t\t\t<article class=\"card relative text-center flex-1 flex flex-col\">\n\t\t\t\t\t\t\t\t\t\t<div class=\"card__media\">\n\t\t\t\t\t\t\t\t\t\t\t<img loading=\"lazy\" decoding=\"async\" width=\"440\" height=\"650\" src=\"https:\/\/cryomed.pro\/wp-content\/uploads\/2021\/04\/cryosauna.png\" class=\"attachment-full size-full\" alt=\"\" srcset=\"https:\/\/cryomed.pro\/wp-content\/uploads\/2021\/04\/cryosauna.png 440w, https:\/\/cryomed.pro\/wp-content\/uploads\/2021\/04\/cryosauna-203x300.png 203w\" sizes=\"auto, (max-width: 440px) 100vw, 440px\" \/>\t\t\t\t\t\t\t\t\t\t<\/div>\n\n\t\t\t\t\t\t\t\t\t\t<div class=\"card__body\">\n\t\t\t\t\t\t\t\t\t\t\t<div class=\"card__title text-navy font-light\">Krioterapia ca\u0142ego cia\u0142a<\/div>\n\t\t\t\t\t\t\t\t\t\t\t<a href=\"https:\/\/cryomed.pro\/equipment\/cryosaunas\/\" class=\"btn btn--blue mt-auto link-stretched\">Dowiedz si\u0119 wi\u0119cej<\/a>\n\t\t\t\t\t\t\t\t\t\t<\/div>\n\t\t\t\t\t\t\t\t\t<\/article>\n\t\t\t\t\t\t\t\t<\/div>\n\n\t\t\t\t\t\t\t\n\t\t\t\t\t\t\t\t<div class=\"scrolling-v2__item flex flex-col\">\n\t\t\t\t\t\t\t\t\t<article class=\"card relative text-center flex-1 flex flex-col\">\n\t\t\t\t\t\t\t\t\t\t<div class=\"card__media\">\n\t\t\t\t\t\t\t\t\t\t\t<img loading=\"lazy\" decoding=\"async\" width=\"440\" height=\"650\" src=\"https:\/\/cryomed.pro\/wp-content\/uploads\/2021\/04\/cryofan.png\" class=\"attachment-full size-full\" alt=\"\" srcset=\"https:\/\/cryomed.pro\/wp-content\/uploads\/2021\/04\/cryofan.png 440w, https:\/\/cryomed.pro\/wp-content\/uploads\/2021\/04\/cryofan-203x300.png 203w\" sizes=\"auto, (max-width: 440px) 100vw, 440px\" \/>\t\t\t\t\t\t\t\t\t\t<\/div>\n\n\t\t\t\t\t\t\t\t\t\t<div class=\"card__body\">\n\t\t\t\t\t\t\t\t\t\t\t<div class=\"card__title text-navy font-light\">Krioterapia miejscowa<\/div>\n\t\t\t\t\t\t\t\t\t\t\t<a href=\"https:\/\/cryomed.pro\/equipment\/cryofans\/\" class=\"btn btn--blue mt-auto link-stretched\">Dowiedz si\u0119 wi\u0119cej<\/a>\n\t\t\t\t\t\t\t\t\t\t<\/div>\n\t\t\t\t\t\t\t\t\t<\/article>\n\t\t\t\t\t\t\t\t<\/div>\n\n\t\t\t\t\t\t\t\n\t\t\t\t\t\t\t\t<div class=\"scrolling-v2__item flex flex-col\">\n\t\t\t\t\t\t\t\t\t<article class=\"card relative text-center flex-1 flex flex-col\">\n\t\t\t\t\t\t\t\t\t\t<div class=\"card__media\">\n\t\t\t\t\t\t\t\t\t\t\t<img loading=\"lazy\" decoding=\"async\" width=\"620\" height=\"650\" src=\"https:\/\/cryomed.pro\/wp-content\/uploads\/2021\/09\/mobile.png\" class=\"attachment-full size-full\" alt=\"\" srcset=\"https:\/\/cryomed.pro\/wp-content\/uploads\/2021\/09\/mobile.png 620w, https:\/\/cryomed.pro\/wp-content\/uploads\/2021\/09\/mobile-286x300.png 286w\" sizes=\"auto, (max-width: 620px) 100vw, 620px\" \/>\t\t\t\t\t\t\t\t\t\t<\/div>\n\n\t\t\t\t\t\t\t\t\t\t<div class=\"card__body\">\n\t\t\t\t\t\t\t\t\t\t\t<div class=\"card__title text-navy font-light\">Mobilna kriosauna<\/div>\n\t\t\t\t\t\t\t\t\t\t\t<a href=\"https:\/\/cryomed.pro\/equipment\/mobile\/\" class=\"btn btn--blue mt-auto link-stretched\">Dowiedz si\u0119 wi\u0119cej<\/a>\n\t\t\t\t\t\t\t\t\t\t<\/div>\n\t\t\t\t\t\t\t\t\t<\/article>\n\t\t\t\t\t\t\t\t<\/div>\n\n\t\t\t\t\t\t\t\t\t\t            <\/div>\n\t\t\t        \n\t\t        <\/div>\n\t\t    <\/div>\n            <div role=\"tabpanel\" class=\"tablist__tabs-item\"\n            x-show=\"isActive(2)\"\n            x-transition:enter=\"transition duration-500 ease-in-out\"\n            x-transition:enter-start=\"opacity-50\"\n            x-transition:enter-end=\"opacity-100\"\n            >\n\n            <div class=\"container\">\n\n                <div class=\"scrolling-v2\">\n                    <div class=\"scrolling-v2__item flex flex-col\">\n                        <article class=\"card relative text-center flex-1 flex flex-col\">\n                            <div class=\"card__media\">\n                                <img loading=\"lazy\" decoding=\"async\" width=\"340\" height=\"340\" src=\"https:\/\/cryomed.pro\/wp-content\/uploads\/2021\/12\/MINI_GB-340x340.jpg\" class=\"attachment-340x340 size-340x340 wp-post-image\" alt=\"\" srcset=\"https:\/\/cryomed.pro\/wp-content\/uploads\/2021\/12\/MINI_GB-340x340.jpg 340w, https:\/\/cryomed.pro\/wp-content\/uploads\/2021\/12\/MINI_GB-300x300.jpg 300w, https:\/\/cryomed.pro\/wp-content\/uploads\/2021\/12\/MINI_GB-150x150.jpg 150w, https:\/\/cryomed.pro\/wp-content\/uploads\/2021\/12\/MINI_GB-768x768.jpg 768w, https:\/\/cryomed.pro\/wp-content\/uploads\/2021\/12\/MINI_GB-100x100.jpg 100w, https:\/\/cryomed.pro\/wp-content\/uploads\/2021\/12\/MINI_GB-160x160.jpg 160w, https:\/\/cryomed.pro\/wp-content\/uploads\/2021\/12\/MINI_GB-900x900.jpg 900w, https:\/\/cryomed.pro\/wp-content\/uploads\/2021\/12\/MINI_GB.jpg 1000w\" sizes=\"auto, (max-width: 340px) 100vw, 340px\" \/>                            <\/div>\n\n                            <div class=\"card__body\">\n                                <div class=\"card__title text-navy font-light\">Cryomed Mini (w magazynie)<\/div>\n                                <a href=\"https:\/\/cryomed.pro\/pl\/equipment\/kriosauny\/cryomed-mini-w-magazynie\/\" class=\"btn btn--blue mt-auto link-stretched\">Dowiedz si\u0119 wi\u0119cej<\/a>\n                            <\/div>\n                        <\/article>\n                    <\/div>\n\n\n                    <\/div>\n                <\/div>\n            <\/div>\n            <div role=\"tabpanel\" class=\"tablist__tabs-item\"\n            x-show=\"isActive(3)\"\n            x-transition:enter=\"transition duration-500 ease-in-out\"\n            x-transition:enter-start=\"opacity-50\"\n            x-transition:enter-end=\"opacity-100\"\n            >\n\n            <div class=\"container\">\n\n                <div class=\"scrolling-v2\">\n                    <div class=\"scrolling-v2__item flex flex-col\">\n                        <article class=\"card relative text-center flex-1 flex flex-col\">\n                            <div class=\"card__media\">\n                                <img loading=\"lazy\" decoding=\"async\" width=\"240\" height=\"320\" src=\"https:\/\/cryomed.pro\/wp-content\/uploads\/2023\/11\/image0-rotated.jpeg\" class=\"attachment-340x340 size-340x340 wp-post-image\" alt=\"\" srcset=\"https:\/\/cryomed.pro\/wp-content\/uploads\/2023\/11\/image0-rotated.jpeg 240w, https:\/\/cryomed.pro\/wp-content\/uploads\/2023\/11\/image0-225x300.jpeg 225w\" sizes=\"auto, (max-width: 240px) 100vw, 240px\" \/>                            <\/div>\n\n                            <div class=\"card__body\">\n                                <div class=\"card__title text-navy font-light\">2021 Impact Cryo, USA used cryotherapy machine<\/div>\n                                <a href=\"https:\/\/cryomed.pro\/pl\/equipment\/kriosauny\/2021-impact-cryo-usa-used-cryotherapy-machine\/\" class=\"btn btn--blue mt-auto link-stretched\">Dowiedz si\u0119 wi\u0119cej<\/a>\n                            <\/div>\n                        <\/article>\n                    <\/div>\n\n\n                    <\/div>\n                <\/div>\n            <\/div>\n        <\/div>\n    <\/div>\n<\/section>\n\n\n\n\n<p><\/p>\n","protected":false},"excerpt":{"rendered":"<p>Urz\u0105dzenie do krioterapii miejscowej dla koni<\/p>\n","protected":false},"featured_media":34498,"parent":0,"menu_order":0,"template":"templates\/full-width.php","product_cat":[392],"class_list":["hentry","has-post-thumbnail"],"meta_box":[],"_links":{"self":[{"href":"https:\/\/cryomed.pro\/pl\/wp-json\/wp\/v2\/product\/43840","targetHints":{"allow":["GET"]}}],"collection":[{"href":"https:\/\/cryomed.pro\/pl\/wp-json\/wp\/v2\/product"}],"about":[{"href":"https:\/\/cryomed.pro\/pl\/wp-json\/wp\/v2\/types\/product"}],"wp:featuredmedia":[{"embeddable":true,"href":"https:\/\/cryomed.pro\/pl\/wp-json\/wp\/v2\/media\/34498"}],"wp:attachment":[{"href":"https:\/\/cryomed.pro\/pl\/wp-json\/wp\/v2\/media?parent=43840"}],"wp:term":[{"taxonomy":"product_cat","embeddable":true,"href":"https:\/\/cryomed.pro\/pl\/wp-json\/wp\/v2\/product_cat?post=43840"}],"curies":[{"name":"wp","href":"https:\/\/api.w.org\/{rel}","templated":true}]}}