{"id":43839,"date":"2023-12-17T09:03:44","date_gmt":"2023-12-17T09:03:44","guid":{"rendered":"https:\/\/cryomed.pro\/equipment\/uncategorized\/cryomed-equine-cryo\/"},"modified":"2024-10-15T02:15:43","modified_gmt":"2024-10-15T02:15:43","slug":"cryomed-equine-cryo","status":"publish","type":"product","link":"https:\/\/cryomed.pro\/pl\/equipment\/cryosaunas\/cryomed-equine-cryo\/","title":{"rendered":"Cryomed Equine Cryo"},"content":{"rendered":"\n<div class=\"hero hero-product-promo\">\n\t<div class=\"container\">\n\t\t<div class=\"hero-head\">\n\t\t\t\t\t\t\t<h1 class=\"hero-title\">Cryomed Equine Cryo<\/h1>\t\t\t\n\t\t\t\t\t\t\t<p class=\"hero-lead\">Najlepsze do\u015bwiadczenie w dziedzinie dobrego samopoczucia koni<\/p>\n\t\t\t\n\t\t\t\t\t<\/div>\n\t<\/div>\n\n\t<figure class=\"hero-media\" >\n\t\t<div class=\"px-4 flex justify-center\">\n<!--\t\t\t<img decoding=\"async\" src=\"--><!--\" title=\"--><!--\" alt=\"--><!--\">-->\n\t\t\t<img decoding=\"async\" src=\"https:\/\/cryomed.pro\/wp-content\/themes\/cryomed\/inc\/shortcodes\/products\/cryomed-equine-cryo\/assets\/img-hero.jpg\" title=\"\" alt=\" - photo\">\n\t\t<\/div>\n\t<\/figure>\n\n\t\t\t<div class=\"container\">\n\t\t\t<div class=\"hero-body\">\n\t\t\t\t\n        <p>Odkryj najwy\u017cszej klasy kriosaun\u0119 dla koni, aby zapewni\u0107 dobre samopoczucie i wydajno\u015b\u0107 swoich koni. Inteligentny i elegancki design urz\u0105dzenia do krioterapii uzupe\u0142nia jego wysok\u0105 skuteczno\u015b\u0107. Drewniane panele wewn\u0105trz kabiny zapobiegaj\u0105 opieraniu si\u0119 zwierz\u0119cia o ultrazimne radiatory i zapewniaj\u0105 komfort przez ca\u0142y seans. Drzwi wej\u015bciowe i wyj\u015bciowe po obu stronach urz\u0105dzenia u\u0142atwiaj\u0105 sprawny przebieg leczenia konia.<\/p>\n        \t\t\t<\/div>\n\t\t<\/div>\n\t<\/div>\n\n<style>\n    .card__body {\n        word-wrap: break-word;\n        hyphens: auto;\n    }\n<\/style>\n\n\n<section class=\"section section-gallery\">\n    <div class=\"container\">\n        <header class=\"section__header text-center\">\n            <h2 class=\"section__title\">Cryomed Equine Cryo dla Twojego biznesu<\/h2>\n        <\/header>\n\n        <div class=\"grid grid-cols-2 gap-4 lg:gap-x-20 lg:gap-y-14\" style=\"text-align: justify\">\n            <div class=\"col-span-2 lg:col-span-1\">\n                <p>W przeciwie\u0144stwie do wielu kabin do krioterapii koni opartych na azocie, Equine Cryo charakteryzuje si\u0119 unikalnym zamkni\u0119tym obiegiem azotu, co przyczynia si\u0119 do wyj\u0105tkowo bezpiecznego i skutecznego zabiegu, kt\u00f3ry jest absolutnie komfortowy dla zwierz\u0119cia. Ta konstrukcja ma ca\u0142y szereg zalet.<\/p>\n                <ul class=\"card__list\">\n                    <li class=\"card__list-item\">\n                        <span class=\"card__info block\">Brak ch\u0142odnych podmuch\u00f3w wewn\u0105trz urz\u0105dzenia minimalizuje ryzyko przech\u0142odzenia konia. Dzi\u0119ki zamkni\u0119temu systemowi dop\u0142ywu azotu, powietrze wewn\u0105trz kabiny prawie si\u0119 nie porusza, wi\u0119c ko\u0144 czuje si\u0119 bardziej komfortowo i zrelaksowany. <\/span>\n                    <\/li>\n\n                    <li class=\"card__list-item\">\n                        <span class=\"card__info block\">Temperatura wewn\u0105trz kabiny jest bardziej r\u00f3wnomiernie rozprowadzona, zapewniaj\u0105c bardziej sp\u00f3jne wyniki leczenia.<\/span>\n                    <\/li>\n\n                    <li class=\"card__list-item\">\n                        <span class=\"card__info block\">Kriosauny dla koni z otwartym obiegiem zu\u017cywaj\u0105 wi\u0119cej azotu ni\u017c ich odpowiedniki z zamkni\u0119tym obiegiem. <\/span>\n                    <\/li>\n                <\/ul>\n            <\/div>\n            <div class=\"col-span-2 lg:col-span-1\">\n                <p>Innowacyjny system kontroli temperatury z trzema czujnikami temperatury na r\u00f3\u017cnych wysoko\u015bciach kabiny zapewnia bardziej precyzyjn\u0105 regulacj\u0119 temperatury.<\/p>\n                <p>Kriosuana Equine Cryo posiada wygodny ekran dotykowy do ustawiania parametr\u00f3w zabiegu. Po\u0142\u0105czenie Wi-Fi\/LAN umo\u017cliwia zdaln\u0105 diagnostyk\u0119 i rozwi\u0105zywanie problem\u00f3w. Ponadto w\u0142a\u015bciciele firm mog\u0105 otrzymywa\u0107 statystyki pracy kriosauny na sw\u00f3j e-mail.<\/p>\n                <p>Dla dodatkowego bezpiecze\u0144stwa, kriosuana dla koni posiada przycisk awaryjnego zatrzymania i w pe\u0142ni zautomatyzowany system operacyjny, eliminuj\u0105cy mo\u017cliwo\u015b\u0107 ludzkiego b\u0142\u0119du.<\/p>\n             <\/div>\n        <\/div>\n    <\/div>\n<\/section>\n\n\n<aside class=\"section section-cta\">\n\t<div class=\"xl:container\">\n\t\t<div class=\"card\">\n\n\t\t\t\n<div class=\"cp-glass cp-glass--primary\">\n\n\t<img loading=\"lazy\" decoding=\"async\" width=\"1920\" height=\"1280\" class=\"js-parallax\" src=\"https:\/\/cryomed.pro\/wp-content\/themes\/cryomed\/resources\/img\/1920x1280\/1.jpg\" alt=\"Cryomed Equine Cryo - photo\" title=\"Cryomed Equine Cryo\" \/>\n\t\t\t<div class=\"cp-glass-backdrop\"><\/div>\n\t<\/div>\n\n\t\t\t<div class=\"card__body\">\n\t\t\t\t<p class=\"card__title\">Kup skuteczn\u0105 azotow\u0105 kriosaun\u0119 dla koni, charakteryzuj\u0105c\u0105 si\u0119 podwy\u017cszonym  bezpiecze\u0144stwem i sta\u0142\u0105 kontrol\u0105 temperatury<\/p>\n\t\t\t\t<div class=\"flex flex-col flex-wrap items-center justify-center space-y-6 md:flex-row md:space-y-0 md:space-x-6 mt-10\">\n\n\t\t\t\t\t\n\t<button class=\"btn btn--large btn--white w-full md:w-auto\"\n\t\tdata-toggle=\"modal\"\n\t\tdata-type=\"contact-us\"\n\t\tdata-find=\"#modal-pills-price-tab\"\n\t\t>\n\n\t\tPopro\u015b o wycen\u0119\t<\/button>\n\n\t<a target=\"_blank\" href=\"https:\/\/cryomedpro.com\/files\/EQUINE_CRYO_PRODUCT_SHEET_PL.pdf\" class=\"btn btn--large btn--white w-full md:w-auto\" rel=\"nofollow noopener noreferrer\">Pobierz kart\u0119 produktu<\/a>\n\t\t\t\t<\/div>\n\t\t\t<\/div>\n\t\t<\/div>\n\t<\/div>\n<\/aside>\n\n<section x-data=\"{ ...dataSectionScrollBenefits() }\" x-init=\"init\" class=\"section section-scroll-benefits alignfull\">\n    <div class=\"container\">\n\t\t\t\t\t<header class=\"section__header\">\n\t\t\t\t<h2 class=\"section__title\" x-ref=\"title\">Zalety Cryomed Equine Cryo<\/h2>\n\t\t\t<\/header>\n\t\t\n\t\t<div class=\"section-scroll-benefits__row\">\n\t\t\t\t\t\t\t<div class=\"section-scroll-benefits__col section-scroll-benefits__col-1\">\n\t\t\t\t\t<div class=\"section-scroll-benefits__stick\" x-ref=\"stick\">\n\t\t\t\t\t\t<img decoding=\"async\" class=\"section-scroll-benefits__image\" data-no-lazy=\"1\" src=\"https:\/\/cryomed.pro\/wp-content\/themes\/cryomed\/inc\/shortcodes\/products\/cryomed-equine-cryo\/assets\/benefits.jpg\" alt=\"Zalety Cryomed Equine Cryo\">\n\t\t\t\t\t<\/div>\n\t\t\t\t<\/div>\n\t\t\t\n\t\t\t\t\t\t\t<div class=\"section-scroll-benefits__col section-scroll-benefits__col-2\">\n\t\t\t\t\t<ul class=\"section-scroll-benefits__list\" x-ref=\"items\">\n\t\t\t\t\t\t\t\t\t\t\t\t\t<li class=\"section-scroll-benefits__list-item\" data-node=\"item\">\n\t\t\t\t\t\t\t\t\n\t<div class=\"card\">\n\t\t\t\t\t<figure class=\"card__media\">\n\t\t\t\t<img decoding=\"async\" class=\"card__media-image\" src=\"https:\/\/cryomed.pro\/wp-content\/themes\/cryomed\/inc\/shortcodes\/products\/cryomed-equine-cryo\/assets\/benefits-shield-check.svg\" alt=\"Bezpieczna konstrukcja \">\n\t\t\t<\/figure>\n\t\t\n\t\t<div class=\"card__body\">\n\n\t\t\t<div class=\"card__title text-navy\">Bezpieczna konstrukcja <\/div><div class=\"card__text\">\u0141atwa obs\u0142uga i zwi\u0119kszony komfort konia<\/div>\n\t\t<\/div>\n\t<\/div>\n\n\t\t\t\t\t\t\t\t<\/li>\n\t\t\t\t\t\t\t\t\t\t\t\t\t<li class=\"section-scroll-benefits__list-item\" data-node=\"item\">\n\t\t\t\t\t\t\t\t\n\t<div class=\"card\">\n\t\t\t\t\t<figure class=\"card__media\">\n\t\t\t\t<img decoding=\"async\" class=\"card__media-image\" src=\"https:\/\/cryomed.pro\/wp-content\/themes\/cryomed\/inc\/shortcodes\/products\/cryomed-equine-cryo\/assets\/benefits-settings.svg\" alt=\"Wysoce konfigurowalny wygl\u0105d\">\n\t\t\t<\/figure>\n\t\t\n\t\t<div class=\"card__body\">\n\n\t\t\t<div class=\"card__title text-navy\">Wysoce konfigurowalny wygl\u0105d<\/div><div class=\"card__text\">Wybierz kolor i materia\u0142 zewn\u0119trznych paneli<\/div>\n\t\t<\/div>\n\t<\/div>\n\n\t\t\t\t\t\t\t\t<\/li>\n\t\t\t\t\t\t\t\t\t\t\t\t\t<li class=\"section-scroll-benefits__list-item\" data-node=\"item\">\n\t\t\t\t\t\t\t\t\n\t<div class=\"card\">\n\t\t\t\t\t<figure class=\"card__media\">\n\t\t\t\t<img decoding=\"async\" class=\"card__media-image\" src=\"https:\/\/cryomed.pro\/wp-content\/themes\/cryomed\/inc\/shortcodes\/products\/cryomed-equine-cryo\/assets\/closed_loop.svg\" alt=\"Zamkni\u0119ty obieg azotu\">\n\t\t\t<\/figure>\n\t\t\n\t\t<div class=\"card__body\">\n\n\t\t\t<div class=\"card__title text-navy\">Zamkni\u0119ty obieg azotu<\/div><div class=\"card__text\">Brak ryzyka wdychania opar\u00f3w azotu<\/div>\n\t\t<\/div>\n\t<\/div>\n\n\t\t\t\t\t\t\t\t<\/li>\n\t\t\t\t\t\t\t\t\t\t\t\t\t<li class=\"section-scroll-benefits__list-item\" data-node=\"item\">\n\t\t\t\t\t\t\t\t\n\t<div class=\"card\">\n\t\t\t\t\t<figure class=\"card__media\">\n\t\t\t\t<img decoding=\"async\" class=\"card__media-image\" src=\"https:\/\/cryomed.pro\/wp-content\/themes\/cryomed\/inc\/shortcodes\/products\/cryomed-equine-cryo\/assets\/benefits-nitrogen.svg\" alt=\"Wydajno\u015b\u0107 azotowa\">\n\t\t\t<\/figure>\n\t\t\n\t\t<div class=\"card__body\">\n\n\t\t\t<div class=\"card__title text-navy\">Wydajno\u015b\u0107 azotowa<\/div><div class=\"card__text\">Zu\u017cywa oko\u0142o 25 litr\u00f3w<br> na 6-minutow\u0105 sesj\u0119<\/div>\n\t\t<\/div>\n\t<\/div>\n\n\t\t\t\t\t\t\t\t<\/li>\n\t\t\t\t\t\t\t\t\t\t\t\t\t<li class=\"section-scroll-benefits__list-item\" data-node=\"item\">\n\t\t\t\t\t\t\t\t\n\t<div class=\"card\">\n\t\t\t\t\t<figure class=\"card__media\">\n\t\t\t\t<img decoding=\"async\" class=\"card__media-image\" src=\"https:\/\/cryomed.pro\/wp-content\/themes\/cryomed\/inc\/shortcodes\/products\/cryomed-equine-cryo\/assets\/thermometer.svg\" alt=\"Trzystopniowa kontrola temperatury\">\n\t\t\t<\/figure>\n\t\t\n\t\t<div class=\"card__body\">\n\n\t\t\t<div class=\"card__title text-navy\">Trzystopniowa kontrola temperatury<\/div><div class=\"card__text\">Precyzyjna regulacja temperatury zabiegu<\/div>\n\t\t<\/div>\n\t<\/div>\n\n\t\t\t\t\t\t\t\t<\/li>\n\t\t\t\t\t\t\t\t\t\t\t\t\t<li class=\"section-scroll-benefits__list-item\" data-node=\"item\">\n\t\t\t\t\t\t\t\t\n\t<div class=\"card\">\n\t\t\t\t\t<figure class=\"card__media\">\n\t\t\t\t<img decoding=\"async\" class=\"card__media-image\" src=\"https:\/\/cryomed.pro\/wp-content\/themes\/cryomed\/inc\/shortcodes\/products\/cryomed-equine-cryo\/assets\/shorter_time.svg\" alt=\"Kr\u00f3tszy czas zabiegu\">\n\t\t\t<\/figure>\n\t\t\n\t\t<div class=\"card__body\">\n\n\t\t\t<div class=\"card__title text-navy\">Kr\u00f3tszy czas zabiegu<\/div><div class=\"card__text\">Rzeczywista temperatura skraca czas ekspozycji<\/div>\n\t\t<\/div>\n\t<\/div>\n\n\t\t\t\t\t\t\t\t<\/li>\n\t\t\t\t\t\t\t\t\t\t\t\t\t<li class=\"section-scroll-benefits__list-item\" data-node=\"item\">\n\t\t\t\t\t\t\t\t\n\t<div class=\"card\">\n\t\t\t\t\t<figure class=\"card__media\">\n\t\t\t\t<img decoding=\"async\" class=\"card__media-image\" src=\"https:\/\/cryomed.pro\/wp-content\/themes\/cryomed\/inc\/shortcodes\/products\/cryomed-equine-cryo\/assets\/benefits-medal.svg\" alt=\"D\u0142ugoterminowa gwarancja\">\n\t\t\t<\/figure>\n\t\t\n\t\t<div class=\"card__body\">\n\n\t\t\t<div class=\"card__title text-navy\">D\u0142ugoterminowa gwarancja<\/div><div class=\"card__text\">2 lata<\/div>\n\t\t<\/div>\n\t<\/div>\n\n\t\t\t\t\t\t\t\t<\/li>\n\t\t\t\t\t\t\t\t\t\t\t<\/ul>\n\t\t\t\t<\/div>\n\t\t\t\t\t<\/div>\n    <\/div>\n<\/section>\n\n<section class=\"section section-design\">\n    <div class=\"section__wrapper\">\n        <figure class=\"section-design__media\">\n            <img decoding=\"async\" src=\"https:\/\/cryomed.pro\/wp-content\/themes\/cryomed\/inc\/shortcodes\/products\/cryomed-equine-cryo\/assets\/bg-section-design.jpg\" alt=\"Design your own Cryomed Equine Cryo\">\n        <\/figure>\n\n        <div class=\"container relative z-10\">\n            <header class=\"section-design__header\">\n                <h2 class=\"section-design__title\" style=\"font-size: calc(var(--font-size-h2) - 10px)\">Zaprojektuj sw\u00f3j w\u0142asny Cryomed Equine Cryo<\/h2>\n            <\/header>\n\n            <div class=\"section-design__row grid grid-cols-6 gap-10\">\n                <div class=\"section-design__col col-span-6 md:col-span-6 xl:col-span-2\">\n                    <h3 class=\"section-design__lead\">Dostosuj Cryomed Equine Cryo<br> do swoich potrzeb:<\/h3>\n                <\/div>\n\n                <div class=\"section-design__col col-span-6 md:col-span-3 xl:col-span-2\">\n                    <ul class=\"section-design__list\">\n                        <li class=\"section-design__list-item\"><span>Dodaj spersonalizowany branding<\/span><\/li>\n                        <li class=\"section-design__list-item\"><span>Wybierz kolor i materia\u0142 zewn\u0119trznej obudowy<\/span><\/li>\n                    <\/ul>\n                <\/div>\n\n                <div class=\"section-design__col col-span-6 md:col-span-3 xl:col-span-2\">\n                    <p style=\"text-align:left;\">Skontaktuj si\u0119 z naszym dzia\u0142em sprzeda\u017cy, aby uzyska\u0107 pe\u0142n\u0105 list\u0119 dost\u0119pnych opcji<\/p>\n                <\/div>\n            <\/div>\n        <\/div>\n    <\/div>\n    \n<aside class=\"section section-cta\">\n\t<div class=\"xl:container\">\n\t\t<div class=\"card\">\n\n\t\t\t\n<div class=\"cp-glass cp-glass--primary\">\n\n\t<img loading=\"lazy\" decoding=\"async\" width=\"1920\" height=\"1280\" class=\"js-parallax\" src=\"https:\/\/cryomed.pro\/wp-content\/themes\/cryomed\/resources\/img\/1920x1280\/1.jpg\" alt=\"Cryomed Equine Cryo - photo\" title=\"Cryomed Equine Cryo\" \/>\n\t\t\t<div class=\"cp-glass-backdrop\"><\/div>\n\t<\/div>\n\n\t\t\t<div class=\"card__body\">\n\t\t\t\t<p class=\"card__title\">Kupuj od lidera bran\u017cy z najwi\u0119ksz\u0105 liczb\u0105<br> urz\u0105dze\u0144 do krioterapii <\/p>\n\t\t\t\t<div class=\"flex flex-col flex-wrap items-center justify-center space-y-6 md:flex-row md:space-y-0 md:space-x-6 mt-10\">\n\n\t\t\t\t\t\n\t<button class=\"btn btn--large btn--white w-full md:w-auto\"\n\t\tdata-toggle=\"modal\"\n\t\tdata-type=\"contact-us\"\n\t\tdata-find=\"#modal-pills-price-tab\"\n\t\t>\n\n\t\tPopro\u015b o wycen\u0119\t<\/button>\n\n\t\n\t<button class=\"btn btn--large btn--white w-full md:w-auto\"\n\t\tdata-toggle=\"modal\"\n\t\tdata-type=\"contact-us\"\n\t\tdata-find=\"#modal-pills-distributor-tab\"\n\t\t>\n\n\t\tZosta\u0144 dystrybutorem\t<\/button>\n\n\t\n\t\t\t\t<\/div>\n\t\t\t<\/div>\n\t\t<\/div>\n\t<\/div>\n<\/aside>\n<\/section>\n\n<section class=\"section section-safe\">\n    <div class=\"container\">\n        <div class=\"grid lg:grid-cols-2 lg:gap-20\">\n            <div class=\"col-span-1\">\n                <header class=\"section__header mb-10\">\n                    <h2>Cryomed Equine Cryo:  zwyci\u0119zca wy\u015bcigu w\u015br\u00f3d kriosaun dla koni<\/h2>\n                <\/header>\n            <\/div>\n            <div class=\"col-span-1\">\n                <div class=\"section__body\" style=\"text-align:justify\">\n                    <p>Dzi\u0119ki Cryomed Equine Cryo mo\u017cesz jeszcze efektywniej utrzyma\u0107 przewag\u0119 konkurencyjn\u0105, poniewa\u017c ta kriosauna dla koni mo\u017ce pochwali\u0107 si\u0119 przyjazn\u0105 dla koni konstrukcj\u0105, niskim zu\u017cyciem azotu i doskona\u0142ymi wynikami leczenia.<\/p>\n                    <p>G\u0142\u00f3wne przewagi konkurencyjne Equine Cryo to:<\/p>\n                    <ul style=\"margin-left: 25px;\">\n                        <li class=\"mb-5\"><strong>Kompaktowe wymiary<\/strong>, wci\u0105\u017c zapewniaj\u0105ce wystarczaj\u0105co du\u017co miejsca, aby ko\u0144 m\u00f3g\u0142 porusza\u0107 si\u0119 wewn\u0105trz bez dotykania \u015bcian kabiny. Przy powierzchni 3,3 m2, kabina mo\u017ce \u0142atwo zmie\u015bci\u0107 si\u0119 w o\u015brodkach rehabilitacji koni, obiektach treningowych je\u017adziectwa lub indywidualnych pomieszczeniach w pobli\u017cu hal je\u017adzieckich lub stajni. <\/li>\n                        <li class=\"mb-5\"><strong>Ekonomiczne zu\u017cycie azotu.<\/strong> Przy szybko\u015bci podawania oko\u0142o 4 litr\u00f3w na minut\u0119, maksymalne zu\u017cycie azotu na 6-minutow\u0105 sesj\u0119 (najd\u0142u\u017cszy mo\u017cliwy czas zabiegu) wynosi 24,75 litra. Oznacza to, \u017ce b\u0119dziesz w stanie wykona\u0107 co najmniej 9 sesji z rz\u0119du z 240-litrowym zbiornikiem ciek\u0142ego azotu. Pami\u0119taj, \u017ce kriosauna wymaga 14 litr\u00f3w do wst\u0119pnego sch\u0142odzenia.<\/li>\n                        <li class=\"mb-5\"><strong>Cicha praca.<\/strong> Zamkni\u0119ty obieg azotu jest mniej ha\u0142a\u015bliwy ni\u017c systemy pompuj\u0105ce opary azotu bezpo\u015brednio do kabiny kriogenicznej dla koni. Cicha praca przyczynia si\u0119 do wi\u0119kszego komfortu zwierz\u0119cia podczas zabiegu. <\/li>\n                        <li class=\"mb-5\"><strong>Brak konieczno\u015bci monta\u017cu<\/strong> na miejscu eksploatacji, poniewa\u017c nasza kriosauna dla koni mie\u015bci si\u0119 w standardowym 20-stopowym kontenerze. <\/li>\n                        <li class=\"mb-5\"><strong>Lepsze rozprowadzenie zimna<\/strong> i <strong>bardziej precyzyjna kontrola temperatury zabiegu<\/strong>, zapewniaj\u0105ca kr\u00f3tszy czas sesji (a tym samym ni\u017csze zu\u017cycie azotu) w po\u0142\u0105czeniu z bardziej wyra\u017anymi efektami leczenia.<\/li>\n                    <\/ul>\n                    <p>Skontaktuj si\u0119 z naszym zespo\u0142em sprzeda\u017cy poprzez e-mail na adres <a href=\"mailto:info@cryomed.pro\">info@cryomed.pro<\/a> lub telefonicznie pod numerem <a href=\"tel:421918250160\">+421 918 250 160<\/a>, aby sprawdzi\u0107, czy Equine Cryo jest najlepszym rozwi\u0105zaniem dla Twojego biznesu.<\/p>\n                <\/div>\n            <\/div>\n        <\/div>\n    <\/div>\n<\/section>\n\n\n\n<section class=\"section section-equipment\">\n    <div class=\"container\">\n        <header class=\"section__header\">\n            <h2 class=\"section__title\">Inne produkty<\/h2>\n        <\/header>\n    <\/div>\n\n    <div x-data=\"dataTablist(1)\" x-init=\"init\" class=\"tabs tablist tablist--white\" role=\"tablist\">\n        <div class=\"container\">\n            <div x-cloak class=\"tablist__navs\" x-ref=\"navs\">\n                <button role=\"tab\" class=\"tablist__navs-item\" :class=\"isActiveClass(1)\" @click=\"setActive(1)\">Nowy<\/button>\n                <button role=\"tab\" class=\"tablist__navs-item\" :class=\"isActiveClass(2)\" @click=\"setActive(2)\">Dost\u0119pno\u015b\u0107 w magazynie<\/button>\n                <button role=\"tab\" class=\"tablist__navs-item\" :class=\"isActiveClass(3)\" @click=\"setActive(3)\">U\u017cywane<\/button>\n            <\/div>\n        <\/div>\n\n        <div class=\"tablist__tabs\" x-ref=\"tabs\">\n\t\t\t<div role=\"tabpanel\" class=\"tablist__tabs-item\"\n\t\t        x-show=\"isActive(1)\"\n\t\t        x-transition:enter=\"transition duration-500 ease-in-out\"\n\t\t        x-transition:enter-start=\"opacity-50\"\n\t\t        x-transition:enter-end=\"opacity-100\"\n\t\t        >\n\n\t\t\t    <div class=\"container\">\n\n\t\t\t        \n\n\t\t\t        \t\t\t            <div class=\"scrolling-v2\">\n\t\t\t\t\t\t\t\n\t\t\t\t\t\t\t\t<div class=\"scrolling-v2__item flex flex-col\">\n\t\t\t\t\t\t\t\t\t<article class=\"card relative text-center flex-1 flex flex-col\">\n\t\t\t\t\t\t\t\t\t\t<div class=\"card__media\">\n\t\t\t\t\t\t\t\t\t\t\t<img loading=\"lazy\" decoding=\"async\" width=\"440\" height=\"650\" src=\"https:\/\/cryomed.pro\/wp-content\/uploads\/2021\/04\/cryosauna.png\" class=\"attachment-full size-full\" alt=\"\" srcset=\"https:\/\/cryomed.pro\/wp-content\/uploads\/2021\/04\/cryosauna.png 440w, https:\/\/cryomed.pro\/wp-content\/uploads\/2021\/04\/cryosauna-203x300.png 203w\" sizes=\"auto, (max-width: 440px) 100vw, 440px\" \/>\t\t\t\t\t\t\t\t\t\t<\/div>\n\n\t\t\t\t\t\t\t\t\t\t<div class=\"card__body\">\n\t\t\t\t\t\t\t\t\t\t\t<div class=\"card__title text-navy font-light\">Krioterapia ca\u0142ego cia\u0142a<\/div>\n\t\t\t\t\t\t\t\t\t\t\t<a href=\"https:\/\/cryomed.pro\/equipment\/cryosaunas\/\" class=\"btn btn--blue mt-auto link-stretched\">Dowiedz si\u0119 wi\u0119cej<\/a>\n\t\t\t\t\t\t\t\t\t\t<\/div>\n\t\t\t\t\t\t\t\t\t<\/article>\n\t\t\t\t\t\t\t\t<\/div>\n\n\t\t\t\t\t\t\t\n\t\t\t\t\t\t\t\t<div class=\"scrolling-v2__item flex flex-col\">\n\t\t\t\t\t\t\t\t\t<article class=\"card relative text-center flex-1 flex flex-col\">\n\t\t\t\t\t\t\t\t\t\t<div class=\"card__media\">\n\t\t\t\t\t\t\t\t\t\t\t<img loading=\"lazy\" decoding=\"async\" width=\"440\" height=\"650\" src=\"https:\/\/cryomed.pro\/wp-content\/uploads\/2021\/04\/cryofan.png\" class=\"attachment-full size-full\" alt=\"\" srcset=\"https:\/\/cryomed.pro\/wp-content\/uploads\/2021\/04\/cryofan.png 440w, https:\/\/cryomed.pro\/wp-content\/uploads\/2021\/04\/cryofan-203x300.png 203w\" sizes=\"auto, (max-width: 440px) 100vw, 440px\" \/>\t\t\t\t\t\t\t\t\t\t<\/div>\n\n\t\t\t\t\t\t\t\t\t\t<div class=\"card__body\">\n\t\t\t\t\t\t\t\t\t\t\t<div class=\"card__title text-navy font-light\">Krioterapia miejscowa<\/div>\n\t\t\t\t\t\t\t\t\t\t\t<a href=\"https:\/\/cryomed.pro\/equipment\/cryofans\/\" class=\"btn btn--blue mt-auto link-stretched\">Dowiedz si\u0119 wi\u0119cej<\/a>\n\t\t\t\t\t\t\t\t\t\t<\/div>\n\t\t\t\t\t\t\t\t\t<\/article>\n\t\t\t\t\t\t\t\t<\/div>\n\n\t\t\t\t\t\t\t\n\t\t\t\t\t\t\t\t<div class=\"scrolling-v2__item flex flex-col\">\n\t\t\t\t\t\t\t\t\t<article class=\"card relative text-center flex-1 flex flex-col\">\n\t\t\t\t\t\t\t\t\t\t<div class=\"card__media\">\n\t\t\t\t\t\t\t\t\t\t\t<img loading=\"lazy\" decoding=\"async\" width=\"620\" height=\"650\" src=\"https:\/\/cryomed.pro\/wp-content\/uploads\/2021\/09\/mobile.png\" class=\"attachment-full size-full\" alt=\"\" srcset=\"https:\/\/cryomed.pro\/wp-content\/uploads\/2021\/09\/mobile.png 620w, https:\/\/cryomed.pro\/wp-content\/uploads\/2021\/09\/mobile-286x300.png 286w\" sizes=\"auto, (max-width: 620px) 100vw, 620px\" \/>\t\t\t\t\t\t\t\t\t\t<\/div>\n\n\t\t\t\t\t\t\t\t\t\t<div class=\"card__body\">\n\t\t\t\t\t\t\t\t\t\t\t<div class=\"card__title text-navy font-light\">Mobilna kriosauna<\/div>\n\t\t\t\t\t\t\t\t\t\t\t<a href=\"https:\/\/cryomed.pro\/equipment\/mobile\/\" class=\"btn btn--blue mt-auto link-stretched\">Dowiedz si\u0119 wi\u0119cej<\/a>\n\t\t\t\t\t\t\t\t\t\t<\/div>\n\t\t\t\t\t\t\t\t\t<\/article>\n\t\t\t\t\t\t\t\t<\/div>\n\n\t\t\t\t\t\t\t\t\t\t            <\/div>\n\t\t\t        \n\t\t        <\/div>\n\t\t    <\/div>\n            <div role=\"tabpanel\" class=\"tablist__tabs-item\"\n            x-show=\"isActive(2)\"\n            x-transition:enter=\"transition duration-500 ease-in-out\"\n            x-transition:enter-start=\"opacity-50\"\n            x-transition:enter-end=\"opacity-100\"\n            >\n\n            <div class=\"container\">\n\n                <div class=\"scrolling-v2\">\n                    <div class=\"scrolling-v2__item flex flex-col\">\n                        <article class=\"card relative text-center flex-1 flex flex-col\">\n                            <div class=\"card__media\">\n                                <img loading=\"lazy\" decoding=\"async\" width=\"340\" height=\"340\" src=\"https:\/\/cryomed.pro\/wp-content\/uploads\/2021\/12\/MINI_GB-340x340.jpg\" class=\"attachment-340x340 size-340x340 wp-post-image\" alt=\"\" srcset=\"https:\/\/cryomed.pro\/wp-content\/uploads\/2021\/12\/MINI_GB-340x340.jpg 340w, https:\/\/cryomed.pro\/wp-content\/uploads\/2021\/12\/MINI_GB-300x300.jpg 300w, https:\/\/cryomed.pro\/wp-content\/uploads\/2021\/12\/MINI_GB-150x150.jpg 150w, https:\/\/cryomed.pro\/wp-content\/uploads\/2021\/12\/MINI_GB-768x768.jpg 768w, https:\/\/cryomed.pro\/wp-content\/uploads\/2021\/12\/MINI_GB-100x100.jpg 100w, https:\/\/cryomed.pro\/wp-content\/uploads\/2021\/12\/MINI_GB-160x160.jpg 160w, https:\/\/cryomed.pro\/wp-content\/uploads\/2021\/12\/MINI_GB-900x900.jpg 900w, https:\/\/cryomed.pro\/wp-content\/uploads\/2021\/12\/MINI_GB.jpg 1000w\" sizes=\"auto, (max-width: 340px) 100vw, 340px\" \/>                            <\/div>\n\n                            <div class=\"card__body\">\n                                <div class=\"card__title text-navy font-light\">Cryomed Mini (w magazynie)<\/div>\n                                <a href=\"https:\/\/cryomed.pro\/pl\/equipment\/kriosauny\/cryomed-mini-w-magazynie\/\" class=\"btn btn--blue mt-auto link-stretched\">Dowiedz si\u0119 wi\u0119cej<\/a>\n                            <\/div>\n                        <\/article>\n                    <\/div>\n\n\n                    <\/div>\n                <\/div>\n            <\/div>\n            <div role=\"tabpanel\" class=\"tablist__tabs-item\"\n            x-show=\"isActive(3)\"\n            x-transition:enter=\"transition duration-500 ease-in-out\"\n            x-transition:enter-start=\"opacity-50\"\n            x-transition:enter-end=\"opacity-100\"\n            >\n\n            <div class=\"container\">\n\n                <div class=\"scrolling-v2\">\n                    <div class=\"scrolling-v2__item flex flex-col\">\n                        <article class=\"card relative text-center flex-1 flex flex-col\">\n                            <div class=\"card__media\">\n                                <img loading=\"lazy\" decoding=\"async\" width=\"240\" height=\"320\" src=\"https:\/\/cryomed.pro\/wp-content\/uploads\/2023\/11\/image0-rotated.jpeg\" class=\"attachment-340x340 size-340x340 wp-post-image\" alt=\"\" srcset=\"https:\/\/cryomed.pro\/wp-content\/uploads\/2023\/11\/image0-rotated.jpeg 240w, https:\/\/cryomed.pro\/wp-content\/uploads\/2023\/11\/image0-225x300.jpeg 225w\" sizes=\"auto, (max-width: 240px) 100vw, 240px\" \/>                            <\/div>\n\n                            <div class=\"card__body\">\n                                <div class=\"card__title text-navy font-light\">2021 Impact Cryo, USA used cryotherapy machine<\/div>\n                                <a href=\"https:\/\/cryomed.pro\/pl\/equipment\/kriosauny\/2021-impact-cryo-usa-used-cryotherapy-machine\/\" class=\"btn btn--blue mt-auto link-stretched\">Dowiedz si\u0119 wi\u0119cej<\/a>\n                            <\/div>\n                        <\/article>\n                    <\/div>\n\n\n                    <\/div>\n                <\/div>\n            <\/div>\n        <\/div>\n    <\/div>\n<\/section>\n\n\n\n\n<p><\/p>\n","protected":false},"excerpt":{"rendered":"<p>Najlepszy sprz\u0119t, aby zapewni\u0107 dobre samopoczucie koni<\/p>\n","protected":false},"featured_media":34474,"parent":0,"menu_order":0,"template":"templates\/full-width.php","product_cat":[392],"class_list":["hentry","has-post-thumbnail"],"meta_box":[],"_links":{"self":[{"href":"https:\/\/cryomed.pro\/pl\/wp-json\/wp\/v2\/product\/43839","targetHints":{"allow":["GET"]}}],"collection":[{"href":"https:\/\/cryomed.pro\/pl\/wp-json\/wp\/v2\/product"}],"about":[{"href":"https:\/\/cryomed.pro\/pl\/wp-json\/wp\/v2\/types\/product"}],"wp:featuredmedia":[{"embeddable":true,"href":"https:\/\/cryomed.pro\/pl\/wp-json\/wp\/v2\/media\/34474"}],"wp:attachment":[{"href":"https:\/\/cryomed.pro\/pl\/wp-json\/wp\/v2\/media?parent=43839"}],"wp:term":[{"taxonomy":"product_cat","embeddable":true,"href":"https:\/\/cryomed.pro\/pl\/wp-json\/wp\/v2\/product_cat?post=43839"}],"curies":[{"name":"wp","href":"https:\/\/api.w.org\/{rel}","templated":true}]}}