{"id":33426,"date":"2022-01-06T23:30:20","date_gmt":"2022-01-06T23:30:20","guid":{"rendered":"https:\/\/cryomed.pro\/equipment\/uncategorized\/pressurized-tanks\/"},"modified":"2024-10-29T20:21:14","modified_gmt":"2024-10-29T20:21:14","slug":"zbiorniki-cisnieniowe","status":"publish","type":"product","link":"https:\/\/cryomed.pro\/pl\/equipment\/cryogenic-tanks\/zbiorniki-cisnieniowe\/","title":{"rendered":"Zbiorniki ci\u015bnieniowe"},"content":{"rendered":"\n<div class=\"hero hero-product-promo\">\n\t<div class=\"container\">\n\t\t<div class=\"hero-head\">\n\t\t\t\t\t\t\t<h1 class=\"hero-title\">Zbiorniki ci\u015bnieniowe<\/h1>\t\t\t\n\t\t\t\n\t\t\t\t\t<\/div>\n\t<\/div>\n\n\t<figure class=\"hero-media\" >\n\t\t<div class=\"px-4 flex justify-center\">\n<!--\t\t\t<img decoding=\"async\" src=\"--><!--\" title=\"--><!--\" alt=\"--><!--\">-->\n\t\t\t<img decoding=\"async\" src=\"https:\/\/cryomed.pro\/wp-content\/themes\/cryomed\/inc\/shortcodes\/products\/pressurized-tanks\/assets\/img-hero.png\" title=\"\" alt=\" - photo\">\n\t\t<\/div>\n\t<\/figure>\n\n\t\t\t<div class=\"container\">\n\t\t\t<div class=\"hero-body\">\n\t\t\t\t\n\t\t<h2>Co to jest ci\u015bnieniowy zbiornik kriogeniczny?<\/h2>\n\t\t<p>Ci\u015bnieniowy zbiornik kriogeniczny to zamkni\u0119ty pojemnik przeznaczony do przechowywania i transportu cieczy lub gazu w bardzo niskich temperaturach poni\u017cej -150C. Zbiornik sk\u0142ada si\u0119 z wewn\u0119trznego zbiornika ci\u015bnieniowego, zbiornika zewn\u0119trznego, izolacji i jednej lub dw\u00f3ch szyjek z zaworami, ko\u0142nierzami lub z\u0142\u0105czami. <\/p>\n\t\t<p>W przypadku kriokom\u00f3r nasi klienci zazwyczaj wybieraj\u0105 zbiorniki ci\u015bnieniowe o pojemno\u015bci od 60 litr\u00f3w do 300 litr\u00f3w. Najpopularniejsze pojemno\u015bci to 120 litr\u00f3w i 230 litr\u00f3w.<\/p>\n\n\t\t\t\t\t<\/div>\n\t\t<\/div>\n\t<\/div>\n\n\n<div class=\"section section-gallery\">\n\n    \n<div class=\"cp-slider\" x-data=\"{ ...dataSlider() }\" x-init=\"init\">\n\t<div class=\"swiper-container\" data-slides>\n\t\t<div class=\"swiper-wrapper\">\n\t\t\t\n\t\t<div class=\"swiper-slide\">\n\t\t\t<div class=\"swiper-slide-inner\" data-slide-inner>\n\t\t\t\t<picture class=\"swiper-slide-picture\">\n\t\t\t\t\t<img class=\"swiper-slide-image swiper-lazy\" loading=\"lazy\"\n\t\t\t\t\t\tdata-src=\"https:\/\/cryomed.pro\/wp-content\/themes\/cryomed\/inc\/shortcodes\/products\/pressurized-tanks\/assets\/slide-1.jpg\"\n\t\t\t\t\t\talt=\"image alt\" title=\"image title\"\n\t\t\t\t\t>\n\t\t\t\t<\/picture>\n\t\t\t<\/div>\n\n\t\t\t<div class=\"swiper-lazy-preloader swiper-lazy-preloader-white\"><\/div>\n\t\t<\/div>\n\n\t\t\n\t\t<div class=\"swiper-slide\">\n\t\t\t<div class=\"swiper-slide-inner\" data-slide-inner>\n\t\t\t\t<picture class=\"swiper-slide-picture\">\n\t\t\t\t\t<img class=\"swiper-slide-image swiper-lazy\" loading=\"lazy\"\n\t\t\t\t\t\tdata-src=\"https:\/\/cryomed.pro\/wp-content\/themes\/cryomed\/inc\/shortcodes\/products\/pressurized-tanks\/assets\/slide-2.jpg\"\n\t\t\t\t\t\talt=\"image alt\" title=\"image title\"\n\t\t\t\t\t>\n\t\t\t\t<\/picture>\n\t\t\t<\/div>\n\n\t\t\t<div class=\"swiper-lazy-preloader swiper-lazy-preloader-white\"><\/div>\n\t\t<\/div>\n\n\t\t\t\t<\/div>\n\n\t\t<div class=\"swiper-pagination\"><\/div>\n\t\t<div class=\"swiper-scrollbar\"><\/div>\n\t\t<div class=\"swiper-navigation\">\n\t\t\t<div data-cursor=\"prev\"><\/div>\n\t\t\t<div data-cursor=\"next\"><\/div>\n\t\t<\/div>\n\t<\/div>\n\n\t\n\t<div class=\"cp-slider-panel cp-backdrop cp-backdrop--white\" :class=\"open ? 'is-active' : ''\" data-panel>\n\t\t<div class=\"cp-slider-toggle cp-backdrop cp-backdrop--white\" @click=\"open = !open\">\n\t\t\t<div x-text=\"open ? 'Zamkn\u0105\u0107 podgl\u0105d': 'Otworzy\u0107 podgl\u0105d'\"><\/div>\n\t\t<\/div>\n\t\t<div class=\"swiper-container\" data-thumbs>\n\t\t\t<div class=\"swiper-wrapper\">\n\t\t\t\t\n\t\t<div class=\"swiper-slide\">\n\t\t\t<div class=\"swiper-slide-inner\" data-slide-inner>\n\t\t\t\t<picture class=\"swiper-slide-picture\">\n\t\t\t\t\t<img class=\"swiper-slide-image swiper-lazy\" loading=\"lazy\"\n\t\t\t\t\t\tdata-src=\"https:\/\/cryomed.pro\/wp-content\/themes\/cryomed\/inc\/shortcodes\/products\/pressurized-tanks\/assets\/slide-1.jpg\"\n\t\t\t\t\t\talt=\"image alt\" title=\"image title\"\n\t\t\t\t\t>\n\t\t\t\t<\/picture>\n\t\t\t<\/div>\n\n\t\t\t<div class=\"swiper-lazy-preloader swiper-lazy-preloader-white\"><\/div>\n\t\t<\/div>\n\n\t\t\n\t\t<div class=\"swiper-slide\">\n\t\t\t<div class=\"swiper-slide-inner\" data-slide-inner>\n\t\t\t\t<picture class=\"swiper-slide-picture\">\n\t\t\t\t\t<img class=\"swiper-slide-image swiper-lazy\" loading=\"lazy\"\n\t\t\t\t\t\tdata-src=\"https:\/\/cryomed.pro\/wp-content\/themes\/cryomed\/inc\/shortcodes\/products\/pressurized-tanks\/assets\/slide-2.jpg\"\n\t\t\t\t\t\talt=\"image alt\" title=\"image title\"\n\t\t\t\t\t>\n\t\t\t\t<\/picture>\n\t\t\t<\/div>\n\n\t\t\t<div class=\"swiper-lazy-preloader swiper-lazy-preloader-white\"><\/div>\n\t\t<\/div>\n\n\t\t\t\t\t<\/div>\n\t\t<\/div>\n\t<\/div>\n\n\t<\/div>\n\n<\/div>\n\n\n<section class=\"section section-benefits-2\">\n    <div class=\"container\">\n        <header class=\"section__header text-center\">\n            <div class=\"section__title h1\">Specyfikacje techniczne ci\u015bnieniowych zbiornik\u00f3w kriogenicznych<\/div>\n        <\/header>\n\n        <div class=\"section-row\">\n            <div class=\"section-col col-span-1 flex flex-col\">\n                <div class=\"card flex-1\">\n                    <div class=\"card-media\">\n                        <img decoding=\"async\" src=\"https:\/\/cryomed.pro\/wp-content\/themes\/cryomed\/inc\/shortcodes\/products\/pressurized-tanks\/assets\/check.svg\" alt=\"Zbiorniki ci\u015bnieniowe\">\n                    <\/div>\n                    <div class=\"card-body\">\n                        <h3 class=\"card-title\">Stal nierdzewna<\/h3>\n                        <p>Zbiorniki kriogeniczne s\u0105 wykonane ze stali nierdzewnej zapewniaj\u0105cej trwa\u0142o\u015b\u0107 zgodn\u0105 z dyrektywami ADR i T-PED i s\u0105 dostarczane z odpowiedni\u0105 deklaracj\u0105 zgodno\u015bci.<\/p>\n                    <\/div>\n                <\/div>\n            <\/div>\n            <div class=\"section-col col-span-1 flex flex-col\">\n                <div class=\"card flex-1\">\n                    <div class=\"card-media\">\n                        <img decoding=\"async\" src=\"https:\/\/cryomed.pro\/wp-content\/themes\/cryomed\/inc\/shortcodes\/products\/pressurized-tanks\/assets\/transform.svg\" alt=\"Zbiorniki ci\u015bnieniowe\">\n                    <\/div>\n                    <div class=\"card-body\">\n                        <h3 class=\"card-title\">\u0141atwy ruch<\/h3>\n                        <p>Aby zapewni\u0107 \u0142atwe przemieszczanie, zbiorniki maj\u0105 5\u00a0obrotowych k\u00f3\u0142ek. Dwa z nich s\u0105 wyposa\u017cone w hamulce.<\/p>\n                    <\/div>\n                <\/div>\n            <\/div>\n            <div class=\"section-col col-span-1 flex flex-col\">\n                <div class=\"card flex-1\">\n                    <div class=\"card-media\">\n                        <img decoding=\"async\" src=\"https:\/\/cryomed.pro\/wp-content\/themes\/cryomed\/inc\/shortcodes\/products\/pressurized-tanks\/assets\/wind.svg\" alt=\"Zbiorniki ci\u015bnieniowe\">\n                    <\/div>\n                    <div class=\"card-body\">\n                        <h3 class=\"card-title\">Niski wsp\u00f3\u0142czynnik parowania<\/h3>\n                        <p>Dzi\u0119ki pr\u00f3\u017cni i izolacji termicznej zbiorniki maj\u0105 niski wsp\u00f3\u0142czynnik parowania.<\/p>\n                    <\/div>\n                <\/div>\n            <\/div>\n            <div class=\"section-col col-span-1 flex flex-col\">\n                <div class=\"card flex-1\">\n                    <div class=\"card-media\">\n                        <img decoding=\"async\" src=\"https:\/\/cryomed.pro\/wp-content\/themes\/cryomed\/inc\/shortcodes\/products\/pressurized-tanks\/assets\/timer.svg\" alt=\"Zbiorniki ci\u015bnieniowe\">\n                    <\/div>\n                    <div class=\"card-body\">\n                        <h3 class=\"card-title\">System budowania ci\u015bnienia<\/h3>\n                        <p>Wszystkie zbiorniki s\u0105 wyposa\u017cone w system budowania ci\u015bnienia, kt\u00f3ry zapewnia maksymalne ci\u015bnienie robocze wynosz\u0105ce 4 bary.<\/p>\n                    <\/div>\n                <\/div>\n            <\/div>\n        <\/div>\n    <\/div>\n<\/section>\n\n\n<section class=\"section section-tech-specs\">\n\t<div class=\"container\">\n\t\t<div class=\"section__header text-center\">\n\t\t\t<h2 class=\"section__title\">Modele i wymiary<\/h2>\n\t\t<\/div>\n\n        <div class=\"section__body\">\n\t\t\t<div x-data=\"dataTablist(1)\" x-init=\"init\" class=\"tabs tablist\" role=\"tablist\">\n\t\t\t\t<div class=\"scrolling\">\n\t\t\t\t\t<div class=\"scrolling-item mx-auto\">\n\t\t\t\t\t\t<div x-cloak class=\"tablist__navs\" x-ref=\"navs\">\n\t\t\t\t\t\t\t<button role=\"tab\" class=\"tablist__navs-item\" :class=\"isActiveClass(1)\" @click=\"setActive(1)\">\n\t\t\t\t\t\t\t\t<span class=\"block px-4 lg:px-6\">Seria Cryolab 4<\/span>\n\t\t\t\t\t\t\t<\/button>\n\t\t\t\t\t\t\t<button role=\"tab\" class=\"tablist__navs-item\" :class=\"isActiveClass(2)\" @click=\"setActive(2)\">\n\t\t\t\t\t\t\t\t<span class=\"block px-4 lg:px-6\">Seria Cryology 4<\/span>\n\t\t\t\t\t\t\t<\/button>\n\t\t\t\t\t\t<\/div>\n\t\t\t\t\t<\/div>\n\t\t\t\t<\/div>\n\n\n\t\t\t\t<div class=\"tablist__tabs mt-10 lg:mt-12\" x-ref=\"tabs\">\n\t\t\t\t\t<div role=\"tabpanel\" class=\"tablist__tabs-item\"\n\t\t\t\t\t\tx-show=\"isActive(1)\"\n\t\t\t\t\t\tx-transition:enter=\"transition duration-500 ease-in-out\"\n\t\t\t\t\t\tx-transition:enter-start=\"opacity-50\"\n\t\t\t\t\t\tx-transition:enter-end=\"opacity-100\"\n\t\t\t\t\t\t>\n\n\t\t\t\t\t\t<div class=\"scrolling\">\n\t\t\t\t\t\t\t<div class=\"scrolling-item flex-1\">\n\t\t\t\t\t\t\t\t<table class=\"section-table\">\n\t\t\t\t\t\t\t\t\t<tbody>\n\t\t\t\t\t\t\t\t\t\t<tr>\n\t\t\t\t\t\t\t\t\t\t\t<th>Pojemno\u015b\u0107 <br>(L)<\/th>\n\t\t\t\t\t\t\t\t\t\t\t<td>60<\/td>\n\t\t\t\t\t\t\t\t\t\t\t<td>65<\/td>\n\t\t\t\t\t\t\t\t\t\t\t<td>100<\/td>\n\t\t\t\t\t\t\t\t\t\t\t<td>120<\/td>\n\t\t\t\t\t\t\t\t\t\t\t<td>160 <\/td>\n\t\t\t\t\t\t\t\t\t\t\t<td>180 <\/td>\n\t\t\t\t\t\t\t\t\t\t\t<td>200 <\/td>\n\t\t\t\t\t\t\t\t\t\t<\/tr>\n\t\t\t\t\t\t\t\t\t\t<tr>\n\t\t\t\t\t\t\t\t\t\t\t<th>Wysoko\u015b\u0107 ca\u0142kowita <br>(mm)<\/th>\n\t\t\t\t\t\t\t\t\t\t\t<td>926<\/td>\n\t\t\t\t\t\t\t\t\t\t\t<td>956<\/td>\n\t\t\t\t\t\t\t\t\t\t\t<td>1162<\/td>\n\t\t\t\t\t\t\t\t\t\t\t<td>1231<\/td>\n\t\t\t\t\t\t\t\t\t\t\t<td>1436<\/td>\n\t\t\t\t\t\t\t\t\t\t\t<td>1541<\/td>\n\t\t\t\t\t\t\t\t\t\t\t<td>1641<\/td>\n\t\t\t\t\t\t\t\t\t\t<\/tr>\n\t\t\t\t\t\t\t\t\t\t<tr>\n\t\t\t\t\t\t\t\t\t\t\t<th>Waga pustego <br>(kg)<\/th>\n\t\t\t\t\t\t\t\t\t\t\t<td>65<\/td>\n\t\t\t\t\t\t\t\t\t\t\t<td>66<\/td>\n\t\t\t\t\t\t\t\t\t\t\t<td>76<\/td>\n\t\t\t\t\t\t\t\t\t\t\t<td>82<\/td>\n\t\t\t\t\t\t\t\t\t\t\t<td>92<\/td>\n\t\t\t\t\t\t\t\t\t\t\t<td>99<\/td>\n\t\t\t\t\t\t\t\t\t\t\t<td>103<\/td>\n\t\t\t\t\t\t\t\t\t\t<\/tr>\n\t\t\t\t\t\t\t\t\t\t<tr>\n\t\t\t\t\t\t\t\t\t\t\t<th>Waga pe\u0142na <br>(kg azotu)<\/th>\n\t\t\t\t\t\t\t\t\t\t\t<td>113<\/td>\n\t\t\t\t\t\t\t\t\t\t\t<td>119<\/td>\n\t\t\t\t\t\t\t\t\t\t\t<td>160<\/td>\n\t\t\t\t\t\t\t\t\t\t\t<td>176<\/td>\n\t\t\t\t\t\t\t\t\t\t\t<td>216<\/td>\n\t\t\t\t\t\t\t\t\t\t\t<td>239<\/td>\n\t\t\t\t\t\t\t\t\t\t\t<td>258<\/td>\n\t\t\t\t\t\t\t\t\t\t<\/tr>\n\t\t\t\t\t\t\t\t\t\t<tr>\n\t\t\t\t\t\t\t\t\t\t\t<th>Pojemno\u015b\u0107 Netto <br>(L)<\/th>\n\t\t\t\t\t\t\t\t\t\t\t<td>59.9<\/td>\n\t\t\t\t\t\t\t\t\t\t\t<td>65.4<\/td>\n\t\t\t\t\t\t\t\t\t\t\t<td>103.4<\/td>\n\t\t\t\t\t\t\t\t\t\t\t<td>116.1<\/td>\n\t\t\t\t\t\t\t\t\t\t\t<td>153.8<\/td>\n\t\t\t\t\t\t\t\t\t\t\t<td>173.2<\/td>\n\t\t\t\t\t\t\t\t\t\t\t<td>191.6<\/td>\n\t\t\t\t\t\t\t\t\t\t<\/tr>\n\t\t\t\t\t\t\t\t\t\t<tr>\n\t\t\t\t\t\t\t\t\t\t\t<th>Dzienna strata w %, azot<\/th>\n\t\t\t\t\t\t\t\t\t\t\t<td>3.6<\/td>\n\t\t\t\t\t\t\t\t\t\t\t<td>3.4<\/td>\n\t\t\t\t\t\t\t\t\t\t\t<td>2.1<\/td>\n\t\t\t\t\t\t\t\t\t\t\t<td>2.0<\/td>\n\t\t\t\t\t\t\t\t\t\t\t<td>1.6<\/td>\n\t\t\t\t\t\t\t\t\t\t\t<td>1.5<\/td>\n\t\t\t\t\t\t\t\t\t\t\t<td>1.5<\/td>\n\t\t\t\t\t\t\t\t\t\t<\/tr>\n\t\t\t\t\t\t\t\t\t<\/tbody>\n\t\t\t\t\t\t\t\t<\/table>\n\t\t\t\t\t\t\t<\/div>\n\t\t\t\t\t\t<\/div>\n\t\t\t\t\t<\/div>\n\t\t\t\t\t<div role=\"tabpanel\" class=\"tablist__tabs-item\"\n\t\t\t\t\t\tx-show=\"isActive(2)\"\n\t\t\t\t\t\tx-transition:enter=\"transition duration-500 ease-in-out\"\n\t\t\t\t\t\tx-transition:enter-start=\"opacity-50\"\n\t\t\t\t\t\tx-transition:enter-end=\"opacity-100\"\n\t\t\t\t\t\t>\n\n\t\t\t\t\t\t<div class=\"scrolling\">\n\t\t\t\t\t\t\t<div class=\"scrolling-item flex-1\">\n\t\t\t\t\t\t\t\t<table class=\"section-table\">\n\t\t\t\t\t\t\t\t\t<tbody>\n\t\t\t\t\t\t\t\t\t\t<tr>\n\t\t\t\t\t\t\t\t\t\t\t<th>Pojemno\u015b\u0107 <br>(L)<\/th>\n\t\t\t\t\t\t\t\t\t\t\t<td>220<\/td>\n\t\t\t\t\t\t\t\t\t\t\t<td>240<\/td>\n\t\t\t\t\t\t\t\t\t\t\t<td>260<\/td>\n\t\t\t\t\t\t\t\t\t\t\t<td>280<\/td>\n\t\t\t\t\t\t\t\t\t\t\t<td>300<\/td>\n\t\t\t\t\t\t\t\t\t\t<\/tr>\n\t\t\t\t\t\t\t\t\t\t<tr>\n\t\t\t\t\t\t\t\t\t\t\t<th>Wysoko\u015b\u0107 ca\u0142kowita <br>(mm)<\/th>\n\t\t\t\t\t\t\t\t\t\t\t<td>1366<\/td>\n\t\t\t\t\t\t\t\t\t\t\t<td>1430<\/td>\n\t\t\t\t\t\t\t\t\t\t\t<td>1489<\/td>\n\t\t\t\t\t\t\t\t\t\t\t<td>1548<\/td>\n\t\t\t\t\t\t\t\t\t\t\t<td>1616<\/td>\n\t\t\t\t\t\t\t\t\t\t<\/tr>\n\t\t\t\t\t\t\t\t\t\t<tr>\n\t\t\t\t\t\t\t\t\t\t\t<th>Waga pustego <br>(kg)<\/th>\n\t\t\t\t\t\t\t\t\t\t\t<td>139<\/td>\n\t\t\t\t\t\t\t\t\t\t\t<td>143<\/td>\n\t\t\t\t\t\t\t\t\t\t\t<td>148<\/td>\n\t\t\t\t\t\t\t\t\t\t\t<td>154<\/td>\n\t\t\t\t\t\t\t\t\t\t\t<td>160<\/td>\n\t\t\t\t\t\t\t\t\t\t<\/tr>\n\t\t\t\t\t\t\t\t\t\t<tr>\n\t\t\t\t\t\t\t\t\t\t\t<th>Waga pe\u0142na <br>(kg azotu)<\/th>\n\t\t\t\t\t\t\t\t\t\t\t<td>312<\/td>\n\t\t\t\t\t\t\t\t\t\t\t<td>331<\/td>\n\t\t\t\t\t\t\t\t\t\t\t<td>352<\/td>\n\t\t\t\t\t\t\t\t\t\t\t<td>373<\/td>\n\t\t\t\t\t\t\t\t\t\t\t<td>396<\/td>\n\t\t\t\t\t\t\t\t\t\t<\/tr>\n\t\t\t\t\t\t\t\t\t\t<tr>\n\t\t\t\t\t\t\t\t\t\t\t<th>Pojemno\u015b\u0107 Netto <br>(L)<\/th>\n\t\t\t\t\t\t\t\t\t\t\t<td>214.0<\/td>\n\t\t\t\t\t\t\t\t\t\t\t<td>233.1<\/td>\n\t\t\t\t\t\t\t\t\t\t\t<td>252.1<\/td>\n\t\t\t\t\t\t\t\t\t\t\t<td>270.5<\/td>\n\t\t\t\t\t\t\t\t\t\t\t<td>291.9<\/td>\n\t\t\t\t\t\t\t\t\t\t<\/tr>\n\t\t\t\t\t\t\t\t\t\t<tr>\n                                            <th>Dzienna strata w %, azot<\/th>\n                                            <td>1.8<\/td>\n\t\t\t\t\t\t\t\t\t\t\t<td>1.7<\/td>\n\t\t\t\t\t\t\t\t\t\t\t<td>1.6<\/td>\n\t\t\t\t\t\t\t\t\t\t\t<td>1.5<\/td>\n\t\t\t\t\t\t\t\t\t\t\t<td>1.5 <\/td>\n\t\t\t\t\t\t\t\t\t\t<\/tr>\n\t\t\t\t\t\t\t\t\t<\/tbody>\n\t\t\t\t\t\t\t\t<\/table>\n\t\t\t\t\t\t\t<\/div>\n\t\t\t\t\t\t<\/div>\n\t\t\t\t\t<\/div>\n\t\t\t\t<\/div>\n\t\t\t<\/div>\n        <\/div>\n\t<\/div>\n<\/section>\n\n\n\n<aside class=\"section section-cta\">\n\t<div class=\"xl:container\">\n\t\t<div class=\"card\">\n\n\t\t\t\n<div class=\"cp-glass cp-glass--primary\">\n\n\t<img loading=\"lazy\" decoding=\"async\" width=\"1920\" height=\"1280\" class=\"js-parallax\" src=\"https:\/\/cryomed.pro\/wp-content\/themes\/cryomed\/resources\/img\/1920x1280\/1.jpg\" alt=\"Zbiorniki ci\u015bnieniowe - photo\" title=\"Zbiorniki ci\u015bnieniowe\" \/>\n\t\t\t<div class=\"cp-glass-backdrop\"><\/div>\n\t<\/div>\n\n\t\t\t<div class=\"card__body\">\n\t\t\t\t<p class=\"card__title\">Kupuj od lidera bran\u017cy z najwi\u0119ksz\u0105 liczb\u0105 urz\u0105dze\u0144 do krioterapii sprzedawanych na ca\u0142ym \u015bwiecie<\/p>\n\t\t\t\t<div class=\"flex flex-col flex-wrap items-center justify-center space-y-6 md:flex-row md:space-y-0 md:space-x-6 mt-10\">\n\n\t\t\t\t\t\n\t<button class=\"btn btn--large btn--white w-full md:w-auto\"\n\t\tdata-toggle=\"modal\"\n\t\tdata-type=\"contact-us\"\n\t\tdata-find=\"#modal-pills-price-tab\"\n\t\t>\n\n\t\tPopro\u015b o wycen\u0119\t<\/button>\n\n\t\n\t<button class=\"btn btn--large btn--white w-full md:w-auto\"\n\t\tdata-toggle=\"modal\"\n\t\tdata-type=\"contact-us\"\n\t\tdata-find=\"#modal-pills-distributor-tab\"\n\t\t>\n\n\t\tZosta\u0144 dystrybutorem\t<\/button>\n\n\t\n\t\t\t\t<\/div>\n\t\t\t<\/div>\n\t\t<\/div>\n\t<\/div>\n<\/aside>\n\n","protected":false},"excerpt":{"rendered":"<p>Ci\u015bnieniowy zbiornik kriogeniczny to zamkni\u0119ty pojemnik przeznaczony do przechowywania i transportu cieczy lub gazu w bardzo niskich temperaturach poni\u017cej -150\u00b0C.<\/p>\n","protected":false},"featured_media":105298,"parent":0,"menu_order":0,"template":"templates\/full-width.php","product_cat":[396,1428],"class_list":["hentry","has-post-thumbnail"],"meta_box":[],"_links":{"self":[{"href":"https:\/\/cryomed.pro\/pl\/wp-json\/wp\/v2\/product\/33426","targetHints":{"allow":["GET"]}}],"collection":[{"href":"https:\/\/cryomed.pro\/pl\/wp-json\/wp\/v2\/product"}],"about":[{"href":"https:\/\/cryomed.pro\/pl\/wp-json\/wp\/v2\/types\/product"}],"wp:featuredmedia":[{"embeddable":true,"href":"https:\/\/cryomed.pro\/pl\/wp-json\/wp\/v2\/media\/105298"}],"wp:attachment":[{"href":"https:\/\/cryomed.pro\/pl\/wp-json\/wp\/v2\/media?parent=33426"}],"wp:term":[{"taxonomy":"product_cat","embeddable":true,"href":"https:\/\/cryomed.pro\/pl\/wp-json\/wp\/v2\/product_cat?post=33426"}],"curies":[{"name":"wp","href":"https:\/\/api.w.org\/{rel}","templated":true}]}}