{"id":33422,"date":"2020-10-24T20:36:32","date_gmt":"2020-10-24T20:36:32","guid":{"rendered":"https:\/\/cryomed.pro\/equipment\/uncategorized\/non-pressurized-dewar-tanks\/"},"modified":"2024-10-29T20:37:47","modified_gmt":"2024-10-29T20:37:47","slug":"bezcisnieniowe-zbiorniki-dewara","status":"publish","type":"product","link":"https:\/\/cryomed.pro\/pl\/equipment\/cryogenic-tanks\/bezcisnieniowe-zbiorniki-dewara\/","title":{"rendered":"Bezci\u015bnieniowe zbiorniki Dewara"},"content":{"rendered":"\n<div class=\"hero hero-product-promo\">\n\t<div class=\"container\">\n\t\t<div class=\"hero-head\">\n\t\t\t\t\t\t\t<h1 class=\"hero-title\">Bezci\u015bnieniowe<br> zbiorniki Dewara<\/h1>\t\t\t\n\t\t\t\n\t\t\t\t\t<\/div>\n\t<\/div>\n\n\t<figure class=\"hero-media\" >\n\t\t<div class=\"px-4 flex justify-center\">\n<!--\t\t\t<img decoding=\"async\" src=\"--><!--\" title=\"--><!--\" alt=\"--><!--\">-->\n\t\t\t<img decoding=\"async\" src=\"https:\/\/cryomed.pro\/wp-content\/themes\/cryomed\/inc\/shortcodes\/products\/dewar-vessels\/assets\/img-hero.png\" title=\"\" alt=\" - photo\">\n\t\t<\/div>\n\t<\/figure>\n\n\t\t\t<div class=\"container\">\n\t\t\t<div class=\"hero-body\">\n\t\t\t\t\n\t\t<h2>Czym jest zbiornik Dewara?<\/h2>\n\t\t<p>Zbiorniki Dewara to specjalistyczne typy kolb pr\u00f3\u017cniowych przeznaczonych do transportu i przechowywania ciek\u0142ego azotu, argonu i tlenu. Zbiorniki Dewara s\u0105 r\u00f3wnie\u017c znane jako &quot;kriogeniczne kolby Dewara&quot; lub &quot;kolby na ciek\u0142y azot&quot;. Ich konstrukcja i izolacja termiczna zapewniaj\u0105 wystarczaj\u0105co nisk\u0105 temperatur\u0119 wewn\u0105trz, aby zapobiec nadmiernej utracie cieczy kriogenicznych, w tym ciek\u0142ego azotu.<\/p>\n\t\t<p>Kolby Dewara na ciek\u0142y azot oferuj\u0105 wysoce wydajne przechowywanie cieczy kriogenicznych w po\u0142\u0105czeniu z nisk\u0105 wag\u0105 i niewielkimi wymaganiami przestrzennymi. Nadaj\u0105 si\u0119 do u\u017cytku w centrach spa i kosmetycznych, plac\u00f3wkach opieki zdrowotnej i laboratoriach badawczych.<\/p>\n\t\t<p>Cryomed oferuje kolby Dewara na ciek\u0142y azot o pojemno\u015bci 10, 35 i 50 litr\u00f3w.<\/p>\n\n\t\t\t\t\t<\/div>\n\t\t<\/div>\n\t<\/div>\n\n\n<section x-data=\"{ ...dataSectionScrollBenefits() }\" x-init=\"init\" class=\"section section-scroll-benefits alignfull\">\n    <div class=\"container\">\n\t\t\t\t\t<header class=\"section__header\">\n\t\t\t\t<h2 class=\"section__title\" x-ref=\"title\">W\u0142a\u015bciwo\u015bci zbiornik\u00f3w Dewara<\/h2>\n\t\t\t<\/header>\n\t\t\n\t\t<div class=\"section-scroll-benefits__row\">\n\t\t\t\t\t\t\t<div class=\"section-scroll-benefits__col section-scroll-benefits__col-1\">\n\t\t\t\t\t<div class=\"section-scroll-benefits__stick\" x-ref=\"stick\">\n\t\t\t\t\t\t<img decoding=\"async\" class=\"section-scroll-benefits__image\" data-no-lazy=\"1\" src=\"https:\/\/cryomed.pro\/wp-content\/themes\/cryomed\/inc\/shortcodes\/products\/dewar-vessels\/assets\/benefits.png\" alt=\"W\u0142a\u015bciwo\u015bci zbiornik\u00f3w Dewara\">\n\t\t\t\t\t<\/div>\n\t\t\t\t<\/div>\n\t\t\t\n\t\t\t\t\t\t\t<div class=\"section-scroll-benefits__col section-scroll-benefits__col-2\">\n\t\t\t\t\t<ul class=\"section-scroll-benefits__list\" x-ref=\"items\">\n\t\t\t\t\t\t\t\t\t\t\t\t\t<li class=\"section-scroll-benefits__list-item\" data-node=\"item\">\n\t\t\t\t\t\t\t\t\n\t<div class=\"card\">\n\t\t\t\t\t<figure class=\"card__media\">\n\t\t\t\t<img decoding=\"async\" class=\"card__media-image\" src=\"https:\/\/cryomed.pro\/wp-content\/themes\/cryomed\/inc\/shortcodes\/products\/dewar-vessels\/assets\/benefits-settings.svg\" alt=\"Niski wsp\u00f3\u0142czynnik parowania\">\n\t\t\t<\/figure>\n\t\t\n\t\t<div class=\"card__body\">\n\n\t\t\t<div class=\"card__title text-navy\">Niski wsp\u00f3\u0142czynnik parowania<\/div>\n\t\t<\/div>\n\t<\/div>\n\n\t\t\t\t\t\t\t\t<\/li>\n\t\t\t\t\t\t\t\t\t\t\t\t\t<li class=\"section-scroll-benefits__list-item\" data-node=\"item\">\n\t\t\t\t\t\t\t\t\n\t<div class=\"card\">\n\t\t\t\t\t<figure class=\"card__media\">\n\t\t\t\t<img decoding=\"async\" class=\"card__media-image\" src=\"https:\/\/cryomed.pro\/wp-content\/themes\/cryomed\/inc\/shortcodes\/products\/dewar-vessels\/assets\/benefits-expand_2.svg\" alt=\"Niska masa w\u0142asna\">\n\t\t\t<\/figure>\n\t\t\n\t\t<div class=\"card__body\">\n\n\t\t\t<div class=\"card__title text-navy\">Niska masa w\u0142asna<\/div>\n\t\t<\/div>\n\t<\/div>\n\n\t\t\t\t\t\t\t\t<\/li>\n\t\t\t\t\t\t\t\t\t\t\t\t\t<li class=\"section-scroll-benefits__list-item\" data-node=\"item\">\n\t\t\t\t\t\t\t\t\n\t<div class=\"card\">\n\t\t\t\t\t<figure class=\"card__media\">\n\t\t\t\t<img decoding=\"async\" class=\"card__media-image\" src=\"https:\/\/cryomed.pro\/wp-content\/themes\/cryomed\/inc\/shortcodes\/products\/dewar-vessels\/assets\/benefits-thermometer_cold.svg\" alt=\"Zaawansowane technologie pr\u00f3\u017cniowe i izolacyjne\">\n\t\t\t<\/figure>\n\t\t\n\t\t<div class=\"card__body\">\n\n\t\t\t<div class=\"card__title text-navy\">Zaawansowane technologie pr\u00f3\u017cniowe i izolacyjne<\/div>\n\t\t<\/div>\n\t<\/div>\n\n\t\t\t\t\t\t\t\t<\/li>\n\t\t\t\t\t\t\t\t\t\t\t\t\t<li class=\"section-scroll-benefits__list-item\" data-node=\"item\">\n\t\t\t\t\t\t\t\t\n\t<div class=\"card\">\n\t\t\t\t\t<figure class=\"card__media\">\n\t\t\t\t<img decoding=\"async\" class=\"card__media-image\" src=\"https:\/\/cryomed.pro\/wp-content\/themes\/cryomed\/inc\/shortcodes\/products\/dewar-vessels\/assets\/benefits-nitrogen.svg\" alt=\"Pojemno\u015b\u0107 od 10 do 50&nbsp;litr\u00f3w\">\n\t\t\t<\/figure>\n\t\t\n\t\t<div class=\"card__body\">\n\n\t\t\t<div class=\"card__title text-navy\">Pojemno\u015b\u0107 od 10 do 50&nbsp;litr\u00f3w<\/div>\n\t\t<\/div>\n\t<\/div>\n\n\t\t\t\t\t\t\t\t<\/li>\n\t\t\t\t\t\t\t\t\t\t\t\t\t<li class=\"section-scroll-benefits__list-item\" data-node=\"item\">\n\t\t\t\t\t\t\t\t\n\t<div class=\"card\">\n\t\t\t\t\t<figure class=\"card__media\">\n\t\t\t\t<img decoding=\"async\" class=\"card__media-image\" src=\"https:\/\/cryomed.pro\/wp-content\/themes\/cryomed\/inc\/shortcodes\/products\/dewar-vessels\/assets\/benefits-rocket_launch.svg\" alt=\"Przypisana \u017cywotno\u015b\u0107 - 8&nbsp;lat w odpowiednich warunkach\">\n\t\t\t<\/figure>\n\t\t\n\t\t<div class=\"card__body\">\n\n\t\t\t<div class=\"card__title text-navy\">Przypisana \u017cywotno\u015b\u0107 - 8&nbsp;lat w odpowiednich warunkach<\/div>\n\t\t<\/div>\n\t<\/div>\n\n\t\t\t\t\t\t\t\t<\/li>\n\t\t\t\t\t\t\t\t\t\t\t<\/ul>\n\t\t\t\t<\/div>\n\t\t\t\t\t<\/div>\n    <\/div>\n<\/section>\n\n\n<section class=\"section section-tech-specs\">\n\t<div class=\"container\">\n\t\t<div class=\"section__header text-center\">\n\t\t\t<h2 class=\"section__title\">Parametry techniczne <br>zbiornik\u00f3w Dewara<\/h2>\n\t\t<\/div>\n\n\t\t<div class=\"section__body\">\n\t\t\t<div class=\"scrolling\">\n\t\t\t\t<div class=\"scrolling-item flex-1\">\n\t\t\t\t\t<table class=\"section-table\">\n\t\t\t\t\t\t<tbody>\n\t\t\t\t\t\t\t<tr>\n\t\t\t\t\t\t\t\t<th>Pojemno\u015b\u0107 <br>(L)<\/th>\n\t\t\t\t\t\t\t\t<td>10<\/td>\n\t\t\t\t\t\t\t\t<td>35<\/td>\n\t\t\t\t\t\t\t\t<td>50<\/td>\n\t\t\t\t\t\t\t<\/tr>\n\t\t\t\t\t\t\t<tr>\n\t\t\t\t\t\t\t\t<th>\u015arednica szyjki <br>(mm)<\/th>\n\t\t\t\t\t\t\t\t<td>50<\/td>\n\t\t\t\t\t\t\t\t<td>50<\/td>\n\t\t\t\t\t\t\t\t<td>50<\/td>\n\t\t\t\t\t\t\t<\/tr>\n\t\t\t\t\t\t\t<tr>\n\t\t\t\t\t\t\t\t<th>\u015arednica zbiornika <br>(mm)<\/th>\n\t\t\t\t\t\t\t\t<td>305<\/td>\n\t\t\t\t\t\t\t\t<td>455<\/td>\n\t\t\t\t\t\t\t\t<td>495<\/td>\n\t\t\t\t\t\t\t<\/tr>\n\t\t\t\t\t\t\t<tr>\n\t\t\t\t\t\t\t\t<th>Wysoko\u015b\u0107 ca\u0142kowita <br>(mm)<\/th>\n\t\t\t\t\t\t\t\t<td>530<\/td>\n\t\t\t\t\t\t\t\t<td>720<\/td>\n\t\t\t\t\t\t\t\t<td>855<\/td>\n\t\t\t\t\t\t\t<\/tr>\n\t\t\t\t\t\t\t<tr>\n\t\t\t\t\t\t\t\t<th>Waga pustego <br>(kg)<\/th>\n\t\t\t\t\t\t\t\t<td>5.4<\/td>\n\t\t\t\t\t\t\t\t<td>17<\/td>\n\t\t\t\t\t\t\t\t<td>19.5<\/td>\n\t\t\t\t\t\t\t<\/tr>\n\t\t\t\t\t\t\t<tr>\n\t\t\t\t\t\t\t\t<th>Waga pe\u0142na <br>(kg azotu)<\/th>\n\t\t\t\t\t\t\t\t<td>13.4<\/td>\n\t\t\t\t\t\t\t\t<td>45<\/td>\n\t\t\t\t\t\t\t\t<td>59.5<\/td>\n\t\t\t\t\t\t\t<\/tr>\n\t\t\t\t\t\t\t<tr>\n                                <th>Dzienna strata w %, azot<\/th>\n                                <td>0.088<\/td>\n\t\t\t\t\t\t\t\t<td>0.09<\/td>\n\t\t\t\t\t\t\t\t<td>0.2<\/td>\n\t\t\t\t\t\t\t<\/tr>\n\t\t\t\t\t\t<\/tbody>\n\t\t\t\t\t<\/table>\n\t\t\t\t<\/div>\n\t\t\t<\/div>\n\t\t<\/div>\n\t\t<div class=\"text-center mt-10 lg:mt-16 text-promo\">\n\t\t\t<p>Aby unikn\u0105\u0107 uszkodzenia zbiornik\u00f3w kriogenicznych, nale\u017cy post\u0119powa\u0107 zgodnie z  <br>instrukcjami obs\u0142ugi sprz\u0119tu kriogenicznego.<\/p>\n\t\t<\/div>\n\t<\/div>\n<\/section>\n\n\n<section class=\"section section-media-text section-media-text-2\">\n\t<div class=\"container grid gap-10 lg:grid-cols-2 xl:gap-20\">\n\t\t<div class=\"col-span-2 lg:col-span-1\">\n\t\t\t<div class=\"section-media-text-media\">\n\t\t\t\t<img decoding=\"async\" src=\"https:\/\/cryomed.pro\/wp-content\/themes\/cryomed\/inc\/shortcodes\/products\/dewar-vessels\/assets\/img-1.jpg\" alt=\"Bezci\u015bnieniowe zbiorniki Dewara\">\n\t\t\t<\/div>\n\t\t<\/div>\n\n\t\t<div class=\"col-span-2 lg:col-span-1\">\n\t\t\t<h2 class=\"section-media-text-title\">Przechowywanie kriogeniczne w krioterapii<\/h2>\n\t\t\t<div class=\"section-media-text-text\">\n\t\t\t\t<p>Zbiorniki Dewara w krioterapii s\u0142u\u017c\u0105 przede wszystkim do dostarczania azotu do urz\u0105dze\u0144 kriogenicznych podczas ich pracy. Inn\u0105 ich funkcj\u0105 jest transport i przechowywanie ciek\u0142ego azotu z zachowaniem maksymalnego bezpiecze\u0144stwa i wydajno\u015bci.<\/p>\n\t\t\t\t<p>Oferowane przez nas zbiorniki Dewara s\u0105 kompatybilne z urz\u0105dzeniami Cryomed do kriokomory ca\u0142ego cia\u0142a i miejscowej:<\/p>\n\t\t\t\t<ul class=\"section-media-text-list\">\n\t\t\t\t\t<li>35-litrowe zbiorniki Dewara s\u0105 dostarczane w zestawie z kriokomorami typu Dewara i lokalnymi maszynami kriogenicznymi;<\/li>\n\t\t\t\t\t<li>50-litrowe zbiorniki s\u0105 dost\u0119pne opcjonalnie dla kriokom\u00f3r i CRYOFAN CF-04;<\/li>\n\t\t\t\t\t<li>10-litrowe zbiorniki Dewara s\u0105 opcjonalne dla CRYOFAN CF-04.<\/li>\n\t\t\t\t<\/ul>\n\t\t\t\t<p>Zach\u0119camy do kontaktu z naszym dzia\u0142em sprzeda\u017cy w celu uzyskania cen zbiornik\u00f3w Dewar.<\/p>\n\t\t\t<\/div>\n\t\t<\/div>\n\t<\/div>\n<\/section>\n\n\n<aside class=\"section section-cta\">\n\t<div class=\"xl:container\">\n\t\t<div class=\"card\">\n\n\t\t\t\n<div class=\"cp-glass cp-glass--primary\">\n\n\t<img loading=\"lazy\" decoding=\"async\" width=\"1920\" height=\"1280\" class=\"js-parallax\" src=\"https:\/\/cryomed.pro\/wp-content\/themes\/cryomed\/resources\/img\/1920x1280\/1.jpg\" alt=\"Bezci\u015bnieniowe zbiorniki Dewara - photo\" title=\"Bezci\u015bnieniowe zbiorniki Dewara\" \/>\n\t\t\t<div class=\"cp-glass-backdrop\"><\/div>\n\t<\/div>\n\n\t\t\t<div class=\"card__body\">\n\t\t\t\t<p class=\"card__title\">Kupuj od lidera bran\u017cy z najwi\u0119ksz\u0105 liczb\u0105 urz\u0105dze\u0144 do krioterapii sprzedawanych na ca\u0142ym \u015bwiecie<\/p>\n\t\t\t\t<div class=\"flex flex-col flex-wrap items-center justify-center space-y-6 md:flex-row md:space-y-0 md:space-x-6 mt-10\">\n\n\t\t\t\t\t\n\t<button class=\"btn btn--large btn--white w-full md:w-auto\"\n\t\tdata-toggle=\"modal\"\n\t\tdata-type=\"contact-us\"\n\t\tdata-find=\"#modal-pills-price-tab\"\n\t\t>\n\n\t\tPopro\u015b o wycen\u0119\t<\/button>\n\n\t\n\t<button class=\"btn btn--large btn--white w-full md:w-auto\"\n\t\tdata-toggle=\"modal\"\n\t\tdata-type=\"contact-us\"\n\t\tdata-find=\"#modal-pills-distributor-tab\"\n\t\t>\n\n\t\tZosta\u0144 dystrybutorem\t<\/button>\n\n\t\n\t\t\t\t<\/div>\n\t\t\t<\/div>\n\t\t<\/div>\n\t<\/div>\n<\/aside>\n\n\n\n<section class=\"section section-equipment\">\n    <div class=\"container\">\n        <header class=\"section__header\">\n            <h2 class=\"section__title\">Inne produkty<\/h2>\n        <\/header>\n    <\/div>\n\n    <div x-data=\"dataTablist(1)\" x-init=\"init\" class=\"tabs tablist tablist--white\" role=\"tablist\">\n        <div class=\"container\">\n            <div x-cloak class=\"tablist__navs\" x-ref=\"navs\">\n                <button role=\"tab\" class=\"tablist__navs-item\" :class=\"isActiveClass(1)\" @click=\"setActive(1)\">Nowy<\/button>\n                <button role=\"tab\" class=\"tablist__navs-item\" :class=\"isActiveClass(2)\" @click=\"setActive(2)\">Dost\u0119pno\u015b\u0107 w magazynie<\/button>\n                <button role=\"tab\" class=\"tablist__navs-item\" :class=\"isActiveClass(3)\" @click=\"setActive(3)\">U\u017cywane<\/button>\n            <\/div>\n        <\/div>\n\n        <div class=\"tablist__tabs\" x-ref=\"tabs\">\n\t\t\t<div role=\"tabpanel\" class=\"tablist__tabs-item\"\n\t\t        x-show=\"isActive(1)\"\n\t\t        x-transition:enter=\"transition duration-500 ease-in-out\"\n\t\t        x-transition:enter-start=\"opacity-50\"\n\t\t        x-transition:enter-end=\"opacity-100\"\n\t\t        >\n\n\t\t\t    <div class=\"container\">\n\n\t\t\t        \n\n\t\t\t        \t\t\t            <div class=\"scrolling-v2\">\n\t\t\t\t\t\t\t\n\t\t\t\t\t\t\t\t<div class=\"scrolling-v2__item flex flex-col\">\n\t\t\t\t\t\t\t\t\t<article class=\"card relative text-center flex-1 flex flex-col\">\n\t\t\t\t\t\t\t\t\t\t<div class=\"card__media\">\n\t\t\t\t\t\t\t\t\t\t\t<img loading=\"lazy\" decoding=\"async\" width=\"440\" height=\"650\" src=\"https:\/\/cryomed.pro\/wp-content\/uploads\/2021\/04\/cryosauna.png\" class=\"attachment-full size-full\" alt=\"\" srcset=\"https:\/\/cryomed.pro\/wp-content\/uploads\/2021\/04\/cryosauna.png 440w, https:\/\/cryomed.pro\/wp-content\/uploads\/2021\/04\/cryosauna-203x300.png 203w\" sizes=\"auto, (max-width: 440px) 100vw, 440px\" \/>\t\t\t\t\t\t\t\t\t\t<\/div>\n\n\t\t\t\t\t\t\t\t\t\t<div class=\"card__body\">\n\t\t\t\t\t\t\t\t\t\t\t<div class=\"card__title text-navy font-light\">Krioterapia ca\u0142ego cia\u0142a<\/div>\n\t\t\t\t\t\t\t\t\t\t\t<a href=\"https:\/\/cryomed.pro\/equipment\/cryosaunas\/\" class=\"btn btn--blue mt-auto link-stretched\">Dowiedz si\u0119 wi\u0119cej<\/a>\n\t\t\t\t\t\t\t\t\t\t<\/div>\n\t\t\t\t\t\t\t\t\t<\/article>\n\t\t\t\t\t\t\t\t<\/div>\n\n\t\t\t\t\t\t\t\n\t\t\t\t\t\t\t\t<div class=\"scrolling-v2__item flex flex-col\">\n\t\t\t\t\t\t\t\t\t<article class=\"card relative text-center flex-1 flex flex-col\">\n\t\t\t\t\t\t\t\t\t\t<div class=\"card__media\">\n\t\t\t\t\t\t\t\t\t\t\t<img loading=\"lazy\" decoding=\"async\" width=\"440\" height=\"650\" src=\"https:\/\/cryomed.pro\/wp-content\/uploads\/2021\/04\/cryofan.png\" class=\"attachment-full size-full\" alt=\"\" srcset=\"https:\/\/cryomed.pro\/wp-content\/uploads\/2021\/04\/cryofan.png 440w, https:\/\/cryomed.pro\/wp-content\/uploads\/2021\/04\/cryofan-203x300.png 203w\" sizes=\"auto, (max-width: 440px) 100vw, 440px\" \/>\t\t\t\t\t\t\t\t\t\t<\/div>\n\n\t\t\t\t\t\t\t\t\t\t<div class=\"card__body\">\n\t\t\t\t\t\t\t\t\t\t\t<div class=\"card__title text-navy font-light\">Krioterapia miejscowa<\/div>\n\t\t\t\t\t\t\t\t\t\t\t<a href=\"https:\/\/cryomed.pro\/equipment\/cryofans\/\" class=\"btn btn--blue mt-auto link-stretched\">Dowiedz si\u0119 wi\u0119cej<\/a>\n\t\t\t\t\t\t\t\t\t\t<\/div>\n\t\t\t\t\t\t\t\t\t<\/article>\n\t\t\t\t\t\t\t\t<\/div>\n\n\t\t\t\t\t\t\t\n\t\t\t\t\t\t\t\t<div class=\"scrolling-v2__item flex flex-col\">\n\t\t\t\t\t\t\t\t\t<article class=\"card relative text-center flex-1 flex flex-col\">\n\t\t\t\t\t\t\t\t\t\t<div class=\"card__media\">\n\t\t\t\t\t\t\t\t\t\t\t<img loading=\"lazy\" decoding=\"async\" width=\"620\" height=\"650\" src=\"https:\/\/cryomed.pro\/wp-content\/uploads\/2021\/09\/mobile.png\" class=\"attachment-full size-full\" alt=\"\" srcset=\"https:\/\/cryomed.pro\/wp-content\/uploads\/2021\/09\/mobile.png 620w, https:\/\/cryomed.pro\/wp-content\/uploads\/2021\/09\/mobile-286x300.png 286w\" sizes=\"auto, (max-width: 620px) 100vw, 620px\" \/>\t\t\t\t\t\t\t\t\t\t<\/div>\n\n\t\t\t\t\t\t\t\t\t\t<div class=\"card__body\">\n\t\t\t\t\t\t\t\t\t\t\t<div class=\"card__title text-navy font-light\">Mobilna kriosauna<\/div>\n\t\t\t\t\t\t\t\t\t\t\t<a href=\"https:\/\/cryomed.pro\/equipment\/mobile\/\" class=\"btn btn--blue mt-auto link-stretched\">Dowiedz si\u0119 wi\u0119cej<\/a>\n\t\t\t\t\t\t\t\t\t\t<\/div>\n\t\t\t\t\t\t\t\t\t<\/article>\n\t\t\t\t\t\t\t\t<\/div>\n\n\t\t\t\t\t\t\t\t\t\t            <\/div>\n\t\t\t        \n\t\t        <\/div>\n\t\t    <\/div>\n            <div role=\"tabpanel\" class=\"tablist__tabs-item\"\n            x-show=\"isActive(2)\"\n            x-transition:enter=\"transition duration-500 ease-in-out\"\n            x-transition:enter-start=\"opacity-50\"\n            x-transition:enter-end=\"opacity-100\"\n            >\n\n            <div class=\"container\">\n\n                <div class=\"scrolling-v2\">\n                    <div class=\"scrolling-v2__item flex flex-col\">\n                        <article class=\"card relative text-center flex-1 flex flex-col\">\n                            <div class=\"card__media\">\n                                <img loading=\"lazy\" decoding=\"async\" width=\"340\" height=\"340\" src=\"https:\/\/cryomed.pro\/wp-content\/uploads\/2021\/12\/MINI_GB-340x340.jpg\" class=\"attachment-340x340 size-340x340 wp-post-image\" alt=\"\" srcset=\"https:\/\/cryomed.pro\/wp-content\/uploads\/2021\/12\/MINI_GB-340x340.jpg 340w, https:\/\/cryomed.pro\/wp-content\/uploads\/2021\/12\/MINI_GB-300x300.jpg 300w, https:\/\/cryomed.pro\/wp-content\/uploads\/2021\/12\/MINI_GB-150x150.jpg 150w, https:\/\/cryomed.pro\/wp-content\/uploads\/2021\/12\/MINI_GB-768x768.jpg 768w, https:\/\/cryomed.pro\/wp-content\/uploads\/2021\/12\/MINI_GB-100x100.jpg 100w, https:\/\/cryomed.pro\/wp-content\/uploads\/2021\/12\/MINI_GB-160x160.jpg 160w, https:\/\/cryomed.pro\/wp-content\/uploads\/2021\/12\/MINI_GB-900x900.jpg 900w, https:\/\/cryomed.pro\/wp-content\/uploads\/2021\/12\/MINI_GB.jpg 1000w\" sizes=\"auto, (max-width: 340px) 100vw, 340px\" \/>                            <\/div>\n\n                            <div class=\"card__body\">\n                                <div class=\"card__title text-navy font-light\">Cryomed Mini (w magazynie)<\/div>\n                                <a href=\"https:\/\/cryomed.pro\/pl\/equipment\/kriosauny\/cryomed-mini-w-magazynie\/\" class=\"btn btn--blue mt-auto link-stretched\">Dowiedz si\u0119 wi\u0119cej<\/a>\n                            <\/div>\n                        <\/article>\n                    <\/div>\n\n\n                    <\/div>\n                <\/div>\n            <\/div>\n            <div role=\"tabpanel\" class=\"tablist__tabs-item\"\n            x-show=\"isActive(3)\"\n            x-transition:enter=\"transition duration-500 ease-in-out\"\n            x-transition:enter-start=\"opacity-50\"\n            x-transition:enter-end=\"opacity-100\"\n            >\n\n            <div class=\"container\">\n\n                <div class=\"scrolling-v2\">\n                    <div class=\"scrolling-v2__item flex flex-col\">\n                        <article class=\"card relative text-center flex-1 flex flex-col\">\n                            <div class=\"card__media\">\n                                <img loading=\"lazy\" decoding=\"async\" width=\"240\" height=\"320\" src=\"https:\/\/cryomed.pro\/wp-content\/uploads\/2023\/11\/image0-rotated.jpeg\" class=\"attachment-340x340 size-340x340 wp-post-image\" alt=\"\" srcset=\"https:\/\/cryomed.pro\/wp-content\/uploads\/2023\/11\/image0-rotated.jpeg 240w, https:\/\/cryomed.pro\/wp-content\/uploads\/2023\/11\/image0-225x300.jpeg 225w\" sizes=\"auto, (max-width: 240px) 100vw, 240px\" \/>                            <\/div>\n\n                            <div class=\"card__body\">\n                                <div class=\"card__title text-navy font-light\">2021 Impact Cryo, USA used cryotherapy machine<\/div>\n                                <a href=\"https:\/\/cryomed.pro\/pl\/equipment\/kriosauny\/2021-impact-cryo-usa-used-cryotherapy-machine\/\" class=\"btn btn--blue mt-auto link-stretched\">Dowiedz si\u0119 wi\u0119cej<\/a>\n                            <\/div>\n                        <\/article>\n                    <\/div>\n\n\n                    <\/div>\n                <\/div>\n            <\/div>\n        <\/div>\n    <\/div>\n<\/section>\n\n\n\n\n<p><\/p>\n","protected":false},"excerpt":{"rendered":"<p>Zbiorniki Dewara to specjalistyczne typy kolb pr\u00f3\u017cniowych przeznaczonych do transportu i przechowywania ciek\u0142ego azotu, argonu i tlenu<\/p>\n","protected":false},"featured_media":10439,"parent":0,"menu_order":0,"template":"templates\/full-width.php","product_cat":[392,396],"class_list":["hentry","has-post-thumbnail"],"meta_box":[],"_links":{"self":[{"href":"https:\/\/cryomed.pro\/pl\/wp-json\/wp\/v2\/product\/33422","targetHints":{"allow":["GET"]}}],"collection":[{"href":"https:\/\/cryomed.pro\/pl\/wp-json\/wp\/v2\/product"}],"about":[{"href":"https:\/\/cryomed.pro\/pl\/wp-json\/wp\/v2\/types\/product"}],"wp:featuredmedia":[{"embeddable":true,"href":"https:\/\/cryomed.pro\/pl\/wp-json\/wp\/v2\/media\/10439"}],"wp:attachment":[{"href":"https:\/\/cryomed.pro\/pl\/wp-json\/wp\/v2\/media?parent=33422"}],"wp:term":[{"taxonomy":"product_cat","embeddable":true,"href":"https:\/\/cryomed.pro\/pl\/wp-json\/wp\/v2\/product_cat?post=33422"}],"curies":[{"name":"wp","href":"https:\/\/api.w.org\/{rel}","templated":true}]}}