{"id":46022,"date":"2025-01-13T19:35:11","date_gmt":"2025-01-13T19:35:11","guid":{"rendered":"https:\/\/cryomed.pro\/thank-you-page\/"},"modified":"2025-03-04T17:42:10","modified_gmt":"2025-03-04T17:42:10","slug":"thank-you-page","status":"publish","type":"page","link":"https:\/\/cryomed.pro\/pl\/thank-you-page\/","title":{"rendered":"Dzi\u0119kujemy za kontakt"},"content":{"rendered":"\n<h3 class=\"wp-block-heading has-text-align-center\"><br>Nasz zesp\u00f3\u0142 skontaktuje si\u0119 z Tob\u0105 <br>drog\u0105 mailow\u0105<br>w jak najkr\u00f3tszym czasie.<\/h3>\n\n\n\n<p style=\"text-align:center\">Je\u015bli Twoja sprawa jest pilna, nie wahaj si\u0119 skontaktowa\u0107 z nami telefonicznie\/za pomoc\u0105 WhatsAppa pod numerem <a href=\"tel:48459568082\">+ 48 459 568 082<\/a>.<br><strong>Godziny pracy:<\/strong> Poniedzia\u0142ek \u2013 Pi\u0105tek (8:00 \u2013 16:30, CET\/CEST)<\/p>\n\n\n\n<p style=\"text-align:center\"><a href=\"\/pl\/biznes\/uslugi\/cryotherapy-business-course\/\"><u>Zapisz<\/u><\/a> si\u0119 na nasz BEZP\u0141ATNY kurs e-mailowy, aby otrzyma\u0107 kompleksowy plan dzia\u0142ania i praktyczne porady dotycz\u0105ce prowadzenia udanego biznesu z zakresu krioterapii.<\/p>\n\n\n\n<h3 class=\"wp-block-heading has-text-align-center\">Kurs Biznesu Krioterapii:<br>Plan dzia\u0142ania krok po kroku<\/h3>\n\n\n\n<p><a href=\"https:\/\/cryomed.pro\/pl\/biznes\/uslugi\/cryotherapy-business-course\/\" style=\"margin-top: 20px;--tw-bg-opacity: .2\" class=\"btn btn--blue btn--large w-full\">Tak, zapisz mnie!<\/a><\/p>\n\n\n\n<p><\/p>\n","protected":false},"excerpt":{"rendered":"<p>Nasz zesp\u00f3\u0142 skontaktuje si\u0119 z Tob\u0105 drog\u0105 mailow\u0105w jak najkr\u00f3tszym czasie. Je\u015bli Twoja sprawa jest pilna, nie wahaj si\u0119 skontaktowa\u0107 z nami telefonicznie\/za&hellip;<\/p>\n","protected":false},"author":10,"featured_media":0,"parent":0,"menu_order":0,"comment_status":"closed","ping_status":"closed","template":"","meta":{"inline_featured_image":false,"footnotes":""},"class_list":["hentry"],"meta_box":[],"_links":{"self":[{"href":"https:\/\/cryomed.pro\/pl\/wp-json\/wp\/v2\/pages\/46022","targetHints":{"allow":["GET"]}}],"collection":[{"href":"https:\/\/cryomed.pro\/pl\/wp-json\/wp\/v2\/pages"}],"about":[{"href":"https:\/\/cryomed.pro\/pl\/wp-json\/wp\/v2\/types\/page"}],"author":[{"embeddable":true,"href":"https:\/\/cryomed.pro\/pl\/wp-json\/wp\/v2\/users\/10"}],"replies":[{"embeddable":true,"href":"https:\/\/cryomed.pro\/pl\/wp-json\/wp\/v2\/comments?post=46022"}],"version-history":[{"count":4,"href":"https:\/\/cryomed.pro\/pl\/wp-json\/wp\/v2\/pages\/46022\/revisions"}],"predecessor-version":[{"id":46026,"href":"https:\/\/cryomed.pro\/pl\/wp-json\/wp\/v2\/pages\/46022\/revisions\/46026"}],"wp:attachment":[{"href":"https:\/\/cryomed.pro\/pl\/wp-json\/wp\/v2\/media?parent=46022"}],"curies":[{"name":"wp","href":"https:\/\/api.w.org\/{rel}","templated":true}]}}