{"id":40842,"date":"2024-01-06T10:20:16","date_gmt":"2024-01-06T10:20:16","guid":{"rendered":"https:\/\/cryomed.pro\/biznes\/uslugi\/cryotherapy-business-course\/"},"modified":"2024-06-09T19:54:33","modified_gmt":"2024-06-09T19:54:33","slug":"cryotherapy-business-course","status":"publish","type":"page","link":"https:\/\/cryomed.pro\/pl\/biznes\/uslugi\/cryotherapy-business-course\/","title":{"rendered":"Kurs biznesowy krioterapii"},"content":{"rendered":"\n<p class=\"has-text-align-justify text-justify\">Krioterapia to pojedynczy pomys\u0142 na biznes, dzi\u0119ki kt\u00f3remu mo\u017cesz zarobi\u0107 od 30\u00a0do\u00a070\u00a0EUR w trzy minuty, zaspokoi\u0107 potrzeby szerokiego grona klient\u00f3w i \u0142atwo w\u0142\u0105czy\u0107 si\u0119 do dowolnej istniej\u0105cej firmy. Cryomed jest tutaj, aby wesprze\u0107 Ci\u0119 i poprowadzi\u0107 Ci\u0119 przed sprzeda\u017c\u0105 i po jej zako\u0144czeniu, aby mie\u0107 pewno\u015b\u0107, \u017ce szybko odzyskasz inwestycj\u0119 i zwi\u0119kszysz zyski.<br><br>Niezale\u017cnie od tego, czy rozpoczynasz nowy projekt, czy prowadzisz istniej\u0105c\u0105 firm\u0119 i chcesz doda\u0107 us\u0142ugi krioterapii, zawsze \u0142atwiej jest mie\u0107 jasny przewodnik dziel\u0105cy proces na \u0142atwe do wykonania etapy. Cryomed jest tutaj, aby Ci pom\u00f3c.<\/p>\n\n\n\n<div style=\"height:50px\" aria-hidden=\"true\" class=\"wp-block-spacer\"><\/div>\n\n\n\n<div class=\"wp-block-group alignwide subscribe-color-block is-vertical is-content-justification-center is-layout-flex wp-container-core-group-is-layout-4b2eccd6 wp-block-group-is-layout-flex\">\n<h3 class=\"wp-block-heading has-text-align-center\"><strong>Zapisz si\u0119 na nasz biznesowy kurs e-mailowy 101\u00a0Cryotherapy i zyskaj:<\/strong><\/h3>\n\n\n\n<div class=\"wp-block-columns is-layout-flex wp-container-core-columns-is-layout-9d6595d7 wp-block-columns-is-layout-flex\">\n<div class=\"wp-block-column is-layout-flow wp-block-column-is-layout-flow\" style=\"flex-basis:30%\">\n<h4 class=\"wp-block-heading has-text-align-center\">PLAN DZIA\u0141ANIA <br>KROK PO KROKU<\/h4>\n\n\n\n<hr class=\"wp-block-separator has-alpha-channel-opacity\" \/>\n\n\n\n<p>Przeprowadzimy Ci\u0119 przez ca\u0142y proces za\u0142o\u017cenie i prowadzenie dzia\u0142alno\u015bci w zakresie krioterapii.<\/p>\n<\/div>\n\n\n\n<div class=\"wp-block-column is-layout-flow wp-block-column-is-layout-flow\" style=\"flex-basis:30%\">\n<h4 class=\"wp-block-heading has-text-align-center\">KR\u00d3TKIE I \u0141ATWE INSTRUKCJE<\/h4>\n\n\n\n<hr class=\"wp-block-separator has-alpha-channel-opacity\" \/>\n\n\n\n<ul class=\"wp-block-list\">\n<li>Wynegocjuj najlepsz\u0105 cen\u0119 ciek\u0142ego azotu.\u00a0<\/li>\n\n\n\n<li>Zidentyfikuj docelowe grupy klient\u00f3w.<\/li>\n\n\n\n<li>Promuj swoj\u0105 firm\u0119 w Internecie i lokalnie.<\/li>\n\n\n\n<li>Przeszkol operatora krioterapii.\u00a0<\/li>\n<\/ul>\n<\/div>\n\n\n\n<div class=\"wp-block-column is-layout-flow wp-block-column-is-layout-flow\" style=\"flex-basis:30%\">\n<h4 class=\"wp-block-heading has-text-align-center\">KALKULATOR BIZNESOWY KRIOTERAPII<\/h4>\n\n\n\n<hr class=\"wp-block-separator has-alpha-channel-opacity\" \/>\n\n\n\n<p>Zwizualizuj swoje koszty\/zyski, podaj\u0105c rzeczywiste liczby.<\/p>\n<\/div>\n<\/div>\n<\/div>\n\n\n\n<div style=\"height:50px\" aria-hidden=\"true\" class=\"wp-block-spacer\"><\/div>\n\n\n\n<h3 class=\"wp-block-heading has-text-align-center\"><strong>Dlaczego kurs e-mailowy Cryomed jest dla Ciebie dobry?<\/strong><\/h3>\n\n\n\n<ul class=\"wp-block-list\">\n<li>Oszcz\u0119dza czas i wysi\u0142ek, poniewa\u017c daje kr\u00f3tkie i jasne odpowiedzi na Twoje pytania.<\/li>\n\n\n\n<li>Oszcz\u0119dza pieni\u0105dze, poniewa\u017c jest ca\u0142kowicie darmowy.<\/li>\n\n\n\n<li>\u0141atwe do\u0142\u0105czenie: wype\u0142nij kr\u00f3tki formularz rejestracyjny i gotowe.<\/li>\n\n\n\n<li>\u0142atwo zrezygnowa\u0107: opcja rezygnacji z subskrypcji jednym klikni\u0119ciem.<\/li>\n\n\n\n<li>Otwarto\u015b\u0107: jeste\u015bmy otwarci na opinie i czekamy na Twoje pro\u015bby o dodanie konkretnych temat\u00f3w do naszego kursu e-mailowego.<\/li>\n<\/ul>\n\n\n\n<p>Mo\u017cesz tak\u017ce polega\u0107 na naszym zespole szkoleniowym, kt\u00f3ry zapewni Ci wsparcie od wprowadzenia produktu na rynek a\u017c po dzia\u0142ania posprzeda\u017cowe.<\/p>\n\n\n\n<div style=\"height:50px\" aria-hidden=\"true\" class=\"wp-block-spacer\"><\/div>\n\n\n\n<div class=\"wp-block-group alignwide subscribe-form-block\" id=\"subscribe-form\"><div class=\"wp-block-group__inner-container is-layout-constrained wp-block-group-is-layout-constrained\">\n<h3 class=\"wp-block-heading has-text-align-center has-white-color has-text-color has-link-color wp-elements-04b978f037c0f471f85b11956b46ff05\"><strong><strong><strong>Czy jeste\u015b gotowy, aby do\u0142\u0105czy\u0107? Powiedz nam<\/strong><\/strong><\/strong><\/h3>\n\n\n\n<div class=\"wp-block-contact-form-7-contact-form-selector\">\n<div class=\"wpcf7 no-js\" id=\"wpcf7-f40847-o1\" lang=\"pl-PL\" dir=\"ltr\" data-wpcf7-id=\"40847\">\n<div class=\"screen-reader-response\"><p role=\"status\" aria-live=\"polite\" aria-atomic=\"true\"><\/p> <ul><\/ul><\/div>\n<form action=\"\/pl\/wp-json\/wp\/v2\/pages\/40842#wpcf7-f40847-o1\" method=\"post\" class=\"wpcf7-form init form\" aria-label=\"Formularz kontaktowy\" novalidate=\"novalidate\" data-status=\"init\">\n<fieldset class=\"hidden-fields-container\"><input type=\"hidden\" name=\"_wpcf7\" value=\"40847\" \/><input type=\"hidden\" name=\"_wpcf7_version\" value=\"6.1.5\" \/><input type=\"hidden\" name=\"_wpcf7_locale\" value=\"pl_PL\" \/><input type=\"hidden\" name=\"_wpcf7_unit_tag\" value=\"wpcf7-f40847-o1\" \/><input type=\"hidden\" name=\"_wpcf7_container_post\" value=\"0\" \/><input type=\"hidden\" name=\"_wpcf7_posted_data_hash\" value=\"\" \/><input type=\"hidden\" name=\"_wpcf7_recaptcha_response\" value=\"\" \/>\n<\/fieldset>\n<div class=\"grid grid-cols-6 gap-10\">\n    <div class=\"col-span-6\">\n        <div class=\"form__group\">\n            <input size=\"40\" maxlength=\"400\" class=\"wpcf7-form-control wpcf7-text wpcf7-validates-as-required form__control\" id=\"rp-your-name\" aria-required=\"true\" aria-invalid=\"false\" placeholder=\"Name\" value=\"\" type=\"text\" name=\"your-name\" \/>\n            <label for=\"rp-your-name\">Your name<span class=\"is-reqiured\">*<\/span><\/label>\n        <\/div>\n    <\/div>\n    <div class=\"col-span-6\">\n        <div class=\"form__group\">\n            <input size=\"40\" maxlength=\"400\" class=\"wpcf7-form-control wpcf7-email wpcf7-validates-as-required wpcf7-text wpcf7-validates-as-email form__control\" id=\"rp-your-email\" aria-required=\"true\" aria-invalid=\"false\" placeholder=\"Your Email\" value=\"\" type=\"email\" name=\"your-email\" \/>\n            <label for=\"rp-your-email\">Your e-mail<span class=\"is-reqiured\">*<\/span><\/label>\n        <\/div>\n    <\/div>\n    <div class=\"col-span-6 lg:col-span-2\">\n        Do you run an existing business?\n    <\/div>\n    <div class=\"col-span-6 lg:col-span-4\">\n        <div class=\"form__group\">\n            <span class=\"wpcf7-form-control wpcf7-radio\"><span class=\"wpcf7-list-item first\"><label><input type=\"radio\" name=\"radio-334\" value=\"Yes\" checked=\"checked\" \/><span class=\"wpcf7-list-item-label\">Yes<\/span><\/label><\/span><span class=\"wpcf7-list-item last\"><label><input type=\"radio\" name=\"radio-334\" value=\"No\" \/><span class=\"wpcf7-list-item-label\">No<\/span><\/label><\/span><\/span>\n        <\/div>\n    <\/div>\n    <div class=\"col-span-6 lg:col-span-2\">\n        Industry you work in:\n    <\/div>\n    <div class=\"col-span-2 lg:col-span-4\">\n        <div class=\"form__group\">\n            <span class=\"wpcf7-form-control wpcf7-checkbox\"><span class=\"wpcf7-list-item first\"><label><input type=\"checkbox\" name=\"checkbox-155[]\" value=\"Wellness\" \/><span class=\"wpcf7-list-item-label\">Wellness<\/span><\/label><\/span><span class=\"wpcf7-list-item\"><label><input type=\"checkbox\" name=\"checkbox-155[]\" value=\"Beauty\" \/><span class=\"wpcf7-list-item-label\">Beauty<\/span><\/label><\/span><span class=\"wpcf7-list-item\"><label><input type=\"checkbox\" name=\"checkbox-155[]\" value=\"Sports\" \/><span class=\"wpcf7-list-item-label\">Sports<\/span><\/label><\/span><span class=\"wpcf7-list-item last\"><label><input type=\"checkbox\" name=\"checkbox-155[]\" value=\"Healthcare\" \/><span class=\"wpcf7-list-item-label\">Healthcare<\/span><\/label><\/span><\/span>\n        <\/div>\n        <div class=\"form__group\">\n            <input size=\"40\" maxlength=\"400\" class=\"wpcf7-form-control wpcf7-text form__control\" id=\"rp-other\" aria-invalid=\"false\" placeholder=\"Other\" value=\"\" type=\"text\" name=\"other\" \/>\n            <label for=\"rp-other\">Other<\/label>\n        <\/div>\n    <\/div>\n    <div class=\"col-span-6\">\n        <div class=\"form__group\">\n            <span class=\"wpcf7-form-control wpcf7-acceptance\"><span class=\"wpcf7-list-item\"><label><input type=\"checkbox\" name=\"your-consent\" value=\"1\" class=\"m-0\" aria-invalid=\"false\" \/><span class=\"wpcf7-list-item-label\">Zapozna\u0142em si\u0119 z <a href=\"https:\/\/cryomed.pro\/privacy-policy\/\">Polityka prywatno\u015bci<\/a> i wyrazi\u0107 zgod\u0119 na otrzymywanie najnowszych wiadomo\u015bci od Cryomed.<\/span><\/label><\/span><\/span>\n        <\/div>\n    <\/div>\n    <div class=\"col-span-6\">\n        <input class=\"wpcf7-form-control wpcf7-hidden\" value=\"\" type=\"hidden\" name=\"hidId\" \/>\n        <input class=\"wpcf7-form-control wpcf7-hidden hidden\" value=\"\" type=\"hidden\" name=\"country-dial\" \/>\n        <input class=\"wpcf7-form-control wpcf7-hidden hidden\" value=\"\" type=\"hidden\" name=\"country-code\" \/>\n        <label for=\"wpcf7-6a0140e8a352b-field\" class=\"hp-message\">Please leave this field empty.<\/label><input id=\"wpcf7-6a0140e8a352b-field\"  class=\"wpcf7-form-control wpcf7-text hidden\" type=\"text\" name=\"honeypot-789\" value=\"\" size=\"40\" tabindex=\"-1\" autocomplete=\"new-password\" \/>\n        <input class=\"wpcf7-form-control wpcf7-submit has-spinner btn btn--blue btn--large w-full\" type=\"submit\" value=\"LET\u2019S GO\" \/>\n    <\/div>\n<\/div><input type=\"hidden\" id=\"ct_checkjs_cf7_f9a40a4780f5e1306c46f1c8daecee3b\" name=\"ct_checkjs_cf7\" value=\"0\" \/><script >setTimeout(function(){var ct_input_name = \"ct_checkjs_cf7_f9a40a4780f5e1306c46f1c8daecee3b\";if (document.getElementById(ct_input_name) !== null) {var ct_input_value = document.getElementById(ct_input_name).value;document.getElementById(ct_input_name).value = document.getElementById(ct_input_name).value.replace(ct_input_value, '650844910');}}, 1000);<\/script><input\n                    class=\"apbct_special_field apbct_email_id__wp_contact_form_7\"\n                    name=\"apbct__email_id__wp_contact_form_7\"\n                    aria-label=\"apbct__label_id__wp_contact_form_7\"\n                    type=\"text\" size=\"30\" maxlength=\"200\" autocomplete=\"off\"\n                    value=\"\"\n                \/><div class=\"wpcf7-response-output\" aria-hidden=\"true\"><\/div>\n<\/form>\n<\/div>\n<\/div>\n<\/div><\/div>\n","protected":false},"excerpt":{"rendered":"<p>Krioterapia to pojedynczy pomys\u0142 na biznes, dzi\u0119ki kt\u00f3remu mo\u017cesz zarobi\u0107 od 30\u00a0do\u00a070\u00a0EUR w trzy minuty, zaspokoi\u0107 potrzeby szerokiego grona klient\u00f3w i \u0142atwo w\u0142\u0105czy\u0107&hellip;<\/p>\n","protected":false},"author":10,"featured_media":0,"parent":33883,"menu_order":0,"comment_status":"closed","ping_status":"closed","template":"","meta":{"inline_featured_image":false,"footnotes":""},"class_list":["hentry"],"meta_box":[],"_links":{"self":[{"href":"https:\/\/cryomed.pro\/pl\/wp-json\/wp\/v2\/pages\/40842","targetHints":{"allow":["GET"]}}],"collection":[{"href":"https:\/\/cryomed.pro\/pl\/wp-json\/wp\/v2\/pages"}],"about":[{"href":"https:\/\/cryomed.pro\/pl\/wp-json\/wp\/v2\/types\/page"}],"author":[{"embeddable":true,"href":"https:\/\/cryomed.pro\/pl\/wp-json\/wp\/v2\/users\/10"}],"replies":[{"embeddable":true,"href":"https:\/\/cryomed.pro\/pl\/wp-json\/wp\/v2\/comments?post=40842"}],"version-history":[{"count":0,"href":"https:\/\/cryomed.pro\/pl\/wp-json\/wp\/v2\/pages\/40842\/revisions"}],"up":[{"embeddable":true,"href":"https:\/\/cryomed.pro\/pl\/wp-json\/wp\/v2\/pages\/33883"}],"wp:attachment":[{"href":"https:\/\/cryomed.pro\/pl\/wp-json\/wp\/v2\/media?parent=40842"}],"curies":[{"name":"wp","href":"https:\/\/api.w.org\/{rel}","templated":true}]}}