{"id":40827,"date":"2024-03-04T16:10:04","date_gmt":"2024-03-04T16:10:04","guid":{"rendered":"https:\/\/cryomed.pro\/cancellation-survey\/"},"modified":"2024-06-08T22:52:04","modified_gmt":"2024-06-08T22:52:04","slug":"ankieta-dotyczaca-rezygnacji-z-subskrypcji","status":"publish","type":"page","link":"https:\/\/cryomed.pro\/pl\/ankieta-dotyczaca-rezygnacji-z-subskrypcji\/","title":{"rendered":"Ankieta dotycz\u0105ca rezygnacji z subskrypcji"},"content":{"rendered":"\n<p>Szanowny Kliencie,<\/p>\n\n\n\n<p>Ta wiadomo\u015b\u0107 potwierdza, \u017ce \u200b\u200bw\u0142a\u015bnie anulowa\u0142e\u015b subskrypcj\u0119 kursu biznesowego z zakresu krioterapii firmy Cryomed. Anulowanie staje si\u0119 wa\u017cne natychmiast.<\/p>\n\n\n\n<p>Przykro nam, \u017ce odchodzisz, i mamy nadziej\u0119, \u017ce w przysz\u0142o\u015bci rozwa\u017cysz us\u0142ugi i produkty Cryomed.<\/p>\n\n\n\n<p>Byliby\u015bmy bardzo wdzi\u0119czni, gdyby\u015b odpowiedzia\u0142 na trzy proste pytania, kt\u00f3re pomog\u0105 nam si\u0119 ulepszy\u0107. Dzi\u0119kujemy, \u017ce pomagasz nam w naszej podr\u00f3\u017cy, aby s\u0142u\u017cy\u0107 Ci lepiej!&nbsp;<\/p>\n\n\n\n<p>Jeszcze raz dzi\u0119kujemy za bycie cennym cz\u0142onkiem spo\u0142eczno\u015bci Cryomed.<\/p>\n\n\n\n<p>Z wyrazami szacunku,&nbsp;<\/p>\n\n\n\n<p>Tw\u00f3j zesp\u00f3\u0142 Cryomed<\/p>\n\n\n\n<div style=\"height:50px\" aria-hidden=\"true\" class=\"wp-block-spacer\"><\/div>\n\n\n\n<h3 class=\"wp-block-heading\">Dzi\u0119kujemy za zapisanie si\u0119 na kurs biznesowy z zakresu krioterapii firmy Cryomed!<\/h3>\n\n\n\n<div style=\"height:50px\" aria-hidden=\"true\" class=\"wp-block-spacer\"><\/div>\n\n\n\n<div class=\"wpcf7 no-js\" id=\"wpcf7-f40830-o1\" lang=\"pl-PL\" dir=\"ltr\" data-wpcf7-id=\"40830\">\n<div class=\"screen-reader-response\"><p role=\"status\" aria-live=\"polite\" aria-atomic=\"true\"><\/p> <ul><\/ul><\/div>\n<form action=\"\/pl\/wp-json\/wp\/v2\/pages\/40827#wpcf7-f40830-o1\" method=\"post\" class=\"wpcf7-form init form\" aria-label=\"Formularz kontaktowy\" novalidate=\"novalidate\" data-status=\"init\">\n<fieldset class=\"hidden-fields-container\"><input type=\"hidden\" name=\"_wpcf7\" value=\"40830\" \/><input type=\"hidden\" name=\"_wpcf7_version\" value=\"6.1.5\" \/><input type=\"hidden\" name=\"_wpcf7_locale\" value=\"pl_PL\" \/><input type=\"hidden\" name=\"_wpcf7_unit_tag\" value=\"wpcf7-f40830-o1\" \/><input type=\"hidden\" name=\"_wpcf7_container_post\" value=\"0\" \/><input type=\"hidden\" name=\"_wpcf7_posted_data_hash\" value=\"\" \/><input type=\"hidden\" name=\"_wpcf7_recaptcha_response\" value=\"\" \/>\n<\/fieldset>\n<div class=\"cancellation-survey-form\">\n\t\t\t<h4>Jaki by\u0142 g\u0142\u00f3wny pow\u00f3d rezygnacji z subskrypcji?<\/h4>\n \n\t\t\t<span class=\"wpcf7-form-control wpcf7-radio\"><span class=\"wpcf7-list-item first\"><label><input type=\"radio\" name=\"Question1\" value=\"Nie jest ju\u017c potrzebne.\" \/><span class=\"wpcf7-list-item-label\">Nie jest ju\u017c potrzebne.<\/span><\/label><\/span><span class=\"wpcf7-list-item\"><label><input type=\"radio\" name=\"Question1\" value=\"Nie spe\u0142ni\u0142 moich oczekiwa\u0144.\" \/><span class=\"wpcf7-list-item-label\">Nie spe\u0142ni\u0142 moich oczekiwa\u0144.<\/span><\/label><\/span><span class=\"wpcf7-list-item\"><label><input type=\"radio\" name=\"Question1\" value=\"Zbyt skomplikowane, aby zrozumie\u0107\/zastosowa\u0107 w prawdziwym \u017cyciu.\" \/><span class=\"wpcf7-list-item-label\">Zbyt skomplikowane, aby zrozumie\u0107\/zastosowa\u0107 w prawdziwym \u017cyciu.<\/span><\/label><\/span><span class=\"wpcf7-list-item last\"><label><input type=\"radio\" name=\"Question1\" value=\"Inne (puste pole do wprowadzenia informacji):\" \/><span class=\"wpcf7-list-item-label\">Inne (puste pole do wprowadzenia informacji):<\/span><\/label><\/span><\/span>\n\t\t\t<input size=\"40\" maxlength=\"400\" class=\"wpcf7-form-control wpcf7-text\" aria-invalid=\"false\" value=\"\" type=\"text\" name=\"OtherQuestion1\" \/>\n    \n\n\t\t\t<h4>Czy poleci\u0142by\u015b nasz kurs innym?<\/h4>\n\n\t\t\t<span class=\"wpcf7-form-control wpcf7-radio\"><span class=\"wpcf7-list-item first\"><label><input type=\"radio\" name=\"Question2\" value=\"Zdecydowanie\" \/><span class=\"wpcf7-list-item-label\">Zdecydowanie<\/span><\/label><\/span><span class=\"wpcf7-list-item\"><label><input type=\"radio\" name=\"Question2\" value=\"Prawdopodobnie\" \/><span class=\"wpcf7-list-item-label\">Prawdopodobnie<\/span><\/label><\/span><span class=\"wpcf7-list-item\"><label><input type=\"radio\" name=\"Question2\" value=\"Niepewny\" \/><span class=\"wpcf7-list-item-label\">Niepewny<\/span><\/label><\/span><span class=\"wpcf7-list-item\"><label><input type=\"radio\" name=\"Question2\" value=\"Prawdopodobnie nie\" \/><span class=\"wpcf7-list-item-label\">Prawdopodobnie nie<\/span><\/label><\/span><span class=\"wpcf7-list-item last\"><label><input type=\"radio\" name=\"Question2\" value=\"Absolutnie nie\" \/><span class=\"wpcf7-list-item-label\">Absolutnie nie<\/span><\/label><\/span><\/span>\n \n\t\t\t<h4 class=\"mt-50\" style=\"line-height:1.5\">Og\u00f3lnie rzecz bior\u0105c, czy uwa\u017casz, \u017ce informacje zawarte w kursie s\u0105 dla Ciebie przydatne?<\/h4>\n\n                        <div class=\"rating\">\n\t\t\t     <span class=\"wpcf7-form-control wpcf7-radio\"><span class=\"wpcf7-list-item first\"><span class=\"wpcf7-list-item-label\">1<\/span><input type=\"radio\" name=\"Question3\" value=\"1\" \/><\/span><span class=\"wpcf7-list-item\"><span class=\"wpcf7-list-item-label\">2<\/span><input type=\"radio\" name=\"Question3\" value=\"2\" \/><\/span><span class=\"wpcf7-list-item\"><span class=\"wpcf7-list-item-label\">3<\/span><input type=\"radio\" name=\"Question3\" value=\"3\" \/><\/span><span class=\"wpcf7-list-item\"><span class=\"wpcf7-list-item-label\">4<\/span><input type=\"radio\" name=\"Question3\" value=\"4\" \/><\/span><span class=\"wpcf7-list-item last\"><span class=\"wpcf7-list-item-label\">5<\/span><input type=\"radio\" name=\"Question3\" value=\"5\" \/><\/span><\/span>\n\n\t\t\t     <div class=\"_flex _justify-between\">\n\t\t\t\t<div class=\"small-text\">Bardzo zadowolony<\/div>\n\t\t\t\t<div class=\"small-text\">Bardzo niezadowolony<\/div>\n\t\t\t     <\/div>\n                        <\/div>\n\n\t\t  \n\t\t       <input class=\"wpcf7-form-control wpcf7-submit has-spinner btn btn--blue btn--large w-full\" type=\"submit\" value=\"Wy\u015blij\" \/>\t\t\n<\/div><input type=\"hidden\" id=\"ct_checkjs_cf7_210f760a89db30aa72ca258a3483cc7f\" name=\"ct_checkjs_cf7\" value=\"0\" \/><script >setTimeout(function(){var ct_input_name = \"ct_checkjs_cf7_210f760a89db30aa72ca258a3483cc7f\";if (document.getElementById(ct_input_name) !== null) {var ct_input_value = document.getElementById(ct_input_name).value;document.getElementById(ct_input_name).value = document.getElementById(ct_input_name).value.replace(ct_input_value, '1561205420');}}, 1000);<\/script><input\n                    class=\"apbct_special_field apbct_email_id__wp_contact_form_7\"\n                    name=\"apbct__email_id__wp_contact_form_7\"\n                    aria-label=\"apbct__label_id__wp_contact_form_7\"\n                    type=\"text\" size=\"30\" maxlength=\"200\" autocomplete=\"off\"\n                    value=\"\"\n                \/><div class=\"wpcf7-response-output\" aria-hidden=\"true\"><\/div>\n<\/form>\n<\/div>\n\n","protected":false},"excerpt":{"rendered":"<p>Szanowny Kliencie, Ta wiadomo\u015b\u0107 potwierdza, \u017ce \u200b\u200bw\u0142a\u015bnie anulowa\u0142e\u015b subskrypcj\u0119 kursu biznesowego z zakresu krioterapii firmy Cryomed. Anulowanie staje si\u0119 wa\u017cne natychmiast. Przykro nam,&hellip;<\/p>\n","protected":false},"author":10,"featured_media":0,"parent":0,"menu_order":0,"comment_status":"closed","ping_status":"closed","template":"","meta":{"inline_featured_image":false,"footnotes":""},"class_list":["hentry"],"meta_box":[],"_links":{"self":[{"href":"https:\/\/cryomed.pro\/pl\/wp-json\/wp\/v2\/pages\/40827","targetHints":{"allow":["GET"]}}],"collection":[{"href":"https:\/\/cryomed.pro\/pl\/wp-json\/wp\/v2\/pages"}],"about":[{"href":"https:\/\/cryomed.pro\/pl\/wp-json\/wp\/v2\/types\/page"}],"author":[{"embeddable":true,"href":"https:\/\/cryomed.pro\/pl\/wp-json\/wp\/v2\/users\/10"}],"replies":[{"embeddable":true,"href":"https:\/\/cryomed.pro\/pl\/wp-json\/wp\/v2\/comments?post=40827"}],"version-history":[{"count":0,"href":"https:\/\/cryomed.pro\/pl\/wp-json\/wp\/v2\/pages\/40827\/revisions"}],"wp:attachment":[{"href":"https:\/\/cryomed.pro\/pl\/wp-json\/wp\/v2\/media?parent=40827"}],"curies":[{"name":"wp","href":"https:\/\/api.w.org\/{rel}","templated":true}]}}