{"id":33872,"date":"2020-08-07T14:22:32","date_gmt":"2020-08-07T14:22:32","guid":{"rendered":"https:\/\/cryomed.pro\/about-us\/our-team\/"},"modified":"2024-10-29T20:30:48","modified_gmt":"2024-10-29T20:30:48","slug":"nasz-zespol","status":"publish","type":"page","link":"https:\/\/cryomed.pro\/pl\/o-nas\/nasz-zespol\/","title":{"rendered":"Nasz zesp\u00f3\u0142"},"content":{"rendered":"\n\n\n\n<div class=\"section section-our-team-gallery\">\n\t<div class=\"container\">\n\t\t<!-- <div class=\"grid sm:grid-cols-2 lg:grid-cols-3 xl:grid-cols-4 gap-10\"> -->\n\t\t<div class=\"grid sm:grid-cols-2 lg:grid-cols-3 gap-10 xl:gap-20\">\n\t\t\t<div class=\"card\">\n\t\t\t\t<figure class=\"card-media\">\n\t\t\t\t\t<img decoding=\"async\" src=\"https:\/\/cryomed.pro\/wp-content\/themes\/cryomed\/inc\/shortcodes\/pages\/about-us\/our-team\/assets\/Olena Sydorenko, Marketing Director.jpg\" alt=\"Olena Sydorenko\">\n\t\t\t\t<\/figure>\n\n\t\t\t\t<div class=\"card-body flex flex-col justify-center text-center mt-4\">\n\t\t\t\t\t<span class=\"card-name text-navy\">Olena Sydorenko<\/span>\n\t\t\t\t\t<span class=\"card-position text-navy text-opacity-50 text-sm font-light mt-1\">Dyrektor ds. marketingu<\/span>\n\t\t\t\t<\/div>\n\t\t\t<\/div>\n\t\t\t<div class=\"card\">\n\t\t\t\t<figure class=\"card-media\">\n\t\t\t\t\t<img decoding=\"async\" src=\"https:\/\/cryomed.pro\/wp-content\/themes\/cryomed\/inc\/shortcodes\/pages\/about-us\/our-team\/assets\/Mykhailo Liubchenko, Co-Owner of Cryomed Manufacture s.r.o.jpg\" alt=\"Mychaj\u0142o Liubczenko\">\n\t\t\t\t<\/figure>\n\n\t\t\t\t<div class=\"card-body flex flex-col justify-center text-center mt-4\">\n\t\t\t\t\t<span class=\"card-name text-navy\">Mychaj\u0142o Liubczenko<\/span>\n\t\t\t\t\t<span class=\"card-position text-navy text-opacity-50 text-sm font-light mt-1\">Dyrektor generalny Cryomed Manufacture s.r.o<\/span>\n\t\t\t\t<\/div>\n\t\t\t<\/div>\n\t\t\t<div class=\"card\">\n\t\t\t\t<figure class=\"card-media\">\n\t\t\t\t\t<img decoding=\"async\" src=\"https:\/\/cryomed.pro\/wp-content\/themes\/cryomed\/inc\/shortcodes\/pages\/about-us\/our-team\/assets\/Mariia Shepilova, Marketing Director Assistant.jpg\" alt=\"Mariia Shepilova\">\n\t\t\t\t<\/figure>\n\n\t\t\t\t<div class=\"card-body flex flex-col justify-center text-center mt-4\">\n\t\t\t\t\t<span class=\"card-name text-navy\">Mariia Shepilova<\/span>\n\t\t\t\t\t<span class=\"card-position text-navy text-opacity-50 text-sm font-light mt-1\">Asystent dyrektora ds. marketingu<\/span>\n\t\t\t\t<\/div>\n\t\t\t<\/div>\n\t\t\t<div class=\"card\">\n\t\t\t\t<figure class=\"card-media\">\n\t\t\t\t\t<img decoding=\"async\" src=\"https:\/\/cryomed.pro\/wp-content\/themes\/cryomed\/inc\/shortcodes\/pages\/about-us\/our-team\/assets\/Sergii Kryvonos, Sales Representative.jpg\" alt=\"Sergii Kryvonos\">\n\t\t\t\t<\/figure>\n\n\t\t\t\t<div class=\"card-body flex flex-col justify-center text-center mt-4\">\n\t\t\t\t\t<span class=\"card-name text-navy\">Sergii Kryvonos<\/span>\n\t\t\t\t\t<span class=\"card-position text-navy text-opacity-50 text-sm font-light mt-1\">Przedstawiciel handlowy<\/span>\n\t\t\t\t<\/div>\n\t\t\t<\/div>\n\t\t\t<div class=\"card\">\n\t\t\t\t<figure class=\"card-media\">\n\t\t\t\t\t<img decoding=\"async\" src=\"https:\/\/cryomed.pro\/wp-content\/themes\/cryomed\/inc\/shortcodes\/pages\/about-us\/our-team\/assets\/Viktoriia Boyarska, Back-Office Manager.jpg\" alt=\"Viktoriia Boyarska\">\n\t\t\t\t<\/figure>\n\n\t\t\t\t<div class=\"card-body flex flex-col justify-center text-center mt-4\">\n\t\t\t\t\t<span class=\"card-name text-navy\">Viktoriia Boyarska<\/span>\n\t\t\t\t\t<span class=\"card-position text-navy text-opacity-50 text-sm font-light mt-1\">Kierownik zaplecza<\/span>\n\t\t\t\t<\/div>\n\t\t\t<\/div>\n\t\t\t<div class=\"card\">\n\t\t\t\t<figure class=\"card-media\">\n\t\t\t\t\t<img decoding=\"async\" src=\"https:\/\/cryomed.pro\/wp-content\/themes\/cryomed\/inc\/shortcodes\/pages\/about-us\/our-team\/assets\/Larysa Zhbanova, Project Manager.jpg\" alt=\"Larysa Zhbanova\">\n\t\t\t\t<\/figure>\n\n\t\t\t\t<div class=\"card-body flex flex-col justify-center text-center mt-4\">\n\t\t\t\t\t<span class=\"card-name text-navy\">Larysa Zhbanova<\/span>\n\t\t\t\t\t<span class=\"card-position text-navy text-opacity-50 text-sm font-light mt-1\">Kierownik projektu<\/span>\n\t\t\t\t<\/div>\n\t\t\t<\/div>\n\t\t\t<div class=\"card\">\n\t\t\t\t<figure class=\"card-media\">\n\t\t\t\t\t<img decoding=\"async\" src=\"https:\/\/cryomed.pro\/wp-content\/themes\/cryomed\/inc\/shortcodes\/pages\/about-us\/our-team\/assets\/Yulia Lievshyna, SMM manager.jpg\" alt=\"Yulia Lievshyna\">\n\t\t\t\t<\/figure>\n\n\t\t\t\t<div class=\"card-body flex flex-col justify-center text-center mt-4\">\n\t\t\t\t\t<span class=\"card-name text-navy\">Yulia Lievshyna<\/span>\n\t\t\t\t\t<span class=\"card-position text-navy text-opacity-50 text-sm font-light mt-1\">Mened\u017cer SMM<\/span>\n\t\t\t\t<\/div>\n\t\t\t<\/div>\n\t\t<\/div>\n\t<\/div>\n<\/div>\n\n\n\n<div class=\"section section-why-us\">\n\t<div class=\"container\">\n\t\t<header class=\"section__header text-center\">\n            <h2 class=\"section__title\">Dlaczego my?<\/h2>\n        <\/header>\n\n\t\t<div class=\"section-row\" style=\"text-align: justify\">\n\t\t\t<div class=\"section-col col-span-1 flex flex-col\">\n\t\t\t\t<div class=\"card flex-1\">\n                    <div class=\"card-media\">\n                        <img decoding=\"async\" src=\"https:\/\/cryomed.pro\/wp-content\/themes\/cryomed\/inc\/shortcodes\/pages\/about-us\/our-team\/assets\/circles_three_plus.svg\" alt=\"Nasz zesp\u00f3\u0142\">\n                    <\/div>\n                    <div class=\"card-body\">\n                        <h3 class=\"card-title\">Robimy r\u00f3\u017cnic\u0119<\/h3>\n                        <p>Oferujemy najszersz\u0105 gam\u0119 modeli produkt\u00f3w do krioterapii na rynku, obejmuj\u0105c\u0105 ca\u0142e cia\u0142o, W naszych kriokomorach mo\u017cesz wybra\u0107 rozmiar urz\u0105dzenia w zale\u017cno\u015bci od lokalizacji, wi\u0119ksz\u0105 lub mniejsz\u0105 kabin\u0119 w zale\u017cno\u015bci od obs\u0142ugiwanych klient\u00f3w, kompatybilno\u015b\u0107 z Dewarami lub zbiornikami ci\u015bnieniowymi w zale\u017cno\u015bci od liczby zabieg\u00f3w, kt\u00f3re planujesz zapewni\u0107.<\/p>\n                    <\/div>\n                <\/div>\n\t\t\t<\/div>\n\t\t\t<div class=\"section-col col-span-1 flex flex-col\">\n\t\t\t\t<div class=\"card flex-1\">\n                    <div class=\"card-media\">\n                        <img decoding=\"async\" src=\"https:\/\/cryomed.pro\/wp-content\/themes\/cryomed\/inc\/shortcodes\/pages\/about-us\/our-team\/assets\/chart_up.svg\" alt=\"Nasz zesp\u00f3\u0142\">\n                    <\/div>\n                    <div class=\"card-body\">\n                        <h3 class=\"card-title\">Rozwijamy si\u0119<\/h3>\n                        <p>Nasz dzia\u0142 badawczo-rozwojowy co roku wypuszcza nowe modele i co kilka miesi\u0119cy wprowadza ulepszenia i aktualizacje oprogramowania, aby stworzy\u0107 najbezpieczniejsze i najprzyjemniejsze \u015brodowisko krioterapii.<\/p>\n                    <\/div>\n                <\/div>\n\t\t\t<\/div>\n\t\t\t<div class=\"section-col col-span-1 flex flex-col\">\n\t\t\t\t<div class=\"card flex-1\">\n                    <div class=\"card-media\">\n                        <img decoding=\"async\" src=\"https:\/\/cryomed.pro\/wp-content\/themes\/cryomed\/inc\/shortcodes\/pages\/about-us\/our-team\/assets\/timer.svg\" alt=\"Nasz zesp\u00f3\u0142\">\n                    <\/div>\n                    <div class=\"card-body\">\n                        <h3 class=\"card-title\">Mamy do\u015bwiadczenie<\/h3>\n                        <p>Z ponad 20-letni\u0105 histori\u0105 produkcji <\/p>\n                    <\/div>\n                <\/div>\n\t\t\t<\/div>\n\t\t\t<div class=\"section-col col-span-1 flex flex-col\">\n\t\t\t\t<div class=\"card flex-1\">\n                    <div class=\"card-media\">\n                        <img decoding=\"async\" src=\"https:\/\/cryomed.pro\/wp-content\/themes\/cryomed\/inc\/shortcodes\/pages\/about-us\/our-team\/assets\/cryobus.svg\" alt=\"Nasz zesp\u00f3\u0142\">\n                    <\/div>\n                    <div class=\"card-body\">\n                        <h3 class=\"card-title\">Dostarczamy<\/h3>\n                        <p>Jeste\u015bmy pewni jako\u015bci naszych produkt\u00f3w.<\/p>\n                    <\/div>\n                <\/div>\n\t\t\t<\/div>\n\t\t<\/div>\n\t<\/div>\n<\/div>\n\n\n\n<section class=\"section section-benefits-2\">\n    <div class=\"container\">\n        <header class=\"section__header text-center\">\n            <h2 class=\"section__title\">Us\u0142ugi biznesowe<\/h2>\n        <\/header>\n\n        <div class=\"section-row\">\n            <div class=\"section-col col-span-1 flex flex-col\">\n                <div class=\"card flex-1\">\n                    <div class=\"card-media\">\n                        <img decoding=\"async\" src=\"https:\/\/cryomed.pro\/wp-content\/themes\/cryomed\/inc\/shortcodes\/pages\/about-us\/our-team\/assets\/handshake.svg\" alt=\"Nasz zesp\u00f3\u0142\">\n                    <\/div>\n                    <div class=\"card-body\">\n                        <h3 class=\"card-title\">Rozpoczynamy<\/h3>\n                        <p>Wybierz leasing, wynajem lub wymian\u0119, aby rozpocz\u0105\u0107 dzia\u0142alno\u015b\u0107<\/p>\n                    <\/div>\n                <\/div>\n            <\/div>\n            <div class=\"section-col col-span-1 flex flex-col\">\n                <div class=\"card flex-1\">\n                    <div class=\"card-media\">\n                        <img decoding=\"async\" src=\"https:\/\/cryomed.pro\/wp-content\/themes\/cryomed\/inc\/shortcodes\/pages\/about-us\/our-team\/assets\/book_open.svg\" alt=\"Nasz zesp\u00f3\u0142\">\n                    <\/div>\n                    <div class=\"card-body\">\n                        <h3 class=\"card-title\">Obs\u0142ugujemy<\/h3>\n                        <p>Otrzymaj pe\u0142ny pakiet marketingowy i promocyjny, aby rozpocz\u0105\u0107 dzia\u0142alno\u015b\u0107.<\/p>\n                    <\/div>\n                <\/div>\n            <\/div>\n            <div class=\"section-col col-span-1 flex flex-col\">\n                <div class=\"card flex-1\">\n                    <div class=\"card-media\">\n                        <img decoding=\"async\" src=\"https:\/\/cryomed.pro\/wp-content\/themes\/cryomed\/inc\/shortcodes\/pages\/about-us\/our-team\/assets\/briefcase.svg\" alt=\"Nasz zesp\u00f3\u0142\">\n                    <\/div>\n                    <div class=\"card-body\">\n                        <h3 class=\"card-title\">Zalecamy<\/h3>\n                        <p>Popro\u015b nas o pomoc w opracowaniu plan\u00f3w marketingowych i strategii reklamowych.<\/p>\n                    <\/div>\n                <\/div>\n            <\/div>\n            <div class=\"section-col col-span-1 flex flex-col\">\n                <div class=\"card flex-1\">\n                    <div class=\"card-media\">\n                        <img decoding=\"async\" src=\"https:\/\/cryomed.pro\/wp-content\/themes\/cryomed\/inc\/shortcodes\/pages\/about-us\/our-team\/assets\/graduation_cap.svg\" alt=\"Nasz zesp\u00f3\u0142\">\n                    <\/div>\n                    <div class=\"card-body\">\n                        <h3 class=\"card-title\">Prowadzimy szkolenia<\/h3>\n                        <p>Wy\u015blij zapytanie i popro\u015b o przeszkolenie operator\u00f3w na miejscu<\/p>\n                    <\/div>\n                <\/div>\n            <\/div>\n            <div class=\"section-col col-span-1 flex flex-col\">\n                <div class=\"card flex-1\">\n                    <div class=\"card-media\">\n                        <img decoding=\"async\" src=\"https:\/\/cryomed.pro\/wp-content\/themes\/cryomed\/inc\/shortcodes\/pages\/about-us\/our-team\/assets\/diamond.svg\" alt=\"Nasz zesp\u00f3\u0142\">\n                    <\/div>\n                    <div class=\"card-body\">\n                        <h3 class=\"card-title\">Zag\u0142\u0119biamy si\u0119 w temat<\/h3>\n                        <p>Zapisz si\u0119 na nasze bezp\u0142atne szkolenie online, aby zapewni\u0107 swoim klientom najlepsz\u0105 obs\u0142ug\u0119.<\/p>\n                    <\/div>\n                <\/div>\n            <\/div>\n            <div class=\"section-col col-span-1 flex flex-col\">\n                <div class=\"card flex-1\">\n                    <div class=\"card-media\">\n                        <img decoding=\"async\" src=\"https:\/\/cryomed.pro\/wp-content\/themes\/cryomed\/inc\/shortcodes\/pages\/about-us\/our-team\/assets\/shield_check.svg\" alt=\"Nasz zesp\u00f3\u0142\">\n                    <\/div>\n                    <div class=\"card-body\">\n                        <h3 class=\"card-title\">Dbamy o to<\/h3>\n                        <p>Polegaj na naszym wsparciu w przypadku jakichkolwiek problem\u00f3w z instalacj\u0105, obs\u0142ug\u0105 lub konserwacj\u0105.<\/p>\n                    <\/div>\n                <\/div>\n            <\/div>\n            <div class=\"section-col col-span-1 flex flex-col\" style=\"grid-column: 2 \/ span 1;  justify-self: center;\">\n                <div class=\"card flex-1\">\n                    <div class=\"card-media\">\n                        <img decoding=\"async\" src=\"https:\/\/cryomed.pro\/wp-content\/themes\/cryomed\/inc\/shortcodes\/pages\/about-us\/our-team\/assets\/airplane.svg\" alt=\"Nasz zesp\u00f3\u0142\">\n                    <\/div>\n                    <div class=\"card-body\">\n                        <h3 class=\"card-title\">Dostarczamy na ca\u0142ym \u015bwiecie<\/h3>\n                        <p>Skorzystaj z naszej pomocy przy dostawie na ca\u0142y \u015bwiat drog\u0105 lotnicz\u0105 lub ci\u0119\u017car\u00f3wk\u0105<\/p>\n                    <\/div>\n                <\/div>\n            <\/div>\n        <\/div>\n    <\/div>\n<\/section>\n\n","protected":false},"excerpt":{"rendered":"","protected":false},"author":1,"featured_media":0,"parent":33869,"menu_order":1,"comment_status":"closed","ping_status":"closed","template":"","meta":{"inline_featured_image":false,"footnotes":""},"class_list":["hentry"],"meta_box":[],"_links":{"self":[{"href":"https:\/\/cryomed.pro\/pl\/wp-json\/wp\/v2\/pages\/33872","targetHints":{"allow":["GET"]}}],"collection":[{"href":"https:\/\/cryomed.pro\/pl\/wp-json\/wp\/v2\/pages"}],"about":[{"href":"https:\/\/cryomed.pro\/pl\/wp-json\/wp\/v2\/types\/page"}],"author":[{"embeddable":true,"href":"https:\/\/cryomed.pro\/pl\/wp-json\/wp\/v2\/users\/1"}],"replies":[{"embeddable":true,"href":"https:\/\/cryomed.pro\/pl\/wp-json\/wp\/v2\/comments?post=33872"}],"version-history":[{"count":0,"href":"https:\/\/cryomed.pro\/pl\/wp-json\/wp\/v2\/pages\/33872\/revisions"}],"up":[{"embeddable":true,"href":"https:\/\/cryomed.pro\/pl\/wp-json\/wp\/v2\/pages\/33869"}],"wp:attachment":[{"href":"https:\/\/cryomed.pro\/pl\/wp-json\/wp\/v2\/media?parent=33872"}],"curies":[{"name":"wp","href":"https:\/\/api.w.org\/{rel}","templated":true}]}}