{"id":33869,"date":"2020-07-30T09:30:25","date_gmt":"2020-07-30T09:30:25","guid":{"rendered":"https:\/\/cryomed.pro\/about-us\/"},"modified":"2024-10-29T20:44:22","modified_gmt":"2024-10-29T20:44:22","slug":"o-nas","status":"publish","type":"page","link":"https:\/\/cryomed.pro\/pl\/o-nas\/","title":{"rendered":"O nas"},"content":{"rendered":"\n<div class=\"wp-block-group alignfull wp-block-group-media-text\"><div class=\"wp-block-group__inner-container is-layout-flow wp-block-group-is-layout-flow\">\n<div class=\"wp-block-columns alignwide is-layout-flex wp-container-core-columns-is-layout-9d6595d7 wp-block-columns-is-layout-flex\">\n<div class=\"wp-block-column is-layout-flow wp-block-column-is-layout-flow\">\n<p><img loading=\"lazy\" decoding=\"async\" width=\"1280\" height=\"622\" class=\"wp-image-7885\" style=\"aspect-ratio: 2.006666666666667;object-fit: contain;width: 602px;height: auto\" title=\"Best cryotherapy machines\" src=\"\/wp-content\/uploads\/2021\/08\/photo_2019-11-18_09-28-13.jpg\" alt=\"Best cryotherapy machines\" srcset=\"https:\/\/cryomed.pro\/wp-content\/uploads\/2021\/08\/photo_2019-11-18_09-28-13.jpg 1280w, https:\/\/cryomed.pro\/wp-content\/uploads\/2021\/08\/photo_2019-11-18_09-28-13-300x146.jpg 300w, https:\/\/cryomed.pro\/wp-content\/uploads\/2021\/08\/photo_2019-11-18_09-28-13-1024x498.jpg 1024w, https:\/\/cryomed.pro\/wp-content\/uploads\/2021\/08\/photo_2019-11-18_09-28-13-768x373.jpg 768w\" sizes=\"auto, (max-width: 1280px) 100vw, 1280px\" \/><\/p>\n<p class=\"wp-element-caption\"><span style=\"font-weight: 400\">Najlepsze urz\u0105dzenia do krioterapii od znanego na ca\u0142ym \u015bwiecie producenta krioterapii<\/span><\/p>\n<\/div>\n\n\n\n<div class=\"wp-block-column is-layout-flow wp-block-column-is-layout-flow\">\n<p>Oferujemy sze\u015b\u0107 modeli kriokomory, dwa modele kriokom\u00f3r hybrydowych, kriokomor\u0119 mobiln\u0105, kriokomor\u0119 konn\u0105 oraz dwa modele urz\u0105dze\u0144 do krioterapii miejscowej r\u00f3\u017cni\u0105ce si\u0119 rozmiarem, funkcjami i cen\u0105.<\/p>\n\n\n\n<p>Cryomed produkuje urz\u0105dzenia do krioterapii ca\u0142ego cia\u0142a, znane r\u00f3wnie\u017c jako kriosauny, kriokapsu\u0142y lub kriopody, od 2002 roku. Do tej pory mamy ju\u017c <a href=\"https:\/\/cryomed.pro\/business\/services\/installation\/\">zainstalowa\u0142a ponad 1 800 kriokom\u00f3r<\/a> w ponad 70 krajach. W 2015 r. Cryomed rozpocz\u0105\u0142 produkcj\u0119 urz\u0105dze\u0144 do krioterapii miejscowej.<\/p>\n\n\n\n<p>Przez ca\u0142y ten czas nasz wewn\u0119trzny dzia\u0142 badawczo-rozwojowy stale ulepsza nasze produkty poprzez innowacje i najnowocze\u015bniejsze technologie. Co roku wypuszczamy nowe modele i co kilka miesi\u0119cy modernizujemy istniej\u0105cy sprz\u0119t w oparciu o informacje zwrotne otrzymywane od naszych klient\u00f3w.<\/p>\n\n\n\n<p>Wszystkie urz\u0105dzenia Cryomed s\u0105 w pe\u0142ni certyfikowane i spe\u0142niaj\u0105 najbardziej rygorystyczne normy UE w odniesieniu do wydajno\u015bci operacyjnej, jako\u015bci komponent\u00f3w, bezpiecze\u0144stwa osobistego i \u015brodowiskowego.<\/p>\n\n\n\n<p>W 2020 r. firma Cryomed opracowa\u0142a unikaln\u0105 platform\u0119 online <a href=\"https:\/\/cryomed.pro\/business\/services\/training\/\">szkolenie z krioterapii ca\u0142ego cia\u0142a<\/a> obejmuj\u0105cy jego mechanizmy, protoko\u0142y bezpiecze\u0144stwa i zastosowania w kosmetyce, odnowie biologicznej, sporcie i opiece zdrowotnej. Kurs pomaga w\u0142a\u015bcicielom firm budowa\u0107 skuteczn\u0105 komunikacj\u0119 i d\u0142ugotrwa\u0142e relacje z klientami. Szkolenie jest dost\u0119pne dla naszych klient\u00f3w bezp\u0142atnie.<\/p>\n\n\n\n<p>D\u0105\u017cymy do zapewnienia wysokiej jako\u015bci w konkurencyjnych cenach i oferujemy kompleksowe doradztwo, aby pom\u00f3c Ci wybra\u0107 produkt odpowiedni do Twoich potrzeb.<\/p>\n<\/div>\n<\/div>\n<\/div><\/div>\n","protected":false},"excerpt":{"rendered":"<p>Najlepsze urz\u0105dzenia do krioterapii od znanego na ca\u0142ym \u015bwiecie producenta krioterapii Oferujemy sze\u015b\u0107 modeli kriokomory, dwa modele kriokom\u00f3r hybrydowych, kriokomor\u0119 mobiln\u0105, kriokomor\u0119 konn\u0105&hellip;<\/p>\n","protected":false},"author":1,"featured_media":0,"parent":0,"menu_order":0,"comment_status":"closed","ping_status":"closed","template":"","meta":{"inline_featured_image":false,"footnotes":""},"class_list":["hentry"],"meta_box":[],"_links":{"self":[{"href":"https:\/\/cryomed.pro\/pl\/wp-json\/wp\/v2\/pages\/33869","targetHints":{"allow":["GET"]}}],"collection":[{"href":"https:\/\/cryomed.pro\/pl\/wp-json\/wp\/v2\/pages"}],"about":[{"href":"https:\/\/cryomed.pro\/pl\/wp-json\/wp\/v2\/types\/page"}],"author":[{"embeddable":true,"href":"https:\/\/cryomed.pro\/pl\/wp-json\/wp\/v2\/users\/1"}],"replies":[{"embeddable":true,"href":"https:\/\/cryomed.pro\/pl\/wp-json\/wp\/v2\/comments?post=33869"}],"version-history":[{"count":0,"href":"https:\/\/cryomed.pro\/pl\/wp-json\/wp\/v2\/pages\/33869\/revisions"}],"wp:attachment":[{"href":"https:\/\/cryomed.pro\/pl\/wp-json\/wp\/v2\/media?parent=33869"}],"curies":[{"name":"wp","href":"https:\/\/api.w.org\/{rel}","templated":true}]}}