{"id":33571,"date":"2020-07-30T08:18:03","date_gmt":"2020-07-30T08:18:03","guid":{"rendered":"https:\/\/cryomed.pro\/financing\/"},"modified":"2023-12-15T17:57:18","modified_gmt":"2023-12-15T17:57:18","slug":"finansowanie","status":"publish","type":"page","link":"https:\/\/cryomed.pro\/pl\/biznes\/finansowanie\/","title":{"rendered":"Finansowanie"},"content":{"rendered":"\n            <section class=\"section section-list-pages-2\">\n                <div class=\"container\">\n                    \n                    <div class=\"grid grid-cols-1 lg:grid-cols-2 gap-6 xl:gap-10\">\n\n                        \n                        <article class=\"col-span-1 lg:col-span-2 flex flex-col sm:transition-3d-hover\">\n                            <div class=\"card card--large\">\n                                <div class=\"card__wrap\">\n\n                                    <img decoding=\"async\" src=\"https:\/\/cryomed.pro\/wp-content\/themes\/cryomed\/resources\/img\/1920x1280\/1.jpg\" class=\"card__image\" alt=\"Cryotherapy Leasing\" title=\"Cryotherapy Leasing\" loading=\"lazy\">\n                                    <div class=\"card__body flex flex-col h-full\">\n\n                                        <h2 class=\"card__title\">Leasing\n<\/h2>\n                                        <div class=\"card__text\"><p>We\u017a kriokomor\u0119 w leasing i zacznij zarabia\u0107 od razu. Sp\u0142ata w ci\u0105gu 12 miesi\u0119cy.<\/p>\n<\/div>\n\n                                        <div class=\"flex items-center relative sm:static mt-auto\">\n                                            <a  class=\"btn sm:btn--large bg-white lg:bg-transparent lg:btn--blue lg:hover:bg-white lg:hover:border-white text-primary lg:link-stretched\"\n\t                                            href=\"https:\/\/cryomed.pro\/pl\/biznes\/finansowanie\/leasing\/\"\n\t                                            title=\"Leasing\">Wi\u0119cej informacji<\/a>\n\n                                            <label class=\"card__label is-active\" for=\"cc96ac7f34\" onclick=\"this.classList.toggle('is-active')\">\n                                                <svg width=\"24\" height=\"24\" viewBox=\"0 0 24 24\" fill=\"none\" xmlns=\"http:\/\/www.w3.org\/2000\/svg\">\n                                                    <path d=\"M19.5 9L12 16.5L4.5 9\" stroke=\"currentColor\" stroke-width=\"2\" stroke-linecap=\"round\" stroke-linejoin=\"round\"\/>\n                                                <\/svg>\n                                            <\/label>\n                                        <\/div>\n                                    <\/div>\n                                <\/div>\n\n                                <div class=\"card__footer\">\n                                    <input class=\"hidden\" type=\"checkbox\" id=\"cc96ac7f34\" checked>\n\n                                    <div class=\"wrap\">\n                                        <p>We\u017a kriokomor\u0119 w leasing i zacznij zarabia\u0107 od razu. Sp\u0142ata w ci\u0105gu 12 miesi\u0119cy.<\/p>\n                                    <\/div>\n                                <\/div>\n                            <\/div>\n                        <\/article>\n\n                    \n                        <article class=\"col-span-1  flex flex-col sm:transition-3d-hover\">\n                            <div class=\"card\">\n                                <div class=\"card__wrap\">\n\n                                    <img decoding=\"async\" src=\"https:\/\/cryomed.pro\/wp-content\/themes\/cryomed\/resources\/img\/1920x1280\/1.jpg\" class=\"card__image\" alt=\"Cryotherapy Wynajem\" title=\"Cryotherapy Wynajem\" loading=\"lazy\">\n                                    <div class=\"card__body flex flex-col h-full\">\n\n                                        <h2 class=\"card__title\">Wynajem\n<\/h2>\n                                        <div class=\"card__text\"><p>Wynajmij kriokomor\u0119, aby rozwin\u0105\u0107 sw\u00f3j biznes. Odkryj \u0142atwy spos\u00f3b na zwi\u0119kszenie zysk\u00f3w.<\/p>\n<\/div>\n\n                                        <div class=\"flex items-center relative sm:static mt-auto\">\n                                            <a  class=\"btn sm:btn--large bg-white lg:bg-transparent lg:btn--blue lg:hover:bg-white lg:hover:border-white text-primary lg:link-stretched\"\n\t                                            href=\"https:\/\/cryomed.pro\/pl\/biznes\/finansowanie\/wynajem\/\"\n\t                                            title=\"Wynajem\">Wi\u0119cej informacji<\/a>\n\n                                            <label class=\"card__label\" for=\"71b539f8a0\" onclick=\"this.classList.toggle('is-active')\">\n                                                <svg width=\"24\" height=\"24\" viewBox=\"0 0 24 24\" fill=\"none\" xmlns=\"http:\/\/www.w3.org\/2000\/svg\">\n                                                    <path d=\"M19.5 9L12 16.5L4.5 9\" stroke=\"currentColor\" stroke-width=\"2\" stroke-linecap=\"round\" stroke-linejoin=\"round\"\/>\n                                                <\/svg>\n                                            <\/label>\n                                        <\/div>\n                                    <\/div>\n                                <\/div>\n\n                                <div class=\"card__footer\">\n                                    <input class=\"hidden\" type=\"checkbox\" id=\"71b539f8a0\">\n\n                                    <div class=\"wrap\">\n                                        <p>Wynajmij kriokomor\u0119, aby rozwin\u0105\u0107 sw\u00f3j biznes. Odkryj \u0142atwy spos\u00f3b na zwi\u0119kszenie zysk\u00f3w.<\/p>\n                                    <\/div>\n                                <\/div>\n                            <\/div>\n                        <\/article>\n\n                    \n                        <article class=\"col-span-1  flex flex-col sm:transition-3d-hover\">\n                            <div class=\"card\">\n                                <div class=\"card__wrap\">\n\n                                    <img decoding=\"async\" src=\"https:\/\/cryomed.pro\/wp-content\/themes\/cryomed\/resources\/img\/1920x1280\/1.jpg\" class=\"card__image\" alt=\"Cryotherapy Wymiana\" title=\"Cryotherapy Wymiana\" loading=\"lazy\">\n                                    <div class=\"card__body flex flex-col h-full\">\n\n                                        <h2 class=\"card__title\">Wymiana\n<\/h2>\n                                        <div class=\"card__text\"><p>Zaktualizuj sw\u00f3j sprz\u0119t w kilku prostych krokach. Skontaktuj si\u0119 z naszym dzia\u0142em sprzeda\u017cy, aby uzyska\u0107 wi\u0119cej informacji.<\/p>\n<\/div>\n\n                                        <div class=\"flex items-center relative sm:static mt-auto\">\n                                            <a  class=\"btn sm:btn--large bg-white lg:bg-transparent lg:btn--blue lg:hover:bg-white lg:hover:border-white text-primary lg:link-stretched\"\n\t                                            href=\"https:\/\/cryomed.pro\/pl\/biznes\/finansowanie\/wymiana-z-doplata\/\"\n\t                                            title=\"Wymiana\">Wi\u0119cej informacji<\/a>\n\n                                            <label class=\"card__label\" for=\"77b89821e0\" onclick=\"this.classList.toggle('is-active')\">\n                                                <svg width=\"24\" height=\"24\" viewBox=\"0 0 24 24\" fill=\"none\" xmlns=\"http:\/\/www.w3.org\/2000\/svg\">\n                                                    <path d=\"M19.5 9L12 16.5L4.5 9\" stroke=\"currentColor\" stroke-width=\"2\" stroke-linecap=\"round\" stroke-linejoin=\"round\"\/>\n                                                <\/svg>\n                                            <\/label>\n                                        <\/div>\n                                    <\/div>\n                                <\/div>\n\n                                <div class=\"card__footer\">\n                                    <input class=\"hidden\" type=\"checkbox\" id=\"77b89821e0\">\n\n                                    <div class=\"wrap\">\n                                        <p>Zaktualizuj sw\u00f3j sprz\u0119t w kilku prostych krokach. Skontaktuj si\u0119 z naszym dzia\u0142em sprzeda\u017cy, aby uzyska\u0107 wi\u0119cej informacji.<\/p>\n                                    <\/div>\n                                <\/div>\n                            <\/div>\n                        <\/article>\n\n                                    <\/div>\n            <\/div>\n        <\/section>\n\n\t\t\t\n","protected":false},"excerpt":{"rendered":"<p>Lorem ipsum dolor sit amet, consectetur adipisicing elit. Iure voluptate distinctio similique doloribus dolorem! Voluptatem ipsam iure accusantium laborum distinctio modi est dolore dicta excepturi a, architecto quo esse tempore.<\/p>\n","protected":false},"author":1,"featured_media":0,"parent":33879,"menu_order":3,"comment_status":"closed","ping_status":"closed","template":"","meta":{"inline_featured_image":false,"footnotes":""},"class_list":["hentry"],"meta_box":[],"_links":{"self":[{"href":"https:\/\/cryomed.pro\/pl\/wp-json\/wp\/v2\/pages\/33571","targetHints":{"allow":["GET"]}}],"collection":[{"href":"https:\/\/cryomed.pro\/pl\/wp-json\/wp\/v2\/pages"}],"about":[{"href":"https:\/\/cryomed.pro\/pl\/wp-json\/wp\/v2\/types\/page"}],"author":[{"embeddable":true,"href":"https:\/\/cryomed.pro\/pl\/wp-json\/wp\/v2\/users\/1"}],"replies":[{"embeddable":true,"href":"https:\/\/cryomed.pro\/pl\/wp-json\/wp\/v2\/comments?post=33571"}],"version-history":[{"count":0,"href":"https:\/\/cryomed.pro\/pl\/wp-json\/wp\/v2\/pages\/33571\/revisions"}],"up":[{"embeddable":true,"href":"https:\/\/cryomed.pro\/pl\/wp-json\/wp\/v2\/pages\/33879"}],"wp:attachment":[{"href":"https:\/\/cryomed.pro\/pl\/wp-json\/wp\/v2\/media?parent=33571"}],"curies":[{"name":"wp","href":"https:\/\/api.w.org\/{rel}","templated":true}]}}