{"id":33569,"date":"2020-07-08T09:27:24","date_gmt":"2020-07-08T09:27:24","guid":{"rendered":"https:\/\/cryomed.pro\/quality-and-certificates\/"},"modified":"2024-10-29T20:37:35","modified_gmt":"2024-10-29T20:37:35","slug":"certyfikaty","status":"publish","type":"page","link":"https:\/\/cryomed.pro\/pl\/o-nas\/certyfikaty\/","title":{"rendered":"Certyfikaty"},"content":{"rendered":"\n\t<div class=\"section section-certificates-loop\">\n\t\t<div class=\"container flex flex-wrap justify-between mb-10 \/flex-col items-center \/space-y-10 \/lg:space-y-20\">\n\n\t\t\t\n\t\t\t\t<article class=\"card card-certificate\">\n\t\t\t\t\t<div class=\"card-media\" data-cursor=\"resize\" data-fancybox data-src=\"https:\/\/cryomed.pro\/wp-content\/uploads\/2023\/12\/CE-Certificate-IceChill-HorseCryo-PetCryo-Oct2026-pdf.jpg\">\n\n\t\t\t\t\t\t<img loading=\"lazy\" decoding=\"async\" width=\"1058\" height=\"1496\" src=\"https:\/\/cryomed.pro\/wp-content\/uploads\/2023\/12\/CE-Certificate-IceChill-HorseCryo-PetCryo-Oct2026-pdf.jpg\" class=\"attachment-full size-full wp-post-image\" alt=\"\" \/>\n\t\t\t\t\t<\/div>\n\n\t\t\t\t\t<div class=\"card-body\" style=\"display: none\">\n\t\t\t\t\t\t<div class=\"card-collapse\">\n\t\t\t\t\t\t\t<input class=\"card-collapse-input\" type=\"checkbox\" id=\"description-34780\" value=\"\">\n\t\t\t\t\t\t\t<label class=\"card-collapse-label\" for=\"description-34780\">Description<\/label>\n\n\t\t\t\t\t\t\t<div class=\"card-collapse-wrapper\" style=\"display: none\">\n\t\t\t\t\t\t\t\t<h2 class=\"card-title\">CE Certificate IceChill HorseCryo PetCryo Oct2026<\/h2>\n\t\t\t\t\t\t\t\t<div class=\"card-text\">\n\t\t\t\t\t\t\t\t\t\t\t\t\t\t\t\t\t<\/div>\n\t\t\t\t\t\t\t<\/div>\n\t\t\t\t\t\t<\/div>\n\n\t\t\t\t\t\t\t\t\t\t\t<\/div>\n\t\t\t\t<\/article>\n\n\t\t\t\t\n\t\t\t\t<article class=\"card card-certificate\">\n\t\t\t\t\t<div class=\"card-media\" data-cursor=\"resize\" data-fancybox data-src=\"https:\/\/cryomed.pro\/wp-content\/uploads\/2023\/12\/CE-Certificate-Cryomed-Pro-One-Dec2026-pdf.jpg\">\n\n\t\t\t\t\t\t<img loading=\"lazy\" decoding=\"async\" width=\"1058\" height=\"1496\" src=\"https:\/\/cryomed.pro\/wp-content\/uploads\/2023\/12\/CE-Certificate-Cryomed-Pro-One-Dec2026-pdf.jpg\" class=\"attachment-full size-full wp-post-image\" alt=\"\" \/>\n\t\t\t\t\t<\/div>\n\n\t\t\t\t\t<div class=\"card-body\" style=\"display: none\">\n\t\t\t\t\t\t<div class=\"card-collapse\">\n\t\t\t\t\t\t\t<input class=\"card-collapse-input\" type=\"checkbox\" id=\"description-34784\" value=\"\">\n\t\t\t\t\t\t\t<label class=\"card-collapse-label\" for=\"description-34784\">Description<\/label>\n\n\t\t\t\t\t\t\t<div class=\"card-collapse-wrapper\" style=\"display: none\">\n\t\t\t\t\t\t\t\t<h2 class=\"card-title\">CE-Certificate-Cryomed-Pro-One-Dec2026<\/h2>\n\t\t\t\t\t\t\t\t<div class=\"card-text\">\n\t\t\t\t\t\t\t\t\t\t\t\t\t\t\t\t\t<\/div>\n\t\t\t\t\t\t\t<\/div>\n\t\t\t\t\t\t<\/div>\n\n\t\t\t\t\t\t\t\t\t\t\t<\/div>\n\t\t\t\t<\/article>\n\n\t\t\t\t\n\t\t\t\t<article class=\"card card-certificate\">\n\t\t\t\t\t<div class=\"card-media\" data-cursor=\"resize\" data-fancybox data-src=\"https:\/\/cryomed.pro\/wp-content\/uploads\/2023\/12\/CE-Certificate-CF-04-Nov2025-pdf.jpg\">\n\n\t\t\t\t\t\t<img loading=\"lazy\" decoding=\"async\" width=\"1058\" height=\"1496\" src=\"https:\/\/cryomed.pro\/wp-content\/uploads\/2023\/12\/CE-Certificate-CF-04-Nov2025-pdf.jpg\" class=\"attachment-full size-full wp-post-image\" alt=\"\" \/>\n\t\t\t\t\t<\/div>\n\n\t\t\t\t\t<div class=\"card-body\" style=\"display: none\">\n\t\t\t\t\t\t<div class=\"card-collapse\">\n\t\t\t\t\t\t\t<input class=\"card-collapse-input\" type=\"checkbox\" id=\"description-34782\" value=\"\">\n\t\t\t\t\t\t\t<label class=\"card-collapse-label\" for=\"description-34782\">Description<\/label>\n\n\t\t\t\t\t\t\t<div class=\"card-collapse-wrapper\" style=\"display: none\">\n\t\t\t\t\t\t\t\t<h2 class=\"card-title\">CE Certificate CF-04 Nov2025<\/h2>\n\t\t\t\t\t\t\t\t<div class=\"card-text\">\n\t\t\t\t\t\t\t\t\t\t\t\t\t\t\t\t\t<\/div>\n\t\t\t\t\t\t\t<\/div>\n\t\t\t\t\t\t<\/div>\n\n\t\t\t\t\t\t\t\t\t\t\t<\/div>\n\t\t\t\t<\/article>\n\n\t\t\t\t\n\t\t\t\t<article class=\"card card-certificate\">\n\t\t\t\t\t<div class=\"card-media\" data-cursor=\"resize\" data-fancybox data-src=\"https:\/\/cryomed.pro\/wp-content\/uploads\/2023\/12\/CE-Certificate-Basic-Mini-Jun2025-pdf.jpg\">\n\n\t\t\t\t\t\t<img loading=\"lazy\" decoding=\"async\" width=\"1058\" height=\"1496\" src=\"https:\/\/cryomed.pro\/wp-content\/uploads\/2023\/12\/CE-Certificate-Basic-Mini-Jun2025-pdf.jpg\" class=\"attachment-full size-full wp-post-image\" alt=\"\" \/>\n\t\t\t\t\t<\/div>\n\n\t\t\t\t\t<div class=\"card-body\" style=\"display: none\">\n\t\t\t\t\t\t<div class=\"card-collapse\">\n\t\t\t\t\t\t\t<input class=\"card-collapse-input\" type=\"checkbox\" id=\"description-34778\" value=\"\">\n\t\t\t\t\t\t\t<label class=\"card-collapse-label\" for=\"description-34778\">Description<\/label>\n\n\t\t\t\t\t\t\t<div class=\"card-collapse-wrapper\" style=\"display: none\">\n\t\t\t\t\t\t\t\t<h2 class=\"card-title\">CE Certificate Basic Mini Jun2025<\/h2>\n\t\t\t\t\t\t\t\t<div class=\"card-text\">\n\t\t\t\t\t\t\t\t\t\t\t\t\t\t\t\t\t<\/div>\n\t\t\t\t\t\t\t<\/div>\n\t\t\t\t\t\t<\/div>\n\n\t\t\t\t\t\t\t\t\t\t\t<\/div>\n\t\t\t\t<\/article>\n\n\t\t\t\t\n\t\t<\/div>\n\n        <div class=\"container\" style=\"text-align: justify\">\n            <p>Certyfikat ten potwierdza, \u017ce sprz\u0119t Cryomed jest zgodny z normami dotycz\u0105cymi zdrowia, bezpiecze\u0144stwa i ochrony \u015brodowiska zatwierdzonymi przez Uni\u0119 Europejsk\u0105. W naszym przypadku nie jest to samocertyfikacja, ale certyfikat wydany przez jednostk\u0119 notyfikowan\u0105 na podstawie wynik\u00f3w test\u00f3w. Nasz certyfikat zawiera r\u00f3wnie\u017c wykaz obowi\u0105zuj\u0105cych dyrektyw WE.<\/p>\n            <p>Certyfikat zgodno\u015bci posiada obowi\u0105zkowe oznakowanie CE.<\/p>\n        <\/div>\n\t<\/div>\n\n\t\n","protected":false},"excerpt":{"rendered":"<p>Our factory works according to quality system management ISO 13485. All our products are CE certified.<\/p>\n","protected":false},"author":1,"featured_media":12251,"parent":33869,"menu_order":2,"comment_status":"closed","ping_status":"closed","template":"","meta":{"inline_featured_image":false,"footnotes":""},"class_list":["hentry","has-post-thumbnail"],"meta_box":[],"_links":{"self":[{"href":"https:\/\/cryomed.pro\/pl\/wp-json\/wp\/v2\/pages\/33569","targetHints":{"allow":["GET"]}}],"collection":[{"href":"https:\/\/cryomed.pro\/pl\/wp-json\/wp\/v2\/pages"}],"about":[{"href":"https:\/\/cryomed.pro\/pl\/wp-json\/wp\/v2\/types\/page"}],"author":[{"embeddable":true,"href":"https:\/\/cryomed.pro\/pl\/wp-json\/wp\/v2\/users\/1"}],"replies":[{"embeddable":true,"href":"https:\/\/cryomed.pro\/pl\/wp-json\/wp\/v2\/comments?post=33569"}],"version-history":[{"count":0,"href":"https:\/\/cryomed.pro\/pl\/wp-json\/wp\/v2\/pages\/33569\/revisions"}],"up":[{"embeddable":true,"href":"https:\/\/cryomed.pro\/pl\/wp-json\/wp\/v2\/pages\/33869"}],"wp:featuredmedia":[{"embeddable":true,"href":"https:\/\/cryomed.pro\/pl\/wp-json\/wp\/v2\/media\/12251"}],"wp:attachment":[{"href":"https:\/\/cryomed.pro\/pl\/wp-json\/wp\/v2\/media?parent=33569"}],"curies":[{"name":"wp","href":"https:\/\/api.w.org\/{rel}","templated":true}]}}