{"id":33567,"date":"2020-09-26T10:24:44","date_gmt":"2020-09-26T10:24:44","guid":{"rendered":"https:\/\/cryomed.pro\/calculator\/"},"modified":"2023-12-15T17:57:25","modified_gmt":"2023-12-15T17:57:25","slug":"kalkulator","status":"publish","type":"page","link":"https:\/\/cryomed.pro\/pl\/biznes\/kalkulator\/","title":{"rendered":"Kalkulator"},"content":{"rendered":"\n<div class=\"wp-block-group alignfull wp-block-group-media-text\"><div class=\"wp-block-group__inner-container is-layout-flow wp-block-group-is-layout-flow\">\n<div class=\"wp-block-columns alignwide is-layout-flex wp-container-core-columns-is-layout-9d6595d7 wp-block-columns-is-layout-flex\">\n<div class=\"wp-block-column is-layout-flow wp-block-column-is-layout-flow\">\n<figure class=\"wp-block-image size-large\"><img loading=\"lazy\" decoding=\"async\" width=\"540\" height=\"540\" src=\"\/wp-content\/uploads\/2021\/06\/Frame-11-16.png\" alt=\"how profitable are cryotherapy businesses\" class=\"wp-image-6213\" title=\"how profitable are cryotherapy businesses\" srcset=\"https:\/\/cryomed.pro\/wp-content\/uploads\/2021\/06\/Frame-11-16.png 540w, https:\/\/cryomed.pro\/wp-content\/uploads\/2021\/06\/Frame-11-16-300x300.png 300w, https:\/\/cryomed.pro\/wp-content\/uploads\/2021\/06\/Frame-11-16-150x150.png 150w, https:\/\/cryomed.pro\/wp-content\/uploads\/2021\/06\/Frame-11-16-100x100.png 100w, https:\/\/cryomed.pro\/wp-content\/uploads\/2021\/06\/Frame-11-16-160x160.png 160w, https:\/\/cryomed.pro\/wp-content\/uploads\/2021\/06\/Frame-11-16-340x340.png 340w\" sizes=\"auto, (max-width: 540px) 100vw, 540px\" \/><figcaption>how profitable are cryotherapy businesses<\/figcaption><\/figure>\n<\/div>\n\n\n\n<div class=\"wp-block-column is-layout-flow wp-block-column-is-layout-flow\">\n<h2 class=\"wp-block-heading\">Let\u2019s calculate the profitability of your cryotherapy business<\/h2>\n\n\n\n<p>Average session time is 3 minutes.<\/p>\n\n\n\n<ul class=\"wp-block-list\"><li>If you have at least 10 cryotherapy sessions per day, in one month (including weekends) you can have as many as 300.<\/li><li>An average price of one session is about $35.<\/li><li>So with this workload, your center will be busy with cryotherapy sessions for some hours and a half daily, and your monthly income will be $10,500.<\/li><li>Deduct your one-time costs and monthly expenses, and you will get your net profit.<\/li><\/ul>\n<\/div>\n<\/div>\n<\/div><\/div>\n\n\n\n<div class=\"wp-block-group alignfull wp-block-group-pullquote\"><div class=\"wp-block-group__inner-container is-layout-flow wp-block-group-is-layout-flow\">\n<figure class=\"wp-block-pullquote\"><blockquote><p>Of course, these calculations are very approximate, but they will give you an idea of what to expect from your business and how long it will take to recover your investment.<\/p><\/blockquote><\/figure>\n<\/div><\/div>\n\n\n<section class=\"section section-list-pages-3\">\n  <div class=\"container\">\n\t<header class=\"section__header text-center\">\n\t  <h2 class=\"section__title\">Business Directions<\/h2><\/header>\n  <\/div>\n  <div class=\"mt-16 entry-content\">\n\t<article class=\"hentry alignfull wp-block-group-media-text\">\n\t  <div class=\"wp-block-group__inner-container card relative block py-8 md:py-10\" title=\"Whole body cryotherapy business\">\n\n\t\t  <div class=\"card__body flex flex-col md:flex-row\">\n\t\t\t<div class=\"flex-none\">\n\t\t\t  <h2 class=\"card__title text-navy font-light mb-5 md:mb-0 md:mt-3 xl:mt-5\">Whole body cryotherapy business<\/h2><\/div>\n\t\t\t<div class=\"flex-grow flex items-center md:ml-10 md:mr-auto\">\n\t\t\t  <div class=\"card__text text-current mb-0\">\n\t\t\t\t<p>A full body cryotherapy business is the most perspective direction in sports and health industries today.<\/p>\n\t\t\t  <\/div>\n\t\t\t<\/div>\n\t\t  <\/div>\n\n\t  <\/div>\n\t  <\/a>\n\t<\/article>\n\t<article class=\"hentry alignfull wp-block-group-media-text\">\n\t  <a class=\"wp-block-group__inner-container card relative block py-8 md:py-10\" href=\"\/cryotherapy\/full-body-cryotherapy\/\" title=\"Local cryotherapy business\" aria-label=\"Local cryotherapy business\">\n\n\t\t  <div class=\"card__body flex flex-col md:flex-row\">\n\t\t\t<div class=\"flex-none\">\n\t\t\t  <h2 class=\"card__title text-navy font-light mb-5 md:mb-0 md:mt-3 xl:mt-5\">Local cryotherapy business<\/h2><\/div>\n\t\t\t<div class=\"flex-grow flex items-center md:ml-10 md:mr-auto\">\n\t\t\t  <div class=\"card__text text-current mb-0\">\n\t\t\t\t<p>Cryo business with local cryotherapy devices is mostly in demand now in the beauty and sports industries.<\/p>\n\t\t\t  <\/div>\n\t\t\t<\/div>\n\t\t\t<div class=\"absolute -top-2 right-0 md:static flex-none flex items-center md:ml-10\">\n\t\t\t  <div class=\"card__icon\">\n\t\t\t\t<svg width=\"32\" height=\"32\" viewBox=\"0 0 32 32\" fill=\"none\" xmlns=\"http:\/\/www.w3.org\/2000\/svg\">\n\t\t\t\t  <path d=\"M5 16H27\" stroke=\"currentColor\" stroke-width=\"2\" stroke-linecap=\"round\" stroke-linejoin=\"round\"><\/path>\n\t\t\t\t  <path d=\"M18 7L27 16L18 25\" stroke=\"currentColor\" stroke-width=\"2\" stroke-linecap=\"round\" stroke-linejoin=\"round\"><\/path>\n\t\t\t\t<\/svg>\n\t\t\t  <\/div>\n\t\t\t<\/div>\n\t\t  <\/div>\n\n\t  <\/a>\n\t<\/article>\n\t<article class=\"hentry alignfull wp-block-group-media-text\">\n\t  <div class=\"wp-block-group__inner-container card relative block py-8 md:py-10\" title=\"\u0421ryo-facial business\">\n\n\t\t  <div class=\"card__body flex flex-col md:flex-row\">\n\t\t\t<div class=\"flex-none\">\n\t\t\t  <h2 class=\"card__title text-navy font-light mb-5 md:mb-0 md:mt-3 xl:mt-5\">\u0421ryo-facial business<\/h2><\/div>\n\t\t\t<div class=\"flex-grow flex items-center md:ml-10 md:mr-auto\">\n\t\t\t  <div class=\"card__text text-current mb-0\">\n\t\t\t\t<p>A \u0421ryotherapy facial business is a great opportunity for those who don\u2019t want to miss out on all the benefits of local cryotherapy.<\/p>\n\t\t\t  <\/div>\n\t\t\t<\/div>\n\t\t  <\/div>\n\n\t\t<\/div>\n\t  <\/a>\n\t<\/article>\n\t<article class=\"hentry alignfull wp-block-group-media-text\">\n\t  <div class=\"wp-block-group__inner-container card relative block py-8 md:py-10\" title=\"\u0421ryo-facial business\">\n\n\t\t  <div class=\"card__body flex flex-col md:flex-row\">\n\t\t\t<div class=\"flex-none\">\n\t\t\t  <h2 class=\"card__title text-navy font-light mb-5 md:mb-0 md:mt-3 xl:mt-5\">Mobile cryotherapy business<\/h2><\/div>\n\t\t\t<div class=\"flex-grow flex items-center md:ml-10 md:mr-auto\">\n\t\t\t  <div class=\"card__text text-current mb-0\">\n\t\t\t\t<p>A New opportunity for those who want to provide mobile cryotherapy with quality equipment like in a cryo center.<\/p>\n\t\t\t  <\/div>\n\t\t\t<\/div>\n\t\t  <\/div>\n\n\t  <\/a>\n\t<\/div>\n\t<\/article>\n  <\/div>\n<\/section>\n\n\n\t<section class=\"section section-list-pages-3\">\n\t\t<div class=\"container\">\n\t\t\t\t\t\t\t<header class=\"section__header text-center\">\n\t\t\t\t\t<h2 class=\"section__title\">Business services<\/h2>\n\t\t\t\t<\/header>\n\t\t\t\t\t<\/div>\n\t\t<div class=\"mt-16 entry-content\">\n\n\t\t\t\n\t\t\t\t\t<article id=\"post-33401\" class=\"hentry alignfull wp-block-group-media-text\">\n\t\t\t\t\t\t<a class=\"wp-block-group__inner-container card relative block py-8 md:py-10\" href=\"https:\/\/cryomed.pro\/pl\/biznes\/uslugi\/marketing\/\" title=\"Marketing\" aria-label=\"Marketing\">\n\n\n\t\t\t\t\t\t\t\t<div class=\"card__body flex flex-col md:flex-row\">\n\t\t\t\t\t\t\t\t\t<div class=\"flex-none\">\n\n\t\t\t\t\t\t\t\t\t\t<h2 class=\"card__title text-navy font-light mb-5 md:mb-0 md:mt-3 xl:mt-5\">Marketing<\/h2>\n\t\t\t\t\t\t\t\t\t<\/div>\n\n\t\t\t\t\t\t\t\t\t<div class=\"flex-grow flex items-center md:ml-10 md:mr-auto\">\n\t\t\t\t\t\t\t\t\t\t<div class=\"card__text text-current mb-0\">\n\n\t\t\t\t\t\t\t\t\t\t\t<p>Dostarczymy materia\u0142y promocyjne i pomo\u017cemy w opracowaniu plan\u00f3w marketingowych, strategii reklamowych i marek.<\/p>\n\n\t\t\t\t\t\t\t\t\t\t<\/div>\n\t\t\t\t\t\t\t\t\t<\/div>\n\n\t\t\t\t\t\t\t\t\t<div class=\"absolute -top-2 right-0 md:static flex-none flex items-center md:ml-10\">\n\t\t\t\t\t\t\t\t\t\t<div class=\"card__icon\">\n\t\t\t\t\t\t\t\t\t\t\t<svg width=\"32\" height=\"32\" viewBox=\"0 0 32 32\" fill=\"none\" xmlns=\"http:\/\/www.w3.org\/2000\/svg\">\n\t\t\t\t\t\t\t\t\t\t\t\t<path d=\"M5 16H27\" stroke=\"currentColor\" stroke-width=\"2\" stroke-linecap=\"round\" stroke-linejoin=\"round\"\/>\n\t\t\t\t\t\t\t\t\t\t\t\t<path d=\"M18 7L27 16L18 25\" stroke=\"currentColor\" stroke-width=\"2\" stroke-linecap=\"round\" stroke-linejoin=\"round\"\/>\n\t\t\t\t\t\t\t\t\t\t\t<\/svg>\n\t\t\t\t\t\t\t\t\t\t<\/div>\n\t\t\t\t\t\t\t\t\t<\/div>\n\t\t\t\t\t\t\t\t<\/div>\n\n\n\t\t\t\t\t\t<\/a>\n\t\t\t\t\t<\/article>\n\n\t\t\t\t\t\n\t\t\t\t\t<article id=\"post-40842\" class=\"hentry alignfull wp-block-group-media-text\">\n\t\t\t\t\t\t<a class=\"wp-block-group__inner-container card relative block py-8 md:py-10\" href=\"https:\/\/cryomed.pro\/pl\/biznes\/uslugi\/cryotherapy-business-course\/\" title=\"Kurs biznesowy krioterapii\" aria-label=\"Kurs biznesowy krioterapii\">\n\n\n\t\t\t\t\t\t\t\t<div class=\"card__body flex flex-col md:flex-row\">\n\t\t\t\t\t\t\t\t\t<div class=\"flex-none\">\n\n\t\t\t\t\t\t\t\t\t\t<h2 class=\"card__title text-navy font-light mb-5 md:mb-0 md:mt-3 xl:mt-5\">Kurs biznesowy krioterapii<\/h2>\n\t\t\t\t\t\t\t\t\t<\/div>\n\n\t\t\t\t\t\t\t\t\t<div class=\"flex-grow flex items-center md:ml-10 md:mr-auto\">\n\t\t\t\t\t\t\t\t\t\t<div class=\"card__text text-current mb-0\">\n\n\t\t\t\t\t\t\t\t\t\t\t<p>Krioterapia to pojedynczy pomys\u0142 na biznes, dzi\u0119ki kt\u00f3remu mo\u017cesz zarobi\u0107 od 30&nbsp;do&nbsp;70&nbsp;EUR w trzy minuty, zaspokoi\u0107 potrzeby szerokiego grona klient\u00f3w i \u0142atwo w\u0142\u0105czy\u0107&hellip;<\/p>\n\n\t\t\t\t\t\t\t\t\t\t<\/div>\n\t\t\t\t\t\t\t\t\t<\/div>\n\n\t\t\t\t\t\t\t\t\t<div class=\"absolute -top-2 right-0 md:static flex-none flex items-center md:ml-10\">\n\t\t\t\t\t\t\t\t\t\t<div class=\"card__icon\">\n\t\t\t\t\t\t\t\t\t\t\t<svg width=\"32\" height=\"32\" viewBox=\"0 0 32 32\" fill=\"none\" xmlns=\"http:\/\/www.w3.org\/2000\/svg\">\n\t\t\t\t\t\t\t\t\t\t\t\t<path d=\"M5 16H27\" stroke=\"currentColor\" stroke-width=\"2\" stroke-linecap=\"round\" stroke-linejoin=\"round\"\/>\n\t\t\t\t\t\t\t\t\t\t\t\t<path d=\"M18 7L27 16L18 25\" stroke=\"currentColor\" stroke-width=\"2\" stroke-linecap=\"round\" stroke-linejoin=\"round\"\/>\n\t\t\t\t\t\t\t\t\t\t\t<\/svg>\n\t\t\t\t\t\t\t\t\t\t<\/div>\n\t\t\t\t\t\t\t\t\t<\/div>\n\t\t\t\t\t\t\t\t<\/div>\n\n\n\t\t\t\t\t\t<\/a>\n\t\t\t\t\t<\/article>\n\n\t\t\t\t\t\n\t\t\t\t\t<article id=\"post-33403\" class=\"hentry alignfull wp-block-group-media-text\">\n\t\t\t\t\t\t<a class=\"wp-block-group__inner-container card relative block py-8 md:py-10\" href=\"https:\/\/cryomed.pro\/pl\/biznes\/uslugi\/szkolenie\/\" title=\"Szkolenie\" aria-label=\"Szkolenie\">\n\n\n\t\t\t\t\t\t\t\t<div class=\"card__body flex flex-col md:flex-row\">\n\t\t\t\t\t\t\t\t\t<div class=\"flex-none\">\n\n\t\t\t\t\t\t\t\t\t\t<h2 class=\"card__title text-navy font-light mb-5 md:mb-0 md:mt-3 xl:mt-5\">Szkolenie<\/h2>\n\t\t\t\t\t\t\t\t\t<\/div>\n\n\t\t\t\t\t\t\t\t\t<div class=\"flex-grow flex items-center md:ml-10 md:mr-auto\">\n\t\t\t\t\t\t\t\t\t\t<div class=\"card__text text-current mb-0\">\n\n\t\t\t\t\t\t\t\t\t\t\t<p>Nasz specjalista przyjedzie do Twojej lokalizacji na jednodniowe szkolenie. Szkolenie jest dost\u0119pne na \u017cyczenie.<\/p>\n\n\t\t\t\t\t\t\t\t\t\t<\/div>\n\t\t\t\t\t\t\t\t\t<\/div>\n\n\t\t\t\t\t\t\t\t\t<div class=\"absolute -top-2 right-0 md:static flex-none flex items-center md:ml-10\">\n\t\t\t\t\t\t\t\t\t\t<div class=\"card__icon\">\n\t\t\t\t\t\t\t\t\t\t\t<svg width=\"32\" height=\"32\" viewBox=\"0 0 32 32\" fill=\"none\" xmlns=\"http:\/\/www.w3.org\/2000\/svg\">\n\t\t\t\t\t\t\t\t\t\t\t\t<path d=\"M5 16H27\" stroke=\"currentColor\" stroke-width=\"2\" stroke-linecap=\"round\" stroke-linejoin=\"round\"\/>\n\t\t\t\t\t\t\t\t\t\t\t\t<path d=\"M18 7L27 16L18 25\" stroke=\"currentColor\" stroke-width=\"2\" stroke-linecap=\"round\" stroke-linejoin=\"round\"\/>\n\t\t\t\t\t\t\t\t\t\t\t<\/svg>\n\t\t\t\t\t\t\t\t\t\t<\/div>\n\t\t\t\t\t\t\t\t\t<\/div>\n\t\t\t\t\t\t\t\t<\/div>\n\n\n\t\t\t\t\t\t<\/a>\n\t\t\t\t\t<\/article>\n\n\t\t\t\t\t\n\t\t\t\t\t<article id=\"post-33405\" class=\"hentry alignfull wp-block-group-media-text\">\n\t\t\t\t\t\t<a class=\"wp-block-group__inner-container card relative block py-8 md:py-10\" href=\"https:\/\/cryomed.pro\/pl\/biznes\/uslugi\/wsparcie\/\" title=\"Wsparcie\" aria-label=\"Wsparcie\">\n\n\n\t\t\t\t\t\t\t\t<div class=\"card__body flex flex-col md:flex-row\">\n\t\t\t\t\t\t\t\t\t<div class=\"flex-none\">\n\n\t\t\t\t\t\t\t\t\t\t<h2 class=\"card__title text-navy font-light mb-5 md:mb-0 md:mt-3 xl:mt-5\">Wsparcie<\/h2>\n\t\t\t\t\t\t\t\t\t<\/div>\n\n\t\t\t\t\t\t\t\t\t<div class=\"flex-grow flex items-center md:ml-10 md:mr-auto\">\n\t\t\t\t\t\t\t\t\t\t<div class=\"card__text text-current mb-0\">\n\n\t\t\t\t\t\t\t\t\t\t\t<p>Nasi specjali\u015bci s\u0105 zawsze gotowi do konsultacji we wszelkich kwestiach operacyjnych.<\/p>\n\n\t\t\t\t\t\t\t\t\t\t<\/div>\n\t\t\t\t\t\t\t\t\t<\/div>\n\n\t\t\t\t\t\t\t\t\t<div class=\"absolute -top-2 right-0 md:static flex-none flex items-center md:ml-10\">\n\t\t\t\t\t\t\t\t\t\t<div class=\"card__icon\">\n\t\t\t\t\t\t\t\t\t\t\t<svg width=\"32\" height=\"32\" viewBox=\"0 0 32 32\" fill=\"none\" xmlns=\"http:\/\/www.w3.org\/2000\/svg\">\n\t\t\t\t\t\t\t\t\t\t\t\t<path d=\"M5 16H27\" stroke=\"currentColor\" stroke-width=\"2\" stroke-linecap=\"round\" stroke-linejoin=\"round\"\/>\n\t\t\t\t\t\t\t\t\t\t\t\t<path d=\"M18 7L27 16L18 25\" stroke=\"currentColor\" stroke-width=\"2\" stroke-linecap=\"round\" stroke-linejoin=\"round\"\/>\n\t\t\t\t\t\t\t\t\t\t\t<\/svg>\n\t\t\t\t\t\t\t\t\t\t<\/div>\n\t\t\t\t\t\t\t\t\t<\/div>\n\t\t\t\t\t\t\t\t<\/div>\n\n\n\t\t\t\t\t\t<\/a>\n\t\t\t\t\t<\/article>\n\n\t\t\t\t\t\n\t\t\t\t\t<article id=\"post-33407\" class=\"hentry alignfull wp-block-group-media-text\">\n\t\t\t\t\t\t<a class=\"wp-block-group__inner-container card relative block py-8 md:py-10\" href=\"https:\/\/cryomed.pro\/pl\/biznes\/uslugi\/instalacja\/\" title=\"Instalacja\" aria-label=\"Instalacja\">\n\n\n\t\t\t\t\t\t\t\t<div class=\"card__body flex flex-col md:flex-row\">\n\t\t\t\t\t\t\t\t\t<div class=\"flex-none\">\n\n\t\t\t\t\t\t\t\t\t\t<h2 class=\"card__title text-navy font-light mb-5 md:mb-0 md:mt-3 xl:mt-5\">Instalacja<\/h2>\n\t\t\t\t\t\t\t\t\t<\/div>\n\n\t\t\t\t\t\t\t\t\t<div class=\"flex-grow flex items-center md:ml-10 md:mr-auto\">\n\t\t\t\t\t\t\t\t\t\t<div class=\"card__text text-current mb-0\">\n\n\t\t\t\t\t\t\t\t\t\t\t<p>Udzielamy szczeg\u00f3\u0142owych porad, aby pom\u00f3c Ci wybra\u0107 najlepsz\u0105 opcj\u0119 zgodnie z Twoimi potrzebami i bior\u0105c pod uwag\u0119 dost\u0119pne pomieszczenia.<\/p>\n\n\t\t\t\t\t\t\t\t\t\t<\/div>\n\t\t\t\t\t\t\t\t\t<\/div>\n\n\t\t\t\t\t\t\t\t\t<div class=\"absolute -top-2 right-0 md:static flex-none flex items-center md:ml-10\">\n\t\t\t\t\t\t\t\t\t\t<div class=\"card__icon\">\n\t\t\t\t\t\t\t\t\t\t\t<svg width=\"32\" height=\"32\" viewBox=\"0 0 32 32\" fill=\"none\" xmlns=\"http:\/\/www.w3.org\/2000\/svg\">\n\t\t\t\t\t\t\t\t\t\t\t\t<path d=\"M5 16H27\" stroke=\"currentColor\" stroke-width=\"2\" stroke-linecap=\"round\" stroke-linejoin=\"round\"\/>\n\t\t\t\t\t\t\t\t\t\t\t\t<path d=\"M18 7L27 16L18 25\" stroke=\"currentColor\" stroke-width=\"2\" stroke-linecap=\"round\" stroke-linejoin=\"round\"\/>\n\t\t\t\t\t\t\t\t\t\t\t<\/svg>\n\t\t\t\t\t\t\t\t\t\t<\/div>\n\t\t\t\t\t\t\t\t\t<\/div>\n\t\t\t\t\t\t\t\t<\/div>\n\n\n\t\t\t\t\t\t<\/a>\n\t\t\t\t\t<\/article>\n\n\t\t\t\t\t\n\t\t\t\t\t<article id=\"post-33409\" class=\"hentry alignfull wp-block-group-media-text\">\n\t\t\t\t\t\t<a class=\"wp-block-group__inner-container card relative block py-8 md:py-10\" href=\"https:\/\/cryomed.pro\/pl\/biznes\/uslugi\/przesylka\/\" title=\"Przesy\u0142ka\" aria-label=\"Przesy\u0142ka\">\n\n\n\t\t\t\t\t\t\t\t<div class=\"card__body flex flex-col md:flex-row\">\n\t\t\t\t\t\t\t\t\t<div class=\"flex-none\">\n\n\t\t\t\t\t\t\t\t\t\t<h2 class=\"card__title text-navy font-light mb-5 md:mb-0 md:mt-3 xl:mt-5\">Przesy\u0142ka<\/h2>\n\t\t\t\t\t\t\t\t\t<\/div>\n\n\t\t\t\t\t\t\t\t\t<div class=\"flex-grow flex items-center md:ml-10 md:mr-auto\">\n\t\t\t\t\t\t\t\t\t\t<div class=\"card__text text-current mb-0\">\n\n\t\t\t\t\t\t\t\t\t\t\t<p>Mo\u017cemy wysy\u0142a\u0107 do wszystkich kraj\u00f3w na \u015bwiecie. 4 r\u00f3\u017cne metody wysy\u0142ki: ci\u0119\u017car\u00f3wk\u0105, samolotem, drog\u0105 morsk\u0105 lub w\u0142asn\u0105 wysy\u0142k\u0105.<\/p>\n\n\t\t\t\t\t\t\t\t\t\t<\/div>\n\t\t\t\t\t\t\t\t\t<\/div>\n\n\t\t\t\t\t\t\t\t\t<div class=\"absolute -top-2 right-0 md:static flex-none flex items-center md:ml-10\">\n\t\t\t\t\t\t\t\t\t\t<div class=\"card__icon\">\n\t\t\t\t\t\t\t\t\t\t\t<svg width=\"32\" height=\"32\" viewBox=\"0 0 32 32\" fill=\"none\" xmlns=\"http:\/\/www.w3.org\/2000\/svg\">\n\t\t\t\t\t\t\t\t\t\t\t\t<path d=\"M5 16H27\" stroke=\"currentColor\" stroke-width=\"2\" stroke-linecap=\"round\" stroke-linejoin=\"round\"\/>\n\t\t\t\t\t\t\t\t\t\t\t\t<path d=\"M18 7L27 16L18 25\" stroke=\"currentColor\" stroke-width=\"2\" stroke-linecap=\"round\" stroke-linejoin=\"round\"\/>\n\t\t\t\t\t\t\t\t\t\t\t<\/svg>\n\t\t\t\t\t\t\t\t\t\t<\/div>\n\t\t\t\t\t\t\t\t\t<\/div>\n\t\t\t\t\t\t\t\t<\/div>\n\n\n\t\t\t\t\t\t<\/a>\n\t\t\t\t\t<\/article>\n\n\t\t\t\t\t\n\t\t<\/div>\n\t<\/section>\n\n\t\n\n<section class=\"section entry-content\">\n  <div class=\"hentry alignfull wp-block-group-media-text\">\n\t<header class=\"wp-block-group__inner-container section__header text-center\">\n\t  <h2 class=\"section__title\">Business Locations<\/h2>\n\t<\/header>\n\t<div class=\"wp-block-group__inner-container section-row\">\n\t\t<p>Cryomed partners around the world do cryo businesses in various locations, but the most successful new ones are those with a fitness business nearby.<\/p>\n\t\t<p>Cryomed has distributors in 24 countries around the world and we expect the number of companies starting cryotherapy or wellness businesses to increase significantly in the coming years.<\/p>\n\t\t<p>To date, we have installed 1800 cryosaunas in 70 countries, and these numbers are increasing every year.<\/p>\n\t  <\/div>\n\t<\/div>\n<\/section>\n\n<section class=\"section\">\n  <div class=\"container\">\n\t<header class=\"wp-block-group__inner-container section__header text-center\">\n\t  <h3 class=\"section__title\">Where You Can Find <br> Cryo Businesses With Our Equipment?<\/h3>\n\t<\/header>\n\t<div class=\"section-row wp-block-columns ml-3\">\n\t\t  <div class=\"wp-block-column\">\n\t\t\t<ul>\n\t\t\t  <li>Australia, New Zealand<\/li>\n\t\t\t  <li>Brazil<\/li>\n\t\t\t  <li>Belgium<\/li>\n\t\t\t  <li>Canada<\/li>\n\t\t\t  <li>Chez Republic<\/li>\n\t\t\t  <li>Croatia<\/li>\n\t\t\t  <li>Egypt<\/li>\n\t\t\t  <li>Estonia<\/li>\n\t\t\t  <li>France<\/li>\n\t\t\t  <li>Germany<\/li>\n\t\t\t<\/ul>\n\t\t  <\/div>\n\t\t  <div class=\"wp-block-column\">\n\t\t\t<ul>\n\t\t\t  <li>Greece<\/li>\n\t\t\t  <li>Hungary<\/li>\n\t\t\t  <li>Israel<\/li>\n\t\t\t  <li>Italy<\/li>\n\t\t\t  <li>Japan<\/li>\n\t\t\t  <li>Mexico<\/li>\n\t\t\t  <li>Netherlands<\/li>\n\t\t\t  <li>Poland<\/li>\n\t\t\t  <li>Portugal<\/li>\n\t\t\t  <li>Romania<\/li>\n\t\t\t<\/ul>\n\t\t  <\/div>\n\t\t  <div class=\"wp-block-column\">\n\t\t\t<ul>\n\t\t\t  <li>Russia<\/li>\n\t\t\t  <li>Slovenia<\/li>\n\t\t\t  <li>South Africa<\/li>\n\t\t\t  <li>Sweden<\/li>\n\t\t\t  <li>Switzerland<\/li>\n\t\t\t  <li>Taiwan<\/li>\n\t\t\t  <li>UK (London, Liverpool, Manchester, etc.)<\/li>\n\t\t\t  <li>USA (New York, Los Angeles, Scottsdale, Nevada, etc.)<\/li>\n\t\t\t<\/ul>\n\t\t  <\/div>\n\t  <\/div>\n  <\/div>\n<\/section>\n\n<div class=\"wp-block-group alignfull wp-block-group-map\">\n\t<div class=\"container\">\n\t\t<div id=\"my-map\"><\/div>\n\t<\/div>\n<\/div>\n\n<section class=\"section entry-content\">\n  <div class=\"hentry alignfull wp-block-group-media-text\">\n\t<header class=\"wp-block-group__inner-container section__header text-center\">\n\t  <h2 class=\"section__title\">What Location To Choose For Your Cryo Business?<\/h2>\n\t<\/header>\n\t<div class=\"wp-block-group__inner-container section-row\">\n\t\t<p>If you are the owner of an established business, adding a cryosauna may be a good idea. All you need is free space for a cryo cabinet. By doing so, you'll broaden the list of services you can offer your clients and save money on renting premises for your cryo center.<\/p>\n\t\t<p>You won't avoid this cost if you want to open a cryo business from scratch. You'll need to find the best location for your business, taking into consideration both your competitors and complementary businesses. Fitness centers or beauty salons are good options to have nearby your cryo business.<\/p>\n\t  <\/div>\n\t<\/div>\n<\/section>\n\n\n<aside class=\"section section-cta\">\n\t<div class=\"xl:container\">\n\t\t<div class=\"card\">\n\n\t\t\t\n<div class=\"cp-glass cp-glass--primary\">\n\n\t<img loading=\"lazy\" decoding=\"async\" width=\"1920\" height=\"1280\" class=\"js-parallax\" src=\"https:\/\/cryomed.pro\/wp-content\/themes\/cryomed\/resources\/img\/1920x1280\/1.jpg\" alt=\"Przesy\u0142ka - photo\" title=\"Przesy\u0142ka\" \/>\n\t\t\t<div class=\"cp-glass-backdrop\"><\/div>\n\t<\/div>\n\n\t\t\t<div class=\"card__body\">\n\t\t\t\t<p class=\"card__title\">Start your cryotherapy business jointly the industry leader with the largest number of cryotherapy devices sold across the globe<\/p>\n\t\t\t\t<div class=\"flex flex-col flex-wrap items-center justify-center space-y-6 md:flex-row md:space-y-0 md:space-x-6 mt-10\">\n\n\t\t\t\t\t\n\t<button class=\"btn btn--large btn--white w-full md:w-auto\"\n\t\tdata-toggle=\"modal\"\n\t\tdata-type=\"contact-us\"\n\t\tdata-find=\"#modal-pills-price-tab\"\n\t\t>\n\n\t\tPopro\u015b o wycen\u0119\t<\/button>\n\n\t\n\t<button class=\"btn btn--large btn--white w-full md:w-auto\"\n\t\tdata-toggle=\"modal\"\n\t\tdata-type=\"contact-us\"\n\t\tdata-find=\"#modal-pills-distributor-tab\"\n\t\t>\n\n\t\tZosta\u0144 dystrybutorem\t<\/button>\n\n\t\n\t\t\t\t<\/div>\n\t\t\t<\/div>\n\t\t<\/div>\n\t<\/div>\n<\/aside>\n\n\n\n\n\n<p><\/p>\n","protected":false},"excerpt":{"rendered":"<p>Let\u2019s calculate the profitability of your cryotherapy business Average session time is 3 minutes. If you have at least 10 cryotherapy sessions per&hellip;<\/p>\n","protected":false},"author":1,"featured_media":0,"parent":33879,"menu_order":0,"comment_status":"closed","ping_status":"closed","template":"","meta":{"inline_featured_image":false,"footnotes":""},"class_list":["hentry"],"meta_box":[],"_links":{"self":[{"href":"https:\/\/cryomed.pro\/pl\/wp-json\/wp\/v2\/pages\/33567","targetHints":{"allow":["GET"]}}],"collection":[{"href":"https:\/\/cryomed.pro\/pl\/wp-json\/wp\/v2\/pages"}],"about":[{"href":"https:\/\/cryomed.pro\/pl\/wp-json\/wp\/v2\/types\/page"}],"author":[{"embeddable":true,"href":"https:\/\/cryomed.pro\/pl\/wp-json\/wp\/v2\/users\/1"}],"replies":[{"embeddable":true,"href":"https:\/\/cryomed.pro\/pl\/wp-json\/wp\/v2\/comments?post=33567"}],"version-history":[{"count":0,"href":"https:\/\/cryomed.pro\/pl\/wp-json\/wp\/v2\/pages\/33567\/revisions"}],"up":[{"embeddable":true,"href":"https:\/\/cryomed.pro\/pl\/wp-json\/wp\/v2\/pages\/33879"}],"wp:attachment":[{"href":"https:\/\/cryomed.pro\/pl\/wp-json\/wp\/v2\/media?parent=33567"}],"curies":[{"name":"wp","href":"https:\/\/api.w.org\/{rel}","templated":true}]}}