{"id":33562,"date":"2020-07-08T09:35:32","date_gmt":"2020-07-08T09:35:32","guid":{"rendered":"https:\/\/cryomed.pro\/cryotherapy\/in-sport\/"},"modified":"2025-07-03T04:14:30","modified_gmt":"2025-07-03T04:14:30","slug":"krioterapia-w-sporcie","status":"publish","type":"page","link":"https:\/\/cryomed.pro\/pl\/krioterapia\/krioterapia-w-sporcie\/","title":{"rendered":"Krioterapia w sporcie"},"content":{"rendered":"\n<div class=\"wp-block-group alignfull wp-block-group-media-text\"><div class=\"wp-block-group__inner-container is-layout-flow wp-block-group-is-layout-flow\">\n<div class=\"wp-block-columns alignwide is-layout-flex wp-container-core-columns-is-layout-9d6595d7 wp-block-columns-is-layout-flex\">\n<div class=\"wp-block-column is-layout-flow wp-block-column-is-layout-flow\">\n<h2 class=\"wp-block-heading\">How cryotherapy <br>in sport works?<\/h2>\n<\/div>\n\n\n\n<div class=\"wp-block-column is-layout-flow wp-block-column-is-layout-flow\">\n<h3 class=\"wp-block-heading\">Step 1: Sportsman enters the cryosauna<\/h3>\n\n\n\n<p>After entering the cryosauna, a cold flow of nitrogen and air mixture activates thermoreceptors in the skin. These start to send electrical impulses to the brain. The CNS identifies a state of threat. This activates a complex adaptive reaction focused on defending the body to survive in an extremely cold environment.<\/p>\n\n\n\n<h3 class=\"wp-block-heading\">Step 2: Vasoconstriction<\/h3>\n\n\n\n<p>The central nervous system sends signals to the muscles and vascular system, invoking contraction of muscles and narrowing of the blood vessels. This accelerates the flow of blood, nutrition and other resources from peripheral body parts to the body core.<\/p>\n\n\n\n<h3 class=\"wp-block-heading\">Step 3: Detoxification and blood enrichment<\/h3>\n\n\n\n<p>In order to swiftly supply enough nutritional substances to core organs, the body starts hyperproduction to enrich blood with erythrocytes, oxygen, collagen and other essential substances. Metabolites and toxins are quickly degraded and eliminated.<\/p>\n\n\n\n<h3 class=\"wp-block-heading\">Step 4: Vasodilatation<\/h3>\n\n\n\n<p>After leaving the cryosauna, thermoreceptors recognize the return to normal environment, which triggers vasodilatation and the return of enriched blood to peripheral body parts. Nutritional substances transferred by blood are absorbed by peripheral systems \u2013 muscles, tissues, joints and skin.<\/p>\n<\/div>\n<\/div>\n<\/div><\/div>\n\n\n\n<div class=\"wp-block-group alignfull wp-block-group-media-text\"><div class=\"wp-block-group__inner-container is-layout-flow wp-block-group-is-layout-flow\">\n<div class=\"wp-block-columns alignwide is-layout-flex wp-container-core-columns-is-layout-9d6595d7 wp-block-columns-is-layout-flex\">\n<div class=\"wp-block-column is-layout-flow wp-block-column-is-layout-flow\">\n<figure class=\"wp-block-image size-large\"><img loading=\"lazy\" decoding=\"async\" width=\"540\" height=\"540\" src=\"\/wp-content\/uploads\/2021\/06\/Frame-11-5.png\" alt=\"Local cryotherapy in sport\" class=\"wp-image-5928\" srcset=\"https:\/\/cryomed.pro\/wp-content\/uploads\/2021\/06\/Frame-11-5.png 540w, https:\/\/cryomed.pro\/wp-content\/uploads\/2021\/06\/Frame-11-5-300x300.png 300w, https:\/\/cryomed.pro\/wp-content\/uploads\/2021\/06\/Frame-11-5-150x150.png 150w, https:\/\/cryomed.pro\/wp-content\/uploads\/2021\/06\/Frame-11-5-100x100.png 100w, https:\/\/cryomed.pro\/wp-content\/uploads\/2021\/06\/Frame-11-5-160x160.png 160w, https:\/\/cryomed.pro\/wp-content\/uploads\/2021\/06\/Frame-11-5-340x340.png 340w\" sizes=\"auto, (max-width: 540px) 100vw, 540px\" \/><figcaption class=\"wp-element-caption\">Local cryotherapy in sport<\/figcaption><\/figure>\n<\/div>\n\n\n\n<div class=\"wp-block-column is-layout-flow wp-block-column-is-layout-flow\">\n<h2 class=\"wp-block-heading\">Local cryotherapy <br>for sportsmen<\/h2>\n\n\n\n<p>Quick and lasting help for sports injuries.<\/p>\n\n\n\n<p>Health and full efficiency is the key to every athlete\u2019s success. Today\u2019s professional and also recreational sport can represent uncommon to extreme load to the human body. Small or more serious injuries can rarely be avoided. In case of more serious injuries of the musculoskeletal system, as well as microtrauma at higher load, local application of nitrogen stream as cold as -130 \u00b0C will eliminate pain and help with faster healing of tissues. In addition, nitrogen will help extending the range of motion and allow further recovery of the athlete. Reducing the pain also helps the patient to stay motivated in the recovery process and continue to exercise, which otherwise wouldn\u2019t be possible due to pain.<\/p>\n<\/div>\n<\/div>\n<\/div><\/div>\n\n\n\n<div class=\"wp-block-group alignfull wp-block-group-media-text wp-block-group-media-text--reverse\"><div class=\"wp-block-group__inner-container is-layout-flow wp-block-group-is-layout-flow\">\n<div class=\"wp-block-columns alignwide is-layout-flex wp-container-core-columns-is-layout-9d6595d7 wp-block-columns-is-layout-flex\">\n<div class=\"wp-block-column is-layout-flow wp-block-column-is-layout-flow\">\n<h2 class=\"wp-block-heading\">Whole-body cryotherapy <br>for sportsmen<\/h2>\n\n\n\n<p>Whole body cryotherapy is currently the most efficient and most comprehensive method of recovery and stimulation of the locomotive apparatus. Thanks to its distinctive recovery effect it is used by athletes, gyms and sports clubs around the globe. Juventus Turin, Udinese Calcio, Inter Milan, San Francisco 49ers and other top notch sport establishments have included cryosauna and cryotherapy in their training processes. Cryosauna represent an ideal ergonomic and effective solution for sport clubs, gyms, physiotherapy and recovery clinics, as well as individual athletes.<\/p>\n<\/div>\n\n\n\n<div class=\"wp-block-column is-layout-flow wp-block-column-is-layout-flow\">\n<figure class=\"wp-block-image size-large\"><img loading=\"lazy\" decoding=\"async\" width=\"540\" height=\"540\" src=\"\/wp-content\/uploads\/2021\/06\/Frame-11-6.png\" alt=\"Whole body cryotherapy in sport\" class=\"wp-image-5947\" srcset=\"https:\/\/cryomed.pro\/wp-content\/uploads\/2021\/06\/Frame-11-6.png 540w, https:\/\/cryomed.pro\/wp-content\/uploads\/2021\/06\/Frame-11-6-300x300.png 300w, https:\/\/cryomed.pro\/wp-content\/uploads\/2021\/06\/Frame-11-6-150x150.png 150w, https:\/\/cryomed.pro\/wp-content\/uploads\/2021\/06\/Frame-11-6-100x100.png 100w, https:\/\/cryomed.pro\/wp-content\/uploads\/2021\/06\/Frame-11-6-160x160.png 160w, https:\/\/cryomed.pro\/wp-content\/uploads\/2021\/06\/Frame-11-6-340x340.png 340w\" sizes=\"auto, (max-width: 540px) 100vw, 540px\" \/><figcaption class=\"wp-element-caption\">Whole body cryotherapy in sport<\/figcaption><\/figure>\n<\/div>\n<\/div>\n<\/div><\/div>\n\n\n\n<div class=\"wp-block-group alignfull wp-block-group-media-text\"><div class=\"wp-block-group__inner-container is-layout-flow wp-block-group-is-layout-flow\">\n<div class=\"wp-block-columns alignwide is-layout-flex wp-container-core-columns-is-layout-9d6595d7 wp-block-columns-is-layout-flex\">\n<div class=\"wp-block-column is-layout-flow wp-block-column-is-layout-flow\">\n<figure class=\"wp-block-image size-large\"><img loading=\"lazy\" decoding=\"async\" width=\"540\" height=\"540\" src=\"\/wp-content\/uploads\/2021\/06\/professor-1.png\" alt=\"Cryotherapy procedure for sportsmen\" class=\"wp-image-5966\" srcset=\"https:\/\/cryomed.pro\/wp-content\/uploads\/2021\/06\/professor-1.png 540w, https:\/\/cryomed.pro\/wp-content\/uploads\/2021\/06\/professor-1-300x300.png 300w, https:\/\/cryomed.pro\/wp-content\/uploads\/2021\/06\/professor-1-150x150.png 150w, https:\/\/cryomed.pro\/wp-content\/uploads\/2021\/06\/professor-1-100x100.png 100w, https:\/\/cryomed.pro\/wp-content\/uploads\/2021\/06\/professor-1-160x160.png 160w, https:\/\/cryomed.pro\/wp-content\/uploads\/2021\/06\/professor-1-340x340.png 340w\" sizes=\"auto, (max-width: 540px) 100vw, 540px\" \/><figcaption class=\"wp-element-caption\">Cryotherapy procedure for sportsmen<\/figcaption><\/figure>\n<\/div>\n\n\n\n<div class=\"wp-block-column is-layout-flow wp-block-column-is-layout-flow\">\n<h2 class=\"wp-block-heading\">Cryotherapy procedure <br>for sportsmen<\/h2>\n\n\n\n<p>Within a 2-3 minutes long procedure in a cryosauna, the human body is rapidly exposed to extremely low temperature of about -130\u00b0C. To support the effect of cryotherapy, we recommend additional 15-20 minutes of kinesiotherapy on a stationary bicycle, or similar aerobic exercise after the procedure.<\/p>\n\n\n\n<p>In addition to the already described stimulation and recovery effect on muscles and the whole locomotive apparatus, increased production of beta-endorphins inducing a feeling of happiness and boost of activity. This feeling of motivation and positive encouragement, and also higher resistance to load thanks to the analgesic effect, will persist 3 \u2013 5 hours after the procedure.<\/p>\n<\/div>\n<\/div>\n<\/div><\/div>\n\n\n\n<aside class=\"section section-cta\">\n\t<div class=\"xl:container\">\n\t\t<div class=\"card\">\n\n\t\t\t\n<div class=\"cp-glass cp-glass--primary\">\n\n\t<img loading=\"lazy\" decoding=\"async\" width=\"1920\" height=\"1280\" class=\"js-parallax\" src=\"https:\/\/cryomed.pro\/wp-content\/themes\/cryomed\/resources\/img\/1920x1280\/1.jpg\" alt=\"Krioterapia w sporcie - photo\" title=\"Krioterapia w sporcie\" \/>\n\t\t\t<div class=\"cp-glass-backdrop\"><\/div>\n\t<\/div>\n\n\t\t\t<div class=\"card__body\">\n\t\t\t\t<p class=\"card__title\">Kupuj od lidera bran\u017cy z najwi\u0119ksz\u0105 liczb\u0105 urz\u0105dze\u0144 do krioterapii sprzedawanych na ca\u0142ym \u015bwiecie<\/p>\n\t\t\t\t<div class=\"flex flex-col flex-wrap items-center justify-center space-y-6 md:flex-row md:space-y-0 md:space-x-6 mt-10\">\n\n\t\t\t\t\t\n\t<button class=\"btn btn--large btn--white w-full md:w-auto\"\n\t\tdata-toggle=\"modal\"\n\t\tdata-type=\"contact-us\"\n\t\tdata-find=\"#modal-pills-price-tab\"\n\t\t>\n\n\t\tPopro\u015b o wycen\u0119\t<\/button>\n\n\t\n\t<button class=\"btn btn--large btn--white w-full md:w-auto\"\n\t\tdata-toggle=\"modal\"\n\t\tdata-type=\"contact-us\"\n\t\tdata-find=\"#modal-pills-distributor-tab\"\n\t\t>\n\n\t\tZosta\u0144 dystrybutorem\t<\/button>\n\n\t\n\t\t\t\t<\/div>\n\t\t\t<\/div>\n\t\t<\/div>\n\t<\/div>\n<\/aside>\n\n\n\n\t<section class=\"section section-list-testimonials bg-light\">\n\t\t<div class=\"container\">\n\t\t\t<header class=\"section__header text-center\">\n\t\t\t\t<h2 class=\"section__title text-navy\">Sportsman reviews<\/h2>\n<!--\t\t\t\t\t-->                    \t\t\t<\/header>\n\n\t\t\t\n\t\t\t\t<div class=\"swiper-container swiper-container__thumbs\">\n\t\t\t\t\t<div class=\"swiper-wrapper flex justify-between\">\n\t\t\t\t\t\t\n\t\t\t\t\t\t\t<div class=\"swiper-slide mx-4 lg:mx-8\">\n\t\t\t\t\t\t\t\t<img loading=\"lazy\" decoding=\"async\" width=\"100\" height=\"100\" src=\"https:\/\/cryomed.pro\/wp-content\/uploads\/2021\/08\/cryo-sport-07-100x100.png\" class=\"attachment-100x100 size-100x100 wp-post-image\" alt=\"Martin Ot\u010den\u00e1\u0161, Biathlonist\" srcset=\"https:\/\/cryomed.pro\/wp-content\/uploads\/2021\/08\/cryo-sport-07-100x100.png 100w, https:\/\/cryomed.pro\/wp-content\/uploads\/2021\/08\/cryo-sport-07-150x150.png 150w, https:\/\/cryomed.pro\/wp-content\/uploads\/2021\/08\/cryo-sport-07-160x160.png 160w\" sizes=\"auto, (max-width: 100px) 100vw, 100px\" \/>\t\t\t\t\t\t\t<\/div>\n\n\t\t\t\t\t\t\n\t\t\t\t\t\t\t<div class=\"swiper-slide mx-4 lg:mx-8\">\n\t\t\t\t\t\t\t\t<img loading=\"lazy\" decoding=\"async\" width=\"100\" height=\"100\" src=\"https:\/\/cryomed.pro\/wp-content\/uploads\/2021\/08\/cryo-sport-06-100x100.png\" class=\"attachment-100x100 size-100x100 wp-post-image\" alt=\"Basketball club Pie\u0161\u0165ansk\u00e9 \u010cajky, Slovak Vice Champion 2017\" srcset=\"https:\/\/cryomed.pro\/wp-content\/uploads\/2021\/08\/cryo-sport-06-100x100.png 100w, https:\/\/cryomed.pro\/wp-content\/uploads\/2021\/08\/cryo-sport-06-150x150.png 150w, https:\/\/cryomed.pro\/wp-content\/uploads\/2021\/08\/cryo-sport-06-160x160.png 160w\" sizes=\"auto, (max-width: 100px) 100vw, 100px\" \/>\t\t\t\t\t\t\t<\/div>\n\n\t\t\t\t\t\t\n\t\t\t\t\t\t\t<div class=\"swiper-slide mx-4 lg:mx-8\">\n\t\t\t\t\t\t\t\t<img loading=\"lazy\" decoding=\"async\" width=\"100\" height=\"100\" src=\"https:\/\/cryomed.pro\/wp-content\/uploads\/2021\/08\/cryo-sport-05-e1586274764581-100x100.png\" class=\"attachment-100x100 size-100x100 wp-post-image\" alt=\"Tom\u00e1\u0161 Surov\u00fd, Ice Hockey\" srcset=\"https:\/\/cryomed.pro\/wp-content\/uploads\/2021\/08\/cryo-sport-05-e1586274764581-100x100.png 100w, https:\/\/cryomed.pro\/wp-content\/uploads\/2021\/08\/cryo-sport-05-e1586274764581-150x150.png 150w, https:\/\/cryomed.pro\/wp-content\/uploads\/2021\/08\/cryo-sport-05-e1586274764581-160x160.png 160w\" sizes=\"auto, (max-width: 100px) 100vw, 100px\" \/>\t\t\t\t\t\t\t<\/div>\n\n\t\t\t\t\t\t\n\t\t\t\t\t\t\t<div class=\"swiper-slide mx-4 lg:mx-8\">\n\t\t\t\t\t\t\t\t<img loading=\"lazy\" decoding=\"async\" width=\"100\" height=\"100\" src=\"https:\/\/cryomed.pro\/wp-content\/uploads\/2021\/08\/cryo-sport-04-100x100.png\" class=\"attachment-100x100 size-100x100 wp-post-image\" alt=\"Matej T\u00f3th, Slovak race walker, Olympic champion\" srcset=\"https:\/\/cryomed.pro\/wp-content\/uploads\/2021\/08\/cryo-sport-04-100x100.png 100w, https:\/\/cryomed.pro\/wp-content\/uploads\/2021\/08\/cryo-sport-04-150x150.png 150w, https:\/\/cryomed.pro\/wp-content\/uploads\/2021\/08\/cryo-sport-04-160x160.png 160w\" sizes=\"auto, (max-width: 100px) 100vw, 100px\" \/>\t\t\t\t\t\t\t<\/div>\n\n\t\t\t\t\t\t\t\t\t\t\t<\/div>\n\t\t\t\t<\/div>\n\n\t\t\t\t<div class=\"swiper-container swiper-container__slides\">\n\t\t\t\t\t<div class=\"swiper-wrapper\">\n\t\t\t\t\t\t\n\t\t\t\t\t\t\t<div class=\"swiper-slide\">\n\t\t\t\t\t\t\t\t<figure class=\"card\">\n\t\t\t\t\t\t\t\t\t<blockquote class=\"card__body\"><p>&#8220;Mam d\u0142ugoterminowe pozytywne do\u015bwiadczenia z krioterapi\u0105 jako sportowiec. Po raz pierwszy spr\u00f3bowa\u0142em jej w 2005 roku po kilku kontuzjach mi\u0119\u015bni, kiedy pomog\u0142a mi w rekonwalescencji. Od 2012 roku bior\u0119 10 zabieg\u00f3w podczas letnich przygotowa\u0144, co pomaga mi radzi\u0107 sobie z wymagaj\u0105cymi treningami poprzez przyspieszenie regeneracji i rozlu\u017anienie mi\u0119\u015bni. Bior\u0119 kolejne 10 zabieg\u00f3w przed rozpocz\u0119ciem g\u0142\u00f3wnego sezonu, przed zim\u0105, aby wzmocni\u0107 m\u00f3j uk\u0142ad odporno\u015bciowy i pom\u00f3c w og\u00f3lnej regeneracji mi\u0119\u015bni i \u015bci\u0119gien po okresie treningowym&#8221;.<\/p>\n<\/blockquote>\n\n\t\t\t\t\t\t\t\t\t<footer class=\"card__footer mb-6 lg:mb-10\">\n\n\t\t\t\t\t\t\t\t\t\t<cite class=\"author\">Krioterapia w biathlonie: Martin Ot\u010den\u00e1\u0161<\/cite>\n\t\t\t\t\t\t\t\t\t\t<cite class=\"company\">Martin Ot\u010den\u00e1\u0161, Biathlonista<\/cite>\n\t\t\t\t\t\t\t\t\t<\/footer>\n\t\t\t\t\t\t\t\t<\/figure>\n\t\t\t\t\t\t\t<\/div>\n\t\t\t\t\t\t\n\t\t\t\t\t\t\t<div class=\"swiper-slide\">\n\t\t\t\t\t\t\t\t<figure class=\"card\">\n\t\t\t\t\t\t\t\t\t<blockquote class=\"card__body\"><p>&#8220;W klubie staramy si\u0119 stworzy\u0107 jak najbardziej profesjonalne \u015brodowisko, a powr\u00f3t do zdrowia naszych zawodnik\u00f3w jest naszym priorytetem. Mamy tylko pozytywne do\u015bwiadczenia z krioterapi\u0105, poniewa\u017c w ostatnich latach korzystali\u015bmy z us\u0142ug innego dostawcy krioterapii w Pieszczanach. Kiedy pojawi\u0142a si\u0119 mo\u017cliwo\u015b\u0107 posiadania kriokomory bezpo\u015brednio w Diplomat Arenie, nie wahali\u015bmy si\u0119 i jeste\u015bmy pewni, \u017ce przyniesie to ogromne korzy\u015bci&#8221; &#8211; powiedzia\u0142a Bronislava Borovi\u010dkov\u00e1, dyrektor generalna klubu.<\/p>\n<p>&#8220;Z perspektywy fizjoterapeuty to wspania\u0142e do\u015bwiadczenie pracowa\u0107 z kriokomor\u0105 bezpo\u015brednio w naszym obiekcie, gdzie jest ona zawsze dost\u0119pna. Zalet\u0105 jest to, \u017ce mo\u017cemy lepiej reagowa\u0107 na sytuacje, w kt\u00f3rych na przyk\u0142ad wyst\u0119puje zwi\u0119kszone zm\u0119czenie po meczu lub po cyklu treningowym. Odczuwam r\u00f3wnie\u017c du\u017ce korzy\u015bci ze wsp\u00f3\u0142pracy mi\u0119dzy mn\u0105 a g\u0142\u00f3wnym trenerem. Mamy jasne zasady dotycz\u0105ce stosowania krioterapii ca\u0142ego cia\u0142a, co dodatkowo zwi\u0119ksza og\u00f3lny efekt tej terapii&#8221;, Michal Nagaj, fizjoterapeuta Pie\u0161\u0165ansk\u00e9 \u010cajky.<\/p>\n<p>&#8220;W organizmie wyzwalanych jest wiele reakcji, kt\u00f3re rozpoczynaj\u0105 procesy regeneracyjne w organizmie natychmiast po terapii. W ci\u0105gu najbli\u017cszych kilku godzin procesy te zmniejsz\u0105 ca\u0142kowite zm\u0119czenie lub pomog\u0105 wyleczy\u0107, na przyk\u0142ad, struktury mi\u0119\u015bniowe, zwi\u0119kszaj\u0105c w ten spos\u00f3b zapobieganie kontuzjom. Zawodnicy s\u0105 zatem ponownie gotowi do pe\u0142nej wydajno\u015bci, kt\u00f3ra jest wymagana w sporcie zawodowym&#8221;, Micha\u0142 Nagaj opisuje efekt krioterapii ca\u0142ego cia\u0142a.<\/p>\n<\/blockquote>\n\n\t\t\t\t\t\t\t\t\t<footer class=\"card__footer mb-6 lg:mb-10\">\n\n\t\t\t\t\t\t\t\t\t\t<cite class=\"author\">Krioterapia w koszyk\u00f3wce: klub koszykarski Pie\u0161t&#8217;ansk\u00e9 \u010cajke<\/cite>\n\t\t\t\t\t\t\t\t\t\t<cite class=\"company\">Klub koszykarski Pie\u0161t'ansk\u00e9 \u010cajky, wicemistrz S\u0142owacji 2017<\/cite>\n\t\t\t\t\t\t\t\t\t<\/footer>\n\t\t\t\t\t\t\t\t<\/figure>\n\t\t\t\t\t\t\t<\/div>\n\t\t\t\t\t\t\n\t\t\t\t\t\t\t<div class=\"swiper-slide\">\n\t\t\t\t\t\t\t\t<figure class=\"card\">\n\t\t\t\t\t\t\t\t\t<blockquote class=\"card__body\"><p>&#8220;U\u017cywam krioterapii od 5 lat jako integralnej cz\u0119\u015bci regeneracji mi\u0119dzy meczami 3-4 razy w tygodniu. Dzi\u0119ki niej czuj\u0119 si\u0119 mniej zm\u0119czony i bardziej zmotywowany do treningu, czuj\u0119 si\u0119 zdrowy. Pomaga mi to r\u00f3wnie\u017c unikn\u0105\u0107 kontuzji ze zm\u0119czenia, a je\u015bli zdarzy si\u0119 ma\u0142y uraz, natychmiast stosuj\u0119 miejscowe leczenie kriofanem&#8221;.<\/p>\n<\/blockquote>\n\n\t\t\t\t\t\t\t\t\t<footer class=\"card__footer mb-6 lg:mb-10\">\n\n\t\t\t\t\t\t\t\t\t\t<cite class=\"author\">Krioterapia w hokeju: Tom\u00e1\u0161 Surov\u00fd<\/cite>\n\t\t\t\t\t\t\t\t\t\t<cite class=\"company\">Tom\u00e1\u0161 Surov\u00fd, Hokej na lodzie<\/cite>\n\t\t\t\t\t\t\t\t\t<\/footer>\n\t\t\t\t\t\t\t\t<\/figure>\n\t\t\t\t\t\t\t<\/div>\n\t\t\t\t\t\t\n\t\t\t\t\t\t\t<div class=\"swiper-slide\">\n\t\t\t\t\t\t\t\t<figure class=\"card\">\n\t\t\t\t\t\t\t\t\t<blockquote class=\"card__body\"><p>&#8220;Moje do\u015bwiadczenie z krioterapi\u0105 jest rozleg\u0142e. Sta\u0142a si\u0119 ona regularn\u0105 cz\u0119\u015bci\u0105 moich ca\u0142orocznych przygotowa\u0144. W ci\u0105gu roku wykonuj\u0119 co najmniej trzy zabiegi po 10 cykli, najcz\u0119\u015bciej w okresie od pa\u017adziernika do marca i w czerwcu. S\u0142u\u017cy jako metoda regeneracji po wymagaj\u0105cym bloku treningowym. Nie zajmuje du\u017co czasu i nie wyczerpuje tak bardzo jak terapia zimn\u0105 wod\u0105 czy k\u0105piel lodowa. Dodatkowo przyjemne uczucie dzi\u0119ki endorfinom motywuje mnie do dalszych trening\u00f3w i oczywi\u015bcie przyspiesza regeneracj\u0119 i eliminuje zm\u0119czenie. W przypadku kontuzji mi\u0119\u015bniowych stosuj\u0119 krioterapi\u0119 miejscow\u0105. Dzi\u0119ki temu mog\u0142em wzi\u0105\u0107 udzia\u0142 w Igrzyskach Olimpijskich w Londynie po zapaleniu \u015bci\u0119gna piszczelowego!&#8221;<\/p>\n<\/blockquote>\n\n\t\t\t\t\t\t\t\t\t<footer class=\"card__footer mb-6 lg:mb-10\">\n\n\t\t\t\t\t\t\t\t\t\t<cite class=\"author\">Krioterapia w lekkiej atletyce: Matej T\u00f3th<\/cite>\n\t\t\t\t\t\t\t\t\t\t<cite class=\"company\">Matej T\u00f3th, S\u0142owacki chodziarz, mistrz olimpijski<\/cite>\n\t\t\t\t\t\t\t\t\t<\/footer>\n\t\t\t\t\t\t\t\t<\/figure>\n\t\t\t\t\t\t\t<\/div>\n\t\t\t\t\t\t\t\t\t\t\t<\/div>\n\t\t\t\t<\/div>\n\t\t\t\t\t<\/div>\n\t<\/section>\n\n\t\n","protected":false},"excerpt":{"rendered":"<p>Cryotherapy proved to be a powerful recovery tool used by both elite professionals and weekend warriors. It is known to boost performance for up to 40%.<\/p>\n","protected":false},"author":1,"featured_media":6778,"parent":33436,"menu_order":2,"comment_status":"closed","ping_status":"closed","template":"","meta":{"inline_featured_image":false,"footnotes":""},"class_list":["hentry","has-post-thumbnail"],"meta_box":[],"_links":{"self":[{"href":"https:\/\/cryomed.pro\/pl\/wp-json\/wp\/v2\/pages\/33562","targetHints":{"allow":["GET"]}}],"collection":[{"href":"https:\/\/cryomed.pro\/pl\/wp-json\/wp\/v2\/pages"}],"about":[{"href":"https:\/\/cryomed.pro\/pl\/wp-json\/wp\/v2\/types\/page"}],"author":[{"embeddable":true,"href":"https:\/\/cryomed.pro\/pl\/wp-json\/wp\/v2\/users\/1"}],"replies":[{"embeddable":true,"href":"https:\/\/cryomed.pro\/pl\/wp-json\/wp\/v2\/comments?post=33562"}],"version-history":[{"count":2,"href":"https:\/\/cryomed.pro\/pl\/wp-json\/wp\/v2\/pages\/33562\/revisions"}],"predecessor-version":[{"id":107553,"href":"https:\/\/cryomed.pro\/pl\/wp-json\/wp\/v2\/pages\/33562\/revisions\/107553"}],"up":[{"embeddable":true,"href":"https:\/\/cryomed.pro\/pl\/wp-json\/wp\/v2\/pages\/33436"}],"wp:featuredmedia":[{"embeddable":true,"href":"https:\/\/cryomed.pro\/pl\/wp-json\/wp\/v2\/media\/6778"}],"wp:attachment":[{"href":"https:\/\/cryomed.pro\/pl\/wp-json\/wp\/v2\/media?parent=33562"}],"curies":[{"name":"wp","href":"https:\/\/api.w.org\/{rel}","templated":true}]}}