{"id":33559,"date":"2020-08-07T14:29:09","date_gmt":"2020-08-07T14:29:09","guid":{"rendered":"https:\/\/cryomed.pro\/cryotherapy\/full-body-cryotherapy\/"},"modified":"2025-07-03T03:30:33","modified_gmt":"2025-07-03T03:30:33","slug":"krioterapia-calego-ciala","status":"publish","type":"page","link":"https:\/\/cryomed.pro\/pl\/krioterapia\/krioterapia-calego-ciala\/","title":{"rendered":"Krioterapia ca\u0142ego cia\u0142a"},"content":{"rendered":"\n<div class=\"wp-block-group alignfull wp-block-group-media-text\"><div class=\"wp-block-group__inner-container is-layout-flow wp-block-group-is-layout-flow\">\n<div class=\"wp-block-columns alignwide is-layout-flex wp-container-core-columns-is-layout-9d6595d7 wp-block-columns-is-layout-flex\">\n<div class=\"wp-block-column is-layout-flow wp-block-column-is-layout-flow\">\n<h2 class=\"wp-block-heading\">The history of whole-body cryotherapy<\/h2>\n<\/div>\n\n\n\n<div class=\"wp-block-column is-layout-flow wp-block-column-is-layout-flow\">\n<p>Whole-body cryotherapy was first introduced by the Japanese scientist Professor Toshiro Yamauchi in the late 70s as an effective method of treating rheumatism. After making a report in 1979, when he told the world about his achievements at the Rheumatology Congress, and a few years later the first cryotherapeutic system for administering general cryotherapy was commissioned.<\/p>\n\n\n\n<p>In the clinic of Professor Reinhard Fricke, a cryotherapeutic module started functioning way back in 1984, and hundreds of patients could undergo the long-awaited treatment. Since then, millions of people around the world could experience the amazing revitalizing capabilities of cryotherapy.<\/p>\n\n\n\n<p>With time, cryotherapy using a cryosauna became more than pain management or anti-inflammatory tool and treatment that helped athletes recover from physical stress, muscle tension, and minor injuries. Instead, it evolved into a mainstream method of stress relief and a part of the wellness culture.<\/p>\n<\/div>\n<\/div>\n<\/div><\/div>\n\n\n\n<div class=\"wp-block-group alignfull wp-block-group-media-text\"><div class=\"wp-block-group__inner-container is-layout-flow wp-block-group-is-layout-flow\">\n<div class=\"wp-block-columns alignwide is-layout-flex wp-container-core-columns-is-layout-9d6595d7 wp-block-columns-is-layout-flex\">\n<div class=\"wp-block-column is-layout-flow wp-block-column-is-layout-flow\">\n<figure class=\"wp-block-image size-large\"><img loading=\"lazy\" decoding=\"async\" width=\"540\" height=\"540\" src=\"\/wp-content\/uploads\/2021\/06\/Frame-11-3.png\" alt=\"full body cryotherapy\" class=\"wp-image-5890\" title=\"whole body cryotherapy\" srcset=\"https:\/\/cryomed.pro\/wp-content\/uploads\/2021\/06\/Frame-11-3.png 540w, https:\/\/cryomed.pro\/wp-content\/uploads\/2021\/06\/Frame-11-3-300x300.png 300w, https:\/\/cryomed.pro\/wp-content\/uploads\/2021\/06\/Frame-11-3-150x150.png 150w, https:\/\/cryomed.pro\/wp-content\/uploads\/2021\/06\/Frame-11-3-100x100.png 100w, https:\/\/cryomed.pro\/wp-content\/uploads\/2021\/06\/Frame-11-3-160x160.png 160w, https:\/\/cryomed.pro\/wp-content\/uploads\/2021\/06\/Frame-11-3-340x340.png 340w\" sizes=\"auto, (max-width: 540px) 100vw, 540px\" \/><figcaption class=\"wp-element-caption\">How does full body cryotherapy work?<\/figcaption><\/figure>\n<\/div>\n\n\n\n<div class=\"wp-block-column is-layout-flow wp-block-column-is-layout-flow\">\n<h2 class=\"wp-block-heading\">How does whole body cryotherapy work?<\/h2>\n\n\n\n<p>Thanks to the presence of thermoreceptors in our skin, extremely low temperature causes an illusion of threat, to which the human body reacts by an adaptive reaction. Thermoreceptors signal the extreme cold to the CNS, and the brain will send orders to all peripheral body parts to reduce supply of blood to acral parts, concentrating the blood into the body core. During the short duration of the treatment, there is no reduction of temperature inside the body, the temperature of the body core and internal organs remains unchanged. Temperature of the body surface drops slightly by 0.5\u00b0C to 6\u00b0C, depending on the body part.<\/p>\n\n\n\n<p>After 2.5 to 3 minutes, when the customer leaves the cryosauna and goes back to normal environment, the body signals this change of temperature and starts pumping blood to the peripheral parts \u2013 muscles, joints and skin. This stimulation of blood circulation will trigger metabolism and all recovery processes in the human body, like secretion of metabolites and toxins from subcutaneous layers, cell renewal process, replacement of damaged cells and removal of dead cells from peripheral tissues, thereby regenerating and rejuvenating the body at cellular level.<\/p>\n\n\n\n<ul class=\"wp-block-list\">\n<li><p><a title=\"General question about whole cryotherapy\" href=\"https:\/\/cryomed.pro\/faq\/general\/\">General question about cryotherapy<\/a>, both general and local.<\/p><\/li>\n\n\n\n<li><p>Why people pay for cryotherapy and <a title=\"What is the cost of cryotherapy?\" href=\"https:\/\/cryomed.pro\/faq\/pricing\/what-is-the-cost-of-cryotherapy\/\">what is the cost of cryotherapy<\/a> in different countries?<\/p><\/li>\n<\/ul>\n\n\n\n<p><\/p>\n<\/div>\n<\/div>\n<\/div><\/div>\n\n\n\n<div class=\"wp-block-group alignfull wp-block-group-media-text wp-block-group-media-text--reverse\"><div class=\"wp-block-group__inner-container is-layout-flow wp-block-group-is-layout-flow\">\n<div class=\"wp-block-columns alignwide is-layout-flex wp-container-core-columns-is-layout-9d6595d7 wp-block-columns-is-layout-flex\">\n<div class=\"wp-block-column is-layout-flow wp-block-column-is-layout-flow\">\n<h2 class=\"wp-block-heading\">Whole-body cryotherapy benefits<\/h2>\n\n\n\n<p>Even though whole-body cryotherapy has been known for years, we can often hear: Why do people use whole-body cryotherapy? Does whole-body cryotherapy work? What does it do and how often should you do whole-body cryotherapy? These are some of the most common questions people ask when they want to visit a cryosauna.<\/p>\n\n\n\n<p>Well, you can feel whole-body <a href=\"https:\/\/cryomed.pro\/pl\/krioterapia\/\">cryotherapy benefits<\/a> just after one session, but it is more effective when you use it regularly. The main benefits of whole-body cryotherapy are:<\/p>\n\n\n\n<ul class=\"wp-block-list\">\n<li>inflammation reduction;<\/li>\n\n\n\n<li>pain relief;<\/li>\n\n\n\n<li>the effective complementary approach in rheumatic diseases;<\/li>\n\n\n\n<li>immune system improvement;<\/li>\n\n\n\n<li>stress alleviation;<\/li>\n\n\n\n<li>help with skin problems (psoriasis, acne, etc.);<\/li>\n\n\n\n<li>weight loss;<\/li>\n\n\n\n<li>sleep improvement;<\/li>\n\n\n\n<li>faster recovery after physical and psychological overloads.&nbsp;<\/li>\n<\/ul>\n\n\n\n<p>The benefits of full-body cryotherapy and its effectiveness are proved by numerous studies. Yes, they are pros and cons to whole-body cryotherapy, like in any other treatment. But any risks can be minimized by careful study of contraindications and preliminary consultation with a cryo center specialist.<\/p>\n\n\n\n<p><\/p>\n<\/div>\n\n\n\n<div class=\"wp-block-column is-layout-flow wp-block-column-is-layout-flow\">\n<figure class=\"wp-block-image size-full\"><img loading=\"lazy\" decoding=\"async\" width=\"600\" height=\"375\" src=\"https:\/\/cryomed.pro\/wp-content\/uploads\/2022\/07\/whole-body-cryotherapy.png\" alt=\"Benefits of full-body cryotherapy\" class=\"wp-image-21451\" title=\"whole body cryotherapy\" srcset=\"https:\/\/cryomed.pro\/wp-content\/uploads\/2022\/07\/whole-body-cryotherapy.png 600w, https:\/\/cryomed.pro\/wp-content\/uploads\/2022\/07\/whole-body-cryotherapy-300x188.png 300w\" sizes=\"auto, (max-width: 600px) 100vw, 600px\" \/><figcaption class=\"wp-element-caption\">You can achieve certain results and benefits in just 1 session of whole-body cryotherapy, but it will be most effective with regular use.<\/figcaption><\/figure>\n<\/div>\n<\/div>\n<\/div><\/div>\n\n\n\n<div class=\"wp-block-group alignwide wp-block-group-media-text\"><div class=\"wp-block-group__inner-container is-layout-flow wp-block-group-is-layout-flow\">\n<h2 class=\"wp-block-heading has-text-align-center\">Research and science behind whole-body cryotherapy<\/h2>\n\n\n\n<p>There are many studies of whole-body cryotherapy. Since it has become an alternative treatment for many diseases and conditions, whole-body cryotherapy researches issue regularly. Many of them relate to sports medicine.&nbsp;<\/p>\n\n\n\n<p>For example, one of them \u201cCryotherapy in sports medicine\u201d was issued by the Scandinavian Journal of Medicine &amp; Science in Sports in 1996. The conclusion of this article is that cold treatment is effective to reduce the recovery time as part of the rehabilitation program both after acute injuries and in the treatment of chronic injuries; reduces pain effectively in the post-operative period after reconstructive surgery of the joints; has neuromuscular action and relaxation of the muscles; increases the pain threshold, the viscosity and the plastic deformation of the tissues; decreases the inflammatory reaction, etc.<\/p>\n\n\n<div class=\"wp-block-image\">\n<figure class=\"alignright size-medium\"><img loading=\"lazy\" decoding=\"async\" width=\"225\" height=\"300\" src=\"https:\/\/cryomed.pro\/wp-content\/uploads\/2022\/07\/X05315565-225x300.jpg\" alt=\"Experimental Gerontology | Journal\" class=\"wp-image-21495\" srcset=\"https:\/\/cryomed.pro\/wp-content\/uploads\/2022\/07\/X05315565-225x300.jpg 225w, https:\/\/cryomed.pro\/wp-content\/uploads\/2022\/07\/X05315565.jpg 576w\" sizes=\"auto, (max-width: 225px) 100vw, 225px\" \/><figcaption class=\"wp-element-caption\">Experimental Gerontology | Journal<\/figcaption><\/figure>\n<\/div>\n\n\n<p>More recent researches are about specific problems or issues. \u201c<a rel=\"nofollow\" href=\"https:\/\/link.springer.com\/article\/10.1007\/s00421-021-04683-8\">The cold truth: the role of cryotherapy in the treatment of injury and recovery from exercise<\/a>\u201d was published in the European Journal of Applied Physiology in 2021. Authors say that cryotherapy is indicated when rapid recovery is required between exercise bouts, as opposed to after routine training. It is imperative that cryotherapy be applied in abundance within the first few hours of structural damage.<\/p>\n\n\n\n<p>But not only sports medicine is interested in whole-body cryotherapy. For example, the Experimental Gerontology journal issued the study \u201cThe improvement of cognitive deficits after whole-body cryotherapy \u2013 A randomised controlled trial\u201d in 2021. Conclusions: whole-body cryotherapy may increase the performance of cognitive functions. It seems promising to combine whole-body cryotherapy with existing behavioral and cognitive training in future studies investigating early intervention methods in mild cognitive impairment.<\/p>\n\n\n\n<p>One more &#8211; \u201c<a rel=\"nofollow\" href=\"https:\/\/link.springer.com\/article\/10.1007\/s40122-020-00225-w\">Use of Cryotherapy for Managing Chronic Pain: An Evidence-Based Narrative<\/a>\u201d by Pain and Therapy journal. This research was focused on analyzing studies between the years 2000 and 2020 that included the application of cryotherapy in patients with chronic pain associated with chronic diseases. The authors came to the conclusion that local and whole-body cryotherapy can be low-risk and easy treatment options to add to the management of chronic pain of some patients.<\/p>\n<\/div><\/div>\n\n\n\n<div class=\"wp-block-group alignfull wp-block-group-media-text\"><div class=\"wp-block-group__inner-container is-layout-flow wp-block-group-is-layout-flow\">\n<div class=\"wp-block-columns alignwide is-layout-flex wp-container-core-columns-is-layout-9d6595d7 wp-block-columns-is-layout-flex\">\n<div class=\"wp-block-column is-layout-flow wp-block-column-is-layout-flow\">\n<h2 class=\"wp-block-heading\">What do people say about whole-body cryotherapy in their reviews and testimonials?<\/h2>\n<\/div>\n\n\n\n<div class=\"wp-block-column is-layout-flow wp-block-column-is-layout-flow\">\n<p>On the Internet, you can find numerous whole-body cryotherapy reviews from people who have tried it. Most of them are from professional athletes because they were the first who felt all the benefits of whole-body cryotherapy on themselves.&nbsp;<\/p>\n\n\n\n<p>The Guardian in one of the <a rel=\"nofollow\" href=\"https:\/\/www.theguardian.com\/lifeandstyle\/2017\/jul\/24\/whole-body-cryotherapy-what-are-cold-facts\">articles<\/a> describes the impressions out of full body cryotherapy experience of one of the reporters, and lists the celebrities who use cryotherapy regularly.&nbsp;<\/p>\n\n\n\n<p>Travelbinger blog recently published an <a rel=\"nofollow\" href=\"https:\/\/www.travelbinger.com\/is-cryotherapy-worth-the-money\/\">honest review <\/a>of a monthly course of whole-body cryotherapy. The author notes the increased level of energy and back pain relief even after his first session.&nbsp;<\/p>\n\n\n\n<p>Irene Jiang from BusinessInsider spent 3 minutes in a cryosauna and wanted more. She described all the processes and impressions accompanied by photos in her whole-body cryotherapy testimonial <a rel=\"nofollow\" href=\"https:\/\/www.businessinsider.com\/what-cryotherapy-is-like-pictures-2019-9\">article<\/a>.<br>Read more reviews on cryotherapy and possibly the best whole body cryotherapy machines <a href=\"https:\/\/cryomed.pro\/pl\/o-nas\/odpowiedzi-klientow\/\">here<\/a>.<\/p>\n<\/div>\n<\/div>\n<\/div><\/div>\n\n\n\n<div class=\"wp-block-group alignfull wp-block-group-media-text wp-block-group-media-text--reverse\"><div class=\"wp-block-group__inner-container is-layout-flow wp-block-group-is-layout-flow\">\n<div class=\"wp-block-columns alignwide is-layout-flex wp-container-core-columns-is-layout-9d6595d7 wp-block-columns-is-layout-flex\">\n<div class=\"wp-block-column is-layout-flow wp-block-column-is-layout-flow\">\n<p>Although whole-body cryotherapy provides a great number of benefits, there are few risks and side effects associated with this treatment. They can include decreased heart rate, increased blood pressure, and lowered respiration, burning of the skin or frostbite. You can find the list of all possible whole-body cryotherapy side effects <a href=\"https:\/\/cryomed.pro\/?post_type=faq&amp;p=66\">here<\/a>.<\/p>\n\n\n\n<p>To avoid unwanted consequences you have to consult with a cryo center specialist and study the list of contradictions.<\/p>\n<\/div>\n\n\n\n<div class=\"wp-block-column is-layout-flow wp-block-column-is-layout-flow\">\n<h2 class=\"wp-block-heading\">Whole-body cryotherapy risks<\/h2>\n<\/div>\n<\/div>\n<\/div><\/div>\n\n\n\n<div class=\"wp-block-group alignfull wp-block-group-media-text\"><div class=\"wp-block-group__inner-container is-layout-flow wp-block-group-is-layout-flow\">\n<h2 class=\"wp-block-heading has-text-align-center\">Industries where<br>whole-body cryotherapy is used<\/h2>\n\n\n\n<figure class=\"wp-block-image alignwide size-large\"><img loading=\"lazy\" decoding=\"async\" width=\"1024\" height=\"262\" src=\"\/wp-content\/uploads\/2021\/11\/cryomed-whole-body-1024x262.jpg\" alt=\"whole body cryotherapy chambers\" class=\"wp-image-9750\" srcset=\"https:\/\/cryomed.pro\/wp-content\/uploads\/2021\/11\/cryomed-whole-body-1024x262.jpg 1024w, https:\/\/cryomed.pro\/wp-content\/uploads\/2021\/11\/cryomed-whole-body-300x77.jpg 300w, https:\/\/cryomed.pro\/wp-content\/uploads\/2021\/11\/cryomed-whole-body-768x196.jpg 768w, https:\/\/cryomed.pro\/wp-content\/uploads\/2021\/11\/cryomed-whole-body-1536x393.jpg 1536w, https:\/\/cryomed.pro\/wp-content\/uploads\/2021\/11\/cryomed-whole-body-2048x524.jpg 2048w\" sizes=\"auto, (max-width: 1024px) 100vw, 1024px\" \/><figcaption class=\"wp-element-caption\">Whole body cryotherapy devices from the industry leader with the largest number of cryotherapy devices worldwide<\/figcaption><\/figure>\n\n\n\n<p class=\"has-text-align-center\">Whole-body cryotherapy is currently the most efficient and most comprehensive method of treatment and stimulation by extreme cold. Thanks to its wide spectrum of effects, it is used by medical and rehabilitation facilities in sport, healthcare and beauty areas around the world.<\/p>\n<\/div><\/div>\n\n\n\n<div class=\"wp-block-group\"><div class=\"wp-block-group__inner-container is-layout-flow wp-block-group-is-layout-flow\">\n<div class=\"wp-block-columns is-layout-flex wp-container-core-columns-is-layout-9d6595d7 wp-block-columns-is-layout-flex\">\n<div class=\"wp-block-column is-layout-flow wp-block-column-is-layout-flow\"><div class=\"wp-block-image\">\n<figure class=\"aligncenter size-large is-resized\"><a href=\"https:\/\/cryomed.pro\/pl\/krioterapia\/krioterapia-w-sporcie\/\"><img decoding=\"async\" src=\"\/wp-content\/uploads\/2021\/11\/sports-icon-full-body.svg\" alt=\"whole body cryotherapy in sport\" class=\"wp-image-9783\" style=\"width:150px;height:150px\" title=\"whole body cryotherapy in sport\" \/><\/a><figcaption class=\"wp-element-caption\">Whole body cryotherapy in sport<\/figcaption><\/figure>\n<\/div><\/div>\n\n\n\n<div class=\"wp-block-column is-layout-flow wp-block-column-is-layout-flow\"><div class=\"wp-block-image\">\n<figure class=\"aligncenter size-large is-resized\"><a href=\"https:\/\/cryomed.pro\/pl\/krioterapia\/krioterapia-w-opiece-zdrowotnej\/\"><img decoding=\"async\" src=\"\/wp-content\/uploads\/2021\/11\/medecine-icon-full-body.svg\" alt=\"whole body cryotherapy in medicine\" class=\"wp-image-9802\" style=\"width:150px;height:150px\" \/><\/a><figcaption class=\"wp-element-caption\">Whole body cryotherapy in medicine<\/figcaption><\/figure>\n<\/div><\/div>\n\n\n\n<div class=\"wp-block-column is-layout-flow wp-block-column-is-layout-flow\"><div class=\"wp-block-image\">\n<figure class=\"aligncenter size-large is-resized\"><a href=\"https:\/\/cryomed.pro\/pl\/krioterapia\/krioterapia-w-medycynie-estetycznej\/\"><img decoding=\"async\" src=\"\/wp-content\/uploads\/2021\/11\/beauty-icon-full-body.svg\" alt=\"whole body cryotherapy in beauty\" class=\"wp-image-9821\" style=\"width:150px;height:150px\" \/><\/a><figcaption class=\"wp-element-caption\">Whole body cryotherapy in beauty<\/figcaption><\/figure>\n<\/div><\/div>\n<\/div>\n<\/div><\/div>\n\n\n\n<div class=\"wp-block-group alignfull wp-block-group-pullquote\"><div class=\"wp-block-group__inner-container is-layout-flow wp-block-group-is-layout-flow\">\n<figure class=\"wp-block-pullquote\"><blockquote><p><strong>What is whole body cryotherapy?<\/strong><br>The definition of whole body cryotherapy is the therapeutic application of extremely cold dry air, usually between \u2212110\u00b0C and \u2212180\u00b0C. It is used in medical therapy, beauty procedures, healing sports injuries, and others.<br>According to <a rel=\"nofollow\" href=\"https:\/\/en.wikipedia.org\/wiki\/Cryotherapy\">Wikipedia<\/a>, cryotherapy, sometimes known as cold therapy, is the local or general use of low temperatures in medical therapy.<\/p><\/blockquote><\/figure>\n<\/div><\/div>\n\n\n\n<div class=\"wp-block-group alignfull wp-block-group-media-text\"><div class=\"wp-block-group__inner-container is-layout-flow wp-block-group-is-layout-flow\">\n<h2 class=\"wp-block-heading has-text-align-center\">Cost &amp; Prices<\/h2>\n\n\n\n<p>If you are interested in the cost and prices of whole body cryotherapy, check out the following articles:<\/p>\n\n\n\n<ol class=\"wp-block-list\">\n<li><a title=\"What is the cost of cryotherapy?\" href=\"https:\/\/cryomed.pro\/faq\/pricing\/what-is-the-cost-of-cryotherapy\/\">What is the cost of cryotherapy?<\/a><\/li>\n\n\n\n<li><a title=\"How much does one cryotherapy session cost\" href=\"https:\/\/cryomed.pro\/faq\/pricing\/what-is-the-cost-of-cryotherapy\/\">How much does one cryotherapy session cost?<\/a><\/li>\n\n\n\n<li><a title=\"Costs for cryosauna business\" href=\"https:\/\/cryomed.pro\/pl\/biznes\/\">What is the cost of cryotherapy business?<\/a> <\/li>\n\n\n\n<li><a title=\"How to start cryotherapy business?\" href=\"https:\/\/cryomed.pro\/faq\/business\/how-to-start-cryotherapy-business\/\">How to start cryotherapy business?<\/a><\/li>\n\n\n\n<li><a title=\"How to calculate the profitability of your cryotherapy business\" href=\"https:\/\/cryomed.pro\/pl\/biznes\/kalkulator\/\">How to calculate the profitability of your cryotherapy business?<\/a> <\/li>\n\n\n\n<li><a title=\"Cryotherapy Technician Training costs\" href=\"https:\/\/cryomed.pro\/pl\/biznes\/uslugi\/szkolenie\/\">What is the cost of cryotherapy technician training?<\/a><\/li>\n<\/ol>\n<\/div><\/div>\n\n\n\n<div class=\"wp-block-group alignfull wp-block-group-media-text\"><div class=\"wp-block-group__inner-container is-layout-flow wp-block-group-is-layout-flow\">\n<h2 class=\"wp-block-heading has-text-align-center\">Whole-body cryotherapy locations<\/h2>\n\n\n\n<blockquote class=\"wp-block-quote is-style-default is-layout-flow wp-block-quote-is-layout-flow\">\n<p>If you are wondering \u201cHow to find whole-body cryotherapy near me?\u201d look around and try to find a medical\/wellness center or sporting club. Usually cryosaunas you can find there. You have more chances to find whole-body cryotherapy locations in a big city with developed infrastructure.&nbsp;<\/p>\n<\/blockquote>\n\n\n\n<p>For example, in New York, most cryo centers are concentrated in Manhattan and they are often located in wellness centers and sporting clubs. Full-body cryotherapy in London you can also find in the middle of the city: in Soho or Westminster districts.<\/p>\n\n\n\n<p>You can also find full-body cryotherapy in a spa or rehabilitation center. For example, the famous thalassotherapy center in France where the movie \u201cTalasso\u201c was shot, proposes to its clients&#8217; full range of spa procedures, as well as cryotherapy.&nbsp;<\/p>\n\n\n\n<p><a href=\"https:\/\/cryomed.pro\/pl\/o-nas\/dystrybutorzy\/\" title=\"Distributors of full body cryotherapy machines\">Distributors of whole body cryotherapy devices<\/a> in the USA, Canada, Great Britain, France, Germany, Italy, Hungary, Romania, Russia, Portugal, Egypt, Israel, Japan, Australia, New Zealand, Brazil and other countries and cities.<\/p>\n\n\n\n<p><a href=\"https:\/\/cryomed.pro\/cryotherapy\/cryo-map\/\" title=\"Cryotherapy Map cryosauna locations\">Cryotherapy Map<\/a> shows cryosauna locations and places where you can try full body cryotherapy near you. If you are interested in finding local suppliers of cryotherapy equipment, please write to our marketing team.<\/p>\n<\/div><\/div>\n\n\n\n<aside class=\"section section-cta\">\n\t<div class=\"xl:container\">\n\t\t<div class=\"card\">\n\n\t\t\t\n<div class=\"cp-glass cp-glass--primary\">\n\n\t<img loading=\"lazy\" decoding=\"async\" width=\"1920\" height=\"1280\" class=\"js-parallax\" src=\"https:\/\/cryomed.pro\/wp-content\/themes\/cryomed\/resources\/img\/1920x1280\/1.jpg\" alt=\"Krioterapia ca\u0142ego cia\u0142a - photo\" title=\"Krioterapia ca\u0142ego cia\u0142a\" \/>\n\t\t\t<div class=\"cp-glass-backdrop\"><\/div>\n\t<\/div>\n\n\t\t\t<div class=\"card__body\">\n\t\t\t\t<p class=\"card__title\">Kupuj od lidera bran\u017cy z najwi\u0119ksz\u0105 liczb\u0105 urz\u0105dze\u0144 do krioterapii sprzedawanych na ca\u0142ym \u015bwiecie<\/p>\n\t\t\t\t<div class=\"flex flex-col flex-wrap items-center justify-center space-y-6 md:flex-row md:space-y-0 md:space-x-6 mt-10\">\n\n\t\t\t\t\t\n\t<button class=\"btn btn--large btn--white w-full md:w-auto\"\n\t\tdata-toggle=\"modal\"\n\t\tdata-type=\"contact-us\"\n\t\tdata-find=\"#modal-pills-price-tab\"\n\t\t>\n\n\t\tPopro\u015b o wycen\u0119\t<\/button>\n\n\t\n\t<button class=\"btn btn--large btn--white w-full md:w-auto\"\n\t\tdata-toggle=\"modal\"\n\t\tdata-type=\"contact-us\"\n\t\tdata-find=\"#modal-pills-distributor-tab\"\n\t\t>\n\n\t\tZosta\u0144 dystrybutorem\t<\/button>\n\n\t\n\t\t\t\t<\/div>\n\t\t\t<\/div>\n\t\t<\/div>\n\t<\/div>\n<\/aside>\n\n\n\n","protected":false},"excerpt":{"rendered":"<p>The history of whole-body cryotherapy Whole-body cryotherapy was first introduced by the Japanese scientist Professor Toshiro Yamauchi in the late 70s as an&hellip;<\/p>\n","protected":false},"author":1,"featured_media":0,"parent":33436,"menu_order":0,"comment_status":"closed","ping_status":"closed","template":"","meta":{"inline_featured_image":false,"footnotes":""},"class_list":["hentry"],"meta_box":[],"_links":{"self":[{"href":"https:\/\/cryomed.pro\/pl\/wp-json\/wp\/v2\/pages\/33559","targetHints":{"allow":["GET"]}}],"collection":[{"href":"https:\/\/cryomed.pro\/pl\/wp-json\/wp\/v2\/pages"}],"about":[{"href":"https:\/\/cryomed.pro\/pl\/wp-json\/wp\/v2\/types\/page"}],"author":[{"embeddable":true,"href":"https:\/\/cryomed.pro\/pl\/wp-json\/wp\/v2\/users\/1"}],"replies":[{"embeddable":true,"href":"https:\/\/cryomed.pro\/pl\/wp-json\/wp\/v2\/comments?post=33559"}],"version-history":[{"count":4,"href":"https:\/\/cryomed.pro\/pl\/wp-json\/wp\/v2\/pages\/33559\/revisions"}],"predecessor-version":[{"id":107503,"href":"https:\/\/cryomed.pro\/pl\/wp-json\/wp\/v2\/pages\/33559\/revisions\/107503"}],"up":[{"embeddable":true,"href":"https:\/\/cryomed.pro\/pl\/wp-json\/wp\/v2\/pages\/33436"}],"wp:attachment":[{"href":"https:\/\/cryomed.pro\/pl\/wp-json\/wp\/v2\/media?parent=33559"}],"curies":[{"name":"wp","href":"https:\/\/api.w.org\/{rel}","templated":true}]}}