{"id":33436,"date":"2020-08-07T14:28:24","date_gmt":"2020-08-07T14:28:24","guid":{"rendered":"https:\/\/cryomed.pro\/cryotherapy\/"},"modified":"2024-10-29T20:42:24","modified_gmt":"2024-10-29T20:42:24","slug":"krioterapia","status":"publish","type":"page","link":"https:\/\/cryomed.pro\/pl\/krioterapia\/","title":{"rendered":"Krioterapia"},"content":{"rendered":"\n<div class=\"wp-block-group alignfull wp-block-group-benefits-of-cryotherapy\"><div class=\"wp-block-group__inner-container is-layout-flow wp-block-group-is-layout-flow\">\n<h2 class=\"wp-block-heading\"><strong>Korzy\u015bci z krioterapii<\/strong><\/h2>\n\n\n\n<p>Pozytywne efekty krioterapii nie mog\u0142y zosta\u0107 zignorowane. Obecnie miliony ludzi na ca\u0142ym \u015bwiecie mog\u0105 do\u015bwiadczy\u0107 niesamowitych w\u0142a\u015bciwo\u015bci rewitalizuj\u0105cych krioterapii w kriocentrach, klinikach, salonach odnowy biologicznej i spa oraz innych plac\u00f3wkach leczniczych i rehabilitacyjnych.<\/p>\n\n\n\n<figure class=\"wp-block-table is-style-regular\"><table class=\"has-fixed-layout\"><tbody><tr><td>U\u015bmierzanie b\u00f3lu i gojenie mi\u0119\u015bni<\/td><td>Zmniejszenie stanu zapalnego<\/td><\/tr><tr><td>Poprawa objaw\u00f3w egzemy i <br>innych chor\u00f3b sk\u00f3ry <br>(tr\u0105dzik, \u0142uszczyca itp.)<\/td><td>Stymulacja uk\u0142adu odporno\u015bciowego<\/td><\/tr><tr><td>Zmniejszenie l\u0119ku i depresji<\/td><td>Poprawa zaburze\u0144 snu<\/td><\/tr><tr><td>Utrata masy cia\u0142a i dzia\u0142anie <br>przeciwstarzeniowe<\/td><td>I wiele innych<\/td><\/tr><\/tbody><\/table><figcaption class=\"wp-element-caption\">8 niezaprzeczalnych korzy\u015bci z krioterapii dla ka\u017cdego<\/figcaption><\/figure>\n\n\n\n<p><\/p>\n<\/div><\/div>\n\n\n\n<div class=\"wp-block-group alignfull wp-block-group-media-text\"><div class=\"wp-block-group__inner-container is-layout-flow wp-block-group-is-layout-flow\">\n<div class=\"wp-block-columns alignwide is-layout-flex wp-container-core-columns-is-layout-9d6595d7 wp-block-columns-is-layout-flex\">\n<div class=\"wp-block-column is-layout-flow wp-block-column-is-layout-flow\">\n<figure class=\"wp-block-image size-large\"><img loading=\"lazy\" decoding=\"async\" width=\"540\" height=\"540\" src=\"\/wp-content\/uploads\/2021\/06\/Frame-11.png\" alt=\"Cryotherapy\" class=\"wp-image-5833\" title=\"Cryotherapy\" srcset=\"https:\/\/cryomed.pro\/wp-content\/uploads\/2021\/06\/Frame-11.png 540w, https:\/\/cryomed.pro\/wp-content\/uploads\/2021\/06\/Frame-11-300x300.png 300w, https:\/\/cryomed.pro\/wp-content\/uploads\/2021\/06\/Frame-11-150x150.png 150w, https:\/\/cryomed.pro\/wp-content\/uploads\/2021\/06\/Frame-11-100x100.png 100w, https:\/\/cryomed.pro\/wp-content\/uploads\/2021\/06\/Frame-11-160x160.png 160w, https:\/\/cryomed.pro\/wp-content\/uploads\/2021\/06\/Frame-11-340x340.png 340w\" sizes=\"auto, (max-width: 540px) 100vw, 540px\" \/><figcaption class=\"wp-element-caption\">Jakie s\u0105 zalety krioterapii ca\u0142ego <br>cia\u0142a i krioterapii miejscowej?<\/figcaption><\/figure>\n<\/div>\n\n\n\n<div class=\"wp-block-column is-layout-flow wp-block-column-is-layout-flow\">\n<h2 class=\"wp-block-heading\"><strong>Krioterapia ca\u0142ego cia\u0142a i miejscowa<\/strong><\/h2>\n\n\n\n<p>W zale\u017cno\u015bci od potrzeb mo\u017cna u\u017cy\u0107 <a href=\"https:\/\/cryomed.pro\/cryotherapy\/full-body-cryotherapy\/\">krioterapia og\u00f3lna<\/a> lub <a href=\"https:\/\/cryomed.pro\/cryotherapy\/local\/\">miejscowa<\/a>.<\/p>\n\n\n\n<p>G\u0142\u00f3wna r\u00f3\u017cnica mi\u0119dzy nimi polega na tym, \u017ce podczas <a href=\"https:\/\/cryomed.pro\/cryotherapy\/full-body-cryotherapy\/\">krioterapii og\u00f3lnoustrojowej<\/a> zabieg\u00f3w ca\u0142e cia\u0142o pacjenta (z wyj\u0105tkiem g\u0142owy, mowa o kriokomorze) poddawane jest dzia\u0142aniu ekstremalnie niskich temperatur. Koncepcja krioterapii miejscowej opiera si\u0119 na kr\u00f3tkotrwa\u0142ym stosowaniu ekstremalnie niskich temperatur na okre\u015blony obszar cia\u0142a pacjenta (na przyk\u0142ad twarz, kolano lub \u0142okie\u0107).<\/p>\n\n\n\n<p>Zar\u00f3wno w krioterapii og\u00f3lnoustrojowej, jak i miejscowej dzia\u0142a jako reduktor wra\u017cliwo\u015bci receptor\u00f3w sk\u00f3rnych i przewodnictwa w\u0142\u00f3kien nerwowych, powoduj\u0105c odczuwalny efekt znieczulaj\u0105cy; jednocze\u015bnie poprawia kr\u0105\u017cenie krwi i dotlenia.<\/p>\n<\/div>\n<\/div>\n<\/div><\/div>\n\n\n\n<div class=\"wp-block-group alignfull wp-block-group-media-text wp-block-group-media-text--reverse\"><div class=\"wp-block-group__inner-container is-layout-flow wp-block-group-is-layout-flow\">\n<div class=\"wp-block-columns alignwide is-layout-flex wp-container-core-columns-is-layout-9d6595d7 wp-block-columns-is-layout-flex\">\n<div class=\"wp-block-column is-layout-flow wp-block-column-is-layout-flow\">\n<h2 class=\"wp-block-heading\"><strong>Cryo przemys\u0142<\/strong><\/h2>\n\n\n\n<p>Istniej\u0105 3 g\u0142\u00f3wne grupy os\u00f3b, kt\u00f3re odnosz\u0105 korzy\u015bci z krioterapii:<\/p>\n\n\n\n<p>Przede wszystkim s\u0105 to sportowcy, a tak\u017ce profesjonali\u015bci fitness. <a href=\"https:\/\/cryomed.pro\/cryotherapy\/in-sport\/\">Krioterapia sportowa<\/a> mocno ugruntowa\u0142a swoj\u0105 pozycj\u0119 w\u015br\u00f3d niezb\u0119dnych element\u00f3w medycyny sportowej. Sprz\u0119t ten jest wykorzystywany zar\u00f3wno do leczenia uraz\u00f3w bezpo\u015brednio po meczach, jak i do d\u0142u\u017cszych okres\u00f3w rekonwalescencji i rehabilitacji mi\u0119dzy meczami, a nawet sezonami.<\/p>\n\n\n\n<p>Druga interesuj\u0105ca grupa to <a href=\"https:\/\/cryomed.pro\/cryotherapy\/in-medicine\/\">centra medyczne<\/a>. Kriokomora stanowi idealne ergonomiczne i skuteczne rozwi\u0105zanie dla szpitali, o\u015brodk\u00f3w ortopedycznych, reumatologicznych i rehabilitacyjnych.<\/p>\n\n\n\n<p>I ostatni &#8211; krioterapia i <a href=\"https:\/\/cryomed.pro\/cryotherapy\/in-beauty\/\">centra urody<\/a>. Osoby zainteresowane przeciwdzia\u0142aniem starzeniu, odchudzaniem, leczeniem tr\u0105dziku, redukcj\u0105 zm\u0119czenia i innymi przyjemnymi &#8220;efektami ubocznymi&#8221; krioterapii.<\/p>\n<\/div>\n\n\n\n<div class=\"wp-block-column is-layout-flow wp-block-column-is-layout-flow\">\n<figure class=\"wp-block-image size-large\"><img loading=\"lazy\" decoding=\"async\" width=\"540\" height=\"540\" src=\"\/wp-content\/uploads\/2021\/06\/Frame-11-2.png\" alt=\"Cryotherapy benefits\" class=\"wp-image-5852\" title=\"Cryotherapy benefits\" srcset=\"https:\/\/cryomed.pro\/wp-content\/uploads\/2021\/06\/Frame-11-2.png 540w, https:\/\/cryomed.pro\/wp-content\/uploads\/2021\/06\/Frame-11-2-300x300.png 300w, https:\/\/cryomed.pro\/wp-content\/uploads\/2021\/06\/Frame-11-2-150x150.png 150w, https:\/\/cryomed.pro\/wp-content\/uploads\/2021\/06\/Frame-11-2-100x100.png 100w, https:\/\/cryomed.pro\/wp-content\/uploads\/2021\/06\/Frame-11-2-160x160.png 160w, https:\/\/cryomed.pro\/wp-content\/uploads\/2021\/06\/Frame-11-2-340x340.png 340w\" sizes=\"auto, (max-width: 540px) 100vw, 540px\" \/><figcaption class=\"wp-element-caption\">Kt\u00f3re bran\u017ce preferuj\u0105 krioterapi\u0119 jako us\u0142ug\u0119 ze <br>wzgl\u0119du na jej niezaprzeczalne korzy\u015bci?<\/figcaption><\/figure>\n<\/div>\n<\/div>\n<\/div><\/div>\n\n\n\n<aside class=\"section section-cta\">\n\t<div class=\"xl:container\">\n\t\t<div class=\"card\">\n\n\t\t\t\n<div class=\"cp-glass cp-glass--primary\">\n\n\t<img loading=\"lazy\" decoding=\"async\" width=\"1920\" height=\"1280\" class=\"js-parallax\" src=\"https:\/\/cryomed.pro\/wp-content\/themes\/cryomed\/resources\/img\/1920x1280\/1.jpg\" alt=\"Krioterapia - photo\" title=\"Krioterapia\" \/>\n\t\t\t<div class=\"cp-glass-backdrop\"><\/div>\n\t<\/div>\n\n\t\t\t<div class=\"card__body\">\n\t\t\t\t<p class=\"card__title\">Kupuj od lidera bran\u017cy z najwi\u0119ksz\u0105 liczb\u0105 urz\u0105dze\u0144 do krioterapii sprzedawanych na ca\u0142ym \u015bwiecie<\/p>\n\t\t\t\t<div class=\"flex flex-col flex-wrap items-center justify-center space-y-6 md:flex-row md:space-y-0 md:space-x-6 mt-10\">\n\n\t\t\t\t\t\n\t<button class=\"btn btn--large btn--white w-full md:w-auto\"\n\t\tdata-toggle=\"modal\"\n\t\tdata-type=\"contact-us\"\n\t\tdata-find=\"#modal-pills-price-tab\"\n\t\t>\n\n\t\tPopro\u015b o wycen\u0119\t<\/button>\n\n\t\n\t<button class=\"btn btn--large btn--white w-full md:w-auto\"\n\t\tdata-toggle=\"modal\"\n\t\tdata-type=\"contact-us\"\n\t\tdata-find=\"#modal-pills-distributor-tab\"\n\t\t>\n\n\t\tZosta\u0144 dystrybutorem\t<\/button>\n\n\t\n\t\t\t\t<\/div>\n\t\t\t<\/div>\n\t\t<\/div>\n\t<\/div>\n<\/aside>\n\n\n","protected":false},"excerpt":{"rendered":"<p>Krioterapia ca\u0142ego cia\u0142a to technika polegaj\u0105ca na wystawieniu cia\u0142a na dzia\u0142anie ekstremalnie niskich temperatur od -110\u00b0C do -190\u00b0C przez okres od 1 do 3 minut.<\/p>\n","protected":false},"author":1,"featured_media":12181,"parent":0,"menu_order":0,"comment_status":"closed","ping_status":"closed","template":"","meta":{"inline_featured_image":false,"footnotes":""},"class_list":["hentry","has-post-thumbnail"],"meta_box":[],"_links":{"self":[{"href":"https:\/\/cryomed.pro\/pl\/wp-json\/wp\/v2\/pages\/33436","targetHints":{"allow":["GET"]}}],"collection":[{"href":"https:\/\/cryomed.pro\/pl\/wp-json\/wp\/v2\/pages"}],"about":[{"href":"https:\/\/cryomed.pro\/pl\/wp-json\/wp\/v2\/types\/page"}],"author":[{"embeddable":true,"href":"https:\/\/cryomed.pro\/pl\/wp-json\/wp\/v2\/users\/1"}],"replies":[{"embeddable":true,"href":"https:\/\/cryomed.pro\/pl\/wp-json\/wp\/v2\/comments?post=33436"}],"version-history":[{"count":0,"href":"https:\/\/cryomed.pro\/pl\/wp-json\/wp\/v2\/pages\/33436\/revisions"}],"wp:featuredmedia":[{"embeddable":true,"href":"https:\/\/cryomed.pro\/pl\/wp-json\/wp\/v2\/media\/12181"}],"wp:attachment":[{"href":"https:\/\/cryomed.pro\/pl\/wp-json\/wp\/v2\/media?parent=33436"}],"curies":[{"name":"wp","href":"https:\/\/api.w.org\/{rel}","templated":true}]}}