{"id":33420,"date":"2020-05-27T15:04:51","date_gmt":"2020-05-27T15:04:51","guid":{"rendered":"https:\/\/cryomed.pro\/sitemap\/"},"modified":"2023-12-15T17:55:18","modified_gmt":"2023-12-15T17:55:18","slug":"mapa-strony","status":"publish","type":"page","link":"https:\/\/cryomed.pro\/pl\/mapa-strony\/","title":{"rendered":"Mapa strony"},"content":{"rendered":"\n<p>All articles on cryotherapy and cryosauna production are collected on this page. If you want to read about the classic cryosauna or cryotherapy certification in different countries, or want to know more about the benefits of cryosauna and cryotherapy advantages \u2013 welcome to our website! You will also find the articles translated to other languages \u2013 look for links to pages with the text \u201ccryotherapy in spanish\u201d, \u201ccryotherapy in german\u201d, etc.<\/p>\n\n\n<div class=\"wsp-container\"><h2 class=\"wsp-pages-title\">Pages<\/h2>\n<ul class=\"wsp-pages-list\">\n<li class=\"page_item page-item-40827\"><a href=\"https:\/\/cryomed.pro\/pl\/ankieta-dotyczaca-rezygnacji-z-subskrypcji\/\">Ankieta dotycz\u0105ca rezygnacji z subskrypcji<\/a><\/li>\n<li class=\"page_item page-item-33879 page_item_has_children\"><a href=\"https:\/\/cryomed.pro\/pl\/biznes\/\">Biznes<\/a>\n<ul class='children'>\n\t<li class=\"page_item page-item-33567\"><a href=\"https:\/\/cryomed.pro\/pl\/biznes\/kalkulator\/\">Kalkulator<\/a><\/li>\n\t<li class=\"page_item page-item-33571 page_item_has_children\"><a href=\"https:\/\/cryomed.pro\/pl\/biznes\/finansowanie\/\">Finansowanie<\/a>\n\t<ul class='children'>\n\t\t<li class=\"page_item page-item-33923\"><a href=\"https:\/\/cryomed.pro\/pl\/biznes\/finansowanie\/wymiana-z-doplata\/\">Wymiana<\/a><\/li>\n\t\t<li class=\"page_item page-item-35477\"><a href=\"https:\/\/cryomed.pro\/pl\/biznes\/finansowanie\/leasing\/\">Leasing<\/a><\/li>\n\t\t<li class=\"page_item page-item-33925\"><a href=\"https:\/\/cryomed.pro\/pl\/biznes\/finansowanie\/wynajem\/\">Wynajem<\/a><\/li>\n\t<\/ul>\n<\/li>\n\t<li class=\"page_item page-item-33883 page_item_has_children\"><a href=\"https:\/\/cryomed.pro\/pl\/biznes\/uslugi\/\">Us\u0142ugi<\/a>\n\t<ul class='children'>\n\t\t<li class=\"page_item page-item-40842\"><a href=\"https:\/\/cryomed.pro\/pl\/biznes\/uslugi\/cryotherapy-business-course\/\">Kurs biznesowy krioterapii<\/a><\/li>\n\t\t<li class=\"page_item page-item-33401\"><a href=\"https:\/\/cryomed.pro\/pl\/biznes\/uslugi\/marketing\/\">Marketing<\/a><\/li>\n\t\t<li class=\"page_item page-item-33403\"><a href=\"https:\/\/cryomed.pro\/pl\/biznes\/uslugi\/szkolenie\/\">Szkolenie<\/a><\/li>\n\t\t<li class=\"page_item page-item-33405\"><a href=\"https:\/\/cryomed.pro\/pl\/biznes\/uslugi\/wsparcie\/\">Wsparcie<\/a><\/li>\n\t\t<li class=\"page_item page-item-33407\"><a href=\"https:\/\/cryomed.pro\/pl\/biznes\/uslugi\/instalacja\/\">Instalacja<\/a><\/li>\n\t\t<li class=\"page_item page-item-33409\"><a href=\"https:\/\/cryomed.pro\/pl\/biznes\/uslugi\/przesylka\/\">Przesy\u0142ka<\/a><\/li>\n\t<\/ul>\n<\/li>\n<\/ul>\n<\/li>\n<li class=\"page_item page-item-46022\"><a href=\"https:\/\/cryomed.pro\/pl\/thank-you-page\/\">Dzi\u0119kujemy za kontakt<\/a><\/li>\n<li class=\"page_item page-item-46027\"><a href=\"https:\/\/cryomed.pro\/pl\/thank-you-for-signing-up\/\">Dzi\u0119kujemy za rejestracj\u0119!<\/a><\/li>\n<li class=\"page_item page-item-33436 page_item_has_children\"><a href=\"https:\/\/cryomed.pro\/pl\/krioterapia\/\">Krioterapia<\/a>\n<ul class='children'>\n\t<li class=\"page_item page-item-33559\"><a href=\"https:\/\/cryomed.pro\/pl\/krioterapia\/krioterapia-calego-ciala\/\">Krioterapia ca\u0142ego cia\u0142a<\/a><\/li>\n\t<li class=\"page_item page-item-33557\"><a href=\"https:\/\/cryomed.pro\/pl\/krioterapia\/krioterapia-miejscowa\/\">Krioterapia miejscowa<\/a><\/li>\n\t<li class=\"page_item page-item-33562\"><a href=\"https:\/\/cryomed.pro\/pl\/krioterapia\/krioterapia-w-sporcie\/\">Krioterapia w sporcie<\/a><\/li>\n\t<li class=\"page_item page-item-33564\"><a href=\"https:\/\/cryomed.pro\/pl\/krioterapia\/krioterapia-w-opiece-zdrowotnej\/\">Krioterapia w opiece zdrowotnej<\/a><\/li>\n\t<li class=\"page_item page-item-33429\"><a href=\"https:\/\/cryomed.pro\/pl\/krioterapia\/krioterapia-w-medycynie-estetycznej\/\">Krioterapia w medycynie estetycznej<\/a><\/li>\n<\/ul>\n<\/li>\n<li class=\"page_item page-item-33420\"><a href=\"https:\/\/cryomed.pro\/pl\/mapa-strony\/\">Mapa strony<\/a><\/li>\n<li class=\"page_item page-item-33869 page_item_has_children\"><a href=\"https:\/\/cryomed.pro\/pl\/o-nas\/\">O nas<\/a>\n<ul class='children'>\n\t<li class=\"page_item page-item-33846\"><a href=\"https:\/\/cryomed.pro\/pl\/o-nas\/kontakty\/\">Kontakty<\/a><\/li>\n\t<li class=\"page_item page-item-33872\"><a href=\"https:\/\/cryomed.pro\/pl\/o-nas\/nasz-zespol\/\">Nasz zesp\u00f3\u0142<\/a><\/li>\n\t<li class=\"page_item page-item-33569\"><a href=\"https:\/\/cryomed.pro\/pl\/o-nas\/certyfikaty\/\">Certyfikaty<\/a><\/li>\n\t<li class=\"page_item page-item-33573\"><a href=\"https:\/\/cryomed.pro\/pl\/o-nas\/dystrybutorzy\/\">Dystrybutorzy<\/a><\/li>\n\t<li class=\"page_item page-item-33858\"><a href=\"https:\/\/cryomed.pro\/pl\/o-nas\/odpowiedzi-klientow\/\">Odpowiedzi klient\u00f3w<\/a><\/li>\n<\/ul>\n<\/li>\n<li class=\"page_item page-item-33416\"><a href=\"https:\/\/cryomed.pro\/pl\/polityka-prywatnosci\/\">Polityka prywatno\u015bci<\/a><\/li>\n<li class=\"page_item page-item-33877\"><a href=\"https:\/\/cryomed.pro\/pl\/sprzet\/\">Sprz\u0119t<\/a><\/li>\n<li class=\"page_item page-item-33390\"><a href=\"https:\/\/cryomed.pro\/pl\/\">Strona g\u0142\u00f3wna<\/a><\/li>\n<li class=\"page_item page-item-33418\"><a href=\"https:\/\/cryomed.pro\/pl\/warunki\/\">Warunki<\/a><\/li>\n<\/ul>\n<h2 class=\"wsp-products-title\">Products<\/h2>\n<ul class=\"wsp-products-list\">\n<li><a href=\"https:\/\/cryomed.pro\/pl\/equipment\/cryosaunas\/cryomed-e-icechill\/\">Cryomed e-IceChill<\/a><\/li>\n<li><a href=\"https:\/\/cryomed.pro\/pl\/equipment\/cryosaunas\/cryomed-cf-04-equine\/\">Cryomed CF-04 Equine<\/a><\/li>\n<li><a href=\"https:\/\/cryomed.pro\/pl\/equipment\/cryosaunas\/cryomed-equine-cryo\/\">Cryomed Equine Cryo<\/a><\/li>\n<li><a href=\"https:\/\/cryomed.pro\/pl\/equipment\/kriosauny\/2020-c-4-two-stage-chamber-cryobuilt-usa-used-cryotherapy-machine\/\">2020 C-4 two stage chamber Cryobuilt, USA used cryotherapy machine<\/a><\/li>\n<li><a href=\"https:\/\/cryomed.pro\/pl\/equipment\/kriosauny\/2020-cryomed-basic-used-cryotherapy-machine\/\">2020 Cryomed Basic, used cryotherapy machine<\/a><\/li>\n<li><a href=\"https:\/\/cryomed.pro\/pl\/equipment\/kriosauny\/2021-impact-cryo-usa-used-cryotherapy-machine\/\">2021 Impact Cryo, USA used cryotherapy machine<\/a><\/li>\n<li><a href=\"https:\/\/cryomed.pro\/pl\/equipment\/cryochambers\/cryomed-icechill-leczenie-zimnem\/\">Cryomed IceChill: leczenie zimnem<\/a><\/li>\n<li><a href=\"https:\/\/cryomed.pro\/pl\/equipment\/kriosauny\/cryomed-pro-ultra-najlepsze-rozwiazanie-do-terapii-zimnem\/\">Cryomed Pro Ultra: Najlepsze rozwi\u0105zanie do terapii zimnem<\/a><\/li>\n<li><a href=\"https:\/\/cryomed.pro\/pl\/equipment\/kriosauny\/cryomed-one-ultra-najlepszy-wybor\/\">Cryomed One Ultra - najlepszy wyb\u00f3r<\/a><\/li>\n<li><a href=\"https:\/\/cryomed.pro\/pl\/equipment\/cryogenic-tanks\/zbiorniki-cisnieniowe\/\">Zbiorniki ci\u015bnieniowe<\/a><\/li>\n<li><a href=\"https:\/\/cryomed.pro\/pl\/equipment\/kriosauny\/cryomed-mini-w-magazynie\/\">Cryomed Mini (w magazynie)<\/a><\/li>\n<li><a href=\"https:\/\/cryomed.pro\/pl\/equipment\/cryogenic-tanks\/bezcisnieniowe-zbiorniki-dewara\/\">Bezci\u015bnieniowe zbiorniki Dewara<\/a><\/li>\n<li><a href=\"https:\/\/cryomed.pro\/pl\/equipment\/cryosaunas\/cryomed-cf-05-ulepszone-profesjonalne-urzadzenie-do-krioterapii\/\">Cryomed CF-05: Ulepszone profesjonalne urz\u0105dzenie do krioterapii<\/a><\/li>\n<li><a href=\"https:\/\/cryomed.pro\/pl\/equipment\/cryosaunas\/cryomed-cf-04-skuteczne-urzadzenie-do-krioterapii\/\">Cryomed CF-04: skuteczne urz\u0105dzenie do krioterapii<\/a><\/li>\n<li><a href=\"https:\/\/cryomed.pro\/pl\/equipment\/kriosauny\/cryomed-basic-profesjonalne-kriosauny\/\">Cryomed Basic: profesjonalne kriosauny<\/a><\/li>\n<li><a href=\"https:\/\/cryomed.pro\/pl\/equipment\/kriosauny\/cryomed-one-madry-wybor\/\">Cryomed One - M\u0105dry wyb\u00f3r<\/a><\/li>\n<li><a href=\"https:\/\/cryomed.pro\/pl\/equipment\/kriosauny\/cryomed-mini-krioterapia-kompaktowa\/\">Cryomed Mini: Krioterapia kompaktowa<\/a><\/li>\n<li><a href=\"https:\/\/cryomed.pro\/pl\/equipment\/kriosauny\/cryomed-pro-potezne-rozwiazanie\/\">Cryomed Pro: pot\u0119\u017cne rozwi\u0105zanie<\/a><\/li>\n<\/ul>\n<h2 class=\"wsp-product_cats-title\">Product categories<\/h2>\n<ul class=\"wsp-product_cats-list\">\n<li><a href=\"https:\/\/cryomed.pro\/pl\/equipment\/kriosauny\/\">Kriosauny<\/a><\/li>\n<li><a href=\"https:\/\/cryomed.pro\/pl\/equipment\/kriokomory\/\">Kriokomory<\/a><\/li>\n<li><a href=\"https:\/\/cryomed.pro\/pl\/equipment\/aparaty-do-krioterapii-miejscowej\/\">Aparaty do krioterapii miejscowej<\/a><\/li>\n<li><a href=\"https:\/\/cryomed.pro\/pl\/equipment\/krioterapia-dla-koni\/\">Krioterapia dla koni<\/a><\/li>\n<li><a href=\"https:\/\/cryomed.pro\/pl\/equipment\/mobilna-kriosauna\/\">Mobilna kriosauna<\/a><\/li>\n<li><a href=\"https:\/\/cryomed.pro\/pl\/equipment\/zbiorniki-kriogeniczne\/\">Zbiorniki kriogeniczne<\/a><\/li>\n<li><a href=\"https:\/\/cryomed.pro\/pl\/equipment\/dostepnosc-w-magazynie\/\">Dost\u0119pno\u015b\u0107 w magazynie<\/a><\/li>\n<li><a href=\"https:\/\/cryomed.pro\/pl\/equipment\/uzywane-urzadzenia-do-krioterapii\/\">U\u017cywane urz\u0105dzenia do krioterapii<\/a><\/li>\n<\/ul>\n<\/div>\n","protected":false},"excerpt":{"rendered":"<p>All articles on cryotherapy and cryosauna production are collected on this page. If you want to read about the classic cryosauna or cryotherapy&hellip;<\/p>\n","protected":false},"author":1,"featured_media":0,"parent":0,"menu_order":0,"comment_status":"closed","ping_status":"closed","template":"","meta":{"inline_featured_image":false,"footnotes":""},"class_list":["hentry"],"meta_box":[],"_links":{"self":[{"href":"https:\/\/cryomed.pro\/pl\/wp-json\/wp\/v2\/pages\/33420","targetHints":{"allow":["GET"]}}],"collection":[{"href":"https:\/\/cryomed.pro\/pl\/wp-json\/wp\/v2\/pages"}],"about":[{"href":"https:\/\/cryomed.pro\/pl\/wp-json\/wp\/v2\/types\/page"}],"author":[{"embeddable":true,"href":"https:\/\/cryomed.pro\/pl\/wp-json\/wp\/v2\/users\/1"}],"replies":[{"embeddable":true,"href":"https:\/\/cryomed.pro\/pl\/wp-json\/wp\/v2\/comments?post=33420"}],"version-history":[{"count":0,"href":"https:\/\/cryomed.pro\/pl\/wp-json\/wp\/v2\/pages\/33420\/revisions"}],"wp:attachment":[{"href":"https:\/\/cryomed.pro\/pl\/wp-json\/wp\/v2\/media?parent=33420"}],"curies":[{"name":"wp","href":"https:\/\/api.w.org\/{rel}","templated":true}]}}