{"id":33409,"date":"2020-07-30T08:18:22","date_gmt":"2020-07-30T08:18:22","guid":{"rendered":"https:\/\/cryomed.pro\/delivery\/"},"modified":"2023-12-15T17:56:16","modified_gmt":"2023-12-15T17:56:16","slug":"przesylka","status":"publish","type":"page","link":"https:\/\/cryomed.pro\/pl\/biznes\/uslugi\/przesylka\/","title":{"rendered":"Przesy\u0142ka"},"content":{"rendered":"\n<h2 class=\"wp-block-heading\">Where can we deliver our devices?<\/h2>\n\n\n\n<p>We can ship to all countries in the world.<\/p>\n\n\n\n<div class=\"wp-block-columns are-vertically-aligned-top is-not-stacked-on-mobile is-layout-flex wp-container-core-columns-is-layout-9d6595d7 wp-block-columns-is-layout-flex\">\n<div class=\"wp-block-column is-vertically-aligned-top is-layout-flow wp-block-column-is-layout-flow\">\n<div class=\"wp-block-group\"><div class=\"wp-block-group__inner-container is-layout-constrained wp-block-group-is-layout-constrained\">\n<div class=\"wp-block-group is-nowrap is-layout-flex wp-container-core-group-is-layout-ad2f72ca wp-block-group-is-layout-flex\">\n<figure class=\"wp-block-image size-medium is-resized is-style-default\"><img loading=\"lazy\" decoding=\"async\" src=\"\/wp-content\/uploads\/2020\/09\/services-01-300x300.png\" alt=\"\" class=\"wp-image-1255\" width=\"222\" height=\"222\" srcset=\"https:\/\/cryomed.pro\/wp-content\/uploads\/2020\/09\/services-01-300x300.png 300w, https:\/\/cryomed.pro\/wp-content\/uploads\/2020\/09\/services-01-150x150.png 150w, https:\/\/cryomed.pro\/wp-content\/uploads\/2020\/09\/services-01-100x100.png 100w, https:\/\/cryomed.pro\/wp-content\/uploads\/2020\/09\/services-01-160x160.png 160w, https:\/\/cryomed.pro\/wp-content\/uploads\/2020\/09\/services-01-340x340.png 340w, https:\/\/cryomed.pro\/wp-content\/uploads\/2020\/09\/services-01.png 512w\" sizes=\"auto, (max-width: 222px) 100vw, 222px\" \/><\/figure>\n<\/div>\n<\/div><\/div>\n<\/div>\n\n\n\n<div class=\"wp-block-column is-vertically-aligned-top is-layout-flow wp-block-column-is-layout-flow\">\n<div class=\"wp-block-group\"><div class=\"wp-block-group__inner-container is-layout-constrained wp-block-group-is-layout-constrained\">\n<div class=\"wp-block-group is-nowrap is-layout-flex wp-container-core-group-is-layout-ad2f72ca wp-block-group-is-layout-flex\">\n<figure class=\"wp-block-image size-medium\"><img loading=\"lazy\" decoding=\"async\" width=\"300\" height=\"300\" src=\"\/wp-content\/uploads\/2020\/09\/services-02-300x300.png\" alt=\"\" class=\"wp-image-1257\" srcset=\"https:\/\/cryomed.pro\/wp-content\/uploads\/2020\/09\/services-02-300x300.png 300w, https:\/\/cryomed.pro\/wp-content\/uploads\/2020\/09\/services-02-150x150.png 150w, https:\/\/cryomed.pro\/wp-content\/uploads\/2020\/09\/services-02-100x100.png 100w, https:\/\/cryomed.pro\/wp-content\/uploads\/2020\/09\/services-02-160x160.png 160w, https:\/\/cryomed.pro\/wp-content\/uploads\/2020\/09\/services-02-340x340.png 340w, https:\/\/cryomed.pro\/wp-content\/uploads\/2020\/09\/services-02.png 512w\" sizes=\"auto, (max-width: 300px) 100vw, 300px\" \/><\/figure>\n<\/div>\n<\/div><\/div>\n<\/div>\n\n\n\n<div class=\"wp-block-column is-vertically-aligned-top is-layout-flow wp-block-column-is-layout-flow\">\n<div class=\"wp-block-group\"><div class=\"wp-block-group__inner-container is-layout-constrained wp-block-group-is-layout-constrained\">\n<div class=\"wp-block-group is-nowrap is-layout-flex wp-container-core-group-is-layout-ad2f72ca wp-block-group-is-layout-flex\">\n<figure class=\"wp-block-image size-medium\"><img loading=\"lazy\" decoding=\"async\" width=\"300\" height=\"300\" src=\"\/wp-content\/uploads\/2020\/09\/services-03-300x300.png\" alt=\"\" class=\"wp-image-1259\" srcset=\"https:\/\/cryomed.pro\/wp-content\/uploads\/2020\/09\/services-03-300x300.png 300w, https:\/\/cryomed.pro\/wp-content\/uploads\/2020\/09\/services-03-150x150.png 150w, https:\/\/cryomed.pro\/wp-content\/uploads\/2020\/09\/services-03-100x100.png 100w, https:\/\/cryomed.pro\/wp-content\/uploads\/2020\/09\/services-03-160x160.png 160w, https:\/\/cryomed.pro\/wp-content\/uploads\/2020\/09\/services-03-340x340.png 340w, https:\/\/cryomed.pro\/wp-content\/uploads\/2020\/09\/services-03.png 512w\" sizes=\"auto, (max-width: 300px) 100vw, 300px\" \/><\/figure>\n<\/div>\n<\/div><\/div>\n<\/div>\n<\/div>\n\n\n\n<p><\/p>\n\n\n\n<h2 class=\"wp-block-heading\">What shipping methods are offered, and what are the respective shipping times?<\/h2>\n\n\n\n<p>We have 4 different shipping methods:<\/p>\n\n\n\n<ul class=\"wp-block-list\">\n<li>by truck: (our own truck or our contractual shipping partner), estimated delivery time (European countries) 1 \u2013 4 business days<\/li>\n\n\n\n<li>by air: estimated delivery time up to 10 business days<\/li>\n\n\n\n<li>by sea: estimated delivery time up to 30 business days<\/li>\n\n\n\n<li>own shipping: customer will handle shipping by himself<\/li>\n<\/ul>\n\n\n\n<p>Our customers currently can choose from the offered shipping methods so they can customize which shipping method suits better according to their own needs.<\/p>\n\n\n\n<p>We can also provide assembling and training (worldwide).<\/p>\n\n\n\n<figure class=\"wp-block-image alignfull size-1920x800\"><img loading=\"lazy\" decoding=\"async\" width=\"1920\" height=\"800\" src=\"\/wp-content\/uploads\/2020\/09\/maksym-kaharlytskyi-M7ievVk4FzA-unsplash-1920x800.jpg\" alt=\"Cryotherapy Cabin Delivery\" class=\"wp-image-1253\" title=\"Cryotherapy Cabin Delivery\" \/><\/figure>\n\n\n\n<p class=\"mt-4\">Other <a title=\"cryotherapy business services\" href=\"https:\/\/cryomed.pro\/business\/services\/\">cryotherapy business services<\/a>:<\/p>\n\n\n\n<ul class=\"wp-block-list\">\n<li><a title=\"Cryosaunas Marketing\" href=\"https:\/\/cryomed.pro\/pl\/biznes\/uslugi\/marketing\/\">Cryosaunas Marketing<\/a><\/li>\n\n\n\n<li><a title=\"Cryosaunas Installation\" href=\"https:\/\/cryomed.pro\/pl\/business\/services\/installation\/\">Cryosaunas Installation<\/a><\/li>\n\n\n\n<li><a title=\"Cryosaunas Technical Support\" href=\"https:\/\/cryomed.pro\/pl\/business\/services\/support\/\">Cryosaunas Technical Support<\/a><\/li>\n\n\n\n<li><a title=\"Cryosaunas Technician Training\" href=\"https:\/\/cryomed.pro\/pl\/business\/services\/training\/\">Cryosaunas Technician Training<\/a><\/li>\n<\/ul>\n\n\n\n<p><\/p>\n","protected":false},"excerpt":{"rendered":"<p>Mo\u017cemy wysy\u0142a\u0107 do wszystkich kraj\u00f3w na \u015bwiecie. 4 r\u00f3\u017cne metody wysy\u0142ki: ci\u0119\u017car\u00f3wk\u0105, samolotem, drog\u0105 morsk\u0105 lub w\u0142asn\u0105 wysy\u0142k\u0105.<\/p>\n","protected":false},"author":1,"featured_media":0,"parent":33883,"menu_order":4,"comment_status":"closed","ping_status":"closed","template":"","meta":{"inline_featured_image":false,"footnotes":""},"class_list":["hentry"],"meta_box":[],"_links":{"self":[{"href":"https:\/\/cryomed.pro\/pl\/wp-json\/wp\/v2\/pages\/33409","targetHints":{"allow":["GET"]}}],"collection":[{"href":"https:\/\/cryomed.pro\/pl\/wp-json\/wp\/v2\/pages"}],"about":[{"href":"https:\/\/cryomed.pro\/pl\/wp-json\/wp\/v2\/types\/page"}],"author":[{"embeddable":true,"href":"https:\/\/cryomed.pro\/pl\/wp-json\/wp\/v2\/users\/1"}],"replies":[{"embeddable":true,"href":"https:\/\/cryomed.pro\/pl\/wp-json\/wp\/v2\/comments?post=33409"}],"version-history":[{"count":0,"href":"https:\/\/cryomed.pro\/pl\/wp-json\/wp\/v2\/pages\/33409\/revisions"}],"up":[{"embeddable":true,"href":"https:\/\/cryomed.pro\/pl\/wp-json\/wp\/v2\/pages\/33883"}],"wp:attachment":[{"href":"https:\/\/cryomed.pro\/pl\/wp-json\/wp\/v2\/media?parent=33409"}],"curies":[{"name":"wp","href":"https:\/\/api.w.org\/{rel}","templated":true}]}}