{"id":33403,"date":"2020-07-30T08:16:26","date_gmt":"2020-07-30T08:16:26","guid":{"rendered":"https:\/\/cryomed.pro\/training\/"},"modified":"2024-11-22T11:59:40","modified_gmt":"2024-11-22T11:59:40","slug":"szkolenie","status":"publish","type":"page","link":"https:\/\/cryomed.pro\/pl\/biznes\/uslugi\/szkolenie\/","title":{"rendered":"Szkolenie"},"content":{"rendered":"\n<h2 class=\"wp-block-heading\"><\/h2>\n\n\n\n<p>Wykwalifikowany operator kriokomory ma kluczowe znaczenie dla utrzymania silnych i zdrowych relacji mi\u0119dzy Twoj\u0105 firm\u0105 a klientami. Operator o doskona\u0142ych umiej\u0119tno\u015bciach komunikacyjnych mo\u017ce pom\u00f3c stworzy\u0107 pozytywne i przyjazne \u015brodowisko, poprawiaj\u0105c tym samym og\u00f3lne do\u015bwiadczenie klient\u00f3w i zwi\u0119kszaj\u0105c prawdopodobie\u0144stwo ich powrotu na przysz\u0142e zabiegi.<\/p>\n\n\n\n<p>Programy szkoleniowe Cryomed maj\u0105 na celu zdobycie dog\u0142\u0119bnej wiedzy na temat krioterapii, rozwijanie pewno\u015bci siebie i umiej\u0119tno\u015bci operator\u00f3w krioterapii oraz wspieranie nowo powsta\u0142ych firm krioterapii od samego pocz\u0105tku, aby sta\u0142y si\u0119 silnymi konkurentami w bran\u017cy kriogenicznej.<\/p>\n\n\n\n<p>Szkolenie operator\u00f3w pomaga r\u00f3wnie\u017c zapewni\u0107, \u017ce centra krioterapii og\u00f3lnoustrojowej&nbsp; s\u0105 bezpieczn\u0105 przestrzeni\u0105 dla klient\u00f3w.<\/p>\n\n\n\n<p>Cryomed oferuje praktyczne i teoretyczne kursy szkoleniowe.<\/p>\n\n\n\n<h3 class=\"wp-block-heading\"><strong>Zakres praktycznego kursu Cryomed<\/strong><\/h3>\n\n\n\n<p>Klienci kupuj\u0105cy sprz\u0119t Cryomed mog\u0105 uzyska\u0107 pomoc w instalacji kriokomory i szkoleniu operatora. Szkolenie operatora jest dost\u0119pne na miejscu lub online.<\/p>\n\n\n\n<p>Kurs obejmuje specyfik\u0119 obs\u0142ugi <a href=\"https:\/\/cryomed.pro\/pl\/sprzet\/\">sprz\u0119tu kriogenicznego<\/a>:<\/p>\n\n\n\n<ul class=\"wp-block-list\">\n<li>Wymagania instalacyjne: wentylacja, monitorowanie zawarto\u015bci tlenu w pomieszczeniu zabiegowym, pod\u0142\u0105czanie i od\u0142\u0105czanie zbiornik\u00f3w z ciek\u0142ym azotem.<\/li>\n\n\n\n<li>Bezpiecze\u0144stwo azotu: obs\u0142uga ciek\u0142ego azotu, transport i przechowywanie zbiornik\u00f3w z ciek\u0142ym azotem, \u015brodki ostro\u017cno\u015bci.<\/li>\n\n\n\n<li>Prowadzenie sesji krioterapii: instrukta\u017c klienta, sekwencja operacyjna, prawid\u0142owe pozycjonowanie klienta, monitorowanie sesji, kontrola temperatury i czasu, efektywne zarz\u0105dzanie zu\u017cyciem azotu, dzia\u0142ania w sytuacjach awaryjnych.<\/li>\n\n\n\n<li>Konserwacja i rozwi\u0105zywanie problem\u00f3w ze sprz\u0119tem do krioterapii: wymagania dotycz\u0105ce czyszczenia i suszenia, skuteczne \u015brodki zaradcze i plany dzia\u0142ania w przypadku awarii sprz\u0119tu.<\/li>\n<\/ul>\n\n\n\n<p>Po uko\u0144czeniu kursu operator otrzymuje certyfikat szkoleniowy potwierdzaj\u0105cy kwalifikacje do obs\u0142ugi sprz\u0119tu.&nbsp;<\/p>\n\n\n\n<p>Ponadto, wszyscy nasi klienci otrzymuj\u0105 bezp\u0142atny dost\u0119p do pog\u0142\u0119bionego kursu nauki krioterapii, aby zdoby\u0107 opart\u0105 na nauce wiedz\u0119 na temat terapii kriogenicznej i sta\u0107 si\u0119 kompetentnymi \u015bwiadczeniodawcami.<\/p>\n\n\n\n<h3 class=\"wp-block-heading\"><strong>Zakres zaawansowanego kursu online krioterapii Cryomed<\/strong><\/h3>\n\n\n\n<p>Teoretyczny kurs Cryomed jest korzystny zar\u00f3wno dla technik\u00f3w kriosaun, jak i w\u0142a\u015bcicieli firm kriogenicznych. Operatorzy zdobywaj\u0105 wiedz\u0119, kt\u00f3ra pozwala na nawi\u0105zanie efektywnej komunikacji z klientami i radzenie sobie z ich najbardziej z\u0142o\u017conymi pytaniami. Krio Przedsi\u0119biorcy mog\u0105 wykorzysta\u0107 kurs do identyfikacji potencjalnych grup docelowych i budowania kampanii promocyjnych w celu poszerzenia bazy klient\u00f3w.<\/p>\n\n\n\n<p>Oparty na badaniach kurs zawiera pi\u0119\u0107 blok\u00f3w obejmuj\u0105cych najbardziej istotne aspekty krioterapii ca\u0142ego cia\u0142a:<\/p>\n\n\n\n<ul class=\"wp-block-list\">\n<li>Podstawowe mechanizmy, zastosowania i ograniczenia krioterapii ca\u0142ego cia\u0142a.<\/li>\n\n\n\n<li>Kwestie bezpiecze\u0144stwa: obs\u0142uga ciek\u0142ego azotu, obs\u0142uga sprz\u0119tu azotowego, ochrona prawna biznesu krioterapeutycznego. Dostosowane ustawienia dla sesji krioterapii.<\/li>\n\n\n\n<li>Dobrze zbadane wskazania medyczne z krioterapi\u0105 jako cz\u0119\u015b\u0107 protoko\u0142\u00f3w leczenia.<\/li>\n\n\n\n<li>Zastosowanie krioterapii ca\u0142ego cia\u0142a w celu poprawy wydolno\u015bci sportowej, regeneracji po aktywno\u015bci i po kontuzjach.<\/li>\n\n\n\n<li>Korzy\u015bci z krioterapii ca\u0142ego cia\u0142a dla og\u00f3lnego samopoczucia, witalno\u015bci i urody.<\/li>\n<\/ul>\n\n\n\n<p>Po pomy\u015blnym zdaniu egzaminu na zako\u0144czenie kursu, operator otrzymuje certyfikat.<\/p>\n\n\n\n<h3 class=\"wp-block-heading\"><strong>Dlaczego szkolenie z krioterapii jest kluczowe?<\/strong><\/h3>\n\n\n\n<p>B\u0119d\u0105c cz\u0119\u015bci\u0105 spo\u0142eczno\u015bci producent\u00f3w kriokomor, Cryomed zapewnia ustanowienie standard\u00f3w bran\u017cowych, kt\u00f3re wzmacniaj\u0105 zaufanie do krioterapii&nbsp; i jej bezpiecze\u0144stwa.<\/p>\n\n\n\n<p>Z naszej strony chcieliby\u015bmy mie\u0107 pewno\u015b\u0107, \u017ce ka\u017cda kriokomora lub kriokomora, kt\u00f3r\u0105 sprzedajemy, jest obs\u0142ugiwana prawid\u0142owo i z nale\u017cyt\u0105 ostro\u017cno\u015bci\u0105, oraz \u017ce klienci poddaj\u0105cy si\u0119 zabiegowi krioterapii otrzymuj\u0105 oczekiwane korzy\u015bci bez nara\u017cania si\u0119 na ryzyko zdrowotne.<\/p>\n\n\n\n<p>Z punktu widzenia biznesu krioterapeutycznego, szkolenie operator\u00f3w jest warte zachodu z wielu powod\u00f3w:<\/p>\n\n\n\n<ul class=\"wp-block-list\">\n<li>promowanie profesjonalnego wizerunku,<\/li>\n\n\n\n<li>uzyskanie przewagi konkurencyjnej,<\/li>\n\n\n\n<li>przyci\u0105ganie wi\u0119kszej liczby klient\u00f3w, kt\u00f3rzy priorytetowo traktuj\u0105 kompetentn\u0105 i wykwalifikowan\u0105 obs\u0142ug\u0119,<\/li>\n\n\n\n<li>minimalizowanie roszcze\u0144 prawnych.<\/li>\n<\/ul>\n\n\n\n<p>Cryomed oferuje kompleksowe szkolenia, aby wyposa\u017cy\u0107 Pa\u0144stwa personel w niezb\u0119dne umiej\u0119tno\u015bci efektywnej komunikacji z klientami, a tak\u017ce kompetentnej obs\u0142ugi sprz\u0119tu krioterapeutycznego.<\/p>\n\n\n\n<p><a href=\"https:\/\/cryomed.pro\/pl\/o-nas\/kontakty\/\">Prosimy o kontakt z naszym zespo\u0142em<\/a> sprzeda\u017cy w celu uzyskania szczeg\u00f3\u0142owych porad.<\/p>\n\n\n\n<figure class=\"wp-block-image alignwide\"><img decoding=\"async\" src=\"\/wp-content\/uploads\/2020\/05\/NIK_5138-1024x684-1-1024x400.jpg\" alt=\"Cryotherapy specialist training\" class=\"wp-image-498\" title=\"Cryotherapy specialist training\" \/><figcaption class=\"wp-element-caption\"><mark style=\"background-color:#fff\" class=\"has-inline-color has-secondary-color\">Szkolenie Technika Krioterapii<\/mark><\/figcaption><\/figure>\n\n\n\n<div class=\"wp-block-group\"><div class=\"wp-block-group__inner-container is-layout-flow wp-block-group-is-layout-flow\">\n<div class=\"wp-block-columns is-layout-flex wp-container-core-columns-is-layout-9d6595d7 wp-block-columns-is-layout-flex\">\n<div class=\"wp-block-column is-layout-flow wp-block-column-is-layout-flow\">\n<p class=\"mt-4\">Inne us\u0142ugi dla biznesu krioterapeutycznego:<\/p>\n\n\n\n<ul class=\"wp-block-list\">\n<li><a href=\"https:\/\/cryomed.pro\/pl\/biznes\/uslugi\/marketing\/\">Marketing Kriokom\u00f3r<\/a><\/li>\n\n\n\n<li><a href=\"https:\/\/cryomed.pro\/business\/services\/installation\/\">Dostawa Kriokom\u00f3r<\/a><\/li>\n\n\n\n<li><a href=\"https:\/\/cryomed.pro\/business\/services\/installation\/\">Instalacja Kriokom\u00f3r<\/a><\/li>\n\n\n\n<li><a href=\"https:\/\/cryomed.pro\/business\/services\/support\/\">Wsparcie Techniczne Kriokom\u00f3r<\/a><\/li>\n<\/ul>\n<\/div>\n<\/div>\n<\/div><\/div>\n","protected":false},"excerpt":{"rendered":"<p>Nasz specjalista przyjedzie do Twojej lokalizacji na jednodniowe szkolenie. Szkolenie jest dost\u0119pne na \u017cyczenie.<\/p>\n","protected":false},"author":1,"featured_media":0,"parent":33883,"menu_order":1,"comment_status":"closed","ping_status":"closed","template":"","meta":{"inline_featured_image":false,"footnotes":""},"class_list":["hentry"],"meta_box":[],"_links":{"self":[{"href":"https:\/\/cryomed.pro\/pl\/wp-json\/wp\/v2\/pages\/33403","targetHints":{"allow":["GET"]}}],"collection":[{"href":"https:\/\/cryomed.pro\/pl\/wp-json\/wp\/v2\/pages"}],"about":[{"href":"https:\/\/cryomed.pro\/pl\/wp-json\/wp\/v2\/types\/page"}],"author":[{"embeddable":true,"href":"https:\/\/cryomed.pro\/pl\/wp-json\/wp\/v2\/users\/1"}],"replies":[{"embeddable":true,"href":"https:\/\/cryomed.pro\/pl\/wp-json\/wp\/v2\/comments?post=33403"}],"version-history":[{"count":0,"href":"https:\/\/cryomed.pro\/pl\/wp-json\/wp\/v2\/pages\/33403\/revisions"}],"up":[{"embeddable":true,"href":"https:\/\/cryomed.pro\/pl\/wp-json\/wp\/v2\/pages\/33883"}],"wp:attachment":[{"href":"https:\/\/cryomed.pro\/pl\/wp-json\/wp\/v2\/media?parent=33403"}],"curies":[{"name":"wp","href":"https:\/\/api.w.org\/{rel}","templated":true}]}}