{"id":43884,"date":"2020-10-24T20:36:32","date_gmt":"2020-10-24T20:36:32","guid":{"rendered":"https:\/\/cryomed.pro\/equipment\/uncategorized\/non-pressurized-dewar-tanks\/"},"modified":"2024-10-17T22:38:49","modified_gmt":"2024-10-17T22:38:49","slug":"bonbonnes-non-pressurisees","status":"publish","type":"product","link":"https:\/\/cryomed.pro\/fr\/equipment\/cryosaunas\/bonbonnes-non-pressurisees\/","title":{"rendered":"Bonbonnes non pressuris\u00e9es"},"content":{"rendered":"\n<div class=\"hero hero-product-promo\">\n\t<div class=\"container\">\n\t\t<div class=\"hero-head\">\n\t\t\t\t\t\t\t<h1 class=\"hero-title\">Non-Pressurized <br>Dewar Tanks<\/h1>\t\t\t\n\t\t\t\n\t\t\t\t\t<\/div>\n\t<\/div>\n\n\t<figure class=\"hero-media\" >\n\t\t<div class=\"px-4 flex justify-center\">\n<!--\t\t\t<img decoding=\"async\" src=\"--><!--\" title=\"--><!--\" alt=\"--><!--\">-->\n\t\t\t<img decoding=\"async\" src=\"https:\/\/cryomed.pro\/wp-content\/themes\/cryomed\/inc\/shortcodes\/products\/dewar-vessels\/assets\/img-hero.png\" title=\"\" alt=\" - photo\">\n\t\t<\/div>\n\t<\/figure>\n\n\t\t\t<div class=\"container\">\n\t\t\t<div class=\"hero-body\">\n\t\t\t\t\n\t\t<h2>What is a Dewar Tank?<\/h2>\n\t\t<p>Dewar vessels are specialized types of vacuum flasks designed for the transportation and storage of liquid nitrogen, argon, and oxygen. Dewars are also known as &#039;cryogenic Dewar flasks&#039; or &#039;liquid nitrogen flasks.&#039; Their construction and thermal insulation ensure the temperature inside is low enough to prevent excessive loss of cryogenic liquids, including liquid nitrogen.<\/p>\n\t\t<p>Liquid nitrogen Dewars offer highly efficient storage of cryogenic liquids combined with low weight and modest space requirements. They would be suitable for use in spa and beauty centers, healthcare facilities, and research labs.<\/p>\n\t\t<p>Cryomed offers liquid nitrogen Dewar flasks with a 10-, 35- and 50-liter capacity.<\/p>\n\n\t\t\t\t\t<\/div>\n\t\t<\/div>\n\t<\/div>\n\n\n<section x-data=\"{ ...dataSectionScrollBenefits() }\" x-init=\"init\" class=\"section section-scroll-benefits alignfull\">\n    <div class=\"container\">\n\t\t\t\t\t<header class=\"section__header\">\n\t\t\t\t<h2 class=\"section__title\" x-ref=\"title\">Features of Dewar Tanks<\/h2>\n\t\t\t<\/header>\n\t\t\n\t\t<div class=\"section-scroll-benefits__row\">\n\t\t\t\t\t\t\t<div class=\"section-scroll-benefits__col section-scroll-benefits__col-1\">\n\t\t\t\t\t<div class=\"section-scroll-benefits__stick\" x-ref=\"stick\">\n\t\t\t\t\t\t<img decoding=\"async\" class=\"section-scroll-benefits__image\" data-no-lazy=\"1\" src=\"https:\/\/cryomed.pro\/wp-content\/themes\/cryomed\/inc\/shortcodes\/products\/dewar-vessels\/assets\/benefits.png\" alt=\"Features of Dewar Tanks\">\n\t\t\t\t\t<\/div>\n\t\t\t\t<\/div>\n\t\t\t\n\t\t\t\t\t\t\t<div class=\"section-scroll-benefits__col section-scroll-benefits__col-2\">\n\t\t\t\t\t<ul class=\"section-scroll-benefits__list\" x-ref=\"items\">\n\t\t\t\t\t\t\t\t\t\t\t\t\t<li class=\"section-scroll-benefits__list-item\" data-node=\"item\">\n\t\t\t\t\t\t\t\t\n\t<div class=\"card\">\n\t\t\t\t\t<figure class=\"card__media\">\n\t\t\t\t<img decoding=\"async\" class=\"card__media-image\" src=\"https:\/\/cryomed.pro\/wp-content\/themes\/cryomed\/inc\/shortcodes\/products\/dewar-vessels\/assets\/benefits-settings.svg\" alt=\"Low evaporation rate\">\n\t\t\t<\/figure>\n\t\t\n\t\t<div class=\"card__body\">\n\n\t\t\t<div class=\"card__title text-navy\">Low evaporation rate<\/div>\n\t\t<\/div>\n\t<\/div>\n\n\t\t\t\t\t\t\t\t<\/li>\n\t\t\t\t\t\t\t\t\t\t\t\t\t<li class=\"section-scroll-benefits__list-item\" data-node=\"item\">\n\t\t\t\t\t\t\t\t\n\t<div class=\"card\">\n\t\t\t\t\t<figure class=\"card__media\">\n\t\t\t\t<img decoding=\"async\" class=\"card__media-image\" src=\"https:\/\/cryomed.pro\/wp-content\/themes\/cryomed\/inc\/shortcodes\/products\/dewar-vessels\/assets\/benefits-expand_2.svg\" alt=\"Low empty weight\">\n\t\t\t<\/figure>\n\t\t\n\t\t<div class=\"card__body\">\n\n\t\t\t<div class=\"card__title text-navy\">Low empty weight<\/div>\n\t\t<\/div>\n\t<\/div>\n\n\t\t\t\t\t\t\t\t<\/li>\n\t\t\t\t\t\t\t\t\t\t\t\t\t<li class=\"section-scroll-benefits__list-item\" data-node=\"item\">\n\t\t\t\t\t\t\t\t\n\t<div class=\"card\">\n\t\t\t\t\t<figure class=\"card__media\">\n\t\t\t\t<img decoding=\"async\" class=\"card__media-image\" src=\"https:\/\/cryomed.pro\/wp-content\/themes\/cryomed\/inc\/shortcodes\/products\/dewar-vessels\/assets\/benefits-thermometer_cold.svg\" alt=\"Advanced vacuum and insulation technologies\">\n\t\t\t<\/figure>\n\t\t\n\t\t<div class=\"card__body\">\n\n\t\t\t<div class=\"card__title text-navy\">Advanced vacuum and insulation technologies<\/div>\n\t\t<\/div>\n\t<\/div>\n\n\t\t\t\t\t\t\t\t<\/li>\n\t\t\t\t\t\t\t\t\t\t\t\t\t<li class=\"section-scroll-benefits__list-item\" data-node=\"item\">\n\t\t\t\t\t\t\t\t\n\t<div class=\"card\">\n\t\t\t\t\t<figure class=\"card__media\">\n\t\t\t\t<img decoding=\"async\" class=\"card__media-image\" src=\"https:\/\/cryomed.pro\/wp-content\/themes\/cryomed\/inc\/shortcodes\/products\/dewar-vessels\/assets\/benefits-nitrogen.svg\" alt=\"Storage capacity from 10 liters to 50&nbsp;liters\">\n\t\t\t<\/figure>\n\t\t\n\t\t<div class=\"card__body\">\n\n\t\t\t<div class=\"card__title text-navy\">Storage capacity from 10 liters to 50&nbsp;liters<\/div>\n\t\t<\/div>\n\t<\/div>\n\n\t\t\t\t\t\t\t\t<\/li>\n\t\t\t\t\t\t\t\t\t\t\t\t\t<li class=\"section-scroll-benefits__list-item\" data-node=\"item\">\n\t\t\t\t\t\t\t\t\n\t<div class=\"card\">\n\t\t\t\t\t<figure class=\"card__media\">\n\t\t\t\t<img decoding=\"async\" class=\"card__media-image\" src=\"https:\/\/cryomed.pro\/wp-content\/themes\/cryomed\/inc\/shortcodes\/products\/dewar-vessels\/assets\/benefits-rocket_launch.svg\" alt=\"Assigned service life \u2014 8 years under proper conditions\">\n\t\t\t<\/figure>\n\t\t\n\t\t<div class=\"card__body\">\n\n\t\t\t<div class=\"card__title text-navy\">Assigned service life \u2014 8 years under proper conditions<\/div>\n\t\t<\/div>\n\t<\/div>\n\n\t\t\t\t\t\t\t\t<\/li>\n\t\t\t\t\t\t\t\t\t\t\t<\/ul>\n\t\t\t\t<\/div>\n\t\t\t\t\t<\/div>\n    <\/div>\n<\/section>\n\n\n<section class=\"section section-tech-specs\">\n\t<div class=\"container\">\n\t\t<div class=\"section__header text-center\">\n\t\t\t<h2 class=\"section__title\">Technical Characteristics <br>of Dewar Tanks<\/h2>\n\t\t<\/div>\n\n\t\t<div class=\"section__body\">\n\t\t\t<div class=\"scrolling\">\n\t\t\t\t<div class=\"scrolling-item flex-1\">\n\t\t\t\t\t<table class=\"section-table\">\n\t\t\t\t\t\t<tbody>\n\t\t\t\t\t\t\t<tr>\n\t\t\t\t\t\t\t\t<th>Capacity <br>(L)<\/th>\n\t\t\t\t\t\t\t\t<td>10<\/td>\n\t\t\t\t\t\t\t\t<td>35<\/td>\n\t\t\t\t\t\t\t\t<td>50<\/td>\n\t\t\t\t\t\t\t<\/tr>\n\t\t\t\t\t\t\t<tr>\n\t\t\t\t\t\t\t\t<th>Neck diameter <br>(mm)<\/th>\n\t\t\t\t\t\t\t\t<td>50<\/td>\n\t\t\t\t\t\t\t\t<td>50<\/td>\n\t\t\t\t\t\t\t\t<td>50<\/td>\n\t\t\t\t\t\t\t<\/tr>\n\t\t\t\t\t\t\t<tr>\n\t\t\t\t\t\t\t\t<th>Tank diameter <br>(mm)<\/th>\n\t\t\t\t\t\t\t\t<td>305<\/td>\n\t\t\t\t\t\t\t\t<td>455<\/td>\n\t\t\t\t\t\t\t\t<td>495<\/td>\n\t\t\t\t\t\t\t<\/tr>\n\t\t\t\t\t\t\t<tr>\n\t\t\t\t\t\t\t\t<th>Overall height <br>(mm)<\/th>\n\t\t\t\t\t\t\t\t<td>530<\/td>\n\t\t\t\t\t\t\t\t<td>720<\/td>\n\t\t\t\t\t\t\t\t<td>855<\/td>\n\t\t\t\t\t\t\t<\/tr>\n\t\t\t\t\t\t\t<tr>\n\t\t\t\t\t\t\t\t<th>Emply weight <br>(kg)<\/th>\n\t\t\t\t\t\t\t\t<td>5.4<\/td>\n\t\t\t\t\t\t\t\t<td>17<\/td>\n\t\t\t\t\t\t\t\t<td>19.5<\/td>\n\t\t\t\t\t\t\t<\/tr>\n\t\t\t\t\t\t\t<tr>\n\t\t\t\t\t\t\t\t<th>Weight full <br>(kg nitrogen)<\/th>\n\t\t\t\t\t\t\t\t<td>13.4<\/td>\n\t\t\t\t\t\t\t\t<td>45<\/td>\n\t\t\t\t\t\t\t\t<td>59.5<\/td>\n\t\t\t\t\t\t\t<\/tr>\n\t\t\t\t\t\t\t<tr>\n                                <th>Daily loss in&nbsp;%, nitrogen<\/th>\n                                <td>0.088<\/td>\n\t\t\t\t\t\t\t\t<td>0.09<\/td>\n\t\t\t\t\t\t\t\t<td>0.2<\/td>\n\t\t\t\t\t\t\t<\/tr>\n\t\t\t\t\t\t<\/tbody>\n\t\t\t\t\t<\/table>\n\t\t\t\t<\/div>\n\t\t\t<\/div>\n\t\t<\/div>\n\t\t<div class=\"text-center mt-10 lg:mt-16 text-promo\">\n\t\t\t<p>Make sure to follow handling instructions in the operation manuals for your cryogenic <br>equipment to avoid damaging cryogenic tanks.<\/p>\n\t\t<\/div>\n\t<\/div>\n<\/section>\n\n\n<section class=\"section section-media-text section-media-text-2\">\n\t<div class=\"container grid gap-10 lg:grid-cols-2 xl:gap-20\">\n\t\t<div class=\"col-span-2 lg:col-span-1\">\n\t\t\t<div class=\"section-media-text-media\">\n\t\t\t\t<img decoding=\"async\" src=\"https:\/\/cryomed.pro\/wp-content\/themes\/cryomed\/inc\/shortcodes\/products\/dewar-vessels\/assets\/img-1.jpg\" alt=\"Bonbonnes non pressuris\u00e9es\">\n\t\t\t<\/div>\n\t\t<\/div>\n\n\t\t<div class=\"col-span-2 lg:col-span-1\">\n\t\t\t<h2 class=\"section-media-text-title\">Cryogenic Storage In Cryotherapy<\/h2>\n\t\t\t<div class=\"section-media-text-text\">\n\t\t\t\t<p>Dewar tanks in cryotherapy are used primarily to supply nitrogen into cryogenic equipment during its operation. Another their function is transporting and storing liquid nitrogen with maximum safety and efficiency.<\/p>\n\t\t\t\t<p>Dewar tanks we offer are compatible with Cryomed\u2019s whole-body and local cryogenic equipment:<\/p>\n\t\t\t\t<ul class=\"section-media-text-list\">\n\t\t\t\t\t<li>35-liter Dewar tanks come in set with the Dewar type cryosaunas and local cryogenic machines;<\/li>\n\t\t\t\t\t<li>50-liter tanks are available optionally for cryosaunas and CRYOFAN CF-04;<\/li>\n\t\t\t\t\t<li>10-liter Dewars are optional for CRYOFAN CF-04.<\/li>\n\t\t\t\t<\/ul>\n\t\t\t\t<p>Feel free to contact our sales department for the pricing on Dewar tanks.<\/p>\n\t\t\t<\/div>\n\t\t<\/div>\n\t<\/div>\n<\/section>\n\n\n<aside class=\"section section-cta\">\n\t<div class=\"xl:container\">\n\t\t<div class=\"card\">\n\n\t\t\t\n<div class=\"cp-glass cp-glass--primary\">\n\n\t<img loading=\"lazy\" decoding=\"async\" width=\"1920\" height=\"1280\" class=\"js-parallax\" src=\"https:\/\/cryomed.pro\/wp-content\/themes\/cryomed\/resources\/img\/1920x1280\/1.jpg\" alt=\"Bonbonnes non pressuris\u00e9es - photo\" title=\"Bonbonnes non pressuris\u00e9es\" \/>\n\t\t\t<div class=\"cp-glass-backdrop\"><\/div>\n\t<\/div>\n\n\t\t\t<div class=\"card__body\">\n\t\t\t\t<p class=\"card__title\">Equipez-vous chez le leader mondial de la cryoth\u00e9rapie avec plus de 2 000 dispositifs de cryoth\u00e9rapie install\u00e9s dans le monde<\/p>\n\t\t\t\t<div class=\"flex flex-col flex-wrap items-center justify-center space-y-6 md:flex-row md:space-y-0 md:space-x-6 mt-10\">\n\n\t\t\t\t\t\n\t<button class=\"btn btn--large btn--white w-full md:w-auto\"\n\t\tdata-toggle=\"modal\"\n\t\tdata-type=\"contact-us\"\n\t\tdata-find=\"#modal-pills-price-tab\"\n\t\t>\n\n\t\tDemander un devis\t<\/button>\n\n\t\n\t<button class=\"btn btn--large btn--white w-full md:w-auto\"\n\t\tdata-toggle=\"modal\"\n\t\tdata-type=\"contact-us\"\n\t\tdata-find=\"#modal-pills-distributor-tab\"\n\t\t>\n\n\t\tDevenez distributeur\t<\/button>\n\n\t\n\t\t\t\t<\/div>\n\t\t\t<\/div>\n\t\t<\/div>\n\t<\/div>\n<\/aside>\n\n\n\n<section class=\"section section-equipment\">\n    <div class=\"container\">\n        <header class=\"section__header\">\n            <h2 class=\"section__title\">Autres \u00e9quipements de cryoth\u00e9rapie<\/h2>\n        <\/header>\n    <\/div>\n\n    <div x-data=\"dataTablist(1)\" x-init=\"init\" class=\"tabs tablist tablist--white\" role=\"tablist\">\n        <div class=\"container\">\n            <div x-cloak class=\"tablist__navs\" x-ref=\"navs\">\n                <button role=\"tab\" class=\"tablist__navs-item\" :class=\"isActiveClass(1)\" @click=\"setActive(1)\">Les nouveaut\u00e9s <\/button>\n                <button role=\"tab\" class=\"tablist__navs-item\" :class=\"isActiveClass(2)\" @click=\"setActive(2)\">En stock<\/button>\n                <button role=\"tab\" class=\"tablist__navs-item\" :class=\"isActiveClass(3)\" @click=\"setActive(3)\">Occasions<\/button>\n            <\/div>\n        <\/div>\n\n        <div class=\"tablist__tabs\" x-ref=\"tabs\">\n\t\t\t<div role=\"tabpanel\" class=\"tablist__tabs-item\"\n\t\t        x-show=\"isActive(1)\"\n\t\t        x-transition:enter=\"transition duration-500 ease-in-out\"\n\t\t        x-transition:enter-start=\"opacity-50\"\n\t\t        x-transition:enter-end=\"opacity-100\"\n\t\t        >\n\n\t\t\t    <div class=\"container\">\n\n\t\t\t        \n\n\t\t\t        \t\t\t            <div class=\"scrolling-v2\">\n\t\t\t\t\t\t\t\n\t\t\t\t\t\t\t\t<div class=\"scrolling-v2__item flex flex-col\">\n\t\t\t\t\t\t\t\t\t<article class=\"card relative text-center flex-1 flex flex-col\">\n\t\t\t\t\t\t\t\t\t\t<div class=\"card__media\">\n\t\t\t\t\t\t\t\t\t\t\t<img loading=\"lazy\" decoding=\"async\" width=\"440\" height=\"650\" src=\"https:\/\/cryomed.pro\/wp-content\/uploads\/2021\/04\/cryosauna.png\" class=\"attachment-full size-full\" alt=\"\" srcset=\"https:\/\/cryomed.pro\/wp-content\/uploads\/2021\/04\/cryosauna.png 440w, https:\/\/cryomed.pro\/wp-content\/uploads\/2021\/04\/cryosauna-203x300.png 203w\" sizes=\"auto, (max-width: 440px) 100vw, 440px\" \/>\t\t\t\t\t\t\t\t\t\t<\/div>\n\n\t\t\t\t\t\t\t\t\t\t<div class=\"card__body\">\n\t\t\t\t\t\t\t\t\t\t\t<div class=\"card__title text-navy font-light\">Cryoth\u00e9rapie Corps Entier<\/div>\n\t\t\t\t\t\t\t\t\t\t\t<a href=\"https:\/\/cryomed.pro\/equipment\/cryosaunas\/\" class=\"btn btn--blue mt-auto link-stretched\">En savoir plus<\/a>\n\t\t\t\t\t\t\t\t\t\t<\/div>\n\t\t\t\t\t\t\t\t\t<\/article>\n\t\t\t\t\t\t\t\t<\/div>\n\n\t\t\t\t\t\t\t\n\t\t\t\t\t\t\t\t<div class=\"scrolling-v2__item flex flex-col\">\n\t\t\t\t\t\t\t\t\t<article class=\"card relative text-center flex-1 flex flex-col\">\n\t\t\t\t\t\t\t\t\t\t<div class=\"card__media\">\n\t\t\t\t\t\t\t\t\t\t\t<img loading=\"lazy\" decoding=\"async\" width=\"440\" height=\"650\" src=\"https:\/\/cryomed.pro\/wp-content\/uploads\/2021\/04\/cryofan.png\" class=\"attachment-full size-full\" alt=\"\" srcset=\"https:\/\/cryomed.pro\/wp-content\/uploads\/2021\/04\/cryofan.png 440w, https:\/\/cryomed.pro\/wp-content\/uploads\/2021\/04\/cryofan-203x300.png 203w\" sizes=\"auto, (max-width: 440px) 100vw, 440px\" \/>\t\t\t\t\t\t\t\t\t\t<\/div>\n\n\t\t\t\t\t\t\t\t\t\t<div class=\"card__body\">\n\t\t\t\t\t\t\t\t\t\t\t<div class=\"card__title text-navy font-light\">Cryoth\u00e9rapie Localis\u00e9e<\/div>\n\t\t\t\t\t\t\t\t\t\t\t<a href=\"https:\/\/cryomed.pro\/equipment\/cryofans\/\" class=\"btn btn--blue mt-auto link-stretched\">En savoir plus<\/a>\n\t\t\t\t\t\t\t\t\t\t<\/div>\n\t\t\t\t\t\t\t\t\t<\/article>\n\t\t\t\t\t\t\t\t<\/div>\n\n\t\t\t\t\t\t\t\n\t\t\t\t\t\t\t\t<div class=\"scrolling-v2__item flex flex-col\">\n\t\t\t\t\t\t\t\t\t<article class=\"card relative text-center flex-1 flex flex-col\">\n\t\t\t\t\t\t\t\t\t\t<div class=\"card__media\">\n\t\t\t\t\t\t\t\t\t\t\t<img loading=\"lazy\" decoding=\"async\" width=\"620\" height=\"650\" src=\"https:\/\/cryomed.pro\/wp-content\/uploads\/2021\/09\/mobile.png\" class=\"attachment-full size-full\" alt=\"\" srcset=\"https:\/\/cryomed.pro\/wp-content\/uploads\/2021\/09\/mobile.png 620w, https:\/\/cryomed.pro\/wp-content\/uploads\/2021\/09\/mobile-286x300.png 286w\" sizes=\"auto, (max-width: 620px) 100vw, 620px\" \/>\t\t\t\t\t\t\t\t\t\t<\/div>\n\n\t\t\t\t\t\t\t\t\t\t<div class=\"card__body\">\n\t\t\t\t\t\t\t\t\t\t\t<div class=\"card__title text-navy font-light\">Unit\u00e9 Mobile de Cryotherapie<\/div>\n\t\t\t\t\t\t\t\t\t\t\t<a href=\"https:\/\/cryomed.pro\/equipment\/mobile\/\" class=\"btn btn--blue mt-auto link-stretched\">En savoir plus<\/a>\n\t\t\t\t\t\t\t\t\t\t<\/div>\n\t\t\t\t\t\t\t\t\t<\/article>\n\t\t\t\t\t\t\t\t<\/div>\n\n\t\t\t\t\t\t\t\t\t\t            <\/div>\n\t\t\t        \n\t\t        <\/div>\n\t\t    <\/div>\n            <div role=\"tabpanel\" class=\"tablist__tabs-item\"\n            x-show=\"isActive(2)\"\n            x-transition:enter=\"transition duration-500 ease-in-out\"\n            x-transition:enter-start=\"opacity-50\"\n            x-transition:enter-end=\"opacity-100\"\n            >\n\n            <div class=\"container\">\n\n                \n                <\/div>\n            <\/div>\n            <div role=\"tabpanel\" class=\"tablist__tabs-item\"\n            x-show=\"isActive(3)\"\n            x-transition:enter=\"transition duration-500 ease-in-out\"\n            x-transition:enter-start=\"opacity-50\"\n            x-transition:enter-end=\"opacity-100\"\n            >\n\n            <div class=\"container\">\n\n                <div class=\"scrolling-v2\">\n                    <div class=\"scrolling-v2__item flex flex-col\">\n                        <article class=\"card relative text-center flex-1 flex flex-col\">\n                            <div class=\"card__media\">\n                                <img loading=\"lazy\" decoding=\"async\" width=\"340\" height=\"340\" src=\"https:\/\/cryomed.pro\/wp-content\/uploads\/2023\/11\/y56yr-340x340.jpg\" class=\"attachment-340x340 size-340x340 wp-post-image\" alt=\"\" srcset=\"https:\/\/cryomed.pro\/wp-content\/uploads\/2023\/11\/y56yr-340x340.jpg 340w, https:\/\/cryomed.pro\/wp-content\/uploads\/2023\/11\/y56yr-150x150.jpg 150w, https:\/\/cryomed.pro\/wp-content\/uploads\/2023\/11\/y56yr-100x100.jpg 100w, https:\/\/cryomed.pro\/wp-content\/uploads\/2023\/11\/y56yr-160x160.jpg 160w\" sizes=\"auto, (max-width: 340px) 100vw, 340px\" \/>                            <\/div>\n\n                            <div class=\"card__body\">\n                                <div class=\"card__title text-navy font-light\">2020 C-4 zweistufige Kammer Cryobuilt, USA gebrauchtes Kryotherapieger\u00e4t<\/div>\n                                <a href=\"https:\/\/cryomed.pro\/fr\/equipment\/kryosaunen\/2020-c-4-zweistufige-kammer-cryobuilt-usa-gebrauchtes-kryotherapiegeraet\/\" class=\"btn btn--blue mt-auto link-stretched\">En savoir plus<\/a>\n                            <\/div>\n                        <\/article>\n                    <\/div>\n\n\n                    \n                    <div class=\"scrolling-v2__item flex flex-col\">\n                        <article class=\"card relative text-center flex-1 flex flex-col\">\n                            <div class=\"card__media\">\n                                <img loading=\"lazy\" decoding=\"async\" width=\"340\" height=\"340\" src=\"https:\/\/cryomed.pro\/wp-content\/uploads\/2023\/11\/ergyy-340x340.jpg\" class=\"attachment-340x340 size-340x340 wp-post-image\" alt=\"\" srcset=\"https:\/\/cryomed.pro\/wp-content\/uploads\/2023\/11\/ergyy-340x340.jpg 340w, https:\/\/cryomed.pro\/wp-content\/uploads\/2023\/11\/ergyy-150x150.jpg 150w, https:\/\/cryomed.pro\/wp-content\/uploads\/2023\/11\/ergyy-100x100.jpg 100w, https:\/\/cryomed.pro\/wp-content\/uploads\/2023\/11\/ergyy-160x160.jpg 160w\" sizes=\"auto, (max-width: 340px) 100vw, 340px\" \/>                            <\/div>\n\n                            <div class=\"card__body\">\n                                <div class=\"card__title text-navy font-light\">2020 Cryomed Basic, gebrauchtes Kryotherapieger\u00e4t<\/div>\n                                <a href=\"https:\/\/cryomed.pro\/fr\/equipment\/kryosaunen\/2020-cryomed-basic-gebrauchtes-kryotherapiegeraet\/\" class=\"btn btn--blue mt-auto link-stretched\">En savoir plus<\/a>\n                            <\/div>\n                        <\/article>\n                    <\/div>\n\n\n                    \n                    <div class=\"scrolling-v2__item flex flex-col\">\n                        <article class=\"card relative text-center flex-1 flex flex-col\">\n                            <div class=\"card__media\">\n                                <img loading=\"lazy\" decoding=\"async\" width=\"240\" height=\"320\" src=\"https:\/\/cryomed.pro\/wp-content\/uploads\/2023\/11\/image0-rotated.jpeg\" class=\"attachment-340x340 size-340x340 wp-post-image\" alt=\"\" srcset=\"https:\/\/cryomed.pro\/wp-content\/uploads\/2023\/11\/image0-rotated.jpeg 240w, https:\/\/cryomed.pro\/wp-content\/uploads\/2023\/11\/image0-225x300.jpeg 225w\" sizes=\"auto, (max-width: 240px) 100vw, 240px\" \/>                            <\/div>\n\n                            <div class=\"card__body\">\n                                <div class=\"card__title text-navy font-light\">2021 Impact Cryo, USA gebrauchtes Kryotherapieger\u00e4t<\/div>\n                                <a href=\"https:\/\/cryomed.pro\/fr\/equipment\/kryosaunen\/2021-impact-cryo-usa-gebrauchtes-kryotherapiegeraet\/\" class=\"btn btn--blue mt-auto link-stretched\">En savoir plus<\/a>\n                            <\/div>\n                        <\/article>\n                    <\/div>\n\n\n                    <\/div>\n                <\/div>\n            <\/div>\n        <\/div>\n    <\/div>\n<\/section>\n\n\n\n\n<p><\/p>\n","protected":false},"excerpt":{"rendered":"<p>Les r\u00e9servoirs non pressuris\u00e9s avec bouchon d\u2019ouverture et de fermeture amovible manuellement. L\u2019azote est aspir\u00e9e par la machine.<br \/>\nLe stockage et le transport de l\u2019azote ou du gaz sont simplifi\u00e9s dans les espaces \u00e9tag\u00e9s.<\/p>\n","protected":false},"featured_media":10431,"parent":0,"menu_order":0,"template":"templates\/full-width.php","product_cat":[392],"class_list":["hentry","has-post-thumbnail"],"meta_box":[],"_links":{"self":[{"href":"https:\/\/cryomed.pro\/fr\/wp-json\/wp\/v2\/product\/43884","targetHints":{"allow":["GET"]}}],"collection":[{"href":"https:\/\/cryomed.pro\/fr\/wp-json\/wp\/v2\/product"}],"about":[{"href":"https:\/\/cryomed.pro\/fr\/wp-json\/wp\/v2\/types\/product"}],"wp:featuredmedia":[{"embeddable":true,"href":"https:\/\/cryomed.pro\/fr\/wp-json\/wp\/v2\/media\/10431"}],"wp:attachment":[{"href":"https:\/\/cryomed.pro\/fr\/wp-json\/wp\/v2\/media?parent=43884"}],"wp:term":[{"taxonomy":"product_cat","embeddable":true,"href":"https:\/\/cryomed.pro\/fr\/wp-json\/wp\/v2\/product_cat?post=43884"}],"curies":[{"name":"wp","href":"https:\/\/api.w.org\/{rel}","templated":true}]}}