{"id":43882,"date":"2023-12-17T09:03:44","date_gmt":"2023-12-17T09:03:44","guid":{"rendered":"https:\/\/cryomed.pro\/equipment\/uncategorized\/cryomed-equine-cryo\/"},"modified":"2024-10-17T22:28:02","modified_gmt":"2024-10-17T22:28:02","slug":"cryomed-equine-cryo","status":"publish","type":"product","link":"https:\/\/cryomed.pro\/fr\/equipment\/cryosaunas\/cryomed-equine-cryo\/","title":{"rendered":"Cryomed Equine Cryo"},"content":{"rendered":"\n<div class=\"hero hero-product-promo\">\n\t<div class=\"container\">\n\t\t<div class=\"hero-head\">\n\t\t\t\t\t\t\t<h1 class=\"hero-title\">Cryomed Equine Cryo<\/h1>\t\t\t\n\t\t\t\t\t\t\t<p class=\"hero-lead\">Top experience in equine wellness<\/p>\n\t\t\t\n\t\t\t\t\t<\/div>\n\t<\/div>\n\n\t<figure class=\"hero-media\" >\n\t\t<div class=\"px-4 flex justify-center\">\n<!--\t\t\t<img decoding=\"async\" src=\"--><!--\" title=\"--><!--\" alt=\"--><!--\">-->\n\t\t\t<img decoding=\"async\" src=\"https:\/\/cryomed.pro\/wp-content\/themes\/cryomed\/inc\/shortcodes\/products\/cryomed-equine-cryo\/assets\/img-hero.jpg\" title=\"\" alt=\" - photo\">\n\t\t<\/div>\n\t<\/figure>\n\n\t\t\t<div class=\"container\">\n\t\t\t<div class=\"hero-body\">\n\t\t\t\t\n        <p>Explore top-tier equestrian cryosauna to ensure the well-being and performance of your horses. A smart and elegant design of the cryotherapy machine complements its high efficiency. Wooden panels inside the cabin prevent the animal from leaning against the super-cold radiators and ensure comfort throughout the session. Entry and exit doors on both sides of the machine contribute to a smooth treatment experience for the horse.<\/p>\n        \t\t\t<\/div>\n\t\t<\/div>\n\t<\/div>\n\n<style>\n    .card__body {\n        word-wrap: break-word;\n        hyphens: auto;\n    }\n<\/style>\n\n\n<section class=\"section section-gallery\">\n    <div class=\"container\">\n        <header class=\"section__header text-center\">\n            <h2 class=\"section__title\">Cryomed Equine Cryo for your business<\/h2>\n        <\/header>\n\n        <div class=\"grid grid-cols-2 gap-4 lg:gap-x-20 lg:gap-y-14\" style=\"text-align: justify\">\n            <div class=\"col-span-2 lg:col-span-1\">\n                <p>Unlike many nitrogen-based equine cryotherapy cabins, Equine Cryo features a unique closed-circuit nitrogen supply, contributing to extra safe and effective treatment, which is absolutely comfortable for the animal. This design has a whole range of advantages.<\/p>\n                <ul class=\"card__list\">\n                    <li class=\"card__list-item\">\n                        <span class=\"card__info block\">The lack of chilling blasts inside the machine minimizes the risk of overcooling for the horse. With a closed nitrogen supply system, the air inside the cabin barely moves, so the horse feels more comfortable and relaxed.<\/span>\n                    <\/li>\n\n                    <li class=\"card__list-item\">\n                        <span class=\"card__info block\">The temperature inside the cabin is more evenly distributed, providing more consistent treatment results.<\/span>\n                    <\/li>\n\n                    <li class=\"card__list-item\">\n                        <span class=\"card__info block\">Open-circuit horse cryosaunas consume more nitrogen than their closed-circuit counterparts.<\/span>\n                    <\/li>\n                <\/ul>\n            <\/div>\n            <div class=\"col-span-2 lg:col-span-1\">\n                <p>An innovative temperature control system with three temperature sensors at different cabin heights ensures a more precise temperature adjustment.<\/p>\n                <p>Equine Cryo cryosauna features a convenient touch screen to set the treatment parameters. A Wi-Fi\/LAN connection enables remote diagnostics and troubleshooting. Furthermore, business owners can receive the cryosauna work statistics in their email.<\/p>\n                <p>For additional safety, the horse cryosauna has an emergency stop button and a fully automated operation system to eliminate the possibility of human error.<\/p>\n             <\/div>\n        <\/div>\n    <\/div>\n<\/section>\n\n\n<aside class=\"section section-cta\">\n\t<div class=\"xl:container\">\n\t\t<div class=\"card\">\n\n\t\t\t\n<div class=\"cp-glass cp-glass--primary\">\n\n\t<img loading=\"lazy\" decoding=\"async\" width=\"1920\" height=\"1280\" class=\"js-parallax\" src=\"https:\/\/cryomed.pro\/wp-content\/themes\/cryomed\/resources\/img\/1920x1280\/1.jpg\" alt=\"Cryomed Equine Cryo - photo\" title=\"Cryomed Equine Cryo\" \/>\n\t\t\t<div class=\"cp-glass-backdrop\"><\/div>\n\t<\/div>\n\n\t\t\t<div class=\"card__body\">\n\t\t\t\t<p class=\"card__title\">Buy a nitrogen-efficient horse cryosauna featuring enhanced safety and consistent temperature control<\/p>\n\t\t\t\t<div class=\"flex flex-col flex-wrap items-center justify-center space-y-6 md:flex-row md:space-y-0 md:space-x-6 mt-10\">\n\n\t\t\t\t\t\n\t<button class=\"btn btn--large btn--white w-full md:w-auto\"\n\t\tdata-toggle=\"modal\"\n\t\tdata-type=\"contact-us\"\n\t\tdata-find=\"#modal-pills-price-tab\"\n\t\t>\n\n\t\tDemander un devis\t<\/button>\n\n\t<a target=\"_blank\" href=\"https:\/\/cryomedpro.com\/files\/EQUINE_CRYO_PRODUCT_SHEET_EN.pdf\" class=\"btn btn--large btn--white w-full md:w-auto\" rel=\"nofollow noopener noreferrer\">T\u00e9l\u00e9charger la fiche produit<\/a>\n\t\t\t\t<\/div>\n\t\t\t<\/div>\n\t\t<\/div>\n\t<\/div>\n<\/aside>\n\n<section x-data=\"{ ...dataSectionScrollBenefits() }\" x-init=\"init\" class=\"section section-scroll-benefits alignfull\">\n    <div class=\"container\">\n\t\t\t\t\t<header class=\"section__header\">\n\t\t\t\t<h2 class=\"section__title\" x-ref=\"title\">Benefits of Cryomed Equine Cryo<\/h2>\n\t\t\t<\/header>\n\t\t\n\t\t<div class=\"section-scroll-benefits__row\">\n\t\t\t\t\t\t\t<div class=\"section-scroll-benefits__col section-scroll-benefits__col-1\">\n\t\t\t\t\t<div class=\"section-scroll-benefits__stick\" x-ref=\"stick\">\n\t\t\t\t\t\t<img decoding=\"async\" class=\"section-scroll-benefits__image\" data-no-lazy=\"1\" src=\"https:\/\/cryomed.pro\/wp-content\/themes\/cryomed\/inc\/shortcodes\/products\/cryomed-equine-cryo\/assets\/benefits.jpg\" alt=\"Benefits of Cryomed Equine Cryo\">\n\t\t\t\t\t<\/div>\n\t\t\t\t<\/div>\n\t\t\t\n\t\t\t\t\t\t\t<div class=\"section-scroll-benefits__col section-scroll-benefits__col-2\">\n\t\t\t\t\t<ul class=\"section-scroll-benefits__list\" x-ref=\"items\">\n\t\t\t\t\t\t\t\t\t\t\t\t\t<li class=\"section-scroll-benefits__list-item\" data-node=\"item\">\n\t\t\t\t\t\t\t\t\n\t<div class=\"card\">\n\t\t\t\t\t<figure class=\"card__media\">\n\t\t\t\t<img decoding=\"async\" class=\"card__media-image\" src=\"https:\/\/cryomed.pro\/wp-content\/themes\/cryomed\/inc\/shortcodes\/products\/cryomed-equine-cryo\/assets\/benefits-shield-check.svg\" alt=\"Safe design\">\n\t\t\t<\/figure>\n\t\t\n\t\t<div class=\"card__body\">\n\n\t\t\t<div class=\"card__title text-navy\">Safe design<\/div><div class=\"card__text\">Easy operation and improved horse comfort<\/div>\n\t\t<\/div>\n\t<\/div>\n\n\t\t\t\t\t\t\t\t<\/li>\n\t\t\t\t\t\t\t\t\t\t\t\t\t<li class=\"section-scroll-benefits__list-item\" data-node=\"item\">\n\t\t\t\t\t\t\t\t\n\t<div class=\"card\">\n\t\t\t\t\t<figure class=\"card__media\">\n\t\t\t\t<img decoding=\"async\" class=\"card__media-image\" src=\"https:\/\/cryomed.pro\/wp-content\/themes\/cryomed\/inc\/shortcodes\/products\/cryomed-equine-cryo\/assets\/benefits-settings.svg\" alt=\"Highly customizable look\">\n\t\t\t<\/figure>\n\t\t\n\t\t<div class=\"card__body\">\n\n\t\t\t<div class=\"card__title text-navy\">Highly customizable look<\/div><div class=\"card__text\">Choose a color and material for the outer panels<\/div>\n\t\t<\/div>\n\t<\/div>\n\n\t\t\t\t\t\t\t\t<\/li>\n\t\t\t\t\t\t\t\t\t\t\t\t\t<li class=\"section-scroll-benefits__list-item\" data-node=\"item\">\n\t\t\t\t\t\t\t\t\n\t<div class=\"card\">\n\t\t\t\t\t<figure class=\"card__media\">\n\t\t\t\t<img decoding=\"async\" class=\"card__media-image\" src=\"https:\/\/cryomed.pro\/wp-content\/themes\/cryomed\/inc\/shortcodes\/products\/cryomed-equine-cryo\/assets\/closed_loop.svg\" alt=\"Closed-loop nitrogen supply\">\n\t\t\t<\/figure>\n\t\t\n\t\t<div class=\"card__body\">\n\n\t\t\t<div class=\"card__title text-navy\">Closed-loop nitrogen supply<\/div><div class=\"card__text\">No risk of inhaling nitrogen vapors<\/div>\n\t\t<\/div>\n\t<\/div>\n\n\t\t\t\t\t\t\t\t<\/li>\n\t\t\t\t\t\t\t\t\t\t\t\t\t<li class=\"section-scroll-benefits__list-item\" data-node=\"item\">\n\t\t\t\t\t\t\t\t\n\t<div class=\"card\">\n\t\t\t\t\t<figure class=\"card__media\">\n\t\t\t\t<img decoding=\"async\" class=\"card__media-image\" src=\"https:\/\/cryomed.pro\/wp-content\/themes\/cryomed\/inc\/shortcodes\/products\/cryomed-equine-cryo\/assets\/benefits-nitrogen.svg\" alt=\"Nitrogen-effective\">\n\t\t\t<\/figure>\n\t\t\n\t\t<div class=\"card__body\">\n\n\t\t\t<div class=\"card__title text-navy\">Nitrogen-effective<\/div><div class=\"card__text\">Consumes about 25 liters per<br> 6-minute session<\/div>\n\t\t<\/div>\n\t<\/div>\n\n\t\t\t\t\t\t\t\t<\/li>\n\t\t\t\t\t\t\t\t\t\t\t\t\t<li class=\"section-scroll-benefits__list-item\" data-node=\"item\">\n\t\t\t\t\t\t\t\t\n\t<div class=\"card\">\n\t\t\t\t\t<figure class=\"card__media\">\n\t\t\t\t<img decoding=\"async\" class=\"card__media-image\" src=\"https:\/\/cryomed.pro\/wp-content\/themes\/cryomed\/inc\/shortcodes\/products\/cryomed-equine-cryo\/assets\/thermometer.svg\" alt=\"Three-level temperature control\">\n\t\t\t<\/figure>\n\t\t\n\t\t<div class=\"card__body\">\n\n\t\t\t<div class=\"card__title text-navy\">Three-level temperature control<\/div><div class=\"card__text\">Precise adjustment of treatment temperature<\/div>\n\t\t<\/div>\n\t<\/div>\n\n\t\t\t\t\t\t\t\t<\/li>\n\t\t\t\t\t\t\t\t\t\t\t\t\t<li class=\"section-scroll-benefits__list-item\" data-node=\"item\">\n\t\t\t\t\t\t\t\t\n\t<div class=\"card\">\n\t\t\t\t\t<figure class=\"card__media\">\n\t\t\t\t<img decoding=\"async\" class=\"card__media-image\" src=\"https:\/\/cryomed.pro\/wp-content\/themes\/cryomed\/inc\/shortcodes\/products\/cryomed-equine-cryo\/assets\/shorter_time.svg\" alt=\"Shorter treatment time\">\n\t\t\t<\/figure>\n\t\t\n\t\t<div class=\"card__body\">\n\n\t\t\t<div class=\"card__title text-navy\">Shorter treatment time<\/div><div class=\"card__text\">Real temperature shortens the exposure<\/div>\n\t\t<\/div>\n\t<\/div>\n\n\t\t\t\t\t\t\t\t<\/li>\n\t\t\t\t\t\t\t\t\t\t\t\t\t<li class=\"section-scroll-benefits__list-item\" data-node=\"item\">\n\t\t\t\t\t\t\t\t\n\t<div class=\"card\">\n\t\t\t\t\t<figure class=\"card__media\">\n\t\t\t\t<img decoding=\"async\" class=\"card__media-image\" src=\"https:\/\/cryomed.pro\/wp-content\/themes\/cryomed\/inc\/shortcodes\/products\/cryomed-equine-cryo\/assets\/benefits-medal.svg\" alt=\"Long-term warranty\">\n\t\t\t<\/figure>\n\t\t\n\t\t<div class=\"card__body\">\n\n\t\t\t<div class=\"card__title text-navy\">Long-term warranty<\/div><div class=\"card__text\">2 years<\/div>\n\t\t<\/div>\n\t<\/div>\n\n\t\t\t\t\t\t\t\t<\/li>\n\t\t\t\t\t\t\t\t\t\t\t<\/ul>\n\t\t\t\t<\/div>\n\t\t\t\t\t<\/div>\n    <\/div>\n<\/section>\n\n<section class=\"section section-design\">\n    <div class=\"section__wrapper\">\n        <figure class=\"section-design__media\">\n            <img decoding=\"async\" src=\"https:\/\/cryomed.pro\/wp-content\/themes\/cryomed\/inc\/shortcodes\/products\/cryomed-equine-cryo\/assets\/bg-section-design.jpg\" alt=\"Design your own Cryomed Equine Cryo\">\n        <\/figure>\n\n        <div class=\"container relative z-10\">\n            <header class=\"section-design__header\">\n                <h2 class=\"section-design__title\" style=\"font-size: calc(var(--font-size-h2) - 10px)\">Concevez votre chambre Cryomed Equine Cryo<\/h2>\n            <\/header>\n\n            <div class=\"section-design__row grid grid-cols-6 gap-10\">\n                <div class=\"section-design__col col-span-6 md:col-span-6 xl:col-span-2\">\n                    <h3 class=\"section-design__lead\">Tailor Cryomed Equine Cryo<br> to your needs:<\/h3>\n                <\/div>\n\n                <div class=\"section-design__col col-span-6 md:col-span-3 xl:col-span-2\">\n                    <ul class=\"section-design__list\">\n                        <li class=\"section-design__list-item\"><span>Ajouter votre logo personnalis\u00e9<\/span><\/li>\n                        <li class=\"section-design__list-item\"><span>Select the outer shell color and material<\/span><\/li>\n                    <\/ul>\n                <\/div>\n\n                <div class=\"section-design__col col-span-6 md:col-span-3 xl:col-span-2\">\n                    <p style=\"text-align:left;\">Contact our sales department for a comprehensive list <br>of available options<\/p>\n                <\/div>\n            <\/div>\n        <\/div>\n    <\/div>\n    \n<aside class=\"section section-cta\">\n\t<div class=\"xl:container\">\n\t\t<div class=\"card\">\n\n\t\t\t\n<div class=\"cp-glass cp-glass--primary\">\n\n\t<img loading=\"lazy\" decoding=\"async\" width=\"1920\" height=\"1280\" class=\"js-parallax\" src=\"https:\/\/cryomed.pro\/wp-content\/themes\/cryomed\/resources\/img\/1920x1280\/1.jpg\" alt=\"Cryomed Equine Cryo - photo\" title=\"Cryomed Equine Cryo\" \/>\n\t\t\t<div class=\"cp-glass-backdrop\"><\/div>\n\t<\/div>\n\n\t\t\t<div class=\"card__body\">\n\t\t\t\t<p class=\"card__title\">Buy from the industry leader with the highest number of cryotherapy devices sold across the globe<\/p>\n\t\t\t\t<div class=\"flex flex-col flex-wrap items-center justify-center space-y-6 md:flex-row md:space-y-0 md:space-x-6 mt-10\">\n\n\t\t\t\t\t\n\t<button class=\"btn btn--large btn--white w-full md:w-auto\"\n\t\tdata-toggle=\"modal\"\n\t\tdata-type=\"contact-us\"\n\t\tdata-find=\"#modal-pills-price-tab\"\n\t\t>\n\n\t\tDemander un devis\t<\/button>\n\n\t\n\t<button class=\"btn btn--large btn--white w-full md:w-auto\"\n\t\tdata-toggle=\"modal\"\n\t\tdata-type=\"contact-us\"\n\t\tdata-find=\"#modal-pills-distributor-tab\"\n\t\t>\n\n\t\tDevenez distributeur\t<\/button>\n\n\t\n\t\t\t\t<\/div>\n\t\t\t<\/div>\n\t\t<\/div>\n\t<\/div>\n<\/aside>\n<\/section>\n\n<section class=\"section section-safe\">\n    <div class=\"container\">\n        <div class=\"grid lg:grid-cols-2 lg:gap-20\">\n            <div class=\"col-span-1\">\n                <header class=\"section__header mb-10\">\n                    <h2>Cryomed Equine Cryo: a race-winner among horse cryosaunas<\/h2>\n                <\/header>\n            <\/div>\n            <div class=\"col-span-1\">\n                <div class=\"section__body\" style=\"text-align:justify\">\n                    <p>With Cryomed\u2019s Equine Cryo, you can maintain a competitive edge even more efficiently, as this horse cryosauna can boast a horse-friendly design, low nitrogen consumption, and excellent treatment outcomes.<\/p>\n                    <p>The main competitive advantages of Equine Cryo are:<\/p>\n                    <ul style=\"margin-left: 25px;\">\n                        <li class=\"mb-5\"><strong>Compact dimensions<\/strong>, still allowing enough space for a horse to move inside without touching the cabin walls. With a footprint of 3.3 sq. meters, the cabin can easily fit in horse rehabilitation facilities, equestrian training facilities, or individual premises near horse riding halls or boarding stables.<\/li>\n                        <li class=\"mb-5\"><strong>Economic nitrogen consumption rate.<\/strong> With a feed rate of approximately 4 liters per minute, the maximum nitrogen expenditure per 6-minute session (the longest possible treatment time) is 24.75 liters. It implies you'll be able to do at least 9 back-to-back sessions with a 240-liter liquid nitrogen tank.  Remember, the cryosauna requires 14&nbsp;liters for pre-cooling.<\/li>\n                        <li class=\"mb-5\"><strong>Low-noise operation.<\/strong> A closed-circuit nitrogen supply is less noisy than the systems pumping nitrogen vapors directly into a horse cryo-cabin. Quiet operation contributes to higher animal comfort during the treatment.<\/li>\n                        <li class=\"mb-5\"><strong>No need for assembly<\/strong> at the operation site as our horse cryosauna fits into a standard 20\u2019 container.<\/li>\n                        <li class=\"mb-5\"><strong>Better cold distribution<\/strong> and <strong>more precise treatment temperature control<\/strong>, ensuring shorter session time (and therefore lower nitrogen consumption) paired with more pronounced treatment outcomes.  <\/li>\n                    <\/ul>\n                    <p>Contact our sales team via email at <a href=\"mailto:info@cryomed.pro\">info@cryomed.pro<\/a> or phone <a href=\"tel:421918250160\">+ 421 918 250 160<\/a> to see if Equine Cryo is the best fit for your business.<\/p>\n                <\/div>\n            <\/div>\n        <\/div>\n    <\/div>\n<\/section>\n\n\n\n<section class=\"section section-equipment\">\n    <div class=\"container\">\n        <header class=\"section__header\">\n            <h2 class=\"section__title\">Autres \u00e9quipements de cryoth\u00e9rapie<\/h2>\n        <\/header>\n    <\/div>\n\n    <div x-data=\"dataTablist(1)\" x-init=\"init\" class=\"tabs tablist tablist--white\" role=\"tablist\">\n        <div class=\"container\">\n            <div x-cloak class=\"tablist__navs\" x-ref=\"navs\">\n                <button role=\"tab\" class=\"tablist__navs-item\" :class=\"isActiveClass(1)\" @click=\"setActive(1)\">Les nouveaut\u00e9s <\/button>\n                <button role=\"tab\" class=\"tablist__navs-item\" :class=\"isActiveClass(2)\" @click=\"setActive(2)\">En stock<\/button>\n                <button role=\"tab\" class=\"tablist__navs-item\" :class=\"isActiveClass(3)\" @click=\"setActive(3)\">Occasions<\/button>\n            <\/div>\n        <\/div>\n\n        <div class=\"tablist__tabs\" x-ref=\"tabs\">\n\t\t\t<div role=\"tabpanel\" class=\"tablist__tabs-item\"\n\t\t        x-show=\"isActive(1)\"\n\t\t        x-transition:enter=\"transition duration-500 ease-in-out\"\n\t\t        x-transition:enter-start=\"opacity-50\"\n\t\t        x-transition:enter-end=\"opacity-100\"\n\t\t        >\n\n\t\t\t    <div class=\"container\">\n\n\t\t\t        \n\n\t\t\t        \t\t\t            <div class=\"scrolling-v2\">\n\t\t\t\t\t\t\t\n\t\t\t\t\t\t\t\t<div class=\"scrolling-v2__item flex flex-col\">\n\t\t\t\t\t\t\t\t\t<article class=\"card relative text-center flex-1 flex flex-col\">\n\t\t\t\t\t\t\t\t\t\t<div class=\"card__media\">\n\t\t\t\t\t\t\t\t\t\t\t<img loading=\"lazy\" decoding=\"async\" width=\"440\" height=\"650\" src=\"https:\/\/cryomed.pro\/wp-content\/uploads\/2021\/04\/cryosauna.png\" class=\"attachment-full size-full\" alt=\"\" srcset=\"https:\/\/cryomed.pro\/wp-content\/uploads\/2021\/04\/cryosauna.png 440w, https:\/\/cryomed.pro\/wp-content\/uploads\/2021\/04\/cryosauna-203x300.png 203w\" sizes=\"auto, (max-width: 440px) 100vw, 440px\" \/>\t\t\t\t\t\t\t\t\t\t<\/div>\n\n\t\t\t\t\t\t\t\t\t\t<div class=\"card__body\">\n\t\t\t\t\t\t\t\t\t\t\t<div class=\"card__title text-navy font-light\">Cryoth\u00e9rapie Corps Entier<\/div>\n\t\t\t\t\t\t\t\t\t\t\t<a href=\"https:\/\/cryomed.pro\/equipment\/cryosaunas\/\" class=\"btn btn--blue mt-auto link-stretched\">En savoir plus<\/a>\n\t\t\t\t\t\t\t\t\t\t<\/div>\n\t\t\t\t\t\t\t\t\t<\/article>\n\t\t\t\t\t\t\t\t<\/div>\n\n\t\t\t\t\t\t\t\n\t\t\t\t\t\t\t\t<div class=\"scrolling-v2__item flex flex-col\">\n\t\t\t\t\t\t\t\t\t<article class=\"card relative text-center flex-1 flex flex-col\">\n\t\t\t\t\t\t\t\t\t\t<div class=\"card__media\">\n\t\t\t\t\t\t\t\t\t\t\t<img loading=\"lazy\" decoding=\"async\" width=\"440\" height=\"650\" src=\"https:\/\/cryomed.pro\/wp-content\/uploads\/2021\/04\/cryofan.png\" class=\"attachment-full size-full\" alt=\"\" srcset=\"https:\/\/cryomed.pro\/wp-content\/uploads\/2021\/04\/cryofan.png 440w, https:\/\/cryomed.pro\/wp-content\/uploads\/2021\/04\/cryofan-203x300.png 203w\" sizes=\"auto, (max-width: 440px) 100vw, 440px\" \/>\t\t\t\t\t\t\t\t\t\t<\/div>\n\n\t\t\t\t\t\t\t\t\t\t<div class=\"card__body\">\n\t\t\t\t\t\t\t\t\t\t\t<div class=\"card__title text-navy font-light\">Cryoth\u00e9rapie Localis\u00e9e<\/div>\n\t\t\t\t\t\t\t\t\t\t\t<a href=\"https:\/\/cryomed.pro\/equipment\/cryofans\/\" class=\"btn btn--blue mt-auto link-stretched\">En savoir plus<\/a>\n\t\t\t\t\t\t\t\t\t\t<\/div>\n\t\t\t\t\t\t\t\t\t<\/article>\n\t\t\t\t\t\t\t\t<\/div>\n\n\t\t\t\t\t\t\t\n\t\t\t\t\t\t\t\t<div class=\"scrolling-v2__item flex flex-col\">\n\t\t\t\t\t\t\t\t\t<article class=\"card relative text-center flex-1 flex flex-col\">\n\t\t\t\t\t\t\t\t\t\t<div class=\"card__media\">\n\t\t\t\t\t\t\t\t\t\t\t<img loading=\"lazy\" decoding=\"async\" width=\"620\" height=\"650\" src=\"https:\/\/cryomed.pro\/wp-content\/uploads\/2021\/09\/mobile.png\" class=\"attachment-full size-full\" alt=\"\" srcset=\"https:\/\/cryomed.pro\/wp-content\/uploads\/2021\/09\/mobile.png 620w, https:\/\/cryomed.pro\/wp-content\/uploads\/2021\/09\/mobile-286x300.png 286w\" sizes=\"auto, (max-width: 620px) 100vw, 620px\" \/>\t\t\t\t\t\t\t\t\t\t<\/div>\n\n\t\t\t\t\t\t\t\t\t\t<div class=\"card__body\">\n\t\t\t\t\t\t\t\t\t\t\t<div class=\"card__title text-navy font-light\">Unit\u00e9 Mobile de Cryotherapie<\/div>\n\t\t\t\t\t\t\t\t\t\t\t<a href=\"https:\/\/cryomed.pro\/equipment\/mobile\/\" class=\"btn btn--blue mt-auto link-stretched\">En savoir plus<\/a>\n\t\t\t\t\t\t\t\t\t\t<\/div>\n\t\t\t\t\t\t\t\t\t<\/article>\n\t\t\t\t\t\t\t\t<\/div>\n\n\t\t\t\t\t\t\t\t\t\t            <\/div>\n\t\t\t        \n\t\t        <\/div>\n\t\t    <\/div>\n            <div role=\"tabpanel\" class=\"tablist__tabs-item\"\n            x-show=\"isActive(2)\"\n            x-transition:enter=\"transition duration-500 ease-in-out\"\n            x-transition:enter-start=\"opacity-50\"\n            x-transition:enter-end=\"opacity-100\"\n            >\n\n            <div class=\"container\">\n\n                \n                <\/div>\n            <\/div>\n            <div role=\"tabpanel\" class=\"tablist__tabs-item\"\n            x-show=\"isActive(3)\"\n            x-transition:enter=\"transition duration-500 ease-in-out\"\n            x-transition:enter-start=\"opacity-50\"\n            x-transition:enter-end=\"opacity-100\"\n            >\n\n            <div class=\"container\">\n\n                <div class=\"scrolling-v2\">\n                    <div class=\"scrolling-v2__item flex flex-col\">\n                        <article class=\"card relative text-center flex-1 flex flex-col\">\n                            <div class=\"card__media\">\n                                <img loading=\"lazy\" decoding=\"async\" width=\"340\" height=\"340\" src=\"https:\/\/cryomed.pro\/wp-content\/uploads\/2023\/11\/y56yr-340x340.jpg\" class=\"attachment-340x340 size-340x340 wp-post-image\" alt=\"\" srcset=\"https:\/\/cryomed.pro\/wp-content\/uploads\/2023\/11\/y56yr-340x340.jpg 340w, https:\/\/cryomed.pro\/wp-content\/uploads\/2023\/11\/y56yr-150x150.jpg 150w, https:\/\/cryomed.pro\/wp-content\/uploads\/2023\/11\/y56yr-100x100.jpg 100w, https:\/\/cryomed.pro\/wp-content\/uploads\/2023\/11\/y56yr-160x160.jpg 160w\" sizes=\"auto, (max-width: 340px) 100vw, 340px\" \/>                            <\/div>\n\n                            <div class=\"card__body\">\n                                <div class=\"card__title text-navy font-light\">2020 C-4 zweistufige Kammer Cryobuilt, USA gebrauchtes Kryotherapieger\u00e4t<\/div>\n                                <a href=\"https:\/\/cryomed.pro\/fr\/equipment\/kryosaunen\/2020-c-4-zweistufige-kammer-cryobuilt-usa-gebrauchtes-kryotherapiegeraet\/\" class=\"btn btn--blue mt-auto link-stretched\">En savoir plus<\/a>\n                            <\/div>\n                        <\/article>\n                    <\/div>\n\n\n                    \n                    <div class=\"scrolling-v2__item flex flex-col\">\n                        <article class=\"card relative text-center flex-1 flex flex-col\">\n                            <div class=\"card__media\">\n                                <img loading=\"lazy\" decoding=\"async\" width=\"340\" height=\"340\" src=\"https:\/\/cryomed.pro\/wp-content\/uploads\/2023\/11\/ergyy-340x340.jpg\" class=\"attachment-340x340 size-340x340 wp-post-image\" alt=\"\" srcset=\"https:\/\/cryomed.pro\/wp-content\/uploads\/2023\/11\/ergyy-340x340.jpg 340w, https:\/\/cryomed.pro\/wp-content\/uploads\/2023\/11\/ergyy-150x150.jpg 150w, https:\/\/cryomed.pro\/wp-content\/uploads\/2023\/11\/ergyy-100x100.jpg 100w, https:\/\/cryomed.pro\/wp-content\/uploads\/2023\/11\/ergyy-160x160.jpg 160w\" sizes=\"auto, (max-width: 340px) 100vw, 340px\" \/>                            <\/div>\n\n                            <div class=\"card__body\">\n                                <div class=\"card__title text-navy font-light\">2020 Cryomed Basic, gebrauchtes Kryotherapieger\u00e4t<\/div>\n                                <a href=\"https:\/\/cryomed.pro\/fr\/equipment\/kryosaunen\/2020-cryomed-basic-gebrauchtes-kryotherapiegeraet\/\" class=\"btn btn--blue mt-auto link-stretched\">En savoir plus<\/a>\n                            <\/div>\n                        <\/article>\n                    <\/div>\n\n\n                    \n                    <div class=\"scrolling-v2__item flex flex-col\">\n                        <article class=\"card relative text-center flex-1 flex flex-col\">\n                            <div class=\"card__media\">\n                                <img loading=\"lazy\" decoding=\"async\" width=\"240\" height=\"320\" src=\"https:\/\/cryomed.pro\/wp-content\/uploads\/2023\/11\/image0-rotated.jpeg\" class=\"attachment-340x340 size-340x340 wp-post-image\" alt=\"\" srcset=\"https:\/\/cryomed.pro\/wp-content\/uploads\/2023\/11\/image0-rotated.jpeg 240w, https:\/\/cryomed.pro\/wp-content\/uploads\/2023\/11\/image0-225x300.jpeg 225w\" sizes=\"auto, (max-width: 240px) 100vw, 240px\" \/>                            <\/div>\n\n                            <div class=\"card__body\">\n                                <div class=\"card__title text-navy font-light\">2021 Impact Cryo, USA gebrauchtes Kryotherapieger\u00e4t<\/div>\n                                <a href=\"https:\/\/cryomed.pro\/fr\/equipment\/kryosaunen\/2021-impact-cryo-usa-gebrauchtes-kryotherapiegeraet\/\" class=\"btn btn--blue mt-auto link-stretched\">En savoir plus<\/a>\n                            <\/div>\n                        <\/article>\n                    <\/div>\n\n\n                    <\/div>\n                <\/div>\n            <\/div>\n        <\/div>\n    <\/div>\n<\/section>\n\n\n\n\n<p><\/p>\n","protected":false},"excerpt":{"rendered":"<p>L\u2019exp\u00e9rience id\u00e9ale du bien-\u00eatre \u00e9quin<\/p>\n","protected":false},"featured_media":34466,"parent":0,"menu_order":0,"template":"templates\/full-width.php","product_cat":[392],"class_list":["hentry","has-post-thumbnail"],"meta_box":[],"_links":{"self":[{"href":"https:\/\/cryomed.pro\/fr\/wp-json\/wp\/v2\/product\/43882","targetHints":{"allow":["GET"]}}],"collection":[{"href":"https:\/\/cryomed.pro\/fr\/wp-json\/wp\/v2\/product"}],"about":[{"href":"https:\/\/cryomed.pro\/fr\/wp-json\/wp\/v2\/types\/product"}],"wp:featuredmedia":[{"embeddable":true,"href":"https:\/\/cryomed.pro\/fr\/wp-json\/wp\/v2\/media\/34466"}],"wp:attachment":[{"href":"https:\/\/cryomed.pro\/fr\/wp-json\/wp\/v2\/media?parent=43882"}],"wp:term":[{"taxonomy":"product_cat","embeddable":true,"href":"https:\/\/cryomed.pro\/fr\/wp-json\/wp\/v2\/product_cat?post=43882"}],"curies":[{"name":"wp","href":"https:\/\/api.w.org\/{rel}","templated":true}]}}