{"id":43881,"date":"2023-12-17T13:24:13","date_gmt":"2023-12-17T13:24:13","guid":{"rendered":"https:\/\/cryomed.pro\/equipment\/uncategorized\/cryomed-cf-04-equine\/"},"modified":"2024-10-17T22:28:27","modified_gmt":"2024-10-17T22:28:27","slug":"cryomed-cf-04-equine","status":"publish","type":"product","link":"https:\/\/cryomed.pro\/fr\/equipment\/cryosaunas\/cryomed-cf-04-equine\/","title":{"rendered":"Cryomed CF-04 Equine"},"content":{"rendered":"\n<div class=\"hero hero-product-promo\">\n\t<div class=\"container\">\n\t\t<div class=\"hero-head\">\n\t\t\t\t\t\t\t<h1 class=\"hero-title\">Cryomed CF-04 Equine<\/h1>\t\t\t\n\t\t\t\t\t\t\t<p class=\"hero-lead\">Local cryotherapy device for horses<\/p>\n\t\t\t\n\t\t\t\t\t<\/div>\n\t<\/div>\n\n\t<figure class=\"hero-media\" >\n\t\t<div class=\"px-4 flex justify-center\">\n<!--\t\t\t<img decoding=\"async\" src=\"--><!--\" title=\"--><!--\" alt=\"--><!--\">-->\n\t\t\t<img decoding=\"async\" src=\"https:\/\/cryomed.pro\/wp-content\/themes\/cryomed\/inc\/shortcodes\/products\/cryomed-cf-04-equine\/assets\/img-hero_2.jpg\" title=\"\" alt=\" - photo\">\n\t\t<\/div>\n\t<\/figure>\n\n\t\t\t<div class=\"container\">\n\t\t\t<div class=\"hero-body\">\n\t\t\t\t\n \t\t<p>Equine training and tournaments are frequently associated with significant exertion, minor injuries, tears, bruises or lesions. Spot cryotherapy shows immediate results by limiting swelling, reducing inflammation and alleviating pain in the injured area. Chronic conditions like laminitis, inflammation of ligaments and tendons, arthritis and others may also significantly improve with regular local cryotherapy sessions.<\/p>\n\t\t<h2>What is equine cryofan Cryomed CF-04 <br \/>and how does it work?<\/h2>\n\t\t<p>A cryofan, also called a cryogenic blower, is a device consisting of an insulated Dewar for liquid nitrogen and a hose with a nozzle tip, which delivers a cooled air stream mixed with nitrogen vapor to the injured area to cool it down quickly and efficiently. The operating temperature of the device is -100\u2070C to -120\u2070C. The session time does not exceed 5 minutes.<\/p>\n\t\t<p>Cryomed CF-04 is extremely easy to operate. All you need is to start the nitrogen supply and direct the cold stream to the affected area. <\/p>\n\n\t\t\t\t\t<\/div>\n\t\t<\/div>\n\t<\/div>\n\n<section class=\"section section-safe\">\n\t<div class=\"container\">\n\t\t<div class=\"grid lg:grid-cols-2 lg:gap-20\">\n            <div class=\"col-span-1\">\n                <header class=\"section__header mb-10\">\n    \t\t\t\t<h2>Benefits of a local cryotherapy device for horses<\/h2>\n    \t\t\t<\/header>\n            <\/div>\n\n            <div class=\"col-span-1\">\n                <div class=\"section__body\">\n\t\t\t\t\t<ul class=\"px-6\">\n                        <li>Easy and convenient to operate<\/li>\n                        <li>Sturdy and mobile design<\/li>\n                        <li>Low noise for the maximum comfort of the animal<\/li>\n                        <li>Cost-efficient, with liquid nitrogen consumption under 0.75 l\/min<\/li>\n                        <li>Ready to work in less than 4 minutes<\/li>\n                        <li>Compatible with 10, 35, and 50-liter Dewars<\/li>\n                        <li>EU origin<\/li>\n                    <\/ul>\n    \t\t\t<\/div>\n            <\/div>\n\t\t<\/div>\n\t<\/div>\n<\/section>\n\n<div class=\"section section-text-1\">\n    <div class=\"container\">\n        <div class=\"-mx-4\">\n            <div class=\"bg-light px-6 py-20 lg:py-40 sm:mx-4\">\n                <div class=\"section-text__body mx-auto\" style=\"max-width: 920px\">\n                    <p>Local cryotherapy with a cryofan and equine cryosauna sessions complement and enhance each other. Whole-body cryotherapy triggers a systemic body response, improving general well-being, immunity and energy levels, while localized freezing sessions allow focusing closer on specific areas.<\/p>\n                <\/div>\n            <\/div>\n        <\/div>\n\n    <\/div>\n<\/div>\n\n<section class=\"section section-gallery\">\n    <div class=\"container\">\n        <div class=\"grid grid-cols-2 gap-4 lg:gap-x-20 lg:gap-y-14\" style=\"text-align: justify\">\n            <div class=\"col-span-2 lg:col-span-1\">\n                <p>Cryofan CF-04 is a reliable and fast-return investment. Whether an equine enthusiast, a horse farm, a barn, a veterinary clinic or a cryotherapy business owner, you will benefit from having this device at hand. Its affordable price and high cost-efficiency ensure a few-month payback period.            <\/div>\n            <div class=\"col-span-2 lg:col-span-1\">\n                <p>Introducing extreme cold treatments to the equine healthcare routines ensures faster healing and recovery, and long-lasting performance gains. For horse owners, cryofan freezing sessions are a great tool for preventing health disorders and thus avoiding costly veterinary visits.            <\/div>\n        <\/div>\n    <\/div>\n<\/section>\n\n<section class=\"section secton-faq\" style=\"text-align: justify\">\n\t<div class=\"container relative pb-24 xl:pb-0\">\n    <div class=\"grid grid-cols-1 xl:grid-cols-2 gap-10 xl:gap-20\">\n      <div class=\"col-span-1\">\n        <header class=\"section__header\">\n          <h2 class=\"section__title text-navy\">FAQ<\/h2><\/header>\n      <\/div>\n      <div class=\"col-span-1\">\n        <div x-data=\"dataAccordion()\" x-init=\"init\" class=\"cp-accordion\">\n          <div class=\"cp-accordion__item\" data-node=\"item\">\n            <h5 class=\"cp-accordion__title\"><button class=\"cp-accordion__button is-active\" data-node=\"button\">Do I need a license to operate a cryofan? <span class=\"cp-accordion__button-toggle\" data-node=\"toggle\"><\/span><\/button><\/h5>\n            <div class=\"cp-accordion__collapse is-active\" data-node=\"collapse\">\n              <div class=\"cp-accordion__body\">\n                <div class=\"cp-accordion__text\">\n                  <p>An equine cryofan is an extremely straightforward device that does not require a special permit or license to operate. Training takes up to one hour and includes guidelines on basic safety measures for working with liquid nitrogen.<\/p>\n                <\/div>\n\t\t\t   <\/div>\n            <\/div>\n          <\/div>\n          <div class=\"cp-accordion__item\" data-node=\"item\">\n            <h5 class=\"cp-accordion__title\"><button class=\"cp-accordion__button\" data-node=\"button\">When should I apply local cryotherapy? <span class=\"cp-accordion__button-toggle\" data-node=\"toggle\"><\/span><\/button><\/h5>\n            <div class=\"cp-accordion__collapse\" data-node=\"collapse\">\n              <div class=\"cp-accordion__body\">\n                <div class=\"cp-accordion__text\">\n                  <p>When your horse has an injury, it is generally more effective if you apply cryotherapy within 48 hours after the injury occurs. However, positive results were reported even when spot cryotherapy was used after a longer period. Make sure to consult a manual supplied with each localized cryotherapy device to learn the best protocols.<\/p>\n                <\/div>\n\t\t\t  <\/div>\n            <\/div>\n          <\/div>\n          <div class=\"cp-accordion__item\" data-node=\"item\">\n            <h5 class=\"cp-accordion__title\"><button class=\"cp-accordion__button\" data-node=\"button\">Are there any horse cryotherapy considerations?<span class=\"cp-accordion__button-toggle\" data-node=\"toggle\"><\/span><\/button><\/h5>\n            <div class=\"cp-accordion__collapse\" data-node=\"collapse\">\n              <div class=\"cp-accordion__body\">\n                <div class=\"cp-accordion__text\">\n                  <p>Tissue damage may occur if cryotherapy session time is exceeded or intervals between cold treatments are too short. Extreme cold can hinder tissue growth in open wounds, so consult your vet before applying cold therapy. <\/p>\n                <\/div>\n \t\t\t  <\/div>\n            <\/div>\n          <\/div>\n        <\/div>\n      <\/div>\n    <\/div>\n  <\/div>\n<\/section>\n\n<section class=\"section section-equipment\">\n    <div class=\"container\">\n        <header class=\"section__header\">\n            <h2 class=\"section__title\">Autres \u00e9quipements de cryoth\u00e9rapie<\/h2>\n        <\/header>\n    <\/div>\n\n    <div x-data=\"dataTablist(1)\" x-init=\"init\" class=\"tabs tablist tablist--white\" role=\"tablist\">\n        <div class=\"container\">\n            <div x-cloak class=\"tablist__navs\" x-ref=\"navs\">\n                <button role=\"tab\" class=\"tablist__navs-item\" :class=\"isActiveClass(1)\" @click=\"setActive(1)\">Les nouveaut\u00e9s <\/button>\n                <button role=\"tab\" class=\"tablist__navs-item\" :class=\"isActiveClass(2)\" @click=\"setActive(2)\">En stock<\/button>\n                <button role=\"tab\" class=\"tablist__navs-item\" :class=\"isActiveClass(3)\" @click=\"setActive(3)\">Occasions<\/button>\n            <\/div>\n        <\/div>\n\n        <div class=\"tablist__tabs\" x-ref=\"tabs\">\n\t\t\t<div role=\"tabpanel\" class=\"tablist__tabs-item\"\n\t\t        x-show=\"isActive(1)\"\n\t\t        x-transition:enter=\"transition duration-500 ease-in-out\"\n\t\t        x-transition:enter-start=\"opacity-50\"\n\t\t        x-transition:enter-end=\"opacity-100\"\n\t\t        >\n\n\t\t\t    <div class=\"container\">\n\n\t\t\t        \n\n\t\t\t        \t\t\t            <div class=\"scrolling-v2\">\n\t\t\t\t\t\t\t\n\t\t\t\t\t\t\t\t<div class=\"scrolling-v2__item flex flex-col\">\n\t\t\t\t\t\t\t\t\t<article class=\"card relative text-center flex-1 flex flex-col\">\n\t\t\t\t\t\t\t\t\t\t<div class=\"card__media\">\n\t\t\t\t\t\t\t\t\t\t\t<img loading=\"lazy\" decoding=\"async\" width=\"440\" height=\"650\" src=\"https:\/\/cryomed.pro\/wp-content\/uploads\/2021\/04\/cryosauna.png\" class=\"attachment-full size-full\" alt=\"\" srcset=\"https:\/\/cryomed.pro\/wp-content\/uploads\/2021\/04\/cryosauna.png 440w, https:\/\/cryomed.pro\/wp-content\/uploads\/2021\/04\/cryosauna-203x300.png 203w\" sizes=\"auto, (max-width: 440px) 100vw, 440px\" \/>\t\t\t\t\t\t\t\t\t\t<\/div>\n\n\t\t\t\t\t\t\t\t\t\t<div class=\"card__body\">\n\t\t\t\t\t\t\t\t\t\t\t<div class=\"card__title text-navy font-light\">Cryoth\u00e9rapie Corps Entier<\/div>\n\t\t\t\t\t\t\t\t\t\t\t<a href=\"https:\/\/cryomed.pro\/equipment\/cryosaunas\/\" class=\"btn btn--blue mt-auto link-stretched\">En savoir plus<\/a>\n\t\t\t\t\t\t\t\t\t\t<\/div>\n\t\t\t\t\t\t\t\t\t<\/article>\n\t\t\t\t\t\t\t\t<\/div>\n\n\t\t\t\t\t\t\t\n\t\t\t\t\t\t\t\t<div class=\"scrolling-v2__item flex flex-col\">\n\t\t\t\t\t\t\t\t\t<article class=\"card relative text-center flex-1 flex flex-col\">\n\t\t\t\t\t\t\t\t\t\t<div class=\"card__media\">\n\t\t\t\t\t\t\t\t\t\t\t<img loading=\"lazy\" decoding=\"async\" width=\"440\" height=\"650\" src=\"https:\/\/cryomed.pro\/wp-content\/uploads\/2021\/04\/cryofan.png\" class=\"attachment-full size-full\" alt=\"\" srcset=\"https:\/\/cryomed.pro\/wp-content\/uploads\/2021\/04\/cryofan.png 440w, https:\/\/cryomed.pro\/wp-content\/uploads\/2021\/04\/cryofan-203x300.png 203w\" sizes=\"auto, (max-width: 440px) 100vw, 440px\" \/>\t\t\t\t\t\t\t\t\t\t<\/div>\n\n\t\t\t\t\t\t\t\t\t\t<div class=\"card__body\">\n\t\t\t\t\t\t\t\t\t\t\t<div class=\"card__title text-navy font-light\">Cryoth\u00e9rapie Localis\u00e9e<\/div>\n\t\t\t\t\t\t\t\t\t\t\t<a href=\"https:\/\/cryomed.pro\/equipment\/cryofans\/\" class=\"btn btn--blue mt-auto link-stretched\">En savoir plus<\/a>\n\t\t\t\t\t\t\t\t\t\t<\/div>\n\t\t\t\t\t\t\t\t\t<\/article>\n\t\t\t\t\t\t\t\t<\/div>\n\n\t\t\t\t\t\t\t\n\t\t\t\t\t\t\t\t<div class=\"scrolling-v2__item flex flex-col\">\n\t\t\t\t\t\t\t\t\t<article class=\"card relative text-center flex-1 flex flex-col\">\n\t\t\t\t\t\t\t\t\t\t<div class=\"card__media\">\n\t\t\t\t\t\t\t\t\t\t\t<img loading=\"lazy\" decoding=\"async\" width=\"620\" height=\"650\" src=\"https:\/\/cryomed.pro\/wp-content\/uploads\/2021\/09\/mobile.png\" class=\"attachment-full size-full\" alt=\"\" srcset=\"https:\/\/cryomed.pro\/wp-content\/uploads\/2021\/09\/mobile.png 620w, https:\/\/cryomed.pro\/wp-content\/uploads\/2021\/09\/mobile-286x300.png 286w\" sizes=\"auto, (max-width: 620px) 100vw, 620px\" \/>\t\t\t\t\t\t\t\t\t\t<\/div>\n\n\t\t\t\t\t\t\t\t\t\t<div class=\"card__body\">\n\t\t\t\t\t\t\t\t\t\t\t<div class=\"card__title text-navy font-light\">Unit\u00e9 Mobile de Cryotherapie<\/div>\n\t\t\t\t\t\t\t\t\t\t\t<a href=\"https:\/\/cryomed.pro\/equipment\/mobile\/\" class=\"btn btn--blue mt-auto link-stretched\">En savoir plus<\/a>\n\t\t\t\t\t\t\t\t\t\t<\/div>\n\t\t\t\t\t\t\t\t\t<\/article>\n\t\t\t\t\t\t\t\t<\/div>\n\n\t\t\t\t\t\t\t\t\t\t            <\/div>\n\t\t\t        \n\t\t        <\/div>\n\t\t    <\/div>\n            <div role=\"tabpanel\" class=\"tablist__tabs-item\"\n            x-show=\"isActive(2)\"\n            x-transition:enter=\"transition duration-500 ease-in-out\"\n            x-transition:enter-start=\"opacity-50\"\n            x-transition:enter-end=\"opacity-100\"\n            >\n\n            <div class=\"container\">\n\n                \n                <\/div>\n            <\/div>\n            <div role=\"tabpanel\" class=\"tablist__tabs-item\"\n            x-show=\"isActive(3)\"\n            x-transition:enter=\"transition duration-500 ease-in-out\"\n            x-transition:enter-start=\"opacity-50\"\n            x-transition:enter-end=\"opacity-100\"\n            >\n\n            <div class=\"container\">\n\n                <div class=\"scrolling-v2\">\n                    <div class=\"scrolling-v2__item flex flex-col\">\n                        <article class=\"card relative text-center flex-1 flex flex-col\">\n                            <div class=\"card__media\">\n                                <img loading=\"lazy\" decoding=\"async\" width=\"340\" height=\"340\" src=\"https:\/\/cryomed.pro\/wp-content\/uploads\/2023\/11\/y56yr-340x340.jpg\" class=\"attachment-340x340 size-340x340 wp-post-image\" alt=\"\" srcset=\"https:\/\/cryomed.pro\/wp-content\/uploads\/2023\/11\/y56yr-340x340.jpg 340w, https:\/\/cryomed.pro\/wp-content\/uploads\/2023\/11\/y56yr-150x150.jpg 150w, https:\/\/cryomed.pro\/wp-content\/uploads\/2023\/11\/y56yr-100x100.jpg 100w, https:\/\/cryomed.pro\/wp-content\/uploads\/2023\/11\/y56yr-160x160.jpg 160w\" sizes=\"auto, (max-width: 340px) 100vw, 340px\" \/>                            <\/div>\n\n                            <div class=\"card__body\">\n                                <div class=\"card__title text-navy font-light\">2020 C-4 zweistufige Kammer Cryobuilt, USA gebrauchtes Kryotherapieger\u00e4t<\/div>\n                                <a href=\"https:\/\/cryomed.pro\/fr\/equipment\/kryosaunen\/2020-c-4-zweistufige-kammer-cryobuilt-usa-gebrauchtes-kryotherapiegeraet\/\" class=\"btn btn--blue mt-auto link-stretched\">En savoir plus<\/a>\n                            <\/div>\n                        <\/article>\n                    <\/div>\n\n\n                    \n                    <div class=\"scrolling-v2__item flex flex-col\">\n                        <article class=\"card relative text-center flex-1 flex flex-col\">\n                            <div class=\"card__media\">\n                                <img loading=\"lazy\" decoding=\"async\" width=\"340\" height=\"340\" src=\"https:\/\/cryomed.pro\/wp-content\/uploads\/2023\/11\/ergyy-340x340.jpg\" class=\"attachment-340x340 size-340x340 wp-post-image\" alt=\"\" srcset=\"https:\/\/cryomed.pro\/wp-content\/uploads\/2023\/11\/ergyy-340x340.jpg 340w, https:\/\/cryomed.pro\/wp-content\/uploads\/2023\/11\/ergyy-150x150.jpg 150w, https:\/\/cryomed.pro\/wp-content\/uploads\/2023\/11\/ergyy-100x100.jpg 100w, https:\/\/cryomed.pro\/wp-content\/uploads\/2023\/11\/ergyy-160x160.jpg 160w\" sizes=\"auto, (max-width: 340px) 100vw, 340px\" \/>                            <\/div>\n\n                            <div class=\"card__body\">\n                                <div class=\"card__title text-navy font-light\">2020 Cryomed Basic, gebrauchtes Kryotherapieger\u00e4t<\/div>\n                                <a href=\"https:\/\/cryomed.pro\/fr\/equipment\/kryosaunen\/2020-cryomed-basic-gebrauchtes-kryotherapiegeraet\/\" class=\"btn btn--blue mt-auto link-stretched\">En savoir plus<\/a>\n                            <\/div>\n                        <\/article>\n                    <\/div>\n\n\n                    \n                    <div class=\"scrolling-v2__item flex flex-col\">\n                        <article class=\"card relative text-center flex-1 flex flex-col\">\n                            <div class=\"card__media\">\n                                <img loading=\"lazy\" decoding=\"async\" width=\"240\" height=\"320\" src=\"https:\/\/cryomed.pro\/wp-content\/uploads\/2023\/11\/image0-rotated.jpeg\" class=\"attachment-340x340 size-340x340 wp-post-image\" alt=\"\" srcset=\"https:\/\/cryomed.pro\/wp-content\/uploads\/2023\/11\/image0-rotated.jpeg 240w, https:\/\/cryomed.pro\/wp-content\/uploads\/2023\/11\/image0-225x300.jpeg 225w\" sizes=\"auto, (max-width: 240px) 100vw, 240px\" \/>                            <\/div>\n\n                            <div class=\"card__body\">\n                                <div class=\"card__title text-navy font-light\">2021 Impact Cryo, USA gebrauchtes Kryotherapieger\u00e4t<\/div>\n                                <a href=\"https:\/\/cryomed.pro\/fr\/equipment\/kryosaunen\/2021-impact-cryo-usa-gebrauchtes-kryotherapiegeraet\/\" class=\"btn btn--blue mt-auto link-stretched\">En savoir plus<\/a>\n                            <\/div>\n                        <\/article>\n                    <\/div>\n\n\n                    <\/div>\n                <\/div>\n            <\/div>\n        <\/div>\n    <\/div>\n<\/section>\n\n\n\n\n<p><\/p>\n","protected":false},"excerpt":{"rendered":"<p>La cryoth\u00e9rapie \u00e9quine localis\u00e9e<\/p>\n","protected":false},"featured_media":34490,"parent":0,"menu_order":0,"template":"templates\/full-width.php","product_cat":[392],"class_list":["hentry","has-post-thumbnail"],"meta_box":[],"_links":{"self":[{"href":"https:\/\/cryomed.pro\/fr\/wp-json\/wp\/v2\/product\/43881","targetHints":{"allow":["GET"]}}],"collection":[{"href":"https:\/\/cryomed.pro\/fr\/wp-json\/wp\/v2\/product"}],"about":[{"href":"https:\/\/cryomed.pro\/fr\/wp-json\/wp\/v2\/types\/product"}],"wp:featuredmedia":[{"embeddable":true,"href":"https:\/\/cryomed.pro\/fr\/wp-json\/wp\/v2\/media\/34490"}],"wp:attachment":[{"href":"https:\/\/cryomed.pro\/fr\/wp-json\/wp\/v2\/media?parent=43881"}],"wp:term":[{"taxonomy":"product_cat","embeddable":true,"href":"https:\/\/cryomed.pro\/fr\/wp-json\/wp\/v2\/product_cat?post=43881"}],"curies":[{"name":"wp","href":"https:\/\/api.w.org\/{rel}","templated":true}]}}